 {"id":9955,"date":"2020-10-13T00:17:16","date_gmt":"2020-10-12T22:17:16","guid":{"rendered":"http:\/\/gap47.astrosurf.com\/?page_id=9955"},"modified":"2020-10-13T01:08:22","modified_gmt":"2020-10-12T23:08:22","slug":"une-etoile-devoree-par-un-trou-noir","status":"publish","type":"page","link":"https:\/\/gap47.astrosurf.com\/index.php\/une-etoile-devoree-par-un-trou-noir\/","title":{"rendered":"Une \u00e9toile d\u00e9vor\u00e9e par un trou noir"},"content":{"rendered":"<p><span style=\"font-size: 20px; font-family: 'times new roman', times, serif;\">Un document de l&rsquo;ESO (Observatoire Europ\u00e9en Austral) &#8211; 12 octobre 2020<\/span><\/p>\n<p style=\"text-align: center;\"><span style=\"font-size: 24px;\"><strong><span style=\"font-family: arial, helvetica, sans-serif;\">Mort par \u00ab\u00a0spaghettisation\u00a0\u00bb : Les t\u00e9lescopes de l&rsquo;ESO enregistrent les derniers instants d&rsquo;une \u00e9toile d\u00e9vor\u00e9e par un trou noir.<\/span><\/strong><\/span><\/p>\n<p><a href=\"http:\/\/gap47.astrosurf.com\/wp-content\/uploads\/2020\/10\/eso2018a-1.jpg\"><img loading=\"lazy\" decoding=\"async\" class=\"aligncenter wp-image-9965 size-full\" src=\"http:\/\/gap47.astrosurf.com\/wp-content\/uploads\/2020\/10\/eso2018a-1.jpg\" alt=\"\" width=\"4800\" height=\"2910\" srcset=\"https:\/\/gap47.astrosurf.com\/wp-content\/uploads\/2020\/10\/eso2018a-1.jpg 4800w, https:\/\/gap47.astrosurf.com\/wp-content\/uploads\/2020\/10\/eso2018a-1-300x182.jpg 300w, https:\/\/gap47.astrosurf.com\/wp-content\/uploads\/2020\/10\/eso2018a-1-768x466.jpg 768w, https:\/\/gap47.astrosurf.com\/wp-content\/uploads\/2020\/10\/eso2018a-1-1979x1200.jpg 1979w\" sizes=\"auto, (max-width: 767px) 89vw, (max-width: 1000px) 54vw, (max-width: 1071px) 543px, 580px\" \/><\/a><\/p>\n<p style=\"text-align: center;\"><em><span style=\"font-family: 'times new roman', times, serif; font-size: 20px;\">Cette vue d&rsquo;artiste montre une \u00e9toile en train de se spaghettiser alors qu&rsquo;elle est aspir\u00e9e par un trou noir supermassif lors d&rsquo;un \u00ab\u00a0\u00e9v\u00e9nement de rupture par effet de mar\u00e9e\u00a0\u00bb. Dans une nouvelle \u00e9tude, r\u00e9alis\u00e9e avec l&rsquo;aide du <strong>Very Large Telescope<\/strong> de l&rsquo;ESO et du New Technology Telescope de l&rsquo;ESO, une \u00e9quipe d&rsquo;astronomes a d\u00e9couvert que lorsqu&rsquo;un trou noir d\u00e9vore une \u00e9toile, il peut \u00e9jecter un puissant jet de mati\u00e8re vers l&rsquo;ext\u00e9rieur.<\/span><\/em><\/p>\n<p><span style=\"font-family: 'times new roman', times, serif; font-size: 20px;\">En utilisant les t\u00e9lescopes de l&rsquo;Observatoire Europ\u00e9en Austral (ESO) et d&rsquo;autres organisations dans le monde, les astronomes ont rep\u00e9r\u00e9 un rare jet de lumi\u00e8re provenant d&rsquo;une \u00e9toile d\u00e9chir\u00e9e par un trou noir supermassif. Ce ph\u00e9nom\u00e8ne, connu sous le nom de perturbation par effet de mar\u00e9e, est l&rsquo;\u00e9ruption la plus proche de ce type enregistr\u00e9e \u00e0 ce jour \u00e0 un peu plus de 215 millions d&rsquo;ann\u00e9es-lumi\u00e8re de la Terre, et a \u00e9t\u00e9 \u00e9tudi\u00e9 avec un niveau de d\u00e9tail sans pr\u00e9c\u00e9dent. Ces recherches sont publi\u00e9es aujourd&rsquo;hui dans les Monthly Notices of the Royal Astronomical Society.<\/span><\/p>\n<p><span style=\"font-family: 'times new roman', times, serif; font-size: 20px;\">&nbsp;\u00ab&nbsp;<em>L&rsquo;id\u00e9e d&rsquo;un trou noir \u00ab\u00a0aspirant\u00a0\u00bb une \u00e9toile proche ressemble \u00e0 de la science-fiction. Mais c&rsquo;est exactement ce qui se produit lors d&rsquo;un \u00e9v\u00e9nement de rupture par effet de mar\u00e9e<\/em>&nbsp;\u00bb, d\u00e9clare Matt Nicholl, ma\u00eetre de conf\u00e9rences et chercheur de la Royal Astronomical Society \u00e0 l&rsquo;Universit\u00e9 de Birmingham, au Royaume-Uni, et auteur principal de cette nouvelle \u00e9tude. Mais ces \u00e9v\u00e9nements de rupture par effet de mar\u00e9e, o\u00f9 une \u00e9toile subit ce que l&rsquo;on appelle la \u00ab&nbsp;spaghettification&nbsp;\u00bb lorsqu&rsquo;elle est aspir\u00e9e par un trou noir, sont rares et pas toujours faciles \u00e0 \u00e9tudier. L&rsquo;\u00e9quipe de chercheurs a point\u00e9 le Very Large Telescope (VLT) de l&rsquo;ESO et le New Technology Telescope (NTT) de l&rsquo;ESO sur un nouveau flash de lumi\u00e8re qui s&rsquo;est produit l&rsquo;ann\u00e9e derni\u00e8re pr\u00e8s d&rsquo;un trou noir supermassif, pour \u00e9tudier en d\u00e9tail ce qui se passe lorsqu&rsquo;une \u00e9toile est d\u00e9vor\u00e9e par un tel monstre.<\/span><\/p>\n<p><span style=\"font-family: 'times new roman', times, serif; font-size: 20px;\">Les astronomes savent ce qui devrait se passer en th\u00e9orie. \u00ab&nbsp;<em>Lorsqu&rsquo;une \u00e9toile malchanceuse s&rsquo;approche trop pr\u00e8s d&rsquo;un trou noir supermassif au centre d&rsquo;une galaxie, l&rsquo;attraction gravitationnelle extr\u00eame du trou noir d\u00e9chiquette l&rsquo;\u00e9toile en minces flots de mati\u00e8re&nbsp;\u00bb<\/em>, explique un autre auteur de l\u2019\u00e9tude Thomas Wevers, un boursier de l&rsquo;ESO \u00e0 Santiago du Chili, qui se trouvait \u00e0 l&rsquo;Institut d&rsquo;astronomie de l&rsquo;Universit\u00e9 de Cambridge, au Royaume-Uni, lorsqu&rsquo;il a men\u00e9 les travaux. Lorsque de minces brins de mati\u00e8re stellaire tombent dans le trou noir au cours de ce processus de spaghettisation, une \u00e9ruption brillante d&rsquo;\u00e9nergie est lib\u00e9r\u00e9e, et les astronomes peuvent la d\u00e9tecter.<\/span><\/p>\n<p><span style=\"font-family: 'times new roman', times, serif; font-size: 20px;\">Bien que puissante et brillante, les astronomes ont eu jusqu&rsquo;\u00e0 pr\u00e9sent du mal \u00e0 \u00e9tudier cet \u00e9clat de lumi\u00e8re, qui est souvent obscurci par un rideau de poussi\u00e8re et de d\u00e9bris. Les astronomes viennent tout juste de pouvoir faire la lumi\u00e8re sur l&rsquo;origine de ce rideau.<\/span><\/p>\n<p><span style=\"font-family: 'times new roman', times, serif; font-size: 20px;\">\u00ab&nbsp;<em>Nous avons d\u00e9couvert que, lorsqu&rsquo;un trou noir d\u00e9vore une \u00e9toile, il peut \u00e9jecter vers l&rsquo;ext\u00e9rieur une puissante gerbe de mati\u00e8re qui obstrue notre vue<\/em>&nbsp;\u00bb, explique Samantha Oates, \u00e9galement de l&rsquo;universit\u00e9 de Birmingham. Cela se produit parce que l&rsquo;\u00e9nergie lib\u00e9r\u00e9e lorsque le trou noir d\u00e9vore la mati\u00e8re stellaire propulse les d\u00e9bris de l&rsquo;\u00e9toile vers l&rsquo;ext\u00e9rieur.<\/span><\/p>\n<p><span style=\"font-family: 'times new roman', times, serif; font-size: 20px;\">La d\u00e9couverte a \u00e9t\u00e9 possible parce que l&rsquo;\u00e9v\u00e9nement de rupture par effet de mar\u00e9e \u00e9tudi\u00e9 par l&rsquo;\u00e9quipe, AT2019qiz, a \u00e9t\u00e9 d\u00e9couvert peu de temps apr\u00e8s que l&rsquo;\u00e9toile ait \u00e9t\u00e9 mise en pi\u00e8ces.&nbsp;\u00ab&nbsp;<em>C\u2019est parce que nous l&rsquo;avons d\u00e9tect\u00e9 t\u00f4t, que nous avons pu voir le rideau de poussi\u00e8re et de d\u00e9bris se lever lorsque le trou noir a \u00e9ject\u00e9 cette puissante gerbe de mati\u00e8re \u00e0 des vitesses pouvant atteindre 10 000 km\/s&nbsp;<\/em>\u00bb, explique Kate Alexander, boursi\u00e8re Einstein de la NASA \u00e0 l&rsquo;universit\u00e9 Northwestern aux \u00c9tats-Unis. <em>\u00ab&nbsp;Cet exceptionnel \u00ab&nbsp;coup d&rsquo;\u0153il derri\u00e8re le rideau&nbsp;\u00bb nous a fourni la premi\u00e8re occasion de d\u00e9terminer l&rsquo;origine la mati\u00e8re obscurcissante et de suivre en temps r\u00e9el comment elle enveloppe le trou noir<\/em>&nbsp;\u00bb.<\/span><\/p>\n<p><span style=\"font-family: 'times new roman', times, serif; font-size: 20px;\">L&rsquo;\u00e9quipe a effectu\u00e9 des observations d&rsquo;AT2019qiz, situ\u00e9e dans une galaxie spirale de la constellation d&rsquo;Eridan, sur une p\u00e9riode de 6 mois, alors que sa luminosit\u00e9 augmentait puis s&rsquo;\u00e9teignait. \u00ab&nbsp;<em>Plusieurs programmes de sondage du ciel ont d\u00e9tect\u00e9 l&rsquo;\u00e9mission provoqu\u00e9 par ce nouveau ph\u00e9nom\u00e8ne de perturbation par effet de mar\u00e9e tr\u00e8s rapidement apr\u00e8s que l&rsquo;\u00e9toile ait \u00e9t\u00e9 d\u00e9chir\u00e9e&nbsp;<\/em>\u00bb, explique Thomas Wevers. \u00ab&nbsp;<em>Nous avons imm\u00e9diatement point\u00e9 une s\u00e9rie de t\u00e9lescopes terrestres et spatiaux dans cette direction pour voir comment la lumi\u00e8re \u00e9tait produite<\/em>&nbsp;\u00bb.<\/span><\/p>\n<div style=\"width: 525px;\" class=\"wp-video\"><video class=\"wp-video-shortcode\" id=\"video-9955-1\" width=\"525\" height=\"295\" preload=\"metadata\" controls=\"controls\"><source type=\"video\/mp4\" src=\"http:\/\/gap47.astrosurf.com\/wp-content\/uploads\/2020\/10\/Death-by-spaghettification_-artistic-animation-of-star-being-sucked-in-by-a-black-hole.mp4?_=1\" \/><a href=\"http:\/\/gap47.astrosurf.com\/wp-content\/uploads\/2020\/10\/Death-by-spaghettification_-artistic-animation-of-star-being-sucked-in-by-a-black-hole.mp4\">http:\/\/gap47.astrosurf.com\/wp-content\/uploads\/2020\/10\/Death-by-spaghettification_-artistic-animation-of-star-being-sucked-in-by-a-black-hole.mp4<\/a><\/video><\/div>\n<p style=\"text-align: center;\"><em><span style=\"font-family: 'times new roman', times, serif; font-size: 20px;\">\u00c9preuve d&rsquo;artiste montrant la capture de l&rsquo;\u00e9toile par le trou noir<\/span><\/em><\/p>\n<p><span style=\"font-family: 'times new roman', times, serif; font-size: 20px;\">De multiples observations de l&rsquo;\u00e9v\u00e9nement ont \u00e9t\u00e9 faites au cours des mois suivants avec des instruments parmi lesquels X-shooter et EFOSC2, de puissants instruments du VLT et du NTT de l&rsquo;ESO, qui sont situ\u00e9s au Chili. Ces observations rapides et approfondies dans l&rsquo;ultraviolet, l&rsquo;optique, les rayons X et la lumi\u00e8re radio ont r\u00e9v\u00e9l\u00e9, pour la premi\u00e8re fois, un lien direct entre la mati\u00e8re s&rsquo;\u00e9coulant de l&rsquo;\u00e9toile et la brillante \u00e9ruption \u00e9mise lorsqu&rsquo;elle est d\u00e9vor\u00e9e par le trou noir. \u00ab&nbsp;<em>Les observations ont montr\u00e9 que l&rsquo;\u00e9toile avait \u00e0 peu pr\u00e8s la m\u00eame masse que notre propre Soleil, et qu&rsquo;elle en a perdu environ la moiti\u00e9 au profit du monstre qu&rsquo;est le trou noir, qui est plus d&rsquo;un million de fois plus massif<\/em>&nbsp;\u00bb, explique Matt Nicholl, \u00e9galement chercheur invit\u00e9 \u00e0 l&rsquo;universit\u00e9 d&rsquo;\u00c9dimbourg.<\/span><\/p>\n<p><span style=\"font-family: 'times new roman', times, serif; font-size: 20px;\">Cette recherche nous aide \u00e0 mieux comprendre les trous noirs supermassifs et comment la mati\u00e8re se comporte dans les environnements de gravit\u00e9 extr\u00eame qui les entourent. Selon l&rsquo;\u00e9quipe, AT2019qiz pourrait m\u00eame servir de \u00ab&nbsp;pierre de Rosette&nbsp;\u00bb pour interpr\u00e9ter les observations futures des \u00e9v\u00e9nements de perturbation par effet de mar\u00e9es. L&rsquo;ELT (Extremely Large Telescope) de l&rsquo;ESO, dont l&rsquo;entr\u00e9e en service est pr\u00e9vue pour cette d\u00e9cennie, permettra aux chercheurs de d\u00e9tecter des \u00e9v\u00e9nements de perturbation par effet de mar\u00e9es de plus en plus faibles et \u00e9voluant plus rapidement, afin de r\u00e9soudre d&rsquo;autres myst\u00e8res de la physique des trous noirs.<\/span><\/p>\n<p style=\"text-align: center;\"><a href=\"http:\/\/gap47.astrosurf.com\/wp-content\/uploads\/2020\/10\/Eridanh.jpg\"><span style=\"background-color: #ffffff;\"><img loading=\"lazy\" decoding=\"async\" class=\"aligncenter wp-image-9961 size-full\" src=\"http:\/\/gap47.astrosurf.com\/wp-content\/uploads\/2020\/10\/Eridanh.jpg\" alt=\"\" width=\"2500\" height=\"2674\" srcset=\"https:\/\/gap47.astrosurf.com\/wp-content\/uploads\/2020\/10\/Eridanh.jpg 2500w, https:\/\/gap47.astrosurf.com\/wp-content\/uploads\/2020\/10\/Eridanh-280x300.jpg 280w, https:\/\/gap47.astrosurf.com\/wp-content\/uploads\/2020\/10\/Eridanh-768x821.jpg 768w, https:\/\/gap47.astrosurf.com\/wp-content\/uploads\/2020\/10\/Eridanh-1122x1200.jpg 1122w\" sizes=\"auto, (max-width: 767px) 89vw, (max-width: 1000px) 54vw, (max-width: 1071px) 543px, 580px\" \/><\/span><\/a><em><span style=\"background-color: #ffffff; font-family: 'times new roman', times, serif; font-size: 20px;\">Constellation de l&rsquo;\u00c9ridan : <span style=\"background-color: #ffffff;\">AT2019qiz se trouve dans le cercle rouge, assez pr\u00e8s de l&rsquo;\u00e9toile Rigel (dans Orion).<\/span><\/span><\/em><\/p>\n<hr>\n<p>&nbsp;<\/p>\n","protected":false},"excerpt":{"rendered":"<p>Un document de l&rsquo;ESO (Observatoire Europ\u00e9en Austral) &#8211; 12 octobre 2020 Mort par \u00ab\u00a0spaghettisation\u00a0\u00bb : Les t\u00e9lescopes de l&rsquo;ESO enregistrent les derniers instants d&rsquo;une \u00e9toile d\u00e9vor\u00e9e par un trou noir. Cette vue d&rsquo;artiste montre une \u00e9toile en train de se spaghettiser alors qu&rsquo;elle est aspir\u00e9e par un trou noir supermassif lors d&rsquo;un \u00ab\u00a0\u00e9v\u00e9nement de rupture &hellip; <\/p>\n<p class=\"link-more\"><a href=\"https:\/\/gap47.astrosurf.com\/index.php\/une-etoile-devoree-par-un-trou-noir\/\" class=\"more-link\">Continuer la lecture<span class=\"screen-reader-text\"> de &laquo;&nbsp;Une \u00e9toile d\u00e9vor\u00e9e par un trou noir&nbsp;&raquo;<\/span><\/a><\/p>\n","protected":false},"author":5,"featured_media":0,"parent":0,"menu_order":0,"comment_status":"closed","ping_status":"closed","template":"","meta":{"_exactmetrics_skip_tracking":false,"_exactmetrics_sitenote_active":false,"_exactmetrics_sitenote_note":"","_exactmetrics_sitenote_category":0,"ngg_post_thumbnail":0,"footnotes":""},"class_list":["post-9955","page","type-page","status-publish","hentry"],"yoast_head":"<!-- This site is optimized with the Yoast SEO plugin v24.8.1 - https:\/\/yoast.com\/wordpress\/plugins\/seo\/ -->\n<title>Une \u00e9toile d\u00e9vor\u00e9e par un trou noir - L&#039;observatoire est ouvert aux visiteurs tous les vendredis soirs \u00e0 21 heures, jusqu&#039;au 3 juillet 2026 inclus, sans r\u00e9servation.<\/title>\n<meta name=\"robots\" content=\"index, follow, max-snippet:-1, max-image-preview:large, max-video-preview:-1\" \/>\n<link rel=\"canonical\" href=\"https:\/\/gap47.astrosurf.com\/index.php\/une-etoile-devoree-par-un-trou-noir\/\" \/>\n<meta property=\"og:locale\" content=\"fr_FR\" \/>\n<meta property=\"og:type\" content=\"article\" \/>\n<meta property=\"og:title\" content=\"Une \u00e9toile d\u00e9vor\u00e9e par un trou noir - L&#039;observatoire est ouvert aux visiteurs tous les vendredis soirs \u00e0 21 heures, jusqu&#039;au 3 juillet 2026 inclus, sans r\u00e9servation.\" \/>\n<meta property=\"og:description\" content=\"Un document de l&rsquo;ESO (Observatoire Europ\u00e9en Austral) &#8211; 12 octobre 2020 Mort par \u00ab\u00a0spaghettisation\u00a0\u00bb : Les t\u00e9lescopes de l&rsquo;ESO enregistrent les derniers instants d&rsquo;une \u00e9toile d\u00e9vor\u00e9e par un trou noir. Cette vue d&rsquo;artiste montre une \u00e9toile en train de se spaghettiser alors qu&rsquo;elle est aspir\u00e9e par un trou noir supermassif lors d&rsquo;un \u00ab\u00a0\u00e9v\u00e9nement de rupture &hellip; Continuer la lecture de &laquo;&nbsp;Une \u00e9toile d\u00e9vor\u00e9e par un trou noir&nbsp;&raquo;\" \/>\n<meta property=\"og:url\" content=\"https:\/\/gap47.astrosurf.com\/index.php\/une-etoile-devoree-par-un-trou-noir\/\" \/>\n<meta property=\"og:site_name\" content=\"L&#039;observatoire est ouvert aux visiteurs tous les vendredis soirs \u00e0 21 heures, jusqu&#039;au 3 juillet 2026 inclus, sans r\u00e9servation.\" \/>\n<meta property=\"article:publisher\" content=\"https:\/\/www.facebook.com\/astrogap47\/\" \/>\n<meta property=\"article:modified_time\" content=\"2020-10-12T23:08:22+00:00\" \/>\n<meta property=\"og:image\" content=\"http:\/\/gap47.astrosurf.com\/wp-content\/uploads\/2020\/10\/eso2018a-1.jpg\" \/>\n<meta name=\"twitter:card\" content=\"summary_large_image\" \/>\n<meta name=\"twitter:label1\" content=\"Dur\u00e9e de lecture estim\u00e9e\" \/>\n\t<meta name=\"twitter:data1\" content=\"6 minutes\" \/>\n<script type=\"application\/ld+json\" class=\"yoast-schema-graph\">{\"@context\":\"https:\/\/schema.org\",\"@graph\":[{\"@type\":\"WebPage\",\"@id\":\"https:\/\/gap47.astrosurf.com\/index.php\/une-etoile-devoree-par-un-trou-noir\/\",\"url\":\"https:\/\/gap47.astrosurf.com\/index.php\/une-etoile-devoree-par-un-trou-noir\/\",\"name\":\"Une \u00e9toile d\u00e9vor\u00e9e par un trou noir - L&#039;observatoire est ouvert aux visiteurs tous les vendredis soirs \u00e0 21 heures, jusqu&#039;au 3 juillet 2026 inclus, sans r\u00e9servation.\",\"isPartOf\":{\"@id\":\"https:\/\/gap47.astrosurf.com\/#website\"},\"primaryImageOfPage\":{\"@id\":\"https:\/\/gap47.astrosurf.com\/index.php\/une-etoile-devoree-par-un-trou-noir\/#primaryimage\"},\"image\":{\"@id\":\"https:\/\/gap47.astrosurf.com\/index.php\/une-etoile-devoree-par-un-trou-noir\/#primaryimage\"},\"thumbnailUrl\":\"http:\/\/gap47.astrosurf.com\/wp-content\/uploads\/2020\/10\/eso2018a-1.jpg\",\"datePublished\":\"2020-10-12T22:17:16+00:00\",\"dateModified\":\"2020-10-12T23:08:22+00:00\",\"breadcrumb\":{\"@id\":\"https:\/\/gap47.astrosurf.com\/index.php\/une-etoile-devoree-par-un-trou-noir\/#breadcrumb\"},\"inLanguage\":\"fr-FR\",\"potentialAction\":[{\"@type\":\"ReadAction\",\"target\":[\"https:\/\/gap47.astrosurf.com\/index.php\/une-etoile-devoree-par-un-trou-noir\/\"]}]},{\"@type\":\"ImageObject\",\"inLanguage\":\"fr-FR\",\"@id\":\"https:\/\/gap47.astrosurf.com\/index.php\/une-etoile-devoree-par-un-trou-noir\/#primaryimage\",\"url\":\"http:\/\/gap47.astrosurf.com\/wp-content\/uploads\/2020\/10\/eso2018a-1.jpg\",\"contentUrl\":\"http:\/\/gap47.astrosurf.com\/wp-content\/uploads\/2020\/10\/eso2018a-1.jpg\"},{\"@type\":\"BreadcrumbList\",\"@id\":\"https:\/\/gap47.astrosurf.com\/index.php\/une-etoile-devoree-par-un-trou-noir\/#breadcrumb\",\"itemListElement\":[{\"@type\":\"ListItem\",\"position\":1,\"name\":\"Accueil\",\"item\":\"https:\/\/gap47.astrosurf.com\/\"},{\"@type\":\"ListItem\",\"position\":2,\"name\":\"Une \u00e9toile d\u00e9vor\u00e9e par un trou noir\"}]},{\"@type\":\"WebSite\",\"@id\":\"https:\/\/gap47.astrosurf.com\/#website\",\"url\":\"https:\/\/gap47.astrosurf.com\/\",\"name\":\"De janvier \u00e0 fin juin 2024, le GAP47 sera ouvert aux visiteurs tous les vendredis \u00e0 21h sans r\u00e9servation, \u00e0 l'exception du vendredi 26 janvier o\u00f9 l'observatoire sera ferm\u00e9 au public.\",\"description\":\"Groupe d&#039;Astronomie Populaire du Lot-et-Garonne, \u00e0 Montayral\",\"potentialAction\":[{\"@type\":\"SearchAction\",\"target\":{\"@type\":\"EntryPoint\",\"urlTemplate\":\"https:\/\/gap47.astrosurf.com\/?s={search_term_string}\"},\"query-input\":{\"@type\":\"PropertyValueSpecification\",\"valueRequired\":true,\"valueName\":\"search_term_string\"}}],\"inLanguage\":\"fr-FR\"}]}<\/script>\n<!-- \/ Yoast SEO plugin. -->","yoast_head_json":{"title":"Une \u00e9toile d\u00e9vor\u00e9e par un trou noir - L&#039;observatoire est ouvert aux visiteurs tous les vendredis soirs \u00e0 21 heures, jusqu&#039;au 3 juillet 2026 inclus, sans r\u00e9servation.","robots":{"index":"index","follow":"follow","max-snippet":"max-snippet:-1","max-image-preview":"max-image-preview:large","max-video-preview":"max-video-preview:-1"},"canonical":"https:\/\/gap47.astrosurf.com\/index.php\/une-etoile-devoree-par-un-trou-noir\/","og_locale":"fr_FR","og_type":"article","og_title":"Une \u00e9toile d\u00e9vor\u00e9e par un trou noir - L&#039;observatoire est ouvert aux visiteurs tous les vendredis soirs \u00e0 21 heures, jusqu&#039;au 3 juillet 2026 inclus, sans r\u00e9servation.","og_description":"Un document de l&rsquo;ESO (Observatoire Europ\u00e9en Austral) &#8211; 12 octobre 2020 Mort par \u00ab\u00a0spaghettisation\u00a0\u00bb : Les t\u00e9lescopes de l&rsquo;ESO enregistrent les derniers instants d&rsquo;une \u00e9toile d\u00e9vor\u00e9e par un trou noir. Cette vue d&rsquo;artiste montre une \u00e9toile en train de se spaghettiser alors qu&rsquo;elle est aspir\u00e9e par un trou noir supermassif lors d&rsquo;un \u00ab\u00a0\u00e9v\u00e9nement de rupture &hellip; Continuer la lecture de &laquo;&nbsp;Une \u00e9toile d\u00e9vor\u00e9e par un trou noir&nbsp;&raquo;","og_url":"https:\/\/gap47.astrosurf.com\/index.php\/une-etoile-devoree-par-un-trou-noir\/","og_site_name":"L&#039;observatoire est ouvert aux visiteurs tous les vendredis soirs \u00e0 21 heures, jusqu&#039;au 3 juillet 2026 inclus, sans r\u00e9servation.","article_publisher":"https:\/\/www.facebook.com\/astrogap47\/","article_modified_time":"2020-10-12T23:08:22+00:00","og_image":[{"url":"http:\/\/gap47.astrosurf.com\/wp-content\/uploads\/2020\/10\/eso2018a-1.jpg","type":"","width":"","height":""}],"twitter_card":"summary_large_image","twitter_misc":{"Dur\u00e9e de lecture estim\u00e9e":"6 minutes"},"schema":{"@context":"https:\/\/schema.org","@graph":[{"@type":"WebPage","@id":"https:\/\/gap47.astrosurf.com\/index.php\/une-etoile-devoree-par-un-trou-noir\/","url":"https:\/\/gap47.astrosurf.com\/index.php\/une-etoile-devoree-par-un-trou-noir\/","name":"Une \u00e9toile d\u00e9vor\u00e9e par un trou noir - L&#039;observatoire est ouvert aux visiteurs tous les vendredis soirs \u00e0 21 heures, jusqu&#039;au 3 juillet 2026 inclus, sans r\u00e9servation.","isPartOf":{"@id":"https:\/\/gap47.astrosurf.com\/#website"},"primaryImageOfPage":{"@id":"https:\/\/gap47.astrosurf.com\/index.php\/une-etoile-devoree-par-un-trou-noir\/#primaryimage"},"image":{"@id":"https:\/\/gap47.astrosurf.com\/index.php\/une-etoile-devoree-par-un-trou-noir\/#primaryimage"},"thumbnailUrl":"http:\/\/gap47.astrosurf.com\/wp-content\/uploads\/2020\/10\/eso2018a-1.jpg","datePublished":"2020-10-12T22:17:16+00:00","dateModified":"2020-10-12T23:08:22+00:00","breadcrumb":{"@id":"https:\/\/gap47.astrosurf.com\/index.php\/une-etoile-devoree-par-un-trou-noir\/#breadcrumb"},"inLanguage":"fr-FR","potentialAction":[{"@type":"ReadAction","target":["https:\/\/gap47.astrosurf.com\/index.php\/une-etoile-devoree-par-un-trou-noir\/"]}]},{"@type":"ImageObject","inLanguage":"fr-FR","@id":"https:\/\/gap47.astrosurf.com\/index.php\/une-etoile-devoree-par-un-trou-noir\/#primaryimage","url":"http:\/\/gap47.astrosurf.com\/wp-content\/uploads\/2020\/10\/eso2018a-1.jpg","contentUrl":"http:\/\/gap47.astrosurf.com\/wp-content\/uploads\/2020\/10\/eso2018a-1.jpg"},{"@type":"BreadcrumbList","@id":"https:\/\/gap47.astrosurf.com\/index.php\/une-etoile-devoree-par-un-trou-noir\/#breadcrumb","itemListElement":[{"@type":"ListItem","position":1,"name":"Accueil","item":"https:\/\/gap47.astrosurf.com\/"},{"@type":"ListItem","position":2,"name":"Une \u00e9toile d\u00e9vor\u00e9e par un trou noir"}]},{"@type":"WebSite","@id":"https:\/\/gap47.astrosurf.com\/#website","url":"https:\/\/gap47.astrosurf.com\/","name":"De janvier \u00e0 fin juin 2024, le GAP47 sera ouvert aux visiteurs tous les vendredis \u00e0 21h sans r\u00e9servation, \u00e0 l'exception du vendredi 26 janvier o\u00f9 l'observatoire sera ferm\u00e9 au public.","description":"Groupe d&#039;Astronomie Populaire du Lot-et-Garonne, \u00e0 Montayral","potentialAction":[{"@type":"SearchAction","target":{"@type":"EntryPoint","urlTemplate":"https:\/\/gap47.astrosurf.com\/?s={search_term_string}"},"query-input":{"@type":"PropertyValueSpecification","valueRequired":true,"valueName":"search_term_string"}}],"inLanguage":"fr-FR"}]}},"_links":{"self":[{"href":"https:\/\/gap47.astrosurf.com\/index.php\/wp-json\/wp\/v2\/pages\/9955","targetHints":{"allow":["GET"]}}],"collection":[{"href":"https:\/\/gap47.astrosurf.com\/index.php\/wp-json\/wp\/v2\/pages"}],"about":[{"href":"https:\/\/gap47.astrosurf.com\/index.php\/wp-json\/wp\/v2\/types\/page"}],"author":[{"embeddable":true,"href":"https:\/\/gap47.astrosurf.com\/index.php\/wp-json\/wp\/v2\/users\/5"}],"replies":[{"embeddable":true,"href":"https:\/\/gap47.astrosurf.com\/index.php\/wp-json\/wp\/v2\/comments?post=9955"}],"version-history":[{"count":8,"href":"https:\/\/gap47.astrosurf.com\/index.php\/wp-json\/wp\/v2\/pages\/9955\/revisions"}],"predecessor-version":[{"id":9957,"href":"https:\/\/gap47.astrosurf.com\/index.php\/wp-json\/wp\/v2\/pages\/9955\/revisions\/9957"}],"wp:attachment":[{"href":"https:\/\/gap47.astrosurf.com\/index.php\/wp-json\/wp\/v2\/media?parent=9955"}],"curies":[{"name":"wp","href":"https:\/\/api.w.org\/{rel}","templated":true}]}}