 {"id":9928,"date":"2020-09-24T01:56:58","date_gmt":"2020-09-23T23:56:58","guid":{"rendered":"http:\/\/gap47.astrosurf.com\/?page_id=9928"},"modified":"2021-01-27T19:39:07","modified_gmt":"2021-01-27T17:39:07","slug":"transit-de-liss-devant-mars","status":"publish","type":"page","link":"https:\/\/gap47.astrosurf.com\/index.php\/transit-de-liss-devant-mars\/","title":{"rendered":"Transit de l&rsquo;ISS devant Mars"},"content":{"rendered":"<p style=\"text-align: center;\"><span style=\"font-size: 24px; color: #ff0000;\"><strong><span style=\"font-family: arial, helvetica, sans-serif;\">Le transit de la Station Spatiale Internationale devant la plan\u00e8te Mars<\/span><\/strong><\/span><\/p>\n<p><a href=\"http:\/\/gap47.astrosurf.com\/wp-content\/uploads\/2020\/09\/Mars-ISS.png\"><img loading=\"lazy\" decoding=\"async\" class=\"aligncenter wp-image-9931\" src=\"http:\/\/gap47.astrosurf.com\/wp-content\/uploads\/2020\/09\/Mars-ISS.png\" alt=\"\" width=\"1500\" height=\"1397\" srcset=\"https:\/\/gap47.astrosurf.com\/wp-content\/uploads\/2020\/09\/Mars-ISS.png 1060w, https:\/\/gap47.astrosurf.com\/wp-content\/uploads\/2020\/09\/Mars-ISS-300x279.png 300w, https:\/\/gap47.astrosurf.com\/wp-content\/uploads\/2020\/09\/Mars-ISS-768x715.png 768w\" sizes=\"auto, (max-width: 767px) 89vw, (max-width: 1000px) 54vw, (max-width: 1071px) 543px, 580px\" \/><\/a><\/p>\n<p><span style=\"font-family: 'times new roman', times, serif; font-size: 20px;\">Avez-vous d\u00e9j\u00e0 vu la Station Spatiale Internationale faire ceci ? Si vous savez quand et o\u00f9 chercher, regarder la brillante ISS d\u00e9river dans le ciel nocturne est un spectacle fascinant, mais pas tr\u00e8s habituel. Des images de l\u2019ISS passant devant le demi-degr\u00e9 d\u2019angle de la Lune ou du Soleil existent, mais sont assez rares, tant elles demandent de la pr\u00e9paration, de la pr\u00e9cision dans le temps et de la patience pour y arriver. Par contre, arriver \u00e0 faire cela devant la minuscule plan\u00e8te Mars se situe \u00e0 un autre niveau. En utilisant un logiciel en ligne (<a href=\"https:\/\/www.calsky.com\/cs.cgi?obs=416997651914783&amp;ISS=&amp;interval=14&amp;hidepasses=&amp;crossersonly=&amp;nodoubletransits=\">CalSky<\/a>), le photographe a appris que ce transit exceptionnel ne serait visible que momentan\u00e9ment, le long d\u2019une tr\u00e8s \u00e9troite bande de terre voisine couvrant juste 90 m\u00e8tres de large. Dans cette petite portion, la vitesse au sol \u00e9quivalente du passage de l\u2019ISS serait de 7,4 km par seconde (26.640 km\/h) ! Toutefois, avec une cam\u00e9ra standard, un petit t\u00e9lescope, un emplacement exact pour poser son \u00e9quipement, la direction exacte de pointage du t\u00e9lescope et un timing inf\u00e9rieur \u00e0 la milliseconde, il a cr\u00e9\u00e9 une vid\u00e9o de laquelle il a extrait la photo ci-dessus, d\u2019une pose de 0,00035 seconde. Dans l\u2019image r\u00e9sultante, on voit simultan\u00e9ment des d\u00e9tails de Mars et de l\u2019ISS. Cette photo a \u00e9t\u00e9 prise lundi 14 septembre 2020 \u00e0 05 heures 15 minutes et 47 secondes (heure locale) juste au nord-est de San Diego en Californie. Bien que g\u00e9n\u00e9ralement beaucoup plus petite que celle de l\u2019ISS, la taille angulaire de Mars approche de son maximum dans les toutes prochaines semaines, car notre plan\u00e8te bleue (la Terre) passe au point le plus proche de la plan\u00e8te rouge (Mars) dans leurs orbites respectives autour du Soleil.<\/span><\/p>\n<p style=\"text-align: right;\"><span style=\"font-family: arial, helvetica, sans-serif; font-size: 20px;\">Traduction : Olivier Sabbagh<\/span><br \/>\n<span style=\"font-family: arial, helvetica, sans-serif; font-size: 20px;\">\u00a9 NASA : APOD 2020 09 23&nbsp;<\/span><\/p>\n<p style=\"text-align: center;\"><span style=\"font-family: 'times new roman', times, serif; font-size: 20px;\"><em>La vid\u00e9o originale, en vitesse r\u00e9elle, puis ralentie, r\u00e9alis\u00e9e par l&rsquo;astrophotographe Tom Glenn<\/em>&nbsp; \u2193<\/span><\/p>\n<div style=\"width: 525px;\" class=\"wp-video\"><video class=\"wp-video-shortcode\" id=\"video-9928-1\" width=\"525\" height=\"295\" preload=\"metadata\" controls=\"controls\"><source type=\"video\/mp4\" src=\"http:\/\/gap47.astrosurf.com\/wp-content\/uploads\/2020\/09\/ISS-transit-of-Mars-September-14-2020.mp4?_=1\" \/><a href=\"http:\/\/gap47.astrosurf.com\/wp-content\/uploads\/2020\/09\/ISS-transit-of-Mars-September-14-2020.mp4\">http:\/\/gap47.astrosurf.com\/wp-content\/uploads\/2020\/09\/ISS-transit-of-Mars-September-14-2020.mp4<\/a><\/video><\/div>\n<div class=\"container\">\n<div class=\"hubtop px0 video-top\">\n<div class=\"row\">\n<div class=\"col-xs-12\">\n<div class=\"module image-module py1\">\n<hr>\n<\/div>\n<\/div>\n<\/div>\n<\/div>\n<\/div>\n<div class=\"container\">\n<div class=\"row\">\n<div class=\"grid-x wall-sizer\">\n<div class=\"article-column main-column\">\n<div class=\"row\">\n<div class=\"col-xs-12 col-md-11 col-md-offset-1 mt1\">\n<section class=\"module article-text bg-white\">\n<div class=\"row\">\n<div class=\"col-xs-12\">\n<div class=\"chapo delta mb1\">\n<p class=\"zeta py0p5\">&nbsp;<\/p>\n<\/div>\n<\/div>\n<\/div>\n<\/section>\n<\/div>\n<\/div>\n<\/div>\n<\/div>\n<\/div>\n<\/div>\n","protected":false},"excerpt":{"rendered":"<p>Le transit de la Station Spatiale Internationale devant la plan\u00e8te Mars Avez-vous d\u00e9j\u00e0 vu la Station Spatiale Internationale faire ceci ? Si vous savez quand et o\u00f9 chercher, regarder la brillante ISS d\u00e9river dans le ciel nocturne est un spectacle fascinant, mais pas tr\u00e8s habituel. Des images de l\u2019ISS passant devant le demi-degr\u00e9 d\u2019angle de &hellip; <\/p>\n<p class=\"link-more\"><a href=\"https:\/\/gap47.astrosurf.com\/index.php\/transit-de-liss-devant-mars\/\" class=\"more-link\">Continuer la lecture<span class=\"screen-reader-text\"> de &laquo;&nbsp;Transit de l&rsquo;ISS devant Mars&nbsp;&raquo;<\/span><\/a><\/p>\n","protected":false},"author":5,"featured_media":0,"parent":0,"menu_order":0,"comment_status":"closed","ping_status":"closed","template":"","meta":{"_exactmetrics_skip_tracking":false,"_exactmetrics_sitenote_active":false,"_exactmetrics_sitenote_note":"","_exactmetrics_sitenote_category":0,"ngg_post_thumbnail":0,"footnotes":""},"class_list":["post-9928","page","type-page","status-publish","hentry"],"yoast_head":"<!-- This site is optimized with the Yoast SEO plugin v24.8.1 - https:\/\/yoast.com\/wordpress\/plugins\/seo\/ -->\n<title>Transit de l&#039;ISS devant Mars - L&#039;observatoire est ouvert aux visiteurs tous les vendredis soirs \u00e0 21 heures, jusqu&#039;au 3 juillet 2026 inclus, sans r\u00e9servation.<\/title>\n<meta name=\"robots\" content=\"index, follow, max-snippet:-1, max-image-preview:large, max-video-preview:-1\" \/>\n<link rel=\"canonical\" href=\"https:\/\/gap47.astrosurf.com\/index.php\/transit-de-liss-devant-mars\/\" \/>\n<meta property=\"og:locale\" content=\"fr_FR\" \/>\n<meta property=\"og:type\" content=\"article\" \/>\n<meta property=\"og:title\" content=\"Transit de l&#039;ISS devant Mars - L&#039;observatoire est ouvert aux visiteurs tous les vendredis soirs \u00e0 21 heures, jusqu&#039;au 3 juillet 2026 inclus, sans r\u00e9servation.\" \/>\n<meta property=\"og:description\" content=\"Le transit de la Station Spatiale Internationale devant la plan\u00e8te Mars Avez-vous d\u00e9j\u00e0 vu la Station Spatiale Internationale faire ceci ? Si vous savez quand et o\u00f9 chercher, regarder la brillante ISS d\u00e9river dans le ciel nocturne est un spectacle fascinant, mais pas tr\u00e8s habituel. Des images de l\u2019ISS passant devant le demi-degr\u00e9 d\u2019angle de &hellip; Continuer la lecture de &laquo;&nbsp;Transit de l&rsquo;ISS devant Mars&nbsp;&raquo;\" \/>\n<meta property=\"og:url\" content=\"https:\/\/gap47.astrosurf.com\/index.php\/transit-de-liss-devant-mars\/\" \/>\n<meta property=\"og:site_name\" content=\"L&#039;observatoire est ouvert aux visiteurs tous les vendredis soirs \u00e0 21 heures, jusqu&#039;au 3 juillet 2026 inclus, sans r\u00e9servation.\" \/>\n<meta property=\"article:publisher\" content=\"https:\/\/www.facebook.com\/astrogap47\/\" \/>\n<meta property=\"article:modified_time\" content=\"2021-01-27T17:39:07+00:00\" \/>\n<meta property=\"og:image\" content=\"http:\/\/gap47.astrosurf.com\/wp-content\/uploads\/2020\/09\/Mars-ISS.png\" \/>\n<meta name=\"twitter:card\" content=\"summary_large_image\" \/>\n<meta name=\"twitter:label1\" content=\"Dur\u00e9e de lecture estim\u00e9e\" \/>\n\t<meta name=\"twitter:data1\" content=\"2 minutes\" \/>\n<script type=\"application\/ld+json\" class=\"yoast-schema-graph\">{\"@context\":\"https:\/\/schema.org\",\"@graph\":[{\"@type\":\"WebPage\",\"@id\":\"https:\/\/gap47.astrosurf.com\/index.php\/transit-de-liss-devant-mars\/\",\"url\":\"https:\/\/gap47.astrosurf.com\/index.php\/transit-de-liss-devant-mars\/\",\"name\":\"Transit de l'ISS devant Mars - L&#039;observatoire est ouvert aux visiteurs tous les vendredis soirs \u00e0 21 heures, jusqu&#039;au 3 juillet 2026 inclus, sans r\u00e9servation.\",\"isPartOf\":{\"@id\":\"https:\/\/gap47.astrosurf.com\/#website\"},\"primaryImageOfPage\":{\"@id\":\"https:\/\/gap47.astrosurf.com\/index.php\/transit-de-liss-devant-mars\/#primaryimage\"},\"image\":{\"@id\":\"https:\/\/gap47.astrosurf.com\/index.php\/transit-de-liss-devant-mars\/#primaryimage\"},\"thumbnailUrl\":\"http:\/\/gap47.astrosurf.com\/wp-content\/uploads\/2020\/09\/Mars-ISS.png\",\"datePublished\":\"2020-09-23T23:56:58+00:00\",\"dateModified\":\"2021-01-27T17:39:07+00:00\",\"breadcrumb\":{\"@id\":\"https:\/\/gap47.astrosurf.com\/index.php\/transit-de-liss-devant-mars\/#breadcrumb\"},\"inLanguage\":\"fr-FR\",\"potentialAction\":[{\"@type\":\"ReadAction\",\"target\":[\"https:\/\/gap47.astrosurf.com\/index.php\/transit-de-liss-devant-mars\/\"]}]},{\"@type\":\"ImageObject\",\"inLanguage\":\"fr-FR\",\"@id\":\"https:\/\/gap47.astrosurf.com\/index.php\/transit-de-liss-devant-mars\/#primaryimage\",\"url\":\"https:\/\/gap47.astrosurf.com\/wp-content\/uploads\/2020\/09\/Mars-ISS.png\",\"contentUrl\":\"https:\/\/gap47.astrosurf.com\/wp-content\/uploads\/2020\/09\/Mars-ISS.png\",\"width\":1060,\"height\":987},{\"@type\":\"BreadcrumbList\",\"@id\":\"https:\/\/gap47.astrosurf.com\/index.php\/transit-de-liss-devant-mars\/#breadcrumb\",\"itemListElement\":[{\"@type\":\"ListItem\",\"position\":1,\"name\":\"Accueil\",\"item\":\"https:\/\/gap47.astrosurf.com\/\"},{\"@type\":\"ListItem\",\"position\":2,\"name\":\"Transit de l&#8217;ISS devant Mars\"}]},{\"@type\":\"WebSite\",\"@id\":\"https:\/\/gap47.astrosurf.com\/#website\",\"url\":\"https:\/\/gap47.astrosurf.com\/\",\"name\":\"De janvier \u00e0 fin juin 2024, le GAP47 sera ouvert aux visiteurs tous les vendredis \u00e0 21h sans r\u00e9servation, \u00e0 l'exception du vendredi 26 janvier o\u00f9 l'observatoire sera ferm\u00e9 au public.\",\"description\":\"Groupe d&#039;Astronomie Populaire du Lot-et-Garonne, \u00e0 Montayral\",\"potentialAction\":[{\"@type\":\"SearchAction\",\"target\":{\"@type\":\"EntryPoint\",\"urlTemplate\":\"https:\/\/gap47.astrosurf.com\/?s={search_term_string}\"},\"query-input\":{\"@type\":\"PropertyValueSpecification\",\"valueRequired\":true,\"valueName\":\"search_term_string\"}}],\"inLanguage\":\"fr-FR\"}]}<\/script>\n<!-- \/ Yoast SEO plugin. -->","yoast_head_json":{"title":"Transit de l'ISS devant Mars - L&#039;observatoire est ouvert aux visiteurs tous les vendredis soirs \u00e0 21 heures, jusqu&#039;au 3 juillet 2026 inclus, sans r\u00e9servation.","robots":{"index":"index","follow":"follow","max-snippet":"max-snippet:-1","max-image-preview":"max-image-preview:large","max-video-preview":"max-video-preview:-1"},"canonical":"https:\/\/gap47.astrosurf.com\/index.php\/transit-de-liss-devant-mars\/","og_locale":"fr_FR","og_type":"article","og_title":"Transit de l'ISS devant Mars - L&#039;observatoire est ouvert aux visiteurs tous les vendredis soirs \u00e0 21 heures, jusqu&#039;au 3 juillet 2026 inclus, sans r\u00e9servation.","og_description":"Le transit de la Station Spatiale Internationale devant la plan\u00e8te Mars Avez-vous d\u00e9j\u00e0 vu la Station Spatiale Internationale faire ceci ? Si vous savez quand et o\u00f9 chercher, regarder la brillante ISS d\u00e9river dans le ciel nocturne est un spectacle fascinant, mais pas tr\u00e8s habituel. Des images de l\u2019ISS passant devant le demi-degr\u00e9 d\u2019angle de &hellip; Continuer la lecture de &laquo;&nbsp;Transit de l&rsquo;ISS devant Mars&nbsp;&raquo;","og_url":"https:\/\/gap47.astrosurf.com\/index.php\/transit-de-liss-devant-mars\/","og_site_name":"L&#039;observatoire est ouvert aux visiteurs tous les vendredis soirs \u00e0 21 heures, jusqu&#039;au 3 juillet 2026 inclus, sans r\u00e9servation.","article_publisher":"https:\/\/www.facebook.com\/astrogap47\/","article_modified_time":"2021-01-27T17:39:07+00:00","og_image":[{"url":"http:\/\/gap47.astrosurf.com\/wp-content\/uploads\/2020\/09\/Mars-ISS.png","type":"","width":"","height":""}],"twitter_card":"summary_large_image","twitter_misc":{"Dur\u00e9e de lecture estim\u00e9e":"2 minutes"},"schema":{"@context":"https:\/\/schema.org","@graph":[{"@type":"WebPage","@id":"https:\/\/gap47.astrosurf.com\/index.php\/transit-de-liss-devant-mars\/","url":"https:\/\/gap47.astrosurf.com\/index.php\/transit-de-liss-devant-mars\/","name":"Transit de l'ISS devant Mars - L&#039;observatoire est ouvert aux visiteurs tous les vendredis soirs \u00e0 21 heures, jusqu&#039;au 3 juillet 2026 inclus, sans r\u00e9servation.","isPartOf":{"@id":"https:\/\/gap47.astrosurf.com\/#website"},"primaryImageOfPage":{"@id":"https:\/\/gap47.astrosurf.com\/index.php\/transit-de-liss-devant-mars\/#primaryimage"},"image":{"@id":"https:\/\/gap47.astrosurf.com\/index.php\/transit-de-liss-devant-mars\/#primaryimage"},"thumbnailUrl":"http:\/\/gap47.astrosurf.com\/wp-content\/uploads\/2020\/09\/Mars-ISS.png","datePublished":"2020-09-23T23:56:58+00:00","dateModified":"2021-01-27T17:39:07+00:00","breadcrumb":{"@id":"https:\/\/gap47.astrosurf.com\/index.php\/transit-de-liss-devant-mars\/#breadcrumb"},"inLanguage":"fr-FR","potentialAction":[{"@type":"ReadAction","target":["https:\/\/gap47.astrosurf.com\/index.php\/transit-de-liss-devant-mars\/"]}]},{"@type":"ImageObject","inLanguage":"fr-FR","@id":"https:\/\/gap47.astrosurf.com\/index.php\/transit-de-liss-devant-mars\/#primaryimage","url":"https:\/\/gap47.astrosurf.com\/wp-content\/uploads\/2020\/09\/Mars-ISS.png","contentUrl":"https:\/\/gap47.astrosurf.com\/wp-content\/uploads\/2020\/09\/Mars-ISS.png","width":1060,"height":987},{"@type":"BreadcrumbList","@id":"https:\/\/gap47.astrosurf.com\/index.php\/transit-de-liss-devant-mars\/#breadcrumb","itemListElement":[{"@type":"ListItem","position":1,"name":"Accueil","item":"https:\/\/gap47.astrosurf.com\/"},{"@type":"ListItem","position":2,"name":"Transit de l&#8217;ISS devant Mars"}]},{"@type":"WebSite","@id":"https:\/\/gap47.astrosurf.com\/#website","url":"https:\/\/gap47.astrosurf.com\/","name":"De janvier \u00e0 fin juin 2024, le GAP47 sera ouvert aux visiteurs tous les vendredis \u00e0 21h sans r\u00e9servation, \u00e0 l'exception du vendredi 26 janvier o\u00f9 l'observatoire sera ferm\u00e9 au public.","description":"Groupe d&#039;Astronomie Populaire du Lot-et-Garonne, \u00e0 Montayral","potentialAction":[{"@type":"SearchAction","target":{"@type":"EntryPoint","urlTemplate":"https:\/\/gap47.astrosurf.com\/?s={search_term_string}"},"query-input":{"@type":"PropertyValueSpecification","valueRequired":true,"valueName":"search_term_string"}}],"inLanguage":"fr-FR"}]}},"_links":{"self":[{"href":"https:\/\/gap47.astrosurf.com\/index.php\/wp-json\/wp\/v2\/pages\/9928","targetHints":{"allow":["GET"]}}],"collection":[{"href":"https:\/\/gap47.astrosurf.com\/index.php\/wp-json\/wp\/v2\/pages"}],"about":[{"href":"https:\/\/gap47.astrosurf.com\/index.php\/wp-json\/wp\/v2\/types\/page"}],"author":[{"embeddable":true,"href":"https:\/\/gap47.astrosurf.com\/index.php\/wp-json\/wp\/v2\/users\/5"}],"replies":[{"embeddable":true,"href":"https:\/\/gap47.astrosurf.com\/index.php\/wp-json\/wp\/v2\/comments?post=9928"}],"version-history":[{"count":6,"href":"https:\/\/gap47.astrosurf.com\/index.php\/wp-json\/wp\/v2\/pages\/9928\/revisions"}],"predecessor-version":[{"id":10237,"href":"https:\/\/gap47.astrosurf.com\/index.php\/wp-json\/wp\/v2\/pages\/9928\/revisions\/10237"}],"wp:attachment":[{"href":"https:\/\/gap47.astrosurf.com\/index.php\/wp-json\/wp\/v2\/media?parent=9928"}],"curies":[{"name":"wp","href":"https:\/\/api.w.org\/{rel}","templated":true}]}}