 {"id":9912,"date":"2020-09-23T02:35:16","date_gmt":"2020-09-23T00:35:16","guid":{"rendered":"http:\/\/gap47.astrosurf.com\/?page_id=9912"},"modified":"2020-09-23T04:42:27","modified_gmt":"2020-09-23T02:42:27","slug":"aurore-en-uv-sur-67p-c-g","status":"publish","type":"page","link":"https:\/\/gap47.astrosurf.com\/index.php\/aurore-en-uv-sur-67p-c-g\/","title":{"rendered":"Aurore en UV sur 67P\/C-G"},"content":{"rendered":"<p style=\"text-align: center;\"><em><span style=\"font-family: 'times new roman', times, serif; font-size: 20px;\">2020 09 21 \u2013 ESA<\/span><\/em><\/p>\n<p style=\"text-align: center;\"><span style=\"font-family: arial, helvetica, sans-serif; font-size: 28px; color: #993366;\"><strong>Une aurore ultraviolette unique d\u00e9cel\u00e9e sur la com\u00e8te de Rosetta<\/strong><\/span><\/p>\n<p><span style=\"font-family: 'times new roman', times, serif; font-size: 20px;\">La mission Rosetta de l\u2019ESA a r\u00e9v\u00e9l\u00e9 une forme unique d\u2019aurore, un ph\u00e9nom\u00e8ne passionnant, aper\u00e7u dans le syst\u00e8me solaire, dans la direction de sa cible, la com\u00e8te 67P\/Churyumov-Gerasimenko.<\/span><\/p>\n<p><span style=\"font-family: 'times new roman', times, serif; font-size: 20px;\">Sur Terre, les aurores se forment quand les particules charg\u00e9es venant du Soleil interagissent avec le champ magn\u00e9tique de notre plan\u00e8te pour cr\u00e9er des formes et des couleurs et des lumi\u00e8res chatoyantes dans les cieux des hautes latitudes. Bien que ces effets de lumi\u00e8re aient \u00e9t\u00e9 vus sur de nombreuses plan\u00e8tes et de nombreux satellites du syst\u00e8me solaire, et autour d\u2019un \u00e9toile plus distante, les observations de la mission du chasseur de com\u00e8tes Rosetta de l\u2019ESA r\u00e9v\u00e8le maintenant l\u2019unique \u00e9mission aurorale de la com\u00e8te 67P\/Churyumov-Gerasimenko (67P\/C-G).<\/span><\/p>\n<p><span style=\"font-family: 'times new roman', times, serif; font-size: 20px;\">Ces \u00e9missions sont cr\u00e9\u00e9es quand le courant de particules charg\u00e9es venant du Soleil vers la com\u00e8te, un courant appel\u00e9 \u00ab&nbsp;vent solaire&nbsp;\u00bb, interagit avec le gaz entourant le noyau poussi\u00e9reux et glac\u00e9 de la com\u00e8te.<\/span><\/p>\n<p><a href=\"http:\/\/gap47.astrosurf.com\/wp-content\/uploads\/2020\/09\/Aurore-sur-la-come\u0300te.jpg\"><img loading=\"lazy\" decoding=\"async\" class=\"aligncenter wp-image-9917 size-full\" src=\"http:\/\/gap47.astrosurf.com\/wp-content\/uploads\/2020\/09\/Aurore-sur-la-come\u0300te.jpg\" alt=\"\" width=\"8000\" height=\"4500\"><\/a><\/p>\n<p><span style=\"font-family: 'times new roman', times, serif; font-size: 20px;\">\u00ab&nbsp;La lueur qui entoure 67P\/C-G est unique en son genre&nbsp;\u00bb, dit Marina Galand de l\u2019Imperial College de Londres, UK, auteure principale de la nouvelle \u00e9tude. \u00ab&nbsp;En fouillant dans les donn\u00e9es des nombreux instruments de Rosetta et en les reliant ensemble, nous avons d\u00e9couvert que cette lueur est de nature aurorale : elle est caus\u00e9e par un ensemble de processus comme certains, vus sur les satellites Ganym\u00e8de et Europe autour de Jupiter, et d\u2019autres sur la Terre et Mars&nbsp;\u00bb.<\/span><\/p>\n<p><span style=\"font-family: 'times new roman', times, serif; font-size: 20px;\">Ces processus d\u00e9finissent comment l\u2019enveloppe de gaz (ou coma) autour de 67P\/C-G devient excit\u00e9e (devient lumineuse) et comment les particules causant cette excitation re\u00e7oivent une pouss\u00e9e d\u2019\u00e9nergie et acc\u00e9l\u00e8rent. L\u2019aurore de 67P\/C-G, vue en lumi\u00e8re ultraviolette, est comparable \u00e0 ce que l\u2019on voit dans les aurores martiennes, d\u00e9tect\u00e9es par Mars Express de l\u2019ESA (bien que les \u00ab&nbsp;couleurs&nbsp;\u00bb des aurores de 67P\/C-G et de Mars diff\u00e8rent).<\/span><\/p>\n<p><span style=\"font-family: 'times new roman', times, serif; font-size: 20px;\">Pour d\u00e9couvrir plus que ce qu\u2019un instrument peut offrir, Marina et ses coll\u00e8gues ont reli\u00e9 ensemble plusieurs mesures effectu\u00e9es par Rosetta, tant sur site qu\u2019en t\u00e9l\u00e9d\u00e9tection, en utilisant un mod\u00e8le bas\u00e9 sur la physique.<\/span><\/p>\n<p><span style=\"font-family: 'times new roman', times, serif; font-size: 20px;\">\u00ab&nbsp;Ce faisant, nous n\u2019avions pas \u00e0 nous appuyer sur un seul jeu de donn\u00e9es, venant d\u2019un seul instrument&nbsp;\u00bb, dit Marina. \u00ab&nbsp;Au lieu de cela, nous avons cr\u00e9\u00e9 un vaste jeu de donn\u00e9es, multi-instruments, pour avoir une meilleure vue de ce qui se passait. Cela nous a permis d\u2019identifier, sans ambigu\u00eft\u00e9, comment se formaient les \u00e9missions atomiques en ultraviolet de 67P\/C-G, et r\u00e9v\u00e9laient leur nature aurorale&nbsp;\u00bb.<\/span><\/p>\n<div style=\"width: 525px;\" class=\"wp-video\"><video class=\"wp-video-shortcode\" id=\"video-9912-1\" width=\"525\" height=\"525\" preload=\"metadata\" controls=\"controls\"><source type=\"video\/mp4\" src=\"http:\/\/gap47.astrosurf.com\/wp-content\/uploads\/2020\/09\/orig-2009_018_AR_EN.mp4?_=1\" \/><a href=\"http:\/\/gap47.astrosurf.com\/wp-content\/uploads\/2020\/09\/orig-2009_018_AR_EN.mp4\">http:\/\/gap47.astrosurf.com\/wp-content\/uploads\/2020\/09\/orig-2009_018_AR_EN.mp4<\/a><\/video><\/div>\n<p><em><span style=\"font-family: 'times new roman', times, serif; font-size: 20px;\">\u2191&nbsp; &nbsp;L\u2019animation de l\u2019aurore ultraviolette produite sur la com\u00e8te de Rosetta<\/span><\/em><\/p>\n<p><span style=\"font-family: 'times new roman', times, serif; font-size: 20px;\">Les \u00e9missions ultraviolettes que Rosetta a observ\u00e9 sur la com\u00e8te 67P\/C-G se sont manifest\u00e9es auparavant, et on avait pens\u00e9 qu\u2019il s\u2019agissait de lumi\u00e8re du jour, un processus caus\u00e9 par les particules de lumi\u00e8re solaire (photons) en interaction avec le gaz de la com\u00e8te.<\/span><\/p>\n<p><span style=\"font-family: 'times new roman', times, serif; font-size: 20px;\">Toutefois, cette \u00e9tude montre que ces \u00e9missions sont de type auroral : elles ne sont pas provoqu\u00e9es par des photons, mais par des \u00e9lectrons dans le vent solaire qui ont \u00e9t\u00e9 acc\u00e9l\u00e9r\u00e9s dans le proche environnement de la com\u00e8te. \u00ab&nbsp;Ces \u00e9lectrons interagissent alors avec des mol\u00e9cules de la coma pour produire cette lueur aurorale. Ce processus par lequel les \u00e9lectrons sont acc\u00e9l\u00e9r\u00e9s est semblable \u00e0 certains processus qui g\u00e9n\u00e8rent les aurores sur la Terre et Mars, malgr\u00e9 l\u2019absence d\u2019un champ magn\u00e9tique intrins\u00e8que sur 67P\/C-G&nbsp;\u00bb, ajoute Marina. \u00ab&nbsp;En fait, Les environnements magn\u00e9tiques des lunes, des plan\u00e8tes et des com\u00e8tes sont tous tr\u00e8s diff\u00e9rents, et il est ainsi tr\u00e8s excitant de voir des aurores sur tous ces corps&nbsp;\u00bb.<\/span><\/p>\n<p><span style=\"font-family: 'times new roman', times, serif; font-size: 20px;\">Explorer l\u2019\u00e9mission sur 67P\/C-G permettra aux scientifiques d\u2019\u00e9valuer comment les particules composant le vent solaire changent dans le temps, ce qui est quelque chose de crucial pour comprendre la m\u00e9t\u00e9o de l\u2019espace dans tout le syst\u00e8me solaire. Cela confirme aussi que les aurores ultraviolettes peuvent se former sur des com\u00e8tes, ce qui donne un aper\u00e7u sur ces ph\u00e9nom\u00e8nes lumineux, excitants et souvent spectaculaires venant de diff\u00e9rents corps du syst\u00e8me solaire.<\/span><\/p>\n<p><span style=\"font-family: 'times new roman', times, serif; font-size: 20px;\">\u00c0 la suite de son rendez-vous avec 67P\/C-G en 2014, Rosetta a fourni une mine de donn\u00e9es qui a \u00e9tay\u00e9 notre exploration quant \u00e0 l\u2019interaction du Soleil et du vent solaire avec les com\u00e8tes. Cette sonde a \u00e9t\u00e9 la premi\u00e8re \u00e0 \u00eatre mise en orbite autour du noyau d\u2019une com\u00e8te, la premi\u00e8re \u00e0 se d\u00e9placer avec elle dans son voyage dans le syst\u00e8me solaire interne, la premi\u00e8re \u00e0 d\u00e9poser un atterrisseur sur une com\u00e8te et la premi\u00e8re \u00e0 prendre des images de sa surface avec un telle r\u00e9solution spatiale.<\/span><\/p>\n<p><span style=\"font-family: 'times new roman', times, serif; font-size: 20px;\">\u00ab&nbsp;Et maintenant, c\u2019est aussi la premi\u00e8re \u00e0 avoir vu une aurore ultraviolette sur une com\u00e8te ! Les aurores sont excitantes par nature, et cette excitation est encore plus grande quand on d\u00e9couvre quelque chose de nouveau, ou avec de nouvelles caract\u00e9ristiques&nbsp;\u00bb, ajoute Matt Taylor, scientifique-projet \u00e0 l\u2019ESA.<\/span><\/p>\n<p><span style=\"font-family: 'times new roman', times, serif; font-size: 20px;\">\u00ab&nbsp;Cette analyse multi-instruments rassemble des pi\u00e8ces suppl\u00e9mentaires au puzzle de notre connaissance des aurores dans le syst\u00e8me solaire et des diff\u00e9rents ph\u00e9nom\u00e8nes que nous voyons autour des com\u00e8tes. Cela a n\u00e9cessit\u00e9 des donn\u00e9es venant de nombreux instruments de Rosetta, et c\u2019est un magnifique exemple des raisons pour lesquelles on envoie plusieurs instruments diff\u00e9rents, avec diff\u00e9rents objectifs et diff\u00e9rentes techniques, sur n\u2019importe quelle mission : pour obtenir une image compl\u00e8te des objets et des processus qui interviennent dans notre environnement cosmique&nbsp;\u00bb.<\/span><\/p>\n<p>&nbsp;<\/p>\n<p style=\"text-align: right;\"><span style=\"font-family: arial, helvetica, sans-serif; font-size: 20px;\">Traduction : Olivier Sabbagh<\/span><\/p>\n<p>&nbsp;<\/p>\n<p>&nbsp;<\/p>\n","protected":false},"excerpt":{"rendered":"<p>2020 09 21 \u2013 ESA Une aurore ultraviolette unique d\u00e9cel\u00e9e sur la com\u00e8te de Rosetta La mission Rosetta de l\u2019ESA a r\u00e9v\u00e9l\u00e9 une forme unique d\u2019aurore, un ph\u00e9nom\u00e8ne passionnant, aper\u00e7u dans le syst\u00e8me solaire, dans la direction de sa cible, la com\u00e8te 67P\/Churyumov-Gerasimenko. Sur Terre, les aurores se forment quand les particules charg\u00e9es venant du &hellip; <\/p>\n<p class=\"link-more\"><a href=\"https:\/\/gap47.astrosurf.com\/index.php\/aurore-en-uv-sur-67p-c-g\/\" class=\"more-link\">Continuer la lecture<span class=\"screen-reader-text\"> de &laquo;&nbsp;Aurore en UV sur 67P\/C-G&nbsp;&raquo;<\/span><\/a><\/p>\n","protected":false},"author":5,"featured_media":0,"parent":0,"menu_order":0,"comment_status":"closed","ping_status":"closed","template":"","meta":{"_exactmetrics_skip_tracking":false,"_exactmetrics_sitenote_active":false,"_exactmetrics_sitenote_note":"","_exactmetrics_sitenote_category":0,"ngg_post_thumbnail":0,"footnotes":""},"class_list":["post-9912","page","type-page","status-publish","hentry"],"yoast_head":"<!-- This site is optimized with the Yoast SEO plugin v24.8.1 - https:\/\/yoast.com\/wordpress\/plugins\/seo\/ -->\n<title>Aurore en UV sur 67P\/C-G - L&#039;observatoire est ouvert aux visiteurs tous les vendredis soirs \u00e0 21 heures, jusqu&#039;au 3 juillet 2026 inclus, sans r\u00e9servation.<\/title>\n<meta name=\"robots\" content=\"index, follow, max-snippet:-1, max-image-preview:large, max-video-preview:-1\" \/>\n<link rel=\"canonical\" href=\"https:\/\/gap47.astrosurf.com\/index.php\/aurore-en-uv-sur-67p-c-g\/\" \/>\n<meta property=\"og:locale\" content=\"fr_FR\" \/>\n<meta property=\"og:type\" content=\"article\" \/>\n<meta property=\"og:title\" content=\"Aurore en UV sur 67P\/C-G - L&#039;observatoire est ouvert aux visiteurs tous les vendredis soirs \u00e0 21 heures, jusqu&#039;au 3 juillet 2026 inclus, sans r\u00e9servation.\" \/>\n<meta property=\"og:description\" content=\"2020 09 21 \u2013 ESA Une aurore ultraviolette unique d\u00e9cel\u00e9e sur la com\u00e8te de Rosetta La mission Rosetta de l\u2019ESA a r\u00e9v\u00e9l\u00e9 une forme unique d\u2019aurore, un ph\u00e9nom\u00e8ne passionnant, aper\u00e7u dans le syst\u00e8me solaire, dans la direction de sa cible, la com\u00e8te 67P\/Churyumov-Gerasimenko. Sur Terre, les aurores se forment quand les particules charg\u00e9es venant du &hellip; Continuer la lecture de &laquo;&nbsp;Aurore en UV sur 67P\/C-G&nbsp;&raquo;\" \/>\n<meta property=\"og:url\" content=\"https:\/\/gap47.astrosurf.com\/index.php\/aurore-en-uv-sur-67p-c-g\/\" \/>\n<meta property=\"og:site_name\" content=\"L&#039;observatoire est ouvert aux visiteurs tous les vendredis soirs \u00e0 21 heures, jusqu&#039;au 3 juillet 2026 inclus, sans r\u00e9servation.\" \/>\n<meta property=\"article:publisher\" content=\"https:\/\/www.facebook.com\/astrogap47\/\" \/>\n<meta property=\"article:modified_time\" content=\"2020-09-23T02:42:27+00:00\" \/>\n<meta name=\"twitter:card\" content=\"summary_large_image\" \/>\n<meta name=\"twitter:label1\" content=\"Dur\u00e9e de lecture estim\u00e9e\" \/>\n\t<meta name=\"twitter:data1\" content=\"5 minutes\" \/>\n<script type=\"application\/ld+json\" class=\"yoast-schema-graph\">{\"@context\":\"https:\/\/schema.org\",\"@graph\":[{\"@type\":\"WebPage\",\"@id\":\"https:\/\/gap47.astrosurf.com\/index.php\/aurore-en-uv-sur-67p-c-g\/\",\"url\":\"https:\/\/gap47.astrosurf.com\/index.php\/aurore-en-uv-sur-67p-c-g\/\",\"name\":\"Aurore en UV sur 67P\/C-G - L&#039;observatoire est ouvert aux visiteurs tous les vendredis soirs \u00e0 21 heures, jusqu&#039;au 3 juillet 2026 inclus, sans r\u00e9servation.\",\"isPartOf\":{\"@id\":\"https:\/\/gap47.astrosurf.com\/#website\"},\"datePublished\":\"2020-09-23T00:35:16+00:00\",\"dateModified\":\"2020-09-23T02:42:27+00:00\",\"breadcrumb\":{\"@id\":\"https:\/\/gap47.astrosurf.com\/index.php\/aurore-en-uv-sur-67p-c-g\/#breadcrumb\"},\"inLanguage\":\"fr-FR\",\"potentialAction\":[{\"@type\":\"ReadAction\",\"target\":[\"https:\/\/gap47.astrosurf.com\/index.php\/aurore-en-uv-sur-67p-c-g\/\"]}]},{\"@type\":\"BreadcrumbList\",\"@id\":\"https:\/\/gap47.astrosurf.com\/index.php\/aurore-en-uv-sur-67p-c-g\/#breadcrumb\",\"itemListElement\":[{\"@type\":\"ListItem\",\"position\":1,\"name\":\"Accueil\",\"item\":\"https:\/\/gap47.astrosurf.com\/\"},{\"@type\":\"ListItem\",\"position\":2,\"name\":\"Aurore en UV sur 67P\/C-G\"}]},{\"@type\":\"WebSite\",\"@id\":\"https:\/\/gap47.astrosurf.com\/#website\",\"url\":\"https:\/\/gap47.astrosurf.com\/\",\"name\":\"De janvier \u00e0 fin juin 2024, le GAP47 sera ouvert aux visiteurs tous les vendredis \u00e0 21h sans r\u00e9servation, \u00e0 l'exception du vendredi 26 janvier o\u00f9 l'observatoire sera ferm\u00e9 au public.\",\"description\":\"Groupe d&#039;Astronomie Populaire du Lot-et-Garonne, \u00e0 Montayral\",\"potentialAction\":[{\"@type\":\"SearchAction\",\"target\":{\"@type\":\"EntryPoint\",\"urlTemplate\":\"https:\/\/gap47.astrosurf.com\/?s={search_term_string}\"},\"query-input\":{\"@type\":\"PropertyValueSpecification\",\"valueRequired\":true,\"valueName\":\"search_term_string\"}}],\"inLanguage\":\"fr-FR\"}]}<\/script>\n<!-- \/ Yoast SEO plugin. -->","yoast_head_json":{"title":"Aurore en UV sur 67P\/C-G - L&#039;observatoire est ouvert aux visiteurs tous les vendredis soirs \u00e0 21 heures, jusqu&#039;au 3 juillet 2026 inclus, sans r\u00e9servation.","robots":{"index":"index","follow":"follow","max-snippet":"max-snippet:-1","max-image-preview":"max-image-preview:large","max-video-preview":"max-video-preview:-1"},"canonical":"https:\/\/gap47.astrosurf.com\/index.php\/aurore-en-uv-sur-67p-c-g\/","og_locale":"fr_FR","og_type":"article","og_title":"Aurore en UV sur 67P\/C-G - L&#039;observatoire est ouvert aux visiteurs tous les vendredis soirs \u00e0 21 heures, jusqu&#039;au 3 juillet 2026 inclus, sans r\u00e9servation.","og_description":"2020 09 21 \u2013 ESA Une aurore ultraviolette unique d\u00e9cel\u00e9e sur la com\u00e8te de Rosetta La mission Rosetta de l\u2019ESA a r\u00e9v\u00e9l\u00e9 une forme unique d\u2019aurore, un ph\u00e9nom\u00e8ne passionnant, aper\u00e7u dans le syst\u00e8me solaire, dans la direction de sa cible, la com\u00e8te 67P\/Churyumov-Gerasimenko. Sur Terre, les aurores se forment quand les particules charg\u00e9es venant du &hellip; Continuer la lecture de &laquo;&nbsp;Aurore en UV sur 67P\/C-G&nbsp;&raquo;","og_url":"https:\/\/gap47.astrosurf.com\/index.php\/aurore-en-uv-sur-67p-c-g\/","og_site_name":"L&#039;observatoire est ouvert aux visiteurs tous les vendredis soirs \u00e0 21 heures, jusqu&#039;au 3 juillet 2026 inclus, sans r\u00e9servation.","article_publisher":"https:\/\/www.facebook.com\/astrogap47\/","article_modified_time":"2020-09-23T02:42:27+00:00","twitter_card":"summary_large_image","twitter_misc":{"Dur\u00e9e de lecture estim\u00e9e":"5 minutes"},"schema":{"@context":"https:\/\/schema.org","@graph":[{"@type":"WebPage","@id":"https:\/\/gap47.astrosurf.com\/index.php\/aurore-en-uv-sur-67p-c-g\/","url":"https:\/\/gap47.astrosurf.com\/index.php\/aurore-en-uv-sur-67p-c-g\/","name":"Aurore en UV sur 67P\/C-G - L&#039;observatoire est ouvert aux visiteurs tous les vendredis soirs \u00e0 21 heures, jusqu&#039;au 3 juillet 2026 inclus, sans r\u00e9servation.","isPartOf":{"@id":"https:\/\/gap47.astrosurf.com\/#website"},"datePublished":"2020-09-23T00:35:16+00:00","dateModified":"2020-09-23T02:42:27+00:00","breadcrumb":{"@id":"https:\/\/gap47.astrosurf.com\/index.php\/aurore-en-uv-sur-67p-c-g\/#breadcrumb"},"inLanguage":"fr-FR","potentialAction":[{"@type":"ReadAction","target":["https:\/\/gap47.astrosurf.com\/index.php\/aurore-en-uv-sur-67p-c-g\/"]}]},{"@type":"BreadcrumbList","@id":"https:\/\/gap47.astrosurf.com\/index.php\/aurore-en-uv-sur-67p-c-g\/#breadcrumb","itemListElement":[{"@type":"ListItem","position":1,"name":"Accueil","item":"https:\/\/gap47.astrosurf.com\/"},{"@type":"ListItem","position":2,"name":"Aurore en UV sur 67P\/C-G"}]},{"@type":"WebSite","@id":"https:\/\/gap47.astrosurf.com\/#website","url":"https:\/\/gap47.astrosurf.com\/","name":"De janvier \u00e0 fin juin 2024, le GAP47 sera ouvert aux visiteurs tous les vendredis \u00e0 21h sans r\u00e9servation, \u00e0 l'exception du vendredi 26 janvier o\u00f9 l'observatoire sera ferm\u00e9 au public.","description":"Groupe d&#039;Astronomie Populaire du Lot-et-Garonne, \u00e0 Montayral","potentialAction":[{"@type":"SearchAction","target":{"@type":"EntryPoint","urlTemplate":"https:\/\/gap47.astrosurf.com\/?s={search_term_string}"},"query-input":{"@type":"PropertyValueSpecification","valueRequired":true,"valueName":"search_term_string"}}],"inLanguage":"fr-FR"}]}},"_links":{"self":[{"href":"https:\/\/gap47.astrosurf.com\/index.php\/wp-json\/wp\/v2\/pages\/9912","targetHints":{"allow":["GET"]}}],"collection":[{"href":"https:\/\/gap47.astrosurf.com\/index.php\/wp-json\/wp\/v2\/pages"}],"about":[{"href":"https:\/\/gap47.astrosurf.com\/index.php\/wp-json\/wp\/v2\/types\/page"}],"author":[{"embeddable":true,"href":"https:\/\/gap47.astrosurf.com\/index.php\/wp-json\/wp\/v2\/users\/5"}],"replies":[{"embeddable":true,"href":"https:\/\/gap47.astrosurf.com\/index.php\/wp-json\/wp\/v2\/comments?post=9912"}],"version-history":[{"count":6,"href":"https:\/\/gap47.astrosurf.com\/index.php\/wp-json\/wp\/v2\/pages\/9912\/revisions"}],"predecessor-version":[{"id":9925,"href":"https:\/\/gap47.astrosurf.com\/index.php\/wp-json\/wp\/v2\/pages\/9912\/revisions\/9925"}],"wp:attachment":[{"href":"https:\/\/gap47.astrosurf.com\/index.php\/wp-json\/wp\/v2\/media?parent=9912"}],"curies":[{"name":"wp","href":"https:\/\/api.w.org\/{rel}","templated":true}]}}