 {"id":9869,"date":"2020-09-02T01:27:05","date_gmt":"2020-09-01T23:27:05","guid":{"rendered":"http:\/\/gap47.astrosurf.com\/?page_id=9869"},"modified":"2020-09-02T01:29:57","modified_gmt":"2020-09-01T23:29:57","slug":"etoile-binaire-micro-quasar","status":"publish","type":"page","link":"https:\/\/gap47.astrosurf.com\/index.php\/etoile-binaire-micro-quasar\/","title":{"rendered":"Etoile binaire micro quasar"},"content":{"rendered":"<p style=\"text-align: center;\"><span style=\"font-size: 24px;\"><strong><span style=\"font-family: arial, helvetica, sans-serif;\">SS 433 &#8211; Une \u00e9toile binaire Micro-Quasar<\/span><\/strong><\/span><\/p>\n<div style=\"width: 525px;\" class=\"wp-video\"><video class=\"wp-video-shortcode\" id=\"video-9869-1\" width=\"525\" height=\"295\" preload=\"metadata\" controls=\"controls\"><source type=\"video\/mp4\" src=\"http:\/\/gap47.astrosurf.com\/wp-content\/uploads\/2020\/09\/SS-433_-Binary-Star-Micro-Quasar.mp4?_=1\" \/><a href=\"http:\/\/gap47.astrosurf.com\/wp-content\/uploads\/2020\/09\/SS-433_-Binary-Star-Micro-Quasar.mp4\">http:\/\/gap47.astrosurf.com\/wp-content\/uploads\/2020\/09\/SS-433_-Binary-Star-Micro-Quasar.mp4<\/a><\/video><\/div>\n<p><span style=\"font-family: 'times new roman', times, serif; font-size: 20px;\">SS 433 est l\u2019un des plus exotiques syst\u00e8mes d\u2019\u00e9toiles connu. Son nom banal vient de son inclusion dans le catalogue d\u2019\u00e9toiles de la Voie Lact\u00e9e qui \u00e9met des radiations, caract\u00e9ristiques de l\u2019hydrog\u00e8ne atomique. Son comportement remarquable vient d\u2019un objet compact, un trou noir ou une \u00e9toile \u00e0 neutrons, qui a produit un disque d\u2019accr\u00e9tion dot\u00e9 de jets. Parce que le disque et les jets de SS 433 ressemble \u00e0 ceux qui entourent les trous noirs supermassifs qu\u2019on trouve au centre des galaxies, SS 433 est consid\u00e9r\u00e9 comme un micro-quasar. L\u2019illustration dans la vid\u00e9o ci-dessus, bas\u00e9e sur des donn\u00e9es d\u2019observation, une \u00e9toile normale, massive et chaude est verrouill\u00e9e en orbite autour l\u2019objet compact. Quand la vid\u00e9o commence, on voit de la mati\u00e8re, arrach\u00e9e de l\u2019\u00e9toile normale, qui tombe sur le disque d\u2019accr\u00e9tion. L\u2019objet central expulse aussi des jets de gaz ionis\u00e9 dans des directions oppos\u00e9es, chacun \u00e0 un quart de la vitesse de la lumi\u00e8re. La vid\u00e9o montre alors une vue d\u2019en haut les jets qui produisent une spirale en expansion. De puis des distances encore plus grandes, on voit les jets pr\u00e8s du c\u0153ur du r\u00e9manent de supernova W50. Il y a deux ans, SS 433 a \u00e9t\u00e9 d\u00e9couvert par hasard par l\u2019ensemble du d\u00e9tecteur HAWC au Mexique, en raison d\u2019\u00e9missions de rayons gamma \u00e0 des \u00e9nergies inhabituellement hautes (dans la gamme des TeV). Les surprises continuent quand une r\u00e9cente analyse de donn\u00e9es du satellite Fermi, archiv\u00e9es par la NASA, montrent une source de rayons gamma, \u00e9galement s\u00e9par\u00e9e de son \u00e9toile, qui envoie des pulsations de rayons gamma avec une p\u00e9riodicit\u00e9 de 162 jours, identique \u00e0 celle de la pr\u00e9cession des jets de SS 433, pour des raisons encore inconnues.<\/span><\/p>\n<p style=\"text-align: right;\"><em><span style=\"font-family: arial, helvetica, sans-serif; font-size: 16px;\"><strong>APOD 2020 08 31 &#8211; Traduction : Olivier Sabbagh<br \/>\n<\/strong>Animation Credit: DESY, Science Communication Lab<\/span><\/em><\/p>\n<p><span style=\"font-family: 'times new roman', times, serif; font-size: 20px;\"><strong>NDT<\/strong> : <strong>SS 433<\/strong> est un micro-quasar de notre galaxie situ\u00e9 dans la constellation de l&rsquo;Aigle qui est unique en son genre. Comme tous les micro-quasars, c&rsquo;est une \u00e9toile binaire de courte p\u00e9riode, dont l&rsquo;un des composants est un trou noir et l&rsquo;autre une \u00e9toile \u00ab&nbsp;normale&nbsp;\u00bb (c&rsquo;est-\u00e0-dire toujours dans la phase de combustion thermonucl\u00e9aire), dans le cas pr\u00e9sent une \u00e9toile superg\u00e9ante. SS 433 se trouve au milieu d&rsquo;un r\u00e9manent de supernova assez spectaculaire, appel\u00e9 W50, et vieux d&rsquo;environ 20.000&nbsp;ans. La supernova aurait produit \u00e0 la fois le trou noir et la n\u00e9buleuse W50. Ce micro-quasar a \u00e9t\u00e9 recens\u00e9 pour la premi\u00e8re fois dans le catalogue SS sous le num\u00e9ro 433.<\/span><\/p>\n<p><span style=\"font-family: 'times new roman', times, serif; font-size: 20px;\">La distance de SS 433 est estim\u00e9e \u00e0 5,5 kiloparsecs soit \u00e0 environ 18.000&nbsp;ann\u00e9es-lumi\u00e8re. SS&nbsp;433 est l&rsquo;un des tr\u00e8s rares micro-quasars connu \u00e9mettant de fa\u00e7on <em>continue<\/em> des jets, dont la vitesse a \u00e9t\u00e9 mesur\u00e9e pr\u00e9cis\u00e9ment \u00e0 0,26 fois la vitesse de la lumi\u00e8re. La masse des deux composantes de SS 433 n&rsquo;est pas connue avec certitude, mais il semble que l&rsquo;\u00e9toile normale ait une masse de 10,9 \u00b1 3,1 masses solaires (M<sub>\u2609<\/sub>), alors que le compagnon compact a une masse estim\u00e9e \u00e0 2,9 \u00b1 0,7 M<sub>\u2609<\/sub>, ce qui en fait un probable candidat trou noir. L&rsquo;\u00e9toile a une type spectral allant de A3 \u00e0 A7 selon les auteurs. Les deux objets sont en orbite l&rsquo;un autour de l&rsquo;autre avec une p\u00e9riode de 13,08 jours. Le compagnon compact de l&rsquo;\u00e9toile \u00e9met un fort rayonnement X, d\u00fb \u00e0 la pr\u00e9sence d&rsquo;un disque d&rsquo;accr\u00e9tion produit par de la mati\u00e8re arrach\u00e9e \u00e0 l&rsquo;\u00e9toile dite \u00ab&nbsp;normale&nbsp;\u00bb. Le plan de la r\u00e9gion interne de ce disque d&rsquo;accr\u00e9tion n&rsquo;est pas parall\u00e8le au plan de l&rsquo;orbite du syst\u00e8me. Il subit donc une pr\u00e9cession, avec une p\u00e9riode de 162,375 jours. Observationnellement, cela se traduit par le fait que les jets observ\u00e9s ne sont pas rectilignes, mais pr\u00e9sentent une structure h\u00e9lico\u00efdale en \u00ab&nbsp;tire-bouchon&nbsp;\u00bb qui s&rsquo;\u00e9vase peu \u00e0 peu.<\/span><\/p>\n<hr>\n<p>&nbsp;<\/p>\n","protected":false},"excerpt":{"rendered":"<p>SS 433 &#8211; Une \u00e9toile binaire Micro-Quasar SS 433 est l\u2019un des plus exotiques syst\u00e8mes d\u2019\u00e9toiles connu. Son nom banal vient de son inclusion dans le catalogue d\u2019\u00e9toiles de la Voie Lact\u00e9e qui \u00e9met des radiations, caract\u00e9ristiques de l\u2019hydrog\u00e8ne atomique. Son comportement remarquable vient d\u2019un objet compact, un trou noir ou une \u00e9toile \u00e0 neutrons, &hellip; <\/p>\n<p class=\"link-more\"><a href=\"https:\/\/gap47.astrosurf.com\/index.php\/etoile-binaire-micro-quasar\/\" class=\"more-link\">Continuer la lecture<span class=\"screen-reader-text\"> de &laquo;&nbsp;Etoile binaire micro quasar&nbsp;&raquo;<\/span><\/a><\/p>\n","protected":false},"author":5,"featured_media":0,"parent":0,"menu_order":0,"comment_status":"closed","ping_status":"closed","template":"","meta":{"_exactmetrics_skip_tracking":false,"_exactmetrics_sitenote_active":false,"_exactmetrics_sitenote_note":"","_exactmetrics_sitenote_category":0,"ngg_post_thumbnail":0,"footnotes":""},"class_list":["post-9869","page","type-page","status-publish","hentry"],"yoast_head":"<!-- This site is optimized with the Yoast SEO plugin v24.8.1 - https:\/\/yoast.com\/wordpress\/plugins\/seo\/ -->\n<title>Etoile binaire micro quasar - L&#039;observatoire est ouvert aux visiteurs tous les vendredis soirs \u00e0 21 heures, jusqu&#039;au 3 juillet 2026 inclus, sans r\u00e9servation.<\/title>\n<meta name=\"robots\" content=\"index, follow, max-snippet:-1, max-image-preview:large, max-video-preview:-1\" \/>\n<link rel=\"canonical\" href=\"https:\/\/gap47.astrosurf.com\/index.php\/etoile-binaire-micro-quasar\/\" \/>\n<meta property=\"og:locale\" content=\"fr_FR\" \/>\n<meta property=\"og:type\" content=\"article\" \/>\n<meta property=\"og:title\" content=\"Etoile binaire micro quasar - L&#039;observatoire est ouvert aux visiteurs tous les vendredis soirs \u00e0 21 heures, jusqu&#039;au 3 juillet 2026 inclus, sans r\u00e9servation.\" \/>\n<meta property=\"og:description\" content=\"SS 433 &#8211; Une \u00e9toile binaire Micro-Quasar SS 433 est l\u2019un des plus exotiques syst\u00e8mes d\u2019\u00e9toiles connu. Son nom banal vient de son inclusion dans le catalogue d\u2019\u00e9toiles de la Voie Lact\u00e9e qui \u00e9met des radiations, caract\u00e9ristiques de l\u2019hydrog\u00e8ne atomique. Son comportement remarquable vient d\u2019un objet compact, un trou noir ou une \u00e9toile \u00e0 neutrons, &hellip; Continuer la lecture de &laquo;&nbsp;Etoile binaire micro quasar&nbsp;&raquo;\" \/>\n<meta property=\"og:url\" content=\"https:\/\/gap47.astrosurf.com\/index.php\/etoile-binaire-micro-quasar\/\" \/>\n<meta property=\"og:site_name\" content=\"L&#039;observatoire est ouvert aux visiteurs tous les vendredis soirs \u00e0 21 heures, jusqu&#039;au 3 juillet 2026 inclus, sans r\u00e9servation.\" \/>\n<meta property=\"article:publisher\" content=\"https:\/\/www.facebook.com\/astrogap47\/\" \/>\n<meta property=\"article:modified_time\" content=\"2020-09-01T23:29:57+00:00\" \/>\n<meta name=\"twitter:card\" content=\"summary_large_image\" \/>\n<meta name=\"twitter:label1\" content=\"Dur\u00e9e de lecture estim\u00e9e\" \/>\n\t<meta name=\"twitter:data1\" content=\"3 minutes\" \/>\n<script type=\"application\/ld+json\" class=\"yoast-schema-graph\">{\"@context\":\"https:\/\/schema.org\",\"@graph\":[{\"@type\":\"WebPage\",\"@id\":\"https:\/\/gap47.astrosurf.com\/index.php\/etoile-binaire-micro-quasar\/\",\"url\":\"https:\/\/gap47.astrosurf.com\/index.php\/etoile-binaire-micro-quasar\/\",\"name\":\"Etoile binaire micro quasar - L&#039;observatoire est ouvert aux visiteurs tous les vendredis soirs \u00e0 21 heures, jusqu&#039;au 3 juillet 2026 inclus, sans r\u00e9servation.\",\"isPartOf\":{\"@id\":\"https:\/\/gap47.astrosurf.com\/#website\"},\"datePublished\":\"2020-09-01T23:27:05+00:00\",\"dateModified\":\"2020-09-01T23:29:57+00:00\",\"breadcrumb\":{\"@id\":\"https:\/\/gap47.astrosurf.com\/index.php\/etoile-binaire-micro-quasar\/#breadcrumb\"},\"inLanguage\":\"fr-FR\",\"potentialAction\":[{\"@type\":\"ReadAction\",\"target\":[\"https:\/\/gap47.astrosurf.com\/index.php\/etoile-binaire-micro-quasar\/\"]}]},{\"@type\":\"BreadcrumbList\",\"@id\":\"https:\/\/gap47.astrosurf.com\/index.php\/etoile-binaire-micro-quasar\/#breadcrumb\",\"itemListElement\":[{\"@type\":\"ListItem\",\"position\":1,\"name\":\"Accueil\",\"item\":\"https:\/\/gap47.astrosurf.com\/\"},{\"@type\":\"ListItem\",\"position\":2,\"name\":\"Etoile binaire micro quasar\"}]},{\"@type\":\"WebSite\",\"@id\":\"https:\/\/gap47.astrosurf.com\/#website\",\"url\":\"https:\/\/gap47.astrosurf.com\/\",\"name\":\"De janvier \u00e0 fin juin 2024, le GAP47 sera ouvert aux visiteurs tous les vendredis \u00e0 21h sans r\u00e9servation, \u00e0 l'exception du vendredi 26 janvier o\u00f9 l'observatoire sera ferm\u00e9 au public.\",\"description\":\"Groupe d&#039;Astronomie Populaire du Lot-et-Garonne, \u00e0 Montayral\",\"potentialAction\":[{\"@type\":\"SearchAction\",\"target\":{\"@type\":\"EntryPoint\",\"urlTemplate\":\"https:\/\/gap47.astrosurf.com\/?s={search_term_string}\"},\"query-input\":{\"@type\":\"PropertyValueSpecification\",\"valueRequired\":true,\"valueName\":\"search_term_string\"}}],\"inLanguage\":\"fr-FR\"}]}<\/script>\n<!-- \/ Yoast SEO plugin. -->","yoast_head_json":{"title":"Etoile binaire micro quasar - L&#039;observatoire est ouvert aux visiteurs tous les vendredis soirs \u00e0 21 heures, jusqu&#039;au 3 juillet 2026 inclus, sans r\u00e9servation.","robots":{"index":"index","follow":"follow","max-snippet":"max-snippet:-1","max-image-preview":"max-image-preview:large","max-video-preview":"max-video-preview:-1"},"canonical":"https:\/\/gap47.astrosurf.com\/index.php\/etoile-binaire-micro-quasar\/","og_locale":"fr_FR","og_type":"article","og_title":"Etoile binaire micro quasar - L&#039;observatoire est ouvert aux visiteurs tous les vendredis soirs \u00e0 21 heures, jusqu&#039;au 3 juillet 2026 inclus, sans r\u00e9servation.","og_description":"SS 433 &#8211; Une \u00e9toile binaire Micro-Quasar SS 433 est l\u2019un des plus exotiques syst\u00e8mes d\u2019\u00e9toiles connu. Son nom banal vient de son inclusion dans le catalogue d\u2019\u00e9toiles de la Voie Lact\u00e9e qui \u00e9met des radiations, caract\u00e9ristiques de l\u2019hydrog\u00e8ne atomique. Son comportement remarquable vient d\u2019un objet compact, un trou noir ou une \u00e9toile \u00e0 neutrons, &hellip; Continuer la lecture de &laquo;&nbsp;Etoile binaire micro quasar&nbsp;&raquo;","og_url":"https:\/\/gap47.astrosurf.com\/index.php\/etoile-binaire-micro-quasar\/","og_site_name":"L&#039;observatoire est ouvert aux visiteurs tous les vendredis soirs \u00e0 21 heures, jusqu&#039;au 3 juillet 2026 inclus, sans r\u00e9servation.","article_publisher":"https:\/\/www.facebook.com\/astrogap47\/","article_modified_time":"2020-09-01T23:29:57+00:00","twitter_card":"summary_large_image","twitter_misc":{"Dur\u00e9e de lecture estim\u00e9e":"3 minutes"},"schema":{"@context":"https:\/\/schema.org","@graph":[{"@type":"WebPage","@id":"https:\/\/gap47.astrosurf.com\/index.php\/etoile-binaire-micro-quasar\/","url":"https:\/\/gap47.astrosurf.com\/index.php\/etoile-binaire-micro-quasar\/","name":"Etoile binaire micro quasar - L&#039;observatoire est ouvert aux visiteurs tous les vendredis soirs \u00e0 21 heures, jusqu&#039;au 3 juillet 2026 inclus, sans r\u00e9servation.","isPartOf":{"@id":"https:\/\/gap47.astrosurf.com\/#website"},"datePublished":"2020-09-01T23:27:05+00:00","dateModified":"2020-09-01T23:29:57+00:00","breadcrumb":{"@id":"https:\/\/gap47.astrosurf.com\/index.php\/etoile-binaire-micro-quasar\/#breadcrumb"},"inLanguage":"fr-FR","potentialAction":[{"@type":"ReadAction","target":["https:\/\/gap47.astrosurf.com\/index.php\/etoile-binaire-micro-quasar\/"]}]},{"@type":"BreadcrumbList","@id":"https:\/\/gap47.astrosurf.com\/index.php\/etoile-binaire-micro-quasar\/#breadcrumb","itemListElement":[{"@type":"ListItem","position":1,"name":"Accueil","item":"https:\/\/gap47.astrosurf.com\/"},{"@type":"ListItem","position":2,"name":"Etoile binaire micro quasar"}]},{"@type":"WebSite","@id":"https:\/\/gap47.astrosurf.com\/#website","url":"https:\/\/gap47.astrosurf.com\/","name":"De janvier \u00e0 fin juin 2024, le GAP47 sera ouvert aux visiteurs tous les vendredis \u00e0 21h sans r\u00e9servation, \u00e0 l'exception du vendredi 26 janvier o\u00f9 l'observatoire sera ferm\u00e9 au public.","description":"Groupe d&#039;Astronomie Populaire du Lot-et-Garonne, \u00e0 Montayral","potentialAction":[{"@type":"SearchAction","target":{"@type":"EntryPoint","urlTemplate":"https:\/\/gap47.astrosurf.com\/?s={search_term_string}"},"query-input":{"@type":"PropertyValueSpecification","valueRequired":true,"valueName":"search_term_string"}}],"inLanguage":"fr-FR"}]}},"_links":{"self":[{"href":"https:\/\/gap47.astrosurf.com\/index.php\/wp-json\/wp\/v2\/pages\/9869","targetHints":{"allow":["GET"]}}],"collection":[{"href":"https:\/\/gap47.astrosurf.com\/index.php\/wp-json\/wp\/v2\/pages"}],"about":[{"href":"https:\/\/gap47.astrosurf.com\/index.php\/wp-json\/wp\/v2\/types\/page"}],"author":[{"embeddable":true,"href":"https:\/\/gap47.astrosurf.com\/index.php\/wp-json\/wp\/v2\/users\/5"}],"replies":[{"embeddable":true,"href":"https:\/\/gap47.astrosurf.com\/index.php\/wp-json\/wp\/v2\/comments?post=9869"}],"version-history":[{"count":2,"href":"https:\/\/gap47.astrosurf.com\/index.php\/wp-json\/wp\/v2\/pages\/9869\/revisions"}],"predecessor-version":[{"id":9873,"href":"https:\/\/gap47.astrosurf.com\/index.php\/wp-json\/wp\/v2\/pages\/9869\/revisions\/9873"}],"wp:attachment":[{"href":"https:\/\/gap47.astrosurf.com\/index.php\/wp-json\/wp\/v2\/media?parent=9869"}],"curies":[{"name":"wp","href":"https:\/\/api.w.org\/{rel}","templated":true}]}}