 {"id":98,"date":"2017-03-31T23:54:13","date_gmt":"2017-03-31T21:54:13","guid":{"rendered":"http:\/\/gap47.astrosurf.com\/?page_id=98"},"modified":"2022-05-03T01:31:35","modified_gmt":"2022-05-02T23:31:35","slug":"calendrier","status":"publish","type":"page","link":"https:\/\/gap47.astrosurf.com\/index.php\/accueil-visiteurs\/calendrier\/","title":{"rendered":"Calendrier des r\u00e9servations"},"content":{"rendered":"<p style=\"text-align: center;\"><span style=\"font-size: 20px; color: #808080;\"><strong><span style=\"font-family: arial,helvetica,sans-serif;\">Calendrier des r\u00e9servations programm\u00e9es et des \u00e9v\u00e8nements en cours.<\/span><\/strong><\/span><\/p>\n<p style=\"text-align: center;\"><span style=\"color: #993366;\"><strong><span style=\"font-family: arial, helvetica, sans-serif; font-size: 20px;\">Ces r\u00e9servations ne concernent pas les visiteurs du vendredi, mais uniquement les r\u00e9servations des groupes scolaires, des autres groupes associatifs et des groupes priv\u00e9s.<\/span><\/strong><\/span><\/p>\n<p style=\"text-align: justify;\"><a href=\"https:\/\/calendar.google.com\/calendar\/embed?src=gap47@aliceadsl.fr&amp;ctz=Europe\/Paris\" target=\"_blank\" rel=\"noopener noreferrer\"><img loading=\"lazy\" decoding=\"async\" class=\"size-full wp-image-738 aligncenter\" src=\"http:\/\/gap47.astrosurf.com\/wp-content\/uploads\/2017\/03\/calendrier.jpg\" alt=\"\" width=\"300\" height=\"240\"><\/a><span style=\"font-family: times new roman,times,serif; font-size: 20px;\"><span style=\"font-family: arial black, sans-serif; font-size: 24px;\"><span style=\"color: #ff0000;\">ATTENTION !<\/span><\/span>&nbsp; <strong>Le GAP47 n&rsquo;assurant les visites que gr\u00e2ce \u00e0 des b\u00e9n\u00e9voles en nombre limit\u00e9, il n&rsquo;est pas possible d&rsquo;envisager l&rsquo;inscription de plus de 3 \u00e0 4 classes par mois. Nous sommes d\u00e9sol\u00e9s de cette limitation et vous incitons \u00e0 pr\u00e9voir vos visites le plus t\u00f4t possible dans l&rsquo;ann\u00e9e scolaire.<\/strong><\/span><\/p>\n<hr>\n","protected":false},"excerpt":{"rendered":"<p>Calendrier des r\u00e9servations programm\u00e9es et des \u00e9v\u00e8nements en cours. Ces r\u00e9servations ne concernent pas les visiteurs du vendredi, mais uniquement les r\u00e9servations des groupes scolaires, des autres groupes associatifs et des groupes priv\u00e9s. ATTENTION !&nbsp; Le GAP47 n&rsquo;assurant les visites que gr\u00e2ce \u00e0 des b\u00e9n\u00e9voles en nombre limit\u00e9, il n&rsquo;est pas possible d&rsquo;envisager l&rsquo;inscription de &hellip; <\/p>\n<p class=\"link-more\"><a href=\"https:\/\/gap47.astrosurf.com\/index.php\/accueil-visiteurs\/calendrier\/\" class=\"more-link\">Continuer la lecture<span class=\"screen-reader-text\"> de &laquo;&nbsp;Calendrier des r\u00e9servations&nbsp;&raquo;<\/span><\/a><\/p>\n","protected":false},"author":5,"featured_media":0,"parent":29,"menu_order":5,"comment_status":"closed","ping_status":"closed","template":"","meta":{"_exactmetrics_skip_tracking":false,"_exactmetrics_sitenote_active":false,"_exactmetrics_sitenote_note":"","_exactmetrics_sitenote_category":0,"ngg_post_thumbnail":0,"footnotes":""},"class_list":["post-98","page","type-page","status-publish","hentry"],"yoast_head":"<!-- This site is optimized with the Yoast SEO plugin v24.8.1 - https:\/\/yoast.com\/wordpress\/plugins\/seo\/ -->\n<title>Calendrier des r\u00e9servations - L&#039;observatoire est ouvert aux visiteurs tous les vendredis soirs \u00e0 21 heures, jusqu&#039;au 3 juillet 2026 inclus, sans r\u00e9servation.<\/title>\n<meta name=\"robots\" content=\"index, follow, max-snippet:-1, max-image-preview:large, max-video-preview:-1\" \/>\n<link rel=\"canonical\" href=\"https:\/\/gap47.astrosurf.com\/index.php\/accueil-visiteurs\/calendrier\/\" \/>\n<meta property=\"og:locale\" content=\"fr_FR\" \/>\n<meta property=\"og:type\" content=\"article\" \/>\n<meta property=\"og:title\" content=\"Calendrier des r\u00e9servations - L&#039;observatoire est ouvert aux visiteurs tous les vendredis soirs \u00e0 21 heures, jusqu&#039;au 3 juillet 2026 inclus, sans r\u00e9servation.\" \/>\n<meta property=\"og:description\" content=\"Calendrier des r\u00e9servations programm\u00e9es et des \u00e9v\u00e8nements en cours. Ces r\u00e9servations ne concernent pas les visiteurs du vendredi, mais uniquement les r\u00e9servations des groupes scolaires, des autres groupes associatifs et des groupes priv\u00e9s. ATTENTION !&nbsp; Le GAP47 n&rsquo;assurant les visites que gr\u00e2ce \u00e0 des b\u00e9n\u00e9voles en nombre limit\u00e9, il n&rsquo;est pas possible d&rsquo;envisager l&rsquo;inscription de &hellip; Continuer la lecture de &laquo;&nbsp;Calendrier des r\u00e9servations&nbsp;&raquo;\" \/>\n<meta property=\"og:url\" content=\"https:\/\/gap47.astrosurf.com\/index.php\/accueil-visiteurs\/calendrier\/\" \/>\n<meta property=\"og:site_name\" content=\"L&#039;observatoire est ouvert aux visiteurs tous les vendredis soirs \u00e0 21 heures, jusqu&#039;au 3 juillet 2026 inclus, sans r\u00e9servation.\" \/>\n<meta property=\"article:publisher\" content=\"https:\/\/www.facebook.com\/astrogap47\/\" \/>\n<meta property=\"article:modified_time\" content=\"2022-05-02T23:31:35+00:00\" \/>\n<meta property=\"og:image\" content=\"http:\/\/gap47.astrosurf.com\/wp-content\/uploads\/2017\/03\/calendrier.jpg\" \/>\n<meta name=\"twitter:card\" content=\"summary_large_image\" \/>\n<meta name=\"twitter:label1\" content=\"Dur\u00e9e de lecture estim\u00e9e\" \/>\n\t<meta name=\"twitter:data1\" content=\"1 minute\" \/>\n<script type=\"application\/ld+json\" class=\"yoast-schema-graph\">{\"@context\":\"https:\/\/schema.org\",\"@graph\":[{\"@type\":\"WebPage\",\"@id\":\"https:\/\/gap47.astrosurf.com\/index.php\/accueil-visiteurs\/calendrier\/\",\"url\":\"https:\/\/gap47.astrosurf.com\/index.php\/accueil-visiteurs\/calendrier\/\",\"name\":\"Calendrier des r\u00e9servations - L&#039;observatoire est ouvert aux visiteurs tous les vendredis soirs \u00e0 21 heures, jusqu&#039;au 3 juillet 2026 inclus, sans r\u00e9servation.\",\"isPartOf\":{\"@id\":\"https:\/\/gap47.astrosurf.com\/#website\"},\"primaryImageOfPage\":{\"@id\":\"https:\/\/gap47.astrosurf.com\/index.php\/accueil-visiteurs\/calendrier\/#primaryimage\"},\"image\":{\"@id\":\"https:\/\/gap47.astrosurf.com\/index.php\/accueil-visiteurs\/calendrier\/#primaryimage\"},\"thumbnailUrl\":\"http:\/\/gap47.astrosurf.com\/wp-content\/uploads\/2017\/03\/calendrier.jpg\",\"datePublished\":\"2017-03-31T21:54:13+00:00\",\"dateModified\":\"2022-05-02T23:31:35+00:00\",\"breadcrumb\":{\"@id\":\"https:\/\/gap47.astrosurf.com\/index.php\/accueil-visiteurs\/calendrier\/#breadcrumb\"},\"inLanguage\":\"fr-FR\",\"potentialAction\":[{\"@type\":\"ReadAction\",\"target\":[\"https:\/\/gap47.astrosurf.com\/index.php\/accueil-visiteurs\/calendrier\/\"]}]},{\"@type\":\"ImageObject\",\"inLanguage\":\"fr-FR\",\"@id\":\"https:\/\/gap47.astrosurf.com\/index.php\/accueil-visiteurs\/calendrier\/#primaryimage\",\"url\":\"https:\/\/gap47.astrosurf.com\/wp-content\/uploads\/2017\/03\/calendrier.jpg\",\"contentUrl\":\"https:\/\/gap47.astrosurf.com\/wp-content\/uploads\/2017\/03\/calendrier.jpg\",\"width\":300,\"height\":240},{\"@type\":\"BreadcrumbList\",\"@id\":\"https:\/\/gap47.astrosurf.com\/index.php\/accueil-visiteurs\/calendrier\/#breadcrumb\",\"itemListElement\":[{\"@type\":\"ListItem\",\"position\":1,\"name\":\"Accueil\",\"item\":\"https:\/\/gap47.astrosurf.com\/\"},{\"@type\":\"ListItem\",\"position\":2,\"name\":\"Accueil visiteurs\",\"item\":\"https:\/\/gap47.astrosurf.com\/index.php\/accueil-visiteurs\/\"},{\"@type\":\"ListItem\",\"position\":3,\"name\":\"Calendrier des r\u00e9servations\"}]},{\"@type\":\"WebSite\",\"@id\":\"https:\/\/gap47.astrosurf.com\/#website\",\"url\":\"https:\/\/gap47.astrosurf.com\/\",\"name\":\"De janvier \u00e0 fin juin 2024, le GAP47 sera ouvert aux visiteurs tous les vendredis \u00e0 21h sans r\u00e9servation, \u00e0 l'exception du vendredi 26 janvier o\u00f9 l'observatoire sera ferm\u00e9 au public.\",\"description\":\"Groupe d&#039;Astronomie Populaire du Lot-et-Garonne, \u00e0 Montayral\",\"potentialAction\":[{\"@type\":\"SearchAction\",\"target\":{\"@type\":\"EntryPoint\",\"urlTemplate\":\"https:\/\/gap47.astrosurf.com\/?s={search_term_string}\"},\"query-input\":{\"@type\":\"PropertyValueSpecification\",\"valueRequired\":true,\"valueName\":\"search_term_string\"}}],\"inLanguage\":\"fr-FR\"}]}<\/script>\n<!-- \/ Yoast SEO plugin. -->","yoast_head_json":{"title":"Calendrier des r\u00e9servations - L&#039;observatoire est ouvert aux visiteurs tous les vendredis soirs \u00e0 21 heures, jusqu&#039;au 3 juillet 2026 inclus, sans r\u00e9servation.","robots":{"index":"index","follow":"follow","max-snippet":"max-snippet:-1","max-image-preview":"max-image-preview:large","max-video-preview":"max-video-preview:-1"},"canonical":"https:\/\/gap47.astrosurf.com\/index.php\/accueil-visiteurs\/calendrier\/","og_locale":"fr_FR","og_type":"article","og_title":"Calendrier des r\u00e9servations - L&#039;observatoire est ouvert aux visiteurs tous les vendredis soirs \u00e0 21 heures, jusqu&#039;au 3 juillet 2026 inclus, sans r\u00e9servation.","og_description":"Calendrier des r\u00e9servations programm\u00e9es et des \u00e9v\u00e8nements en cours. Ces r\u00e9servations ne concernent pas les visiteurs du vendredi, mais uniquement les r\u00e9servations des groupes scolaires, des autres groupes associatifs et des groupes priv\u00e9s. ATTENTION !&nbsp; Le GAP47 n&rsquo;assurant les visites que gr\u00e2ce \u00e0 des b\u00e9n\u00e9voles en nombre limit\u00e9, il n&rsquo;est pas possible d&rsquo;envisager l&rsquo;inscription de &hellip; Continuer la lecture de &laquo;&nbsp;Calendrier des r\u00e9servations&nbsp;&raquo;","og_url":"https:\/\/gap47.astrosurf.com\/index.php\/accueil-visiteurs\/calendrier\/","og_site_name":"L&#039;observatoire est ouvert aux visiteurs tous les vendredis soirs \u00e0 21 heures, jusqu&#039;au 3 juillet 2026 inclus, sans r\u00e9servation.","article_publisher":"https:\/\/www.facebook.com\/astrogap47\/","article_modified_time":"2022-05-02T23:31:35+00:00","og_image":[{"url":"http:\/\/gap47.astrosurf.com\/wp-content\/uploads\/2017\/03\/calendrier.jpg","type":"","width":"","height":""}],"twitter_card":"summary_large_image","twitter_misc":{"Dur\u00e9e de lecture estim\u00e9e":"1 minute"},"schema":{"@context":"https:\/\/schema.org","@graph":[{"@type":"WebPage","@id":"https:\/\/gap47.astrosurf.com\/index.php\/accueil-visiteurs\/calendrier\/","url":"https:\/\/gap47.astrosurf.com\/index.php\/accueil-visiteurs\/calendrier\/","name":"Calendrier des r\u00e9servations - L&#039;observatoire est ouvert aux visiteurs tous les vendredis soirs \u00e0 21 heures, jusqu&#039;au 3 juillet 2026 inclus, sans r\u00e9servation.","isPartOf":{"@id":"https:\/\/gap47.astrosurf.com\/#website"},"primaryImageOfPage":{"@id":"https:\/\/gap47.astrosurf.com\/index.php\/accueil-visiteurs\/calendrier\/#primaryimage"},"image":{"@id":"https:\/\/gap47.astrosurf.com\/index.php\/accueil-visiteurs\/calendrier\/#primaryimage"},"thumbnailUrl":"http:\/\/gap47.astrosurf.com\/wp-content\/uploads\/2017\/03\/calendrier.jpg","datePublished":"2017-03-31T21:54:13+00:00","dateModified":"2022-05-02T23:31:35+00:00","breadcrumb":{"@id":"https:\/\/gap47.astrosurf.com\/index.php\/accueil-visiteurs\/calendrier\/#breadcrumb"},"inLanguage":"fr-FR","potentialAction":[{"@type":"ReadAction","target":["https:\/\/gap47.astrosurf.com\/index.php\/accueil-visiteurs\/calendrier\/"]}]},{"@type":"ImageObject","inLanguage":"fr-FR","@id":"https:\/\/gap47.astrosurf.com\/index.php\/accueil-visiteurs\/calendrier\/#primaryimage","url":"https:\/\/gap47.astrosurf.com\/wp-content\/uploads\/2017\/03\/calendrier.jpg","contentUrl":"https:\/\/gap47.astrosurf.com\/wp-content\/uploads\/2017\/03\/calendrier.jpg","width":300,"height":240},{"@type":"BreadcrumbList","@id":"https:\/\/gap47.astrosurf.com\/index.php\/accueil-visiteurs\/calendrier\/#breadcrumb","itemListElement":[{"@type":"ListItem","position":1,"name":"Accueil","item":"https:\/\/gap47.astrosurf.com\/"},{"@type":"ListItem","position":2,"name":"Accueil visiteurs","item":"https:\/\/gap47.astrosurf.com\/index.php\/accueil-visiteurs\/"},{"@type":"ListItem","position":3,"name":"Calendrier des r\u00e9servations"}]},{"@type":"WebSite","@id":"https:\/\/gap47.astrosurf.com\/#website","url":"https:\/\/gap47.astrosurf.com\/","name":"De janvier \u00e0 fin juin 2024, le GAP47 sera ouvert aux visiteurs tous les vendredis \u00e0 21h sans r\u00e9servation, \u00e0 l'exception du vendredi 26 janvier o\u00f9 l'observatoire sera ferm\u00e9 au public.","description":"Groupe d&#039;Astronomie Populaire du Lot-et-Garonne, \u00e0 Montayral","potentialAction":[{"@type":"SearchAction","target":{"@type":"EntryPoint","urlTemplate":"https:\/\/gap47.astrosurf.com\/?s={search_term_string}"},"query-input":{"@type":"PropertyValueSpecification","valueRequired":true,"valueName":"search_term_string"}}],"inLanguage":"fr-FR"}]}},"_links":{"self":[{"href":"https:\/\/gap47.astrosurf.com\/index.php\/wp-json\/wp\/v2\/pages\/98","targetHints":{"allow":["GET"]}}],"collection":[{"href":"https:\/\/gap47.astrosurf.com\/index.php\/wp-json\/wp\/v2\/pages"}],"about":[{"href":"https:\/\/gap47.astrosurf.com\/index.php\/wp-json\/wp\/v2\/types\/page"}],"author":[{"embeddable":true,"href":"https:\/\/gap47.astrosurf.com\/index.php\/wp-json\/wp\/v2\/users\/5"}],"replies":[{"embeddable":true,"href":"https:\/\/gap47.astrosurf.com\/index.php\/wp-json\/wp\/v2\/comments?post=98"}],"version-history":[{"count":16,"href":"https:\/\/gap47.astrosurf.com\/index.php\/wp-json\/wp\/v2\/pages\/98\/revisions"}],"predecessor-version":[{"id":11343,"href":"https:\/\/gap47.astrosurf.com\/index.php\/wp-json\/wp\/v2\/pages\/98\/revisions\/11343"}],"up":[{"embeddable":true,"href":"https:\/\/gap47.astrosurf.com\/index.php\/wp-json\/wp\/v2\/pages\/29"}],"wp:attachment":[{"href":"https:\/\/gap47.astrosurf.com\/index.php\/wp-json\/wp\/v2\/media?parent=98"}],"curies":[{"name":"wp","href":"https:\/\/api.w.org\/{rel}","templated":true}]}}