 {"id":9680,"date":"2020-07-06T00:56:16","date_gmt":"2020-07-05T22:56:16","guid":{"rendered":"http:\/\/gap47.astrosurf.com\/?page_id=9680"},"modified":"2020-07-06T04:53:04","modified_gmt":"2020-07-06T02:53:04","slug":"gaia-et-les-asteroides","status":"publish","type":"page","link":"https:\/\/gap47.astrosurf.com\/index.php\/gaia-et-les-asteroides\/","title":{"rendered":"Gaia et les ast\u00e9ro\u00efdes"},"content":{"rendered":"<p style=\"text-align: center;\"><span style=\"font-family: arial, helvetica, sans-serif;\">Document ESA &#8211; 2020 07 01<\/span><\/p>\n<p style=\"text-align: center;\"><span style=\"font-family: arial, helvetica, sans-serif; font-size: 24px;\"><strong>Gaia r\u00e9volutionne le suivi des ast\u00e9ro\u00efdes<\/strong><\/span><\/p>\n<p><span style=\"font-family: 'times new roman', times, serif; font-size: 20px;\">L\u2019observatoire spatial Gaia de l\u2019ESA a \u00e9t\u00e9 con\u00e7u pour l\u2019ambitieuse mission de construire une carte tridimensionnelle de notre galaxie en faisant des mesures pr\u00e9cises de plus d\u2019un milliard d\u2019\u00e9toiles. Toutefois, dans sa qu\u00eate vers les soleils distants, Gaia r\u00e9volutionne un champ bien plus proche de chez nous. En cartographiant pr\u00e9cis\u00e9ment les \u00e9toiles, il aide les chercheurs \u00e0 pister des ast\u00e9ro\u00efdes perdus.<\/span><\/p>\n<p>&nbsp;<\/p>\n<p><span style=\"font-family: arial, helvetica, sans-serif;\"><strong><span style=\"font-size: 20px;\">Utiliser les \u00e9toiles pour trouver des ast\u00e9ro\u00efdes<\/span><\/strong><\/span><\/p>\n<p style=\"text-align: center;\"><a href=\"http:\/\/gap47.astrosurf.com\/wp-content\/uploads\/2020\/07\/Asteroid_Gaia-606_on_26_October_2016.jpg\"><img loading=\"lazy\" decoding=\"async\" class=\"aligncenter wp-image-9683 size-full\" src=\"http:\/\/gap47.astrosurf.com\/wp-content\/uploads\/2020\/07\/Asteroid_Gaia-606_on_26_October_2016.jpg\" alt=\"\" width=\"1280\" height=\"720\" srcset=\"https:\/\/gap47.astrosurf.com\/wp-content\/uploads\/2020\/07\/Asteroid_Gaia-606_on_26_October_2016.jpg 1280w, https:\/\/gap47.astrosurf.com\/wp-content\/uploads\/2020\/07\/Asteroid_Gaia-606_on_26_October_2016-300x169.jpg 300w, https:\/\/gap47.astrosurf.com\/wp-content\/uploads\/2020\/07\/Asteroid_Gaia-606_on_26_October_2016-768x432.jpg 768w\" sizes=\"auto, (max-width: 767px) 89vw, (max-width: 1000px) 54vw, (max-width: 1071px) 543px, 580px\" \/><\/a><em><span style=\"font-family: 'times new roman', times, serif; font-size: 20px;\">Ces six images montrent l\u2019ast\u00e9ro\u00efde Gaia-606 (indiqu\u00e9 par une fl\u00e8che) le 26 octobre 2016. Les images, prises sur une p\u00e9riode de 18 minutes, ont \u00e9t\u00e9 prises \u00e0 l\u2019Observatoire de Haute Provence au sud de la France par William Thuillot, Vincent Robert and Nicolas Thouvenin (Observatoire de Paris\/IMCCE).<\/span><\/em><\/p>\n<p><span style=\"font-family: 'times new roman', times, serif; font-size: 20px;\">Gaia-606 a \u00e9t\u00e9 d\u00e9couvert en octobre 2016 quand Gaia recherchait la pr\u00e9sence d\u2019une source faible et mouvante dans cette r\u00e9gion du ciel. Les astronomes se sont mis imm\u00e9diatement au travail et ont pr\u00e9dit la position de l\u2019ast\u00e9ro\u00efde, vue depuis le sol sur une p\u00e9riode de quelques jours. Les observations suivantes de Thuillot et de ses coll\u00e8gues ont montr\u00e9 que c\u2019\u00e9tait un ast\u00e9ro\u00efde qui ne correspondait pas \u00e0 l\u2019orbite d\u2019aucun autre objet catalogu\u00e9 du syst\u00e8me solaire. Des investigations plus pouss\u00e9es ont r\u00e9v\u00e9l\u00e9 que quelques observations \u00e9parses de cet objet existaient d\u00e9j\u00e0. Gaia-606 a maintenant \u00e9t\u00e9 renomm\u00e9 2016 UV56.<\/span><\/p>\n<p><span style=\"font-family: 'times new roman', times, serif; font-size: 20px;\">Gaia cartographie la galaxie en scannant \u00e0 de nombreuses reprises la totalit\u00e9 du ciel. Pendant la dur\u00e9e pr\u00e9vue de sa mission, il observe chacune de son milliard de cibles environ 70 fois chacune pour \u00e9tudier les changements de sa position et de sa luminosit\u00e9 dans le temps.<\/span><\/p>\n<p><span style=\"font-family: 'times new roman', times, serif; font-size: 20px;\">Les \u00e9toiles sont si loin de la Terre que leurs mouvements entre les images sont tr\u00e8s petits, ce pourquoi Gaia doit mesurer si pr\u00e9cis\u00e9ment leurs positions pour pouvoir remarquer une diff\u00e9rence. Toutefois, il arrive que Gaia d\u00e9couvre de faibles sources lumineuses qui bougent consid\u00e9rablement de l\u2019image d\u2019une certaine r\u00e9gion du ciel \u00e0 la suivante, ou sont m\u00eame visibles dans une seule image avant de dispara\u00eetre.<\/span><\/p>\n<p><span style=\"font-family: 'times new roman', times, serif; font-size: 20px;\">Pour se d\u00e9lacer aussi rapidement dans le champ de vision de Gaia, ces objets doivent se situer bien plus pr\u00e8s de la Terre. En comparant les positions de ces objets par rapport aux catalogues des objets du syst\u00e8me solaire, beaucoup d\u2019entre eux s\u2019av\u00e8rent \u00eatre des ast\u00e9ro\u00efdes connus. Toutefois, d\u2019autres sont identifi\u00e9s comme \u00e9tant de possible nouvelles d\u00e9couvertes et sont ensuite suivis par la communaut\u00e9 des astronomes gr\u00e2ce au r\u00e9seau de suivi de Gaia pour les objets du syst\u00e8me solaire. Au travers de ce processus, Gaia a d\u00e9couvert avec succ\u00e8s de nouveaux ast\u00e9ro\u00efdes.<\/span><\/p>\n<p>&nbsp;<\/p>\n<p><span style=\"color: #000000; font-family: arial, helvetica, sans-serif;\"><strong><span style=\"font-size: 20px;\">Perdu et trouv\u00e9<\/span><\/strong><\/span><\/p>\n<p style=\"text-align: center;\"><a href=\"http:\/\/gap47.astrosurf.com\/wp-content\/uploads\/2020\/07\/Lute\u0301cia.png\"><img loading=\"lazy\" decoding=\"async\" class=\"aligncenter size-full wp-image-9684\" src=\"http:\/\/gap47.astrosurf.com\/wp-content\/uploads\/2020\/07\/Lute\u0301cia.png\" alt=\"\" width=\"1060\" height=\"1050\" srcset=\"https:\/\/gap47.astrosurf.com\/wp-content\/uploads\/2020\/07\/Lute\u0301cia.png 1060w, https:\/\/gap47.astrosurf.com\/wp-content\/uploads\/2020\/07\/Lute\u0301cia-150x150.png 150w, https:\/\/gap47.astrosurf.com\/wp-content\/uploads\/2020\/07\/Lute\u0301cia-300x297.png 300w, https:\/\/gap47.astrosurf.com\/wp-content\/uploads\/2020\/07\/Lute\u0301cia-768x761.png 768w, https:\/\/gap47.astrosurf.com\/wp-content\/uploads\/2020\/07\/Lute\u0301cia-100x100.png 100w\" sizes=\"auto, (max-width: 767px) 89vw, (max-width: 1000px) 54vw, (max-width: 1071px) 543px, 580px\" \/><\/a><span style=\"font-family: 'times new roman', times, serif;\"><em>Lut\u00e9tia \u00e0 son approche maximale<\/em><\/span><\/p>\n<p><span style=\"font-family: 'times new roman', times, serif; font-size: 20px;\">Ces observations directes des ast\u00e9ro\u00efdes sont importantes pour les scientifiques qui \u00e9tudient le syst\u00e8me solaire. Les mesures extr\u00eamement pr\u00e9cises de la position des \u00e9toiles fournissent un b\u00e9n\u00e9fice percutant mais indirect pour le suivi des ast\u00e9ro\u00efdes.<\/span><\/p>\n<p><span style=\"font-family: 'times new roman', times, serif; font-size: 20px;\">\u00ab Quand nous observons un ast\u00e9ro\u00efde, nous regardons son mouvement relatif par rapport aux \u00e9toiles situ\u00e9es en arri\u00e8re-plan pour d\u00e9terminer sa trajectoire et pr\u00e9dire sa position dans le futur \u00bb dit Marco Micheli du Centre de Coordination des objets proches de la Terre. \u00ab Cela veut dire que mieux nous connaissons la position des \u00e9toiles, plus grande sera la fiabilit\u00e9 dans la connaissance de l\u2019orbite d\u2019un ast\u00e9ro\u00efde qui passe devant elles \u00bb.<\/span><\/p>\n<p><span style=\"font-family: 'times new roman', times, serif; font-size: 20px;\">En collaboration avec l\u2019Observatoire Europ\u00e9en Austral (ESO), l\u2019\u00e9quipe de Marco a pris part \u00e0 une campagne d\u2019observations visant 2012 TC4, un petit ast\u00e9ro\u00efde qui devait passer devant la Terre. Malheureusement, comme l\u2019ast\u00e9ro\u00efde avait \u00e9t\u00e9 d\u00e9couvert en 2012, la vision qu\u2019on en avait devenait de plus en plus faible tandis qu\u2019il s\u2019\u00e9loignait de la Terre, et il finit par \u00eatre indiscernable. O\u00f9 apparaitrait-t-il au moment de la campagne suivante, on ne le savait pas.<\/span><\/p>\n<p><span style=\"font-family: 'times new roman', times, serif; font-size: 20px;\">\u00ab&nbsp;La r\u00e9gion du ciel ou l\u2019ast\u00e9ro\u00efde pouvait peut-\u00eatre revenir \u00e9tait plus grande que ce qu\u2019un t\u00e9lescope peut observer en une fois&nbsp;\u00bb, dit Marco. \u00ab&nbsp;Nous devions donc trouver un moyen pour am\u00e9liorer notre pr\u00e9diction quant \u00e0 l\u2019emplacement futur de l\u2019ast\u00e9ro\u00efde&nbsp;\u00bb.<\/span><\/p>\n<p><span style=\"font-family: 'times new roman', times, serif; font-size: 20px;\">\u00ab&nbsp;Je suis revenu aux observations&nbsp;initiales de 2012. Gaia avait depuis fait de mesures plus pr\u00e9cises sur les positions de quelques \u00e9toiles en arri\u00e8re-plan des images, et je les ai utilis\u00e9es pour mettre \u00e0 jour notre compr\u00e9hension de la trajectoire de l\u2019ast\u00e9ro\u00efde ainsi pr\u00e9dire l\u2019endroit o\u00f9 il devait appara\u00eetre&nbsp;\u00bb.<\/span><\/p>\n<p><span style=\"font-family: 'times new roman', times, serif; font-size: 20px;\">\u201cNous avons point\u00e9 le t\u00e9lescope vers cette zone du ciel en utilisant les donn\u00e9es de Gaia et nous avons trouv\u00e9 l\u2019ast\u00e9ro\u00efde d\u00e8s le premier essai&nbsp;\u00bb.<\/span><\/p>\n<p><span style=\"font-family: 'times new roman', times, serif; font-size: 20px;\">\u201cNotre but suivant \u00e9tait de mesurer pr\u00e9cis\u00e9ment la position de l\u2019ast\u00e9ro\u00efde, mais nous n\u2019avions que tr\u00e8s peu d\u2019\u00e9toiles dans notre nouvelle image pour les utiliser comme r\u00e9f\u00e9rences. Il y avait 17 \u00e9toiles list\u00e9es dans un catalogue plus ancien et seulement 4 \u00e9toiles mesur\u00e9es par Gaia. J\u2019ai fait les calculs en utilisant les deux jeux de donn\u00e9es \u00bb.<\/span><\/p>\n<p><span style=\"font-family: 'times new roman', times, serif; font-size: 20px;\">\u00ab&nbsp;Plus tard dans l\u2019ann\u00e9e, une fois que l\u2019ast\u00e9ro\u00efde avait \u00e9t\u00e9 observ\u00e9 de nombreuses fois par d\u2019autres \u00e9quipes et sa trajectoire mieux connue, il est devenu clair que les mesures que j\u2019avais faites en n\u2019utilisant que les quatre \u00e9toiles de Gaia \u00e9taient bien plus pr\u00e9cises que les 17 autres \u00e9toiles. C\u2019\u00e9tait r\u00e9ellement incroyable \u00bb. Marco d\u00e9crit ainsi son travail dans la recherche d\u2019ast\u00e9ro\u00efdes \u00e0 risque : \u00ab&nbsp;C\u2019est le seul d\u00e9sastre naturel sur lequel nous pouvons faire quelque chose&nbsp;\u00bb.<\/span><\/p>\n<p>&nbsp;<\/p>\n<p><span style=\"color: #000000; font-family: arial, helvetica, sans-serif;\"><strong><span style=\"font-size: 20px;\">S\u00e9curiser la Terre<\/span><\/strong><\/span><\/p>\n<p style=\"text-align: center;\"><a href=\"https:\/\/www.youtube.com\/watch?v=CCZHiIqzL78\"><img loading=\"lazy\" decoding=\"async\" class=\"aligncenter wp-image-9692 size-full\" src=\"http:\/\/gap47.astrosurf.com\/wp-content\/uploads\/2020\/07\/Vide\u0301o-ESA-Aste\u0301roi\u0308des.jpg\" alt=\"\" width=\"2000\" height=\"1124\" srcset=\"https:\/\/gap47.astrosurf.com\/wp-content\/uploads\/2020\/07\/Vide\u0301o-ESA-Aste\u0301roi\u0308des.jpg 2000w, https:\/\/gap47.astrosurf.com\/wp-content\/uploads\/2020\/07\/Vide\u0301o-ESA-Aste\u0301roi\u0308des-300x169.jpg 300w, https:\/\/gap47.astrosurf.com\/wp-content\/uploads\/2020\/07\/Vide\u0301o-ESA-Aste\u0301roi\u0308des-768x432.jpg 768w\" sizes=\"auto, (max-width: 767px) 89vw, (max-width: 1000px) 54vw, (max-width: 1071px) 543px, 580px\" \/><\/a><span style=\"font-family: 'times new roman', times, serif; font-size: 20px;\"><em>Vue anim\u00e9e de 14.099 ast\u00e9ro\u00efdes dans notre syst\u00e8me solaire, \u00e9tablie par le satellite Gaia de l\u2019ESA, en utilisant les donn\u00e9es de la seconde publication de la mission. Les orbites des 200 ast\u00e9ro\u00efdes les plus brillants sont \u00e9galement montr\u00e9es en utilisant les donn\u00e9es de Gaia.<\/em><\/span><\/p>\n<p><span style=\"font-family: 'times new roman', times, serif; font-size: 20px;\">Cette m\u00eame technique est appliqu\u00e9e aux ast\u00e9ro\u00efdes qui n\u2019ont jamais \u00e9t\u00e9 perdus, ce qui permet aux chercheurs d\u2019utiliser les donn\u00e9es de Gaia pour d\u00e9terminer leurs trajectoires et propri\u00e9t\u00e9s physiques plus pr\u00e9cis\u00e9ment que jamais. Cela les aide \u00e0 mettre \u00e0 jour les mod\u00e8les de populations d\u2019ast\u00e9ro\u00efdes et d\u2019approfondir notre compr\u00e9hension de la mani\u00e8re dont leurs orbites se d\u00e9veloppent, par exemple, en mesurant les effets dynamiques subtils qui jouent un r\u00f4le-cl\u00e9 en poussant des petits ast\u00e9ro\u00efdes sur des orbites qui pourraient les mettre en position d\u2019une collision avec la Terre.<\/span><\/p>\n<p>&nbsp;<\/p>\n<p><span style=\"color: #000000; font-family: arial, helvetica, sans-serif;\"><strong><span style=\"font-size: 20px;\">Danser avec la lumi\u00e8re du jour<\/span><\/strong><\/span><\/p>\n<p><span style=\"font-family: 'times new roman', times, serif; font-size: 20px;\">Dans le but de faire des mesures si pr\u00e9cises de la position d\u2019autres \u00e9toiles, Gaia a une relation compliqu\u00e9 avec notre \u00e9toile, le Soleil.<\/span><\/p>\n<p><span style=\"font-family: 'times new roman', times, serif; font-size: 20px;\">Gaia est en orbite autour du point de Lagrange L2 du syst\u00e8me Soleil-Terre. Cet emplacement situe le Soleil, le Terre et la Lune loin de Gaia, ce qui lui permet d\u2019observer une grande portion du ciel sans interf\u00e9rence. C\u2019est aussi un environnement o\u00f9 les radiations thermiques dont stables. Toutefois, Gaia ne doit pas tomber enti\u00e8rement dans l\u2019ombre de la Terre dans la mesure o\u00f9 la sonde d\u00e9pend de la lumi\u00e8re du Soleil pour recharger ses batteries. Comme l\u2019orbite autour du point L2 est instable, de petites perturbations peuvent se produire et conduire la sonde vers une \u00e9clipse.<\/span><\/p>\n<p style=\"text-align: center;\"><a href=\"http:\/\/gap47.astrosurf.com\/wp-content\/uploads\/2020\/07\/Avoiding_Earth_s_shadow.gif\"><img loading=\"lazy\" decoding=\"async\" class=\"aligncenter size-full wp-image-9685\" src=\"http:\/\/gap47.astrosurf.com\/wp-content\/uploads\/2020\/07\/Avoiding_Earth_s_shadow.gif\" alt=\"\" width=\"800\" height=\"450\"><\/a><span style=\"font-family: 'times new roman', times, serif; font-size: 20px;\"><em>\u00c9vitement de l\u2019ombre de la Terre<\/em><\/span><\/p>\n<p><span style=\"font-family: 'times new roman', times, serif; font-size: 20px;\">L\u2019\u00e9quipe de contr\u00f4le de vol de Gaia \u00e0 l\u2019ESA \u00e0 Darmstadt est responsable pour effectuer les corrections de trajectoire de la sonde pour la maintenir sur une orbite correcte, en dehors de l\u2019ombre de la Terre. Ils s\u2019assurent que Gaia reste l\u2019une des sondes les plus stables jamais r\u00e9alis\u00e9es. Le 16 juillet 2019, l\u2019\u00e9quipe a r\u00e9alis\u00e9 avec succ\u00e8s une man\u0153uvre d\u2019\u00e9vitement d\u2019une \u00e9clipse, en d\u00e9pla\u00e7ant Gaia vers une extension de sa mission, lui permettant ainsi de continuer \u00e0 observer le ciel pendant plusieurs ann\u00e9es suppl\u00e9mentaires.<\/span><\/p>\n<p>&nbsp;<\/p>\n<p style=\"text-align: right;\"><span style=\"font-family: arial, helvetica, sans-serif;\">Traduction&nbsp;: Olivier Sabbagh<\/span><\/p>\n<hr>\n<p>&nbsp;<\/p>\n","protected":false},"excerpt":{"rendered":"<p>Document ESA &#8211; 2020 07 01 Gaia r\u00e9volutionne le suivi des ast\u00e9ro\u00efdes L\u2019observatoire spatial Gaia de l\u2019ESA a \u00e9t\u00e9 con\u00e7u pour l\u2019ambitieuse mission de construire une carte tridimensionnelle de notre galaxie en faisant des mesures pr\u00e9cises de plus d\u2019un milliard d\u2019\u00e9toiles. Toutefois, dans sa qu\u00eate vers les soleils distants, Gaia r\u00e9volutionne un champ bien plus &hellip; <\/p>\n<p class=\"link-more\"><a href=\"https:\/\/gap47.astrosurf.com\/index.php\/gaia-et-les-asteroides\/\" class=\"more-link\">Continuer la lecture<span class=\"screen-reader-text\"> de &laquo;&nbsp;Gaia et les ast\u00e9ro\u00efdes&nbsp;&raquo;<\/span><\/a><\/p>\n","protected":false},"author":5,"featured_media":0,"parent":0,"menu_order":0,"comment_status":"closed","ping_status":"closed","template":"","meta":{"_exactmetrics_skip_tracking":false,"_exactmetrics_sitenote_active":false,"_exactmetrics_sitenote_note":"","_exactmetrics_sitenote_category":0,"ngg_post_thumbnail":0,"footnotes":""},"class_list":["post-9680","page","type-page","status-publish","hentry"],"yoast_head":"<!-- This site is optimized with the Yoast SEO plugin v24.8.1 - https:\/\/yoast.com\/wordpress\/plugins\/seo\/ -->\n<title>Gaia et les ast\u00e9ro\u00efdes - L&#039;observatoire est ouvert aux visiteurs tous les vendredis soirs \u00e0 21 heures, jusqu&#039;au 3 juillet 2026 inclus, sans r\u00e9servation.<\/title>\n<meta name=\"robots\" content=\"index, follow, max-snippet:-1, max-image-preview:large, max-video-preview:-1\" \/>\n<link rel=\"canonical\" href=\"https:\/\/gap47.astrosurf.com\/index.php\/gaia-et-les-asteroides\/\" \/>\n<meta property=\"og:locale\" content=\"fr_FR\" \/>\n<meta property=\"og:type\" content=\"article\" \/>\n<meta property=\"og:title\" content=\"Gaia et les ast\u00e9ro\u00efdes - L&#039;observatoire est ouvert aux visiteurs tous les vendredis soirs \u00e0 21 heures, jusqu&#039;au 3 juillet 2026 inclus, sans r\u00e9servation.\" \/>\n<meta property=\"og:description\" content=\"Document ESA &#8211; 2020 07 01 Gaia r\u00e9volutionne le suivi des ast\u00e9ro\u00efdes L\u2019observatoire spatial Gaia de l\u2019ESA a \u00e9t\u00e9 con\u00e7u pour l\u2019ambitieuse mission de construire une carte tridimensionnelle de notre galaxie en faisant des mesures pr\u00e9cises de plus d\u2019un milliard d\u2019\u00e9toiles. Toutefois, dans sa qu\u00eate vers les soleils distants, Gaia r\u00e9volutionne un champ bien plus &hellip; Continuer la lecture de &laquo;&nbsp;Gaia et les ast\u00e9ro\u00efdes&nbsp;&raquo;\" \/>\n<meta property=\"og:url\" content=\"https:\/\/gap47.astrosurf.com\/index.php\/gaia-et-les-asteroides\/\" \/>\n<meta property=\"og:site_name\" content=\"L&#039;observatoire est ouvert aux visiteurs tous les vendredis soirs \u00e0 21 heures, jusqu&#039;au 3 juillet 2026 inclus, sans r\u00e9servation.\" \/>\n<meta property=\"article:publisher\" content=\"https:\/\/www.facebook.com\/astrogap47\/\" \/>\n<meta property=\"article:modified_time\" content=\"2020-07-06T02:53:04+00:00\" \/>\n<meta property=\"og:image\" content=\"http:\/\/gap47.astrosurf.com\/wp-content\/uploads\/2020\/07\/Asteroid_Gaia-606_on_26_October_2016.jpg\" \/>\n<meta name=\"twitter:card\" content=\"summary_large_image\" \/>\n<meta name=\"twitter:label1\" content=\"Dur\u00e9e de lecture estim\u00e9e\" \/>\n\t<meta name=\"twitter:data1\" content=\"7 minutes\" \/>\n<script type=\"application\/ld+json\" class=\"yoast-schema-graph\">{\"@context\":\"https:\/\/schema.org\",\"@graph\":[{\"@type\":\"WebPage\",\"@id\":\"https:\/\/gap47.astrosurf.com\/index.php\/gaia-et-les-asteroides\/\",\"url\":\"https:\/\/gap47.astrosurf.com\/index.php\/gaia-et-les-asteroides\/\",\"name\":\"Gaia et les ast\u00e9ro\u00efdes - L&#039;observatoire est ouvert aux visiteurs tous les vendredis soirs \u00e0 21 heures, jusqu&#039;au 3 juillet 2026 inclus, sans r\u00e9servation.\",\"isPartOf\":{\"@id\":\"https:\/\/gap47.astrosurf.com\/#website\"},\"primaryImageOfPage\":{\"@id\":\"https:\/\/gap47.astrosurf.com\/index.php\/gaia-et-les-asteroides\/#primaryimage\"},\"image\":{\"@id\":\"https:\/\/gap47.astrosurf.com\/index.php\/gaia-et-les-asteroides\/#primaryimage\"},\"thumbnailUrl\":\"http:\/\/gap47.astrosurf.com\/wp-content\/uploads\/2020\/07\/Asteroid_Gaia-606_on_26_October_2016.jpg\",\"datePublished\":\"2020-07-05T22:56:16+00:00\",\"dateModified\":\"2020-07-06T02:53:04+00:00\",\"breadcrumb\":{\"@id\":\"https:\/\/gap47.astrosurf.com\/index.php\/gaia-et-les-asteroides\/#breadcrumb\"},\"inLanguage\":\"fr-FR\",\"potentialAction\":[{\"@type\":\"ReadAction\",\"target\":[\"https:\/\/gap47.astrosurf.com\/index.php\/gaia-et-les-asteroides\/\"]}]},{\"@type\":\"ImageObject\",\"inLanguage\":\"fr-FR\",\"@id\":\"https:\/\/gap47.astrosurf.com\/index.php\/gaia-et-les-asteroides\/#primaryimage\",\"url\":\"http:\/\/gap47.astrosurf.com\/wp-content\/uploads\/2020\/07\/Asteroid_Gaia-606_on_26_October_2016.jpg\",\"contentUrl\":\"http:\/\/gap47.astrosurf.com\/wp-content\/uploads\/2020\/07\/Asteroid_Gaia-606_on_26_October_2016.jpg\"},{\"@type\":\"BreadcrumbList\",\"@id\":\"https:\/\/gap47.astrosurf.com\/index.php\/gaia-et-les-asteroides\/#breadcrumb\",\"itemListElement\":[{\"@type\":\"ListItem\",\"position\":1,\"name\":\"Accueil\",\"item\":\"https:\/\/gap47.astrosurf.com\/\"},{\"@type\":\"ListItem\",\"position\":2,\"name\":\"Gaia et les ast\u00e9ro\u00efdes\"}]},{\"@type\":\"WebSite\",\"@id\":\"https:\/\/gap47.astrosurf.com\/#website\",\"url\":\"https:\/\/gap47.astrosurf.com\/\",\"name\":\"De janvier \u00e0 fin juin 2024, le GAP47 sera ouvert aux visiteurs tous les vendredis \u00e0 21h sans r\u00e9servation, \u00e0 l'exception du vendredi 26 janvier o\u00f9 l'observatoire sera ferm\u00e9 au public.\",\"description\":\"Groupe d&#039;Astronomie Populaire du Lot-et-Garonne, \u00e0 Montayral\",\"potentialAction\":[{\"@type\":\"SearchAction\",\"target\":{\"@type\":\"EntryPoint\",\"urlTemplate\":\"https:\/\/gap47.astrosurf.com\/?s={search_term_string}\"},\"query-input\":{\"@type\":\"PropertyValueSpecification\",\"valueRequired\":true,\"valueName\":\"search_term_string\"}}],\"inLanguage\":\"fr-FR\"}]}<\/script>\n<!-- \/ Yoast SEO plugin. -->","yoast_head_json":{"title":"Gaia et les ast\u00e9ro\u00efdes - L&#039;observatoire est ouvert aux visiteurs tous les vendredis soirs \u00e0 21 heures, jusqu&#039;au 3 juillet 2026 inclus, sans r\u00e9servation.","robots":{"index":"index","follow":"follow","max-snippet":"max-snippet:-1","max-image-preview":"max-image-preview:large","max-video-preview":"max-video-preview:-1"},"canonical":"https:\/\/gap47.astrosurf.com\/index.php\/gaia-et-les-asteroides\/","og_locale":"fr_FR","og_type":"article","og_title":"Gaia et les ast\u00e9ro\u00efdes - L&#039;observatoire est ouvert aux visiteurs tous les vendredis soirs \u00e0 21 heures, jusqu&#039;au 3 juillet 2026 inclus, sans r\u00e9servation.","og_description":"Document ESA &#8211; 2020 07 01 Gaia r\u00e9volutionne le suivi des ast\u00e9ro\u00efdes L\u2019observatoire spatial Gaia de l\u2019ESA a \u00e9t\u00e9 con\u00e7u pour l\u2019ambitieuse mission de construire une carte tridimensionnelle de notre galaxie en faisant des mesures pr\u00e9cises de plus d\u2019un milliard d\u2019\u00e9toiles. Toutefois, dans sa qu\u00eate vers les soleils distants, Gaia r\u00e9volutionne un champ bien plus &hellip; Continuer la lecture de &laquo;&nbsp;Gaia et les ast\u00e9ro\u00efdes&nbsp;&raquo;","og_url":"https:\/\/gap47.astrosurf.com\/index.php\/gaia-et-les-asteroides\/","og_site_name":"L&#039;observatoire est ouvert aux visiteurs tous les vendredis soirs \u00e0 21 heures, jusqu&#039;au 3 juillet 2026 inclus, sans r\u00e9servation.","article_publisher":"https:\/\/www.facebook.com\/astrogap47\/","article_modified_time":"2020-07-06T02:53:04+00:00","og_image":[{"url":"http:\/\/gap47.astrosurf.com\/wp-content\/uploads\/2020\/07\/Asteroid_Gaia-606_on_26_October_2016.jpg","type":"","width":"","height":""}],"twitter_card":"summary_large_image","twitter_misc":{"Dur\u00e9e de lecture estim\u00e9e":"7 minutes"},"schema":{"@context":"https:\/\/schema.org","@graph":[{"@type":"WebPage","@id":"https:\/\/gap47.astrosurf.com\/index.php\/gaia-et-les-asteroides\/","url":"https:\/\/gap47.astrosurf.com\/index.php\/gaia-et-les-asteroides\/","name":"Gaia et les ast\u00e9ro\u00efdes - L&#039;observatoire est ouvert aux visiteurs tous les vendredis soirs \u00e0 21 heures, jusqu&#039;au 3 juillet 2026 inclus, sans r\u00e9servation.","isPartOf":{"@id":"https:\/\/gap47.astrosurf.com\/#website"},"primaryImageOfPage":{"@id":"https:\/\/gap47.astrosurf.com\/index.php\/gaia-et-les-asteroides\/#primaryimage"},"image":{"@id":"https:\/\/gap47.astrosurf.com\/index.php\/gaia-et-les-asteroides\/#primaryimage"},"thumbnailUrl":"http:\/\/gap47.astrosurf.com\/wp-content\/uploads\/2020\/07\/Asteroid_Gaia-606_on_26_October_2016.jpg","datePublished":"2020-07-05T22:56:16+00:00","dateModified":"2020-07-06T02:53:04+00:00","breadcrumb":{"@id":"https:\/\/gap47.astrosurf.com\/index.php\/gaia-et-les-asteroides\/#breadcrumb"},"inLanguage":"fr-FR","potentialAction":[{"@type":"ReadAction","target":["https:\/\/gap47.astrosurf.com\/index.php\/gaia-et-les-asteroides\/"]}]},{"@type":"ImageObject","inLanguage":"fr-FR","@id":"https:\/\/gap47.astrosurf.com\/index.php\/gaia-et-les-asteroides\/#primaryimage","url":"http:\/\/gap47.astrosurf.com\/wp-content\/uploads\/2020\/07\/Asteroid_Gaia-606_on_26_October_2016.jpg","contentUrl":"http:\/\/gap47.astrosurf.com\/wp-content\/uploads\/2020\/07\/Asteroid_Gaia-606_on_26_October_2016.jpg"},{"@type":"BreadcrumbList","@id":"https:\/\/gap47.astrosurf.com\/index.php\/gaia-et-les-asteroides\/#breadcrumb","itemListElement":[{"@type":"ListItem","position":1,"name":"Accueil","item":"https:\/\/gap47.astrosurf.com\/"},{"@type":"ListItem","position":2,"name":"Gaia et les ast\u00e9ro\u00efdes"}]},{"@type":"WebSite","@id":"https:\/\/gap47.astrosurf.com\/#website","url":"https:\/\/gap47.astrosurf.com\/","name":"De janvier \u00e0 fin juin 2024, le GAP47 sera ouvert aux visiteurs tous les vendredis \u00e0 21h sans r\u00e9servation, \u00e0 l'exception du vendredi 26 janvier o\u00f9 l'observatoire sera ferm\u00e9 au public.","description":"Groupe d&#039;Astronomie Populaire du Lot-et-Garonne, \u00e0 Montayral","potentialAction":[{"@type":"SearchAction","target":{"@type":"EntryPoint","urlTemplate":"https:\/\/gap47.astrosurf.com\/?s={search_term_string}"},"query-input":{"@type":"PropertyValueSpecification","valueRequired":true,"valueName":"search_term_string"}}],"inLanguage":"fr-FR"}]}},"_links":{"self":[{"href":"https:\/\/gap47.astrosurf.com\/index.php\/wp-json\/wp\/v2\/pages\/9680","targetHints":{"allow":["GET"]}}],"collection":[{"href":"https:\/\/gap47.astrosurf.com\/index.php\/wp-json\/wp\/v2\/pages"}],"about":[{"href":"https:\/\/gap47.astrosurf.com\/index.php\/wp-json\/wp\/v2\/types\/page"}],"author":[{"embeddable":true,"href":"https:\/\/gap47.astrosurf.com\/index.php\/wp-json\/wp\/v2\/users\/5"}],"replies":[{"embeddable":true,"href":"https:\/\/gap47.astrosurf.com\/index.php\/wp-json\/wp\/v2\/comments?post=9680"}],"version-history":[{"count":8,"href":"https:\/\/gap47.astrosurf.com\/index.php\/wp-json\/wp\/v2\/pages\/9680\/revisions"}],"predecessor-version":[{"id":9694,"href":"https:\/\/gap47.astrosurf.com\/index.php\/wp-json\/wp\/v2\/pages\/9680\/revisions\/9694"}],"wp:attachment":[{"href":"https:\/\/gap47.astrosurf.com\/index.php\/wp-json\/wp\/v2\/media?parent=9680"}],"curies":[{"name":"wp","href":"https:\/\/api.w.org\/{rel}","templated":true}]}}