 {"id":9652,"date":"2020-06-04T09:26:34","date_gmt":"2020-06-04T07:26:34","guid":{"rendered":"http:\/\/gap47.astrosurf.com\/?page_id=9652"},"modified":"2020-06-04T09:34:15","modified_gmt":"2020-06-04T07:34:15","slug":"la-danse-de-venus-et-de-la-terre","status":"publish","type":"page","link":"https:\/\/gap47.astrosurf.com\/index.php\/la-danse-de-venus-et-de-la-terre\/","title":{"rendered":"La danse de V\u00e9nus et de la Terre"},"content":{"rendered":"<p style=\"text-align: center;\"><span style=\"font-family: arial, helvetica, sans-serif; font-size: 24px;\"><strong>La danse de V\u00e9nus et de la Terre<\/strong><\/span><\/p>\n<div style=\"width: 525px;\" class=\"wp-video\"><video class=\"wp-video-shortcode\" id=\"video-9652-1\" width=\"525\" height=\"295\" autoplay preload=\"metadata\" controls=\"controls\"><source type=\"video\/mp4\" src=\"http:\/\/gap47.astrosurf.com\/wp-content\/uploads\/2020\/06\/The-Dance-of-Venus-and-Earth.mp4?_=1\" \/><a href=\"http:\/\/gap47.astrosurf.com\/wp-content\/uploads\/2020\/06\/The-Dance-of-Venus-and-Earth.mp4\">http:\/\/gap47.astrosurf.com\/wp-content\/uploads\/2020\/06\/The-Dance-of-Venus-and-Earth.mp4<\/a><\/video><\/div>\n<p><span style=\"font-family: 'times new roman', times, serif; font-size: 20px;\">Chaque fois que V\u00e9nus passe au plus pr\u00e8s de la Terre, <strong>elle nous montre toujours la m\u00eame face<\/strong>. Ce fait remarquable est connu depuis environ 50 ans, depuis que les radiot\u00e9lescopes ont \u00e9t\u00e9 capables de percer les nuages tr\u00e8s denses de l\u2019atmosph\u00e8re de V\u00e9nus et de suivre la rotation tr\u00e8s lente de sa surface. Cette \u00ab conjonction inf\u00e9rieure \u00bb, quand V\u00e9nus et la Terre sont au plus proche l\u2019une de l\u2019autre, arrive aujourd\u2019hui. L\u2019animation pr\u00e9sent\u00e9e ici montre les positions du Soleil, de V\u00e9nus et de la Terre entre 2010 et 2023, en se basant sur des donn\u00e9es de la NASA. Le petit segment jaune est fixe par rapport \u00e0 la surface de V\u00e9nus pour indiquer la rotation de celle-ci. La raison de cette r\u00e9sonance inhabituelle qui revient tous les 1,6 ans est l\u2019influence gravitationnelle que la Terre a sur V\u00e9nus qui, et c\u2019est surprenant, domine les forces de mar\u00e9e du Soleil sur V\u00e9nus. Si V\u00e9nus pouvait \u00eatre vue gr\u00e2ce \u00e0 l\u2019\u00e9clat du Soleil aujourd\u2019hui, elle ne nous montrerait qu\u2019un croissant extr\u00eamement fin. Elle \u00e9tait auparavant visible dans le ciel du soir mais, \u00e0 partir de demain, elle sera visible dans le ciel du matin, de l\u2019autre c\u00f4t\u00e9 du Soleil quand on regarde depuis la Terre.<\/span><\/p>\n<p>&nbsp;<\/p>\n<p><span style=\"font-family: arial, helvetica, sans-serif; font-size: 20px;\">\u00a9 APOD du 3 juin 2020 (NASA)<\/span><\/p>\n<p style=\"text-align: right;\"><span style=\"font-family: arial, helvetica, sans-serif; font-size: 20px;\">Traduction&nbsp;: Olivier Sabbagh<\/span><\/p>\n<hr>\n<p>&nbsp;<\/p>\n","protected":false},"excerpt":{"rendered":"<p>La danse de V\u00e9nus et de la Terre Chaque fois que V\u00e9nus passe au plus pr\u00e8s de la Terre, elle nous montre toujours la m\u00eame face. Ce fait remarquable est connu depuis environ 50 ans, depuis que les radiot\u00e9lescopes ont \u00e9t\u00e9 capables de percer les nuages tr\u00e8s denses de l\u2019atmosph\u00e8re de V\u00e9nus et de suivre &hellip; <\/p>\n<p class=\"link-more\"><a href=\"https:\/\/gap47.astrosurf.com\/index.php\/la-danse-de-venus-et-de-la-terre\/\" class=\"more-link\">Continuer la lecture<span class=\"screen-reader-text\"> de &laquo;&nbsp;La danse de V\u00e9nus et de la Terre&nbsp;&raquo;<\/span><\/a><\/p>\n","protected":false},"author":5,"featured_media":0,"parent":0,"menu_order":0,"comment_status":"closed","ping_status":"closed","template":"","meta":{"_exactmetrics_skip_tracking":false,"_exactmetrics_sitenote_active":false,"_exactmetrics_sitenote_note":"","_exactmetrics_sitenote_category":0,"ngg_post_thumbnail":0,"footnotes":""},"class_list":["post-9652","page","type-page","status-publish","hentry"],"yoast_head":"<!-- This site is optimized with the Yoast SEO plugin v24.8.1 - https:\/\/yoast.com\/wordpress\/plugins\/seo\/ -->\n<title>La danse de V\u00e9nus et de la Terre - L&#039;observatoire est ouvert aux visiteurs tous les vendredis soirs \u00e0 21 heures, jusqu&#039;au 3 juillet 2026 inclus, sans r\u00e9servation.<\/title>\n<meta name=\"robots\" content=\"index, follow, max-snippet:-1, max-image-preview:large, max-video-preview:-1\" \/>\n<link rel=\"canonical\" href=\"https:\/\/gap47.astrosurf.com\/index.php\/la-danse-de-venus-et-de-la-terre\/\" \/>\n<meta property=\"og:locale\" content=\"fr_FR\" \/>\n<meta property=\"og:type\" content=\"article\" \/>\n<meta property=\"og:title\" content=\"La danse de V\u00e9nus et de la Terre - L&#039;observatoire est ouvert aux visiteurs tous les vendredis soirs \u00e0 21 heures, jusqu&#039;au 3 juillet 2026 inclus, sans r\u00e9servation.\" \/>\n<meta property=\"og:description\" content=\"La danse de V\u00e9nus et de la Terre Chaque fois que V\u00e9nus passe au plus pr\u00e8s de la Terre, elle nous montre toujours la m\u00eame face. Ce fait remarquable est connu depuis environ 50 ans, depuis que les radiot\u00e9lescopes ont \u00e9t\u00e9 capables de percer les nuages tr\u00e8s denses de l\u2019atmosph\u00e8re de V\u00e9nus et de suivre &hellip; Continuer la lecture de &laquo;&nbsp;La danse de V\u00e9nus et de la Terre&nbsp;&raquo;\" \/>\n<meta property=\"og:url\" content=\"https:\/\/gap47.astrosurf.com\/index.php\/la-danse-de-venus-et-de-la-terre\/\" \/>\n<meta property=\"og:site_name\" content=\"L&#039;observatoire est ouvert aux visiteurs tous les vendredis soirs \u00e0 21 heures, jusqu&#039;au 3 juillet 2026 inclus, sans r\u00e9servation.\" \/>\n<meta property=\"article:publisher\" content=\"https:\/\/www.facebook.com\/astrogap47\/\" \/>\n<meta property=\"article:modified_time\" content=\"2020-06-04T07:34:15+00:00\" \/>\n<meta name=\"twitter:card\" content=\"summary_large_image\" \/>\n<meta name=\"twitter:label1\" content=\"Dur\u00e9e de lecture estim\u00e9e\" \/>\n\t<meta name=\"twitter:data1\" content=\"1 minute\" \/>\n<script type=\"application\/ld+json\" class=\"yoast-schema-graph\">{\"@context\":\"https:\/\/schema.org\",\"@graph\":[{\"@type\":\"WebPage\",\"@id\":\"https:\/\/gap47.astrosurf.com\/index.php\/la-danse-de-venus-et-de-la-terre\/\",\"url\":\"https:\/\/gap47.astrosurf.com\/index.php\/la-danse-de-venus-et-de-la-terre\/\",\"name\":\"La danse de V\u00e9nus et de la Terre - L&#039;observatoire est ouvert aux visiteurs tous les vendredis soirs \u00e0 21 heures, jusqu&#039;au 3 juillet 2026 inclus, sans r\u00e9servation.\",\"isPartOf\":{\"@id\":\"https:\/\/gap47.astrosurf.com\/#website\"},\"datePublished\":\"2020-06-04T07:26:34+00:00\",\"dateModified\":\"2020-06-04T07:34:15+00:00\",\"breadcrumb\":{\"@id\":\"https:\/\/gap47.astrosurf.com\/index.php\/la-danse-de-venus-et-de-la-terre\/#breadcrumb\"},\"inLanguage\":\"fr-FR\",\"potentialAction\":[{\"@type\":\"ReadAction\",\"target\":[\"https:\/\/gap47.astrosurf.com\/index.php\/la-danse-de-venus-et-de-la-terre\/\"]}]},{\"@type\":\"BreadcrumbList\",\"@id\":\"https:\/\/gap47.astrosurf.com\/index.php\/la-danse-de-venus-et-de-la-terre\/#breadcrumb\",\"itemListElement\":[{\"@type\":\"ListItem\",\"position\":1,\"name\":\"Accueil\",\"item\":\"https:\/\/gap47.astrosurf.com\/\"},{\"@type\":\"ListItem\",\"position\":2,\"name\":\"La danse de V\u00e9nus et de la Terre\"}]},{\"@type\":\"WebSite\",\"@id\":\"https:\/\/gap47.astrosurf.com\/#website\",\"url\":\"https:\/\/gap47.astrosurf.com\/\",\"name\":\"De janvier \u00e0 fin juin 2024, le GAP47 sera ouvert aux visiteurs tous les vendredis \u00e0 21h sans r\u00e9servation, \u00e0 l'exception du vendredi 26 janvier o\u00f9 l'observatoire sera ferm\u00e9 au public.\",\"description\":\"Groupe d&#039;Astronomie Populaire du Lot-et-Garonne, \u00e0 Montayral\",\"potentialAction\":[{\"@type\":\"SearchAction\",\"target\":{\"@type\":\"EntryPoint\",\"urlTemplate\":\"https:\/\/gap47.astrosurf.com\/?s={search_term_string}\"},\"query-input\":{\"@type\":\"PropertyValueSpecification\",\"valueRequired\":true,\"valueName\":\"search_term_string\"}}],\"inLanguage\":\"fr-FR\"}]}<\/script>\n<!-- \/ Yoast SEO plugin. -->","yoast_head_json":{"title":"La danse de V\u00e9nus et de la Terre - L&#039;observatoire est ouvert aux visiteurs tous les vendredis soirs \u00e0 21 heures, jusqu&#039;au 3 juillet 2026 inclus, sans r\u00e9servation.","robots":{"index":"index","follow":"follow","max-snippet":"max-snippet:-1","max-image-preview":"max-image-preview:large","max-video-preview":"max-video-preview:-1"},"canonical":"https:\/\/gap47.astrosurf.com\/index.php\/la-danse-de-venus-et-de-la-terre\/","og_locale":"fr_FR","og_type":"article","og_title":"La danse de V\u00e9nus et de la Terre - L&#039;observatoire est ouvert aux visiteurs tous les vendredis soirs \u00e0 21 heures, jusqu&#039;au 3 juillet 2026 inclus, sans r\u00e9servation.","og_description":"La danse de V\u00e9nus et de la Terre Chaque fois que V\u00e9nus passe au plus pr\u00e8s de la Terre, elle nous montre toujours la m\u00eame face. Ce fait remarquable est connu depuis environ 50 ans, depuis que les radiot\u00e9lescopes ont \u00e9t\u00e9 capables de percer les nuages tr\u00e8s denses de l\u2019atmosph\u00e8re de V\u00e9nus et de suivre &hellip; Continuer la lecture de &laquo;&nbsp;La danse de V\u00e9nus et de la Terre&nbsp;&raquo;","og_url":"https:\/\/gap47.astrosurf.com\/index.php\/la-danse-de-venus-et-de-la-terre\/","og_site_name":"L&#039;observatoire est ouvert aux visiteurs tous les vendredis soirs \u00e0 21 heures, jusqu&#039;au 3 juillet 2026 inclus, sans r\u00e9servation.","article_publisher":"https:\/\/www.facebook.com\/astrogap47\/","article_modified_time":"2020-06-04T07:34:15+00:00","twitter_card":"summary_large_image","twitter_misc":{"Dur\u00e9e de lecture estim\u00e9e":"1 minute"},"schema":{"@context":"https:\/\/schema.org","@graph":[{"@type":"WebPage","@id":"https:\/\/gap47.astrosurf.com\/index.php\/la-danse-de-venus-et-de-la-terre\/","url":"https:\/\/gap47.astrosurf.com\/index.php\/la-danse-de-venus-et-de-la-terre\/","name":"La danse de V\u00e9nus et de la Terre - L&#039;observatoire est ouvert aux visiteurs tous les vendredis soirs \u00e0 21 heures, jusqu&#039;au 3 juillet 2026 inclus, sans r\u00e9servation.","isPartOf":{"@id":"https:\/\/gap47.astrosurf.com\/#website"},"datePublished":"2020-06-04T07:26:34+00:00","dateModified":"2020-06-04T07:34:15+00:00","breadcrumb":{"@id":"https:\/\/gap47.astrosurf.com\/index.php\/la-danse-de-venus-et-de-la-terre\/#breadcrumb"},"inLanguage":"fr-FR","potentialAction":[{"@type":"ReadAction","target":["https:\/\/gap47.astrosurf.com\/index.php\/la-danse-de-venus-et-de-la-terre\/"]}]},{"@type":"BreadcrumbList","@id":"https:\/\/gap47.astrosurf.com\/index.php\/la-danse-de-venus-et-de-la-terre\/#breadcrumb","itemListElement":[{"@type":"ListItem","position":1,"name":"Accueil","item":"https:\/\/gap47.astrosurf.com\/"},{"@type":"ListItem","position":2,"name":"La danse de V\u00e9nus et de la Terre"}]},{"@type":"WebSite","@id":"https:\/\/gap47.astrosurf.com\/#website","url":"https:\/\/gap47.astrosurf.com\/","name":"De janvier \u00e0 fin juin 2024, le GAP47 sera ouvert aux visiteurs tous les vendredis \u00e0 21h sans r\u00e9servation, \u00e0 l'exception du vendredi 26 janvier o\u00f9 l'observatoire sera ferm\u00e9 au public.","description":"Groupe d&#039;Astronomie Populaire du Lot-et-Garonne, \u00e0 Montayral","potentialAction":[{"@type":"SearchAction","target":{"@type":"EntryPoint","urlTemplate":"https:\/\/gap47.astrosurf.com\/?s={search_term_string}"},"query-input":{"@type":"PropertyValueSpecification","valueRequired":true,"valueName":"search_term_string"}}],"inLanguage":"fr-FR"}]}},"_links":{"self":[{"href":"https:\/\/gap47.astrosurf.com\/index.php\/wp-json\/wp\/v2\/pages\/9652","targetHints":{"allow":["GET"]}}],"collection":[{"href":"https:\/\/gap47.astrosurf.com\/index.php\/wp-json\/wp\/v2\/pages"}],"about":[{"href":"https:\/\/gap47.astrosurf.com\/index.php\/wp-json\/wp\/v2\/types\/page"}],"author":[{"embeddable":true,"href":"https:\/\/gap47.astrosurf.com\/index.php\/wp-json\/wp\/v2\/users\/5"}],"replies":[{"embeddable":true,"href":"https:\/\/gap47.astrosurf.com\/index.php\/wp-json\/wp\/v2\/comments?post=9652"}],"version-history":[{"count":3,"href":"https:\/\/gap47.astrosurf.com\/index.php\/wp-json\/wp\/v2\/pages\/9652\/revisions"}],"predecessor-version":[{"id":9654,"href":"https:\/\/gap47.astrosurf.com\/index.php\/wp-json\/wp\/v2\/pages\/9652\/revisions\/9654"}],"wp:attachment":[{"href":"https:\/\/gap47.astrosurf.com\/index.php\/wp-json\/wp\/v2\/media?parent=9652"}],"curies":[{"name":"wp","href":"https:\/\/api.w.org\/{rel}","templated":true}]}}