 {"id":9631,"date":"2020-05-27T09:03:46","date_gmt":"2020-05-27T07:03:46","guid":{"rendered":"http:\/\/gap47.astrosurf.com\/?page_id=9631"},"modified":"2020-05-27T19:55:51","modified_gmt":"2020-05-27T17:55:51","slug":"collision-galactique-et-systeme-solaire","status":"publish","type":"page","link":"https:\/\/gap47.astrosurf.com\/index.php\/collision-galactique-et-systeme-solaire\/","title":{"rendered":"Collision galactique et syst\u00e8me solaire"},"content":{"rendered":"<p style=\"text-align: center;\"><span style=\"color: #0c0ccf;\"><strong><span style=\"font-family: arial, helvetica, sans-serif; font-size: 24px;\">Une collision de galaxies pourrait avoir d\u00e9clench\u00e9 la formation du syst\u00e8me solaire<\/span><\/strong><\/span><\/p>\n<p style=\"text-align: center;\"><em><span style=\"font-family: 'times new roman', times, serif; font-size: 20px; color: #000000;\">ESA 25 mai 2020<\/span><\/em><\/p>\n<p>&nbsp;<\/p>\n<p><span style=\"font-family: 'times new roman', times, serif; font-size: 20px; color: #000000;\">La formation du Soleil, du syst\u00e8me solaire et l\u2019\u00e9mergence de la vie sur Terre peuvent \u00eatre les cons\u00e9quences d\u2019une collision entre notre galaxie, la Voie Lact\u00e9e, et une galaxie plus petite qu&rsquo;on appelle la galaxie du Sagittaire, d\u00e9couverte dans les ann\u00e9es 1990 alors qu\u2019elle est en orbite autour de notre galaxie.<\/span><\/p>\n<p><span style=\"font-family: 'times new roman', times, serif; font-size: 20px; color: #000000;\">Les astronomes savent que la galaxie du Sagittaire a travers\u00e9 \u00e0 plusieurs reprises le disque de la Voie Lact\u00e9e, alors que son orbite autour du c\u0153ur de notre galaxie se rapproche de plus en plus sous l\u2019effet des forces gravitationnelles. Des \u00e9tudes ant\u00e9rieures laissaient penser que Sagittarius (la galaxie), d\u00e9crite comme une galaxie naine, avait eu un effet profond sur la mani\u00e8re dont les \u00e9toiles se d\u00e9placent dans la Voie Lact\u00e9e. Certains pr\u00e9tendaient m\u00eame que la structure spirale de notre galaxie, 10.000 fois plus massive que Sagittarius, pouvait \u00eatre due \u00e0, au moins, 3 passages connus de celle-ci au cours des derniers 6 milliards d\u2019ann\u00e9es.<\/span><\/p>\n<p><span style=\"font-family: 'times new roman', times, serif; font-size: 20px; color: #000000;\">Une nouvelle \u00e9tude, bas\u00e9e sur des donn\u00e9es collect\u00e9es par la sonde Gaia de l\u2019ESA, qui cartographie notre galaxie, a r\u00e9v\u00e9l\u00e9 pour la premi\u00e8re fois que l\u2019influence de Sagittarius sur la Voie Lact\u00e9e pouvait \u00eatre encore plus importante. Les ondulations caus\u00e9es par les collisions semblent avoir d\u00e9clench\u00e9 des \u00e9pisodes majeurs de formation d\u2019\u00e9toiles, dont l\u2019une co\u00efnciderait avec la p\u00e9riode de formation du syst\u00e8me solaire il y a environ 4,7 milliards d\u2019ann\u00e9es.<\/span><\/p>\n<p><span style=\"font-family: 'times new roman', times, serif; font-size: 20px; color: #000000;\">\u00ab&nbsp;On sait, d\u2019apr\u00e8s les mod\u00e8les existants, que Sagittarius est \u201ctomb\u00e9e\u201d trois fois sur la Voie Lact\u00e9e \u2013 la premi\u00e8re fois il y a 5 ou 6 milliards d\u2019ann\u00e9es, puis il y a 2 milliards d\u2019ann\u00e9es, et finalement il y a environ un milliard d\u2019ann\u00e9es&nbsp;\u00bb, dit Tom\u00e1s Ruiz-Lara, un chercheur en astrophysique de l\u2019Institut d\u2019Astrophysique des Canaries (IAC), \u00e0 T\u00e9n\u00e9rife en Espagne, et auteur principal de cette nouvelle \u00e9tude publi\u00e9e dans <em>Nature Astronomy<\/em>.<\/span><\/p>\n<p><span style=\"font-family: 'times new roman', times, serif; font-size: 20px; color: #000000;\">\u00ab&nbsp;Quand nous regardons les donn\u00e9es de Gaia sur la Voie Lact\u00e9e, nous trouvons trois p\u00e9riodes de tr\u00e8s intenses formations d\u2019\u00e9toiles dont les pics se situent il y a 5,7 \u2013 1,9 et 1 milliards d\u2019ann\u00e9es, ce qui correspond aux \u00e9poques o\u00f9 Sagittarius est cens\u00e9e \u00eatre pass\u00e9e au travers du disque de la Voie Lact\u00e9e&nbsp;\u00bb.<\/span><\/p>\n<p>&nbsp;<\/p>\n<p><span style=\"font-family: 'times new roman', times, serif; font-size: 20px; color: #000000;\"><strong>Ondulations et vaguelettes sur l\u2019eau<\/strong><\/span><\/p>\n<p style=\"text-align: center;\"><span style=\"color: #000000;\"><a style=\"color: #000000;\" href=\"http:\/\/gap47.astrosurf.com\/wp-content\/uploads\/2020\/05\/Ondulations.png\"><img loading=\"lazy\" decoding=\"async\" class=\"aligncenter size-full wp-image-9634\" src=\"http:\/\/gap47.astrosurf.com\/wp-content\/uploads\/2020\/05\/Ondulations.png\" alt=\"\" width=\"2428\" height=\"1394\" srcset=\"https:\/\/gap47.astrosurf.com\/wp-content\/uploads\/2020\/05\/Ondulations.png 2428w, https:\/\/gap47.astrosurf.com\/wp-content\/uploads\/2020\/05\/Ondulations-300x172.png 300w, https:\/\/gap47.astrosurf.com\/wp-content\/uploads\/2020\/05\/Ondulations-768x441.png 768w, https:\/\/gap47.astrosurf.com\/wp-content\/uploads\/2020\/05\/Ondulations-2000x1148.png 2000w\" sizes=\"auto, (max-width: 767px) 89vw, (max-width: 1000px) 54vw, (max-width: 1071px) 543px, 580px\" \/><\/a><\/span><span style=\"font-family: 'times new roman', times, serif; font-size: 20px; color: #000000;\"><em>La galaxie naine du Sagittaire est en orbite autour de la Voie Lact\u00e9e depuis des milliards d\u2019ann\u00e9es.<\/em><\/span><\/p>\n<p>&nbsp;<\/p>\n<p><span style=\"font-family: 'times new roman', times, serif; font-size: 20px; color: #000000;\">Les chercheurs ont \u00e9tudi\u00e9 les luminosit\u00e9s, les distances et les couleurs des \u00e9toiles dans une sph\u00e8re de 6.500 ann\u00e9es-lumi\u00e8re autour du Soleil et ont compar\u00e9 les donn\u00e9es avec les mod\u00e8les existants d\u2019\u00e9volution stellaire. D\u2019apr\u00e8s Tom\u00e1s, la notion que la galaxie naine puisse avoir un tel effet est tr\u00e8s sens\u00e9e.<\/span><\/p>\n<p><span style=\"font-family: 'times new roman', times, serif; font-size: 20px; color: #000000;\">\u00ab Au d\u00e9but, vous avez une galaxie, la Voie Lact\u00e9e, qui est relativement calme \u00bb, dit Tom\u00e1s. \u00ab Apr\u00e8s une \u00e9poque initiale et violente de formation d\u2019\u00e9toiles, en partie d\u00e9clench\u00e9e par une premi\u00e8re collision galactique, comme d\u00e9crit dans une \u00e9tude ant\u00e9rieure, la Voie Lact\u00e9e a atteint un \u00e9tat d\u2019\u00e9quilibre au cours duquel les \u00e9toiles se formaient r\u00e9guli\u00e8rement. Soudain, vous avez Sagittarius qui tombe sur la Voie Lact\u00e9e et rompt l\u2019\u00e9quilibre, poussant ainsi tous les gaz immobiles et les poussi\u00e8res qui viennent alors se r\u00e9pandre en faisant des vagues comme sur de l\u2019eau \u00bb.<\/span><\/p>\n<p><span style=\"font-family: 'times new roman', times, serif; font-size: 20px; color: #000000;\">Dans certaines zones de la Voie Lact\u00e9e, ces ondulations peuvent amener de grandes concentrations de poussi\u00e8res et de gaz, en faisant du vide \u00e0 d\u2019autres endroits. La haute densit\u00e9 de mati\u00e8re dans ces zones aurait alors d\u00e9clench\u00e9 la formation de nouvelles \u00e9toiles.<\/span><\/p>\n<p><span style=\"font-family: 'times new roman', times, serif; font-size: 20px; color: #000000;\">\u00ab Il semble que Sagittarius n\u2019ait pas seulement form\u00e9 la structure et influenc\u00e9 la dynamique du mouvement des \u00e9toiles dans la Voie Lact\u00e9e, mais qu\u2019elle aurait aussi contribu\u00e9 \u00e0 construire notre galaxie \u00bb, dit Carme Gallart, l\u2019un des co-auteurs de l\u2019\u00e9tude, \u00e9galement de l\u2019IAC. \u00ab Il semble qu\u2019une partie importante de la masse stellaire de la Voie Lact\u00e9e ait \u00e9t\u00e9 form\u00e9e en raison des interactions avec Sagittarius et que, sinon, elle n\u2019existerait pas \u00bb.<\/span><\/p>\n<h2><span style=\"font-family: 'times new roman', times, serif; font-size: 20px; color: #000000;\"><strong>La naissance du Soleil ?<\/strong><\/span><\/h2>\n<div style=\"width: 525px;\" class=\"wp-video\"><video class=\"wp-video-shortcode\" id=\"video-9631-1\" width=\"525\" height=\"295\" preload=\"metadata\" controls=\"controls\"><source type=\"video\/mp4\" src=\"http:\/\/gap47.astrosurf.com\/wp-content\/uploads\/2020\/05\/2005_035_AR_EN.mp4?_=1\" \/><a href=\"http:\/\/gap47.astrosurf.com\/wp-content\/uploads\/2020\/05\/2005_035_AR_EN.mp4\">http:\/\/gap47.astrosurf.com\/wp-content\/uploads\/2020\/05\/2005_035_AR_EN.mp4<\/a><\/video><\/div>\n<p style=\"text-align: center;\"><em><span style=\"font-family: 'times new roman', times, serif; font-size: 20px;\">On voit bien les \u00ab\u00a0queues de mar\u00e9e\u00a0\u00bb g\u00e9n\u00e9r\u00e9es pas les collisions successives<\/span><\/em><\/p>\n<p><span style=\"font-family: 'times new roman', times, serif; font-size: 20px; color: #000000;\">En fait, il semble m\u00eame possible que le Soleil et ses plan\u00e8tes n\u2019existeraient pas si la galaxie naine du Sagittaire n\u2019avait pas \u00e9t\u00e9 capt\u00e9e par l\u2019attraction gravitationnelle de la Voie Lact\u00e9e et qu\u2019elle finisse par passer au travers de son disque.<\/span><\/p>\n<p><span style=\"font-family: 'times new roman', times, serif; font-size: 20px; color: #000000;\">\u00ab&nbsp;Le Soleil s\u2019est form\u00e9 quand les \u00e9toiles se formaient au moment du premier passage de Sagittarius&nbsp;\u00bb, dit Carme. \u00ab&nbsp;Nous ne savons pas si le nuage particulier de gaz et de poussi\u00e8res qu\u2019est devenu le Soleil s\u2019est constitu\u00e9 \u00e0 cause du passage de Sagittarius ou pas. Mais c\u2019est un sc\u00e9nario possible parce que l\u2019\u00e2ge du Soleil est compatible avec la cr\u00e9ation d\u2019une \u00e9toile en raison de l\u2019effet de Sagittarius&nbsp;\u00bb.<\/span><\/p>\n<p><span style=\"font-family: 'times new roman', times, serif; font-size: 20px; color: #000000;\">Chaque collision a d\u00e9pouill\u00e9 Sagittarius d\u2019une partie de son gaz et de sa poussi\u00e8re, rendant cette galaxie plus petite apr\u00e8s chaque passage. Les donn\u00e9es existantes sugg\u00e8rent que Sagittarius a pu passer au travers de la Voie Lact\u00e9e assez r\u00e9cemment, il y a quelques centaines de millions d\u2019ann\u00e9es, et qu\u2019elle se trouve actuellement assez pr\u00e8s d\u2019elle. En fait, la nouvelle \u00e9tude a mis en lumi\u00e8re un \u00e9clat r\u00e9cent de formation d\u2019\u00e9toiles, sugg\u00e9rant ainsi une possible et nouvelle vague de naissances stellaires.<\/span><\/p>\n<p><span style=\"font-family: 'times new roman', times, serif; font-size: 20px; color: #000000;\">D\u2019apr\u00e8s Timo Prusti, scientifique-projet de Gaia \u00e0 l\u2019ESA, un apercu d\u00e9taill\u00e9 de l\u2019histoire de la formation d\u2019\u00e9toiles dans la Voie Lact\u00e9e ne serait pas possible sans Gaia, le t\u00e9lescope qui cartographie les \u00e9toiles, lanc\u00e9 fin 2013, dont la publication des donn\u00e9es en 2016 et 2018 a r\u00e9volutionn\u00e9 l\u2019\u00e9tude de la Voie Lact\u00e9e.<\/span><\/p>\n<p><span style=\"font-family: 'times new roman', times, serif; font-size: 20px; color: #000000;\">\u00ab Quelques m\u00e9canismes de l\u2019histoire de la formation d\u2019\u00e9toiles dans la Voie Lact\u00e9e avaient \u00e9t\u00e9 d\u00e9crits pr\u00e9c\u00e9demment, bas\u00e9s sur les donn\u00e9es de la mission Hipparcos de l\u2019ESA au d\u00e9but des ann\u00e9es 1990 \u00bb, dit Timo. \u00ab Mais ces observations n&rsquo;\u00e9taient ax\u00e9es que sur le voisinage imm\u00e9diat du Soleil. Ce n\u2019\u00e9tait pas vraiment repr\u00e9sentatif et ne pouvait pas d\u00e9voiler ces \u00e9clats dans la formation d\u2019\u00e9toiles que nous voyons \u00e0 ce jour \u00bb.<\/span><\/p>\n<p><span style=\"font-family: 'times new roman', times, serif; font-size: 20px; color: #000000;\">\u00ab&nbsp;C\u2019est vraiment la premi\u00e8re fois que nous voyons en d\u00e9tail l\u2019histoire de la formation d\u2019\u00e9toiles de la Voie Lact\u00e9e. C\u2019est une preuve du pouvoir scientifique de Gaia qu\u2019on a vu se manifester encore et encore dans des innombrables \u00e9tudes en seulement quelques ann\u00e9es&nbsp;\u00bb.<\/span><\/p>\n<p>&nbsp;<\/p>\n<p>&nbsp;<\/p>\n<p style=\"text-align: right;\"><span style=\"font-family: arial, helvetica, sans-serif; font-size: 20px; color: #000000;\">ESA &#8211; Traduction : Olivier Sabbagh<\/span><\/p>\n","protected":false},"excerpt":{"rendered":"<p>Une collision de galaxies pourrait avoir d\u00e9clench\u00e9 la formation du syst\u00e8me solaire ESA 25 mai 2020 &nbsp; La formation du Soleil, du syst\u00e8me solaire et l\u2019\u00e9mergence de la vie sur Terre peuvent \u00eatre les cons\u00e9quences d\u2019une collision entre notre galaxie, la Voie Lact\u00e9e, et une galaxie plus petite qu&rsquo;on appelle la galaxie du Sagittaire, d\u00e9couverte &hellip; <\/p>\n<p class=\"link-more\"><a href=\"https:\/\/gap47.astrosurf.com\/index.php\/collision-galactique-et-systeme-solaire\/\" class=\"more-link\">Continuer la lecture<span class=\"screen-reader-text\"> de &laquo;&nbsp;Collision galactique et syst\u00e8me solaire&nbsp;&raquo;<\/span><\/a><\/p>\n","protected":false},"author":5,"featured_media":0,"parent":0,"menu_order":0,"comment_status":"closed","ping_status":"closed","template":"","meta":{"_exactmetrics_skip_tracking":false,"_exactmetrics_sitenote_active":false,"_exactmetrics_sitenote_note":"","_exactmetrics_sitenote_category":0,"ngg_post_thumbnail":0,"footnotes":""},"class_list":["post-9631","page","type-page","status-publish","hentry"],"yoast_head":"<!-- This site is optimized with the Yoast SEO plugin v24.8.1 - https:\/\/yoast.com\/wordpress\/plugins\/seo\/ -->\n<title>Collision galactique et syst\u00e8me solaire - L&#039;observatoire est ouvert aux visiteurs tous les vendredis soirs \u00e0 21 heures, jusqu&#039;au 3 juillet 2026 inclus, sans r\u00e9servation.<\/title>\n<meta name=\"robots\" content=\"index, follow, max-snippet:-1, max-image-preview:large, max-video-preview:-1\" \/>\n<link rel=\"canonical\" href=\"https:\/\/gap47.astrosurf.com\/index.php\/collision-galactique-et-systeme-solaire\/\" \/>\n<meta property=\"og:locale\" content=\"fr_FR\" \/>\n<meta property=\"og:type\" content=\"article\" \/>\n<meta property=\"og:title\" content=\"Collision galactique et syst\u00e8me solaire - L&#039;observatoire est ouvert aux visiteurs tous les vendredis soirs \u00e0 21 heures, jusqu&#039;au 3 juillet 2026 inclus, sans r\u00e9servation.\" \/>\n<meta property=\"og:description\" content=\"Une collision de galaxies pourrait avoir d\u00e9clench\u00e9 la formation du syst\u00e8me solaire ESA 25 mai 2020 &nbsp; La formation du Soleil, du syst\u00e8me solaire et l\u2019\u00e9mergence de la vie sur Terre peuvent \u00eatre les cons\u00e9quences d\u2019une collision entre notre galaxie, la Voie Lact\u00e9e, et une galaxie plus petite qu&rsquo;on appelle la galaxie du Sagittaire, d\u00e9couverte &hellip; Continuer la lecture de &laquo;&nbsp;Collision galactique et syst\u00e8me solaire&nbsp;&raquo;\" \/>\n<meta property=\"og:url\" content=\"https:\/\/gap47.astrosurf.com\/index.php\/collision-galactique-et-systeme-solaire\/\" \/>\n<meta property=\"og:site_name\" content=\"L&#039;observatoire est ouvert aux visiteurs tous les vendredis soirs \u00e0 21 heures, jusqu&#039;au 3 juillet 2026 inclus, sans r\u00e9servation.\" \/>\n<meta property=\"article:publisher\" content=\"https:\/\/www.facebook.com\/astrogap47\/\" \/>\n<meta property=\"article:modified_time\" content=\"2020-05-27T17:55:51+00:00\" \/>\n<meta property=\"og:image\" content=\"http:\/\/gap47.astrosurf.com\/wp-content\/uploads\/2020\/05\/Ondulations.png\" \/>\n<meta name=\"twitter:card\" content=\"summary_large_image\" \/>\n<meta name=\"twitter:label1\" content=\"Dur\u00e9e de lecture estim\u00e9e\" \/>\n\t<meta name=\"twitter:data1\" content=\"6 minutes\" \/>\n<script type=\"application\/ld+json\" class=\"yoast-schema-graph\">{\"@context\":\"https:\/\/schema.org\",\"@graph\":[{\"@type\":\"WebPage\",\"@id\":\"https:\/\/gap47.astrosurf.com\/index.php\/collision-galactique-et-systeme-solaire\/\",\"url\":\"https:\/\/gap47.astrosurf.com\/index.php\/collision-galactique-et-systeme-solaire\/\",\"name\":\"Collision galactique et syst\u00e8me solaire - L&#039;observatoire est ouvert aux visiteurs tous les vendredis soirs \u00e0 21 heures, jusqu&#039;au 3 juillet 2026 inclus, sans r\u00e9servation.\",\"isPartOf\":{\"@id\":\"https:\/\/gap47.astrosurf.com\/#website\"},\"primaryImageOfPage\":{\"@id\":\"https:\/\/gap47.astrosurf.com\/index.php\/collision-galactique-et-systeme-solaire\/#primaryimage\"},\"image\":{\"@id\":\"https:\/\/gap47.astrosurf.com\/index.php\/collision-galactique-et-systeme-solaire\/#primaryimage\"},\"thumbnailUrl\":\"http:\/\/gap47.astrosurf.com\/wp-content\/uploads\/2020\/05\/Ondulations.png\",\"datePublished\":\"2020-05-27T07:03:46+00:00\",\"dateModified\":\"2020-05-27T17:55:51+00:00\",\"breadcrumb\":{\"@id\":\"https:\/\/gap47.astrosurf.com\/index.php\/collision-galactique-et-systeme-solaire\/#breadcrumb\"},\"inLanguage\":\"fr-FR\",\"potentialAction\":[{\"@type\":\"ReadAction\",\"target\":[\"https:\/\/gap47.astrosurf.com\/index.php\/collision-galactique-et-systeme-solaire\/\"]}]},{\"@type\":\"ImageObject\",\"inLanguage\":\"fr-FR\",\"@id\":\"https:\/\/gap47.astrosurf.com\/index.php\/collision-galactique-et-systeme-solaire\/#primaryimage\",\"url\":\"http:\/\/gap47.astrosurf.com\/wp-content\/uploads\/2020\/05\/Ondulations.png\",\"contentUrl\":\"http:\/\/gap47.astrosurf.com\/wp-content\/uploads\/2020\/05\/Ondulations.png\"},{\"@type\":\"BreadcrumbList\",\"@id\":\"https:\/\/gap47.astrosurf.com\/index.php\/collision-galactique-et-systeme-solaire\/#breadcrumb\",\"itemListElement\":[{\"@type\":\"ListItem\",\"position\":1,\"name\":\"Accueil\",\"item\":\"https:\/\/gap47.astrosurf.com\/\"},{\"@type\":\"ListItem\",\"position\":2,\"name\":\"Collision galactique et syst\u00e8me solaire\"}]},{\"@type\":\"WebSite\",\"@id\":\"https:\/\/gap47.astrosurf.com\/#website\",\"url\":\"https:\/\/gap47.astrosurf.com\/\",\"name\":\"De janvier \u00e0 fin juin 2024, le GAP47 sera ouvert aux visiteurs tous les vendredis \u00e0 21h sans r\u00e9servation, \u00e0 l'exception du vendredi 26 janvier o\u00f9 l'observatoire sera ferm\u00e9 au public.\",\"description\":\"Groupe d&#039;Astronomie Populaire du Lot-et-Garonne, \u00e0 Montayral\",\"potentialAction\":[{\"@type\":\"SearchAction\",\"target\":{\"@type\":\"EntryPoint\",\"urlTemplate\":\"https:\/\/gap47.astrosurf.com\/?s={search_term_string}\"},\"query-input\":{\"@type\":\"PropertyValueSpecification\",\"valueRequired\":true,\"valueName\":\"search_term_string\"}}],\"inLanguage\":\"fr-FR\"}]}<\/script>\n<!-- \/ Yoast SEO plugin. -->","yoast_head_json":{"title":"Collision galactique et syst\u00e8me solaire - L&#039;observatoire est ouvert aux visiteurs tous les vendredis soirs \u00e0 21 heures, jusqu&#039;au 3 juillet 2026 inclus, sans r\u00e9servation.","robots":{"index":"index","follow":"follow","max-snippet":"max-snippet:-1","max-image-preview":"max-image-preview:large","max-video-preview":"max-video-preview:-1"},"canonical":"https:\/\/gap47.astrosurf.com\/index.php\/collision-galactique-et-systeme-solaire\/","og_locale":"fr_FR","og_type":"article","og_title":"Collision galactique et syst\u00e8me solaire - L&#039;observatoire est ouvert aux visiteurs tous les vendredis soirs \u00e0 21 heures, jusqu&#039;au 3 juillet 2026 inclus, sans r\u00e9servation.","og_description":"Une collision de galaxies pourrait avoir d\u00e9clench\u00e9 la formation du syst\u00e8me solaire ESA 25 mai 2020 &nbsp; La formation du Soleil, du syst\u00e8me solaire et l\u2019\u00e9mergence de la vie sur Terre peuvent \u00eatre les cons\u00e9quences d\u2019une collision entre notre galaxie, la Voie Lact\u00e9e, et une galaxie plus petite qu&rsquo;on appelle la galaxie du Sagittaire, d\u00e9couverte &hellip; Continuer la lecture de &laquo;&nbsp;Collision galactique et syst\u00e8me solaire&nbsp;&raquo;","og_url":"https:\/\/gap47.astrosurf.com\/index.php\/collision-galactique-et-systeme-solaire\/","og_site_name":"L&#039;observatoire est ouvert aux visiteurs tous les vendredis soirs \u00e0 21 heures, jusqu&#039;au 3 juillet 2026 inclus, sans r\u00e9servation.","article_publisher":"https:\/\/www.facebook.com\/astrogap47\/","article_modified_time":"2020-05-27T17:55:51+00:00","og_image":[{"url":"http:\/\/gap47.astrosurf.com\/wp-content\/uploads\/2020\/05\/Ondulations.png","type":"","width":"","height":""}],"twitter_card":"summary_large_image","twitter_misc":{"Dur\u00e9e de lecture estim\u00e9e":"6 minutes"},"schema":{"@context":"https:\/\/schema.org","@graph":[{"@type":"WebPage","@id":"https:\/\/gap47.astrosurf.com\/index.php\/collision-galactique-et-systeme-solaire\/","url":"https:\/\/gap47.astrosurf.com\/index.php\/collision-galactique-et-systeme-solaire\/","name":"Collision galactique et syst\u00e8me solaire - L&#039;observatoire est ouvert aux visiteurs tous les vendredis soirs \u00e0 21 heures, jusqu&#039;au 3 juillet 2026 inclus, sans r\u00e9servation.","isPartOf":{"@id":"https:\/\/gap47.astrosurf.com\/#website"},"primaryImageOfPage":{"@id":"https:\/\/gap47.astrosurf.com\/index.php\/collision-galactique-et-systeme-solaire\/#primaryimage"},"image":{"@id":"https:\/\/gap47.astrosurf.com\/index.php\/collision-galactique-et-systeme-solaire\/#primaryimage"},"thumbnailUrl":"http:\/\/gap47.astrosurf.com\/wp-content\/uploads\/2020\/05\/Ondulations.png","datePublished":"2020-05-27T07:03:46+00:00","dateModified":"2020-05-27T17:55:51+00:00","breadcrumb":{"@id":"https:\/\/gap47.astrosurf.com\/index.php\/collision-galactique-et-systeme-solaire\/#breadcrumb"},"inLanguage":"fr-FR","potentialAction":[{"@type":"ReadAction","target":["https:\/\/gap47.astrosurf.com\/index.php\/collision-galactique-et-systeme-solaire\/"]}]},{"@type":"ImageObject","inLanguage":"fr-FR","@id":"https:\/\/gap47.astrosurf.com\/index.php\/collision-galactique-et-systeme-solaire\/#primaryimage","url":"http:\/\/gap47.astrosurf.com\/wp-content\/uploads\/2020\/05\/Ondulations.png","contentUrl":"http:\/\/gap47.astrosurf.com\/wp-content\/uploads\/2020\/05\/Ondulations.png"},{"@type":"BreadcrumbList","@id":"https:\/\/gap47.astrosurf.com\/index.php\/collision-galactique-et-systeme-solaire\/#breadcrumb","itemListElement":[{"@type":"ListItem","position":1,"name":"Accueil","item":"https:\/\/gap47.astrosurf.com\/"},{"@type":"ListItem","position":2,"name":"Collision galactique et syst\u00e8me solaire"}]},{"@type":"WebSite","@id":"https:\/\/gap47.astrosurf.com\/#website","url":"https:\/\/gap47.astrosurf.com\/","name":"De janvier \u00e0 fin juin 2024, le GAP47 sera ouvert aux visiteurs tous les vendredis \u00e0 21h sans r\u00e9servation, \u00e0 l'exception du vendredi 26 janvier o\u00f9 l'observatoire sera ferm\u00e9 au public.","description":"Groupe d&#039;Astronomie Populaire du Lot-et-Garonne, \u00e0 Montayral","potentialAction":[{"@type":"SearchAction","target":{"@type":"EntryPoint","urlTemplate":"https:\/\/gap47.astrosurf.com\/?s={search_term_string}"},"query-input":{"@type":"PropertyValueSpecification","valueRequired":true,"valueName":"search_term_string"}}],"inLanguage":"fr-FR"}]}},"_links":{"self":[{"href":"https:\/\/gap47.astrosurf.com\/index.php\/wp-json\/wp\/v2\/pages\/9631","targetHints":{"allow":["GET"]}}],"collection":[{"href":"https:\/\/gap47.astrosurf.com\/index.php\/wp-json\/wp\/v2\/pages"}],"about":[{"href":"https:\/\/gap47.astrosurf.com\/index.php\/wp-json\/wp\/v2\/types\/page"}],"author":[{"embeddable":true,"href":"https:\/\/gap47.astrosurf.com\/index.php\/wp-json\/wp\/v2\/users\/5"}],"replies":[{"embeddable":true,"href":"https:\/\/gap47.astrosurf.com\/index.php\/wp-json\/wp\/v2\/comments?post=9631"}],"version-history":[{"count":6,"href":"https:\/\/gap47.astrosurf.com\/index.php\/wp-json\/wp\/v2\/pages\/9631\/revisions"}],"predecessor-version":[{"id":9643,"href":"https:\/\/gap47.astrosurf.com\/index.php\/wp-json\/wp\/v2\/pages\/9631\/revisions\/9643"}],"wp:attachment":[{"href":"https:\/\/gap47.astrosurf.com\/index.php\/wp-json\/wp\/v2\/media?parent=9631"}],"curies":[{"name":"wp","href":"https:\/\/api.w.org\/{rel}","templated":true}]}}