 {"id":96,"date":"2017-03-31T23:53:21","date_gmt":"2017-03-31T21:53:21","guid":{"rendered":"http:\/\/gap47.astrosurf.com\/?page_id=96"},"modified":"2025-02-02T19:09:51","modified_gmt":"2025-02-02T17:09:51","slug":"visiteurs-libres","status":"publish","type":"page","link":"https:\/\/gap47.astrosurf.com\/index.php\/accueil-visiteurs\/visiteurs-libres\/","title":{"rendered":"Visiteurs libres"},"content":{"rendered":"<p><span style=\"font-size: 24px; color: #000000;\"><strong><span style=\"font-family: arial,helvetica,sans-serif;\">A) Cadre g\u00e9n\u00e9ral<\/span><\/strong><\/span><\/p>\n<p style=\"text-align: center;\"><span style=\"font-size: 20px; color: #000000; font-family: 'arial black', sans-serif;\"><strong>Jours et heures d&rsquo;ouverture du GAP47 :<\/strong><\/span><br \/>\n<span style=\"color: #ff0000; font-family: times new roman,times,serif; font-size: 24px;\"> <strong>Chaque vendredi de l&rsquo;ann\u00e9e, sans r\u00e9servation, de septembre au 4 juillet 2025 inclus \u00e0 21h00. <span style=\"font-family: 'arial black', sans-serif;\">Merci de ne pas arriver apr\u00e8s 21h30.<\/span> Les vendredis de l&rsquo;\u00e9t\u00e9 (du 11 juillet au 29 ao\u00fbt 2025) ne seront accessibles que via une r\u00e9servation pr\u00e9alable. Voir sous-m<span style=\"color: #ff0000;\">enu \u00ab\u00a0<a style=\"color: #ff0000;\" href=\"http:\/\/gap47.astrosurf.com\/index.php\/accueil-visiteurs\/reservations\/\" target=\"_blank\" rel=\"noopener\">R\u00e9servations<\/a>\u00ab\u00a0.<\/span><\/strong><strong>&nbsp;<\/strong><\/span><\/p>\n<p><span style=\"font-size: 20px;\"><strong><span style=\"font-family: 'times new roman', times, serif;\">Attention, pour les visiteurs en soir\u00e9e, entre 4 jours avant la Pleine Lune et 4 jours apr\u00e8s, la luminosit\u00e9 de celle-ci pourra g\u00eaner l&rsquo;observation des objets peu brillants. <\/span><\/strong><\/span><\/p>\n<p><span style=\"font-size: 20px;\"><strong><span style=\"font-family: times new roman,times,serif;\">Les tr\u00e8s rares vendredis de l&rsquo;ann\u00e9e o\u00f9 nous pouvons \u00eatre ferm\u00e9s seront mentionn\u00e9s \u00e0 l&rsquo;avance sur notre site dans le sous-menu \u00ab\u00a0Actualit\u00e9s, Manifestations\u00a0\u00bb du menu Accueil et\/ou sur la page d&rsquo;accueil elle-m\u00eame.<\/span><\/strong><\/span><\/p>\n<p><span style=\"color: #000080; font-size: 20px; font-family: arial,helvetica,sans-serif;\"><strong><span style=\"font-size: 24px;\">Nos tarifs restent inchang\u00e9s :<\/span><br \/>\nadultes (18 ans et plus) : 6 \u20ac<br \/>\nadolescents (de 12 \u00e0 17 ans) : 3 \u20ac<\/strong><\/span><br \/>\n<span style=\"color: #000080;\"><strong><span style=\"font-family: arial, helvetica, sans-serif; font-size: 20px;\">enfants (11 ans et moins) : gratuit<\/span><\/strong><\/span><\/p>\n<p><span style=\"color: #ff0000; font-family: 'arial black', sans-serif;\"><span style=\"font-size: 20px;\">Nous acceptons les paiements en esp\u00e8ces, par ch\u00e8que et par carte de cr\u00e9dit.<\/span><\/span><\/p>\n<p><strong><span style=\"font-family: times new roman, times, serif; font-size: 20px; color: #008000;\"><span style=\"font-size: 24px;\">=&gt; <\/span>Note pour nos visiteurs poss\u00e9dant des jumelles : nous vous encourageons vivement \u00e0 les prendre avec vous lors de votre visite. Nous vous montrerons comment les utiliser en astronomie et quoi regarder avec ces instruments.<\/span><\/strong><\/p>\n<p><span style=\"font-size: 20px;\"><em><span style=\"color: #000000; font-family: times new roman,times,serif;\"><strong>Nous sommes \u00e9galement ouverts lors d&rsquo;\u00e9v\u00e8nements astronomiques particuliers (Nuits de l&rsquo;Astronomie, F\u00eate de la science, \u00e9clipses, transits, etc.).<\/strong><\/span><\/em><\/span><\/p>\n<p><span style=\"font-size: 24px; font-family: arial,helvetica,sans-serif; color: #000000;\"><strong>B) D\u00e9roulement des visites<br \/>\n<\/strong><\/span><\/p>\n<p><span style=\"font-family: times new roman,times,serif; font-size: 20px;\"><em>&#8211; Petite affluence<\/em><\/span><br \/>\n<span style=\"font-family: times new roman,times,serif; font-size: 20px;\"> * le groupe de visiteurs est pris en main par un membre du club pour une visite des lieux, une session dans notre grande salle pour d\u00e9couvrir des maquettes de plan\u00e8tes et de constellations, comprendre les \u00e9l\u00e9ments constitutifs du syst\u00e8me solaire et de l&rsquo;Univers (suivie de questions\/r\u00e9ponses), un parcours c\u00e9leste \u00e0 l&rsquo;\u0153il nu guid\u00e9 au laser pour voir des constellations et des objets du ciel, une visite pour d\u00e9couvrir les instruments de l&rsquo;astronomie, une s\u00e9ance de plan\u00e9tarium et enfin des observations gr\u00e2ce \u00e0 nos instruments si la m\u00e9t\u00e9o le permet.<\/span><\/p>\n<p><span style=\"font-family: times new roman,times,serif; font-size: 20px;\"><em>&#8211; Grosses manifestations<\/em><\/span><br \/>\n<span style=\"font-family: times new roman,times,serif; font-size: 20px;\"> * une rencontre-conf\u00e9rence d\u00e9bute g\u00e9n\u00e9ralement la soir\u00e9e.<\/span><br \/>\n<span style=\"font-family: times new roman,times,serif; font-size: 20px;\"> * puis le public est invit\u00e9 \u00e0 circuler d&rsquo;un \u00ab\u00a0atelier\u00a0\u00bb \u00e0 l&rsquo;autre, c&rsquo;est-\u00e0-dire d&rsquo;un instrument \u00e0 l&rsquo;autre (binoculaires, lunette, t\u00e9lescopes, plan\u00e9tarium, rep\u00e9rage \u00e0 l&rsquo;\u0153il nu&#8230;).<\/span><\/p>\n<p>&nbsp;<\/p>\n<p><span style=\"font-size: 20px;\"><strong><span style=\"font-family: arial,helvetica,sans-serif; font-size: 24px; color: #000000;\">C) Les contenus possibles<\/span><br \/>\n<\/strong><\/span><\/p>\n<p><span style=\"font-family: times new roman,times,serif; font-size: 20px;\"> * Le syst\u00e8me solaire : les plan\u00e8tes, la m\u00e9canique, l&rsquo;histoire de son exploration.<\/span><br \/>\n<span style=\"font-family: times new roman,times,serif; font-size: 20px;\"> * La Terre : les mar\u00e9es, les saisons, la dur\u00e9e des jours, la structure du globe.<\/span><br \/>\n<span style=\"font-family: times new roman,times,serif; font-size: 20px;\"> * La Lune : sa g\u00e9ographie, la m\u00e9canique qui l&rsquo;anime, son origine.<\/span><br \/>\n<span style=\"font-family: times new roman,times,serif; font-size: 20px;\"> * Galaxies et objets lointains : structure de l&rsquo;univers, r\u00e9partition des objets.<\/span><br \/>\n<span style=\"font-family: times new roman,times,serif; font-size: 20px;\"> * Distances et chronologies.<\/span><br \/>\n<span style=\"font-family: times new roman,times,serif; font-size: 20px;\"> * Plan\u00e9tarium : d\u00e9couverte du ciel et de sa m\u00e9canique.<\/span><\/p>\n<p>&nbsp;<\/p>\n<p><strong><span style=\"font-family: arial,helvetica,sans-serif; font-size: 24px; color: #000000;\">D) Les objectifs du GAP47<\/span><br \/>\n<\/strong><\/p>\n<p><span style=\"font-family: times new roman,times,serif; font-size: 20px;\">Faire partager les plaisirs de l&rsquo;observation et de la compr\u00e9hension de notre univers. Suivre les progr\u00e8s scientifiques concernant notre environnement, nos origines et notre destin.<\/span><\/p>\n<p>&nbsp;<\/p>\n<p><span style=\"font-size: 24px;\"><strong><span style=\"font-family: arial, helvetica, sans-serif;\">E) Devenir membre du GAP47<\/span><\/strong><\/span><\/p>\n<p style=\"text-align: center;\"><span style=\"font-family: arial, helvetica, sans-serif; font-size: 20px;\"><strong>Le GAP47 est une association r\u00e9gie par la loi de 1901. <\/strong><\/span><br \/>\n<span style=\"font-family: arial, helvetica, sans-serif; font-size: 20px;\"><strong>Elle ne comprend que des membres b\u00e9n\u00e9voles.<br \/>\nOn devient membre en adh\u00e9rant \u00e0 l\u2019association.<br \/>\nLe GAP47 compte \u00e0 ce jour (janvier 2025) 43 membres.<\/strong><\/span><\/p>\n<p style=\"text-align: center;\"><strong><em><span style=\"font-family: arial, helvetica, sans-serif; font-size: 20px; color: #0000ff;\">Adh\u00e9sions au GAP47 : Cotisation annuelle de 25 \u20ac par adulte<\/span><br \/>\n<span style=\"font-family: arial, helvetica, sans-serif; font-size: 20px; color: #0000ff;\">gratuit\u00e9 pour les mineurs \u2013 tarif r\u00e9duit pour les couples (40 \u20ac)<\/span><br \/>\n<\/em><\/strong><\/p>\n<p class=\"Style2\" align=\"justify\"><span class=\"Style9\" style=\"font-family: times new roman, times, serif; font-size: 20px;\"><span class=\"Style10\"><span class=\"Style14\"><span class=\"Style15\"><strong>Vous souhaitez faire de l\u2019astronomie ?<\/strong> Le mat\u00e9riel du GAP47 vous est accessible, quel que soit votre \u00e2ge, quelle que soit votre formation.<\/span><\/span><\/span><\/span><\/p>\n<p class=\"Style15\" align=\"justify\"><span style=\"font-family: times new roman, times, serif; font-size: 20px;\">Il existe de multiples fa\u00e7ons de faire de l\u2019astronomie, et toutes sont pratiqu\u00e9es au GAP47, par l\u2019un ou par l\u2019autre de ses membres.<\/span><br \/>\n<span style=\"font-family: times new roman, times, serif; font-size: 20px;\">\u2013 on peut \u00eatre d\u2019esprit scientifique ou bien du genre contemplatif.<\/span><br \/>\n<span style=\"font-family: times new roman, times, serif; font-size: 20px;\">\u2013 on peut vouloir construire son mat\u00e9riel ou bien utiliser le mat\u00e9riel existant, sans souci de technique.<\/span><br \/>\n<span style=\"font-family: times new roman, times, serif; font-size: 20px;\">\u2013 on peut vouloir faire des photos, ou des dessins, ou simplement regarder.<\/span><br \/>\n<span style=\"font-family: times new roman, times, serif; font-size: 20px;\">\u2013 on peut \u00eatre d\u00e9j\u00e0 un expert en astronomie, ou bien esp\u00e9rer apprendre petit \u00e0 petit, au contact des autres.<\/span><\/p>\n<p><span style=\"font-family: times new roman, times, serif; font-size: 20px;\">Vous devez savoir que les membres du GAP47 n\u2019habitent pas n\u00e9cessairement en Fum\u00e9lois. Ils viennent du Villeneuvois, de l&rsquo;Agenais, du Lot, de la Gironde, de la Haute-Garonne, de l&rsquo;Aveyron et certains sont m\u00eame Anglais, Hollandais ou Belges !<\/span><\/p>\n<p class=\"Style15\" align=\"justify\"><span style=\"font-family: times new roman, times, serif; font-size: 20px;\">Certains sont des anciens du club, parfois m\u00eame fondateurs, et d\u2019autres sont de tout r\u00e9cents adh\u00e9rents.<\/span><\/p>\n<p class=\"Style15\" align=\"justify\"><span style=\"font-family: times new roman, times, serif; font-size: 20px;\">Aucun d\u2019entre nous ne s\u2019est lanc\u00e9 dans l\u2019astronomie \u00e0 cause d\u2019une formation scolaire ou universitaire adapt\u00e9e. C\u2019est plus g\u00e9n\u00e9ralement la curiosit\u00e9 pour les choses de la nature qui leur a fait d\u00e9couvrir le ciel, les \u00e9toiles, et se passionner pour les secrets de notre univers.<\/span><\/p>\n<p class=\"Style15\" align=\"justify\"><span style=\"font-family: times new roman, times, serif; font-size: 20px;\">La pr\u00e9occupation principale du GAP47 (Groupe d\u2019Astronomie Populaire) est, comme son nom l\u2019indique clairement, de faire partager \u00e0 tous des connaissances concernant notre univers et notre place dans cet univers. Dans ce but, nous recevons le public tous les vendredis, et nous organisons des soir\u00e9es ou des journ\u00e9es sp\u00e9ciales pour des groupes, scolaires ou non. Chacun des membres du club participe, \u00e0 sa fa\u00e7on, et \u00e0 son niveau, \u00e0 ce partage de connaissances, s\u2019il le souhaite et s\u2019il est disponible.<\/span><\/p>\n<p class=\"Style15\" align=\"justify\"><span style=\"font-family: arial, helvetica, sans-serif;\"><img loading=\"lazy\" decoding=\"async\" class=\"alignnone wp-image-1715\" src=\"http:\/\/gap47.astrosurf.com\/wp-content\/uploads\/2017\/03\/visiteurs-8.jpg\" alt=\"\" width=\"500\" height=\"376\"><span style=\"font-size: 20px;\">&nbsp;&nbsp;<strong> Astro facile&nbsp;&nbsp;&nbsp;<\/strong><\/span><\/span><\/p>\n<p class=\"Style15\" align=\"justify\"><span style=\"font-family: arial, helvetica, sans-serif; font-size: 20px;\"><strong><img loading=\"lazy\" decoding=\"async\" class=\"alignnone wp-image-1713\" src=\"http:\/\/gap47.astrosurf.com\/wp-content\/uploads\/2017\/03\/Nuits-des-Etoiles-2006.jpg\" alt=\"\" width=\"500\" height=\"334\">&nbsp;&nbsp; Astro plaisir<\/strong><\/span><\/p>\n<p><span style=\"font-family: arial, helvetica, sans-serif; font-size: 20px;\"><strong><img loading=\"lazy\" decoding=\"async\" class=\"alignnone wp-image-1712\" src=\"http:\/\/gap47.astrosurf.com\/wp-content\/uploads\/2017\/03\/convives.jpg\" alt=\"\" width=\"500\" height=\"376\"> &nbsp;&nbsp;Astro conviviale &nbsp; <\/strong><\/span><\/p>\n<p><span style=\"font-family: arial, helvetica, sans-serif; font-size: 20px;\"><strong><img loading=\"lazy\" decoding=\"async\" class=\"alignleft wp-image-1714\" src=\"http:\/\/gap47.astrosurf.com\/wp-content\/uploads\/2017\/03\/observateur.jpg\" alt=\"\" width=\"500\" height=\"892\" srcset=\"https:\/\/gap47.astrosurf.com\/wp-content\/uploads\/2017\/03\/observateur.jpg 250w, https:\/\/gap47.astrosurf.com\/wp-content\/uploads\/2017\/03\/observateur-168x300.jpg 168w\" sizes=\"auto, (max-width: 500px) 100vw, 500px\" \/><\/strong><\/span><\/p>\n<p>&nbsp;<\/p>\n<p>&nbsp;<\/p>\n<p>&nbsp;<\/p>\n<p>&nbsp;<\/p>\n<p>&nbsp;<\/p>\n<p>&nbsp;<\/p>\n<p>&nbsp;<\/p>\n<p>&nbsp;<\/p>\n<p>&nbsp;<\/p>\n<p>&nbsp;<\/p>\n<p>&nbsp;<\/p>\n<p>&nbsp;<\/p>\n<p>&nbsp;<\/p>\n<p>&nbsp;<\/p>\n<p>&nbsp;<\/p>\n<p>&nbsp;<\/p>\n<p>&nbsp;<\/p>\n<p>&nbsp;<\/p>\n<p><span style=\"font-family: arial, helvetica, sans-serif; font-size: 20px;\"><strong>Astro d\u00e9couverte<\/strong><\/span><\/p>\n<p><strong><span style=\"font-family: 'times new roman', times, serif; font-size: 20px; color: #008000;\">L&rsquo;association se r\u00e9unit au moins une fois par an (en g\u00e9n\u00e9ral en janvier) pour l&rsquo;Assembl\u00e9e G\u00e9n\u00e9rale au cours de laquelle on fait le bilan de l&rsquo;ann\u00e9e \u00e9coul\u00e9e. Ce vendredi l\u00e0, le GAP47 sera ferm\u00e9 au public. Cette date sera affich\u00e9e un mois avant notre Assembl\u00e9e G\u00e9n\u00e9rale. Sinon, la plupart d&rsquo;entre-nous se r\u00e9unit tous les vendredis soirs \u00e0 l&rsquo;observatoire, jours o\u00f9 nous accueillons aussi le public sans r\u00e9servation (sauf en \u00e9t\u00e9). Certains membres se r\u00e9unissent aussi parfois \u00e0 l&rsquo;observatoire en semaine et en soir\u00e9e pour faire de l&rsquo;observation ou de l&rsquo;astrophotographie.<\/span><\/strong><\/p>\n<hr>\n<p>&nbsp;<\/p>\n","protected":false},"excerpt":{"rendered":"<p>A) Cadre g\u00e9n\u00e9ral Jours et heures d&rsquo;ouverture du GAP47 : Chaque vendredi de l&rsquo;ann\u00e9e, sans r\u00e9servation, de septembre au 4 juillet 2025 inclus \u00e0 21h00. Merci de ne pas arriver apr\u00e8s 21h30. Les vendredis de l&rsquo;\u00e9t\u00e9 (du 11 juillet au 29 ao\u00fbt 2025) ne seront accessibles que via une r\u00e9servation pr\u00e9alable. Voir sous-menu \u00ab\u00a0R\u00e9servations\u00ab\u00a0.&nbsp; Attention, &hellip; <\/p>\n<p class=\"link-more\"><a href=\"https:\/\/gap47.astrosurf.com\/index.php\/accueil-visiteurs\/visiteurs-libres\/\" class=\"more-link\">Continuer la lecture<span class=\"screen-reader-text\"> de &laquo;&nbsp;Visiteurs libres&nbsp;&raquo;<\/span><\/a><\/p>\n","protected":false},"author":5,"featured_media":0,"parent":29,"menu_order":4,"comment_status":"closed","ping_status":"closed","template":"","meta":{"_exactmetrics_skip_tracking":false,"_exactmetrics_sitenote_active":false,"_exactmetrics_sitenote_note":"","_exactmetrics_sitenote_category":0,"ngg_post_thumbnail":0,"footnotes":""},"class_list":["post-96","page","type-page","status-publish","hentry"],"yoast_head":"<!-- This site is optimized with the Yoast SEO plugin v24.8.1 - https:\/\/yoast.com\/wordpress\/plugins\/seo\/ -->\n<title>Visiteurs libres - L&#039;observatoire est ouvert aux visiteurs tous les vendredis soirs \u00e0 21 heures, jusqu&#039;au 3 juillet 2026 inclus, sans r\u00e9servation.<\/title>\n<meta name=\"robots\" content=\"index, follow, max-snippet:-1, max-image-preview:large, max-video-preview:-1\" \/>\n<link rel=\"canonical\" href=\"https:\/\/gap47.astrosurf.com\/index.php\/accueil-visiteurs\/visiteurs-libres\/\" \/>\n<meta property=\"og:locale\" content=\"fr_FR\" \/>\n<meta property=\"og:type\" content=\"article\" \/>\n<meta property=\"og:title\" content=\"Visiteurs libres - L&#039;observatoire est ouvert aux visiteurs tous les vendredis soirs \u00e0 21 heures, jusqu&#039;au 3 juillet 2026 inclus, sans r\u00e9servation.\" \/>\n<meta property=\"og:description\" content=\"A) Cadre g\u00e9n\u00e9ral Jours et heures d&rsquo;ouverture du GAP47 : Chaque vendredi de l&rsquo;ann\u00e9e, sans r\u00e9servation, de septembre au 4 juillet 2025 inclus \u00e0 21h00. Merci de ne pas arriver apr\u00e8s 21h30. Les vendredis de l&rsquo;\u00e9t\u00e9 (du 11 juillet au 29 ao\u00fbt 2025) ne seront accessibles que via une r\u00e9servation pr\u00e9alable. Voir sous-menu \u00ab\u00a0R\u00e9servations\u00ab\u00a0.&nbsp; Attention, &hellip; Continuer la lecture de &laquo;&nbsp;Visiteurs libres&nbsp;&raquo;\" \/>\n<meta property=\"og:url\" content=\"https:\/\/gap47.astrosurf.com\/index.php\/accueil-visiteurs\/visiteurs-libres\/\" \/>\n<meta property=\"og:site_name\" content=\"L&#039;observatoire est ouvert aux visiteurs tous les vendredis soirs \u00e0 21 heures, jusqu&#039;au 3 juillet 2026 inclus, sans r\u00e9servation.\" \/>\n<meta property=\"article:publisher\" content=\"https:\/\/www.facebook.com\/astrogap47\/\" \/>\n<meta property=\"article:modified_time\" content=\"2025-02-02T17:09:51+00:00\" \/>\n<meta property=\"og:image\" content=\"https:\/\/gap47.astrosurf.com\/wp-content\/uploads\/2017\/03\/visiteurs-8.jpg\" \/>\n\t<meta property=\"og:image:width\" content=\"250\" \/>\n\t<meta property=\"og:image:height\" content=\"188\" \/>\n\t<meta property=\"og:image:type\" content=\"image\/jpeg\" \/>\n<meta name=\"twitter:card\" content=\"summary_large_image\" \/>\n<meta name=\"twitter:label1\" content=\"Dur\u00e9e de lecture estim\u00e9e\" \/>\n\t<meta name=\"twitter:data1\" content=\"6 minutes\" \/>\n<script type=\"application\/ld+json\" class=\"yoast-schema-graph\">{\"@context\":\"https:\/\/schema.org\",\"@graph\":[{\"@type\":\"WebPage\",\"@id\":\"https:\/\/gap47.astrosurf.com\/index.php\/accueil-visiteurs\/visiteurs-libres\/\",\"url\":\"https:\/\/gap47.astrosurf.com\/index.php\/accueil-visiteurs\/visiteurs-libres\/\",\"name\":\"Visiteurs libres - L&#039;observatoire est ouvert aux visiteurs tous les vendredis soirs \u00e0 21 heures, jusqu&#039;au 3 juillet 2026 inclus, sans r\u00e9servation.\",\"isPartOf\":{\"@id\":\"https:\/\/gap47.astrosurf.com\/#website\"},\"primaryImageOfPage\":{\"@id\":\"https:\/\/gap47.astrosurf.com\/index.php\/accueil-visiteurs\/visiteurs-libres\/#primaryimage\"},\"image\":{\"@id\":\"https:\/\/gap47.astrosurf.com\/index.php\/accueil-visiteurs\/visiteurs-libres\/#primaryimage\"},\"thumbnailUrl\":\"http:\/\/gap47.astrosurf.com\/wp-content\/uploads\/2017\/03\/visiteurs-8.jpg\",\"datePublished\":\"2017-03-31T21:53:21+00:00\",\"dateModified\":\"2025-02-02T17:09:51+00:00\",\"breadcrumb\":{\"@id\":\"https:\/\/gap47.astrosurf.com\/index.php\/accueil-visiteurs\/visiteurs-libres\/#breadcrumb\"},\"inLanguage\":\"fr-FR\",\"potentialAction\":[{\"@type\":\"ReadAction\",\"target\":[\"https:\/\/gap47.astrosurf.com\/index.php\/accueil-visiteurs\/visiteurs-libres\/\"]}]},{\"@type\":\"ImageObject\",\"inLanguage\":\"fr-FR\",\"@id\":\"https:\/\/gap47.astrosurf.com\/index.php\/accueil-visiteurs\/visiteurs-libres\/#primaryimage\",\"url\":\"https:\/\/gap47.astrosurf.com\/wp-content\/uploads\/2017\/03\/visiteurs-8.jpg\",\"contentUrl\":\"https:\/\/gap47.astrosurf.com\/wp-content\/uploads\/2017\/03\/visiteurs-8.jpg\",\"width\":250,\"height\":188},{\"@type\":\"BreadcrumbList\",\"@id\":\"https:\/\/gap47.astrosurf.com\/index.php\/accueil-visiteurs\/visiteurs-libres\/#breadcrumb\",\"itemListElement\":[{\"@type\":\"ListItem\",\"position\":1,\"name\":\"Accueil\",\"item\":\"https:\/\/gap47.astrosurf.com\/\"},{\"@type\":\"ListItem\",\"position\":2,\"name\":\"Accueil visiteurs\",\"item\":\"https:\/\/gap47.astrosurf.com\/index.php\/accueil-visiteurs\/\"},{\"@type\":\"ListItem\",\"position\":3,\"name\":\"Visiteurs libres\"}]},{\"@type\":\"WebSite\",\"@id\":\"https:\/\/gap47.astrosurf.com\/#website\",\"url\":\"https:\/\/gap47.astrosurf.com\/\",\"name\":\"De janvier \u00e0 fin juin 2024, le GAP47 sera ouvert aux visiteurs tous les vendredis \u00e0 21h sans r\u00e9servation, \u00e0 l'exception du vendredi 26 janvier o\u00f9 l'observatoire sera ferm\u00e9 au public.\",\"description\":\"Groupe d&#039;Astronomie Populaire du Lot-et-Garonne, \u00e0 Montayral\",\"potentialAction\":[{\"@type\":\"SearchAction\",\"target\":{\"@type\":\"EntryPoint\",\"urlTemplate\":\"https:\/\/gap47.astrosurf.com\/?s={search_term_string}\"},\"query-input\":{\"@type\":\"PropertyValueSpecification\",\"valueRequired\":true,\"valueName\":\"search_term_string\"}}],\"inLanguage\":\"fr-FR\"}]}<\/script>\n<!-- \/ Yoast SEO plugin. -->","yoast_head_json":{"title":"Visiteurs libres - L&#039;observatoire est ouvert aux visiteurs tous les vendredis soirs \u00e0 21 heures, jusqu&#039;au 3 juillet 2026 inclus, sans r\u00e9servation.","robots":{"index":"index","follow":"follow","max-snippet":"max-snippet:-1","max-image-preview":"max-image-preview:large","max-video-preview":"max-video-preview:-1"},"canonical":"https:\/\/gap47.astrosurf.com\/index.php\/accueil-visiteurs\/visiteurs-libres\/","og_locale":"fr_FR","og_type":"article","og_title":"Visiteurs libres - L&#039;observatoire est ouvert aux visiteurs tous les vendredis soirs \u00e0 21 heures, jusqu&#039;au 3 juillet 2026 inclus, sans r\u00e9servation.","og_description":"A) Cadre g\u00e9n\u00e9ral Jours et heures d&rsquo;ouverture du GAP47 : Chaque vendredi de l&rsquo;ann\u00e9e, sans r\u00e9servation, de septembre au 4 juillet 2025 inclus \u00e0 21h00. Merci de ne pas arriver apr\u00e8s 21h30. Les vendredis de l&rsquo;\u00e9t\u00e9 (du 11 juillet au 29 ao\u00fbt 2025) ne seront accessibles que via une r\u00e9servation pr\u00e9alable. Voir sous-menu \u00ab\u00a0R\u00e9servations\u00ab\u00a0.&nbsp; Attention, &hellip; Continuer la lecture de &laquo;&nbsp;Visiteurs libres&nbsp;&raquo;","og_url":"https:\/\/gap47.astrosurf.com\/index.php\/accueil-visiteurs\/visiteurs-libres\/","og_site_name":"L&#039;observatoire est ouvert aux visiteurs tous les vendredis soirs \u00e0 21 heures, jusqu&#039;au 3 juillet 2026 inclus, sans r\u00e9servation.","article_publisher":"https:\/\/www.facebook.com\/astrogap47\/","article_modified_time":"2025-02-02T17:09:51+00:00","og_image":[{"width":250,"height":188,"url":"https:\/\/gap47.astrosurf.com\/wp-content\/uploads\/2017\/03\/visiteurs-8.jpg","type":"image\/jpeg"}],"twitter_card":"summary_large_image","twitter_misc":{"Dur\u00e9e de lecture estim\u00e9e":"6 minutes"},"schema":{"@context":"https:\/\/schema.org","@graph":[{"@type":"WebPage","@id":"https:\/\/gap47.astrosurf.com\/index.php\/accueil-visiteurs\/visiteurs-libres\/","url":"https:\/\/gap47.astrosurf.com\/index.php\/accueil-visiteurs\/visiteurs-libres\/","name":"Visiteurs libres - L&#039;observatoire est ouvert aux visiteurs tous les vendredis soirs \u00e0 21 heures, jusqu&#039;au 3 juillet 2026 inclus, sans r\u00e9servation.","isPartOf":{"@id":"https:\/\/gap47.astrosurf.com\/#website"},"primaryImageOfPage":{"@id":"https:\/\/gap47.astrosurf.com\/index.php\/accueil-visiteurs\/visiteurs-libres\/#primaryimage"},"image":{"@id":"https:\/\/gap47.astrosurf.com\/index.php\/accueil-visiteurs\/visiteurs-libres\/#primaryimage"},"thumbnailUrl":"http:\/\/gap47.astrosurf.com\/wp-content\/uploads\/2017\/03\/visiteurs-8.jpg","datePublished":"2017-03-31T21:53:21+00:00","dateModified":"2025-02-02T17:09:51+00:00","breadcrumb":{"@id":"https:\/\/gap47.astrosurf.com\/index.php\/accueil-visiteurs\/visiteurs-libres\/#breadcrumb"},"inLanguage":"fr-FR","potentialAction":[{"@type":"ReadAction","target":["https:\/\/gap47.astrosurf.com\/index.php\/accueil-visiteurs\/visiteurs-libres\/"]}]},{"@type":"ImageObject","inLanguage":"fr-FR","@id":"https:\/\/gap47.astrosurf.com\/index.php\/accueil-visiteurs\/visiteurs-libres\/#primaryimage","url":"https:\/\/gap47.astrosurf.com\/wp-content\/uploads\/2017\/03\/visiteurs-8.jpg","contentUrl":"https:\/\/gap47.astrosurf.com\/wp-content\/uploads\/2017\/03\/visiteurs-8.jpg","width":250,"height":188},{"@type":"BreadcrumbList","@id":"https:\/\/gap47.astrosurf.com\/index.php\/accueil-visiteurs\/visiteurs-libres\/#breadcrumb","itemListElement":[{"@type":"ListItem","position":1,"name":"Accueil","item":"https:\/\/gap47.astrosurf.com\/"},{"@type":"ListItem","position":2,"name":"Accueil visiteurs","item":"https:\/\/gap47.astrosurf.com\/index.php\/accueil-visiteurs\/"},{"@type":"ListItem","position":3,"name":"Visiteurs libres"}]},{"@type":"WebSite","@id":"https:\/\/gap47.astrosurf.com\/#website","url":"https:\/\/gap47.astrosurf.com\/","name":"De janvier \u00e0 fin juin 2024, le GAP47 sera ouvert aux visiteurs tous les vendredis \u00e0 21h sans r\u00e9servation, \u00e0 l'exception du vendredi 26 janvier o\u00f9 l'observatoire sera ferm\u00e9 au public.","description":"Groupe d&#039;Astronomie Populaire du Lot-et-Garonne, \u00e0 Montayral","potentialAction":[{"@type":"SearchAction","target":{"@type":"EntryPoint","urlTemplate":"https:\/\/gap47.astrosurf.com\/?s={search_term_string}"},"query-input":{"@type":"PropertyValueSpecification","valueRequired":true,"valueName":"search_term_string"}}],"inLanguage":"fr-FR"}]}},"_links":{"self":[{"href":"https:\/\/gap47.astrosurf.com\/index.php\/wp-json\/wp\/v2\/pages\/96","targetHints":{"allow":["GET"]}}],"collection":[{"href":"https:\/\/gap47.astrosurf.com\/index.php\/wp-json\/wp\/v2\/pages"}],"about":[{"href":"https:\/\/gap47.astrosurf.com\/index.php\/wp-json\/wp\/v2\/types\/page"}],"author":[{"embeddable":true,"href":"https:\/\/gap47.astrosurf.com\/index.php\/wp-json\/wp\/v2\/users\/5"}],"replies":[{"embeddable":true,"href":"https:\/\/gap47.astrosurf.com\/index.php\/wp-json\/wp\/v2\/comments?post=96"}],"version-history":[{"count":150,"href":"https:\/\/gap47.astrosurf.com\/index.php\/wp-json\/wp\/v2\/pages\/96\/revisions"}],"predecessor-version":[{"id":13181,"href":"https:\/\/gap47.astrosurf.com\/index.php\/wp-json\/wp\/v2\/pages\/96\/revisions\/13181"}],"up":[{"embeddable":true,"href":"https:\/\/gap47.astrosurf.com\/index.php\/wp-json\/wp\/v2\/pages\/29"}],"wp:attachment":[{"href":"https:\/\/gap47.astrosurf.com\/index.php\/wp-json\/wp\/v2\/media?parent=96"}],"curies":[{"name":"wp","href":"https:\/\/api.w.org\/{rel}","templated":true}]}}