 {"id":9352,"date":"2020-02-25T21:00:27","date_gmt":"2020-02-25T19:00:27","guid":{"rendered":"http:\/\/gap47.astrosurf.com\/?page_id=9352"},"modified":"2020-02-25T21:00:27","modified_gmt":"2020-02-25T19:00:27","slug":"champ-magnetique-de-jupiter","status":"publish","type":"page","link":"https:\/\/gap47.astrosurf.com\/index.php\/champ-magnetique-de-jupiter\/","title":{"rendered":"Champ magn\u00e9tique de Jupiter"},"content":{"rendered":"<p style=\"text-align: center;\"><span style=\"color: #ff0000;\"><strong><span style=\"font-family: arial, helvetica, sans-serif; font-size: 24px;\">L\u2019extraordinaire et tr\u00e8s particulier champ magn\u00e9tique de Jupiter<\/span><\/strong><\/span><\/p>\n<p style=\"text-align: justify;\"><span style=\"font-family: 'times new roman', times, serif; font-size: 20px;\">En quoi le champ magn\u00e9tique de Jupiter est-il comparable \u00e0 celui de la Terre ? La sonde robotique Juno de la NASA a d\u00e9couvert que le champ magn\u00e9tique de Jupiter \u00e9tait \u00e9tonnamment complexe et que le monde jovien n\u2019a pas des p\u00f4les magn\u00e9tiques uniques comme la Terre. Un instantan\u00e9 du champ magn\u00e9tique de Jupiter \u00e0 un moment donn\u00e9 a \u00e9t\u00e9 anim\u00e9 en fonction des donn\u00e9es recueillies par Juno qui apparaissent dans la vid\u00e9o. Les couleurs rouges et bleues montrent les r\u00e9gions sup\u00e9rieures des nuages o\u00f9 se trouvent respectivement de forts champs magn\u00e9tiques positifs (sud) et n\u00e9gatifs (nord). Entourant la plan\u00e8te figurent des lignes imaginaires de forces magn\u00e9tiques de force continue. La premi\u00e8re s\u00e9quence de la vid\u00e9o commence avec ce qui semble \u00eatre un champ dip\u00f4le relativement normal, mais rapidement, une r\u00e9gion appel\u00e9e la \u00ab\u00a0Grande Tache Bleue\u00a0\u00bb appara\u00eet, qui n\u2019est pas directement align\u00e9e avec l\u2019axe de rotation des p\u00f4les de Jupiter. Plus loin, dans la seconde s\u00e9quence, l\u2019illustration nous emm\u00e8ne au-dessus l\u2019un des p\u00f4les o\u00f9 les points rouges magn\u00e9tiques se r\u00e9v\u00e8lent en extension et, parfois m\u00eame, de formes annulaires. Une meilleure compr\u00e9hension du champ magn\u00e9tique de Jupiter peut nous donner des indices pour mieux comprendre le magn\u00e9tisme \u00e9nigmatique de notre propre plan\u00e8te, la Terre.<\/span><\/p>\n<p><div class=\"ose-youtube ose-uid-7cd6594df94c260bc88b09e0ed16fd08 ose-embedpress-responsive\" style=\"width:600px; height:550px; max-height:550px; max-width:100%; display:inline-block;\" data-embed-type=\"Youtube\"><iframe loading=\"lazy\" allowFullScreen=\"true\" title=\"Jupiter&#039;s Magnetic Field from Juno\" width=\"600\" height=\"550\" src=\"https:\/\/www.youtube.com\/embed\/-N7nRh5v1Iw?feature=oembed&color=red&rel=0&controls=1&start=&end=&fs=0&iv_load_policy=0&autoplay=0&mute=0&modestbranding=0&cc_load_policy=1&playsinline=1\" frameborder=\"0\" allow=\"accelerometer; encrypted-media;accelerometer;autoplay;clipboard-write;gyroscope;picture-in-picture clipboard-write; encrypted-media; gyroscope; picture-in-picture; web-share\" referrerpolicy=\"strict-origin-when-cross-origin\" allowfullscreen><\/iframe><\/div><\/p>\n<hr>\n<p>&nbsp;<\/p>\n","protected":false},"excerpt":{"rendered":"<p>L\u2019extraordinaire et tr\u00e8s particulier champ magn\u00e9tique de Jupiter En quoi le champ magn\u00e9tique de Jupiter est-il comparable \u00e0 celui de la Terre ? La sonde robotique Juno de la NASA a d\u00e9couvert que le champ magn\u00e9tique de Jupiter \u00e9tait \u00e9tonnamment complexe et que le monde jovien n\u2019a pas des p\u00f4les magn\u00e9tiques uniques comme la Terre. &hellip; <\/p>\n<p class=\"link-more\"><a href=\"https:\/\/gap47.astrosurf.com\/index.php\/champ-magnetique-de-jupiter\/\" class=\"more-link\">Continuer la lecture<span class=\"screen-reader-text\"> de &laquo;&nbsp;Champ magn\u00e9tique de Jupiter&nbsp;&raquo;<\/span><\/a><\/p>\n","protected":false},"author":5,"featured_media":0,"parent":0,"menu_order":0,"comment_status":"closed","ping_status":"closed","template":"","meta":{"_exactmetrics_skip_tracking":false,"_exactmetrics_sitenote_active":false,"_exactmetrics_sitenote_note":"","_exactmetrics_sitenote_category":0,"ngg_post_thumbnail":0,"footnotes":""},"class_list":["post-9352","page","type-page","status-publish","hentry"],"yoast_head":"<!-- This site is optimized with the Yoast SEO plugin v24.8.1 - https:\/\/yoast.com\/wordpress\/plugins\/seo\/ -->\n<title>Champ magn\u00e9tique de Jupiter - L&#039;observatoire est ouvert aux visiteurs tous les vendredis soirs \u00e0 21 heures, jusqu&#039;au 3 juillet 2026 inclus, sans r\u00e9servation.<\/title>\n<meta name=\"robots\" content=\"index, follow, max-snippet:-1, max-image-preview:large, max-video-preview:-1\" \/>\n<link rel=\"canonical\" href=\"https:\/\/gap47.astrosurf.com\/index.php\/champ-magnetique-de-jupiter\/\" \/>\n<meta property=\"og:locale\" content=\"fr_FR\" \/>\n<meta property=\"og:type\" content=\"article\" \/>\n<meta property=\"og:title\" content=\"Champ magn\u00e9tique de Jupiter - L&#039;observatoire est ouvert aux visiteurs tous les vendredis soirs \u00e0 21 heures, jusqu&#039;au 3 juillet 2026 inclus, sans r\u00e9servation.\" \/>\n<meta property=\"og:description\" content=\"L\u2019extraordinaire et tr\u00e8s particulier champ magn\u00e9tique de Jupiter En quoi le champ magn\u00e9tique de Jupiter est-il comparable \u00e0 celui de la Terre ? La sonde robotique Juno de la NASA a d\u00e9couvert que le champ magn\u00e9tique de Jupiter \u00e9tait \u00e9tonnamment complexe et que le monde jovien n\u2019a pas des p\u00f4les magn\u00e9tiques uniques comme la Terre. &hellip; Continuer la lecture de &laquo;&nbsp;Champ magn\u00e9tique de Jupiter&nbsp;&raquo;\" \/>\n<meta property=\"og:url\" content=\"https:\/\/gap47.astrosurf.com\/index.php\/champ-magnetique-de-jupiter\/\" \/>\n<meta property=\"og:site_name\" content=\"L&#039;observatoire est ouvert aux visiteurs tous les vendredis soirs \u00e0 21 heures, jusqu&#039;au 3 juillet 2026 inclus, sans r\u00e9servation.\" \/>\n<meta property=\"article:publisher\" content=\"https:\/\/www.facebook.com\/astrogap47\/\" \/>\n<meta name=\"twitter:card\" content=\"summary_large_image\" \/>\n<meta name=\"twitter:label1\" content=\"Dur\u00e9e de lecture estim\u00e9e\" \/>\n\t<meta name=\"twitter:data1\" content=\"1 minute\" \/>\n<script type=\"application\/ld+json\" class=\"yoast-schema-graph\">{\"@context\":\"https:\/\/schema.org\",\"@graph\":[{\"@type\":\"WebPage\",\"@id\":\"https:\/\/gap47.astrosurf.com\/index.php\/champ-magnetique-de-jupiter\/\",\"url\":\"https:\/\/gap47.astrosurf.com\/index.php\/champ-magnetique-de-jupiter\/\",\"name\":\"Champ magn\u00e9tique de Jupiter - L&#039;observatoire est ouvert aux visiteurs tous les vendredis soirs \u00e0 21 heures, jusqu&#039;au 3 juillet 2026 inclus, sans r\u00e9servation.\",\"isPartOf\":{\"@id\":\"https:\/\/gap47.astrosurf.com\/#website\"},\"datePublished\":\"2020-02-25T19:00:27+00:00\",\"breadcrumb\":{\"@id\":\"https:\/\/gap47.astrosurf.com\/index.php\/champ-magnetique-de-jupiter\/#breadcrumb\"},\"inLanguage\":\"fr-FR\",\"potentialAction\":[{\"@type\":\"ReadAction\",\"target\":[\"https:\/\/gap47.astrosurf.com\/index.php\/champ-magnetique-de-jupiter\/\"]}]},{\"@type\":\"BreadcrumbList\",\"@id\":\"https:\/\/gap47.astrosurf.com\/index.php\/champ-magnetique-de-jupiter\/#breadcrumb\",\"itemListElement\":[{\"@type\":\"ListItem\",\"position\":1,\"name\":\"Accueil\",\"item\":\"https:\/\/gap47.astrosurf.com\/\"},{\"@type\":\"ListItem\",\"position\":2,\"name\":\"Champ magn\u00e9tique de Jupiter\"}]},{\"@type\":\"WebSite\",\"@id\":\"https:\/\/gap47.astrosurf.com\/#website\",\"url\":\"https:\/\/gap47.astrosurf.com\/\",\"name\":\"De janvier \u00e0 fin juin 2024, le GAP47 sera ouvert aux visiteurs tous les vendredis \u00e0 21h sans r\u00e9servation, \u00e0 l'exception du vendredi 26 janvier o\u00f9 l'observatoire sera ferm\u00e9 au public.\",\"description\":\"Groupe d&#039;Astronomie Populaire du Lot-et-Garonne, \u00e0 Montayral\",\"potentialAction\":[{\"@type\":\"SearchAction\",\"target\":{\"@type\":\"EntryPoint\",\"urlTemplate\":\"https:\/\/gap47.astrosurf.com\/?s={search_term_string}\"},\"query-input\":{\"@type\":\"PropertyValueSpecification\",\"valueRequired\":true,\"valueName\":\"search_term_string\"}}],\"inLanguage\":\"fr-FR\"}]}<\/script>\n<!-- \/ Yoast SEO plugin. -->","yoast_head_json":{"title":"Champ magn\u00e9tique de Jupiter - L&#039;observatoire est ouvert aux visiteurs tous les vendredis soirs \u00e0 21 heures, jusqu&#039;au 3 juillet 2026 inclus, sans r\u00e9servation.","robots":{"index":"index","follow":"follow","max-snippet":"max-snippet:-1","max-image-preview":"max-image-preview:large","max-video-preview":"max-video-preview:-1"},"canonical":"https:\/\/gap47.astrosurf.com\/index.php\/champ-magnetique-de-jupiter\/","og_locale":"fr_FR","og_type":"article","og_title":"Champ magn\u00e9tique de Jupiter - L&#039;observatoire est ouvert aux visiteurs tous les vendredis soirs \u00e0 21 heures, jusqu&#039;au 3 juillet 2026 inclus, sans r\u00e9servation.","og_description":"L\u2019extraordinaire et tr\u00e8s particulier champ magn\u00e9tique de Jupiter En quoi le champ magn\u00e9tique de Jupiter est-il comparable \u00e0 celui de la Terre ? La sonde robotique Juno de la NASA a d\u00e9couvert que le champ magn\u00e9tique de Jupiter \u00e9tait \u00e9tonnamment complexe et que le monde jovien n\u2019a pas des p\u00f4les magn\u00e9tiques uniques comme la Terre. &hellip; Continuer la lecture de &laquo;&nbsp;Champ magn\u00e9tique de Jupiter&nbsp;&raquo;","og_url":"https:\/\/gap47.astrosurf.com\/index.php\/champ-magnetique-de-jupiter\/","og_site_name":"L&#039;observatoire est ouvert aux visiteurs tous les vendredis soirs \u00e0 21 heures, jusqu&#039;au 3 juillet 2026 inclus, sans r\u00e9servation.","article_publisher":"https:\/\/www.facebook.com\/astrogap47\/","twitter_card":"summary_large_image","twitter_misc":{"Dur\u00e9e de lecture estim\u00e9e":"1 minute"},"schema":{"@context":"https:\/\/schema.org","@graph":[{"@type":"WebPage","@id":"https:\/\/gap47.astrosurf.com\/index.php\/champ-magnetique-de-jupiter\/","url":"https:\/\/gap47.astrosurf.com\/index.php\/champ-magnetique-de-jupiter\/","name":"Champ magn\u00e9tique de Jupiter - L&#039;observatoire est ouvert aux visiteurs tous les vendredis soirs \u00e0 21 heures, jusqu&#039;au 3 juillet 2026 inclus, sans r\u00e9servation.","isPartOf":{"@id":"https:\/\/gap47.astrosurf.com\/#website"},"datePublished":"2020-02-25T19:00:27+00:00","breadcrumb":{"@id":"https:\/\/gap47.astrosurf.com\/index.php\/champ-magnetique-de-jupiter\/#breadcrumb"},"inLanguage":"fr-FR","potentialAction":[{"@type":"ReadAction","target":["https:\/\/gap47.astrosurf.com\/index.php\/champ-magnetique-de-jupiter\/"]}]},{"@type":"BreadcrumbList","@id":"https:\/\/gap47.astrosurf.com\/index.php\/champ-magnetique-de-jupiter\/#breadcrumb","itemListElement":[{"@type":"ListItem","position":1,"name":"Accueil","item":"https:\/\/gap47.astrosurf.com\/"},{"@type":"ListItem","position":2,"name":"Champ magn\u00e9tique de Jupiter"}]},{"@type":"WebSite","@id":"https:\/\/gap47.astrosurf.com\/#website","url":"https:\/\/gap47.astrosurf.com\/","name":"De janvier \u00e0 fin juin 2024, le GAP47 sera ouvert aux visiteurs tous les vendredis \u00e0 21h sans r\u00e9servation, \u00e0 l'exception du vendredi 26 janvier o\u00f9 l'observatoire sera ferm\u00e9 au public.","description":"Groupe d&#039;Astronomie Populaire du Lot-et-Garonne, \u00e0 Montayral","potentialAction":[{"@type":"SearchAction","target":{"@type":"EntryPoint","urlTemplate":"https:\/\/gap47.astrosurf.com\/?s={search_term_string}"},"query-input":{"@type":"PropertyValueSpecification","valueRequired":true,"valueName":"search_term_string"}}],"inLanguage":"fr-FR"}]}},"_links":{"self":[{"href":"https:\/\/gap47.astrosurf.com\/index.php\/wp-json\/wp\/v2\/pages\/9352","targetHints":{"allow":["GET"]}}],"collection":[{"href":"https:\/\/gap47.astrosurf.com\/index.php\/wp-json\/wp\/v2\/pages"}],"about":[{"href":"https:\/\/gap47.astrosurf.com\/index.php\/wp-json\/wp\/v2\/types\/page"}],"author":[{"embeddable":true,"href":"https:\/\/gap47.astrosurf.com\/index.php\/wp-json\/wp\/v2\/users\/5"}],"replies":[{"embeddable":true,"href":"https:\/\/gap47.astrosurf.com\/index.php\/wp-json\/wp\/v2\/comments?post=9352"}],"version-history":[{"count":1,"href":"https:\/\/gap47.astrosurf.com\/index.php\/wp-json\/wp\/v2\/pages\/9352\/revisions"}],"predecessor-version":[{"id":9353,"href":"https:\/\/gap47.astrosurf.com\/index.php\/wp-json\/wp\/v2\/pages\/9352\/revisions\/9353"}],"wp:attachment":[{"href":"https:\/\/gap47.astrosurf.com\/index.php\/wp-json\/wp\/v2\/media?parent=9352"}],"curies":[{"name":"wp","href":"https:\/\/api.w.org\/{rel}","templated":true}]}}