 {"id":9298,"date":"2020-02-12T17:07:39","date_gmt":"2020-02-12T15:07:39","guid":{"rendered":"http:\/\/gap47.astrosurf.com\/?page_id=9298"},"modified":"2020-02-13T11:25:47","modified_gmt":"2020-02-13T09:25:47","slug":"le-mystere-de-la-rotation-de-huygens-enfin-resolu","status":"publish","type":"page","link":"https:\/\/gap47.astrosurf.com\/index.php\/le-mystere-de-la-rotation-de-huygens-enfin-resolu\/","title":{"rendered":"Le myst\u00e8re de la rotation de Huygens enfin r\u00e9solu"},"content":{"rendered":"<p><span style=\"font-family: 'times new roman', times, serif; font-size: 20px;\">Il y a 15 ans le 14 janvier 2005, la sonde Huygens de l\u2019ESA a \u00e9crit l\u2019histoire quand elle est descendue dans l\u2019atmosph\u00e8re du Satellite de Saturne, Titan et qu\u2019elle est devenue la premi\u00e8re sonde \u00e0 se poser avec succ\u00e8s sur un autre monde dans le syst\u00e8me solaire externe. Toutefois, pendant la descente, la sonde \u00e0 commenc\u00e9 \u00e0 tournoyer et \u00e0 vriller dans le mauvais sens, et de r\u00e9cents tests nous r\u00e9v\u00e8lent aujourd\u2019hui pourquoi.<\/span><\/p>\n<p><span style=\"font-family: 'times new roman', times, serif; font-size: 20px;\">Lanc\u00e9e en 1997, la mission Cassini-Huygens de la NASA\/ESA\/ASI reste ic\u00f4nique et a contribu\u00e9 \u00e0 am\u00e9liorer de mani\u00e8re consid\u00e9rable notre compr\u00e9hension de Saturne et de sa lune Titan \u00e0 partir de son arriv\u00e9e autour de la plan\u00e8te aux anneaux fin 2004.<\/span><\/p>\n<p><span style=\"font-family: 'times new roman', times, serif; font-size: 20px;\">La mission comprenait un orbiteur, Cassini, qui est rest\u00e9 en orbite saturnienne pendant plus de 13 ans apr\u00e8s avoir \u00e9t\u00e9 la premi\u00e8re sonde \u00e0 r\u00e9aliser un tel exploit, et une petite sonde atmosph\u00e9rique, l\u2019atterrisseur Huygens de l\u2019ESA, qui est descendue pour explorer les propri\u00e9t\u00e9s physiques et l\u2019atmosph\u00e8re de Titan le 14 janvier 2005.<\/span><\/p>\n<div style=\"width: 525px;\" class=\"wp-video\"><video class=\"wp-video-shortcode\" id=\"video-9298-1\" width=\"525\" height=\"295\" preload=\"metadata\" controls=\"controls\"><source type=\"video\/mp4\" src=\"http:\/\/gap47.astrosurf.com\/wp-content\/uploads\/2020\/02\/1301_011_AR_EN.mp4?_=1\" \/><a href=\"http:\/\/gap47.astrosurf.com\/wp-content\/uploads\/2020\/02\/1301_011_AR_EN.mp4\">http:\/\/gap47.astrosurf.com\/wp-content\/uploads\/2020\/02\/1301_011_AR_EN.mp4<\/a><\/video><\/div>\n<p><span style=\"font-family: 'times new roman', times, serif; font-size: 20px;\">La descente risqu\u00e9e de Huygens a dur\u00e9 2 heures et 27 minutes, et les donn\u00e9es rassembl\u00e9es par la petite sonde ont contribu\u00e9 \u00e0 obtenir des d\u00e9couvertes d\u2019une grand richesse sur cette lune fascinante.<\/span><\/p>\n<p><span style=\"font-family: 'times new roman', times, serif; font-size: 20px;\">L\u2019atterrisseur a fourni les premi\u00e8res mesures in situ de l\u2019atmosph\u00e8re de Titan en d\u00e9terminant sa pression, sa densit\u00e9 et sa temp\u00e9rature depuis 1.400 km d\u2019altitude jusqu\u2019\u00e0 son atterrissage. L\u2019instrument \u00ab Doppler Wind Experiment \u00bb (DWE), a mesur\u00e9 de forts vents est-ouest dans l\u2019atmosph\u00e8re de cette lune, dont certains tournaient plus vite que la lune elle-m\u00eame. Cela a mis en lumi\u00e8re le fait que l\u2019atmosph\u00e8re de Titan contenait du m\u00e9thane, de l\u2019azote et des petits a\u00e9rosols (dans une quantit\u00e9 qui a \u00e9t\u00e9 mesur\u00e9e), et a d\u00e9tect\u00e9 des processus g\u00e9ologiques et des caract\u00e9ristiques de l\u2019int\u00e9rieur de ce satellite, comme le cryovolcanisme et la pr\u00e9sence potentielle d\u2019un oc\u00e9an souterrain.<\/span><\/p>\n<p><span style=\"font-family: 'times new roman', times, serif; font-size: 20px;\">En traversant et en explorant le brouillard \u00e9pais qui entoure cette lune, la sonde a aussi aid\u00e9 les scientifiques \u00e0 visualiser la surface de Titan, en collectant des preuves d\u2019une activit\u00e9 pass\u00e9e comprenant de l\u2019eau, notamment des lits de rivi\u00e8res ass\u00e9ch\u00e9s et des r\u00e9seaux de drainage et de grands bassins ou lacs vides, ainsi que des observations sur les vastes dunes de sable et de glace.<\/span><\/p>\n<p><span style=\"font-family: 'times new roman', times, serif; font-size: 20px;\">Toutefois, une chose restait myst\u00e9rieuse : pourquoi est-ce que Huygens tournait dans le \u201cmauvais sens\u201d lors de sa descente ? la sonde a \u00e9t\u00e9 d\u00e9tach\u00e9e de Cassini en tournant dans le sens inverse des aiguilles d\u2019une montre \u00e0 7,5 rotations par minute. En raison de la conception de la sonde, sa vitesse de rotation devait aider Huygens \u00e0 conserver une bonne stabilit\u00e9 alors qu\u2019elle descendait doucement vers Titan pendant 3 semaines jusqu\u2019\u00e0 finalement entrer dans l\u2019atmosph\u00e8re de cette lune.<\/span><\/p>\n<p><span style=\"font-family: 'times new roman', times, serif; font-size: 20px;\"><a href=\"http:\/\/gap47.astrosurf.com\/wp-content\/uploads\/2020\/02\/Graphique-rotation-Huygens.png\"><img loading=\"lazy\" decoding=\"async\" class=\"aligncenter wp-image-9301 size-full\" src=\"http:\/\/gap47.astrosurf.com\/wp-content\/uploads\/2020\/02\/Graphique-rotation-Huygens.png\" alt=\"\" width=\"1060\" height=\"660\" srcset=\"https:\/\/gap47.astrosurf.com\/wp-content\/uploads\/2020\/02\/Graphique-rotation-Huygens.png 1060w, https:\/\/gap47.astrosurf.com\/wp-content\/uploads\/2020\/02\/Graphique-rotation-Huygens-300x187.png 300w, https:\/\/gap47.astrosurf.com\/wp-content\/uploads\/2020\/02\/Graphique-rotation-Huygens-768x478.png 768w\" sizes=\"auto, (max-width: 767px) 89vw, (max-width: 1000px) 54vw, (max-width: 1071px) 543px, 580px\" \/><\/a><\/span><\/p>\n<p><span style=\"font-family: 'times new roman', times, serif; font-size: 20px;\">Ce graphique montre le \u00ab&nbsp;profil de rotation&nbsp;\u00bb de Huygens au cours de sa descente vers Titan le 14 janvier 2005 : la ligne pointill\u00e9e montre le profil th\u00e9oriquement pr\u00e9vu tandis que la ligne continue montre le profil r\u00e9el tel qu\u2019il a \u00e9t\u00e9 enregistr\u00e9 par les capteurs de la sonde. L\u2019axe horizontal indique le temps universel et l\u2019axe vertical la vitesse de rotation (en tours par minute).<\/span><\/p>\n<p><span style=\"font-family: 'times new roman', times, serif; font-size: 20px;\">En tant que partie de la mission internationale Cassini, Huygens est entr\u00e9 dans l\u2019histoire pour avoir \u00e9t\u00e9 la premi\u00e8re sonde \u00e0 se poser avec succ\u00e8s sur un autre monde dans le syst\u00e8me solaire externe. Toutefois, pendant sa descente, la sonde a commenc\u00e9 \u00e0 tourner dans le \u201cmauvais sens\u201d, comme ce graphique l\u2019illustre. Huygens a \u00e9t\u00e9 lib\u00e9r\u00e9e de l\u2019orbiteur Cassini en tournant dans le sens inverse des aiguilles d\u2019une montre \u00e0 7,5 rotations par minute. Ce sens de rotation \u00e9tait intentionnel et devait continuer tout au long de la descente avec une vitesse de rotation contr\u00f4l\u00e9e et influenc\u00e9e par le d\u00e9ploiement des parachutes d\u2019atterrissage.<\/span><\/p>\n<p><span style=\"font-family: 'times new roman', times, serif; font-size: 20px;\">Bien que Huygens a commenc\u00e9 \u00e0 se se comporter d\u2019abord comme pr\u00e9vu, sa vitesse de rotation a diminu\u00e9 bien plus vite que pr\u00e9vu, avant de s\u2019inverser apr\u00e8s environ 10 minutes de descente pour tourner dans le sens des aiguilles d\u2019une montre (ce qui appara\u00eet clairement sur le graphique ou la ligne continue montre un rapide ralentissement de la rotation et son passage dans le sens inverse [AU_DESSOUS DE 0]). Elle a continu\u00e9 \u00e0 tourner ainsi pendant le reste des 2 heures 15 minutes jusqu\u2019\u00e0 l\u2019atterrissage. Heureusement la vitesse de rotation, bien qu\u2019en sens inverse a \u00e9t\u00e9 semblable \u00e0 la vitesse pr\u00e9vue par les chercheurs, ce qui veut dire que, malgr\u00e9 l\u2019inversion qui a affect\u00e9 le timing des observations, cet impr\u00e9vu n\u2019a pas trop alt\u00e9r\u00e9 leur qualit\u00e9.<\/span><\/p>\n<p><span style=\"font-family: 'times new roman', times, serif; font-size: 20px;\">De r\u00e9cent tests confirment la cause de ce changement du sens de la rotation. Tandis que la sonde \u00e9tait \u00e9quip\u00e9e avec des pales pour r\u00e9guler sa rotation, d\u2019autres appendices sur la sonde ont provoqu\u00e9 un couple dans la direction oppos\u00e9e. Ceci n\u2019a \u00e9t\u00e9 exacerb\u00e9 que par la mani\u00e8re selon laquelle ces pales ont redirig\u00e9 le flux de gaz autour du corps de la sonde, de telle mani\u00e8re qu\u2019un effet global de rotation contraire a \u00e9t\u00e9 cr\u00e9\u00e9. Il y a aussi des indications qui montrent que l\u2019ouverture du capteur \u00ab&nbsp;Huygens Atmospheric Structure Instrument (HASI)&nbsp;\u00bb peut ne pas avoir \u00e9t\u00e9 totalement ou sym\u00e9triquement d\u00e9ploy\u00e9 pendant la descente. Cet effet est encore en cours d\u2019\u00e9tude.<\/span><\/p>\n<p><span style=\"font-family: 'times new roman', times, serif; font-size: 20px;\">Ces r\u00e9sultats ont \u00e9t\u00e9 obtenus gr\u00e2ce aux tests r\u00e9alis\u00e9s dans le tunnel de vent subsonique au laboratoire PRISME \u00e0 l\u2019Universit\u00e9 d\u2019Orl\u00e9ans en France. Cette \u00e9tude a \u00e9t\u00e9 men\u00e9e de 2017 \u00e0 2019 dans le cadre d\u2019un contrat de l\u2019ESA avec LPC2E\/CNRS-Universit\u00e9 d\u2019Orl\u00e9ans.<\/span><\/p>\n<p><span style=\"font-family: 'times new roman', times, serif; font-size: 20px;\"><a href=\"http:\/\/gap47.astrosurf.com\/wp-content\/uploads\/2020\/02\/Tunnel.jpg\"><img loading=\"lazy\" decoding=\"async\" class=\"aligncenter wp-image-9302 size-full\" src=\"http:\/\/gap47.astrosurf.com\/wp-content\/uploads\/2020\/02\/Tunnel.jpg\" alt=\"\" width=\"1644\" height=\"1642\" srcset=\"https:\/\/gap47.astrosurf.com\/wp-content\/uploads\/2020\/02\/Tunnel.jpg 1644w, https:\/\/gap47.astrosurf.com\/wp-content\/uploads\/2020\/02\/Tunnel-150x150.jpg 150w, https:\/\/gap47.astrosurf.com\/wp-content\/uploads\/2020\/02\/Tunnel-300x300.jpg 300w, https:\/\/gap47.astrosurf.com\/wp-content\/uploads\/2020\/02\/Tunnel-768x767.jpg 768w, https:\/\/gap47.astrosurf.com\/wp-content\/uploads\/2020\/02\/Tunnel-1201x1200.jpg 1201w, https:\/\/gap47.astrosurf.com\/wp-content\/uploads\/2020\/02\/Tunnel-100x100.jpg 100w\" sizes=\"auto, (max-width: 767px) 89vw, (max-width: 1000px) 54vw, (max-width: 1071px) 543px, 580px\" \/><\/a><\/span><\/p>\n<p><span style=\"font-family: 'times new roman', times, serif; font-size: 20px;\">Huygens a \u00e9t\u00e9 \u00e9quip\u00e9 avec 36 pales inclin\u00e9es qui ont \u00e9t\u00e9 utilis\u00e9es pour contr\u00f4ler la rotation du module de descente. Toutefois, deux des principaux appendices, le sous-syst\u00e8me de s\u00e9paration (SEPS) et l\u2019antenne de l\u2019altim\u00e8tre du radar (RA), ont provoqu\u00e9 un couple oppos\u00e9 et impr\u00e9vu, de sens contraire \u00e0 celui escompt\u00e9 du fait des pales. Cet effet a \u00e9t\u00e9 amplifi\u00e9 car les pales alt\u00e9raient le flux de gaz autour du module de descente d\u2019une fa\u00e7on qui augmentait l\u2019amplitude du couple n\u00e9gatif, effet qui a fait que Huygens a chang\u00e9 son sens de rotation jusqu\u2019\u00e0 ce que cela d\u00e9passe l\u2019influence des pales.<\/span><\/p>\n<p><span style=\"font-family: 'times new roman', times, serif; font-size: 20px;\">Avoir r\u00e9ussi \u00e0 r\u00e9soudre ce myst\u00e8re de l\u2019ing\u00e9nierie aidera \u00e0 guider la conception des sondes destin\u00e9es \u00e0 entrer dans une atmosph\u00e8re dans le futur, ce qui nous permettra de pousser plus loin notre exploration du syst\u00e8me solaire.<\/span><\/p>\n<p><span style=\"font-family: 'times new roman', times, serif; font-size: 20px;\">Il y a aussi quelques indications selon lesquelles l\u2019instrument \u00ab&nbsp;Huygens Atmospheric Structure Instrument (HASI)&nbsp;\u00bb peut ne pas avoir \u00e9t\u00e9 totalement d\u00e9ploy\u00e9 pendant la descente, donc des tests sp\u00e9cifiques ont \u00e9t\u00e9 r\u00e9alis\u00e9s dans 3 configurations diff\u00e9rentes \u2014 non-d\u00e9ploy\u00e9, semi-d\u00e9ploy\u00e9 et totalement d\u00e9ploy\u00e9 \u2014qui confirment qu\u2019un couple n\u00e9gatif peut survenir lors d\u2018un d\u00e9ploiement non-sym\u00e9trique. Cet effet fait encore l\u2019objet de recherches plus approfondies.<\/span><\/p>\n<p>&nbsp;<\/p>\n<p style=\"text-align: right;\"><span style=\"font-family: arial, helvetica, sans-serif; font-size: 16px;\">Traduction&nbsp;: Olivier Sabbagh<\/span><\/p>\n<hr>\n<p>&nbsp;<\/p>\n","protected":false},"excerpt":{"rendered":"<p>Il y a 15 ans le 14 janvier 2005, la sonde Huygens de l\u2019ESA a \u00e9crit l\u2019histoire quand elle est descendue dans l\u2019atmosph\u00e8re du Satellite de Saturne, Titan et qu\u2019elle est devenue la premi\u00e8re sonde \u00e0 se poser avec succ\u00e8s sur un autre monde dans le syst\u00e8me solaire externe. Toutefois, pendant la descente, la sonde &hellip; <\/p>\n<p class=\"link-more\"><a href=\"https:\/\/gap47.astrosurf.com\/index.php\/le-mystere-de-la-rotation-de-huygens-enfin-resolu\/\" class=\"more-link\">Continuer la lecture<span class=\"screen-reader-text\"> de &laquo;&nbsp;Le myst\u00e8re de la rotation de Huygens enfin r\u00e9solu&nbsp;&raquo;<\/span><\/a><\/p>\n","protected":false},"author":5,"featured_media":0,"parent":0,"menu_order":0,"comment_status":"closed","ping_status":"closed","template":"","meta":{"_exactmetrics_skip_tracking":false,"_exactmetrics_sitenote_active":false,"_exactmetrics_sitenote_note":"","_exactmetrics_sitenote_category":0,"ngg_post_thumbnail":0,"footnotes":""},"class_list":["post-9298","page","type-page","status-publish","hentry"],"yoast_head":"<!-- This site is optimized with the Yoast SEO plugin v24.8.1 - https:\/\/yoast.com\/wordpress\/plugins\/seo\/ -->\n<title>Le myst\u00e8re de la rotation de Huygens enfin r\u00e9solu - L&#039;observatoire est ouvert aux visiteurs tous les vendredis soirs \u00e0 21 heures, jusqu&#039;au 3 juillet 2026 inclus, sans r\u00e9servation.<\/title>\n<meta name=\"robots\" content=\"index, follow, max-snippet:-1, max-image-preview:large, max-video-preview:-1\" \/>\n<link rel=\"canonical\" href=\"https:\/\/gap47.astrosurf.com\/index.php\/le-mystere-de-la-rotation-de-huygens-enfin-resolu\/\" \/>\n<meta property=\"og:locale\" content=\"fr_FR\" \/>\n<meta property=\"og:type\" content=\"article\" \/>\n<meta property=\"og:title\" content=\"Le myst\u00e8re de la rotation de Huygens enfin r\u00e9solu - L&#039;observatoire est ouvert aux visiteurs tous les vendredis soirs \u00e0 21 heures, jusqu&#039;au 3 juillet 2026 inclus, sans r\u00e9servation.\" \/>\n<meta property=\"og:description\" content=\"Il y a 15 ans le 14 janvier 2005, la sonde Huygens de l\u2019ESA a \u00e9crit l\u2019histoire quand elle est descendue dans l\u2019atmosph\u00e8re du Satellite de Saturne, Titan et qu\u2019elle est devenue la premi\u00e8re sonde \u00e0 se poser avec succ\u00e8s sur un autre monde dans le syst\u00e8me solaire externe. Toutefois, pendant la descente, la sonde &hellip; Continuer la lecture de &laquo;&nbsp;Le myst\u00e8re de la rotation de Huygens enfin r\u00e9solu&nbsp;&raquo;\" \/>\n<meta property=\"og:url\" content=\"https:\/\/gap47.astrosurf.com\/index.php\/le-mystere-de-la-rotation-de-huygens-enfin-resolu\/\" \/>\n<meta property=\"og:site_name\" content=\"L&#039;observatoire est ouvert aux visiteurs tous les vendredis soirs \u00e0 21 heures, jusqu&#039;au 3 juillet 2026 inclus, sans r\u00e9servation.\" \/>\n<meta property=\"article:publisher\" content=\"https:\/\/www.facebook.com\/astrogap47\/\" \/>\n<meta property=\"article:modified_time\" content=\"2020-02-13T09:25:47+00:00\" \/>\n<meta property=\"og:image\" content=\"http:\/\/gap47.astrosurf.com\/wp-content\/uploads\/2020\/02\/Graphique-rotation-Huygens.png\" \/>\n<meta name=\"twitter:card\" content=\"summary_large_image\" \/>\n<meta name=\"twitter:label1\" content=\"Dur\u00e9e de lecture estim\u00e9e\" \/>\n\t<meta name=\"twitter:data1\" content=\"6 minutes\" \/>\n<script type=\"application\/ld+json\" class=\"yoast-schema-graph\">{\"@context\":\"https:\/\/schema.org\",\"@graph\":[{\"@type\":\"WebPage\",\"@id\":\"https:\/\/gap47.astrosurf.com\/index.php\/le-mystere-de-la-rotation-de-huygens-enfin-resolu\/\",\"url\":\"https:\/\/gap47.astrosurf.com\/index.php\/le-mystere-de-la-rotation-de-huygens-enfin-resolu\/\",\"name\":\"Le myst\u00e8re de la rotation de Huygens enfin r\u00e9solu - L&#039;observatoire est ouvert aux visiteurs tous les vendredis soirs \u00e0 21 heures, jusqu&#039;au 3 juillet 2026 inclus, sans r\u00e9servation.\",\"isPartOf\":{\"@id\":\"https:\/\/gap47.astrosurf.com\/#website\"},\"primaryImageOfPage\":{\"@id\":\"https:\/\/gap47.astrosurf.com\/index.php\/le-mystere-de-la-rotation-de-huygens-enfin-resolu\/#primaryimage\"},\"image\":{\"@id\":\"https:\/\/gap47.astrosurf.com\/index.php\/le-mystere-de-la-rotation-de-huygens-enfin-resolu\/#primaryimage\"},\"thumbnailUrl\":\"http:\/\/gap47.astrosurf.com\/wp-content\/uploads\/2020\/02\/Graphique-rotation-Huygens.png\",\"datePublished\":\"2020-02-12T15:07:39+00:00\",\"dateModified\":\"2020-02-13T09:25:47+00:00\",\"breadcrumb\":{\"@id\":\"https:\/\/gap47.astrosurf.com\/index.php\/le-mystere-de-la-rotation-de-huygens-enfin-resolu\/#breadcrumb\"},\"inLanguage\":\"fr-FR\",\"potentialAction\":[{\"@type\":\"ReadAction\",\"target\":[\"https:\/\/gap47.astrosurf.com\/index.php\/le-mystere-de-la-rotation-de-huygens-enfin-resolu\/\"]}]},{\"@type\":\"ImageObject\",\"inLanguage\":\"fr-FR\",\"@id\":\"https:\/\/gap47.astrosurf.com\/index.php\/le-mystere-de-la-rotation-de-huygens-enfin-resolu\/#primaryimage\",\"url\":\"http:\/\/gap47.astrosurf.com\/wp-content\/uploads\/2020\/02\/Graphique-rotation-Huygens.png\",\"contentUrl\":\"http:\/\/gap47.astrosurf.com\/wp-content\/uploads\/2020\/02\/Graphique-rotation-Huygens.png\"},{\"@type\":\"BreadcrumbList\",\"@id\":\"https:\/\/gap47.astrosurf.com\/index.php\/le-mystere-de-la-rotation-de-huygens-enfin-resolu\/#breadcrumb\",\"itemListElement\":[{\"@type\":\"ListItem\",\"position\":1,\"name\":\"Accueil\",\"item\":\"https:\/\/gap47.astrosurf.com\/\"},{\"@type\":\"ListItem\",\"position\":2,\"name\":\"Le myst\u00e8re de la rotation de Huygens enfin r\u00e9solu\"}]},{\"@type\":\"WebSite\",\"@id\":\"https:\/\/gap47.astrosurf.com\/#website\",\"url\":\"https:\/\/gap47.astrosurf.com\/\",\"name\":\"De janvier \u00e0 fin juin 2024, le GAP47 sera ouvert aux visiteurs tous les vendredis \u00e0 21h sans r\u00e9servation, \u00e0 l'exception du vendredi 26 janvier o\u00f9 l'observatoire sera ferm\u00e9 au public.\",\"description\":\"Groupe d&#039;Astronomie Populaire du Lot-et-Garonne, \u00e0 Montayral\",\"potentialAction\":[{\"@type\":\"SearchAction\",\"target\":{\"@type\":\"EntryPoint\",\"urlTemplate\":\"https:\/\/gap47.astrosurf.com\/?s={search_term_string}\"},\"query-input\":{\"@type\":\"PropertyValueSpecification\",\"valueRequired\":true,\"valueName\":\"search_term_string\"}}],\"inLanguage\":\"fr-FR\"}]}<\/script>\n<!-- \/ Yoast SEO plugin. -->","yoast_head_json":{"title":"Le myst\u00e8re de la rotation de Huygens enfin r\u00e9solu - L&#039;observatoire est ouvert aux visiteurs tous les vendredis soirs \u00e0 21 heures, jusqu&#039;au 3 juillet 2026 inclus, sans r\u00e9servation.","robots":{"index":"index","follow":"follow","max-snippet":"max-snippet:-1","max-image-preview":"max-image-preview:large","max-video-preview":"max-video-preview:-1"},"canonical":"https:\/\/gap47.astrosurf.com\/index.php\/le-mystere-de-la-rotation-de-huygens-enfin-resolu\/","og_locale":"fr_FR","og_type":"article","og_title":"Le myst\u00e8re de la rotation de Huygens enfin r\u00e9solu - L&#039;observatoire est ouvert aux visiteurs tous les vendredis soirs \u00e0 21 heures, jusqu&#039;au 3 juillet 2026 inclus, sans r\u00e9servation.","og_description":"Il y a 15 ans le 14 janvier 2005, la sonde Huygens de l\u2019ESA a \u00e9crit l\u2019histoire quand elle est descendue dans l\u2019atmosph\u00e8re du Satellite de Saturne, Titan et qu\u2019elle est devenue la premi\u00e8re sonde \u00e0 se poser avec succ\u00e8s sur un autre monde dans le syst\u00e8me solaire externe. Toutefois, pendant la descente, la sonde &hellip; Continuer la lecture de &laquo;&nbsp;Le myst\u00e8re de la rotation de Huygens enfin r\u00e9solu&nbsp;&raquo;","og_url":"https:\/\/gap47.astrosurf.com\/index.php\/le-mystere-de-la-rotation-de-huygens-enfin-resolu\/","og_site_name":"L&#039;observatoire est ouvert aux visiteurs tous les vendredis soirs \u00e0 21 heures, jusqu&#039;au 3 juillet 2026 inclus, sans r\u00e9servation.","article_publisher":"https:\/\/www.facebook.com\/astrogap47\/","article_modified_time":"2020-02-13T09:25:47+00:00","og_image":[{"url":"http:\/\/gap47.astrosurf.com\/wp-content\/uploads\/2020\/02\/Graphique-rotation-Huygens.png","type":"","width":"","height":""}],"twitter_card":"summary_large_image","twitter_misc":{"Dur\u00e9e de lecture estim\u00e9e":"6 minutes"},"schema":{"@context":"https:\/\/schema.org","@graph":[{"@type":"WebPage","@id":"https:\/\/gap47.astrosurf.com\/index.php\/le-mystere-de-la-rotation-de-huygens-enfin-resolu\/","url":"https:\/\/gap47.astrosurf.com\/index.php\/le-mystere-de-la-rotation-de-huygens-enfin-resolu\/","name":"Le myst\u00e8re de la rotation de Huygens enfin r\u00e9solu - L&#039;observatoire est ouvert aux visiteurs tous les vendredis soirs \u00e0 21 heures, jusqu&#039;au 3 juillet 2026 inclus, sans r\u00e9servation.","isPartOf":{"@id":"https:\/\/gap47.astrosurf.com\/#website"},"primaryImageOfPage":{"@id":"https:\/\/gap47.astrosurf.com\/index.php\/le-mystere-de-la-rotation-de-huygens-enfin-resolu\/#primaryimage"},"image":{"@id":"https:\/\/gap47.astrosurf.com\/index.php\/le-mystere-de-la-rotation-de-huygens-enfin-resolu\/#primaryimage"},"thumbnailUrl":"http:\/\/gap47.astrosurf.com\/wp-content\/uploads\/2020\/02\/Graphique-rotation-Huygens.png","datePublished":"2020-02-12T15:07:39+00:00","dateModified":"2020-02-13T09:25:47+00:00","breadcrumb":{"@id":"https:\/\/gap47.astrosurf.com\/index.php\/le-mystere-de-la-rotation-de-huygens-enfin-resolu\/#breadcrumb"},"inLanguage":"fr-FR","potentialAction":[{"@type":"ReadAction","target":["https:\/\/gap47.astrosurf.com\/index.php\/le-mystere-de-la-rotation-de-huygens-enfin-resolu\/"]}]},{"@type":"ImageObject","inLanguage":"fr-FR","@id":"https:\/\/gap47.astrosurf.com\/index.php\/le-mystere-de-la-rotation-de-huygens-enfin-resolu\/#primaryimage","url":"http:\/\/gap47.astrosurf.com\/wp-content\/uploads\/2020\/02\/Graphique-rotation-Huygens.png","contentUrl":"http:\/\/gap47.astrosurf.com\/wp-content\/uploads\/2020\/02\/Graphique-rotation-Huygens.png"},{"@type":"BreadcrumbList","@id":"https:\/\/gap47.astrosurf.com\/index.php\/le-mystere-de-la-rotation-de-huygens-enfin-resolu\/#breadcrumb","itemListElement":[{"@type":"ListItem","position":1,"name":"Accueil","item":"https:\/\/gap47.astrosurf.com\/"},{"@type":"ListItem","position":2,"name":"Le myst\u00e8re de la rotation de Huygens enfin r\u00e9solu"}]},{"@type":"WebSite","@id":"https:\/\/gap47.astrosurf.com\/#website","url":"https:\/\/gap47.astrosurf.com\/","name":"De janvier \u00e0 fin juin 2024, le GAP47 sera ouvert aux visiteurs tous les vendredis \u00e0 21h sans r\u00e9servation, \u00e0 l'exception du vendredi 26 janvier o\u00f9 l'observatoire sera ferm\u00e9 au public.","description":"Groupe d&#039;Astronomie Populaire du Lot-et-Garonne, \u00e0 Montayral","potentialAction":[{"@type":"SearchAction","target":{"@type":"EntryPoint","urlTemplate":"https:\/\/gap47.astrosurf.com\/?s={search_term_string}"},"query-input":{"@type":"PropertyValueSpecification","valueRequired":true,"valueName":"search_term_string"}}],"inLanguage":"fr-FR"}]}},"_links":{"self":[{"href":"https:\/\/gap47.astrosurf.com\/index.php\/wp-json\/wp\/v2\/pages\/9298","targetHints":{"allow":["GET"]}}],"collection":[{"href":"https:\/\/gap47.astrosurf.com\/index.php\/wp-json\/wp\/v2\/pages"}],"about":[{"href":"https:\/\/gap47.astrosurf.com\/index.php\/wp-json\/wp\/v2\/types\/page"}],"author":[{"embeddable":true,"href":"https:\/\/gap47.astrosurf.com\/index.php\/wp-json\/wp\/v2\/users\/5"}],"replies":[{"embeddable":true,"href":"https:\/\/gap47.astrosurf.com\/index.php\/wp-json\/wp\/v2\/comments?post=9298"}],"version-history":[{"count":4,"href":"https:\/\/gap47.astrosurf.com\/index.php\/wp-json\/wp\/v2\/pages\/9298\/revisions"}],"predecessor-version":[{"id":9334,"href":"https:\/\/gap47.astrosurf.com\/index.php\/wp-json\/wp\/v2\/pages\/9298\/revisions\/9334"}],"wp:attachment":[{"href":"https:\/\/gap47.astrosurf.com\/index.php\/wp-json\/wp\/v2\/media?parent=9298"}],"curies":[{"name":"wp","href":"https:\/\/api.w.org\/{rel}","templated":true}]}}