 {"id":9101,"date":"2020-01-12T13:42:15","date_gmt":"2020-01-12T11:42:15","guid":{"rendered":"http:\/\/gap47.astrosurf.com\/?page_id=9101"},"modified":"2020-01-12T13:58:20","modified_gmt":"2020-01-12T11:58:20","slug":"une-onde-geante-aurait-donne-naissance-a-des-essaims-detoiles","status":"publish","type":"page","link":"https:\/\/gap47.astrosurf.com\/index.php\/une-onde-geante-aurait-donne-naissance-a-des-essaims-detoiles\/","title":{"rendered":"Une onde g\u00e9ante aurait donn\u00e9 naissance \u00e0 des essaims d&rsquo;\u00e9toiles"},"content":{"rendered":"<p style=\"text-align: center;\"><span style=\"font-size: 24px;\"><strong><span style=\"font-family: arial, helvetica, sans-serif;\">Voie Lact\u00e9e : une myst\u00e9rieuse onde g\u00e9ante aurait donn\u00e9 naissance \u00e0 des essaims d&rsquo;\u00e9toiles<\/span><\/strong><\/span><\/p>\n<p style=\"text-align: center;\"><em><span style=\"font-family: arial, helvetica, sans-serif; font-size: 20px;\">Laurent Sacco \u2013 Futura Sciences \u2013 10\/01\/2020<\/span><\/em><\/p>\n<p><span style=\"font-family: 'times new roman', times, serif; font-size: 20px;\">Les arch\u00e9ologues galactiques ont eu une surprise en d\u00e9pouillant les donn\u00e9es de Gaia. Ils ont d\u00e9couvert la plus vaste association de n\u00e9buleuses dans la Voie Lact\u00e9e. Elle regroupe des pouponni\u00e8res d&rsquo;\u00e9toiles en formant une structure ondul\u00e9e de 9.000 ann\u00e9es-lumi\u00e8re qu&rsquo;ils ont nomm\u00e9e la Vague de Radcliffe et dont on ne comprend pas pour le moment l&rsquo;origine.<\/span><\/p>\n<p><span style=\"font-family: 'times new roman', times, serif; font-size: 20px;\">Lorsque Galil\u00e9e a point\u00e9 sa lunette astronomique en direction de la Voie lact\u00e9e il y a quatre si\u00e8cles, pour la premi\u00e8re fois sans doute dans l&rsquo;histoire de l&rsquo;Humanit\u00e9, on d\u00e9couvrait que cette bande laiteuse et diffuse sur la vo\u00fbte c\u00e9leste \u00e9tait constitu\u00e9e d&rsquo;une myriade d&rsquo;\u00e9toiles. Aujourd&rsquo;hui et depuis quelques ann\u00e9es, les descendants intellectuels du fondateur de la physique moderne ont point\u00e9 un autre instrument en direction des soleils de notre Galaxie&nbsp;: Gaia, une mission dans l\u2019espace de l\u2019ESA.<\/span><\/p>\n<p><span style=\"font-family: 'times new roman', times, serif; font-size: 20px;\">Cet \u0153il sur orbite permet de faire de l&rsquo;astrom\u00e9trie en 3D, c&rsquo;est-\u00e0-dire de mesurer pr\u00e9cis\u00e9ment les positions et les vitesses des \u00e9toiles dans la Voie lact\u00e9e. Les astronomes savent comment lire dans ces mesures l&rsquo;histoire pass\u00e9e de notre Galaxie et ils se sont donc transform\u00e9s en arch\u00e9ologues galactiques. Tout comme les arch\u00e9ologues terrestres peuvent tirer des informations sur les civilisations pass\u00e9es en \u00e9tudiant les structures architecturales qu&rsquo;elles ont laiss\u00e9es et leur composition, leurs coll\u00e8gues astronomes peuvent obtenir de pr\u00e9cieuses informations en \u00e9tudiant des rassemblements d&rsquo;\u00e9toiles et leur composition chimique dans la Voie Lact\u00e9e.<\/span><\/p>\n<p>&nbsp;<\/p>\n<p><span style=\"font-family: 'times new roman', times, serif; font-size: 20px;\"><strong>Le plus grand assemblage de n\u00e9buleuses de la Voie lact\u00e9e<\/strong><\/span><\/p>\n<p><span style=\"font-family: 'times new roman', times, serif; font-size: 20px;\">L&rsquo;analyse des derni\u00e8res donn\u00e9es du satellite de l&rsquo;ESA les ont stup\u00e9faits. Les chercheurs annoncent en effet dans un article publi\u00e9 dans la revue <strong><em>Nature<\/em><\/strong> la d\u00e9couverte de la plus grande structure compos\u00e9e de grands nuages de gaz et de poussi\u00e8res en interaction gravitationnelle connue \u00e0 ce jour dans la Galaxie&nbsp;: des centaines de ces n\u00e9buleuses rassemblant des pouponni\u00e8res d&rsquo;\u00e9toiles dans une sorte de ruban ondulant sur 9.000 ann\u00e9es-lumi\u00e8re, large d&rsquo;environ 400 ann\u00e9es-lumi\u00e8re&nbsp;et passant \u00e0 seulement 500 ann\u00e9es-lumi\u00e8re du Soleil. Cette structure semblant se pr\u00e9senter comme une onde qui s&rsquo;est propag\u00e9e (ce dernier point reste \u00e0 prouver) dans la mati\u00e8re galactique en cr\u00e9ant au passage de nouvelles \u00e9toiles a \u00e9t\u00e9 nomm\u00e9e la&nbsp;<em>\u00ab Vague de Radcliffe \u00bb<\/em>&nbsp; (<em>Radcliffe Wave en anglais, comme le nom du site d\u00e9di\u00e9 \u00e0 son \u00e9tude<\/em>) par les chercheurs du&nbsp;<em>Radcliffe Institute for Advanced Study<\/em> de Harvard impliqu\u00e9s dans sa d\u00e9couverte avec Gaia.<\/span><\/p>\n<div style=\"width: 525px;\" class=\"wp-video\"><video class=\"wp-video-shortcode\" id=\"video-9101-1\" width=\"525\" height=\"295\" preload=\"metadata\" controls=\"controls\"><source type=\"video\/mp4\" src=\"http:\/\/gap47.astrosurf.com\/wp-content\/uploads\/2020\/01\/Radcliffe-Wave.mp4?_=1\" \/><a href=\"http:\/\/gap47.astrosurf.com\/wp-content\/uploads\/2020\/01\/Radcliffe-Wave.mp4\">http:\/\/gap47.astrosurf.com\/wp-content\/uploads\/2020\/01\/Radcliffe-Wave.mp4<\/a><\/video><\/div>\n<p><span style=\"font-family: 'times new roman', times, serif; font-size: 20px;\"><em>Un peu comme dans le c\u00e9l\u00e8bre documentaire Les puissances de 10, cette vid\u00e9o nous fait d\u00e9coller de la surface de la Terre pour quitter ensuite le disque de notre Galaxie spirale, la Voie Lact\u00e9e. On peut voir alors au-dessus du bras spiral d&rsquo;Orion un ensemble de pouponni\u00e8res d&rsquo;\u00e9toiles en rouge formant la myst\u00e9rieuse Vague de Radcliffe. \u00a9 Alyssa Goodman, Harvard University<\/em><\/span><\/p>\n<p><span style=\"font-family: 'times new roman', times, serif; font-size: 20px;\"><em>\u00ab&nbsp;Nous ne savons pas ce qui cause cette forme&nbsp;\u00bb<\/em> a avou\u00e9 l&rsquo;astrophysicien Jo\u00e3o Alves, de l&rsquo;universit\u00e9 de Vienne, qui a dirig\u00e9 la r\u00e9daction de l&rsquo;article aujourd&rsquo;hui publi\u00e9, et m\u00eame pr\u00e9cis\u00e9 dans un communiqu\u00e9 qu&rsquo;il pourrait s&rsquo;agir, dans le fluide d&rsquo;\u00e9toiles composant la Voie Lact\u00e9e, de la manifestation de l&rsquo;\u00e9quivalent de l&rsquo;onde qui se forme lorsque l&rsquo;on jette une pierre dans un \u00e9tang, c&rsquo;est-\u00e0-dire <em>\u00ab&nbsp;comme si quelque chose d&rsquo;extraordinairement massif avait atterri dans notre Galaxie&nbsp;\u00bb,<\/em> ajoute le chercheur.<\/span><\/p>\n<p><span style=\"font-family: 'times new roman', times, serif; font-size: 20px;\">La Vague de Radcliffe s&rsquo;\u00e9l\u00e8ve \u00e0 500 ann\u00e9es-lumi\u00e8re au-dessus du disque galactique et elle contient environ trois millions de fois la masse du Soleil. Comme l&rsquo;explique \u00e9galement&nbsp;Catherine Zucker, l&rsquo;une des membres de l&rsquo;\u00e9quipe d&rsquo;astronomes qui l&rsquo;ont d\u00e9couverte :&nbsp;<em>\u00ab&nbsp;Nous n&rsquo;avons pas de pr\u00e9c\u00e9dent pour ce type de structure dans la Galaxie&nbsp;\u00bb<\/em> et la chercheuse de Harvard ajoute qu&rsquo;aucune structure ondulatoire comme celle-ci \u00ab&nbsp;<em>n&rsquo;a encore \u00e9t\u00e9 vue dans des simulations de galaxies comme notre Voie lact\u00e9e. \u00bb<\/em> Ce qui explique la perplexit\u00e9 de Jo\u00e3o Alves et ses coll\u00e8gues. Toutefois, les astronomes pensent que cette structure est associ\u00e9e au bras d\u2019Orion, l&rsquo;un des bras spiraux de la Voie Lact\u00e9e.<\/span><\/p>\n<p><strong><span style=\"font-family: 'times new roman', times, serif; font-size: 20px;\">La ceinture de Gould, une part de la Vague de&nbsp;Radcliffe<\/span><\/strong><br \/>\n<span style=\"font-family: 'times new roman', times, serif; font-size: 20px;\">L&rsquo;astronome Alyssa Goodman, de la&nbsp;<em>Smithsonian Institution<\/em> explique quant \u00e0 elle :&nbsp;<em>\u00ab&nbsp;Nous avons \u00e9t\u00e9 compl\u00e8tement choqu\u00e9s lorsque nous avons r\u00e9alis\u00e9 pour la premi\u00e8re fois \u00e0 quel point la Vague de Radcliffe \u00e9tait longue et droite, en la regardant d&rsquo;en haut en 3D &#8211; mais \u00e0 quel point elle \u00e9tait sinuso\u00efdale lorsqu&rsquo;elle \u00e9tait vue de la <\/em><em>Terre<\/em><em>. L&rsquo;existence m\u00eame de la Vague nous oblige \u00e0 repenser notre compr\u00e9hension de la structure 3D de la Voie Lact\u00e9e. \u00bb<\/em><\/span><\/p>\n<p><span style=\"font-family: 'times new roman', times, serif; font-size: 20px;\">La d\u00e9couverte de la Vague de&nbsp;Radcliffe a \u00e9t\u00e9 faite par s\u00e9rendipit\u00e9, c&rsquo;est-\u00e0-dire que les astronomes cherchaient \u00e0 comprendre tout autre chose, en l&rsquo;occurrence l&rsquo;origine et la structure de ce qui est appel\u00e9e la ceinture de Gould (en l&rsquo;honneur de son d\u00e9couvreur en 1879, l&rsquo;astronome Benjamin Gould), un arc d&rsquo;\u00e9toiles brillantes qui semblait former&nbsp;une partie d&rsquo;un anneau d&rsquo;environ 3.000 ann\u00e9es-lumi\u00e8re de diam\u00e8tre et inclin\u00e9 d&rsquo;environ 16 \u00e0 20 degr\u00e9s par rapport au plan galactique.<\/span><\/p>\n<p><span style=\"font-family: 'times new roman', times, serif; font-size: 20px;\">On n&rsquo;avait pas d&rsquo;explication pour cette ceinture qui pouvait \u00eatre aussi et toujours l&rsquo;\u00e9quivalent du front d&rsquo;onde d&rsquo;une pierre jet\u00e9e dans un \u00e9tang. Dans le cas pr\u00e9sent, on pouvait imaginer le passage d&rsquo;une grosse concentration de mati\u00e8re noire \u00e0 travers le disque galactique, \u00e0 moins que ce ne soit le r\u00e9sultat de l&rsquo;explosion d&rsquo;une puissante supernova dont l&rsquo;onde de choc aurait entra\u00een\u00e9 sur son passage l&rsquo;effondrement des nuages mol\u00e9culaires par compression pour donner les pouponni\u00e8res d&rsquo;\u00e9toiles aujourd&rsquo;hui observ\u00e9es.<\/span><\/p>\n<p><span style=\"font-family: 'times new roman', times, serif; font-size: 20px;\">Mais avec la perspective actuelle, la ceinture de Gould est une partie de la Vague de Radcliffe.<\/span><\/p>\n<p><strong><span style=\"font-family: 'times new roman', times, serif; font-size: 20px;\">D&rsquo;autres \u00ab Vagues de Radcliffe \u00bb dans les autres galaxies ?<\/span><\/strong><br \/>\n<span style=\"font-family: 'times new roman', times, serif; font-size: 20px;\">Les astronomes cherchent \u00e0 savoir aussi si la structure ondulatoire d\u00e9couverte est statique ou si elle correspond vraiment \u00e0 la propagation d&rsquo;une onde. Ils se demandent aussi si elle ne pourrait pas r\u00e9sulter du passage d&rsquo;une galaxie naine \u00e0 travers le disque de la Voie Lact\u00e9e ou simplement \u00e9galement un nuage de gaz \u00e0 grande vitesse, peut-\u00eatre comme ceux que l&rsquo;on peut envisager dans le mod\u00e8le de la croissance des galaxies faisant intervenir des courants froids de mati\u00e8re dont avait parl\u00e9 \u00e0 Futura le cosmologiste Romain Teyssier. Les astronomes sont en train de tester ces hypoth\u00e8ses avec des simulations num\u00e9riques faisant entrer en collision la Voie lact\u00e9e avec diff\u00e9rents objets.<\/span><\/p>\n<p><span style=\"font-family: 'times new roman', times, serif; font-size: 20px;\">Ce qui semble certain, c&rsquo;est qu&rsquo;il y a 13 millions d&rsquo;ann\u00e9es, les mouvements du Soleil autour du centre de la Voie lact\u00e9e l&rsquo;ont fait passer \u00e0 l&rsquo;int\u00e9rieur de la Vague de Radcliffe et que cela se reproduira dans 13 millions d&rsquo;ann\u00e9es. La vue devait alors \u00eatre spectaculaire \u00e0 la nuit tombante et il se peut que l&rsquo;on trouve physiquement des traces de ce passage dans les archives de notre Plan\u00e8te, sous la forme d&rsquo;exc\u00e8s de certains isotopes en liaison avec les supernov\u00e6 des pouponni\u00e8res d&rsquo;\u00e9toiles de la Vague de Radcliffe.<\/span><\/p>\n<p><span style=\"font-family: 'times new roman', times, serif; font-size: 20px;\">D&rsquo;autres structures similaires \u00e0 la Vague de Radcliffe devraient exister dans notre Galaxie et les autres galaxies, mais en quel nombre ? Comment se forment-elles vraiment et s&rsquo;agit-il bien d&rsquo;ondes qui se propagent ? Autant de questions dont les r\u00e9ponses pourraient \u00eatre tr\u00e8s \u00e9clairantes sur l&rsquo;Histoire et l&rsquo;\u00e9volution de la Voie lact\u00e9e o\u00f9 l&rsquo;Humanit\u00e9 est n\u00e9e.<\/span><br \/>\n<span style=\"font-family: 'times new roman', times, serif; font-size: 20px;\">&nbsp;<\/span><\/p>\n<p><span style=\"font-family: 'times new roman', times, serif; font-size: 20px;\"><strong>Ce qu&rsquo;il faut retenir :<\/strong><\/span><\/p>\n<ul>\n<li><span style=\"font-family: 'times new roman', times, serif; font-size: 20px;\">La mission Gaia de l&rsquo;ESA permet de mesurer tr\u00e8s pr\u00e9cis\u00e9ment les positions et les vitesses de tr\u00e8s nombreuses \u00e9toiles dans la Voie lact\u00e9e, ce qui permet de reconstituer sa structure en 3D et donne des indications sur son histoire. Les astronomes peuvent alors se transformer en arch\u00e9ologues galactiques.<\/span><\/li>\n<li><span style=\"font-family: 'times new roman', times, serif; font-size: 20px;\">R\u00e9cemment, ils ont eu une surprise en d\u00e9pouillant les donn\u00e9es de Gaia. Ils ont d\u00e9couvert la plus vaste association de n\u00e9buleuses dans la Voie Lact\u00e9e. Elle regroupe des pouponni\u00e8res d&rsquo;\u00e9toiles en formant une structure ondul\u00e9e de 9.000 ann\u00e9es-lumi\u00e8re qu&rsquo;ils ont nomm\u00e9e la Vague de Radcliffe.<\/span><\/li>\n<li><span style=\"font-family: 'times new roman', times, serif; font-size: 20px;\">On ne comprend pas pour le moment l&rsquo;origine et cela nous force \u00e0 repenser la structure et l&rsquo;histoire de notre Galaxie.<\/span><\/li>\n<\/ul>\n<hr>\n<p>&nbsp;<\/p>\n","protected":false},"excerpt":{"rendered":"<p>Voie Lact\u00e9e : une myst\u00e9rieuse onde g\u00e9ante aurait donn\u00e9 naissance \u00e0 des essaims d&rsquo;\u00e9toiles Laurent Sacco \u2013 Futura Sciences \u2013 10\/01\/2020 Les arch\u00e9ologues galactiques ont eu une surprise en d\u00e9pouillant les donn\u00e9es de Gaia. Ils ont d\u00e9couvert la plus vaste association de n\u00e9buleuses dans la Voie Lact\u00e9e. Elle regroupe des pouponni\u00e8res d&rsquo;\u00e9toiles en formant une &hellip; <\/p>\n<p class=\"link-more\"><a href=\"https:\/\/gap47.astrosurf.com\/index.php\/une-onde-geante-aurait-donne-naissance-a-des-essaims-detoiles\/\" class=\"more-link\">Continuer la lecture<span class=\"screen-reader-text\"> de &laquo;&nbsp;Une onde g\u00e9ante aurait donn\u00e9 naissance \u00e0 des essaims d&rsquo;\u00e9toiles&nbsp;&raquo;<\/span><\/a><\/p>\n","protected":false},"author":5,"featured_media":0,"parent":0,"menu_order":0,"comment_status":"closed","ping_status":"closed","template":"","meta":{"_exactmetrics_skip_tracking":false,"_exactmetrics_sitenote_active":false,"_exactmetrics_sitenote_note":"","_exactmetrics_sitenote_category":0,"ngg_post_thumbnail":0,"footnotes":""},"class_list":["post-9101","page","type-page","status-publish","hentry"],"yoast_head":"<!-- This site is optimized with the Yoast SEO plugin v24.8.1 - https:\/\/yoast.com\/wordpress\/plugins\/seo\/ -->\n<title>Une onde g\u00e9ante aurait donn\u00e9 naissance \u00e0 des essaims d&#039;\u00e9toiles - L&#039;observatoire est ouvert aux visiteurs tous les vendredis soirs \u00e0 21 heures, jusqu&#039;au 3 juillet 2026 inclus, sans r\u00e9servation.<\/title>\n<meta name=\"robots\" content=\"index, follow, max-snippet:-1, max-image-preview:large, max-video-preview:-1\" \/>\n<link rel=\"canonical\" href=\"https:\/\/gap47.astrosurf.com\/index.php\/une-onde-geante-aurait-donne-naissance-a-des-essaims-detoiles\/\" \/>\n<meta property=\"og:locale\" content=\"fr_FR\" \/>\n<meta property=\"og:type\" content=\"article\" \/>\n<meta property=\"og:title\" content=\"Une onde g\u00e9ante aurait donn\u00e9 naissance \u00e0 des essaims d&#039;\u00e9toiles - L&#039;observatoire est ouvert aux visiteurs tous les vendredis soirs \u00e0 21 heures, jusqu&#039;au 3 juillet 2026 inclus, sans r\u00e9servation.\" \/>\n<meta property=\"og:description\" content=\"Voie Lact\u00e9e : une myst\u00e9rieuse onde g\u00e9ante aurait donn\u00e9 naissance \u00e0 des essaims d&rsquo;\u00e9toiles Laurent Sacco \u2013 Futura Sciences \u2013 10\/01\/2020 Les arch\u00e9ologues galactiques ont eu une surprise en d\u00e9pouillant les donn\u00e9es de Gaia. Ils ont d\u00e9couvert la plus vaste association de n\u00e9buleuses dans la Voie Lact\u00e9e. Elle regroupe des pouponni\u00e8res d&rsquo;\u00e9toiles en formant une &hellip; Continuer la lecture de &laquo;&nbsp;Une onde g\u00e9ante aurait donn\u00e9 naissance \u00e0 des essaims d&rsquo;\u00e9toiles&nbsp;&raquo;\" \/>\n<meta property=\"og:url\" content=\"https:\/\/gap47.astrosurf.com\/index.php\/une-onde-geante-aurait-donne-naissance-a-des-essaims-detoiles\/\" \/>\n<meta property=\"og:site_name\" content=\"L&#039;observatoire est ouvert aux visiteurs tous les vendredis soirs \u00e0 21 heures, jusqu&#039;au 3 juillet 2026 inclus, sans r\u00e9servation.\" \/>\n<meta property=\"article:publisher\" content=\"https:\/\/www.facebook.com\/astrogap47\/\" \/>\n<meta property=\"article:modified_time\" content=\"2020-01-12T11:58:20+00:00\" \/>\n<meta name=\"twitter:card\" content=\"summary_large_image\" \/>\n<meta name=\"twitter:label1\" content=\"Dur\u00e9e de lecture estim\u00e9e\" \/>\n\t<meta name=\"twitter:data1\" content=\"7 minutes\" \/>\n<script type=\"application\/ld+json\" class=\"yoast-schema-graph\">{\"@context\":\"https:\/\/schema.org\",\"@graph\":[{\"@type\":\"WebPage\",\"@id\":\"https:\/\/gap47.astrosurf.com\/index.php\/une-onde-geante-aurait-donne-naissance-a-des-essaims-detoiles\/\",\"url\":\"https:\/\/gap47.astrosurf.com\/index.php\/une-onde-geante-aurait-donne-naissance-a-des-essaims-detoiles\/\",\"name\":\"Une onde g\u00e9ante aurait donn\u00e9 naissance \u00e0 des essaims d'\u00e9toiles - L&#039;observatoire est ouvert aux visiteurs tous les vendredis soirs \u00e0 21 heures, jusqu&#039;au 3 juillet 2026 inclus, sans r\u00e9servation.\",\"isPartOf\":{\"@id\":\"https:\/\/gap47.astrosurf.com\/#website\"},\"datePublished\":\"2020-01-12T11:42:15+00:00\",\"dateModified\":\"2020-01-12T11:58:20+00:00\",\"breadcrumb\":{\"@id\":\"https:\/\/gap47.astrosurf.com\/index.php\/une-onde-geante-aurait-donne-naissance-a-des-essaims-detoiles\/#breadcrumb\"},\"inLanguage\":\"fr-FR\",\"potentialAction\":[{\"@type\":\"ReadAction\",\"target\":[\"https:\/\/gap47.astrosurf.com\/index.php\/une-onde-geante-aurait-donne-naissance-a-des-essaims-detoiles\/\"]}]},{\"@type\":\"BreadcrumbList\",\"@id\":\"https:\/\/gap47.astrosurf.com\/index.php\/une-onde-geante-aurait-donne-naissance-a-des-essaims-detoiles\/#breadcrumb\",\"itemListElement\":[{\"@type\":\"ListItem\",\"position\":1,\"name\":\"Accueil\",\"item\":\"https:\/\/gap47.astrosurf.com\/\"},{\"@type\":\"ListItem\",\"position\":2,\"name\":\"Une onde g\u00e9ante aurait donn\u00e9 naissance \u00e0 des essaims d&#8217;\u00e9toiles\"}]},{\"@type\":\"WebSite\",\"@id\":\"https:\/\/gap47.astrosurf.com\/#website\",\"url\":\"https:\/\/gap47.astrosurf.com\/\",\"name\":\"De janvier \u00e0 fin juin 2024, le GAP47 sera ouvert aux visiteurs tous les vendredis \u00e0 21h sans r\u00e9servation, \u00e0 l'exception du vendredi 26 janvier o\u00f9 l'observatoire sera ferm\u00e9 au public.\",\"description\":\"Groupe d&#039;Astronomie Populaire du Lot-et-Garonne, \u00e0 Montayral\",\"potentialAction\":[{\"@type\":\"SearchAction\",\"target\":{\"@type\":\"EntryPoint\",\"urlTemplate\":\"https:\/\/gap47.astrosurf.com\/?s={search_term_string}\"},\"query-input\":{\"@type\":\"PropertyValueSpecification\",\"valueRequired\":true,\"valueName\":\"search_term_string\"}}],\"inLanguage\":\"fr-FR\"}]}<\/script>\n<!-- \/ Yoast SEO plugin. -->","yoast_head_json":{"title":"Une onde g\u00e9ante aurait donn\u00e9 naissance \u00e0 des essaims d'\u00e9toiles - L&#039;observatoire est ouvert aux visiteurs tous les vendredis soirs \u00e0 21 heures, jusqu&#039;au 3 juillet 2026 inclus, sans r\u00e9servation.","robots":{"index":"index","follow":"follow","max-snippet":"max-snippet:-1","max-image-preview":"max-image-preview:large","max-video-preview":"max-video-preview:-1"},"canonical":"https:\/\/gap47.astrosurf.com\/index.php\/une-onde-geante-aurait-donne-naissance-a-des-essaims-detoiles\/","og_locale":"fr_FR","og_type":"article","og_title":"Une onde g\u00e9ante aurait donn\u00e9 naissance \u00e0 des essaims d'\u00e9toiles - L&#039;observatoire est ouvert aux visiteurs tous les vendredis soirs \u00e0 21 heures, jusqu&#039;au 3 juillet 2026 inclus, sans r\u00e9servation.","og_description":"Voie Lact\u00e9e : une myst\u00e9rieuse onde g\u00e9ante aurait donn\u00e9 naissance \u00e0 des essaims d&rsquo;\u00e9toiles Laurent Sacco \u2013 Futura Sciences \u2013 10\/01\/2020 Les arch\u00e9ologues galactiques ont eu une surprise en d\u00e9pouillant les donn\u00e9es de Gaia. Ils ont d\u00e9couvert la plus vaste association de n\u00e9buleuses dans la Voie Lact\u00e9e. Elle regroupe des pouponni\u00e8res d&rsquo;\u00e9toiles en formant une &hellip; Continuer la lecture de &laquo;&nbsp;Une onde g\u00e9ante aurait donn\u00e9 naissance \u00e0 des essaims d&rsquo;\u00e9toiles&nbsp;&raquo;","og_url":"https:\/\/gap47.astrosurf.com\/index.php\/une-onde-geante-aurait-donne-naissance-a-des-essaims-detoiles\/","og_site_name":"L&#039;observatoire est ouvert aux visiteurs tous les vendredis soirs \u00e0 21 heures, jusqu&#039;au 3 juillet 2026 inclus, sans r\u00e9servation.","article_publisher":"https:\/\/www.facebook.com\/astrogap47\/","article_modified_time":"2020-01-12T11:58:20+00:00","twitter_card":"summary_large_image","twitter_misc":{"Dur\u00e9e de lecture estim\u00e9e":"7 minutes"},"schema":{"@context":"https:\/\/schema.org","@graph":[{"@type":"WebPage","@id":"https:\/\/gap47.astrosurf.com\/index.php\/une-onde-geante-aurait-donne-naissance-a-des-essaims-detoiles\/","url":"https:\/\/gap47.astrosurf.com\/index.php\/une-onde-geante-aurait-donne-naissance-a-des-essaims-detoiles\/","name":"Une onde g\u00e9ante aurait donn\u00e9 naissance \u00e0 des essaims d'\u00e9toiles - L&#039;observatoire est ouvert aux visiteurs tous les vendredis soirs \u00e0 21 heures, jusqu&#039;au 3 juillet 2026 inclus, sans r\u00e9servation.","isPartOf":{"@id":"https:\/\/gap47.astrosurf.com\/#website"},"datePublished":"2020-01-12T11:42:15+00:00","dateModified":"2020-01-12T11:58:20+00:00","breadcrumb":{"@id":"https:\/\/gap47.astrosurf.com\/index.php\/une-onde-geante-aurait-donne-naissance-a-des-essaims-detoiles\/#breadcrumb"},"inLanguage":"fr-FR","potentialAction":[{"@type":"ReadAction","target":["https:\/\/gap47.astrosurf.com\/index.php\/une-onde-geante-aurait-donne-naissance-a-des-essaims-detoiles\/"]}]},{"@type":"BreadcrumbList","@id":"https:\/\/gap47.astrosurf.com\/index.php\/une-onde-geante-aurait-donne-naissance-a-des-essaims-detoiles\/#breadcrumb","itemListElement":[{"@type":"ListItem","position":1,"name":"Accueil","item":"https:\/\/gap47.astrosurf.com\/"},{"@type":"ListItem","position":2,"name":"Une onde g\u00e9ante aurait donn\u00e9 naissance \u00e0 des essaims d&#8217;\u00e9toiles"}]},{"@type":"WebSite","@id":"https:\/\/gap47.astrosurf.com\/#website","url":"https:\/\/gap47.astrosurf.com\/","name":"De janvier \u00e0 fin juin 2024, le GAP47 sera ouvert aux visiteurs tous les vendredis \u00e0 21h sans r\u00e9servation, \u00e0 l'exception du vendredi 26 janvier o\u00f9 l'observatoire sera ferm\u00e9 au public.","description":"Groupe d&#039;Astronomie Populaire du Lot-et-Garonne, \u00e0 Montayral","potentialAction":[{"@type":"SearchAction","target":{"@type":"EntryPoint","urlTemplate":"https:\/\/gap47.astrosurf.com\/?s={search_term_string}"},"query-input":{"@type":"PropertyValueSpecification","valueRequired":true,"valueName":"search_term_string"}}],"inLanguage":"fr-FR"}]}},"_links":{"self":[{"href":"https:\/\/gap47.astrosurf.com\/index.php\/wp-json\/wp\/v2\/pages\/9101","targetHints":{"allow":["GET"]}}],"collection":[{"href":"https:\/\/gap47.astrosurf.com\/index.php\/wp-json\/wp\/v2\/pages"}],"about":[{"href":"https:\/\/gap47.astrosurf.com\/index.php\/wp-json\/wp\/v2\/types\/page"}],"author":[{"embeddable":true,"href":"https:\/\/gap47.astrosurf.com\/index.php\/wp-json\/wp\/v2\/users\/5"}],"replies":[{"embeddable":true,"href":"https:\/\/gap47.astrosurf.com\/index.php\/wp-json\/wp\/v2\/comments?post=9101"}],"version-history":[{"count":4,"href":"https:\/\/gap47.astrosurf.com\/index.php\/wp-json\/wp\/v2\/pages\/9101\/revisions"}],"predecessor-version":[{"id":9106,"href":"https:\/\/gap47.astrosurf.com\/index.php\/wp-json\/wp\/v2\/pages\/9101\/revisions\/9106"}],"wp:attachment":[{"href":"https:\/\/gap47.astrosurf.com\/index.php\/wp-json\/wp\/v2\/media?parent=9101"}],"curies":[{"name":"wp","href":"https:\/\/api.w.org\/{rel}","templated":true}]}}