 {"id":8857,"date":"2019-10-22T15:42:15","date_gmt":"2019-10-22T13:42:15","guid":{"rendered":"http:\/\/gap47.astrosurf.com\/?page_id=8857"},"modified":"2019-10-22T15:53:16","modified_gmt":"2019-10-22T13:53:16","slug":"animation-trou-noir","status":"publish","type":"page","link":"https:\/\/gap47.astrosurf.com\/index.php\/animation-trou-noir\/","title":{"rendered":"Animation trou noir"},"content":{"rendered":"<p style=\"text-align: center;\"><span style=\"font-family: arial, helvetica, sans-serif; font-size: 24px;\"><strong>La NASA produit une \u00e9tonnante simulation d\u2019un trou noir<\/strong><\/span><\/p>\n<p><a href=\"http:\/\/gap47.astrosurf.com\/wp-content\/uploads\/2019\/10\/black-hole-nasa.jpg\"><img loading=\"lazy\" decoding=\"async\" class=\"aligncenter wp-image-8860 size-full\" src=\"http:\/\/gap47.astrosurf.com\/wp-content\/uploads\/2019\/10\/black-hole-nasa.jpg\" alt=\"\" width=\"1344\" height=\"742\" srcset=\"https:\/\/gap47.astrosurf.com\/wp-content\/uploads\/2019\/10\/black-hole-nasa.jpg 1344w, https:\/\/gap47.astrosurf.com\/wp-content\/uploads\/2019\/10\/black-hole-nasa-300x166.jpg 300w, https:\/\/gap47.astrosurf.com\/wp-content\/uploads\/2019\/10\/black-hole-nasa-768x424.jpg 768w\" sizes=\"auto, (max-width: 767px) 89vw, (max-width: 1000px) 54vw, (max-width: 1071px) 543px, 580px\" \/><\/a><\/p>\n<p><span style=\"font-family: 'times new roman', times, serif; font-size: 20px;\">C\u2019est juste cette ann\u00e9e que l\u2019on a pu poser le vrai premier regard sur un trou noir, et cela correspondait \u00e0 la plupart des pr\u00e9dictions th\u00e9oriques avanc\u00e9es avant que le projet du \u00ab&nbsp;Event Horizon Telescope (EHT)&nbsp;\u00bb ne fasse \u00ab&nbsp;l\u2019histoire&nbsp;\u00bb. Une simulation impressionnante r\u00e9alis\u00e9e par la NASA nous montre \u00e0 quoi ressemblerait un trou noir si nous \u00e9tions plus pr\u00e8s de lui.<\/span><\/p>\n<p><span style=\"font-family: 'times new roman', times, serif; font-size: 20px;\">Un trou noir attire toute la mati\u00e8re et l\u2019\u00e9nergie qui passe autour de lui et nous ne pouvons pas voir directement sa structure elle-m\u00eame. Toutefois, nous pouvons voir ce qu\u2019il fait \u00e0 l\u2019espace autour de lui. Ce qu\u2019on voit dans la simulation de la NASA c\u2019est le disque d\u2019accr\u00e9tion, les r\u00e9manents hyper-chauds des objets tandis qu\u2019ils tombent dans le trou noir. Certains aspects de la simulation ne semblent pas corrects, mais c\u2019est fait intentionnellement. La physique d\u2019un trou noir est si \u00ab&nbsp;extr\u00eame&nbsp;\u00bb qu\u2019elle semble fausse.<\/span><\/p>\n<p><span style=\"font-family: 'times new roman', times, serif; font-size: 20px;\">L\u2019image montre un trou noir par la tranche, avec le disque d\u2019accr\u00e9tion s\u2019\u00e9tendant vers l\u2019observateur et au loin de l\u2019observateur. Les bosses du haut et du bas ne sont pas r\u00e9ellement l\u00e0, elles sont le r\u00e9sultat de l\u2019extr\u00eame gravit\u00e9 du trou noir qui alt\u00e8re les chemins lumineux (une sorte de lentille gravitationnelle. Nous voyons en r\u00e9alit\u00e9 des images distordues du haut et du bas qui sont le disque plat vu du c\u00f4t\u00e9 oppos\u00e9. Cet effet est d\u2019autant plus prononc\u00e9 qu\u2019on regarde le trou noir par la tranche. Vous pouvez aussi remarquer que le c\u00f4t\u00e9 gauche du disque a l\u2019air plus brillant que le c\u00f4t\u00e9 droit, mais ce n\u2019est pas une erreur. Le gaz rougeoyant et lumineux \u00e0 gauche vient vers nous et Einstein avait pr\u00e9dit que \u00e7a le rendrait plus brillant. En r\u00e9alit\u00e9, l\u2019image du EHT a bien montr\u00e9 ce m\u00eame effet.<\/span><\/p>\n<p><span style=\"font-family: 'times new roman', times, serif; font-size: 20px;\">D\u2019apr\u00e8s la NASA, le cerclage du disque d\u2019accr\u00e9tion vient de la rotation du champ magn\u00e9tique et de l\u2019acc\u00e9l\u00e9ration de la mati\u00e8re pr\u00e8s de l\u2019horizon des \u00e9v\u00e8nements. Le gaz le plus proche du trou noir orbite \u00e0 une Vitesse proche de celle de la lumi\u00e8re, mais les zones plus \u00e9loign\u00e9es bougent beaucoup plus lentement. Ceci \u00e9tire les sections plus claires, produisant des bandes claires et sombres. Et que se passe-t-il quant \u00e0 la ligne brillante et stationnaire dans le principal disque d\u2019accr\u00e9tion&nbsp;? C\u2019est l\u2019anneau des photons, une sorte de \u00ab&nbsp;r\u00e9flexion&nbsp;\u00bb du disque d\u2019accr\u00e9tion du trou noir caus\u00e9e par les photons qui tournent 2 ou 3 fois \u00e0 proximit\u00e9 de l\u2019horizon des \u00e9v\u00e8nements avant d\u2019\u00eatre \u00e9ject\u00e9s vers un endroit o\u00f9 on peut les voir.<\/span><\/p>\n<p><span style=\"font-family: 'times new roman', times, serif; font-size: 20px;\">Dans l\u2019anneau des photons se trouve l\u2019ombre du trou noir, qui est deux fois plus grande que la taille de l\u2019horizon des \u00e9v\u00e8nements lui-m\u00eame. L\u2019effet de lentille gravitationnelle et la capture de lumi\u00e8re rend cette r\u00e9gion d\u2019un noir de jais. Tout ce qui passe dans l\u2019horizon des \u00e9v\u00e8nements est coinc\u00e9 ici. Des images comme celle-ci nous aident \u00e0 visualiser l\u2019environnement extreme autour d\u2019un trou noir et nous pouvons \u00eatre beaucoup plus confiants en leur pr\u00e9cision, gr\u00e2ce au projet EHT.<\/span><\/p>\n<div style=\"width: 525px;\" class=\"wp-video\"><video class=\"wp-video-shortcode\" id=\"video-8857-1\" width=\"525\" height=\"303\" loop preload=\"metadata\" controls=\"controls\"><source type=\"video\/mp4\" src=\"http:\/\/gap47.astrosurf.com\/wp-content\/uploads\/2019\/10\/Simul-Trou-Noir.mp4?_=1\" \/><a href=\"http:\/\/gap47.astrosurf.com\/wp-content\/uploads\/2019\/10\/Simul-Trou-Noir.mp4\">http:\/\/gap47.astrosurf.com\/wp-content\/uploads\/2019\/10\/Simul-Trou-Noir.mp4<\/a><\/video><\/div>\n<p style=\"text-align: right;\"><span style=\"font-family: arial, helvetica, sans-serif; font-size: 16px;\">Traduction&nbsp;: Olivier Sabbagh<\/span><\/p>\n<hr>\n<p>&nbsp;<\/p>\n","protected":false},"excerpt":{"rendered":"<p>La NASA produit une \u00e9tonnante simulation d\u2019un trou noir C\u2019est juste cette ann\u00e9e que l\u2019on a pu poser le vrai premier regard sur un trou noir, et cela correspondait \u00e0 la plupart des pr\u00e9dictions th\u00e9oriques avanc\u00e9es avant que le projet du \u00ab&nbsp;Event Horizon Telescope (EHT)&nbsp;\u00bb ne fasse \u00ab&nbsp;l\u2019histoire&nbsp;\u00bb. Une simulation impressionnante r\u00e9alis\u00e9e par la NASA &hellip; <\/p>\n<p class=\"link-more\"><a href=\"https:\/\/gap47.astrosurf.com\/index.php\/animation-trou-noir\/\" class=\"more-link\">Continuer la lecture<span class=\"screen-reader-text\"> de &laquo;&nbsp;Animation trou noir&nbsp;&raquo;<\/span><\/a><\/p>\n","protected":false},"author":5,"featured_media":0,"parent":0,"menu_order":0,"comment_status":"closed","ping_status":"closed","template":"","meta":{"_exactmetrics_skip_tracking":false,"_exactmetrics_sitenote_active":false,"_exactmetrics_sitenote_note":"","_exactmetrics_sitenote_category":0,"ngg_post_thumbnail":0,"footnotes":""},"class_list":["post-8857","page","type-page","status-publish","hentry"],"yoast_head":"<!-- This site is optimized with the Yoast SEO plugin v24.8.1 - https:\/\/yoast.com\/wordpress\/plugins\/seo\/ -->\n<title>Animation trou noir - L&#039;observatoire est ouvert aux visiteurs tous les vendredis soirs \u00e0 21 heures, jusqu&#039;au 3 juillet 2026 inclus, sans r\u00e9servation.<\/title>\n<meta name=\"robots\" content=\"index, follow, max-snippet:-1, max-image-preview:large, max-video-preview:-1\" \/>\n<link rel=\"canonical\" href=\"https:\/\/gap47.astrosurf.com\/index.php\/animation-trou-noir\/\" \/>\n<meta property=\"og:locale\" content=\"fr_FR\" \/>\n<meta property=\"og:type\" content=\"article\" \/>\n<meta property=\"og:title\" content=\"Animation trou noir - L&#039;observatoire est ouvert aux visiteurs tous les vendredis soirs \u00e0 21 heures, jusqu&#039;au 3 juillet 2026 inclus, sans r\u00e9servation.\" \/>\n<meta property=\"og:description\" content=\"La NASA produit une \u00e9tonnante simulation d\u2019un trou noir C\u2019est juste cette ann\u00e9e que l\u2019on a pu poser le vrai premier regard sur un trou noir, et cela correspondait \u00e0 la plupart des pr\u00e9dictions th\u00e9oriques avanc\u00e9es avant que le projet du \u00ab&nbsp;Event Horizon Telescope (EHT)&nbsp;\u00bb ne fasse \u00ab&nbsp;l\u2019histoire&nbsp;\u00bb. Une simulation impressionnante r\u00e9alis\u00e9e par la NASA &hellip; Continuer la lecture de &laquo;&nbsp;Animation trou noir&nbsp;&raquo;\" \/>\n<meta property=\"og:url\" content=\"https:\/\/gap47.astrosurf.com\/index.php\/animation-trou-noir\/\" \/>\n<meta property=\"og:site_name\" content=\"L&#039;observatoire est ouvert aux visiteurs tous les vendredis soirs \u00e0 21 heures, jusqu&#039;au 3 juillet 2026 inclus, sans r\u00e9servation.\" \/>\n<meta property=\"article:publisher\" content=\"https:\/\/www.facebook.com\/astrogap47\/\" \/>\n<meta property=\"article:modified_time\" content=\"2019-10-22T13:53:16+00:00\" \/>\n<meta property=\"og:image\" content=\"http:\/\/gap47.astrosurf.com\/wp-content\/uploads\/2019\/10\/black-hole-nasa.jpg\" \/>\n<meta name=\"twitter:card\" content=\"summary_large_image\" \/>\n<meta name=\"twitter:label1\" content=\"Dur\u00e9e de lecture estim\u00e9e\" \/>\n\t<meta name=\"twitter:data1\" content=\"3 minutes\" \/>\n<script type=\"application\/ld+json\" class=\"yoast-schema-graph\">{\"@context\":\"https:\/\/schema.org\",\"@graph\":[{\"@type\":\"WebPage\",\"@id\":\"https:\/\/gap47.astrosurf.com\/index.php\/animation-trou-noir\/\",\"url\":\"https:\/\/gap47.astrosurf.com\/index.php\/animation-trou-noir\/\",\"name\":\"Animation trou noir - L&#039;observatoire est ouvert aux visiteurs tous les vendredis soirs \u00e0 21 heures, jusqu&#039;au 3 juillet 2026 inclus, sans r\u00e9servation.\",\"isPartOf\":{\"@id\":\"https:\/\/gap47.astrosurf.com\/#website\"},\"primaryImageOfPage\":{\"@id\":\"https:\/\/gap47.astrosurf.com\/index.php\/animation-trou-noir\/#primaryimage\"},\"image\":{\"@id\":\"https:\/\/gap47.astrosurf.com\/index.php\/animation-trou-noir\/#primaryimage\"},\"thumbnailUrl\":\"http:\/\/gap47.astrosurf.com\/wp-content\/uploads\/2019\/10\/black-hole-nasa.jpg\",\"datePublished\":\"2019-10-22T13:42:15+00:00\",\"dateModified\":\"2019-10-22T13:53:16+00:00\",\"breadcrumb\":{\"@id\":\"https:\/\/gap47.astrosurf.com\/index.php\/animation-trou-noir\/#breadcrumb\"},\"inLanguage\":\"fr-FR\",\"potentialAction\":[{\"@type\":\"ReadAction\",\"target\":[\"https:\/\/gap47.astrosurf.com\/index.php\/animation-trou-noir\/\"]}]},{\"@type\":\"ImageObject\",\"inLanguage\":\"fr-FR\",\"@id\":\"https:\/\/gap47.astrosurf.com\/index.php\/animation-trou-noir\/#primaryimage\",\"url\":\"http:\/\/gap47.astrosurf.com\/wp-content\/uploads\/2019\/10\/black-hole-nasa.jpg\",\"contentUrl\":\"http:\/\/gap47.astrosurf.com\/wp-content\/uploads\/2019\/10\/black-hole-nasa.jpg\"},{\"@type\":\"BreadcrumbList\",\"@id\":\"https:\/\/gap47.astrosurf.com\/index.php\/animation-trou-noir\/#breadcrumb\",\"itemListElement\":[{\"@type\":\"ListItem\",\"position\":1,\"name\":\"Accueil\",\"item\":\"https:\/\/gap47.astrosurf.com\/\"},{\"@type\":\"ListItem\",\"position\":2,\"name\":\"Animation trou noir\"}]},{\"@type\":\"WebSite\",\"@id\":\"https:\/\/gap47.astrosurf.com\/#website\",\"url\":\"https:\/\/gap47.astrosurf.com\/\",\"name\":\"De janvier \u00e0 fin juin 2024, le GAP47 sera ouvert aux visiteurs tous les vendredis \u00e0 21h sans r\u00e9servation, \u00e0 l'exception du vendredi 26 janvier o\u00f9 l'observatoire sera ferm\u00e9 au public.\",\"description\":\"Groupe d&#039;Astronomie Populaire du Lot-et-Garonne, \u00e0 Montayral\",\"potentialAction\":[{\"@type\":\"SearchAction\",\"target\":{\"@type\":\"EntryPoint\",\"urlTemplate\":\"https:\/\/gap47.astrosurf.com\/?s={search_term_string}\"},\"query-input\":{\"@type\":\"PropertyValueSpecification\",\"valueRequired\":true,\"valueName\":\"search_term_string\"}}],\"inLanguage\":\"fr-FR\"}]}<\/script>\n<!-- \/ Yoast SEO plugin. -->","yoast_head_json":{"title":"Animation trou noir - L&#039;observatoire est ouvert aux visiteurs tous les vendredis soirs \u00e0 21 heures, jusqu&#039;au 3 juillet 2026 inclus, sans r\u00e9servation.","robots":{"index":"index","follow":"follow","max-snippet":"max-snippet:-1","max-image-preview":"max-image-preview:large","max-video-preview":"max-video-preview:-1"},"canonical":"https:\/\/gap47.astrosurf.com\/index.php\/animation-trou-noir\/","og_locale":"fr_FR","og_type":"article","og_title":"Animation trou noir - L&#039;observatoire est ouvert aux visiteurs tous les vendredis soirs \u00e0 21 heures, jusqu&#039;au 3 juillet 2026 inclus, sans r\u00e9servation.","og_description":"La NASA produit une \u00e9tonnante simulation d\u2019un trou noir C\u2019est juste cette ann\u00e9e que l\u2019on a pu poser le vrai premier regard sur un trou noir, et cela correspondait \u00e0 la plupart des pr\u00e9dictions th\u00e9oriques avanc\u00e9es avant que le projet du \u00ab&nbsp;Event Horizon Telescope (EHT)&nbsp;\u00bb ne fasse \u00ab&nbsp;l\u2019histoire&nbsp;\u00bb. Une simulation impressionnante r\u00e9alis\u00e9e par la NASA &hellip; Continuer la lecture de &laquo;&nbsp;Animation trou noir&nbsp;&raquo;","og_url":"https:\/\/gap47.astrosurf.com\/index.php\/animation-trou-noir\/","og_site_name":"L&#039;observatoire est ouvert aux visiteurs tous les vendredis soirs \u00e0 21 heures, jusqu&#039;au 3 juillet 2026 inclus, sans r\u00e9servation.","article_publisher":"https:\/\/www.facebook.com\/astrogap47\/","article_modified_time":"2019-10-22T13:53:16+00:00","og_image":[{"url":"http:\/\/gap47.astrosurf.com\/wp-content\/uploads\/2019\/10\/black-hole-nasa.jpg","type":"","width":"","height":""}],"twitter_card":"summary_large_image","twitter_misc":{"Dur\u00e9e de lecture estim\u00e9e":"3 minutes"},"schema":{"@context":"https:\/\/schema.org","@graph":[{"@type":"WebPage","@id":"https:\/\/gap47.astrosurf.com\/index.php\/animation-trou-noir\/","url":"https:\/\/gap47.astrosurf.com\/index.php\/animation-trou-noir\/","name":"Animation trou noir - L&#039;observatoire est ouvert aux visiteurs tous les vendredis soirs \u00e0 21 heures, jusqu&#039;au 3 juillet 2026 inclus, sans r\u00e9servation.","isPartOf":{"@id":"https:\/\/gap47.astrosurf.com\/#website"},"primaryImageOfPage":{"@id":"https:\/\/gap47.astrosurf.com\/index.php\/animation-trou-noir\/#primaryimage"},"image":{"@id":"https:\/\/gap47.astrosurf.com\/index.php\/animation-trou-noir\/#primaryimage"},"thumbnailUrl":"http:\/\/gap47.astrosurf.com\/wp-content\/uploads\/2019\/10\/black-hole-nasa.jpg","datePublished":"2019-10-22T13:42:15+00:00","dateModified":"2019-10-22T13:53:16+00:00","breadcrumb":{"@id":"https:\/\/gap47.astrosurf.com\/index.php\/animation-trou-noir\/#breadcrumb"},"inLanguage":"fr-FR","potentialAction":[{"@type":"ReadAction","target":["https:\/\/gap47.astrosurf.com\/index.php\/animation-trou-noir\/"]}]},{"@type":"ImageObject","inLanguage":"fr-FR","@id":"https:\/\/gap47.astrosurf.com\/index.php\/animation-trou-noir\/#primaryimage","url":"http:\/\/gap47.astrosurf.com\/wp-content\/uploads\/2019\/10\/black-hole-nasa.jpg","contentUrl":"http:\/\/gap47.astrosurf.com\/wp-content\/uploads\/2019\/10\/black-hole-nasa.jpg"},{"@type":"BreadcrumbList","@id":"https:\/\/gap47.astrosurf.com\/index.php\/animation-trou-noir\/#breadcrumb","itemListElement":[{"@type":"ListItem","position":1,"name":"Accueil","item":"https:\/\/gap47.astrosurf.com\/"},{"@type":"ListItem","position":2,"name":"Animation trou noir"}]},{"@type":"WebSite","@id":"https:\/\/gap47.astrosurf.com\/#website","url":"https:\/\/gap47.astrosurf.com\/","name":"De janvier \u00e0 fin juin 2024, le GAP47 sera ouvert aux visiteurs tous les vendredis \u00e0 21h sans r\u00e9servation, \u00e0 l'exception du vendredi 26 janvier o\u00f9 l'observatoire sera ferm\u00e9 au public.","description":"Groupe d&#039;Astronomie Populaire du Lot-et-Garonne, \u00e0 Montayral","potentialAction":[{"@type":"SearchAction","target":{"@type":"EntryPoint","urlTemplate":"https:\/\/gap47.astrosurf.com\/?s={search_term_string}"},"query-input":{"@type":"PropertyValueSpecification","valueRequired":true,"valueName":"search_term_string"}}],"inLanguage":"fr-FR"}]}},"_links":{"self":[{"href":"https:\/\/gap47.astrosurf.com\/index.php\/wp-json\/wp\/v2\/pages\/8857","targetHints":{"allow":["GET"]}}],"collection":[{"href":"https:\/\/gap47.astrosurf.com\/index.php\/wp-json\/wp\/v2\/pages"}],"about":[{"href":"https:\/\/gap47.astrosurf.com\/index.php\/wp-json\/wp\/v2\/types\/page"}],"author":[{"embeddable":true,"href":"https:\/\/gap47.astrosurf.com\/index.php\/wp-json\/wp\/v2\/users\/5"}],"replies":[{"embeddable":true,"href":"https:\/\/gap47.astrosurf.com\/index.php\/wp-json\/wp\/v2\/comments?post=8857"}],"version-history":[{"count":3,"href":"https:\/\/gap47.astrosurf.com\/index.php\/wp-json\/wp\/v2\/pages\/8857\/revisions"}],"predecessor-version":[{"id":8862,"href":"https:\/\/gap47.astrosurf.com\/index.php\/wp-json\/wp\/v2\/pages\/8857\/revisions\/8862"}],"wp:attachment":[{"href":"https:\/\/gap47.astrosurf.com\/index.php\/wp-json\/wp\/v2\/media?parent=8857"}],"curies":[{"name":"wp","href":"https:\/\/api.w.org\/{rel}","templated":true}]}}