 {"id":8845,"date":"2019-10-21T21:09:16","date_gmt":"2019-10-21T19:09:16","guid":{"rendered":"http:\/\/gap47.astrosurf.com\/?page_id=8845"},"modified":"2019-11-14T13:04:34","modified_gmt":"2019-11-14T11:04:34","slug":"transit-de-mercure","status":"publish","type":"page","link":"https:\/\/gap47.astrosurf.com\/index.php\/transit-de-mercure\/","title":{"rendered":"Transit de Mercure"},"content":{"rendered":"<p style=\"text-align: center;\"><span style=\"font-family: arial, helvetica, sans-serif; font-size: 24px; color: #008000;\"><strong>Le Transit de Mercure du 11 novembre 2019<\/strong><\/span><\/p>\n<p><span style=\"font-family: 'times new roman', times, serif; font-size: 20px;\"><strong>Qu\u2019est-ce qu\u2019un Transit ?<\/strong><\/span><br \/>\n<span style=\"font-family: 'times new roman', times, serif; font-size: 20px;\">C\u2019est quand une plan\u00e8te int\u00e9rieure (Mercure ou V\u00e9nus) passe exactement devant le Soleil, pour nous qui sommes sur la Terre. C\u2019est impossible pour les plan\u00e8tes ext\u00e9rieures (de Mars \u00e0 Neptune), elles ne peuvent pas passer entre nous et le Soleil.&nbsp;<\/span><\/p>\n<p><span style=\"font-family: 'times new roman', times, serif; font-size: 20px;\"><strong><span style=\"color: #0000ff;\">a) Les transits de V\u00e9nus&nbsp;sont tr\u00e8s rares : en moyenne 2 par si\u00e8cle.<\/span><\/strong>&nbsp;Les \u00e9carts r\u00e9guliers entre les transits de V\u00e9nus sont les suivants : 8 ans \u2013 105 ans \u2013 8 ans \u2013 122 ans \u2013 8 ans \u2013 105 ans \u2013 8 ans \u2013 122 ans \u2013 etc. Au XIX\u00b0 si\u00e8cle, la derni\u00e8re fois c\u2019\u00e9tait en 1882. Au XX\u00b0 si\u00e8cle, aucun. Au XXI\u00b0 si\u00e8cle c\u2019\u00e9tait pour 2004 et 2012, mais en 2012 le transit \u00e9tait quasiment invisible depuis la France et, de surcro\u00eet, un ciel nuageux nous aurait emp\u00each\u00e9 de voir quoi que ce soit.&nbsp;<span style=\"color: #0000ff;\"><em><strong>Rendez-vous pour les prochains transits de V\u00e9nus, en 2117 et 2125 !<\/strong><\/em><\/span><\/span><\/p>\n<p><span style=\"font-family: 'times new roman', times, serif; font-size: 20px;\"><strong><span style=\"color: #ff0000;\">b) Les transits de Mercure&nbsp;sont moins rares (13 ou 14 par si\u00e8cle, les prochains en 2019 (le 11 novembre), 2032, 2039, 2049, 2052,\u2026).<\/span><\/strong>&nbsp;Ils sont moins spectaculaires que les transits de V\u00e9nus car Mercure est une plan\u00e8te beaucoup plus petite que V\u00e9nus.<\/span><\/p>\n<p style=\"text-align: center;\"><span style=\"font-family: 'times new roman', times, serif; font-size: 20px;\"><strong>Les transits de Mercure au XXI\u00b0 si\u00e8cle :<\/strong><\/span><\/p>\n<table class=\" aligncenter\" style=\"width: 303px;\" width=\"533\">\n<tbody>\n<tr>\n<td style=\"width: 104.609px;\"><strong>Date<\/strong><\/td>\n<td style=\"width: 52.2188px;\"><strong>D\u00e9but<\/strong><\/td>\n<td style=\"width: 51.2188px;\"><strong>Milieu<\/strong><\/td>\n<td style=\"width: 51.6094px;\"><strong>Fin<\/strong><\/td>\n<\/tr>\n<tr>\n<td style=\"width: 104.609px;\">07\/05\/2003<\/td>\n<td style=\"width: 52.2188px;\">05:13<\/td>\n<td style=\"width: 51.2188px;\">07:52<\/td>\n<td style=\"width: 51.6094px;\">10:32<\/td>\n<\/tr>\n<tr>\n<td style=\"width: 104.609px;\">08\/11\/2006<\/td>\n<td style=\"width: 52.2188px;\">19:12<\/td>\n<td style=\"width: 51.2188px;\">21:41<\/td>\n<td style=\"width: 51.6094px;\">00:10<\/td>\n<\/tr>\n<tr>\n<td style=\"width: 104.609px;\">09\/05\/2016<\/td>\n<td style=\"width: 52.2188px;\">11:12<\/td>\n<td style=\"width: 51.2188px;\">14:57<\/td>\n<td style=\"width: 51.6094px;\">18:42<\/td>\n<\/tr>\n<tr>\n<td style=\"width: 104.609px;\"><span style=\"color: #ff0000;\"><strong>11\/11\/2019<\/strong><\/span><\/td>\n<td style=\"width: 52.2188px;\"><span style=\"color: #ff0000;\"><strong>12:35<\/strong><\/span><\/td>\n<td style=\"width: 51.2188px;\"><span style=\"color: #ff0000;\"><strong>15:20<\/strong><\/span><\/td>\n<td style=\"width: 51.6094px;\"><span style=\"color: #ff0000;\"><strong>18:04<\/strong><\/span><\/td>\n<\/tr>\n<tr>\n<td style=\"width: 104.609px;\"><span style=\"color: #0000ff;\">13\/11\/2032<\/span><\/td>\n<td style=\"width: 52.2188px;\"><span style=\"color: #0000ff;\">06:41<\/span><\/td>\n<td style=\"width: 51.2188px;\"><span style=\"color: #0000ff;\">08:54<\/span><\/td>\n<td style=\"width: 51.6094px;\"><span style=\"color: #0000ff;\">11:07<\/span><\/td>\n<\/tr>\n<tr>\n<td style=\"width: 104.609px;\">07\/11\/2039<\/td>\n<td style=\"width: 52.2188px;\">07:17<\/td>\n<td style=\"width: 51.2188px;\">08:46<\/td>\n<td style=\"width: 51.6094px;\">10:15<\/td>\n<\/tr>\n<tr>\n<td style=\"width: 104.609px;\">07\/05\/2049<\/td>\n<td style=\"width: 52.2188px;\">11:03<\/td>\n<td style=\"width: 51.2188px;\">14:24<\/td>\n<td style=\"width: 51.6094px;\">17:44<\/td>\n<\/tr>\n<tr>\n<td style=\"width: 104.609px;\">09\/11\/2052<\/td>\n<td style=\"width: 52.2188px;\">23:53<\/td>\n<td style=\"width: 51.2188px;\">02:29<\/td>\n<td style=\"width: 51.6094px;\">05:06<\/td>\n<\/tr>\n<tr>\n<td style=\"width: 104.609px;\">10\/05\/2062<\/td>\n<td style=\"width: 52.2188px;\">18:16<\/td>\n<td style=\"width: 51.2188px;\">21:36<\/td>\n<td style=\"width: 51.6094px;\">00:57<\/td>\n<\/tr>\n<tr>\n<td style=\"width: 104.609px;\">11\/11\/2065<\/td>\n<td style=\"width: 52.2188px;\">17:24<\/td>\n<td style=\"width: 51.2188px;\">20:06<\/td>\n<td style=\"width: 51.6094px;\">22:48<\/td>\n<\/tr>\n<tr>\n<td style=\"width: 104.609px;\">14\/11\/2078<\/td>\n<td style=\"width: 52.2188px;\">11:42<\/td>\n<td style=\"width: 51.2188px;\">13:41<\/td>\n<td style=\"width: 51.6094px;\">15:39<\/td>\n<\/tr>\n<tr>\n<td style=\"width: 104.609px;\">07\/11\/2085<\/td>\n<td style=\"width: 52.2188px;\">11:42<\/td>\n<td style=\"width: 51.2188px;\">13:34<\/td>\n<td style=\"width: 51.6094px;\">15:26<\/td>\n<\/tr>\n<tr>\n<td style=\"width: 104.609px;\">08\/05\/2095<\/td>\n<td style=\"width: 52.2188px;\">17:20<\/td>\n<td style=\"width: 51.2188px;\">21:05<\/td>\n<td style=\"width: 51.6094px;\">00:50<\/td>\n<\/tr>\n<tr>\n<td style=\"width: 104.609px;\">10\/11\/2098<\/td>\n<td style=\"width: 52.2188px;\">04:35<\/td>\n<td style=\"width: 51.2188px;\">07:16<\/td>\n<td style=\"width: 51.6094px;\">09:57<\/td>\n<\/tr>\n<\/tbody>\n<\/table>\n<p style=\"text-align: center;\"><span style=\"font-family: 'times new roman', times, serif; font-size: 20px;\"><em>Les horaires de ce tableau sont en&nbsp;<strong>T<\/strong>emps&nbsp;<strong>U<\/strong>niversel. \u2191&nbsp; Pour la France m\u00e9tropolitaine, ajouter une heure quand on est en heures d\u2019hiver et deux heures si l\u2019on est en heures d\u2019\u00e9t\u00e9.<\/em><\/span><\/p>\n<p>&nbsp;<\/p>\n<p><a href=\"http:\/\/gap47.astrosurf.com\/wp-content\/uploads\/2019\/09\/Capture-d%E2%80%99e%CC%81cran-2019-09-17-a%CC%80-15.49.58.png\" data-slb-active=\"1\" data-slb-asset=\"1527818462\" data-slb-internal=\"0\"><img loading=\"lazy\" decoding=\"async\" class=\"aligncenter wp-image-8800 size-full\" src=\"http:\/\/gap47.astrosurf.com\/wp-content\/uploads\/2019\/09\/Capture-d\u2019e\u0301cran-2019-09-17-a\u0300-15.49.58.png\" sizes=\"auto, (max-width: 767px) 89vw, (max-width: 1000px) 54vw, (max-width: 1071px) 543px, 580px\" srcset=\"http:\/\/gap47.astrosurf.com\/wp-content\/uploads\/2019\/09\/Capture-d\u2019e\u0301cran-2019-09-17-a\u0300-15.49.58.png 1526w, http:\/\/gap47.astrosurf.com\/wp-content\/uploads\/2019\/09\/Capture-d\u2019e\u0301cran-2019-09-17-a\u0300-15.49.58-300x291.png 300w, http:\/\/gap47.astrosurf.com\/wp-content\/uploads\/2019\/09\/Capture-d\u2019e\u0301cran-2019-09-17-a\u0300-15.49.58-768x746.png 768w, http:\/\/gap47.astrosurf.com\/wp-content\/uploads\/2019\/09\/Capture-d\u2019e\u0301cran-2019-09-17-a\u0300-15.49.58-1236x1200.png 1236w\" alt=\"\" width=\"1526\" height=\"1482\"><\/a><\/p>\n<p style=\"text-align: center;\"><span style=\"font-family: arial, helvetica, sans-serif; font-size: 20px;\"><strong><span style=\"color: #008000;\">Nous avons essay\u00e9 de regarder et de photographier ce transit.<\/span>&nbsp;<span style=\"color: #ff0000;\">Malheureusement le temps \u00e9tait couvert et nous n&rsquo;avons pu le regarder que pendant une dur\u00e9e de 4 \u00e0 5 minutes<\/span>.<\/strong><\/span><\/p>\n<p style=\"text-align: center;\"><span style=\"font-family: 'times new roman', times, serif; font-size: 28px;\"><strong>Le transit de Mercure suivant ne se produira qu\u2019en 2032.<\/strong><\/span><\/p>\n<hr>\n<p style=\"text-align: center;\"><span style=\"color: #ff0000; font-size: 20px; font-family: arial, helvetica, sans-serif;\"><em><strong>Vid\u00e9o faite par la NASA du pr\u00e9c\u00e9dent transit de Mercure le 9 mai 2016&nbsp; \u2193<\/strong><\/em><\/span><\/p>\n<p><a href=\"https:\/\/www.youtube.com\/watch?time_continue=40&amp;v=AhWMOkrzKzs\" target=\"_blank\" rel=\"noopener noreferrer\"><img loading=\"lazy\" decoding=\"async\" class=\"aligncenter wp-image-8848 size-full\" src=\"http:\/\/gap47.astrosurf.com\/wp-content\/uploads\/2019\/10\/Transit-Mercure.png\" alt=\"\" width=\"1606\" height=\"832\" srcset=\"https:\/\/gap47.astrosurf.com\/wp-content\/uploads\/2019\/10\/Transit-Mercure.png 1606w, https:\/\/gap47.astrosurf.com\/wp-content\/uploads\/2019\/10\/Transit-Mercure-300x155.png 300w, https:\/\/gap47.astrosurf.com\/wp-content\/uploads\/2019\/10\/Transit-Mercure-768x398.png 768w\" sizes=\"auto, (max-width: 767px) 89vw, (max-width: 1000px) 54vw, (max-width: 1071px) 543px, 580px\" \/><\/a><\/p>\n<p><span style=\"font-family: 'times new roman', times, serif; font-size: 20px;\">Qu&rsquo;est-ce que ce petit point noir se d\u00e9pla\u00e7ant \u00e0 travers le soleil ? Mercure . Probablement la vue la plus nette de la travers\u00e9e de Mercure devant le Soleil en mai 2016<\/span><span style=\"font-family: 'times new roman', times, serif; font-size: 20px;\">. Le Solar Dynamics Observatory (SDO) a enregistr\u00e9 une vue ininterrompue, non seulement en lumi\u00e8re visible, mais \u00e9galement en diff\u00e9rentes longueurs d&rsquo;onde de lumi\u00e8re ultraviolette. Vous avez ici un film composite de ce transit. Bien que l\u2019\u00e9v\u00e9nement puisse se r\u00e9v\u00e9ler un succ\u00e8s scientifique pour une meilleure d\u00e9termination des composants de l\u2019atmosph\u00e8re ultra-fine de Mercure, l\u2019\u00e9v\u00e9nement s\u2019est s\u00fbrement av\u00e9r\u00e9 un succ\u00e8s culturel en impliquant des personnes du monde entier en observant un ph\u00e9nom\u00e8ne astronomique rare. <\/span><\/p>\n<hr>\n<p>&nbsp;<\/p>\n","protected":false},"excerpt":{"rendered":"<p>Le Transit de Mercure du 11 novembre 2019 Qu\u2019est-ce qu\u2019un Transit ? C\u2019est quand une plan\u00e8te int\u00e9rieure (Mercure ou V\u00e9nus) passe exactement devant le Soleil, pour nous qui sommes sur la Terre. C\u2019est impossible pour les plan\u00e8tes ext\u00e9rieures (de Mars \u00e0 Neptune), elles ne peuvent pas passer entre nous et le Soleil.&nbsp; a) Les transits &hellip; <\/p>\n<p class=\"link-more\"><a href=\"https:\/\/gap47.astrosurf.com\/index.php\/transit-de-mercure\/\" class=\"more-link\">Continuer la lecture<span class=\"screen-reader-text\"> de &laquo;&nbsp;Transit de Mercure&nbsp;&raquo;<\/span><\/a><\/p>\n","protected":false},"author":5,"featured_media":0,"parent":0,"menu_order":0,"comment_status":"closed","ping_status":"closed","template":"","meta":{"_exactmetrics_skip_tracking":false,"_exactmetrics_sitenote_active":false,"_exactmetrics_sitenote_note":"","_exactmetrics_sitenote_category":0,"ngg_post_thumbnail":0,"footnotes":""},"class_list":["post-8845","page","type-page","status-publish","hentry"],"yoast_head":"<!-- This site is optimized with the Yoast SEO plugin v24.8.1 - https:\/\/yoast.com\/wordpress\/plugins\/seo\/ -->\n<title>Transit de Mercure - L&#039;observatoire est ouvert aux visiteurs tous les vendredis soirs \u00e0 21 heures, jusqu&#039;au 3 juillet 2026 inclus, sans r\u00e9servation.<\/title>\n<meta name=\"robots\" content=\"index, follow, max-snippet:-1, max-image-preview:large, max-video-preview:-1\" \/>\n<link rel=\"canonical\" href=\"https:\/\/gap47.astrosurf.com\/index.php\/transit-de-mercure\/\" \/>\n<meta property=\"og:locale\" content=\"fr_FR\" \/>\n<meta property=\"og:type\" content=\"article\" \/>\n<meta property=\"og:title\" content=\"Transit de Mercure - L&#039;observatoire est ouvert aux visiteurs tous les vendredis soirs \u00e0 21 heures, jusqu&#039;au 3 juillet 2026 inclus, sans r\u00e9servation.\" \/>\n<meta property=\"og:description\" content=\"Le Transit de Mercure du 11 novembre 2019 Qu\u2019est-ce qu\u2019un Transit ? C\u2019est quand une plan\u00e8te int\u00e9rieure (Mercure ou V\u00e9nus) passe exactement devant le Soleil, pour nous qui sommes sur la Terre. C\u2019est impossible pour les plan\u00e8tes ext\u00e9rieures (de Mars \u00e0 Neptune), elles ne peuvent pas passer entre nous et le Soleil.&nbsp; a) Les transits &hellip; Continuer la lecture de &laquo;&nbsp;Transit de Mercure&nbsp;&raquo;\" \/>\n<meta property=\"og:url\" content=\"https:\/\/gap47.astrosurf.com\/index.php\/transit-de-mercure\/\" \/>\n<meta property=\"og:site_name\" content=\"L&#039;observatoire est ouvert aux visiteurs tous les vendredis soirs \u00e0 21 heures, jusqu&#039;au 3 juillet 2026 inclus, sans r\u00e9servation.\" \/>\n<meta property=\"article:publisher\" content=\"https:\/\/www.facebook.com\/astrogap47\/\" \/>\n<meta property=\"article:modified_time\" content=\"2019-11-14T11:04:34+00:00\" \/>\n<meta property=\"og:image\" content=\"http:\/\/gap47.astrosurf.com\/wp-content\/uploads\/2019\/10\/Transit-Mercure.png\" \/>\n<meta name=\"twitter:card\" content=\"summary_large_image\" \/>\n<meta name=\"twitter:label1\" content=\"Dur\u00e9e de lecture estim\u00e9e\" \/>\n\t<meta name=\"twitter:data1\" content=\"2 minutes\" \/>\n<script type=\"application\/ld+json\" class=\"yoast-schema-graph\">{\"@context\":\"https:\/\/schema.org\",\"@graph\":[{\"@type\":\"WebPage\",\"@id\":\"https:\/\/gap47.astrosurf.com\/index.php\/transit-de-mercure\/\",\"url\":\"https:\/\/gap47.astrosurf.com\/index.php\/transit-de-mercure\/\",\"name\":\"Transit de Mercure - L&#039;observatoire est ouvert aux visiteurs tous les vendredis soirs \u00e0 21 heures, jusqu&#039;au 3 juillet 2026 inclus, sans r\u00e9servation.\",\"isPartOf\":{\"@id\":\"https:\/\/gap47.astrosurf.com\/#website\"},\"primaryImageOfPage\":{\"@id\":\"https:\/\/gap47.astrosurf.com\/index.php\/transit-de-mercure\/#primaryimage\"},\"image\":{\"@id\":\"https:\/\/gap47.astrosurf.com\/index.php\/transit-de-mercure\/#primaryimage\"},\"thumbnailUrl\":\"http:\/\/gap47.astrosurf.com\/wp-content\/uploads\/2019\/10\/Transit-Mercure.png\",\"datePublished\":\"2019-10-21T19:09:16+00:00\",\"dateModified\":\"2019-11-14T11:04:34+00:00\",\"breadcrumb\":{\"@id\":\"https:\/\/gap47.astrosurf.com\/index.php\/transit-de-mercure\/#breadcrumb\"},\"inLanguage\":\"fr-FR\",\"potentialAction\":[{\"@type\":\"ReadAction\",\"target\":[\"https:\/\/gap47.astrosurf.com\/index.php\/transit-de-mercure\/\"]}]},{\"@type\":\"ImageObject\",\"inLanguage\":\"fr-FR\",\"@id\":\"https:\/\/gap47.astrosurf.com\/index.php\/transit-de-mercure\/#primaryimage\",\"url\":\"https:\/\/gap47.astrosurf.com\/wp-content\/uploads\/2019\/10\/Transit-Mercure.png\",\"contentUrl\":\"https:\/\/gap47.astrosurf.com\/wp-content\/uploads\/2019\/10\/Transit-Mercure.png\",\"width\":1606,\"height\":832},{\"@type\":\"BreadcrumbList\",\"@id\":\"https:\/\/gap47.astrosurf.com\/index.php\/transit-de-mercure\/#breadcrumb\",\"itemListElement\":[{\"@type\":\"ListItem\",\"position\":1,\"name\":\"Accueil\",\"item\":\"https:\/\/gap47.astrosurf.com\/\"},{\"@type\":\"ListItem\",\"position\":2,\"name\":\"Transit de Mercure\"}]},{\"@type\":\"WebSite\",\"@id\":\"https:\/\/gap47.astrosurf.com\/#website\",\"url\":\"https:\/\/gap47.astrosurf.com\/\",\"name\":\"De janvier \u00e0 fin juin 2024, le GAP47 sera ouvert aux visiteurs tous les vendredis \u00e0 21h sans r\u00e9servation, \u00e0 l'exception du vendredi 26 janvier o\u00f9 l'observatoire sera ferm\u00e9 au public.\",\"description\":\"Groupe d&#039;Astronomie Populaire du Lot-et-Garonne, \u00e0 Montayral\",\"potentialAction\":[{\"@type\":\"SearchAction\",\"target\":{\"@type\":\"EntryPoint\",\"urlTemplate\":\"https:\/\/gap47.astrosurf.com\/?s={search_term_string}\"},\"query-input\":{\"@type\":\"PropertyValueSpecification\",\"valueRequired\":true,\"valueName\":\"search_term_string\"}}],\"inLanguage\":\"fr-FR\"}]}<\/script>\n<!-- \/ Yoast SEO plugin. -->","yoast_head_json":{"title":"Transit de Mercure - L&#039;observatoire est ouvert aux visiteurs tous les vendredis soirs \u00e0 21 heures, jusqu&#039;au 3 juillet 2026 inclus, sans r\u00e9servation.","robots":{"index":"index","follow":"follow","max-snippet":"max-snippet:-1","max-image-preview":"max-image-preview:large","max-video-preview":"max-video-preview:-1"},"canonical":"https:\/\/gap47.astrosurf.com\/index.php\/transit-de-mercure\/","og_locale":"fr_FR","og_type":"article","og_title":"Transit de Mercure - L&#039;observatoire est ouvert aux visiteurs tous les vendredis soirs \u00e0 21 heures, jusqu&#039;au 3 juillet 2026 inclus, sans r\u00e9servation.","og_description":"Le Transit de Mercure du 11 novembre 2019 Qu\u2019est-ce qu\u2019un Transit ? C\u2019est quand une plan\u00e8te int\u00e9rieure (Mercure ou V\u00e9nus) passe exactement devant le Soleil, pour nous qui sommes sur la Terre. C\u2019est impossible pour les plan\u00e8tes ext\u00e9rieures (de Mars \u00e0 Neptune), elles ne peuvent pas passer entre nous et le Soleil.&nbsp; a) Les transits &hellip; Continuer la lecture de &laquo;&nbsp;Transit de Mercure&nbsp;&raquo;","og_url":"https:\/\/gap47.astrosurf.com\/index.php\/transit-de-mercure\/","og_site_name":"L&#039;observatoire est ouvert aux visiteurs tous les vendredis soirs \u00e0 21 heures, jusqu&#039;au 3 juillet 2026 inclus, sans r\u00e9servation.","article_publisher":"https:\/\/www.facebook.com\/astrogap47\/","article_modified_time":"2019-11-14T11:04:34+00:00","og_image":[{"url":"http:\/\/gap47.astrosurf.com\/wp-content\/uploads\/2019\/10\/Transit-Mercure.png","type":"","width":"","height":""}],"twitter_card":"summary_large_image","twitter_misc":{"Dur\u00e9e de lecture estim\u00e9e":"2 minutes"},"schema":{"@context":"https:\/\/schema.org","@graph":[{"@type":"WebPage","@id":"https:\/\/gap47.astrosurf.com\/index.php\/transit-de-mercure\/","url":"https:\/\/gap47.astrosurf.com\/index.php\/transit-de-mercure\/","name":"Transit de Mercure - L&#039;observatoire est ouvert aux visiteurs tous les vendredis soirs \u00e0 21 heures, jusqu&#039;au 3 juillet 2026 inclus, sans r\u00e9servation.","isPartOf":{"@id":"https:\/\/gap47.astrosurf.com\/#website"},"primaryImageOfPage":{"@id":"https:\/\/gap47.astrosurf.com\/index.php\/transit-de-mercure\/#primaryimage"},"image":{"@id":"https:\/\/gap47.astrosurf.com\/index.php\/transit-de-mercure\/#primaryimage"},"thumbnailUrl":"http:\/\/gap47.astrosurf.com\/wp-content\/uploads\/2019\/10\/Transit-Mercure.png","datePublished":"2019-10-21T19:09:16+00:00","dateModified":"2019-11-14T11:04:34+00:00","breadcrumb":{"@id":"https:\/\/gap47.astrosurf.com\/index.php\/transit-de-mercure\/#breadcrumb"},"inLanguage":"fr-FR","potentialAction":[{"@type":"ReadAction","target":["https:\/\/gap47.astrosurf.com\/index.php\/transit-de-mercure\/"]}]},{"@type":"ImageObject","inLanguage":"fr-FR","@id":"https:\/\/gap47.astrosurf.com\/index.php\/transit-de-mercure\/#primaryimage","url":"https:\/\/gap47.astrosurf.com\/wp-content\/uploads\/2019\/10\/Transit-Mercure.png","contentUrl":"https:\/\/gap47.astrosurf.com\/wp-content\/uploads\/2019\/10\/Transit-Mercure.png","width":1606,"height":832},{"@type":"BreadcrumbList","@id":"https:\/\/gap47.astrosurf.com\/index.php\/transit-de-mercure\/#breadcrumb","itemListElement":[{"@type":"ListItem","position":1,"name":"Accueil","item":"https:\/\/gap47.astrosurf.com\/"},{"@type":"ListItem","position":2,"name":"Transit de Mercure"}]},{"@type":"WebSite","@id":"https:\/\/gap47.astrosurf.com\/#website","url":"https:\/\/gap47.astrosurf.com\/","name":"De janvier \u00e0 fin juin 2024, le GAP47 sera ouvert aux visiteurs tous les vendredis \u00e0 21h sans r\u00e9servation, \u00e0 l'exception du vendredi 26 janvier o\u00f9 l'observatoire sera ferm\u00e9 au public.","description":"Groupe d&#039;Astronomie Populaire du Lot-et-Garonne, \u00e0 Montayral","potentialAction":[{"@type":"SearchAction","target":{"@type":"EntryPoint","urlTemplate":"https:\/\/gap47.astrosurf.com\/?s={search_term_string}"},"query-input":{"@type":"PropertyValueSpecification","valueRequired":true,"valueName":"search_term_string"}}],"inLanguage":"fr-FR"}]}},"_links":{"self":[{"href":"https:\/\/gap47.astrosurf.com\/index.php\/wp-json\/wp\/v2\/pages\/8845","targetHints":{"allow":["GET"]}}],"collection":[{"href":"https:\/\/gap47.astrosurf.com\/index.php\/wp-json\/wp\/v2\/pages"}],"about":[{"href":"https:\/\/gap47.astrosurf.com\/index.php\/wp-json\/wp\/v2\/types\/page"}],"author":[{"embeddable":true,"href":"https:\/\/gap47.astrosurf.com\/index.php\/wp-json\/wp\/v2\/users\/5"}],"replies":[{"embeddable":true,"href":"https:\/\/gap47.astrosurf.com\/index.php\/wp-json\/wp\/v2\/comments?post=8845"}],"version-history":[{"count":7,"href":"https:\/\/gap47.astrosurf.com\/index.php\/wp-json\/wp\/v2\/pages\/8845\/revisions"}],"predecessor-version":[{"id":8878,"href":"https:\/\/gap47.astrosurf.com\/index.php\/wp-json\/wp\/v2\/pages\/8845\/revisions\/8878"}],"wp:attachment":[{"href":"https:\/\/gap47.astrosurf.com\/index.php\/wp-json\/wp\/v2\/media?parent=8845"}],"curies":[{"name":"wp","href":"https:\/\/api.w.org\/{rel}","templated":true}]}}