 {"id":8744,"date":"2019-09-03T11:54:25","date_gmt":"2019-09-03T09:54:25","guid":{"rendered":"http:\/\/gap47.astrosurf.com\/?page_id=8744"},"modified":"2019-09-03T12:00:36","modified_gmt":"2019-09-03T10:00:36","slug":"etoile-a-neutrons-et-trou-noir","status":"publish","type":"page","link":"https:\/\/gap47.astrosurf.com\/index.php\/etoile-a-neutrons-et-trou-noir\/","title":{"rendered":"Etoile \u00e0 neutrons et trou noir"},"content":{"rendered":"<p style=\"text-align: center;\"><span style=\"font-family: arial, helvetica, sans-serif; font-size: 20px;\"><strong>\u00c9toile \u00e0 neutrons d\u00e9truite par un trou noir ?<\/strong><\/span><\/p>\n<div style=\"width: 525px;\" class=\"wp-video\"><video class=\"wp-video-shortcode\" id=\"video-8744-1\" width=\"525\" height=\"236\" preload=\"metadata\" controls=\"controls\"><source type=\"video\/mp4\" src=\"http:\/\/gap47.astrosurf.com\/wp-content\/uploads\/2019\/09\/Unusual-Signal-Suggests-Neutron-Star-Destroyed-by-Black-Hole.mp4?_=1\" \/><a href=\"http:\/\/gap47.astrosurf.com\/wp-content\/uploads\/2019\/09\/Unusual-Signal-Suggests-Neutron-Star-Destroyed-by-Black-Hole.mp4\">http:\/\/gap47.astrosurf.com\/wp-content\/uploads\/2019\/09\/Unusual-Signal-Suggests-Neutron-Star-Destroyed-by-Black-Hole.mp4<\/a><\/video><\/div>\n<p style=\"text-align: justify;\">Qu\u2019est-ce qui a cr\u00e9\u00e9 cette explosion inhabituelle&nbsp;? Il y a trois semaines, les d\u00e9tecteurs d\u2019ondes gravitationnelles aux \u00c9tats-Unis et en Europe (les d\u00e9tecteurs LIGO et VIRGO) ont per\u00e7u un \u00e9clat de radiations gravitationnelles qui \u00e9tait d\u2019un type connu quand un trou noir d\u00e9truit une \u00e9toile \u00e0 neutrons. Un objet (en ao\u00fbt 2015), appel\u00e9 S190814sv, avait \u00e9t\u00e9 d\u00e9cel\u00e9, avec le plus gros objet d\u2019une masse sup\u00e9rieure \u00e0 5 fois celle de notre Soleil (donc un bon candidat pour \u00eatre un trou noir), tandis que l\u2019autre objet avait une masse inf\u00e9rieure \u00e0 3 fois celle du Soleil (donc un bon candidat pour \u00eatre une \u00e9toile \u00e0 neutrons). Aucun \u00e9v\u00e8nement similaire n\u2019avait \u00e9t\u00e9 d\u00e9tect\u00e9 pr\u00e9c\u00e9demment. Malheureusement, aucune lumi\u00e8re n\u2019a \u00e9t\u00e9 vue de cette explosion, de la lumi\u00e8re qui aurait pu \u00eatre caus\u00e9e par la destruction de l\u2019\u00e9toile \u00e0 neutrons. Il est th\u00e9oriquement possible que l\u2019objet de moindre masse soit aussi un trou noir, m\u00eame si nous n\u2019avons aucun exemple clair d\u2019un trou noir d\u2019une masse si faible. La vid\u00e9o ci-dessus a \u00e9t\u00e9 cr\u00e9\u00e9e pour illustrer une ancienne collision trou noir \/ \u00e9toile \u00e0 neutrons dont la lumi\u00e8re a \u00e9t\u00e9 d\u00e9tect\u00e9e en 2005, essentiellement par le sursaut gamma GRB 050724. La vid\u00e9o commence avec une \u00e9toile \u00e0 neutrons au premier plan en orbite autour d\u2019un trou noir entour\u00e9 d\u2019un disque d\u2019accr\u00e9tion. L\u2019\u00e9toile \u00e0 neutrons est d\u00e9chiquet\u00e9e par la gravit\u00e9 du trou noir, cr\u00e9ant un jet quand les d\u00e9bris tombent dans le trou noir. Les recherches sur S190814sv vont continuer, pour trouver des indices sur la nature des deux objets en cause, ce qui permettra les d\u00e9tections futures d\u2019objets similaires.<\/p>\n<p>&nbsp;<\/p>\n<p style=\"text-align: right;\"><span style=\"font-family: arial, helvetica, sans-serif;\">Illustration Video Credit: NASA, Dana Berry (Skyworks Digital)<\/span><br \/>\n<span style=\"font-family: arial, helvetica, sans-serif;\"><strong>Traduction&nbsp;: Olivier Sabbagh<\/strong><\/span><\/p>\n<hr>\n<p>&nbsp;<\/p>\n","protected":false},"excerpt":{"rendered":"<p>\u00c9toile \u00e0 neutrons d\u00e9truite par un trou noir ? Qu\u2019est-ce qui a cr\u00e9\u00e9 cette explosion inhabituelle&nbsp;? Il y a trois semaines, les d\u00e9tecteurs d\u2019ondes gravitationnelles aux \u00c9tats-Unis et en Europe (les d\u00e9tecteurs LIGO et VIRGO) ont per\u00e7u un \u00e9clat de radiations gravitationnelles qui \u00e9tait d\u2019un type connu quand un trou noir d\u00e9truit une \u00e9toile \u00e0 &hellip; <\/p>\n<p class=\"link-more\"><a href=\"https:\/\/gap47.astrosurf.com\/index.php\/etoile-a-neutrons-et-trou-noir\/\" class=\"more-link\">Continuer la lecture<span class=\"screen-reader-text\"> de &laquo;&nbsp;Etoile \u00e0 neutrons et trou noir&nbsp;&raquo;<\/span><\/a><\/p>\n","protected":false},"author":5,"featured_media":0,"parent":0,"menu_order":0,"comment_status":"closed","ping_status":"closed","template":"","meta":{"_exactmetrics_skip_tracking":false,"_exactmetrics_sitenote_active":false,"_exactmetrics_sitenote_note":"","_exactmetrics_sitenote_category":0,"ngg_post_thumbnail":0,"footnotes":""},"class_list":["post-8744","page","type-page","status-publish","hentry"],"yoast_head":"<!-- This site is optimized with the Yoast SEO plugin v24.8.1 - https:\/\/yoast.com\/wordpress\/plugins\/seo\/ -->\n<title>Etoile \u00e0 neutrons et trou noir - L&#039;observatoire est ouvert aux visiteurs tous les vendredis soirs \u00e0 21 heures, jusqu&#039;au 3 juillet 2026 inclus, sans r\u00e9servation.<\/title>\n<meta name=\"robots\" content=\"index, follow, max-snippet:-1, max-image-preview:large, max-video-preview:-1\" \/>\n<link rel=\"canonical\" href=\"https:\/\/gap47.astrosurf.com\/index.php\/etoile-a-neutrons-et-trou-noir\/\" \/>\n<meta property=\"og:locale\" content=\"fr_FR\" \/>\n<meta property=\"og:type\" content=\"article\" \/>\n<meta property=\"og:title\" content=\"Etoile \u00e0 neutrons et trou noir - L&#039;observatoire est ouvert aux visiteurs tous les vendredis soirs \u00e0 21 heures, jusqu&#039;au 3 juillet 2026 inclus, sans r\u00e9servation.\" \/>\n<meta property=\"og:description\" content=\"\u00c9toile \u00e0 neutrons d\u00e9truite par un trou noir ? Qu\u2019est-ce qui a cr\u00e9\u00e9 cette explosion inhabituelle&nbsp;? Il y a trois semaines, les d\u00e9tecteurs d\u2019ondes gravitationnelles aux \u00c9tats-Unis et en Europe (les d\u00e9tecteurs LIGO et VIRGO) ont per\u00e7u un \u00e9clat de radiations gravitationnelles qui \u00e9tait d\u2019un type connu quand un trou noir d\u00e9truit une \u00e9toile \u00e0 &hellip; Continuer la lecture de &laquo;&nbsp;Etoile \u00e0 neutrons et trou noir&nbsp;&raquo;\" \/>\n<meta property=\"og:url\" content=\"https:\/\/gap47.astrosurf.com\/index.php\/etoile-a-neutrons-et-trou-noir\/\" \/>\n<meta property=\"og:site_name\" content=\"L&#039;observatoire est ouvert aux visiteurs tous les vendredis soirs \u00e0 21 heures, jusqu&#039;au 3 juillet 2026 inclus, sans r\u00e9servation.\" \/>\n<meta property=\"article:publisher\" content=\"https:\/\/www.facebook.com\/astrogap47\/\" \/>\n<meta property=\"article:modified_time\" content=\"2019-09-03T10:00:36+00:00\" \/>\n<meta name=\"twitter:card\" content=\"summary_large_image\" \/>\n<meta name=\"twitter:label1\" content=\"Dur\u00e9e de lecture estim\u00e9e\" \/>\n\t<meta name=\"twitter:data1\" content=\"2 minutes\" \/>\n<script type=\"application\/ld+json\" class=\"yoast-schema-graph\">{\"@context\":\"https:\/\/schema.org\",\"@graph\":[{\"@type\":\"WebPage\",\"@id\":\"https:\/\/gap47.astrosurf.com\/index.php\/etoile-a-neutrons-et-trou-noir\/\",\"url\":\"https:\/\/gap47.astrosurf.com\/index.php\/etoile-a-neutrons-et-trou-noir\/\",\"name\":\"Etoile \u00e0 neutrons et trou noir - L&#039;observatoire est ouvert aux visiteurs tous les vendredis soirs \u00e0 21 heures, jusqu&#039;au 3 juillet 2026 inclus, sans r\u00e9servation.\",\"isPartOf\":{\"@id\":\"https:\/\/gap47.astrosurf.com\/#website\"},\"datePublished\":\"2019-09-03T09:54:25+00:00\",\"dateModified\":\"2019-09-03T10:00:36+00:00\",\"breadcrumb\":{\"@id\":\"https:\/\/gap47.astrosurf.com\/index.php\/etoile-a-neutrons-et-trou-noir\/#breadcrumb\"},\"inLanguage\":\"fr-FR\",\"potentialAction\":[{\"@type\":\"ReadAction\",\"target\":[\"https:\/\/gap47.astrosurf.com\/index.php\/etoile-a-neutrons-et-trou-noir\/\"]}]},{\"@type\":\"BreadcrumbList\",\"@id\":\"https:\/\/gap47.astrosurf.com\/index.php\/etoile-a-neutrons-et-trou-noir\/#breadcrumb\",\"itemListElement\":[{\"@type\":\"ListItem\",\"position\":1,\"name\":\"Accueil\",\"item\":\"https:\/\/gap47.astrosurf.com\/\"},{\"@type\":\"ListItem\",\"position\":2,\"name\":\"Etoile \u00e0 neutrons et trou noir\"}]},{\"@type\":\"WebSite\",\"@id\":\"https:\/\/gap47.astrosurf.com\/#website\",\"url\":\"https:\/\/gap47.astrosurf.com\/\",\"name\":\"De janvier \u00e0 fin juin 2024, le GAP47 sera ouvert aux visiteurs tous les vendredis \u00e0 21h sans r\u00e9servation, \u00e0 l'exception du vendredi 26 janvier o\u00f9 l'observatoire sera ferm\u00e9 au public.\",\"description\":\"Groupe d&#039;Astronomie Populaire du Lot-et-Garonne, \u00e0 Montayral\",\"potentialAction\":[{\"@type\":\"SearchAction\",\"target\":{\"@type\":\"EntryPoint\",\"urlTemplate\":\"https:\/\/gap47.astrosurf.com\/?s={search_term_string}\"},\"query-input\":{\"@type\":\"PropertyValueSpecification\",\"valueRequired\":true,\"valueName\":\"search_term_string\"}}],\"inLanguage\":\"fr-FR\"}]}<\/script>\n<!-- \/ Yoast SEO plugin. -->","yoast_head_json":{"title":"Etoile \u00e0 neutrons et trou noir - L&#039;observatoire est ouvert aux visiteurs tous les vendredis soirs \u00e0 21 heures, jusqu&#039;au 3 juillet 2026 inclus, sans r\u00e9servation.","robots":{"index":"index","follow":"follow","max-snippet":"max-snippet:-1","max-image-preview":"max-image-preview:large","max-video-preview":"max-video-preview:-1"},"canonical":"https:\/\/gap47.astrosurf.com\/index.php\/etoile-a-neutrons-et-trou-noir\/","og_locale":"fr_FR","og_type":"article","og_title":"Etoile \u00e0 neutrons et trou noir - L&#039;observatoire est ouvert aux visiteurs tous les vendredis soirs \u00e0 21 heures, jusqu&#039;au 3 juillet 2026 inclus, sans r\u00e9servation.","og_description":"\u00c9toile \u00e0 neutrons d\u00e9truite par un trou noir ? Qu\u2019est-ce qui a cr\u00e9\u00e9 cette explosion inhabituelle&nbsp;? Il y a trois semaines, les d\u00e9tecteurs d\u2019ondes gravitationnelles aux \u00c9tats-Unis et en Europe (les d\u00e9tecteurs LIGO et VIRGO) ont per\u00e7u un \u00e9clat de radiations gravitationnelles qui \u00e9tait d\u2019un type connu quand un trou noir d\u00e9truit une \u00e9toile \u00e0 &hellip; Continuer la lecture de &laquo;&nbsp;Etoile \u00e0 neutrons et trou noir&nbsp;&raquo;","og_url":"https:\/\/gap47.astrosurf.com\/index.php\/etoile-a-neutrons-et-trou-noir\/","og_site_name":"L&#039;observatoire est ouvert aux visiteurs tous les vendredis soirs \u00e0 21 heures, jusqu&#039;au 3 juillet 2026 inclus, sans r\u00e9servation.","article_publisher":"https:\/\/www.facebook.com\/astrogap47\/","article_modified_time":"2019-09-03T10:00:36+00:00","twitter_card":"summary_large_image","twitter_misc":{"Dur\u00e9e de lecture estim\u00e9e":"2 minutes"},"schema":{"@context":"https:\/\/schema.org","@graph":[{"@type":"WebPage","@id":"https:\/\/gap47.astrosurf.com\/index.php\/etoile-a-neutrons-et-trou-noir\/","url":"https:\/\/gap47.astrosurf.com\/index.php\/etoile-a-neutrons-et-trou-noir\/","name":"Etoile \u00e0 neutrons et trou noir - L&#039;observatoire est ouvert aux visiteurs tous les vendredis soirs \u00e0 21 heures, jusqu&#039;au 3 juillet 2026 inclus, sans r\u00e9servation.","isPartOf":{"@id":"https:\/\/gap47.astrosurf.com\/#website"},"datePublished":"2019-09-03T09:54:25+00:00","dateModified":"2019-09-03T10:00:36+00:00","breadcrumb":{"@id":"https:\/\/gap47.astrosurf.com\/index.php\/etoile-a-neutrons-et-trou-noir\/#breadcrumb"},"inLanguage":"fr-FR","potentialAction":[{"@type":"ReadAction","target":["https:\/\/gap47.astrosurf.com\/index.php\/etoile-a-neutrons-et-trou-noir\/"]}]},{"@type":"BreadcrumbList","@id":"https:\/\/gap47.astrosurf.com\/index.php\/etoile-a-neutrons-et-trou-noir\/#breadcrumb","itemListElement":[{"@type":"ListItem","position":1,"name":"Accueil","item":"https:\/\/gap47.astrosurf.com\/"},{"@type":"ListItem","position":2,"name":"Etoile \u00e0 neutrons et trou noir"}]},{"@type":"WebSite","@id":"https:\/\/gap47.astrosurf.com\/#website","url":"https:\/\/gap47.astrosurf.com\/","name":"De janvier \u00e0 fin juin 2024, le GAP47 sera ouvert aux visiteurs tous les vendredis \u00e0 21h sans r\u00e9servation, \u00e0 l'exception du vendredi 26 janvier o\u00f9 l'observatoire sera ferm\u00e9 au public.","description":"Groupe d&#039;Astronomie Populaire du Lot-et-Garonne, \u00e0 Montayral","potentialAction":[{"@type":"SearchAction","target":{"@type":"EntryPoint","urlTemplate":"https:\/\/gap47.astrosurf.com\/?s={search_term_string}"},"query-input":{"@type":"PropertyValueSpecification","valueRequired":true,"valueName":"search_term_string"}}],"inLanguage":"fr-FR"}]}},"_links":{"self":[{"href":"https:\/\/gap47.astrosurf.com\/index.php\/wp-json\/wp\/v2\/pages\/8744","targetHints":{"allow":["GET"]}}],"collection":[{"href":"https:\/\/gap47.astrosurf.com\/index.php\/wp-json\/wp\/v2\/pages"}],"about":[{"href":"https:\/\/gap47.astrosurf.com\/index.php\/wp-json\/wp\/v2\/types\/page"}],"author":[{"embeddable":true,"href":"https:\/\/gap47.astrosurf.com\/index.php\/wp-json\/wp\/v2\/users\/5"}],"replies":[{"embeddable":true,"href":"https:\/\/gap47.astrosurf.com\/index.php\/wp-json\/wp\/v2\/comments?post=8744"}],"version-history":[{"count":4,"href":"https:\/\/gap47.astrosurf.com\/index.php\/wp-json\/wp\/v2\/pages\/8744\/revisions"}],"predecessor-version":[{"id":8749,"href":"https:\/\/gap47.astrosurf.com\/index.php\/wp-json\/wp\/v2\/pages\/8744\/revisions\/8749"}],"wp:attachment":[{"href":"https:\/\/gap47.astrosurf.com\/index.php\/wp-json\/wp\/v2\/media?parent=8744"}],"curies":[{"name":"wp","href":"https:\/\/api.w.org\/{rel}","templated":true}]}}