 {"id":8681,"date":"2019-08-12T18:09:55","date_gmt":"2019-08-12T16:09:55","guid":{"rendered":"http:\/\/gap47.astrosurf.com\/?page_id=8681"},"modified":"2019-08-12T18:22:43","modified_gmt":"2019-08-12T16:22:43","slug":"compagnon-67p-c-g","status":"publish","type":"page","link":"https:\/\/gap47.astrosurf.com\/index.php\/compagnon-67p-c-g\/","title":{"rendered":"Compagnon 67P\/C-G"},"content":{"rendered":"<p><a href=\"http:\/\/gap47.astrosurf.com\/wp-content\/uploads\/2019\/08\/An_unexpected_companion.jpg\"><img loading=\"lazy\" decoding=\"async\" class=\"aligncenter wp-image-8684 size-full\" src=\"http:\/\/gap47.astrosurf.com\/wp-content\/uploads\/2019\/08\/An_unexpected_companion.jpg\" alt=\"\" width=\"1079\" height=\"990\" srcset=\"https:\/\/gap47.astrosurf.com\/wp-content\/uploads\/2019\/08\/An_unexpected_companion.jpg 1079w, https:\/\/gap47.astrosurf.com\/wp-content\/uploads\/2019\/08\/An_unexpected_companion-300x275.jpg 300w, https:\/\/gap47.astrosurf.com\/wp-content\/uploads\/2019\/08\/An_unexpected_companion-768x705.jpg 768w\" sizes=\"auto, (max-width: 767px) 89vw, (max-width: 1000px) 54vw, (max-width: 1071px) 543px, 580px\" \/><\/a><\/p>\n<p><span style=\"font-family: 'times new roman', times, serif; font-size: 20px;\">Il y a 5 ans la semaine derni\u00e8re la sonde Rosetta de l\u2019ESA arrivait sur sa cible, une com\u00e8te appel\u00e9e 67P\/Churyumov-Gerasimenko (ou 67P\/C-G), ou famili\u00e8rement \u00ab&nbsp;Tchouri&nbsp;\u00bb.&nbsp;Demain, le 13 ao\u00fbt, cela fera 4 ans que la com\u00e8te, escort\u00e9e par Rosetta atteignait son p\u00e9rih\u00e9lie, le point de son orbite le plus proche du Soleil. Cette image, a \u00e9t\u00e9 prise par Rosetta quelques mois apr\u00e8s le passage au p\u00e9rih\u00e9lie, quand l\u2019activit\u00e9 de la com\u00e8te \u00e9tait encore tr\u00e8s intense, montre le noyau de la com\u00e8te, dot\u00e9 d\u2019un compagnon inattendu, un morceau de d\u00e9bris orbitant autour de la com\u00e8te (point encercl\u00e9).<\/span><\/p>\n<p><span style=\"font-family: 'times new roman', times, serif; font-size: 20px;\">La com\u00e8te 67P\/C-G est un objet sale, poussi\u00e9reux. Lors de son plus proche passage autour du Soleil, entre juillet et ao\u00fbt 2015, les instruments de Rosetta ont enregistr\u00e9 une \u00e9norme quantit\u00e9 de poussi\u00e8re enveloppant la com\u00e8te. Ceci \u00e9tait d\u00fb \u00e0 la proximit\u00e9 de la com\u00e8te avec notre \u00e9toile, la chaleur de cette derni\u00e8re provoquant des rejets de gaz depuis le noyau de la com\u00e8te dans l\u2019espace, en soulevant de la poussi\u00e8re. Des jets spectaculaires avaient \u00e9t\u00e9 observ\u00e9s, envoyant dans l\u2019espace encore plus de poussi\u00e8re de la com\u00e8te. Ces mat\u00e9riaux \u00e9taient \u00e9ject\u00e9s depuis la <strong>coiffe<\/strong>, ou <strong>coma<\/strong> (l\u2019enveloppe gazeuse qui entoure le noyau de la com\u00e8te), qui peuvent cr\u00e9er une belle et distinctive queue.<\/span><\/p>\n<p><span style=\"font-family: 'times new roman', times, serif; font-size: 20px;\">Une simple et unique photo prise par Osiris, instrument de Rosetta, peut contenir des centaines de particules de poussi\u00e8re et de petits d\u00e9bris entourant le noyau de cette com\u00e8te de 4 km de large. Parfois, de plus gros d\u00e9bris ont quitt\u00e9 la surface de 67P\/C-G \u2013 comme on le voit ici.<\/span><\/p>\n<p><span style=\"font-family: 'times new roman', times, serif; font-size: 20px;\">Le morceau assez important a \u00e9t\u00e9 rep\u00e9r\u00e9 il y a quelques mois par l\u2019astrophotographe espagnol Jacint Roger, qui \u00e9tudiait les archives de Rosetta et avait trait\u00e9 certaines donn\u00e9es et a publi\u00e9 les images sur Twitter sous forme d\u2019un fichier Gif anim\u00e9. Il a d\u00e9cel\u00e9 cet objet orbitant autour de la com\u00e8te dans une sequence de photos prise par la cam\u00e9ra \u00e0 angle \u00e9troit OSIRIS le 21 octobre 2015. A ce moment, Rosetta \u00e9tait \u00e9loign\u00e9e, \u00e0 400 km du noyau de la com\u00e8te. La s\u00e9quence anim\u00e9e peut \u00eatre vue \u00e0 la fin de ce document.<\/span><\/p>\n<p><span style=\"font-family: 'times new roman', times, serif; font-size: 20px;\">http:\/\/www.esa.int\/spaceinimages\/Images\/2019\/08\/Comet_and_Churymoon<\/span><\/p>\n<p><span style=\"font-family: 'times new roman', times, serif; font-size: 20px;\">Les scientifiques de l\u2019ESA et de l\u2019\u00e9quipe de l\u2019instrument OSIRIS sont en train d\u2019examiner en detail ce d\u00e9bris de com\u00e8te. Surnomm\u00e9 \u00ab&nbsp;Churymoon&nbsp;\u00bb (une lune de Tchouri) par la chercheuse Julia Mar\u00edn-Yaseli de la Parra, ce morceau semble avoir un diam\u00e8tre l\u00e9g\u00e8rement inf\u00e9rieur \u00e0 4 m\u00e8tres.<\/span><\/p>\n<p><span style=\"font-family: 'times new roman', times, serif; font-size: 20px;\">Une mod\u00e9lisation des images de Rosetta montre que cet objet a pass\u00e9 les 12 premi\u00e8res heures apr\u00e8s son \u00e9jection sur un chemin orbital autour de 67P\/C-G \u00e0 une distance se situant entre 2,4 et 3,9 km du centre de la com\u00e8te.<\/span><\/p>\n<p><span style=\"font-family: 'times new roman', times, serif; font-size: 20px;\">Apr\u00e8s cela, le morceau a travers\u00e9 une portion de la coma, qui appara\u00eet tr\u00e8s brillante sur les images, ce qui rend difficile le suivi pr\u00e9cis de son passage. Toutefois, des observations ult\u00e9rieures sur l\u2019autre c\u00f4t\u00e9 de la coma confirment une d\u00e9tection coh\u00e9rente sur l\u2019orbite du d\u00e9bris, donnant une indication sur son mouvement autour de la com\u00e8te jusqu\u2019au 23 octobre 2015.<\/span><\/p>\n<p><span style=\"font-family: 'times new roman', times, serif; font-size: 20px;\">Les scientifiques ont \u00e9tudi\u00e9 et suivi les d\u00e9bris autour de 67P\/C-G depuis l\u2019arriv\u00e9e de Rosetta en 2014. L\u2019objet montr\u00e9 ici est probablement le plus grand qui ait \u00e9t\u00e9 d\u00e9tect\u00e9 autour de la com\u00e8te, et fera l\u2019objet d\u2019\u00e9tudes compl\u00e9mentaires.<\/span><\/p>\n<p><span style=\"font-family: 'times new roman', times, serif; font-size: 20px;\">La com\u00e8te 67P\/C-G est actuellement dans le syst\u00e8me solaire \u201cexterne\u201d, entre les orbites de Mars et de Jupiter. Son prochain p\u00e9rih\u00e9lie aura lieu fin 2021.<\/span><\/p>\n<p style=\"text-align: right;\"><em><span style=\"font-family: 'times new roman', times, serif; font-size: 20px;\">Traduction&nbsp;: Olivier Sabbagh<\/span><\/em><\/p>\n<p>&nbsp;<\/p>\n<p><strong><span style=\"font-family: arial, helvetica, sans-serif; font-size: 20px;\">NDT&nbsp;: La sonde Rosetta a termin\u00e9 son p\u00e9riple en allant se poser (ou s\u2019\u00e9craser) sur la com\u00e8te 67P\/C-G le 30 septembre 2016. Les donn\u00e9es trait\u00e9es et mentionn\u00e9es dans ce document font donc partie des \u00ab&nbsp;Archives&nbsp;\u00bb de la mission Rosetta et non pas des observations r\u00e9centes, qu\u2019elle ne peut plus faire&nbsp;!<\/span><\/strong><\/p>\n<p><a href=\"http:\/\/gap47.astrosurf.com\/wp-content\/uploads\/2019\/08\/Comet_and_Churymoon.gif\"><img loading=\"lazy\" decoding=\"async\" class=\"aligncenter wp-image-8685 size-full\" src=\"http:\/\/gap47.astrosurf.com\/wp-content\/uploads\/2019\/08\/Comet_and_Churymoon.gif\" alt=\"\" width=\"1079\" height=\"990\"><\/a><\/p>\n<p style=\"text-align: center;\"><span style=\"font-family: 'times new roman', times, serif; font-size: 14px;\">Copyright : ESA\/Rosetta\/MPS\/OSIRIS\/UPD\/LAM\/IAA\/SSO\/INTA\/UPM\/DASP\/IDA\/J. Roger (CC BY-SA 4.0)<\/span><\/p>\n<hr>\n<p>&nbsp;<\/p>\n","protected":false},"excerpt":{"rendered":"<p>Il y a 5 ans la semaine derni\u00e8re la sonde Rosetta de l\u2019ESA arrivait sur sa cible, une com\u00e8te appel\u00e9e 67P\/Churyumov-Gerasimenko (ou 67P\/C-G), ou famili\u00e8rement \u00ab&nbsp;Tchouri&nbsp;\u00bb.&nbsp;Demain, le 13 ao\u00fbt, cela fera 4 ans que la com\u00e8te, escort\u00e9e par Rosetta atteignait son p\u00e9rih\u00e9lie, le point de son orbite le plus proche du Soleil. Cette image, a &hellip; <\/p>\n<p class=\"link-more\"><a href=\"https:\/\/gap47.astrosurf.com\/index.php\/compagnon-67p-c-g\/\" class=\"more-link\">Continuer la lecture<span class=\"screen-reader-text\"> de &laquo;&nbsp;Compagnon 67P\/C-G&nbsp;&raquo;<\/span><\/a><\/p>\n","protected":false},"author":5,"featured_media":0,"parent":0,"menu_order":0,"comment_status":"closed","ping_status":"closed","template":"","meta":{"_exactmetrics_skip_tracking":false,"_exactmetrics_sitenote_active":false,"_exactmetrics_sitenote_note":"","_exactmetrics_sitenote_category":0,"ngg_post_thumbnail":0,"footnotes":""},"class_list":["post-8681","page","type-page","status-publish","hentry"],"yoast_head":"<!-- This site is optimized with the Yoast SEO plugin v24.8.1 - https:\/\/yoast.com\/wordpress\/plugins\/seo\/ -->\n<title>Compagnon 67P\/C-G - L&#039;observatoire est ouvert aux visiteurs tous les vendredis soirs \u00e0 21 heures, jusqu&#039;au 3 juillet 2026 inclus, sans r\u00e9servation.<\/title>\n<meta name=\"robots\" content=\"index, follow, max-snippet:-1, max-image-preview:large, max-video-preview:-1\" \/>\n<link rel=\"canonical\" href=\"https:\/\/gap47.astrosurf.com\/index.php\/compagnon-67p-c-g\/\" \/>\n<meta property=\"og:locale\" content=\"fr_FR\" \/>\n<meta property=\"og:type\" content=\"article\" \/>\n<meta property=\"og:title\" content=\"Compagnon 67P\/C-G - L&#039;observatoire est ouvert aux visiteurs tous les vendredis soirs \u00e0 21 heures, jusqu&#039;au 3 juillet 2026 inclus, sans r\u00e9servation.\" \/>\n<meta property=\"og:description\" content=\"Il y a 5 ans la semaine derni\u00e8re la sonde Rosetta de l\u2019ESA arrivait sur sa cible, une com\u00e8te appel\u00e9e 67P\/Churyumov-Gerasimenko (ou 67P\/C-G), ou famili\u00e8rement \u00ab&nbsp;Tchouri&nbsp;\u00bb.&nbsp;Demain, le 13 ao\u00fbt, cela fera 4 ans que la com\u00e8te, escort\u00e9e par Rosetta atteignait son p\u00e9rih\u00e9lie, le point de son orbite le plus proche du Soleil. Cette image, a &hellip; Continuer la lecture de &laquo;&nbsp;Compagnon 67P\/C-G&nbsp;&raquo;\" \/>\n<meta property=\"og:url\" content=\"https:\/\/gap47.astrosurf.com\/index.php\/compagnon-67p-c-g\/\" \/>\n<meta property=\"og:site_name\" content=\"L&#039;observatoire est ouvert aux visiteurs tous les vendredis soirs \u00e0 21 heures, jusqu&#039;au 3 juillet 2026 inclus, sans r\u00e9servation.\" \/>\n<meta property=\"article:publisher\" content=\"https:\/\/www.facebook.com\/astrogap47\/\" \/>\n<meta property=\"article:modified_time\" content=\"2019-08-12T16:22:43+00:00\" \/>\n<meta property=\"og:image\" content=\"http:\/\/gap47.astrosurf.com\/wp-content\/uploads\/2019\/08\/An_unexpected_companion.jpg\" \/>\n<meta name=\"twitter:card\" content=\"summary_large_image\" \/>\n<meta name=\"twitter:label1\" content=\"Dur\u00e9e de lecture estim\u00e9e\" \/>\n\t<meta name=\"twitter:data1\" content=\"4 minutes\" \/>\n<script type=\"application\/ld+json\" class=\"yoast-schema-graph\">{\"@context\":\"https:\/\/schema.org\",\"@graph\":[{\"@type\":\"WebPage\",\"@id\":\"https:\/\/gap47.astrosurf.com\/index.php\/compagnon-67p-c-g\/\",\"url\":\"https:\/\/gap47.astrosurf.com\/index.php\/compagnon-67p-c-g\/\",\"name\":\"Compagnon 67P\/C-G - L&#039;observatoire est ouvert aux visiteurs tous les vendredis soirs \u00e0 21 heures, jusqu&#039;au 3 juillet 2026 inclus, sans r\u00e9servation.\",\"isPartOf\":{\"@id\":\"https:\/\/gap47.astrosurf.com\/#website\"},\"primaryImageOfPage\":{\"@id\":\"https:\/\/gap47.astrosurf.com\/index.php\/compagnon-67p-c-g\/#primaryimage\"},\"image\":{\"@id\":\"https:\/\/gap47.astrosurf.com\/index.php\/compagnon-67p-c-g\/#primaryimage\"},\"thumbnailUrl\":\"http:\/\/gap47.astrosurf.com\/wp-content\/uploads\/2019\/08\/An_unexpected_companion.jpg\",\"datePublished\":\"2019-08-12T16:09:55+00:00\",\"dateModified\":\"2019-08-12T16:22:43+00:00\",\"breadcrumb\":{\"@id\":\"https:\/\/gap47.astrosurf.com\/index.php\/compagnon-67p-c-g\/#breadcrumb\"},\"inLanguage\":\"fr-FR\",\"potentialAction\":[{\"@type\":\"ReadAction\",\"target\":[\"https:\/\/gap47.astrosurf.com\/index.php\/compagnon-67p-c-g\/\"]}]},{\"@type\":\"ImageObject\",\"inLanguage\":\"fr-FR\",\"@id\":\"https:\/\/gap47.astrosurf.com\/index.php\/compagnon-67p-c-g\/#primaryimage\",\"url\":\"http:\/\/gap47.astrosurf.com\/wp-content\/uploads\/2019\/08\/An_unexpected_companion.jpg\",\"contentUrl\":\"http:\/\/gap47.astrosurf.com\/wp-content\/uploads\/2019\/08\/An_unexpected_companion.jpg\"},{\"@type\":\"BreadcrumbList\",\"@id\":\"https:\/\/gap47.astrosurf.com\/index.php\/compagnon-67p-c-g\/#breadcrumb\",\"itemListElement\":[{\"@type\":\"ListItem\",\"position\":1,\"name\":\"Accueil\",\"item\":\"https:\/\/gap47.astrosurf.com\/\"},{\"@type\":\"ListItem\",\"position\":2,\"name\":\"Compagnon 67P\/C-G\"}]},{\"@type\":\"WebSite\",\"@id\":\"https:\/\/gap47.astrosurf.com\/#website\",\"url\":\"https:\/\/gap47.astrosurf.com\/\",\"name\":\"De janvier \u00e0 fin juin 2024, le GAP47 sera ouvert aux visiteurs tous les vendredis \u00e0 21h sans r\u00e9servation, \u00e0 l'exception du vendredi 26 janvier o\u00f9 l'observatoire sera ferm\u00e9 au public.\",\"description\":\"Groupe d&#039;Astronomie Populaire du Lot-et-Garonne, \u00e0 Montayral\",\"potentialAction\":[{\"@type\":\"SearchAction\",\"target\":{\"@type\":\"EntryPoint\",\"urlTemplate\":\"https:\/\/gap47.astrosurf.com\/?s={search_term_string}\"},\"query-input\":{\"@type\":\"PropertyValueSpecification\",\"valueRequired\":true,\"valueName\":\"search_term_string\"}}],\"inLanguage\":\"fr-FR\"}]}<\/script>\n<!-- \/ Yoast SEO plugin. -->","yoast_head_json":{"title":"Compagnon 67P\/C-G - L&#039;observatoire est ouvert aux visiteurs tous les vendredis soirs \u00e0 21 heures, jusqu&#039;au 3 juillet 2026 inclus, sans r\u00e9servation.","robots":{"index":"index","follow":"follow","max-snippet":"max-snippet:-1","max-image-preview":"max-image-preview:large","max-video-preview":"max-video-preview:-1"},"canonical":"https:\/\/gap47.astrosurf.com\/index.php\/compagnon-67p-c-g\/","og_locale":"fr_FR","og_type":"article","og_title":"Compagnon 67P\/C-G - L&#039;observatoire est ouvert aux visiteurs tous les vendredis soirs \u00e0 21 heures, jusqu&#039;au 3 juillet 2026 inclus, sans r\u00e9servation.","og_description":"Il y a 5 ans la semaine derni\u00e8re la sonde Rosetta de l\u2019ESA arrivait sur sa cible, une com\u00e8te appel\u00e9e 67P\/Churyumov-Gerasimenko (ou 67P\/C-G), ou famili\u00e8rement \u00ab&nbsp;Tchouri&nbsp;\u00bb.&nbsp;Demain, le 13 ao\u00fbt, cela fera 4 ans que la com\u00e8te, escort\u00e9e par Rosetta atteignait son p\u00e9rih\u00e9lie, le point de son orbite le plus proche du Soleil. Cette image, a &hellip; Continuer la lecture de &laquo;&nbsp;Compagnon 67P\/C-G&nbsp;&raquo;","og_url":"https:\/\/gap47.astrosurf.com\/index.php\/compagnon-67p-c-g\/","og_site_name":"L&#039;observatoire est ouvert aux visiteurs tous les vendredis soirs \u00e0 21 heures, jusqu&#039;au 3 juillet 2026 inclus, sans r\u00e9servation.","article_publisher":"https:\/\/www.facebook.com\/astrogap47\/","article_modified_time":"2019-08-12T16:22:43+00:00","og_image":[{"url":"http:\/\/gap47.astrosurf.com\/wp-content\/uploads\/2019\/08\/An_unexpected_companion.jpg","type":"","width":"","height":""}],"twitter_card":"summary_large_image","twitter_misc":{"Dur\u00e9e de lecture estim\u00e9e":"4 minutes"},"schema":{"@context":"https:\/\/schema.org","@graph":[{"@type":"WebPage","@id":"https:\/\/gap47.astrosurf.com\/index.php\/compagnon-67p-c-g\/","url":"https:\/\/gap47.astrosurf.com\/index.php\/compagnon-67p-c-g\/","name":"Compagnon 67P\/C-G - L&#039;observatoire est ouvert aux visiteurs tous les vendredis soirs \u00e0 21 heures, jusqu&#039;au 3 juillet 2026 inclus, sans r\u00e9servation.","isPartOf":{"@id":"https:\/\/gap47.astrosurf.com\/#website"},"primaryImageOfPage":{"@id":"https:\/\/gap47.astrosurf.com\/index.php\/compagnon-67p-c-g\/#primaryimage"},"image":{"@id":"https:\/\/gap47.astrosurf.com\/index.php\/compagnon-67p-c-g\/#primaryimage"},"thumbnailUrl":"http:\/\/gap47.astrosurf.com\/wp-content\/uploads\/2019\/08\/An_unexpected_companion.jpg","datePublished":"2019-08-12T16:09:55+00:00","dateModified":"2019-08-12T16:22:43+00:00","breadcrumb":{"@id":"https:\/\/gap47.astrosurf.com\/index.php\/compagnon-67p-c-g\/#breadcrumb"},"inLanguage":"fr-FR","potentialAction":[{"@type":"ReadAction","target":["https:\/\/gap47.astrosurf.com\/index.php\/compagnon-67p-c-g\/"]}]},{"@type":"ImageObject","inLanguage":"fr-FR","@id":"https:\/\/gap47.astrosurf.com\/index.php\/compagnon-67p-c-g\/#primaryimage","url":"http:\/\/gap47.astrosurf.com\/wp-content\/uploads\/2019\/08\/An_unexpected_companion.jpg","contentUrl":"http:\/\/gap47.astrosurf.com\/wp-content\/uploads\/2019\/08\/An_unexpected_companion.jpg"},{"@type":"BreadcrumbList","@id":"https:\/\/gap47.astrosurf.com\/index.php\/compagnon-67p-c-g\/#breadcrumb","itemListElement":[{"@type":"ListItem","position":1,"name":"Accueil","item":"https:\/\/gap47.astrosurf.com\/"},{"@type":"ListItem","position":2,"name":"Compagnon 67P\/C-G"}]},{"@type":"WebSite","@id":"https:\/\/gap47.astrosurf.com\/#website","url":"https:\/\/gap47.astrosurf.com\/","name":"De janvier \u00e0 fin juin 2024, le GAP47 sera ouvert aux visiteurs tous les vendredis \u00e0 21h sans r\u00e9servation, \u00e0 l'exception du vendredi 26 janvier o\u00f9 l'observatoire sera ferm\u00e9 au public.","description":"Groupe d&#039;Astronomie Populaire du Lot-et-Garonne, \u00e0 Montayral","potentialAction":[{"@type":"SearchAction","target":{"@type":"EntryPoint","urlTemplate":"https:\/\/gap47.astrosurf.com\/?s={search_term_string}"},"query-input":{"@type":"PropertyValueSpecification","valueRequired":true,"valueName":"search_term_string"}}],"inLanguage":"fr-FR"}]}},"_links":{"self":[{"href":"https:\/\/gap47.astrosurf.com\/index.php\/wp-json\/wp\/v2\/pages\/8681","targetHints":{"allow":["GET"]}}],"collection":[{"href":"https:\/\/gap47.astrosurf.com\/index.php\/wp-json\/wp\/v2\/pages"}],"about":[{"href":"https:\/\/gap47.astrosurf.com\/index.php\/wp-json\/wp\/v2\/types\/page"}],"author":[{"embeddable":true,"href":"https:\/\/gap47.astrosurf.com\/index.php\/wp-json\/wp\/v2\/users\/5"}],"replies":[{"embeddable":true,"href":"https:\/\/gap47.astrosurf.com\/index.php\/wp-json\/wp\/v2\/comments?post=8681"}],"version-history":[{"count":7,"href":"https:\/\/gap47.astrosurf.com\/index.php\/wp-json\/wp\/v2\/pages\/8681\/revisions"}],"predecessor-version":[{"id":8691,"href":"https:\/\/gap47.astrosurf.com\/index.php\/wp-json\/wp\/v2\/pages\/8681\/revisions\/8691"}],"wp:attachment":[{"href":"https:\/\/gap47.astrosurf.com\/index.php\/wp-json\/wp\/v2\/media?parent=8681"}],"curies":[{"name":"wp","href":"https:\/\/api.w.org\/{rel}","templated":true}]}}