 {"id":8582,"date":"2019-05-20T19:50:35","date_gmt":"2019-05-20T17:50:35","guid":{"rendered":"http:\/\/gap47.astrosurf.com\/?page_id=8582"},"modified":"2019-05-20T20:05:28","modified_gmt":"2019-05-20T18:05:28","slug":"univers-en-un-an-en-video","status":"publish","type":"page","link":"https:\/\/gap47.astrosurf.com\/index.php\/univers-en-un-an-en-video\/","title":{"rendered":"Univers en un an en vid\u00e9o"},"content":{"rendered":"<p><strong><span style=\"font-family: 'times new roman', times, serif; font-size: 20px;\">Le calendrier cosmique : L&rsquo;histoire de l&rsquo;Univers en un an, d&rsquo;apr\u00e8s le mod\u00e8le de Carl Sagan, en vid\u00e9o : cliquez sur l&rsquo;image ci-dessous&nbsp; \u2193<\/span><\/strong><\/p>\n<p><a href=\"https:\/\/www.youtube.com\/watch?v=_p1YSNa1Tdw&amp;feature=share\" target=\"_blank\" rel=\"noopener noreferrer\"><img loading=\"lazy\" decoding=\"async\" class=\"aligncenter wp-image-8585 size-full\" src=\"http:\/\/gap47.astrosurf.com\/wp-content\/uploads\/2019\/05\/Le-Calendrier-Cosmique.png\" alt=\"\" width=\"1282\" height=\"718\" srcset=\"https:\/\/gap47.astrosurf.com\/wp-content\/uploads\/2019\/05\/Le-Calendrier-Cosmique.png 1282w, https:\/\/gap47.astrosurf.com\/wp-content\/uploads\/2019\/05\/Le-Calendrier-Cosmique-300x168.png 300w, https:\/\/gap47.astrosurf.com\/wp-content\/uploads\/2019\/05\/Le-Calendrier-Cosmique-768x430.png 768w\" sizes=\"auto, (max-width: 767px) 89vw, (max-width: 1000px) 54vw, (max-width: 1071px) 543px, 580px\" \/><\/a><\/p>\n<hr>\n<p>&nbsp;<\/p>\n","protected":false},"excerpt":{"rendered":"<p>Le calendrier cosmique : L&rsquo;histoire de l&rsquo;Univers en un an, d&rsquo;apr\u00e8s le mod\u00e8le de Carl Sagan, en vid\u00e9o : cliquez sur l&rsquo;image ci-dessous&nbsp; \u2193 &nbsp;<\/p>\n","protected":false},"author":5,"featured_media":0,"parent":0,"menu_order":0,"comment_status":"closed","ping_status":"closed","template":"","meta":{"_exactmetrics_skip_tracking":false,"_exactmetrics_sitenote_active":false,"_exactmetrics_sitenote_note":"","_exactmetrics_sitenote_category":0,"ngg_post_thumbnail":0,"footnotes":""},"class_list":["post-8582","page","type-page","status-publish","hentry"],"yoast_head":"<!-- This site is optimized with the Yoast SEO plugin v24.8.1 - https:\/\/yoast.com\/wordpress\/plugins\/seo\/ -->\n<title>Univers en un an en vid\u00e9o - L&#039;observatoire est ouvert aux visiteurs tous les vendredis soirs \u00e0 21 heures, jusqu&#039;au 3 juillet 2026 inclus, sans r\u00e9servation.<\/title>\n<meta name=\"robots\" content=\"index, follow, max-snippet:-1, max-image-preview:large, max-video-preview:-1\" \/>\n<link rel=\"canonical\" href=\"https:\/\/gap47.astrosurf.com\/index.php\/univers-en-un-an-en-video\/\" \/>\n<meta property=\"og:locale\" content=\"fr_FR\" \/>\n<meta property=\"og:type\" content=\"article\" \/>\n<meta property=\"og:title\" content=\"Univers en un an en vid\u00e9o - L&#039;observatoire est ouvert aux visiteurs tous les vendredis soirs \u00e0 21 heures, jusqu&#039;au 3 juillet 2026 inclus, sans r\u00e9servation.\" \/>\n<meta property=\"og:description\" content=\"Le calendrier cosmique : L&rsquo;histoire de l&rsquo;Univers en un an, d&rsquo;apr\u00e8s le mod\u00e8le de Carl Sagan, en vid\u00e9o : cliquez sur l&rsquo;image ci-dessous&nbsp; \u2193 &nbsp;\" \/>\n<meta property=\"og:url\" content=\"https:\/\/gap47.astrosurf.com\/index.php\/univers-en-un-an-en-video\/\" \/>\n<meta property=\"og:site_name\" content=\"L&#039;observatoire est ouvert aux visiteurs tous les vendredis soirs \u00e0 21 heures, jusqu&#039;au 3 juillet 2026 inclus, sans r\u00e9servation.\" \/>\n<meta property=\"article:publisher\" content=\"https:\/\/www.facebook.com\/astrogap47\/\" \/>\n<meta property=\"article:modified_time\" content=\"2019-05-20T18:05:28+00:00\" \/>\n<meta property=\"og:image\" content=\"http:\/\/gap47.astrosurf.com\/wp-content\/uploads\/2019\/05\/Le-Calendrier-Cosmique.png\" \/>\n<meta name=\"twitter:card\" content=\"summary_large_image\" \/>\n<script type=\"application\/ld+json\" class=\"yoast-schema-graph\">{\"@context\":\"https:\/\/schema.org\",\"@graph\":[{\"@type\":\"WebPage\",\"@id\":\"https:\/\/gap47.astrosurf.com\/index.php\/univers-en-un-an-en-video\/\",\"url\":\"https:\/\/gap47.astrosurf.com\/index.php\/univers-en-un-an-en-video\/\",\"name\":\"Univers en un an en vid\u00e9o - L&#039;observatoire est ouvert aux visiteurs tous les vendredis soirs \u00e0 21 heures, jusqu&#039;au 3 juillet 2026 inclus, sans r\u00e9servation.\",\"isPartOf\":{\"@id\":\"https:\/\/gap47.astrosurf.com\/#website\"},\"primaryImageOfPage\":{\"@id\":\"https:\/\/gap47.astrosurf.com\/index.php\/univers-en-un-an-en-video\/#primaryimage\"},\"image\":{\"@id\":\"https:\/\/gap47.astrosurf.com\/index.php\/univers-en-un-an-en-video\/#primaryimage\"},\"thumbnailUrl\":\"http:\/\/gap47.astrosurf.com\/wp-content\/uploads\/2019\/05\/Le-Calendrier-Cosmique.png\",\"datePublished\":\"2019-05-20T17:50:35+00:00\",\"dateModified\":\"2019-05-20T18:05:28+00:00\",\"breadcrumb\":{\"@id\":\"https:\/\/gap47.astrosurf.com\/index.php\/univers-en-un-an-en-video\/#breadcrumb\"},\"inLanguage\":\"fr-FR\",\"potentialAction\":[{\"@type\":\"ReadAction\",\"target\":[\"https:\/\/gap47.astrosurf.com\/index.php\/univers-en-un-an-en-video\/\"]}]},{\"@type\":\"ImageObject\",\"inLanguage\":\"fr-FR\",\"@id\":\"https:\/\/gap47.astrosurf.com\/index.php\/univers-en-un-an-en-video\/#primaryimage\",\"url\":\"https:\/\/gap47.astrosurf.com\/wp-content\/uploads\/2019\/05\/Le-Calendrier-Cosmique.png\",\"contentUrl\":\"https:\/\/gap47.astrosurf.com\/wp-content\/uploads\/2019\/05\/Le-Calendrier-Cosmique.png\",\"width\":1282,\"height\":718},{\"@type\":\"BreadcrumbList\",\"@id\":\"https:\/\/gap47.astrosurf.com\/index.php\/univers-en-un-an-en-video\/#breadcrumb\",\"itemListElement\":[{\"@type\":\"ListItem\",\"position\":1,\"name\":\"Accueil\",\"item\":\"https:\/\/gap47.astrosurf.com\/\"},{\"@type\":\"ListItem\",\"position\":2,\"name\":\"Univers en un an en vid\u00e9o\"}]},{\"@type\":\"WebSite\",\"@id\":\"https:\/\/gap47.astrosurf.com\/#website\",\"url\":\"https:\/\/gap47.astrosurf.com\/\",\"name\":\"De janvier \u00e0 fin juin 2024, le GAP47 sera ouvert aux visiteurs tous les vendredis \u00e0 21h sans r\u00e9servation, \u00e0 l'exception du vendredi 26 janvier o\u00f9 l'observatoire sera ferm\u00e9 au public.\",\"description\":\"Groupe d&#039;Astronomie Populaire du Lot-et-Garonne, \u00e0 Montayral\",\"potentialAction\":[{\"@type\":\"SearchAction\",\"target\":{\"@type\":\"EntryPoint\",\"urlTemplate\":\"https:\/\/gap47.astrosurf.com\/?s={search_term_string}\"},\"query-input\":{\"@type\":\"PropertyValueSpecification\",\"valueRequired\":true,\"valueName\":\"search_term_string\"}}],\"inLanguage\":\"fr-FR\"}]}<\/script>\n<!-- \/ Yoast SEO plugin. -->","yoast_head_json":{"title":"Univers en un an en vid\u00e9o - L&#039;observatoire est ouvert aux visiteurs tous les vendredis soirs \u00e0 21 heures, jusqu&#039;au 3 juillet 2026 inclus, sans r\u00e9servation.","robots":{"index":"index","follow":"follow","max-snippet":"max-snippet:-1","max-image-preview":"max-image-preview:large","max-video-preview":"max-video-preview:-1"},"canonical":"https:\/\/gap47.astrosurf.com\/index.php\/univers-en-un-an-en-video\/","og_locale":"fr_FR","og_type":"article","og_title":"Univers en un an en vid\u00e9o - L&#039;observatoire est ouvert aux visiteurs tous les vendredis soirs \u00e0 21 heures, jusqu&#039;au 3 juillet 2026 inclus, sans r\u00e9servation.","og_description":"Le calendrier cosmique : L&rsquo;histoire de l&rsquo;Univers en un an, d&rsquo;apr\u00e8s le mod\u00e8le de Carl Sagan, en vid\u00e9o : cliquez sur l&rsquo;image ci-dessous&nbsp; \u2193 &nbsp;","og_url":"https:\/\/gap47.astrosurf.com\/index.php\/univers-en-un-an-en-video\/","og_site_name":"L&#039;observatoire est ouvert aux visiteurs tous les vendredis soirs \u00e0 21 heures, jusqu&#039;au 3 juillet 2026 inclus, sans r\u00e9servation.","article_publisher":"https:\/\/www.facebook.com\/astrogap47\/","article_modified_time":"2019-05-20T18:05:28+00:00","og_image":[{"url":"http:\/\/gap47.astrosurf.com\/wp-content\/uploads\/2019\/05\/Le-Calendrier-Cosmique.png","type":"","width":"","height":""}],"twitter_card":"summary_large_image","schema":{"@context":"https:\/\/schema.org","@graph":[{"@type":"WebPage","@id":"https:\/\/gap47.astrosurf.com\/index.php\/univers-en-un-an-en-video\/","url":"https:\/\/gap47.astrosurf.com\/index.php\/univers-en-un-an-en-video\/","name":"Univers en un an en vid\u00e9o - L&#039;observatoire est ouvert aux visiteurs tous les vendredis soirs \u00e0 21 heures, jusqu&#039;au 3 juillet 2026 inclus, sans r\u00e9servation.","isPartOf":{"@id":"https:\/\/gap47.astrosurf.com\/#website"},"primaryImageOfPage":{"@id":"https:\/\/gap47.astrosurf.com\/index.php\/univers-en-un-an-en-video\/#primaryimage"},"image":{"@id":"https:\/\/gap47.astrosurf.com\/index.php\/univers-en-un-an-en-video\/#primaryimage"},"thumbnailUrl":"http:\/\/gap47.astrosurf.com\/wp-content\/uploads\/2019\/05\/Le-Calendrier-Cosmique.png","datePublished":"2019-05-20T17:50:35+00:00","dateModified":"2019-05-20T18:05:28+00:00","breadcrumb":{"@id":"https:\/\/gap47.astrosurf.com\/index.php\/univers-en-un-an-en-video\/#breadcrumb"},"inLanguage":"fr-FR","potentialAction":[{"@type":"ReadAction","target":["https:\/\/gap47.astrosurf.com\/index.php\/univers-en-un-an-en-video\/"]}]},{"@type":"ImageObject","inLanguage":"fr-FR","@id":"https:\/\/gap47.astrosurf.com\/index.php\/univers-en-un-an-en-video\/#primaryimage","url":"https:\/\/gap47.astrosurf.com\/wp-content\/uploads\/2019\/05\/Le-Calendrier-Cosmique.png","contentUrl":"https:\/\/gap47.astrosurf.com\/wp-content\/uploads\/2019\/05\/Le-Calendrier-Cosmique.png","width":1282,"height":718},{"@type":"BreadcrumbList","@id":"https:\/\/gap47.astrosurf.com\/index.php\/univers-en-un-an-en-video\/#breadcrumb","itemListElement":[{"@type":"ListItem","position":1,"name":"Accueil","item":"https:\/\/gap47.astrosurf.com\/"},{"@type":"ListItem","position":2,"name":"Univers en un an en vid\u00e9o"}]},{"@type":"WebSite","@id":"https:\/\/gap47.astrosurf.com\/#website","url":"https:\/\/gap47.astrosurf.com\/","name":"De janvier \u00e0 fin juin 2024, le GAP47 sera ouvert aux visiteurs tous les vendredis \u00e0 21h sans r\u00e9servation, \u00e0 l'exception du vendredi 26 janvier o\u00f9 l'observatoire sera ferm\u00e9 au public.","description":"Groupe d&#039;Astronomie Populaire du Lot-et-Garonne, \u00e0 Montayral","potentialAction":[{"@type":"SearchAction","target":{"@type":"EntryPoint","urlTemplate":"https:\/\/gap47.astrosurf.com\/?s={search_term_string}"},"query-input":{"@type":"PropertyValueSpecification","valueRequired":true,"valueName":"search_term_string"}}],"inLanguage":"fr-FR"}]}},"_links":{"self":[{"href":"https:\/\/gap47.astrosurf.com\/index.php\/wp-json\/wp\/v2\/pages\/8582","targetHints":{"allow":["GET"]}}],"collection":[{"href":"https:\/\/gap47.astrosurf.com\/index.php\/wp-json\/wp\/v2\/pages"}],"about":[{"href":"https:\/\/gap47.astrosurf.com\/index.php\/wp-json\/wp\/v2\/types\/page"}],"author":[{"embeddable":true,"href":"https:\/\/gap47.astrosurf.com\/index.php\/wp-json\/wp\/v2\/users\/5"}],"replies":[{"embeddable":true,"href":"https:\/\/gap47.astrosurf.com\/index.php\/wp-json\/wp\/v2\/comments?post=8582"}],"version-history":[{"count":4,"href":"https:\/\/gap47.astrosurf.com\/index.php\/wp-json\/wp\/v2\/pages\/8582\/revisions"}],"predecessor-version":[{"id":8590,"href":"https:\/\/gap47.astrosurf.com\/index.php\/wp-json\/wp\/v2\/pages\/8582\/revisions\/8590"}],"wp:attachment":[{"href":"https:\/\/gap47.astrosurf.com\/index.php\/wp-json\/wp\/v2\/media?parent=8582"}],"curies":[{"name":"wp","href":"https:\/\/api.w.org\/{rel}","templated":true}]}}