 {"id":85,"date":"2017-03-31T23:49:07","date_gmt":"2017-03-31T21:49:07","guid":{"rendered":"http:\/\/gap47.astrosurf.com\/?page_id=85"},"modified":"2017-11-30T18:39:58","modified_gmt":"2017-11-30T16:39:58","slug":"ressources","status":"publish","type":"page","link":"https:\/\/gap47.astrosurf.com\/index.php\/ressources\/","title":{"rendered":"Ressources"},"content":{"rendered":"<p><span style=\"font-size: 24px; font-family: arial,helvetica,sans-serif;\"><strong>Les ressources du GAP47 qui sont mises \u00e0 la disposition de nos visiteurs et internautes :<\/strong><\/span><\/p>\n<p><span style=\"font-size: 20px;\"><strong><span style=\"font-family: times new roman,times,serif;\">\u2022 <a href=\"http:\/\/gap47.astrosurf.com\/index.php\/ressources\/notre-parcours-systeme-solaire-2\/\">Notre parcours \u00ab\u00a0Syst\u00e8me Solaire\u00a0\u00bb.<\/a><\/span><\/strong><\/span><br \/>\n<strong>\u2022 <span style=\"font-family: times new roman, times, serif; font-size: 20px;\"><a href=\"http:\/\/gap47.astrosurf.com\/index.php\/ressources\/petit-lexique-astronomique\/\"><strong>P<\/strong>etit lexique astronomique<\/a> : <\/span><\/strong><span style=\"font-family: times new roman, times, serif; font-size: 20px;\">explications tr\u00e8s br\u00e8ves de certains termes en astronomie.<\/span><br \/>\n<strong>\u2022 <\/strong><span style=\"font-size: 20px;\"><strong><span style=\"font-family: times new roman,times,serif;\"><a href=\"http:\/\/gap47.astrosurf.com\/index.php\/ressources\/glossaire-astronomique\/\"><strong>G<\/strong>lossaire astronomique<\/a> : <\/span><\/strong><span style=\"font-family: times new roman,times,serif;\">explication plus compl\u00e8tes de certains termes ou certaines notions en astronomie.<\/span><\/span><br \/>\n<strong>\u2022 <\/strong><span style=\"font-size: 20px;\"><strong><span style=\"font-family: times new roman,times,serif;\"><a href=\"http:\/\/gap47.astrosurf.com\/index.php\/ressources\/nos-photos-et-videos\/\"><strong>N<\/strong>os photos et vid\u00e9os<\/a> :<\/span><\/strong><span style=\"font-family: times new roman,times,serif;\"> Les photos et vid\u00e9os des membres du GAP47.<\/span><\/span><br \/>\n<span style=\"font-size: 20px;\"><strong><span style=\"font-family: times new roman,times,serif;\"> \u2022 <a href=\"http:\/\/gap47.astrosurf.com\/index.php\/ressources\/telechargements\/\">T\u00e9l\u00e9chargements<\/a> : <\/span><\/strong><span style=\"font-family: times new roman,times,serif;\">Documents t\u00e9l\u00e9chargeable<\/span><span style=\"font-family: times new roman,times,serif;\">s (Fichiers pdf, Fichiers PowerPoint, autres). <\/span><span style=\"font-family: times new roman,times,serif;\">Ces documents compl\u00e9mentaires sont g\u00e9n\u00e9ralement beaucoup plus approfondis que dans le lexique ou le glossaire.<\/span><\/span><br \/>\n<span style=\"font-size: 20px;\"><strong><span style=\"font-family: times new roman,times,serif;\"> \u2022 <a href=\"http:\/\/gap47.astrosurf.com\/index.php\/ressources\/textes-historiques\/\">Textes historiques<\/a><\/span><\/strong><\/span>.<\/p>\n<hr>\n<p>&nbsp;<\/p>\n","protected":false},"excerpt":{"rendered":"<p>Les ressources du GAP47 qui sont mises \u00e0 la disposition de nos visiteurs et internautes : \u2022 Notre parcours \u00ab\u00a0Syst\u00e8me Solaire\u00a0\u00bb. \u2022 Petit lexique astronomique : explications tr\u00e8s br\u00e8ves de certains termes en astronomie. \u2022 Glossaire astronomique : explication plus compl\u00e8tes de certains termes ou certaines notions en astronomie. \u2022 Nos photos et vid\u00e9os : &hellip; <\/p>\n<p class=\"link-more\"><a href=\"https:\/\/gap47.astrosurf.com\/index.php\/ressources\/\" class=\"more-link\">Continuer la lecture<span class=\"screen-reader-text\"> de &laquo;&nbsp;Ressources&nbsp;&raquo;<\/span><\/a><\/p>\n","protected":false},"author":5,"featured_media":0,"parent":0,"menu_order":0,"comment_status":"closed","ping_status":"closed","template":"","meta":{"_exactmetrics_skip_tracking":false,"_exactmetrics_sitenote_active":false,"_exactmetrics_sitenote_note":"","_exactmetrics_sitenote_category":0,"ngg_post_thumbnail":0,"footnotes":""},"class_list":["post-85","page","type-page","status-publish","hentry"],"yoast_head":"<!-- This site is optimized with the Yoast SEO plugin v24.8.1 - https:\/\/yoast.com\/wordpress\/plugins\/seo\/ -->\n<title>Ressources - L&#039;observatoire est ouvert aux visiteurs tous les vendredis soirs \u00e0 21 heures, jusqu&#039;au 3 juillet 2026 inclus, sans r\u00e9servation.<\/title>\n<meta name=\"robots\" content=\"index, follow, max-snippet:-1, max-image-preview:large, max-video-preview:-1\" \/>\n<link rel=\"canonical\" href=\"https:\/\/gap47.astrosurf.com\/index.php\/ressources\/\" \/>\n<meta property=\"og:locale\" content=\"fr_FR\" \/>\n<meta property=\"og:type\" content=\"article\" \/>\n<meta property=\"og:title\" content=\"Ressources - L&#039;observatoire est ouvert aux visiteurs tous les vendredis soirs \u00e0 21 heures, jusqu&#039;au 3 juillet 2026 inclus, sans r\u00e9servation.\" \/>\n<meta property=\"og:description\" content=\"Les ressources du GAP47 qui sont mises \u00e0 la disposition de nos visiteurs et internautes : \u2022 Notre parcours \u00ab\u00a0Syst\u00e8me Solaire\u00a0\u00bb. \u2022 Petit lexique astronomique : explications tr\u00e8s br\u00e8ves de certains termes en astronomie. \u2022 Glossaire astronomique : explication plus compl\u00e8tes de certains termes ou certaines notions en astronomie. \u2022 Nos photos et vid\u00e9os : &hellip; Continuer la lecture de &laquo;&nbsp;Ressources&nbsp;&raquo;\" \/>\n<meta property=\"og:url\" content=\"https:\/\/gap47.astrosurf.com\/index.php\/ressources\/\" \/>\n<meta property=\"og:site_name\" content=\"L&#039;observatoire est ouvert aux visiteurs tous les vendredis soirs \u00e0 21 heures, jusqu&#039;au 3 juillet 2026 inclus, sans r\u00e9servation.\" \/>\n<meta property=\"article:publisher\" content=\"https:\/\/www.facebook.com\/astrogap47\/\" \/>\n<meta property=\"article:modified_time\" content=\"2017-11-30T16:39:58+00:00\" \/>\n<meta name=\"twitter:card\" content=\"summary_large_image\" \/>\n<script type=\"application\/ld+json\" class=\"yoast-schema-graph\">{\"@context\":\"https:\/\/schema.org\",\"@graph\":[{\"@type\":\"WebPage\",\"@id\":\"https:\/\/gap47.astrosurf.com\/index.php\/ressources\/\",\"url\":\"https:\/\/gap47.astrosurf.com\/index.php\/ressources\/\",\"name\":\"Ressources - L&#039;observatoire est ouvert aux visiteurs tous les vendredis soirs \u00e0 21 heures, jusqu&#039;au 3 juillet 2026 inclus, sans r\u00e9servation.\",\"isPartOf\":{\"@id\":\"https:\/\/gap47.astrosurf.com\/#website\"},\"datePublished\":\"2017-03-31T21:49:07+00:00\",\"dateModified\":\"2017-11-30T16:39:58+00:00\",\"breadcrumb\":{\"@id\":\"https:\/\/gap47.astrosurf.com\/index.php\/ressources\/#breadcrumb\"},\"inLanguage\":\"fr-FR\",\"potentialAction\":[{\"@type\":\"ReadAction\",\"target\":[\"https:\/\/gap47.astrosurf.com\/index.php\/ressources\/\"]}]},{\"@type\":\"BreadcrumbList\",\"@id\":\"https:\/\/gap47.astrosurf.com\/index.php\/ressources\/#breadcrumb\",\"itemListElement\":[{\"@type\":\"ListItem\",\"position\":1,\"name\":\"Accueil\",\"item\":\"https:\/\/gap47.astrosurf.com\/\"},{\"@type\":\"ListItem\",\"position\":2,\"name\":\"Ressources\"}]},{\"@type\":\"WebSite\",\"@id\":\"https:\/\/gap47.astrosurf.com\/#website\",\"url\":\"https:\/\/gap47.astrosurf.com\/\",\"name\":\"De janvier \u00e0 fin juin 2024, le GAP47 sera ouvert aux visiteurs tous les vendredis \u00e0 21h sans r\u00e9servation, \u00e0 l'exception du vendredi 26 janvier o\u00f9 l'observatoire sera ferm\u00e9 au public.\",\"description\":\"Groupe d&#039;Astronomie Populaire du Lot-et-Garonne, \u00e0 Montayral\",\"potentialAction\":[{\"@type\":\"SearchAction\",\"target\":{\"@type\":\"EntryPoint\",\"urlTemplate\":\"https:\/\/gap47.astrosurf.com\/?s={search_term_string}\"},\"query-input\":{\"@type\":\"PropertyValueSpecification\",\"valueRequired\":true,\"valueName\":\"search_term_string\"}}],\"inLanguage\":\"fr-FR\"}]}<\/script>\n<!-- \/ Yoast SEO plugin. -->","yoast_head_json":{"title":"Ressources - L&#039;observatoire est ouvert aux visiteurs tous les vendredis soirs \u00e0 21 heures, jusqu&#039;au 3 juillet 2026 inclus, sans r\u00e9servation.","robots":{"index":"index","follow":"follow","max-snippet":"max-snippet:-1","max-image-preview":"max-image-preview:large","max-video-preview":"max-video-preview:-1"},"canonical":"https:\/\/gap47.astrosurf.com\/index.php\/ressources\/","og_locale":"fr_FR","og_type":"article","og_title":"Ressources - L&#039;observatoire est ouvert aux visiteurs tous les vendredis soirs \u00e0 21 heures, jusqu&#039;au 3 juillet 2026 inclus, sans r\u00e9servation.","og_description":"Les ressources du GAP47 qui sont mises \u00e0 la disposition de nos visiteurs et internautes : \u2022 Notre parcours \u00ab\u00a0Syst\u00e8me Solaire\u00a0\u00bb. \u2022 Petit lexique astronomique : explications tr\u00e8s br\u00e8ves de certains termes en astronomie. \u2022 Glossaire astronomique : explication plus compl\u00e8tes de certains termes ou certaines notions en astronomie. \u2022 Nos photos et vid\u00e9os : &hellip; Continuer la lecture de &laquo;&nbsp;Ressources&nbsp;&raquo;","og_url":"https:\/\/gap47.astrosurf.com\/index.php\/ressources\/","og_site_name":"L&#039;observatoire est ouvert aux visiteurs tous les vendredis soirs \u00e0 21 heures, jusqu&#039;au 3 juillet 2026 inclus, sans r\u00e9servation.","article_publisher":"https:\/\/www.facebook.com\/astrogap47\/","article_modified_time":"2017-11-30T16:39:58+00:00","twitter_card":"summary_large_image","schema":{"@context":"https:\/\/schema.org","@graph":[{"@type":"WebPage","@id":"https:\/\/gap47.astrosurf.com\/index.php\/ressources\/","url":"https:\/\/gap47.astrosurf.com\/index.php\/ressources\/","name":"Ressources - L&#039;observatoire est ouvert aux visiteurs tous les vendredis soirs \u00e0 21 heures, jusqu&#039;au 3 juillet 2026 inclus, sans r\u00e9servation.","isPartOf":{"@id":"https:\/\/gap47.astrosurf.com\/#website"},"datePublished":"2017-03-31T21:49:07+00:00","dateModified":"2017-11-30T16:39:58+00:00","breadcrumb":{"@id":"https:\/\/gap47.astrosurf.com\/index.php\/ressources\/#breadcrumb"},"inLanguage":"fr-FR","potentialAction":[{"@type":"ReadAction","target":["https:\/\/gap47.astrosurf.com\/index.php\/ressources\/"]}]},{"@type":"BreadcrumbList","@id":"https:\/\/gap47.astrosurf.com\/index.php\/ressources\/#breadcrumb","itemListElement":[{"@type":"ListItem","position":1,"name":"Accueil","item":"https:\/\/gap47.astrosurf.com\/"},{"@type":"ListItem","position":2,"name":"Ressources"}]},{"@type":"WebSite","@id":"https:\/\/gap47.astrosurf.com\/#website","url":"https:\/\/gap47.astrosurf.com\/","name":"De janvier \u00e0 fin juin 2024, le GAP47 sera ouvert aux visiteurs tous les vendredis \u00e0 21h sans r\u00e9servation, \u00e0 l'exception du vendredi 26 janvier o\u00f9 l'observatoire sera ferm\u00e9 au public.","description":"Groupe d&#039;Astronomie Populaire du Lot-et-Garonne, \u00e0 Montayral","potentialAction":[{"@type":"SearchAction","target":{"@type":"EntryPoint","urlTemplate":"https:\/\/gap47.astrosurf.com\/?s={search_term_string}"},"query-input":{"@type":"PropertyValueSpecification","valueRequired":true,"valueName":"search_term_string"}}],"inLanguage":"fr-FR"}]}},"_links":{"self":[{"href":"https:\/\/gap47.astrosurf.com\/index.php\/wp-json\/wp\/v2\/pages\/85","targetHints":{"allow":["GET"]}}],"collection":[{"href":"https:\/\/gap47.astrosurf.com\/index.php\/wp-json\/wp\/v2\/pages"}],"about":[{"href":"https:\/\/gap47.astrosurf.com\/index.php\/wp-json\/wp\/v2\/types\/page"}],"author":[{"embeddable":true,"href":"https:\/\/gap47.astrosurf.com\/index.php\/wp-json\/wp\/v2\/users\/5"}],"replies":[{"embeddable":true,"href":"https:\/\/gap47.astrosurf.com\/index.php\/wp-json\/wp\/v2\/comments?post=85"}],"version-history":[{"count":12,"href":"https:\/\/gap47.astrosurf.com\/index.php\/wp-json\/wp\/v2\/pages\/85\/revisions"}],"predecessor-version":[{"id":6100,"href":"https:\/\/gap47.astrosurf.com\/index.php\/wp-json\/wp\/v2\/pages\/85\/revisions\/6100"}],"wp:attachment":[{"href":"https:\/\/gap47.astrosurf.com\/index.php\/wp-json\/wp\/v2\/media?parent=85"}],"curies":[{"name":"wp","href":"https:\/\/api.w.org\/{rel}","templated":true}]}}