 {"id":8444,"date":"2019-04-10T01:18:46","date_gmt":"2019-04-09T23:18:46","guid":{"rendered":"http:\/\/gap47.astrosurf.com\/?page_id=8444"},"modified":"2019-12-17T17:20:50","modified_gmt":"2019-12-17T15:20:50","slug":"alignement-de-planetes","status":"publish","type":"page","link":"https:\/\/gap47.astrosurf.com\/index.php\/ressources\/nos-photos\/alignement-de-planetes\/","title":{"rendered":"Photos d&rsquo;alignements de plan\u00e8tes"},"content":{"rendered":"<p><span style=\"font-size: 20px; color: #0000ff;\"><strong><span style=\"font-family: arial, helvetica, sans-serif;\">Un alignement de plan\u00e8tes c&rsquo;est une configuration sp\u00e9ciale et g\u00e9n\u00e9ralement rare de plusieurs plan\u00e8tes dans la m\u00eame r\u00e9gion du ciel.<\/span><\/strong><\/span><\/p>\n<p style=\"text-align: center;\"><em><span style=\"font-family: times new roman,times,serif; font-size: 20px;\">Nikon D5200 &#8211; Objectif Nikkor 55~200 mm &#8211; Photos Olivier Sabbagh<\/span><\/em><\/p>\n<p style=\"text-align: center;\"><span style=\"font-family: times new roman,times,serif; font-size: 20px;\">10 octobre 2015, vers l&rsquo;Est o\u00f9 pointe la lumi\u00e8re du jour naissant, un alignement assez rare de 5 plan\u00e8tes. De haut en bas : R\u00e9gulus (principale \u00e9toile de la constellation du Lion), V\u00e9nus, Mars, Jupiter, la Lune et Mercure. Au sol, la Terre et 4 autres plan\u00e8tes, plus la Lune.<\/span><\/p>\n<p style=\"text-align: center;\"><a href=\"http:\/\/gap47.astrosurf.com\/wp-content\/uploads\/2019\/03\/alignement_DSC_0080_PS-04.jpg\"><img loading=\"lazy\" decoding=\"async\" class=\"aligncenter wp-image-8357 size-full\" src=\"http:\/\/gap47.astrosurf.com\/wp-content\/uploads\/2019\/03\/alignement_DSC_0080_PS-04.jpg\" alt=\"\" width=\"4000\" height=\"6000\" srcset=\"https:\/\/gap47.astrosurf.com\/wp-content\/uploads\/2019\/03\/alignement_DSC_0080_PS-04.jpg 4000w, https:\/\/gap47.astrosurf.com\/wp-content\/uploads\/2019\/03\/alignement_DSC_0080_PS-04-200x300.jpg 200w, https:\/\/gap47.astrosurf.com\/wp-content\/uploads\/2019\/03\/alignement_DSC_0080_PS-04-768x1152.jpg 768w, https:\/\/gap47.astrosurf.com\/wp-content\/uploads\/2019\/03\/alignement_DSC_0080_PS-04-800x1200.jpg 800w\" sizes=\"auto, (max-width: 767px) 89vw, (max-width: 1000px) 54vw, (max-width: 1071px) 543px, 580px\" \/><\/a><\/p>\n<p style=\"text-align: center;\"><a href=\"http:\/\/gap47.astrosurf.com\/wp-content\/uploads\/2019\/03\/alignement_DSC_0080_PS-05.jpg\"><img loading=\"lazy\" decoding=\"async\" class=\"aligncenter wp-image-8358 size-full\" src=\"http:\/\/gap47.astrosurf.com\/wp-content\/uploads\/2019\/03\/alignement_DSC_0080_PS-05.jpg\" alt=\"\" width=\"4000\" height=\"6000\" srcset=\"https:\/\/gap47.astrosurf.com\/wp-content\/uploads\/2019\/03\/alignement_DSC_0080_PS-05.jpg 4000w, https:\/\/gap47.astrosurf.com\/wp-content\/uploads\/2019\/03\/alignement_DSC_0080_PS-05-200x300.jpg 200w, https:\/\/gap47.astrosurf.com\/wp-content\/uploads\/2019\/03\/alignement_DSC_0080_PS-05-768x1152.jpg 768w, https:\/\/gap47.astrosurf.com\/wp-content\/uploads\/2019\/03\/alignement_DSC_0080_PS-05-800x1200.jpg 800w\" sizes=\"auto, (max-width: 767px) 89vw, (max-width: 1000px) 54vw, (max-width: 1071px) 543px, 580px\" \/><\/a><\/p>\n<p style=\"text-align: center;\"><span style=\"font-family: 'times new roman', times, serif; font-size: 20px;\"><em>La Lune avec Jupiter (en haut du triangle) et V\u00e9nus, juin 2015&nbsp; \u2193<\/em><\/span><\/p>\n<p style=\"text-align: center;\"><a href=\"http:\/\/gap47.astrosurf.com\/wp-content\/uploads\/2017\/07\/Juin-2015-Lune-Jupiter-Ve\u0301nus.jpg\"><img loading=\"lazy\" decoding=\"async\" class=\"aligncenter wp-image-3737 size-full\" src=\"http:\/\/gap47.astrosurf.com\/wp-content\/uploads\/2017\/07\/Juin-2015-Lune-Jupiter-Ve\u0301nus.jpg\" alt=\"\" width=\"1200\" height=\"803\" srcset=\"https:\/\/gap47.astrosurf.com\/wp-content\/uploads\/2017\/07\/Juin-2015-Lune-Jupiter-Ve\u0301nus.jpg 1200w, https:\/\/gap47.astrosurf.com\/wp-content\/uploads\/2017\/07\/Juin-2015-Lune-Jupiter-Ve\u0301nus-300x201.jpg 300w, https:\/\/gap47.astrosurf.com\/wp-content\/uploads\/2017\/07\/Juin-2015-Lune-Jupiter-Ve\u0301nus-768x514.jpg 768w\" sizes=\"auto, (max-width: 767px) 89vw, (max-width: 1000px) 54vw, (max-width: 1071px) 543px, 580px\" \/><\/a><\/p>\n<p style=\"text-align: center;\"><span style=\"font-family: 'times new roman', times, serif; font-size: 20px;\"><em>La Lune cendr\u00e9e et Saturne, novembre 2016&nbsp; \u2193<\/em><\/span><\/p>\n<p style=\"text-align: center;\"><a href=\"http:\/\/gap47.astrosurf.com\/wp-content\/uploads\/2017\/07\/Nov-2016-Lune-Saturne2.jpg\"><img loading=\"lazy\" decoding=\"async\" class=\"aligncenter wp-image-3742 size-full\" src=\"http:\/\/gap47.astrosurf.com\/wp-content\/uploads\/2017\/07\/Nov-2016-Lune-Saturne2.jpg\" alt=\"\" width=\"1333\" height=\"2000\" srcset=\"https:\/\/gap47.astrosurf.com\/wp-content\/uploads\/2017\/07\/Nov-2016-Lune-Saturne2.jpg 1333w, https:\/\/gap47.astrosurf.com\/wp-content\/uploads\/2017\/07\/Nov-2016-Lune-Saturne2-200x300.jpg 200w, https:\/\/gap47.astrosurf.com\/wp-content\/uploads\/2017\/07\/Nov-2016-Lune-Saturne2-768x1152.jpg 768w, https:\/\/gap47.astrosurf.com\/wp-content\/uploads\/2017\/07\/Nov-2016-Lune-Saturne2-800x1200.jpg 800w\" sizes=\"auto, (max-width: 767px) 89vw, (max-width: 1000px) 54vw, (max-width: 1071px) 543px, 580px\" \/><\/a><\/p>\n<p style=\"text-align: center;\"><span style=\"font-family: 'times new roman', times, serif; font-size: 20px;\"><em>Mars et V\u00e9nus, f\u00e9vrier 2017&nbsp; \u2193<\/em><\/span><em><a href=\"http:\/\/gap47.astrosurf.com\/wp-content\/uploads\/2017\/07\/2107-02-15-Mars-Ve\u0301nusbis.jpg\"><img loading=\"lazy\" decoding=\"async\" class=\"aligncenter wp-image-3744 size-full\" src=\"http:\/\/gap47.astrosurf.com\/wp-content\/uploads\/2017\/07\/2107-02-15-Mars-Ve\u0301nusbis.jpg\" alt=\"\" width=\"1048\" height=\"1387\" srcset=\"https:\/\/gap47.astrosurf.com\/wp-content\/uploads\/2017\/07\/2107-02-15-Mars-Ve\u0301nusbis.jpg 1048w, https:\/\/gap47.astrosurf.com\/wp-content\/uploads\/2017\/07\/2107-02-15-Mars-Ve\u0301nusbis-227x300.jpg 227w, https:\/\/gap47.astrosurf.com\/wp-content\/uploads\/2017\/07\/2107-02-15-Mars-Ve\u0301nusbis-768x1016.jpg 768w, https:\/\/gap47.astrosurf.com\/wp-content\/uploads\/2017\/07\/2107-02-15-Mars-Ve\u0301nusbis-907x1200.jpg 907w\" sizes=\"auto, (max-width: 767px) 89vw, (max-width: 1000px) 54vw, (max-width: 1071px) 543px, 580px\" \/><\/a><\/em><\/p>\n<hr>\n<p>&nbsp;<\/p>\n","protected":false},"excerpt":{"rendered":"<p>Un alignement de plan\u00e8tes c&rsquo;est une configuration sp\u00e9ciale et g\u00e9n\u00e9ralement rare de plusieurs plan\u00e8tes dans la m\u00eame r\u00e9gion du ciel. Nikon D5200 &#8211; Objectif Nikkor 55~200 mm &#8211; Photos Olivier Sabbagh 10 octobre 2015, vers l&rsquo;Est o\u00f9 pointe la lumi\u00e8re du jour naissant, un alignement assez rare de 5 plan\u00e8tes. De haut en bas : &hellip; <\/p>\n<p class=\"link-more\"><a href=\"https:\/\/gap47.astrosurf.com\/index.php\/ressources\/nos-photos\/alignement-de-planetes\/\" class=\"more-link\">Continuer la lecture<span class=\"screen-reader-text\"> de &laquo;&nbsp;Photos d&rsquo;alignements de plan\u00e8tes&nbsp;&raquo;<\/span><\/a><\/p>\n","protected":false},"author":5,"featured_media":0,"parent":1279,"menu_order":8,"comment_status":"closed","ping_status":"closed","template":"","meta":{"_exactmetrics_skip_tracking":false,"_exactmetrics_sitenote_active":false,"_exactmetrics_sitenote_note":"","_exactmetrics_sitenote_category":0,"ngg_post_thumbnail":0,"footnotes":""},"class_list":["post-8444","page","type-page","status-publish","hentry"],"yoast_head":"<!-- This site is optimized with the Yoast SEO plugin v24.8.1 - https:\/\/yoast.com\/wordpress\/plugins\/seo\/ -->\n<title>Photos d&#039;alignements de plan\u00e8tes - L&#039;observatoire est ouvert aux visiteurs tous les vendredis soirs \u00e0 21 heures, jusqu&#039;au 3 juillet 2026 inclus, sans r\u00e9servation.<\/title>\n<meta name=\"robots\" content=\"index, follow, max-snippet:-1, max-image-preview:large, max-video-preview:-1\" \/>\n<link rel=\"canonical\" href=\"https:\/\/gap47.astrosurf.com\/index.php\/ressources\/nos-photos\/alignement-de-planetes\/\" \/>\n<meta property=\"og:locale\" content=\"fr_FR\" \/>\n<meta property=\"og:type\" content=\"article\" \/>\n<meta property=\"og:title\" content=\"Photos d&#039;alignements de plan\u00e8tes - L&#039;observatoire est ouvert aux visiteurs tous les vendredis soirs \u00e0 21 heures, jusqu&#039;au 3 juillet 2026 inclus, sans r\u00e9servation.\" \/>\n<meta property=\"og:description\" content=\"Un alignement de plan\u00e8tes c&rsquo;est une configuration sp\u00e9ciale et g\u00e9n\u00e9ralement rare de plusieurs plan\u00e8tes dans la m\u00eame r\u00e9gion du ciel. Nikon D5200 &#8211; Objectif Nikkor 55~200 mm &#8211; Photos Olivier Sabbagh 10 octobre 2015, vers l&rsquo;Est o\u00f9 pointe la lumi\u00e8re du jour naissant, un alignement assez rare de 5 plan\u00e8tes. De haut en bas : &hellip; Continuer la lecture de &laquo;&nbsp;Photos d&rsquo;alignements de plan\u00e8tes&nbsp;&raquo;\" \/>\n<meta property=\"og:url\" content=\"https:\/\/gap47.astrosurf.com\/index.php\/ressources\/nos-photos\/alignement-de-planetes\/\" \/>\n<meta property=\"og:site_name\" content=\"L&#039;observatoire est ouvert aux visiteurs tous les vendredis soirs \u00e0 21 heures, jusqu&#039;au 3 juillet 2026 inclus, sans r\u00e9servation.\" \/>\n<meta property=\"article:publisher\" content=\"https:\/\/www.facebook.com\/astrogap47\/\" \/>\n<meta property=\"article:modified_time\" content=\"2019-12-17T15:20:50+00:00\" \/>\n<meta property=\"og:image\" content=\"http:\/\/gap47.astrosurf.com\/wp-content\/uploads\/2019\/03\/alignement_DSC_0080_PS-04.jpg\" \/>\n<meta name=\"twitter:card\" content=\"summary_large_image\" \/>\n<meta name=\"twitter:label1\" content=\"Dur\u00e9e de lecture estim\u00e9e\" \/>\n\t<meta name=\"twitter:data1\" content=\"1 minute\" \/>\n<script type=\"application\/ld+json\" class=\"yoast-schema-graph\">{\"@context\":\"https:\/\/schema.org\",\"@graph\":[{\"@type\":\"WebPage\",\"@id\":\"https:\/\/gap47.astrosurf.com\/index.php\/ressources\/nos-photos\/alignement-de-planetes\/\",\"url\":\"https:\/\/gap47.astrosurf.com\/index.php\/ressources\/nos-photos\/alignement-de-planetes\/\",\"name\":\"Photos d'alignements de plan\u00e8tes - L&#039;observatoire est ouvert aux visiteurs tous les vendredis soirs \u00e0 21 heures, jusqu&#039;au 3 juillet 2026 inclus, sans r\u00e9servation.\",\"isPartOf\":{\"@id\":\"https:\/\/gap47.astrosurf.com\/#website\"},\"primaryImageOfPage\":{\"@id\":\"https:\/\/gap47.astrosurf.com\/index.php\/ressources\/nos-photos\/alignement-de-planetes\/#primaryimage\"},\"image\":{\"@id\":\"https:\/\/gap47.astrosurf.com\/index.php\/ressources\/nos-photos\/alignement-de-planetes\/#primaryimage\"},\"thumbnailUrl\":\"http:\/\/gap47.astrosurf.com\/wp-content\/uploads\/2019\/03\/alignement_DSC_0080_PS-04.jpg\",\"datePublished\":\"2019-04-09T23:18:46+00:00\",\"dateModified\":\"2019-12-17T15:20:50+00:00\",\"breadcrumb\":{\"@id\":\"https:\/\/gap47.astrosurf.com\/index.php\/ressources\/nos-photos\/alignement-de-planetes\/#breadcrumb\"},\"inLanguage\":\"fr-FR\",\"potentialAction\":[{\"@type\":\"ReadAction\",\"target\":[\"https:\/\/gap47.astrosurf.com\/index.php\/ressources\/nos-photos\/alignement-de-planetes\/\"]}]},{\"@type\":\"ImageObject\",\"inLanguage\":\"fr-FR\",\"@id\":\"https:\/\/gap47.astrosurf.com\/index.php\/ressources\/nos-photos\/alignement-de-planetes\/#primaryimage\",\"url\":\"http:\/\/gap47.astrosurf.com\/wp-content\/uploads\/2019\/03\/alignement_DSC_0080_PS-04.jpg\",\"contentUrl\":\"http:\/\/gap47.astrosurf.com\/wp-content\/uploads\/2019\/03\/alignement_DSC_0080_PS-04.jpg\"},{\"@type\":\"BreadcrumbList\",\"@id\":\"https:\/\/gap47.astrosurf.com\/index.php\/ressources\/nos-photos\/alignement-de-planetes\/#breadcrumb\",\"itemListElement\":[{\"@type\":\"ListItem\",\"position\":1,\"name\":\"Accueil\",\"item\":\"https:\/\/gap47.astrosurf.com\/\"},{\"@type\":\"ListItem\",\"position\":2,\"name\":\"Ressources\",\"item\":\"https:\/\/gap47.astrosurf.com\/index.php\/ressources\/\"},{\"@type\":\"ListItem\",\"position\":3,\"name\":\"Nos photos\",\"item\":\"https:\/\/gap47.astrosurf.com\/index.php\/ressources\/nos-photos\/\"},{\"@type\":\"ListItem\",\"position\":4,\"name\":\"Photos d&#8217;alignements de plan\u00e8tes\"}]},{\"@type\":\"WebSite\",\"@id\":\"https:\/\/gap47.astrosurf.com\/#website\",\"url\":\"https:\/\/gap47.astrosurf.com\/\",\"name\":\"De janvier \u00e0 fin juin 2024, le GAP47 sera ouvert aux visiteurs tous les vendredis \u00e0 21h sans r\u00e9servation, \u00e0 l'exception du vendredi 26 janvier o\u00f9 l'observatoire sera ferm\u00e9 au public.\",\"description\":\"Groupe d&#039;Astronomie Populaire du Lot-et-Garonne, \u00e0 Montayral\",\"potentialAction\":[{\"@type\":\"SearchAction\",\"target\":{\"@type\":\"EntryPoint\",\"urlTemplate\":\"https:\/\/gap47.astrosurf.com\/?s={search_term_string}\"},\"query-input\":{\"@type\":\"PropertyValueSpecification\",\"valueRequired\":true,\"valueName\":\"search_term_string\"}}],\"inLanguage\":\"fr-FR\"}]}<\/script>\n<!-- \/ Yoast SEO plugin. -->","yoast_head_json":{"title":"Photos d'alignements de plan\u00e8tes - L&#039;observatoire est ouvert aux visiteurs tous les vendredis soirs \u00e0 21 heures, jusqu&#039;au 3 juillet 2026 inclus, sans r\u00e9servation.","robots":{"index":"index","follow":"follow","max-snippet":"max-snippet:-1","max-image-preview":"max-image-preview:large","max-video-preview":"max-video-preview:-1"},"canonical":"https:\/\/gap47.astrosurf.com\/index.php\/ressources\/nos-photos\/alignement-de-planetes\/","og_locale":"fr_FR","og_type":"article","og_title":"Photos d'alignements de plan\u00e8tes - L&#039;observatoire est ouvert aux visiteurs tous les vendredis soirs \u00e0 21 heures, jusqu&#039;au 3 juillet 2026 inclus, sans r\u00e9servation.","og_description":"Un alignement de plan\u00e8tes c&rsquo;est une configuration sp\u00e9ciale et g\u00e9n\u00e9ralement rare de plusieurs plan\u00e8tes dans la m\u00eame r\u00e9gion du ciel. Nikon D5200 &#8211; Objectif Nikkor 55~200 mm &#8211; Photos Olivier Sabbagh 10 octobre 2015, vers l&rsquo;Est o\u00f9 pointe la lumi\u00e8re du jour naissant, un alignement assez rare de 5 plan\u00e8tes. De haut en bas : &hellip; Continuer la lecture de &laquo;&nbsp;Photos d&rsquo;alignements de plan\u00e8tes&nbsp;&raquo;","og_url":"https:\/\/gap47.astrosurf.com\/index.php\/ressources\/nos-photos\/alignement-de-planetes\/","og_site_name":"L&#039;observatoire est ouvert aux visiteurs tous les vendredis soirs \u00e0 21 heures, jusqu&#039;au 3 juillet 2026 inclus, sans r\u00e9servation.","article_publisher":"https:\/\/www.facebook.com\/astrogap47\/","article_modified_time":"2019-12-17T15:20:50+00:00","og_image":[{"url":"http:\/\/gap47.astrosurf.com\/wp-content\/uploads\/2019\/03\/alignement_DSC_0080_PS-04.jpg","type":"","width":"","height":""}],"twitter_card":"summary_large_image","twitter_misc":{"Dur\u00e9e de lecture estim\u00e9e":"1 minute"},"schema":{"@context":"https:\/\/schema.org","@graph":[{"@type":"WebPage","@id":"https:\/\/gap47.astrosurf.com\/index.php\/ressources\/nos-photos\/alignement-de-planetes\/","url":"https:\/\/gap47.astrosurf.com\/index.php\/ressources\/nos-photos\/alignement-de-planetes\/","name":"Photos d'alignements de plan\u00e8tes - L&#039;observatoire est ouvert aux visiteurs tous les vendredis soirs \u00e0 21 heures, jusqu&#039;au 3 juillet 2026 inclus, sans r\u00e9servation.","isPartOf":{"@id":"https:\/\/gap47.astrosurf.com\/#website"},"primaryImageOfPage":{"@id":"https:\/\/gap47.astrosurf.com\/index.php\/ressources\/nos-photos\/alignement-de-planetes\/#primaryimage"},"image":{"@id":"https:\/\/gap47.astrosurf.com\/index.php\/ressources\/nos-photos\/alignement-de-planetes\/#primaryimage"},"thumbnailUrl":"http:\/\/gap47.astrosurf.com\/wp-content\/uploads\/2019\/03\/alignement_DSC_0080_PS-04.jpg","datePublished":"2019-04-09T23:18:46+00:00","dateModified":"2019-12-17T15:20:50+00:00","breadcrumb":{"@id":"https:\/\/gap47.astrosurf.com\/index.php\/ressources\/nos-photos\/alignement-de-planetes\/#breadcrumb"},"inLanguage":"fr-FR","potentialAction":[{"@type":"ReadAction","target":["https:\/\/gap47.astrosurf.com\/index.php\/ressources\/nos-photos\/alignement-de-planetes\/"]}]},{"@type":"ImageObject","inLanguage":"fr-FR","@id":"https:\/\/gap47.astrosurf.com\/index.php\/ressources\/nos-photos\/alignement-de-planetes\/#primaryimage","url":"http:\/\/gap47.astrosurf.com\/wp-content\/uploads\/2019\/03\/alignement_DSC_0080_PS-04.jpg","contentUrl":"http:\/\/gap47.astrosurf.com\/wp-content\/uploads\/2019\/03\/alignement_DSC_0080_PS-04.jpg"},{"@type":"BreadcrumbList","@id":"https:\/\/gap47.astrosurf.com\/index.php\/ressources\/nos-photos\/alignement-de-planetes\/#breadcrumb","itemListElement":[{"@type":"ListItem","position":1,"name":"Accueil","item":"https:\/\/gap47.astrosurf.com\/"},{"@type":"ListItem","position":2,"name":"Ressources","item":"https:\/\/gap47.astrosurf.com\/index.php\/ressources\/"},{"@type":"ListItem","position":3,"name":"Nos photos","item":"https:\/\/gap47.astrosurf.com\/index.php\/ressources\/nos-photos\/"},{"@type":"ListItem","position":4,"name":"Photos d&#8217;alignements de plan\u00e8tes"}]},{"@type":"WebSite","@id":"https:\/\/gap47.astrosurf.com\/#website","url":"https:\/\/gap47.astrosurf.com\/","name":"De janvier \u00e0 fin juin 2024, le GAP47 sera ouvert aux visiteurs tous les vendredis \u00e0 21h sans r\u00e9servation, \u00e0 l'exception du vendredi 26 janvier o\u00f9 l'observatoire sera ferm\u00e9 au public.","description":"Groupe d&#039;Astronomie Populaire du Lot-et-Garonne, \u00e0 Montayral","potentialAction":[{"@type":"SearchAction","target":{"@type":"EntryPoint","urlTemplate":"https:\/\/gap47.astrosurf.com\/?s={search_term_string}"},"query-input":{"@type":"PropertyValueSpecification","valueRequired":true,"valueName":"search_term_string"}}],"inLanguage":"fr-FR"}]}},"_links":{"self":[{"href":"https:\/\/gap47.astrosurf.com\/index.php\/wp-json\/wp\/v2\/pages\/8444","targetHints":{"allow":["GET"]}}],"collection":[{"href":"https:\/\/gap47.astrosurf.com\/index.php\/wp-json\/wp\/v2\/pages"}],"about":[{"href":"https:\/\/gap47.astrosurf.com\/index.php\/wp-json\/wp\/v2\/types\/page"}],"author":[{"embeddable":true,"href":"https:\/\/gap47.astrosurf.com\/index.php\/wp-json\/wp\/v2\/users\/5"}],"replies":[{"embeddable":true,"href":"https:\/\/gap47.astrosurf.com\/index.php\/wp-json\/wp\/v2\/comments?post=8444"}],"version-history":[{"count":10,"href":"https:\/\/gap47.astrosurf.com\/index.php\/wp-json\/wp\/v2\/pages\/8444\/revisions"}],"predecessor-version":[{"id":9000,"href":"https:\/\/gap47.astrosurf.com\/index.php\/wp-json\/wp\/v2\/pages\/8444\/revisions\/9000"}],"up":[{"embeddable":true,"href":"https:\/\/gap47.astrosurf.com\/index.php\/wp-json\/wp\/v2\/pages\/1279"}],"wp:attachment":[{"href":"https:\/\/gap47.astrosurf.com\/index.php\/wp-json\/wp\/v2\/media?parent=8444"}],"curies":[{"name":"wp","href":"https:\/\/api.w.org\/{rel}","templated":true}]}}