 {"id":8277,"date":"2019-02-08T03:03:51","date_gmt":"2019-02-08T01:03:51","guid":{"rendered":"http:\/\/gap47.astrosurf.com\/?page_id=8277"},"modified":"2019-02-08T03:37:00","modified_gmt":"2019-02-08T01:37:00","slug":"juice","status":"publish","type":"page","link":"https:\/\/gap47.astrosurf.com\/index.php\/juice\/","title":{"rendered":"Juice"},"content":{"rendered":"<p style=\"text-align: center;\"><span style=\"font-size: 24px; color: #993366;\"><strong><span style=\"font-family: arial, helvetica, sans-serif;\">Juice, la sonde europ\u00e9enne qui partira en 2022 vers Jupiter&nbsp; &nbsp; &nbsp; &nbsp;<\/span><\/strong><\/span><span style=\"font-family: arial, helvetica, sans-serif; font-size: 24px; color: #993366;\"><strong>L\u2019Odyss\u00e9e jovienne de \u201cJuice\u201d<\/strong><\/span><\/p>\n<p style=\"text-align: center;\"><span style=\"font-family: 'times new roman', times, serif; font-size: 20px; color: #000080;\"><strong>JUICE<\/strong> = <strong>JU<\/strong>piter <strong>IC<\/strong>y moons <strong>E<\/strong>xplorer&nbsp;<\/span><span style=\"color: #000080;\"><em><span style=\"font-family: 'times new roman', times, serif; font-size: 20px;\">(l&rsquo;explorateur des lunes glac\u00e9es de Jupiter)<\/span><\/em><\/span><\/p>\n<p>&nbsp;<\/p>\n<p><em><span style=\"font-family: 'times new roman', times, serif; font-size: 16px;\">ESA &#8211; 5 f\u00e9vrier 2019<\/span><\/em><\/p>\n<p><span style=\"font-family: 'times new roman', times, serif; font-size: 20px;\">La sonde de l\u2019ESA qui explorera les lunes glac\u00e9es de Jupiter, \u00ab&nbsp;Juice&nbsp;\u00bb, est programm\u00e9e pour partir en 2022 pour un voyage de sept ans. La mission recherchera l\u2019\u00e9mergence de mondes habitables autour des g\u00e9antes gazeuses et particuli\u00e8rement Jupiter comme un arch\u00e9type des nombreuses g\u00e9antes gazeuses que l\u2019on sait trouver autour d\u2019autres \u00e9toiles. Une animation d\u00e9crit le voyage vers Jupiter et les points forts de ce que sera ce tour de la plan\u00e8te et de ses grandes lunes incluant des oc\u00e9ans souterrains.<\/span><\/p>\n<p><span style=\"font-family: 'times new roman', times, serif; font-size: 20px;\">Une fus\u00e9e Ariane 5 propulsera Juice depuis la base europ\u00e9enne de Kourou. Des assistances gravitationnelles auront lieu autour de la Terre (3), de V\u00e9nus (1) et de Mars (1) pour une date d\u2019arriv\u00e9e pr\u00e9vue en octobre 2029 dans le syst\u00e8me jovien.<\/span><\/p>\n<p><span style=\"font-family: 'times new roman', times, serif; font-size: 20px;\">Il est pr\u00e9vu qu\u2019un grand nombre d\u2019instruments de la sonde soient activ\u00e9s lors des survols des plan\u00e8tes pendant les assistances gravitationnelles (montr\u00e9s par des traits de diff\u00e9rentes couleurs dans la vid\u00e9o) et des mesures seront prises pour v\u00e9rifier le bon fonctionnement de ces instruments. La visualisation des survols de la Terre montreront des images de l\u2019oc\u00e9an pacifique, de l\u2019Argentine et du P\u00e9rou. Dans l\u2019animation les couleurs des traits correspondent aux observations des instruments JANUS (en vert), MAJIS (en rouge), UVS (en violet), GALA (en bleu) et RIME (en gris), qui sont des cam\u00e9ras, spectrom\u00e8tres, altim\u00e8tres laser et radar.<\/span><\/p>\n<p><span style=\"font-family: 'times new roman', times, serif; font-size: 20px;\">Pendant le survol de V\u00e9nus, seules des observations limit\u00e9es auront lieu car la sonde sera orient\u00e9e de mani\u00e8re \u00e0 se prot\u00e9ger de la chaleur du Soleil qui s\u00e9vit dans le syst\u00e8me solaire interne. Le survol de Mars passera au-dessus du p\u00f4le sud de la plan\u00e8te pour faire des observation scientifiques.<\/span><\/p>\n<p><span style=\"font-family: 'times new roman', times, serif; font-size: 20px;\">Juice commencera sa r\u00e9elle mission scientifique environ six mois avant son arriv\u00e9e en orbite autour de la g\u00e9ante gazeuse, en r\u00e9alisant des observations au fur et \u00e0 mesure de son approche. Une fois dans le syst\u00e8me jovien, une assistance gravitationnelle autour de Ganym\u00e8de (la plus grande lune du syst\u00e8me solaire) aidera Juice \u00e0 se mettre en orbite autour de Jupiter 7h30 plus tard.<\/span><\/p>\n<p><span style=\"font-family: 'times new roman', times, serif; font-size: 20px;\">Alors qu\u2019elle sera en orbite autour de Jupiter, Juice \u00e9tudiera le syst\u00e8me jovien comme \u00e9tant un arch\u00e9type des g\u00e9antes gazeuses, en faisant des observations sur son atmosph\u00e8re, sa magn\u00e9tosph\u00e8re, ses anneaux et ses satellites.<\/span><\/p>\n<p><span style=\"font-family: 'times new roman', times, serif; font-size: 20px;\">Pendant ce voyage, Juice effectuera 2 survols d\u2019Europe, qui pr\u00e9sente la forte probabilit\u00e9 de poss\u00e9der un oc\u00e9an d\u2019eau liquide sous sa cro\u00fbte glac\u00e9e. Juice \u00e9dudiera les zones actives, la composition de sa surface et sa g\u00e9ologie, effectuera une recherche de poches d\u2019eau liquide sous la surface et \u00e9tudiera aussi l\u2019environnement de plasma autour d\u2019Europe. Une s\u00e9quence de survols de Callisto ne sera pas utilis\u00e9e seulement pour \u00e9tudier cet ancien monde crat\u00e9ris\u00e9 qui peut aussi h\u00e9berger un oc\u00e9an sous sa surface, mais cela changera aussi l\u2019orbite de Juice par rapport \u00e0 l\u2019\u00e9quateur de Jupiter, rendant ainsi possible des recherches sur les r\u00e9gions du p\u00f4le sud de la plan\u00e8te et son environnement \u00e0 hautes latitudes.<\/span><\/p>\n<p><span style=\"font-family: 'times new roman', times, serif; font-size: 20px;\">Pendant ce voyage il y aura aussi des p\u00e9riodes rares pour observer des \u00e9v\u00e8nements tels que les transits des satellites. L\u2019exemple dans l\u2019animation montrent Europe et Io qui passeront devant Jupiter le 27 janvier 2032. Ce type d\u2019\u00e9v\u00e8nement est rare, avec seulement 10 occurrences pendant la p\u00e9riple de Juice dans le syst\u00e8me jovien.<\/span><\/p>\n<p><span style=\"font-family: 'times new roman', times, serif; font-size: 20px;\">Une suite de survols de Ganym\u00e8de et de Callisto permettant \u00e0 Juice de se mettre en orbite autour de Ganym\u00e8de ce qui marque le fait que Juice soir la premi\u00e8re sonde \u00e0 se mettre en orbite autour d\u2019un satellite d\u2019une autre plan\u00e8te que la Terre. L\u2019orbite, elliptique d\u2019abord, sera remplac\u00e9e par une orbite circulaire \u00e0 5.000 km d\u2019altitude, puis ensuite \u00e0 500 km. Ganym\u00e8de est unique dans le syst\u00e8me solaire car c\u2019est la seule lune \u00e0 poss\u00e9der une magn\u00e9tosph\u00e8re. Juice fera des recherches sur ce ph\u00e9nom\u00e8ne ainsi que sur le champ magn\u00e9tique interne de Ganym\u00e8de et l\u2019interaction de son environnement plasmatique avec celui de Jupiter. Juice \u00e9tudiera aussi son atmosph\u00e8re, sa surface, sa sub-surface, son int\u00e9rieur et son oc\u00e9an souterrain, observant cette lune comme un habitat possible. Au fil du temps l\u2019orbite de 500 km se d\u00e9gradera et, finalement, il n\u2019y aura plus assez de carburant pour la maintenir et Juice ira se d\u00e9sint\u00e9grer sur la surface de Ganym\u00e8de. L\u2019animation se termine avec un exemple de ce qui pourrait ressembler \u00e0 une telle approche \u00e0 un tel impact.<\/span><\/p>\n<p><span style=\"font-family: 'times new roman', times, serif; font-size: 20px;\">En dehors de ce futur lancement de Juice, l\u2019ESA pr\u00e9voit d\u00e9j\u00e0 l\u2019exploration du syst\u00e8me solaire externe. La NASA et l\u2019ESA \u00e9tudient la possibilit\u00e9 d\u2019une mission conjointe qui ciblerait deux plan\u00e8tes gazeuses et glac\u00e9es&nbsp;: Uranus et Neptune. Tandis que nous d\u00e9couvrons de plus en plus d\u2019exoplan\u00e8tes autour d\u2019autres \u00e9toiles, nous d\u00e9couvrons que beaucoup d\u2019entre elles sont des g\u00e9antes gazeuses de la taille de ces mondes gazeux (Uranus et Neptune). Explorer nos plan\u00e8tes locales pour comprendre pourquoi notre syst\u00e8me solaire est ce qu\u2019il est, est crucial pour \u00e9galement comprendre les syst\u00e8mes des exoplan\u00e8tes.<\/span><\/p>\n<p><span style=\"font-family: 'times new roman', times, serif; font-size: 20px;\">L\u2019animation a \u00e9t\u00e9 pr\u00e9par\u00e9e par Benjamin Torn, comme une partie de son programme de jeune dipl\u00f4m\u00e9 \u00e0 l\u2019ESA, sous la supervision du groupe du projet Juice, avec le support de Mr Steko.<\/span><\/p>\n<p><iframe loading=\"lazy\" src=\"https:\/\/www.youtube.com\/embed\/KGkW__sEDHA?rel=0\" width=\"649\" height=\"360\" frameborder=\"0\" allowfullscreen=\"allowfullscreen\"><\/iframe><\/p>\n<p>&nbsp;<\/p>\n<p><strong><span style=\"font-family: arial, helvetica, sans-serif; font-size: 20px;\">Les Instruments de Juice :<\/span><\/strong><\/p>\n<p><a href=\"http:\/\/gap47.astrosurf.com\/wp-content\/uploads\/2019\/02\/Juice_s_instruments.jpg\"><img loading=\"lazy\" decoding=\"async\" class=\"aligncenter wp-image-8280\" src=\"http:\/\/gap47.astrosurf.com\/wp-content\/uploads\/2019\/02\/Juice_s_instruments-300x212.jpg\" alt=\"\" width=\"2200\" height=\"1555\" srcset=\"https:\/\/gap47.astrosurf.com\/wp-content\/uploads\/2019\/02\/Juice_s_instruments-300x212.jpg 300w, https:\/\/gap47.astrosurf.com\/wp-content\/uploads\/2019\/02\/Juice_s_instruments-768x543.jpg 768w, https:\/\/gap47.astrosurf.com\/wp-content\/uploads\/2019\/02\/Juice_s_instruments-1697x1200.jpg 1697w\" sizes=\"auto, (max-width: 767px) 89vw, (max-width: 1000px) 54vw, (max-width: 1071px) 543px, 580px\" \/><\/a><\/p>\n<p><span style=\"font-family: 'times new roman', times, serif; font-size: 20px;\">Juice de l\u2019ESA, emportera les plus puissants instruments quant aux facult\u00e9s de perception, en g\u00e9ophysique et en charge utile jamais envoy\u00e9e dans le syst\u00e8me solaire externe.<\/span><\/p>\n<p><span style=\"font-family: 'times new roman', times, serif; font-size: 20px;\"><strong>3GM<\/strong>, ou <strong>G<\/strong>ravit\u00e9 &amp; <strong>G<\/strong>\u00e9ophysique de Jupiter et des lunes <strong>G<\/strong>alil\u00e9ennes, est un ensemble radio comprenant le KaT (transpondeur Ka), USO (ultra stable oscillateur) et HAA (Acc\u00e9l\u00e9rom\u00e8tre de haute pr\u00e9cision). L\u2019exp\u00e9rimentation \u00e9tudiera la champ gravitationnel de Ganym\u00e8de, la taille des oc\u00e9ans internes sur ces unes glac\u00e9es, et la structure de l\u2019atmosph\u00e8re neutre et de l\u2019ionosph\u00e8re de Jupiter et se ses lunes.<\/span><\/p>\n<p><span style=\"font-family: 'times new roman', times, serif; font-size: 20px;\"><strong>Gala<\/strong>, l\u2019altim\u00e8tre Laser de Ganym\u00e8de, \u00e9tudiera la d\u00e9formation de Ganymede par les forces de mar\u00e9e et la topographie des surfaces des lunes glac\u00e9s.<\/span><\/p>\n<p><span style=\"font-family: 'times new roman', times, serif; font-size: 20px;\"><strong>JANUS<\/strong>, un syst\u00e8me de cam\u00e9ras optiques, \u00e9tudiera au niveaux global, r\u00e9gional et local les caract\u00e9ristiques et processus sur les lunes et \u00e9tablira une carte des nuages de Jupiter. Elle aura une resolution de 2,4 m par pixel sur Ganym\u00e8de et de 10 km sur Jupiter.<strong>&nbsp;<\/strong><\/span><\/p>\n<p><span style=\"font-family: 'times new roman', times, serif; font-size: 20px;\"><strong>J-MAG <\/strong>est le magn\u00e9tom\u00e8tre de Juice. Il est \u00e9quip\u00e9 avec des capteurs pour d\u00e9crire le champ magn\u00e9tique jovien et ses interactions avec celui de Ganym\u00e8de ainsi que pour \u00e9tudier les oc\u00e9ans souterrains des lunes glac\u00e9es.<\/span><\/p>\n<p><span style=\"font-family: 'times new roman', times, serif; font-size: 20px;\"><strong>MAJIS<\/strong> est le spectrom\u00e8tre d\u2019imagerie pour Jupiter et ses lunes. Il observera les caract\u00e9ristiques des nuages et les constituants atmosph\u00e9riques de Jupiter et d\u00e9crira les glaces et les min\u00e9raux sur la surface glac\u00e9e des lunes.<\/span><\/p>\n<p><span style=\"font-family: 'times new roman', times, serif; font-size: 20px;\"><strong>PEP<\/strong> est l\u2019ensemble charg\u00e9 d\u2019\u00e9tudier l\u2019environnement et ses particules. Cela comprend un ensemble de capteurs charg\u00e9s d\u2019analyser l\u2019environnement plasmatique du syst\u00e8me jovien.<\/span><\/p>\n<p><span style=\"font-family: 'times new roman', times, serif; font-size: 20px;\"><strong>RIME<\/strong>, est le radar pour l\u2019exploration des lunes de glace. C\u2019est un radar capable de p\u00e9n\u00e9trer \u00e0 travers la glace pour \u00e9tudier la structure de la subsurface des lunes glac\u00e9es jusqu\u2019\u00e0 une profondeur de 9 kilom\u00e8tres.<\/span><\/p>\n<p><span style=\"font-family: 'times new roman', times, serif; font-size: 20px;\"><strong>RPWI<\/strong>, est charg\u00e9 de la recherche des ondes radio et de plasma qui devra analyser les \u00e9missions de ces ondes dans l\u2019environnement de Jupiter et de ses lunes en utilisant des capteurs et des sondes.<strong>&nbsp;<\/strong><\/span><\/p>\n<p><span style=\"font-family: 'times new roman', times, serif; font-size: 20px;\"><strong>SWI<\/strong>, c\u2019est l\u2019instrument d\u00e9di\u00e9 aux ondes sub-millim\u00e9triques qui analysera la structure des temp\u00e9ratures , la composition et la dynamique de l\u2019atmosph\u00e8re de Jupiter ainsi que les exosph\u00e8res et les surfaces de lunes glac\u00e9es.<\/span><\/p>\n<p><span style=\"font-family: 'times new roman', times, serif; font-size: 20px;\"><strong>UVS<\/strong> est un spectrographe en ultraviolet destine \u00e0 d\u00e9crire la composition et la dynamique des exosph\u00e8res des lunes, \u00e9tudier les aurores joviennes ainsi que le composition et la structure de la haute atmosph\u00e8re de Jupiter.<\/span><\/p>\n<p><span style=\"font-family: 'times new roman', times, serif; font-size: 20px;\">La mission emportera aussi un interf\u00e9rom\u00e8tre radio plan\u00e9taire et d\u2019exp\u00e9rimentation Doppler (PRIDE) qui utilisera le syst\u00e8me standard de t\u00e9l\u00e9communications de la sonde pour communiquer avec les radiot\u00e9lescopes sur Terre pour effectuer des mesures pr\u00e9cises de la position et la vitesse de la sonde pour \u00e9tudier les champs gravitationnels de Jupiter et de ses lunes.<\/span><\/p>\n<p>&nbsp;<\/p>\n<p><strong><em><span style=\"font-family: arial, helvetica, sans-serif;\">Credits : ESA &#8211; European Space Agency <\/span><\/em><\/strong><em><span style=\"font-family: arial, helvetica, sans-serif;\">&#8211;&nbsp;<\/span><\/em><em><span style=\"font-family: arial, helvetica, sans-serif;\">(Traduction : Olivier Sabbagh)<\/span><\/em><\/p>\n","protected":false},"excerpt":{"rendered":"<p>Juice, la sonde europ\u00e9enne qui partira en 2022 vers Jupiter&nbsp; &nbsp; &nbsp; &nbsp;L\u2019Odyss\u00e9e jovienne de \u201cJuice\u201d JUICE = JUpiter ICy moons Explorer&nbsp;(l&rsquo;explorateur des lunes glac\u00e9es de Jupiter) &nbsp; ESA &#8211; 5 f\u00e9vrier 2019 La sonde de l\u2019ESA qui explorera les lunes glac\u00e9es de Jupiter, \u00ab&nbsp;Juice&nbsp;\u00bb, est programm\u00e9e pour partir en 2022 pour un voyage de &hellip; <\/p>\n<p class=\"link-more\"><a href=\"https:\/\/gap47.astrosurf.com\/index.php\/juice\/\" class=\"more-link\">Continuer la lecture<span class=\"screen-reader-text\"> de &laquo;&nbsp;Juice&nbsp;&raquo;<\/span><\/a><\/p>\n","protected":false},"author":5,"featured_media":0,"parent":0,"menu_order":0,"comment_status":"closed","ping_status":"closed","template":"","meta":{"_exactmetrics_skip_tracking":false,"_exactmetrics_sitenote_active":false,"_exactmetrics_sitenote_note":"","_exactmetrics_sitenote_category":0,"ngg_post_thumbnail":0,"footnotes":""},"class_list":["post-8277","page","type-page","status-publish","hentry"],"yoast_head":"<!-- This site is optimized with the Yoast SEO plugin v24.8.1 - https:\/\/yoast.com\/wordpress\/plugins\/seo\/ -->\n<title>Juice - L&#039;observatoire est ouvert aux visiteurs tous les vendredis soirs \u00e0 21 heures, jusqu&#039;au 3 juillet 2026 inclus, sans r\u00e9servation.<\/title>\n<meta name=\"robots\" content=\"index, follow, max-snippet:-1, max-image-preview:large, max-video-preview:-1\" \/>\n<link rel=\"canonical\" href=\"https:\/\/gap47.astrosurf.com\/index.php\/juice\/\" \/>\n<meta property=\"og:locale\" content=\"fr_FR\" \/>\n<meta property=\"og:type\" content=\"article\" \/>\n<meta property=\"og:title\" content=\"Juice - L&#039;observatoire est ouvert aux visiteurs tous les vendredis soirs \u00e0 21 heures, jusqu&#039;au 3 juillet 2026 inclus, sans r\u00e9servation.\" \/>\n<meta property=\"og:description\" content=\"Juice, la sonde europ\u00e9enne qui partira en 2022 vers Jupiter&nbsp; &nbsp; &nbsp; &nbsp;L\u2019Odyss\u00e9e jovienne de \u201cJuice\u201d JUICE = JUpiter ICy moons Explorer&nbsp;(l&rsquo;explorateur des lunes glac\u00e9es de Jupiter) &nbsp; ESA &#8211; 5 f\u00e9vrier 2019 La sonde de l\u2019ESA qui explorera les lunes glac\u00e9es de Jupiter, \u00ab&nbsp;Juice&nbsp;\u00bb, est programm\u00e9e pour partir en 2022 pour un voyage de &hellip; Continuer la lecture de &laquo;&nbsp;Juice&nbsp;&raquo;\" \/>\n<meta property=\"og:url\" content=\"https:\/\/gap47.astrosurf.com\/index.php\/juice\/\" \/>\n<meta property=\"og:site_name\" content=\"L&#039;observatoire est ouvert aux visiteurs tous les vendredis soirs \u00e0 21 heures, jusqu&#039;au 3 juillet 2026 inclus, sans r\u00e9servation.\" \/>\n<meta property=\"article:publisher\" content=\"https:\/\/www.facebook.com\/astrogap47\/\" \/>\n<meta property=\"article:modified_time\" content=\"2019-02-08T01:37:00+00:00\" \/>\n<meta property=\"og:image\" content=\"http:\/\/gap47.astrosurf.com\/wp-content\/uploads\/2019\/02\/Juice_s_instruments-300x212.jpg\" \/>\n<meta name=\"twitter:card\" content=\"summary_large_image\" \/>\n<meta name=\"twitter:label1\" content=\"Dur\u00e9e de lecture estim\u00e9e\" \/>\n\t<meta name=\"twitter:data1\" content=\"8 minutes\" \/>\n<script type=\"application\/ld+json\" class=\"yoast-schema-graph\">{\"@context\":\"https:\/\/schema.org\",\"@graph\":[{\"@type\":\"WebPage\",\"@id\":\"https:\/\/gap47.astrosurf.com\/index.php\/juice\/\",\"url\":\"https:\/\/gap47.astrosurf.com\/index.php\/juice\/\",\"name\":\"Juice - L&#039;observatoire est ouvert aux visiteurs tous les vendredis soirs \u00e0 21 heures, jusqu&#039;au 3 juillet 2026 inclus, sans r\u00e9servation.\",\"isPartOf\":{\"@id\":\"https:\/\/gap47.astrosurf.com\/#website\"},\"primaryImageOfPage\":{\"@id\":\"https:\/\/gap47.astrosurf.com\/index.php\/juice\/#primaryimage\"},\"image\":{\"@id\":\"https:\/\/gap47.astrosurf.com\/index.php\/juice\/#primaryimage\"},\"thumbnailUrl\":\"http:\/\/gap47.astrosurf.com\/wp-content\/uploads\/2019\/02\/Juice_s_instruments-300x212.jpg\",\"datePublished\":\"2019-02-08T01:03:51+00:00\",\"dateModified\":\"2019-02-08T01:37:00+00:00\",\"breadcrumb\":{\"@id\":\"https:\/\/gap47.astrosurf.com\/index.php\/juice\/#breadcrumb\"},\"inLanguage\":\"fr-FR\",\"potentialAction\":[{\"@type\":\"ReadAction\",\"target\":[\"https:\/\/gap47.astrosurf.com\/index.php\/juice\/\"]}]},{\"@type\":\"ImageObject\",\"inLanguage\":\"fr-FR\",\"@id\":\"https:\/\/gap47.astrosurf.com\/index.php\/juice\/#primaryimage\",\"url\":\"https:\/\/gap47.astrosurf.com\/wp-content\/uploads\/2019\/02\/Juice_s_instruments.jpg\",\"contentUrl\":\"https:\/\/gap47.astrosurf.com\/wp-content\/uploads\/2019\/02\/Juice_s_instruments.jpg\",\"width\":3508,\"height\":2480},{\"@type\":\"BreadcrumbList\",\"@id\":\"https:\/\/gap47.astrosurf.com\/index.php\/juice\/#breadcrumb\",\"itemListElement\":[{\"@type\":\"ListItem\",\"position\":1,\"name\":\"Accueil\",\"item\":\"https:\/\/gap47.astrosurf.com\/\"},{\"@type\":\"ListItem\",\"position\":2,\"name\":\"Juice\"}]},{\"@type\":\"WebSite\",\"@id\":\"https:\/\/gap47.astrosurf.com\/#website\",\"url\":\"https:\/\/gap47.astrosurf.com\/\",\"name\":\"De janvier \u00e0 fin juin 2024, le GAP47 sera ouvert aux visiteurs tous les vendredis \u00e0 21h sans r\u00e9servation, \u00e0 l'exception du vendredi 26 janvier o\u00f9 l'observatoire sera ferm\u00e9 au public.\",\"description\":\"Groupe d&#039;Astronomie Populaire du Lot-et-Garonne, \u00e0 Montayral\",\"potentialAction\":[{\"@type\":\"SearchAction\",\"target\":{\"@type\":\"EntryPoint\",\"urlTemplate\":\"https:\/\/gap47.astrosurf.com\/?s={search_term_string}\"},\"query-input\":{\"@type\":\"PropertyValueSpecification\",\"valueRequired\":true,\"valueName\":\"search_term_string\"}}],\"inLanguage\":\"fr-FR\"}]}<\/script>\n<!-- \/ Yoast SEO plugin. -->","yoast_head_json":{"title":"Juice - L&#039;observatoire est ouvert aux visiteurs tous les vendredis soirs \u00e0 21 heures, jusqu&#039;au 3 juillet 2026 inclus, sans r\u00e9servation.","robots":{"index":"index","follow":"follow","max-snippet":"max-snippet:-1","max-image-preview":"max-image-preview:large","max-video-preview":"max-video-preview:-1"},"canonical":"https:\/\/gap47.astrosurf.com\/index.php\/juice\/","og_locale":"fr_FR","og_type":"article","og_title":"Juice - L&#039;observatoire est ouvert aux visiteurs tous les vendredis soirs \u00e0 21 heures, jusqu&#039;au 3 juillet 2026 inclus, sans r\u00e9servation.","og_description":"Juice, la sonde europ\u00e9enne qui partira en 2022 vers Jupiter&nbsp; &nbsp; &nbsp; &nbsp;L\u2019Odyss\u00e9e jovienne de \u201cJuice\u201d JUICE = JUpiter ICy moons Explorer&nbsp;(l&rsquo;explorateur des lunes glac\u00e9es de Jupiter) &nbsp; ESA &#8211; 5 f\u00e9vrier 2019 La sonde de l\u2019ESA qui explorera les lunes glac\u00e9es de Jupiter, \u00ab&nbsp;Juice&nbsp;\u00bb, est programm\u00e9e pour partir en 2022 pour un voyage de &hellip; Continuer la lecture de &laquo;&nbsp;Juice&nbsp;&raquo;","og_url":"https:\/\/gap47.astrosurf.com\/index.php\/juice\/","og_site_name":"L&#039;observatoire est ouvert aux visiteurs tous les vendredis soirs \u00e0 21 heures, jusqu&#039;au 3 juillet 2026 inclus, sans r\u00e9servation.","article_publisher":"https:\/\/www.facebook.com\/astrogap47\/","article_modified_time":"2019-02-08T01:37:00+00:00","og_image":[{"url":"http:\/\/gap47.astrosurf.com\/wp-content\/uploads\/2019\/02\/Juice_s_instruments-300x212.jpg","type":"","width":"","height":""}],"twitter_card":"summary_large_image","twitter_misc":{"Dur\u00e9e de lecture estim\u00e9e":"8 minutes"},"schema":{"@context":"https:\/\/schema.org","@graph":[{"@type":"WebPage","@id":"https:\/\/gap47.astrosurf.com\/index.php\/juice\/","url":"https:\/\/gap47.astrosurf.com\/index.php\/juice\/","name":"Juice - L&#039;observatoire est ouvert aux visiteurs tous les vendredis soirs \u00e0 21 heures, jusqu&#039;au 3 juillet 2026 inclus, sans r\u00e9servation.","isPartOf":{"@id":"https:\/\/gap47.astrosurf.com\/#website"},"primaryImageOfPage":{"@id":"https:\/\/gap47.astrosurf.com\/index.php\/juice\/#primaryimage"},"image":{"@id":"https:\/\/gap47.astrosurf.com\/index.php\/juice\/#primaryimage"},"thumbnailUrl":"http:\/\/gap47.astrosurf.com\/wp-content\/uploads\/2019\/02\/Juice_s_instruments-300x212.jpg","datePublished":"2019-02-08T01:03:51+00:00","dateModified":"2019-02-08T01:37:00+00:00","breadcrumb":{"@id":"https:\/\/gap47.astrosurf.com\/index.php\/juice\/#breadcrumb"},"inLanguage":"fr-FR","potentialAction":[{"@type":"ReadAction","target":["https:\/\/gap47.astrosurf.com\/index.php\/juice\/"]}]},{"@type":"ImageObject","inLanguage":"fr-FR","@id":"https:\/\/gap47.astrosurf.com\/index.php\/juice\/#primaryimage","url":"https:\/\/gap47.astrosurf.com\/wp-content\/uploads\/2019\/02\/Juice_s_instruments.jpg","contentUrl":"https:\/\/gap47.astrosurf.com\/wp-content\/uploads\/2019\/02\/Juice_s_instruments.jpg","width":3508,"height":2480},{"@type":"BreadcrumbList","@id":"https:\/\/gap47.astrosurf.com\/index.php\/juice\/#breadcrumb","itemListElement":[{"@type":"ListItem","position":1,"name":"Accueil","item":"https:\/\/gap47.astrosurf.com\/"},{"@type":"ListItem","position":2,"name":"Juice"}]},{"@type":"WebSite","@id":"https:\/\/gap47.astrosurf.com\/#website","url":"https:\/\/gap47.astrosurf.com\/","name":"De janvier \u00e0 fin juin 2024, le GAP47 sera ouvert aux visiteurs tous les vendredis \u00e0 21h sans r\u00e9servation, \u00e0 l'exception du vendredi 26 janvier o\u00f9 l'observatoire sera ferm\u00e9 au public.","description":"Groupe d&#039;Astronomie Populaire du Lot-et-Garonne, \u00e0 Montayral","potentialAction":[{"@type":"SearchAction","target":{"@type":"EntryPoint","urlTemplate":"https:\/\/gap47.astrosurf.com\/?s={search_term_string}"},"query-input":{"@type":"PropertyValueSpecification","valueRequired":true,"valueName":"search_term_string"}}],"inLanguage":"fr-FR"}]}},"_links":{"self":[{"href":"https:\/\/gap47.astrosurf.com\/index.php\/wp-json\/wp\/v2\/pages\/8277","targetHints":{"allow":["GET"]}}],"collection":[{"href":"https:\/\/gap47.astrosurf.com\/index.php\/wp-json\/wp\/v2\/pages"}],"about":[{"href":"https:\/\/gap47.astrosurf.com\/index.php\/wp-json\/wp\/v2\/types\/page"}],"author":[{"embeddable":true,"href":"https:\/\/gap47.astrosurf.com\/index.php\/wp-json\/wp\/v2\/users\/5"}],"replies":[{"embeddable":true,"href":"https:\/\/gap47.astrosurf.com\/index.php\/wp-json\/wp\/v2\/comments?post=8277"}],"version-history":[{"count":8,"href":"https:\/\/gap47.astrosurf.com\/index.php\/wp-json\/wp\/v2\/pages\/8277\/revisions"}],"predecessor-version":[{"id":8287,"href":"https:\/\/gap47.astrosurf.com\/index.php\/wp-json\/wp\/v2\/pages\/8277\/revisions\/8287"}],"wp:attachment":[{"href":"https:\/\/gap47.astrosurf.com\/index.php\/wp-json\/wp\/v2\/media?parent=8277"}],"curies":[{"name":"wp","href":"https:\/\/api.w.org\/{rel}","templated":true}]}}