 {"id":8190,"date":"2018-12-18T03:56:23","date_gmt":"2018-12-18T01:56:23","guid":{"rendered":"http:\/\/gap47.astrosurf.com\/?page_id=8190"},"modified":"2022-09-14T02:15:49","modified_gmt":"2022-09-14T00:15:49","slug":"en-direct-du-soleil","status":"publish","type":"page","link":"https:\/\/gap47.astrosurf.com\/index.php\/accueil\/en-direct-du-soleil\/","title":{"rendered":"En direct du Soleil"},"content":{"rendered":"<p><span style=\"font-size: 20px;\"><strong><span style=\"font-family: arial, helvetica, sans-serif;\">Les deux sous-menus accessibles sont :<\/span><\/strong><\/span><\/p>\n<p><strong><span style=\"font-family: 'times new roman', times, serif; font-size: 20px;\">1 &#8211; <a href=\"http:\/\/gap47.astrosurf.com\/index.php\/accueil\/en-direct-du-soleil\/taches-solaires\/\" target=\"_blank\" rel=\"noopener\">Les taches solaires du jour<\/a> :<\/span><\/strong><br \/>\n<span style=\"font-family: 'times new roman', times, serif; font-size: 20px;\">Vous pourrez voir les taches actuellement pr\u00e9sentes \u00e0 la surface du Soleil, gr\u00e2ce \u00e0 des photos mises \u00e0 jour quotidiennement, en provenance du t\u00e9lescope spatial en orbite g\u00e9osynchrone&nbsp;<strong>SDO<\/strong>.<\/span><\/p>\n<p><strong><span style=\"font-family: 'times new roman', times, serif; font-size: 20px;\">2 &#8211; <a href=\"http:\/\/gap47.astrosurf.com\/index.php\/accueil\/en-direct-du-soleil\/le-soleil-dans-tous-des-etats\/\" target=\"_blank\" rel=\"noopener\">Le Soleil dans tous ses \u00e9tats<\/a> :&nbsp;<\/span><\/strong><br \/>\n<span style=\"font-family: 'times new roman', times, serif; font-size: 20px;\">Vous pourrez voir des images du Soleil provenant du t\u00e9lescope spatial en orbite h\u00e9liocentrique <strong>SoHO<\/strong> dans quatre longueurs d&rsquo;onde diff\u00e9rentes de l&rsquo;ultraviolet, des images utilisant les 2 coronographes de ce t\u00e9lescope et aussi des images des taches solaires ainsi que du magn\u00e9tisme du Soleil. Toutes&nbsp;ces photos sont \u00e9galement mises \u00e0 jour quotidiennement.<\/span><\/p>\n<hr>\n<p>&nbsp;<\/p>\n","protected":false},"excerpt":{"rendered":"<p>Les deux sous-menus accessibles sont : 1 &#8211; Les taches solaires du jour : Vous pourrez voir les taches actuellement pr\u00e9sentes \u00e0 la surface du Soleil, gr\u00e2ce \u00e0 des photos mises \u00e0 jour quotidiennement, en provenance du t\u00e9lescope spatial en orbite g\u00e9osynchrone&nbsp;SDO. 2 &#8211; Le Soleil dans tous ses \u00e9tats :&nbsp; Vous pourrez voir des &hellip; <\/p>\n<p class=\"link-more\"><a href=\"https:\/\/gap47.astrosurf.com\/index.php\/accueil\/en-direct-du-soleil\/\" class=\"more-link\">Continuer la lecture<span class=\"screen-reader-text\"> de &laquo;&nbsp;En direct du Soleil&nbsp;&raquo;<\/span><\/a><\/p>\n","protected":false},"author":5,"featured_media":0,"parent":73,"menu_order":4,"comment_status":"closed","ping_status":"closed","template":"","meta":{"_exactmetrics_skip_tracking":false,"_exactmetrics_sitenote_active":false,"_exactmetrics_sitenote_note":"","_exactmetrics_sitenote_category":0,"ngg_post_thumbnail":0,"footnotes":""},"class_list":["post-8190","page","type-page","status-publish","hentry"],"yoast_head":"<!-- This site is optimized with the Yoast SEO plugin v24.8.1 - https:\/\/yoast.com\/wordpress\/plugins\/seo\/ -->\n<title>En direct du Soleil - L&#039;observatoire est ouvert aux visiteurs tous les vendredis soirs \u00e0 21 heures, jusqu&#039;au 3 juillet 2026 inclus, sans r\u00e9servation.<\/title>\n<meta name=\"robots\" content=\"index, follow, max-snippet:-1, max-image-preview:large, max-video-preview:-1\" \/>\n<link rel=\"canonical\" href=\"https:\/\/gap47.astrosurf.com\/index.php\/accueil\/en-direct-du-soleil\/\" \/>\n<meta property=\"og:locale\" content=\"fr_FR\" \/>\n<meta property=\"og:type\" content=\"article\" \/>\n<meta property=\"og:title\" content=\"En direct du Soleil - L&#039;observatoire est ouvert aux visiteurs tous les vendredis soirs \u00e0 21 heures, jusqu&#039;au 3 juillet 2026 inclus, sans r\u00e9servation.\" \/>\n<meta property=\"og:description\" content=\"Les deux sous-menus accessibles sont : 1 &#8211; Les taches solaires du jour : Vous pourrez voir les taches actuellement pr\u00e9sentes \u00e0 la surface du Soleil, gr\u00e2ce \u00e0 des photos mises \u00e0 jour quotidiennement, en provenance du t\u00e9lescope spatial en orbite g\u00e9osynchrone&nbsp;SDO. 2 &#8211; Le Soleil dans tous ses \u00e9tats :&nbsp; Vous pourrez voir des &hellip; Continuer la lecture de &laquo;&nbsp;En direct du Soleil&nbsp;&raquo;\" \/>\n<meta property=\"og:url\" content=\"https:\/\/gap47.astrosurf.com\/index.php\/accueil\/en-direct-du-soleil\/\" \/>\n<meta property=\"og:site_name\" content=\"L&#039;observatoire est ouvert aux visiteurs tous les vendredis soirs \u00e0 21 heures, jusqu&#039;au 3 juillet 2026 inclus, sans r\u00e9servation.\" \/>\n<meta property=\"article:publisher\" content=\"https:\/\/www.facebook.com\/astrogap47\/\" \/>\n<meta property=\"article:modified_time\" content=\"2022-09-14T00:15:49+00:00\" \/>\n<meta name=\"twitter:card\" content=\"summary_large_image\" \/>\n<meta name=\"twitter:label1\" content=\"Dur\u00e9e de lecture estim\u00e9e\" \/>\n\t<meta name=\"twitter:data1\" content=\"1 minute\" \/>\n<script type=\"application\/ld+json\" class=\"yoast-schema-graph\">{\"@context\":\"https:\/\/schema.org\",\"@graph\":[{\"@type\":\"WebPage\",\"@id\":\"https:\/\/gap47.astrosurf.com\/index.php\/accueil\/en-direct-du-soleil\/\",\"url\":\"https:\/\/gap47.astrosurf.com\/index.php\/accueil\/en-direct-du-soleil\/\",\"name\":\"En direct du Soleil - L&#039;observatoire est ouvert aux visiteurs tous les vendredis soirs \u00e0 21 heures, jusqu&#039;au 3 juillet 2026 inclus, sans r\u00e9servation.\",\"isPartOf\":{\"@id\":\"https:\/\/gap47.astrosurf.com\/#website\"},\"datePublished\":\"2018-12-18T01:56:23+00:00\",\"dateModified\":\"2022-09-14T00:15:49+00:00\",\"breadcrumb\":{\"@id\":\"https:\/\/gap47.astrosurf.com\/index.php\/accueil\/en-direct-du-soleil\/#breadcrumb\"},\"inLanguage\":\"fr-FR\",\"potentialAction\":[{\"@type\":\"ReadAction\",\"target\":[\"https:\/\/gap47.astrosurf.com\/index.php\/accueil\/en-direct-du-soleil\/\"]}]},{\"@type\":\"BreadcrumbList\",\"@id\":\"https:\/\/gap47.astrosurf.com\/index.php\/accueil\/en-direct-du-soleil\/#breadcrumb\",\"itemListElement\":[{\"@type\":\"ListItem\",\"position\":1,\"name\":\"Accueil\",\"item\":\"https:\/\/gap47.astrosurf.com\/\"},{\"@type\":\"ListItem\",\"position\":2,\"name\":\"Accueil\",\"item\":\"https:\/\/gap47.astrosurf.com\/index.php\/accueil\/\"},{\"@type\":\"ListItem\",\"position\":3,\"name\":\"En direct du Soleil\"}]},{\"@type\":\"WebSite\",\"@id\":\"https:\/\/gap47.astrosurf.com\/#website\",\"url\":\"https:\/\/gap47.astrosurf.com\/\",\"name\":\"De janvier \u00e0 fin juin 2024, le GAP47 sera ouvert aux visiteurs tous les vendredis \u00e0 21h sans r\u00e9servation, \u00e0 l'exception du vendredi 26 janvier o\u00f9 l'observatoire sera ferm\u00e9 au public.\",\"description\":\"Groupe d&#039;Astronomie Populaire du Lot-et-Garonne, \u00e0 Montayral\",\"potentialAction\":[{\"@type\":\"SearchAction\",\"target\":{\"@type\":\"EntryPoint\",\"urlTemplate\":\"https:\/\/gap47.astrosurf.com\/?s={search_term_string}\"},\"query-input\":{\"@type\":\"PropertyValueSpecification\",\"valueRequired\":true,\"valueName\":\"search_term_string\"}}],\"inLanguage\":\"fr-FR\"}]}<\/script>\n<!-- \/ Yoast SEO plugin. -->","yoast_head_json":{"title":"En direct du Soleil - L&#039;observatoire est ouvert aux visiteurs tous les vendredis soirs \u00e0 21 heures, jusqu&#039;au 3 juillet 2026 inclus, sans r\u00e9servation.","robots":{"index":"index","follow":"follow","max-snippet":"max-snippet:-1","max-image-preview":"max-image-preview:large","max-video-preview":"max-video-preview:-1"},"canonical":"https:\/\/gap47.astrosurf.com\/index.php\/accueil\/en-direct-du-soleil\/","og_locale":"fr_FR","og_type":"article","og_title":"En direct du Soleil - L&#039;observatoire est ouvert aux visiteurs tous les vendredis soirs \u00e0 21 heures, jusqu&#039;au 3 juillet 2026 inclus, sans r\u00e9servation.","og_description":"Les deux sous-menus accessibles sont : 1 &#8211; Les taches solaires du jour : Vous pourrez voir les taches actuellement pr\u00e9sentes \u00e0 la surface du Soleil, gr\u00e2ce \u00e0 des photos mises \u00e0 jour quotidiennement, en provenance du t\u00e9lescope spatial en orbite g\u00e9osynchrone&nbsp;SDO. 2 &#8211; Le Soleil dans tous ses \u00e9tats :&nbsp; Vous pourrez voir des &hellip; Continuer la lecture de &laquo;&nbsp;En direct du Soleil&nbsp;&raquo;","og_url":"https:\/\/gap47.astrosurf.com\/index.php\/accueil\/en-direct-du-soleil\/","og_site_name":"L&#039;observatoire est ouvert aux visiteurs tous les vendredis soirs \u00e0 21 heures, jusqu&#039;au 3 juillet 2026 inclus, sans r\u00e9servation.","article_publisher":"https:\/\/www.facebook.com\/astrogap47\/","article_modified_time":"2022-09-14T00:15:49+00:00","twitter_card":"summary_large_image","twitter_misc":{"Dur\u00e9e de lecture estim\u00e9e":"1 minute"},"schema":{"@context":"https:\/\/schema.org","@graph":[{"@type":"WebPage","@id":"https:\/\/gap47.astrosurf.com\/index.php\/accueil\/en-direct-du-soleil\/","url":"https:\/\/gap47.astrosurf.com\/index.php\/accueil\/en-direct-du-soleil\/","name":"En direct du Soleil - L&#039;observatoire est ouvert aux visiteurs tous les vendredis soirs \u00e0 21 heures, jusqu&#039;au 3 juillet 2026 inclus, sans r\u00e9servation.","isPartOf":{"@id":"https:\/\/gap47.astrosurf.com\/#website"},"datePublished":"2018-12-18T01:56:23+00:00","dateModified":"2022-09-14T00:15:49+00:00","breadcrumb":{"@id":"https:\/\/gap47.astrosurf.com\/index.php\/accueil\/en-direct-du-soleil\/#breadcrumb"},"inLanguage":"fr-FR","potentialAction":[{"@type":"ReadAction","target":["https:\/\/gap47.astrosurf.com\/index.php\/accueil\/en-direct-du-soleil\/"]}]},{"@type":"BreadcrumbList","@id":"https:\/\/gap47.astrosurf.com\/index.php\/accueil\/en-direct-du-soleil\/#breadcrumb","itemListElement":[{"@type":"ListItem","position":1,"name":"Accueil","item":"https:\/\/gap47.astrosurf.com\/"},{"@type":"ListItem","position":2,"name":"Accueil","item":"https:\/\/gap47.astrosurf.com\/index.php\/accueil\/"},{"@type":"ListItem","position":3,"name":"En direct du Soleil"}]},{"@type":"WebSite","@id":"https:\/\/gap47.astrosurf.com\/#website","url":"https:\/\/gap47.astrosurf.com\/","name":"De janvier \u00e0 fin juin 2024, le GAP47 sera ouvert aux visiteurs tous les vendredis \u00e0 21h sans r\u00e9servation, \u00e0 l'exception du vendredi 26 janvier o\u00f9 l'observatoire sera ferm\u00e9 au public.","description":"Groupe d&#039;Astronomie Populaire du Lot-et-Garonne, \u00e0 Montayral","potentialAction":[{"@type":"SearchAction","target":{"@type":"EntryPoint","urlTemplate":"https:\/\/gap47.astrosurf.com\/?s={search_term_string}"},"query-input":{"@type":"PropertyValueSpecification","valueRequired":true,"valueName":"search_term_string"}}],"inLanguage":"fr-FR"}]}},"_links":{"self":[{"href":"https:\/\/gap47.astrosurf.com\/index.php\/wp-json\/wp\/v2\/pages\/8190","targetHints":{"allow":["GET"]}}],"collection":[{"href":"https:\/\/gap47.astrosurf.com\/index.php\/wp-json\/wp\/v2\/pages"}],"about":[{"href":"https:\/\/gap47.astrosurf.com\/index.php\/wp-json\/wp\/v2\/types\/page"}],"author":[{"embeddable":true,"href":"https:\/\/gap47.astrosurf.com\/index.php\/wp-json\/wp\/v2\/users\/5"}],"replies":[{"embeddable":true,"href":"https:\/\/gap47.astrosurf.com\/index.php\/wp-json\/wp\/v2\/comments?post=8190"}],"version-history":[{"count":13,"href":"https:\/\/gap47.astrosurf.com\/index.php\/wp-json\/wp\/v2\/pages\/8190\/revisions"}],"predecessor-version":[{"id":8227,"href":"https:\/\/gap47.astrosurf.com\/index.php\/wp-json\/wp\/v2\/pages\/8190\/revisions\/8227"}],"up":[{"embeddable":true,"href":"https:\/\/gap47.astrosurf.com\/index.php\/wp-json\/wp\/v2\/pages\/73"}],"wp:attachment":[{"href":"https:\/\/gap47.astrosurf.com\/index.php\/wp-json\/wp\/v2\/media?parent=8190"}],"curies":[{"name":"wp","href":"https:\/\/api.w.org\/{rel}","templated":true}]}}