 {"id":8162,"date":"2018-12-16T19:58:30","date_gmt":"2018-12-16T17:58:30","guid":{"rendered":"http:\/\/gap47.astrosurf.com\/?page_id=8162"},"modified":"2022-09-14T02:43:05","modified_gmt":"2022-09-14T00:43:05","slug":"le-soleil-dans-tous-des-etats","status":"publish","type":"page","link":"https:\/\/gap47.astrosurf.com\/index.php\/accueil\/en-direct-du-soleil\/le-soleil-dans-tous-des-etats\/","title":{"rendered":"Le Soleil dans tous ses \u00e9tats"},"content":{"rendered":"<p style=\"text-align: center;\"><span style=\"font-family: arial, helvetica, sans-serif; font-size: 24px; color: #008000;\"><strong>Regardez le Soleil comme vous ne l&rsquo;avez jamais vu !<\/strong><\/span><\/p>\n<p><span style=\"font-family: 'times new roman', times, serif; font-size: 20px;\">Depuis le t\u00e9lescope spatial <strong>SoHO<\/strong>, fruit de la collaboration entre la NASA et l&rsquo;ESA (agence spatiale europ\u00e9enne), vous pouvez voir le Soleil dans diff\u00e9rentes longueurs d&rsquo;onde <em><strong>avec des images mises \u00e0 jour quotidiennement<\/strong><\/em>.<\/span><\/p>\n<p><span style=\"font-family: 'times new roman', times, serif; font-size: 20px;\">Une fois la page de SoHO affich\u00e9e, vous pouvez cliquer sur chacune des 8 photos pour la voir en plus grand. Une fois cette photo affich\u00e9e, vous pouvez cliquer une deuxi\u00e8me fois sur la photo pour en augmenter encore la taille ! Utilisez la fl\u00e8che \u00ab\u00a0retour\u00a0\u00bb de votre navigateur pour revenir en arri\u00e8re et examiner d&rsquo;autres photos.<\/span><\/p>\n<p style=\"text-align: center;\"><a href=\"https:\/\/sohowww.nascom.nasa.gov\/data\/realtime\/realtime-update.html#top\" target=\"_blank\" rel=\"noopener noreferrer\"><em><span style=\"font-family: 'times new roman', times, serif;\"><img loading=\"lazy\" decoding=\"async\" class=\"aligncenter wp-image-8215\" src=\"http:\/\/gap47.astrosurf.com\/wp-content\/uploads\/2018\/12\/SDO-page.jpg\" alt=\"\" width=\"500\" height=\"349\" srcset=\"https:\/\/gap47.astrosurf.com\/wp-content\/uploads\/2018\/12\/SDO-page.jpg 1990w, https:\/\/gap47.astrosurf.com\/wp-content\/uploads\/2018\/12\/SDO-page-300x209.jpg 300w, https:\/\/gap47.astrosurf.com\/wp-content\/uploads\/2018\/12\/SDO-page-768x536.jpg 768w, https:\/\/gap47.astrosurf.com\/wp-content\/uploads\/2018\/12\/SDO-page-1719x1200.jpg 1719w\" sizes=\"auto, (max-width: 500px) 100vw, 500px\" \/><\/span><\/em><\/a><span style=\"font-size: 20px;\"><em><span style=\"font-family: 'times new roman', times, serif;\">\u2191&nbsp; &nbsp;Cliquez sur cette photo pour acc\u00e9der \u00e0 la page des images de SoHO<\/span><\/em><\/span><\/p>\n<p>&nbsp;<\/p>\n<p><strong><span style=\"font-family: arial, helvetica, sans-serif; font-size: 20px;\">Signification des labels figurant au-dessus de chaque image :<\/span><\/strong><\/p>\n<p><span style=\"font-family: 'times new roman', times, serif; font-size: 20px;\"><strong>LASCO<\/strong> (Large Angle Spectrometric Coronagraph \u2013 Coronographe spectrom\u00e9trique \u00e0 grand angle) est capable de prendre des images de la couronne solaire en bloquant la lumi\u00e8re \u00e9mise directement depuis le Soleil gr\u00e2ce \u00e0 un disque d\u2019occultation qui cr\u00e9\u00e9e une \u00e9clipse artificielle dans l\u2019instrument lui-m\u00eame. La position du disque est indiqu\u00e9e par un cercle blanc. La particularit\u00e9 principale de la couronne est celle des \u00ab&nbsp;jets coronaux&nbsp;\u00bb, ces bandes presque radiales qui peuvent \u00eatre vues dans C2 et C3. Occasionnellement, une \u00e9jection de masse coronale peut intervenir, \u00e9ject\u00e9e du Soleil, et peut traverser le champ visuel des deux coronographes. L\u2019ombre allant du bas \u00e0 gauche jusqu\u2019au centre de l\u2019image est due au support du disque d\u2019occultation. Vous pourrez remarquer que, sur les images LASCO, le Soleil \u00e9tant cach\u00e9 par un disque, la cam\u00e9ra de SDO n&rsquo;est plus \u00ab\u00a0\u00e9blouie\u00a0\u00bb par la lumi\u00e8re aveuglante du Soleil et que, ipso facto, on voit tr\u00e8s bien de nombreuses \u00e9toiles derri\u00e8re le Soleil !<\/span><\/p>\n<p><span style=\"font-family: 'times new roman', times, serif; font-size: 20px;\"><span style=\"color: #ff0000;\"><strong>Les images C2<\/strong><\/span> montrent la couronne solaire interne jusqu\u2019\u00e0 8,4 millions de kilom\u00e8tres de la surface du Soleil.<\/span><\/p>\n<p><span style=\"font-family: 'times new roman', times, serif; font-size: 20px;\"><span style=\"color: #ff0000;\"><strong>Les images C3<\/strong><\/span> ont un plus large champ et englobent jusqu\u2019\u00e0 32 fois le diam\u00e8tre solaire, soit jusqu\u2019\u00e0 45 millions de kilom\u00e8tres de la surface du Soleil, soit jusqu\u2019\u00e0 la moiti\u00e9 de l\u2019orbite de Mercure.<\/span><\/p>\n<p>&nbsp;<\/p>\n<p><span style=\"font-family: 'times new roman', times, serif; font-size: 20px;\"><strong>EIT<\/strong> (Extreme ultraviolet Imaging Telescope \u2013 T\u00e9lescope d\u2019imagerie en extr\u00eame ultraviolet) permettent de voir l\u2019atmosph\u00e8re solaire dans diff\u00e9rentes longueurs d\u2019onde et, par cons\u00e9quent, le mat\u00e9riau solaire \u00e0 diff\u00e9rentes temp\u00e9ratures. Dans les images prises \u00e0 304 \u00c5ngstr\u00f6m (1 \u00c5ngstr\u00f6m = 0,1 nanom\u00e8tre ou 10<sup>-10<\/sup> m) les parties brillantes sont entre 60.000 et 80.000 Kelvins. Pour celles prises \u00e0 171 \u00c5ngstr\u00f6m c\u2019est un million de K, \u00e0 195 \u00c5ngstr\u00f6m c\u2019est 1,5 million de K et \u00e0 284 \u00c5ngstr\u00f6m c\u2019est 2 millions de K. Plus la temp\u00e9rature s\u2019\u00e9l\u00e8ve, plus vous montez haut dans l\u2019atmosph\u00e8re du Soleil.<\/span><\/p>\n<p>&nbsp;<\/p>\n<p><span style=\"font-family: 'times new roman', times, serif; font-size: 20px;\">Le <strong>MDI<\/strong> (Michelson Doppler Imager \u2013 Imageur Doppler Michelson) les images <span style=\"color: #ff0000;\"><strong>HMI Continuum<\/strong><\/span> sont prises en continu pr\u00e8s de la ligne Ni I 6768 \u00c5ngstr\u00f6m. La caract\u00e9ristique essentielle est la vision des taches solaires, quand il y en a. C\u2019est \u00e0 peu pr\u00e8s \u00e0 quoi ressemble le Soleil dans le spectre de la lumi\u00e8re visible, par exemple quand on regarde le Soleil avec des lunettes sp\u00e9ciales pour les \u00e9clipses.&nbsp;L\u2019image <span style=\"color: #ff0000;\"><strong>HMI Magnetogram<\/strong><\/span> montre le champ magn\u00e9tique dans la photosph\u00e8re solaire, avec des noirs et des blancs qui montrent les polarit\u00e9s oppos\u00e9es.<\/span><\/p>\n<hr>\n<p style=\"text-align: center;\"><span style=\"font-family: arial, helvetica, sans-serif;\"><strong><span style=\"font-size: 20px;\">APOD 2020 08 19 \u2013 Le Soleil en rotation<\/span><\/strong><\/span><\/p>\n<div class=\"ose-youtube ose-uid-34eed85152b847a93e589b099faed601 ose-embedpress-responsive\" style=\"width:600px; height:550px; max-height:550px; max-width:100%; display:inline-block;\" data-embed-type=\"Youtube\"><iframe loading=\"lazy\" allowFullScreen=\"true\" title=\"The Sun - January 2014\" width=\"600\" height=\"550\" src=\"https:\/\/www.youtube.com\/embed\/2WRgXvdasm0?feature=oembed&color=red&rel=0&controls=1&start=&end=&fs=0&iv_load_policy=0&autoplay=0&mute=0&modestbranding=0&cc_load_policy=1&playsinline=1\" frameborder=\"0\" allow=\"accelerometer; encrypted-media;accelerometer;autoplay;clipboard-write;gyroscope;picture-in-picture clipboard-write; encrypted-media; gyroscope; picture-in-picture; web-share\" referrerpolicy=\"strict-origin-when-cross-origin\" allowfullscreen><\/iframe><\/div>\n<p><span style=\"font-family: 'times new roman', times, serif; font-size: 20px;\">Est-ce que le Soleil change d\u2019aspect quand il est en rotation sur lui-m\u00eame&nbsp;? Oui, et les changements peuvent \u00eatre subtils ou spectaculaires. Dans ce time-lapse, notre Soleil, imag\u00e9 par l\u2019observatoire spatial SDO de la NASA, montre la rotation de notre \u00e9toile pendant un mois entier en 2014. Dans la grande image de gauche, la chromosph\u00e8re est montr\u00e9e en lumi\u00e8re ultraviolette, alors que les images du haut, imm\u00e9diatement \u00e0 droite, le Soleil est vu en lumi\u00e8re visible. Les 5 images restantes montrent le Soleil avec des \u00e9missions de rayons-X, o\u00f9 l\u2019on voit des rares atomes de fer, situ\u00e9es \u00e0 de multiples hauteurs de la couronne, toutes en fausses-couleurs pour accentuer les diff\u00e9rences. Le Soleil met juste un peu moins d\u2019un mois pour faire un tour complet sur lui-m\u00eame. Il tourne plus vite \u00e0 l\u2019\u00e9quateur qu\u2019aux p\u00f4les. Une grande r\u00e9gion laisse voir des taches solaires, juste apr\u00e8s le d\u00e9but de la vid\u00e9o. Des effets subtils sont montr\u00e9s, avec des changements dans la texture de la surface et dans les formes des zones actives. Des effets spectaculaires montrent des flashes dans les r\u00e9gions actives avec des flottements et des pro\u00e9minences \u00e9ruptives, visibles tout autour du Soleil. En ce moment, le Soleil traverse une phase d\u2019activit\u00e9 inhabituellement calme dans son cycle magn\u00e9tique habituel de 11 ans. Vers la fin de la vid\u00e9o, on revoit la r\u00e9gion o\u00f9 se produisent des taches solaires, mais avec un aspect diff\u00e9rent.<\/span><\/p>\n<p style=\"text-align: center;\"><span style=\"font-size: 16px;\"><em><span style=\"font-family: 'times new roman', times, serif;\">Credit Video : SDO, NASA \u2013 Composition num\u00e9rique : Kevin M. Gill<\/span><\/em><\/span><\/p>\n<p style=\"text-align: right;\"><span style=\"font-family: arial, helvetica, sans-serif; font-size: 20px;\">Traduction&nbsp;: Olivier Sabbagh<\/span><\/p>\n<hr>\n<p style=\"text-align: center;\"><a href=\"http:\/\/gap47.astrosurf.com\/index.php\/ressources\/telescopes-exceptionnels\/telescopes-spatiaux\/#t10\" target=\"_blank\" rel=\"noopener noreferrer\"><span style=\"font-size: 20px; color: #993366;\"><strong><span style=\"font-family: arial, helvetica, sans-serif;\">Voir la page des t\u00e9lescopes spatiaux d\u00e9di\u00e9s \u00e0 l&rsquo;\u00e9tude du Soleil : SoHo et SDO<\/span><\/strong><\/span><\/a><\/p>\n<p>&nbsp;<\/p>\n<p style=\"text-align: center;\"><span style=\"font-family: arial, helvetica, sans-serif; font-size: 24px; color: #0000ff;\"><strong>Attention ne regardez jamais directement le Soleil sans protection&nbsp;!<\/strong><\/span><\/p>\n<hr>\n<p>&nbsp;<\/p>\n","protected":false},"excerpt":{"rendered":"<p>Regardez le Soleil comme vous ne l&rsquo;avez jamais vu ! Depuis le t\u00e9lescope spatial SoHO, fruit de la collaboration entre la NASA et l&rsquo;ESA (agence spatiale europ\u00e9enne), vous pouvez voir le Soleil dans diff\u00e9rentes longueurs d&rsquo;onde avec des images mises \u00e0 jour quotidiennement. Une fois la page de SoHO affich\u00e9e, vous pouvez cliquer sur chacune &hellip; <\/p>\n<p class=\"link-more\"><a href=\"https:\/\/gap47.astrosurf.com\/index.php\/accueil\/en-direct-du-soleil\/le-soleil-dans-tous-des-etats\/\" class=\"more-link\">Continuer la lecture<span class=\"screen-reader-text\"> de &laquo;&nbsp;Le Soleil dans tous ses \u00e9tats&nbsp;&raquo;<\/span><\/a><\/p>\n","protected":false},"author":5,"featured_media":0,"parent":8190,"menu_order":2,"comment_status":"closed","ping_status":"closed","template":"","meta":{"_exactmetrics_skip_tracking":false,"_exactmetrics_sitenote_active":false,"_exactmetrics_sitenote_note":"","_exactmetrics_sitenote_category":0,"ngg_post_thumbnail":0,"footnotes":""},"class_list":["post-8162","page","type-page","status-publish","hentry"],"yoast_head":"<!-- This site is optimized with the Yoast SEO plugin v24.8.1 - https:\/\/yoast.com\/wordpress\/plugins\/seo\/ -->\n<title>Le Soleil dans tous ses \u00e9tats - L&#039;observatoire est ouvert aux visiteurs tous les vendredis soirs \u00e0 21 heures, jusqu&#039;au 3 juillet 2026 inclus, sans r\u00e9servation.<\/title>\n<meta name=\"robots\" content=\"index, follow, max-snippet:-1, max-image-preview:large, max-video-preview:-1\" \/>\n<link rel=\"canonical\" href=\"https:\/\/gap47.astrosurf.com\/index.php\/accueil\/en-direct-du-soleil\/le-soleil-dans-tous-des-etats\/\" \/>\n<meta property=\"og:locale\" content=\"fr_FR\" \/>\n<meta property=\"og:type\" content=\"article\" \/>\n<meta property=\"og:title\" content=\"Le Soleil dans tous ses \u00e9tats - L&#039;observatoire est ouvert aux visiteurs tous les vendredis soirs \u00e0 21 heures, jusqu&#039;au 3 juillet 2026 inclus, sans r\u00e9servation.\" \/>\n<meta property=\"og:description\" content=\"Regardez le Soleil comme vous ne l&rsquo;avez jamais vu ! Depuis le t\u00e9lescope spatial SoHO, fruit de la collaboration entre la NASA et l&rsquo;ESA (agence spatiale europ\u00e9enne), vous pouvez voir le Soleil dans diff\u00e9rentes longueurs d&rsquo;onde avec des images mises \u00e0 jour quotidiennement. Une fois la page de SoHO affich\u00e9e, vous pouvez cliquer sur chacune &hellip; Continuer la lecture de &laquo;&nbsp;Le Soleil dans tous ses \u00e9tats&nbsp;&raquo;\" \/>\n<meta property=\"og:url\" content=\"https:\/\/gap47.astrosurf.com\/index.php\/accueil\/en-direct-du-soleil\/le-soleil-dans-tous-des-etats\/\" \/>\n<meta property=\"og:site_name\" content=\"L&#039;observatoire est ouvert aux visiteurs tous les vendredis soirs \u00e0 21 heures, jusqu&#039;au 3 juillet 2026 inclus, sans r\u00e9servation.\" \/>\n<meta property=\"article:publisher\" content=\"https:\/\/www.facebook.com\/astrogap47\/\" \/>\n<meta property=\"article:modified_time\" content=\"2022-09-14T00:43:05+00:00\" \/>\n<meta property=\"og:image\" content=\"http:\/\/gap47.astrosurf.com\/wp-content\/uploads\/2018\/12\/SDO-page.jpg\" \/>\n<meta name=\"twitter:card\" content=\"summary_large_image\" \/>\n<meta name=\"twitter:label1\" content=\"Dur\u00e9e de lecture estim\u00e9e\" \/>\n\t<meta name=\"twitter:data1\" content=\"5 minutes\" \/>\n<script type=\"application\/ld+json\" class=\"yoast-schema-graph\">{\"@context\":\"https:\/\/schema.org\",\"@graph\":[{\"@type\":\"WebPage\",\"@id\":\"https:\/\/gap47.astrosurf.com\/index.php\/accueil\/en-direct-du-soleil\/le-soleil-dans-tous-des-etats\/\",\"url\":\"https:\/\/gap47.astrosurf.com\/index.php\/accueil\/en-direct-du-soleil\/le-soleil-dans-tous-des-etats\/\",\"name\":\"Le Soleil dans tous ses \u00e9tats - L&#039;observatoire est ouvert aux visiteurs tous les vendredis soirs \u00e0 21 heures, jusqu&#039;au 3 juillet 2026 inclus, sans r\u00e9servation.\",\"isPartOf\":{\"@id\":\"https:\/\/gap47.astrosurf.com\/#website\"},\"primaryImageOfPage\":{\"@id\":\"https:\/\/gap47.astrosurf.com\/index.php\/accueil\/en-direct-du-soleil\/le-soleil-dans-tous-des-etats\/#primaryimage\"},\"image\":{\"@id\":\"https:\/\/gap47.astrosurf.com\/index.php\/accueil\/en-direct-du-soleil\/le-soleil-dans-tous-des-etats\/#primaryimage\"},\"thumbnailUrl\":\"http:\/\/gap47.astrosurf.com\/wp-content\/uploads\/2018\/12\/SDO-page.jpg\",\"datePublished\":\"2018-12-16T17:58:30+00:00\",\"dateModified\":\"2022-09-14T00:43:05+00:00\",\"breadcrumb\":{\"@id\":\"https:\/\/gap47.astrosurf.com\/index.php\/accueil\/en-direct-du-soleil\/le-soleil-dans-tous-des-etats\/#breadcrumb\"},\"inLanguage\":\"fr-FR\",\"potentialAction\":[{\"@type\":\"ReadAction\",\"target\":[\"https:\/\/gap47.astrosurf.com\/index.php\/accueil\/en-direct-du-soleil\/le-soleil-dans-tous-des-etats\/\"]}]},{\"@type\":\"ImageObject\",\"inLanguage\":\"fr-FR\",\"@id\":\"https:\/\/gap47.astrosurf.com\/index.php\/accueil\/en-direct-du-soleil\/le-soleil-dans-tous-des-etats\/#primaryimage\",\"url\":\"https:\/\/gap47.astrosurf.com\/wp-content\/uploads\/2018\/12\/SDO-page.jpg\",\"contentUrl\":\"https:\/\/gap47.astrosurf.com\/wp-content\/uploads\/2018\/12\/SDO-page.jpg\",\"width\":1990,\"height\":1389},{\"@type\":\"BreadcrumbList\",\"@id\":\"https:\/\/gap47.astrosurf.com\/index.php\/accueil\/en-direct-du-soleil\/le-soleil-dans-tous-des-etats\/#breadcrumb\",\"itemListElement\":[{\"@type\":\"ListItem\",\"position\":1,\"name\":\"Accueil\",\"item\":\"https:\/\/gap47.astrosurf.com\/\"},{\"@type\":\"ListItem\",\"position\":2,\"name\":\"Accueil\",\"item\":\"https:\/\/gap47.astrosurf.com\/index.php\/accueil\/\"},{\"@type\":\"ListItem\",\"position\":3,\"name\":\"En direct du Soleil\",\"item\":\"https:\/\/gap47.astrosurf.com\/index.php\/accueil\/en-direct-du-soleil\/\"},{\"@type\":\"ListItem\",\"position\":4,\"name\":\"Le Soleil dans tous ses \u00e9tats\"}]},{\"@type\":\"WebSite\",\"@id\":\"https:\/\/gap47.astrosurf.com\/#website\",\"url\":\"https:\/\/gap47.astrosurf.com\/\",\"name\":\"De janvier \u00e0 fin juin 2024, le GAP47 sera ouvert aux visiteurs tous les vendredis \u00e0 21h sans r\u00e9servation, \u00e0 l'exception du vendredi 26 janvier o\u00f9 l'observatoire sera ferm\u00e9 au public.\",\"description\":\"Groupe d&#039;Astronomie Populaire du Lot-et-Garonne, \u00e0 Montayral\",\"potentialAction\":[{\"@type\":\"SearchAction\",\"target\":{\"@type\":\"EntryPoint\",\"urlTemplate\":\"https:\/\/gap47.astrosurf.com\/?s={search_term_string}\"},\"query-input\":{\"@type\":\"PropertyValueSpecification\",\"valueRequired\":true,\"valueName\":\"search_term_string\"}}],\"inLanguage\":\"fr-FR\"}]}<\/script>\n<!-- \/ Yoast SEO plugin. -->","yoast_head_json":{"title":"Le Soleil dans tous ses \u00e9tats - L&#039;observatoire est ouvert aux visiteurs tous les vendredis soirs \u00e0 21 heures, jusqu&#039;au 3 juillet 2026 inclus, sans r\u00e9servation.","robots":{"index":"index","follow":"follow","max-snippet":"max-snippet:-1","max-image-preview":"max-image-preview:large","max-video-preview":"max-video-preview:-1"},"canonical":"https:\/\/gap47.astrosurf.com\/index.php\/accueil\/en-direct-du-soleil\/le-soleil-dans-tous-des-etats\/","og_locale":"fr_FR","og_type":"article","og_title":"Le Soleil dans tous ses \u00e9tats - L&#039;observatoire est ouvert aux visiteurs tous les vendredis soirs \u00e0 21 heures, jusqu&#039;au 3 juillet 2026 inclus, sans r\u00e9servation.","og_description":"Regardez le Soleil comme vous ne l&rsquo;avez jamais vu ! Depuis le t\u00e9lescope spatial SoHO, fruit de la collaboration entre la NASA et l&rsquo;ESA (agence spatiale europ\u00e9enne), vous pouvez voir le Soleil dans diff\u00e9rentes longueurs d&rsquo;onde avec des images mises \u00e0 jour quotidiennement. Une fois la page de SoHO affich\u00e9e, vous pouvez cliquer sur chacune &hellip; Continuer la lecture de &laquo;&nbsp;Le Soleil dans tous ses \u00e9tats&nbsp;&raquo;","og_url":"https:\/\/gap47.astrosurf.com\/index.php\/accueil\/en-direct-du-soleil\/le-soleil-dans-tous-des-etats\/","og_site_name":"L&#039;observatoire est ouvert aux visiteurs tous les vendredis soirs \u00e0 21 heures, jusqu&#039;au 3 juillet 2026 inclus, sans r\u00e9servation.","article_publisher":"https:\/\/www.facebook.com\/astrogap47\/","article_modified_time":"2022-09-14T00:43:05+00:00","og_image":[{"url":"http:\/\/gap47.astrosurf.com\/wp-content\/uploads\/2018\/12\/SDO-page.jpg","type":"","width":"","height":""}],"twitter_card":"summary_large_image","twitter_misc":{"Dur\u00e9e de lecture estim\u00e9e":"5 minutes"},"schema":{"@context":"https:\/\/schema.org","@graph":[{"@type":"WebPage","@id":"https:\/\/gap47.astrosurf.com\/index.php\/accueil\/en-direct-du-soleil\/le-soleil-dans-tous-des-etats\/","url":"https:\/\/gap47.astrosurf.com\/index.php\/accueil\/en-direct-du-soleil\/le-soleil-dans-tous-des-etats\/","name":"Le Soleil dans tous ses \u00e9tats - L&#039;observatoire est ouvert aux visiteurs tous les vendredis soirs \u00e0 21 heures, jusqu&#039;au 3 juillet 2026 inclus, sans r\u00e9servation.","isPartOf":{"@id":"https:\/\/gap47.astrosurf.com\/#website"},"primaryImageOfPage":{"@id":"https:\/\/gap47.astrosurf.com\/index.php\/accueil\/en-direct-du-soleil\/le-soleil-dans-tous-des-etats\/#primaryimage"},"image":{"@id":"https:\/\/gap47.astrosurf.com\/index.php\/accueil\/en-direct-du-soleil\/le-soleil-dans-tous-des-etats\/#primaryimage"},"thumbnailUrl":"http:\/\/gap47.astrosurf.com\/wp-content\/uploads\/2018\/12\/SDO-page.jpg","datePublished":"2018-12-16T17:58:30+00:00","dateModified":"2022-09-14T00:43:05+00:00","breadcrumb":{"@id":"https:\/\/gap47.astrosurf.com\/index.php\/accueil\/en-direct-du-soleil\/le-soleil-dans-tous-des-etats\/#breadcrumb"},"inLanguage":"fr-FR","potentialAction":[{"@type":"ReadAction","target":["https:\/\/gap47.astrosurf.com\/index.php\/accueil\/en-direct-du-soleil\/le-soleil-dans-tous-des-etats\/"]}]},{"@type":"ImageObject","inLanguage":"fr-FR","@id":"https:\/\/gap47.astrosurf.com\/index.php\/accueil\/en-direct-du-soleil\/le-soleil-dans-tous-des-etats\/#primaryimage","url":"https:\/\/gap47.astrosurf.com\/wp-content\/uploads\/2018\/12\/SDO-page.jpg","contentUrl":"https:\/\/gap47.astrosurf.com\/wp-content\/uploads\/2018\/12\/SDO-page.jpg","width":1990,"height":1389},{"@type":"BreadcrumbList","@id":"https:\/\/gap47.astrosurf.com\/index.php\/accueil\/en-direct-du-soleil\/le-soleil-dans-tous-des-etats\/#breadcrumb","itemListElement":[{"@type":"ListItem","position":1,"name":"Accueil","item":"https:\/\/gap47.astrosurf.com\/"},{"@type":"ListItem","position":2,"name":"Accueil","item":"https:\/\/gap47.astrosurf.com\/index.php\/accueil\/"},{"@type":"ListItem","position":3,"name":"En direct du Soleil","item":"https:\/\/gap47.astrosurf.com\/index.php\/accueil\/en-direct-du-soleil\/"},{"@type":"ListItem","position":4,"name":"Le Soleil dans tous ses \u00e9tats"}]},{"@type":"WebSite","@id":"https:\/\/gap47.astrosurf.com\/#website","url":"https:\/\/gap47.astrosurf.com\/","name":"De janvier \u00e0 fin juin 2024, le GAP47 sera ouvert aux visiteurs tous les vendredis \u00e0 21h sans r\u00e9servation, \u00e0 l'exception du vendredi 26 janvier o\u00f9 l'observatoire sera ferm\u00e9 au public.","description":"Groupe d&#039;Astronomie Populaire du Lot-et-Garonne, \u00e0 Montayral","potentialAction":[{"@type":"SearchAction","target":{"@type":"EntryPoint","urlTemplate":"https:\/\/gap47.astrosurf.com\/?s={search_term_string}"},"query-input":{"@type":"PropertyValueSpecification","valueRequired":true,"valueName":"search_term_string"}}],"inLanguage":"fr-FR"}]}},"_links":{"self":[{"href":"https:\/\/gap47.astrosurf.com\/index.php\/wp-json\/wp\/v2\/pages\/8162","targetHints":{"allow":["GET"]}}],"collection":[{"href":"https:\/\/gap47.astrosurf.com\/index.php\/wp-json\/wp\/v2\/pages"}],"about":[{"href":"https:\/\/gap47.astrosurf.com\/index.php\/wp-json\/wp\/v2\/types\/page"}],"author":[{"embeddable":true,"href":"https:\/\/gap47.astrosurf.com\/index.php\/wp-json\/wp\/v2\/users\/5"}],"replies":[{"embeddable":true,"href":"https:\/\/gap47.astrosurf.com\/index.php\/wp-json\/wp\/v2\/comments?post=8162"}],"version-history":[{"count":24,"href":"https:\/\/gap47.astrosurf.com\/index.php\/wp-json\/wp\/v2\/pages\/8162\/revisions"}],"predecessor-version":[{"id":11714,"href":"https:\/\/gap47.astrosurf.com\/index.php\/wp-json\/wp\/v2\/pages\/8162\/revisions\/11714"}],"up":[{"embeddable":true,"href":"https:\/\/gap47.astrosurf.com\/index.php\/wp-json\/wp\/v2\/pages\/8190"}],"wp:attachment":[{"href":"https:\/\/gap47.astrosurf.com\/index.php\/wp-json\/wp\/v2\/media?parent=8162"}],"curies":[{"name":"wp","href":"https:\/\/api.w.org\/{rel}","templated":true}]}}