 {"id":7638,"date":"2018-08-15T17:55:37","date_gmt":"2018-08-15T15:55:37","guid":{"rendered":"http:\/\/gap47.astrosurf.com\/?page_id=7638"},"modified":"2018-09-18T22:06:03","modified_gmt":"2018-09-18T20:06:03","slug":"nuits-de-lastro-2018","status":"publish","type":"page","link":"https:\/\/gap47.astrosurf.com\/index.php\/nuits-de-lastro-2018\/","title":{"rendered":"Nuits de l&rsquo;Astro 2018"},"content":{"rendered":"<p><span style=\"font-family: times new roman, times, serif; font-size: 20px;\">Nos Nuits de l&rsquo;Astronomie des 3, 4 et 5 ao\u00fbt 2018 nous ont vu battre un record d&rsquo;affluence. En 2016, nous avions re\u00e7u 401 personnes.<\/span><\/p>\n<p><strong><span style=\"font-family: times new roman, times, serif; font-size: 20px;\">En 2018, nous avons atteint le chiffre de 434 personnes !<\/span><\/strong><\/p>\n<p><span style=\"font-family: times new roman, times, serif; font-size: 20px;\">Voir, ci-dessous, 3 photos prises lors de la mise en place avec les premiers arrivants :<\/span><\/p>\n<p><a href=\"http:\/\/gap47.astrosurf.com\/wp-content\/uploads\/2018\/08\/Nuits-2008-1.jpg\"><img loading=\"lazy\" decoding=\"async\" class=\"alignnone wp-image-7642 size-full\" src=\"http:\/\/gap47.astrosurf.com\/wp-content\/uploads\/2018\/08\/Nuits-2008-1.jpg\" alt=\"\" width=\"2000\" height=\"1500\" srcset=\"https:\/\/gap47.astrosurf.com\/wp-content\/uploads\/2018\/08\/Nuits-2008-1.jpg 2000w, https:\/\/gap47.astrosurf.com\/wp-content\/uploads\/2018\/08\/Nuits-2008-1-300x225.jpg 300w, https:\/\/gap47.astrosurf.com\/wp-content\/uploads\/2018\/08\/Nuits-2008-1-768x576.jpg 768w, https:\/\/gap47.astrosurf.com\/wp-content\/uploads\/2018\/08\/Nuits-2008-1-1600x1200.jpg 1600w\" sizes=\"auto, (max-width: 767px) 89vw, (max-width: 1000px) 54vw, (max-width: 1071px) 543px, 580px\" \/><\/a><\/p>\n<p><a href=\"http:\/\/gap47.astrosurf.com\/wp-content\/uploads\/2018\/08\/Nuits-2018-2.jpg\"><img loading=\"lazy\" decoding=\"async\" class=\"alignnone wp-image-7643 size-full\" src=\"http:\/\/gap47.astrosurf.com\/wp-content\/uploads\/2018\/08\/Nuits-2018-2.jpg\" alt=\"\" width=\"3909\" height=\"2863\" srcset=\"https:\/\/gap47.astrosurf.com\/wp-content\/uploads\/2018\/08\/Nuits-2018-2.jpg 3909w, https:\/\/gap47.astrosurf.com\/wp-content\/uploads\/2018\/08\/Nuits-2018-2-300x220.jpg 300w, https:\/\/gap47.astrosurf.com\/wp-content\/uploads\/2018\/08\/Nuits-2018-2-768x562.jpg 768w, https:\/\/gap47.astrosurf.com\/wp-content\/uploads\/2018\/08\/Nuits-2018-2-1638x1200.jpg 1638w\" sizes=\"auto, (max-width: 767px) 89vw, (max-width: 1000px) 54vw, (max-width: 1071px) 543px, 580px\" \/><\/a><\/p>\n<p><a href=\"http:\/\/gap47.astrosurf.com\/wp-content\/uploads\/2018\/08\/Nuits-2018-3.jpg\"><img loading=\"lazy\" decoding=\"async\" class=\"alignnone wp-image-7644 size-full\" src=\"http:\/\/gap47.astrosurf.com\/wp-content\/uploads\/2018\/08\/Nuits-2018-3.jpg\" alt=\"\" width=\"1998\" height=\"1210\" srcset=\"https:\/\/gap47.astrosurf.com\/wp-content\/uploads\/2018\/08\/Nuits-2018-3.jpg 1998w, https:\/\/gap47.astrosurf.com\/wp-content\/uploads\/2018\/08\/Nuits-2018-3-300x182.jpg 300w, https:\/\/gap47.astrosurf.com\/wp-content\/uploads\/2018\/08\/Nuits-2018-3-768x465.jpg 768w, https:\/\/gap47.astrosurf.com\/wp-content\/uploads\/2018\/08\/Nuits-2018-3-1981x1200.jpg 1981w\" sizes=\"auto, (max-width: 767px) 89vw, (max-width: 1000px) 54vw, (max-width: 1071px) 543px, 580px\" \/><\/a><\/p>\n<p><span style=\"color: #993366;\"><strong><span style=\"font-family: times new roman, times, serif; font-size: 20px;\">En outre, la fr\u00e9quentation au GAP47 entre le vendredi 27 juillet 2018 et le vendredi 10 ao\u00fbt 2018 compris (soit deux semaines) atteint \u00e9galement un chiffre record avec un total de 894 personnes. Du jamais vu au GAP47&#8230;<\/span><\/strong><\/span><\/p>\n<hr>\n<p>&nbsp;<\/p>\n","protected":false},"excerpt":{"rendered":"<p>Nos Nuits de l&rsquo;Astronomie des 3, 4 et 5 ao\u00fbt 2018 nous ont vu battre un record d&rsquo;affluence. En 2016, nous avions re\u00e7u 401 personnes. En 2018, nous avons atteint le chiffre de 434 personnes ! Voir, ci-dessous, 3 photos prises lors de la mise en place avec les premiers arrivants : En outre, la &hellip; <\/p>\n<p class=\"link-more\"><a href=\"https:\/\/gap47.astrosurf.com\/index.php\/nuits-de-lastro-2018\/\" class=\"more-link\">Continuer la lecture<span class=\"screen-reader-text\"> de &laquo;&nbsp;Nuits de l&rsquo;Astro 2018&nbsp;&raquo;<\/span><\/a><\/p>\n","protected":false},"author":5,"featured_media":0,"parent":0,"menu_order":0,"comment_status":"closed","ping_status":"closed","template":"","meta":{"_exactmetrics_skip_tracking":false,"_exactmetrics_sitenote_active":false,"_exactmetrics_sitenote_note":"","_exactmetrics_sitenote_category":0,"ngg_post_thumbnail":0,"footnotes":""},"class_list":["post-7638","page","type-page","status-publish","hentry"],"yoast_head":"<!-- This site is optimized with the Yoast SEO plugin v24.8.1 - https:\/\/yoast.com\/wordpress\/plugins\/seo\/ -->\n<title>Nuits de l&#039;Astro 2018 - L&#039;observatoire est ouvert aux visiteurs tous les vendredis soirs \u00e0 21 heures, jusqu&#039;au 3 juillet 2026 inclus, sans r\u00e9servation.<\/title>\n<meta name=\"robots\" content=\"index, follow, max-snippet:-1, max-image-preview:large, max-video-preview:-1\" \/>\n<link rel=\"canonical\" href=\"https:\/\/gap47.astrosurf.com\/index.php\/nuits-de-lastro-2018\/\" \/>\n<meta property=\"og:locale\" content=\"fr_FR\" \/>\n<meta property=\"og:type\" content=\"article\" \/>\n<meta property=\"og:title\" content=\"Nuits de l&#039;Astro 2018 - L&#039;observatoire est ouvert aux visiteurs tous les vendredis soirs \u00e0 21 heures, jusqu&#039;au 3 juillet 2026 inclus, sans r\u00e9servation.\" \/>\n<meta property=\"og:description\" content=\"Nos Nuits de l&rsquo;Astronomie des 3, 4 et 5 ao\u00fbt 2018 nous ont vu battre un record d&rsquo;affluence. En 2016, nous avions re\u00e7u 401 personnes. En 2018, nous avons atteint le chiffre de 434 personnes ! Voir, ci-dessous, 3 photos prises lors de la mise en place avec les premiers arrivants : En outre, la &hellip; Continuer la lecture de &laquo;&nbsp;Nuits de l&rsquo;Astro 2018&nbsp;&raquo;\" \/>\n<meta property=\"og:url\" content=\"https:\/\/gap47.astrosurf.com\/index.php\/nuits-de-lastro-2018\/\" \/>\n<meta property=\"og:site_name\" content=\"L&#039;observatoire est ouvert aux visiteurs tous les vendredis soirs \u00e0 21 heures, jusqu&#039;au 3 juillet 2026 inclus, sans r\u00e9servation.\" \/>\n<meta property=\"article:publisher\" content=\"https:\/\/www.facebook.com\/astrogap47\/\" \/>\n<meta property=\"article:modified_time\" content=\"2018-09-18T20:06:03+00:00\" \/>\n<meta property=\"og:image\" content=\"http:\/\/gap47.astrosurf.com\/wp-content\/uploads\/2018\/08\/Nuits-2008-1.jpg\" \/>\n<meta name=\"twitter:card\" content=\"summary_large_image\" \/>\n<script type=\"application\/ld+json\" class=\"yoast-schema-graph\">{\"@context\":\"https:\/\/schema.org\",\"@graph\":[{\"@type\":\"WebPage\",\"@id\":\"https:\/\/gap47.astrosurf.com\/index.php\/nuits-de-lastro-2018\/\",\"url\":\"https:\/\/gap47.astrosurf.com\/index.php\/nuits-de-lastro-2018\/\",\"name\":\"Nuits de l'Astro 2018 - L&#039;observatoire est ouvert aux visiteurs tous les vendredis soirs \u00e0 21 heures, jusqu&#039;au 3 juillet 2026 inclus, sans r\u00e9servation.\",\"isPartOf\":{\"@id\":\"https:\/\/gap47.astrosurf.com\/#website\"},\"primaryImageOfPage\":{\"@id\":\"https:\/\/gap47.astrosurf.com\/index.php\/nuits-de-lastro-2018\/#primaryimage\"},\"image\":{\"@id\":\"https:\/\/gap47.astrosurf.com\/index.php\/nuits-de-lastro-2018\/#primaryimage\"},\"thumbnailUrl\":\"http:\/\/gap47.astrosurf.com\/wp-content\/uploads\/2018\/08\/Nuits-2008-1.jpg\",\"datePublished\":\"2018-08-15T15:55:37+00:00\",\"dateModified\":\"2018-09-18T20:06:03+00:00\",\"breadcrumb\":{\"@id\":\"https:\/\/gap47.astrosurf.com\/index.php\/nuits-de-lastro-2018\/#breadcrumb\"},\"inLanguage\":\"fr-FR\",\"potentialAction\":[{\"@type\":\"ReadAction\",\"target\":[\"https:\/\/gap47.astrosurf.com\/index.php\/nuits-de-lastro-2018\/\"]}]},{\"@type\":\"ImageObject\",\"inLanguage\":\"fr-FR\",\"@id\":\"https:\/\/gap47.astrosurf.com\/index.php\/nuits-de-lastro-2018\/#primaryimage\",\"url\":\"http:\/\/gap47.astrosurf.com\/wp-content\/uploads\/2018\/08\/Nuits-2008-1.jpg\",\"contentUrl\":\"http:\/\/gap47.astrosurf.com\/wp-content\/uploads\/2018\/08\/Nuits-2008-1.jpg\"},{\"@type\":\"BreadcrumbList\",\"@id\":\"https:\/\/gap47.astrosurf.com\/index.php\/nuits-de-lastro-2018\/#breadcrumb\",\"itemListElement\":[{\"@type\":\"ListItem\",\"position\":1,\"name\":\"Accueil\",\"item\":\"https:\/\/gap47.astrosurf.com\/\"},{\"@type\":\"ListItem\",\"position\":2,\"name\":\"Nuits de l&#8217;Astro 2018\"}]},{\"@type\":\"WebSite\",\"@id\":\"https:\/\/gap47.astrosurf.com\/#website\",\"url\":\"https:\/\/gap47.astrosurf.com\/\",\"name\":\"De janvier \u00e0 fin juin 2024, le GAP47 sera ouvert aux visiteurs tous les vendredis \u00e0 21h sans r\u00e9servation, \u00e0 l'exception du vendredi 26 janvier o\u00f9 l'observatoire sera ferm\u00e9 au public.\",\"description\":\"Groupe d&#039;Astronomie Populaire du Lot-et-Garonne, \u00e0 Montayral\",\"potentialAction\":[{\"@type\":\"SearchAction\",\"target\":{\"@type\":\"EntryPoint\",\"urlTemplate\":\"https:\/\/gap47.astrosurf.com\/?s={search_term_string}\"},\"query-input\":{\"@type\":\"PropertyValueSpecification\",\"valueRequired\":true,\"valueName\":\"search_term_string\"}}],\"inLanguage\":\"fr-FR\"}]}<\/script>\n<!-- \/ Yoast SEO plugin. -->","yoast_head_json":{"title":"Nuits de l'Astro 2018 - L&#039;observatoire est ouvert aux visiteurs tous les vendredis soirs \u00e0 21 heures, jusqu&#039;au 3 juillet 2026 inclus, sans r\u00e9servation.","robots":{"index":"index","follow":"follow","max-snippet":"max-snippet:-1","max-image-preview":"max-image-preview:large","max-video-preview":"max-video-preview:-1"},"canonical":"https:\/\/gap47.astrosurf.com\/index.php\/nuits-de-lastro-2018\/","og_locale":"fr_FR","og_type":"article","og_title":"Nuits de l'Astro 2018 - L&#039;observatoire est ouvert aux visiteurs tous les vendredis soirs \u00e0 21 heures, jusqu&#039;au 3 juillet 2026 inclus, sans r\u00e9servation.","og_description":"Nos Nuits de l&rsquo;Astronomie des 3, 4 et 5 ao\u00fbt 2018 nous ont vu battre un record d&rsquo;affluence. En 2016, nous avions re\u00e7u 401 personnes. En 2018, nous avons atteint le chiffre de 434 personnes ! Voir, ci-dessous, 3 photos prises lors de la mise en place avec les premiers arrivants : En outre, la &hellip; Continuer la lecture de &laquo;&nbsp;Nuits de l&rsquo;Astro 2018&nbsp;&raquo;","og_url":"https:\/\/gap47.astrosurf.com\/index.php\/nuits-de-lastro-2018\/","og_site_name":"L&#039;observatoire est ouvert aux visiteurs tous les vendredis soirs \u00e0 21 heures, jusqu&#039;au 3 juillet 2026 inclus, sans r\u00e9servation.","article_publisher":"https:\/\/www.facebook.com\/astrogap47\/","article_modified_time":"2018-09-18T20:06:03+00:00","og_image":[{"url":"http:\/\/gap47.astrosurf.com\/wp-content\/uploads\/2018\/08\/Nuits-2008-1.jpg","type":"","width":"","height":""}],"twitter_card":"summary_large_image","schema":{"@context":"https:\/\/schema.org","@graph":[{"@type":"WebPage","@id":"https:\/\/gap47.astrosurf.com\/index.php\/nuits-de-lastro-2018\/","url":"https:\/\/gap47.astrosurf.com\/index.php\/nuits-de-lastro-2018\/","name":"Nuits de l'Astro 2018 - L&#039;observatoire est ouvert aux visiteurs tous les vendredis soirs \u00e0 21 heures, jusqu&#039;au 3 juillet 2026 inclus, sans r\u00e9servation.","isPartOf":{"@id":"https:\/\/gap47.astrosurf.com\/#website"},"primaryImageOfPage":{"@id":"https:\/\/gap47.astrosurf.com\/index.php\/nuits-de-lastro-2018\/#primaryimage"},"image":{"@id":"https:\/\/gap47.astrosurf.com\/index.php\/nuits-de-lastro-2018\/#primaryimage"},"thumbnailUrl":"http:\/\/gap47.astrosurf.com\/wp-content\/uploads\/2018\/08\/Nuits-2008-1.jpg","datePublished":"2018-08-15T15:55:37+00:00","dateModified":"2018-09-18T20:06:03+00:00","breadcrumb":{"@id":"https:\/\/gap47.astrosurf.com\/index.php\/nuits-de-lastro-2018\/#breadcrumb"},"inLanguage":"fr-FR","potentialAction":[{"@type":"ReadAction","target":["https:\/\/gap47.astrosurf.com\/index.php\/nuits-de-lastro-2018\/"]}]},{"@type":"ImageObject","inLanguage":"fr-FR","@id":"https:\/\/gap47.astrosurf.com\/index.php\/nuits-de-lastro-2018\/#primaryimage","url":"http:\/\/gap47.astrosurf.com\/wp-content\/uploads\/2018\/08\/Nuits-2008-1.jpg","contentUrl":"http:\/\/gap47.astrosurf.com\/wp-content\/uploads\/2018\/08\/Nuits-2008-1.jpg"},{"@type":"BreadcrumbList","@id":"https:\/\/gap47.astrosurf.com\/index.php\/nuits-de-lastro-2018\/#breadcrumb","itemListElement":[{"@type":"ListItem","position":1,"name":"Accueil","item":"https:\/\/gap47.astrosurf.com\/"},{"@type":"ListItem","position":2,"name":"Nuits de l&#8217;Astro 2018"}]},{"@type":"WebSite","@id":"https:\/\/gap47.astrosurf.com\/#website","url":"https:\/\/gap47.astrosurf.com\/","name":"De janvier \u00e0 fin juin 2024, le GAP47 sera ouvert aux visiteurs tous les vendredis \u00e0 21h sans r\u00e9servation, \u00e0 l'exception du vendredi 26 janvier o\u00f9 l'observatoire sera ferm\u00e9 au public.","description":"Groupe d&#039;Astronomie Populaire du Lot-et-Garonne, \u00e0 Montayral","potentialAction":[{"@type":"SearchAction","target":{"@type":"EntryPoint","urlTemplate":"https:\/\/gap47.astrosurf.com\/?s={search_term_string}"},"query-input":{"@type":"PropertyValueSpecification","valueRequired":true,"valueName":"search_term_string"}}],"inLanguage":"fr-FR"}]}},"_links":{"self":[{"href":"https:\/\/gap47.astrosurf.com\/index.php\/wp-json\/wp\/v2\/pages\/7638","targetHints":{"allow":["GET"]}}],"collection":[{"href":"https:\/\/gap47.astrosurf.com\/index.php\/wp-json\/wp\/v2\/pages"}],"about":[{"href":"https:\/\/gap47.astrosurf.com\/index.php\/wp-json\/wp\/v2\/types\/page"}],"author":[{"embeddable":true,"href":"https:\/\/gap47.astrosurf.com\/index.php\/wp-json\/wp\/v2\/users\/5"}],"replies":[{"embeddable":true,"href":"https:\/\/gap47.astrosurf.com\/index.php\/wp-json\/wp\/v2\/comments?post=7638"}],"version-history":[{"count":6,"href":"https:\/\/gap47.astrosurf.com\/index.php\/wp-json\/wp\/v2\/pages\/7638\/revisions"}],"predecessor-version":[{"id":7796,"href":"https:\/\/gap47.astrosurf.com\/index.php\/wp-json\/wp\/v2\/pages\/7638\/revisions\/7796"}],"wp:attachment":[{"href":"https:\/\/gap47.astrosurf.com\/index.php\/wp-json\/wp\/v2\/media?parent=7638"}],"curies":[{"name":"wp","href":"https:\/\/api.w.org\/{rel}","templated":true}]}}