 {"id":76,"date":"2017-03-31T23:47:39","date_gmt":"2017-03-31T21:47:39","guid":{"rendered":"http:\/\/gap47.astrosurf.com\/?page_id=76"},"modified":"2017-08-01T02:08:09","modified_gmt":"2017-08-01T00:08:09","slug":"astro-debutants","status":"publish","type":"page","link":"https:\/\/gap47.astrosurf.com\/index.php\/astro-debutants\/","title":{"rendered":"Astro d\u00e9butants"},"content":{"rendered":"<p style=\"text-align: center;\"><span style=\"font-size: 24px;\"><strong><span style=\"color: #000000; font-family: arial,helvetica,sans-serif;\">Vous d\u00e9butez en astronomie, vous avez besoins de quelques informations de base ?&nbsp;<\/span><\/strong><\/span><\/p>\n<p style=\"text-align: center;\"><span style=\"color: #000000; font-family: Times New Roman,Times,serif; font-size: 20px;\">Le GAP47 esp\u00e8re par ce qui suit apporter une modeste contribution. Rappelons que le GAP47 organise des sessions d&rsquo;initiation pour les groupes scolaires (observation et th\u00e9orie) en journ\u00e9e et\/ou en soir\u00e9e. Pour tout renseignement contactez le club par courriel \u00e0 : <a href=\"mailto:gap47@laposte.net\"><span style=\"color: #008000;\"><strong>gap47@laposte.net<\/strong><\/span><\/a> ou par t\u00e9l\u00e9phone ou par courrier \u00e0 l&rsquo;adresse indiqu\u00e9e dans le menu suivant :<\/span><\/p>\n<p style=\"text-align: center;\"><span style=\"font-size: 20px;\"><a href=\"http:\/\/gap47.astrosurf.com\/index.php\/le-gap47\/ou-sommes-nous\/coordonnees\/\" target=\"_blank\" rel=\"noopener\"><span style=\"color: #008000;\"><em><span style=\"font-family: Times New Roman,Times,serif;\"><strong>Le GAP47\/O\u00f9 sommes-nous ?\/Coordonn\u00e9es<\/strong> <\/span><\/em><\/span><\/a><\/span><\/p>\n<p style=\"text-align: center;\"><span style=\"color: #000000; font-family: Times New Roman,Times,serif; font-size: 20px;\">Explorez les diff\u00e9rents th\u00e8mes, et n&rsquo;h\u00e9sitez pas \u00e0 reproduire ou \u00e0 vous servir des informations que vous allez trouver dans ces pages, elles sont \u00e0 votre disposition !!<\/span><\/p>\n<p style=\"text-align: center;\"><img loading=\"lazy\" decoding=\"async\" class=\"wp-image-2836 size-medium aligncenter\" src=\"http:\/\/gap47.astrosurf.com\/wp-content\/uploads\/2017\/03\/LogoGAPtransparentBleu-283x300.png\" alt=\"\" height=\"300\" width=\"283\" srcset=\"https:\/\/gap47.astrosurf.com\/wp-content\/uploads\/2017\/03\/LogoGAPtransparentBleu-283x300.png 283w, https:\/\/gap47.astrosurf.com\/wp-content\/uploads\/2017\/03\/LogoGAPtransparentBleu.png 327w\" sizes=\"auto, (max-width: 283px) 100vw, 283px\" \/><\/p>\n","protected":false},"excerpt":{"rendered":"<p>Vous d\u00e9butez en astronomie, vous avez besoins de quelques informations de base ?&nbsp; Le GAP47 esp\u00e8re par ce qui suit apporter une modeste contribution. Rappelons que le GAP47 organise des sessions d&rsquo;initiation pour les groupes scolaires (observation et th\u00e9orie) en journ\u00e9e et\/ou en soir\u00e9e. Pour tout renseignement contactez le club par courriel \u00e0 : gap47@laposte.net &hellip; <\/p>\n<p class=\"link-more\"><a href=\"https:\/\/gap47.astrosurf.com\/index.php\/astro-debutants\/\" class=\"more-link\">Continuer la lecture<span class=\"screen-reader-text\"> de &laquo;&nbsp;Astro d\u00e9butants&nbsp;&raquo;<\/span><\/a><\/p>\n","protected":false},"author":5,"featured_media":0,"parent":0,"menu_order":0,"comment_status":"closed","ping_status":"closed","template":"","meta":{"_exactmetrics_skip_tracking":false,"_exactmetrics_sitenote_active":false,"_exactmetrics_sitenote_note":"","_exactmetrics_sitenote_category":0,"ngg_post_thumbnail":0,"footnotes":""},"class_list":["post-76","page","type-page","status-publish","hentry"],"yoast_head":"<!-- This site is optimized with the Yoast SEO plugin v24.8.1 - https:\/\/yoast.com\/wordpress\/plugins\/seo\/ -->\n<title>Astro d\u00e9butants - L&#039;observatoire est ouvert aux visiteurs tous les vendredis soirs \u00e0 21 heures, jusqu&#039;au 3 juillet 2026 inclus, sans r\u00e9servation.<\/title>\n<meta name=\"robots\" content=\"index, follow, max-snippet:-1, max-image-preview:large, max-video-preview:-1\" \/>\n<link rel=\"canonical\" href=\"https:\/\/gap47.astrosurf.com\/index.php\/astro-debutants\/\" \/>\n<meta property=\"og:locale\" content=\"fr_FR\" \/>\n<meta property=\"og:type\" content=\"article\" \/>\n<meta property=\"og:title\" content=\"Astro d\u00e9butants - L&#039;observatoire est ouvert aux visiteurs tous les vendredis soirs \u00e0 21 heures, jusqu&#039;au 3 juillet 2026 inclus, sans r\u00e9servation.\" \/>\n<meta property=\"og:description\" content=\"Vous d\u00e9butez en astronomie, vous avez besoins de quelques informations de base ?&nbsp; Le GAP47 esp\u00e8re par ce qui suit apporter une modeste contribution. Rappelons que le GAP47 organise des sessions d&rsquo;initiation pour les groupes scolaires (observation et th\u00e9orie) en journ\u00e9e et\/ou en soir\u00e9e. Pour tout renseignement contactez le club par courriel \u00e0 : gap47@laposte.net &hellip; Continuer la lecture de &laquo;&nbsp;Astro d\u00e9butants&nbsp;&raquo;\" \/>\n<meta property=\"og:url\" content=\"https:\/\/gap47.astrosurf.com\/index.php\/astro-debutants\/\" \/>\n<meta property=\"og:site_name\" content=\"L&#039;observatoire est ouvert aux visiteurs tous les vendredis soirs \u00e0 21 heures, jusqu&#039;au 3 juillet 2026 inclus, sans r\u00e9servation.\" \/>\n<meta property=\"article:publisher\" content=\"https:\/\/www.facebook.com\/astrogap47\/\" \/>\n<meta property=\"article:modified_time\" content=\"2017-08-01T00:08:09+00:00\" \/>\n<meta property=\"og:image\" content=\"http:\/\/gap47.astrosurf.com\/wp-content\/uploads\/2017\/03\/LogoGAPtransparentBleu-283x300.png\" \/>\n<meta name=\"twitter:card\" content=\"summary_large_image\" \/>\n<meta name=\"twitter:label1\" content=\"Dur\u00e9e de lecture estim\u00e9e\" \/>\n\t<meta name=\"twitter:data1\" content=\"1 minute\" \/>\n<script type=\"application\/ld+json\" class=\"yoast-schema-graph\">{\"@context\":\"https:\/\/schema.org\",\"@graph\":[{\"@type\":\"WebPage\",\"@id\":\"https:\/\/gap47.astrosurf.com\/index.php\/astro-debutants\/\",\"url\":\"https:\/\/gap47.astrosurf.com\/index.php\/astro-debutants\/\",\"name\":\"Astro d\u00e9butants - L&#039;observatoire est ouvert aux visiteurs tous les vendredis soirs \u00e0 21 heures, jusqu&#039;au 3 juillet 2026 inclus, sans r\u00e9servation.\",\"isPartOf\":{\"@id\":\"https:\/\/gap47.astrosurf.com\/#website\"},\"primaryImageOfPage\":{\"@id\":\"https:\/\/gap47.astrosurf.com\/index.php\/astro-debutants\/#primaryimage\"},\"image\":{\"@id\":\"https:\/\/gap47.astrosurf.com\/index.php\/astro-debutants\/#primaryimage\"},\"thumbnailUrl\":\"http:\/\/gap47.astrosurf.com\/wp-content\/uploads\/2017\/03\/LogoGAPtransparentBleu-283x300.png\",\"datePublished\":\"2017-03-31T21:47:39+00:00\",\"dateModified\":\"2017-08-01T00:08:09+00:00\",\"breadcrumb\":{\"@id\":\"https:\/\/gap47.astrosurf.com\/index.php\/astro-debutants\/#breadcrumb\"},\"inLanguage\":\"fr-FR\",\"potentialAction\":[{\"@type\":\"ReadAction\",\"target\":[\"https:\/\/gap47.astrosurf.com\/index.php\/astro-debutants\/\"]}]},{\"@type\":\"ImageObject\",\"inLanguage\":\"fr-FR\",\"@id\":\"https:\/\/gap47.astrosurf.com\/index.php\/astro-debutants\/#primaryimage\",\"url\":\"https:\/\/gap47.astrosurf.com\/wp-content\/uploads\/2017\/03\/LogoGAPtransparentBleu.png\",\"contentUrl\":\"https:\/\/gap47.astrosurf.com\/wp-content\/uploads\/2017\/03\/LogoGAPtransparentBleu.png\",\"width\":327,\"height\":347},{\"@type\":\"BreadcrumbList\",\"@id\":\"https:\/\/gap47.astrosurf.com\/index.php\/astro-debutants\/#breadcrumb\",\"itemListElement\":[{\"@type\":\"ListItem\",\"position\":1,\"name\":\"Accueil\",\"item\":\"https:\/\/gap47.astrosurf.com\/\"},{\"@type\":\"ListItem\",\"position\":2,\"name\":\"Astro d\u00e9butants\"}]},{\"@type\":\"WebSite\",\"@id\":\"https:\/\/gap47.astrosurf.com\/#website\",\"url\":\"https:\/\/gap47.astrosurf.com\/\",\"name\":\"De janvier \u00e0 fin juin 2024, le GAP47 sera ouvert aux visiteurs tous les vendredis \u00e0 21h sans r\u00e9servation, \u00e0 l'exception du vendredi 26 janvier o\u00f9 l'observatoire sera ferm\u00e9 au public.\",\"description\":\"Groupe d&#039;Astronomie Populaire du Lot-et-Garonne, \u00e0 Montayral\",\"potentialAction\":[{\"@type\":\"SearchAction\",\"target\":{\"@type\":\"EntryPoint\",\"urlTemplate\":\"https:\/\/gap47.astrosurf.com\/?s={search_term_string}\"},\"query-input\":{\"@type\":\"PropertyValueSpecification\",\"valueRequired\":true,\"valueName\":\"search_term_string\"}}],\"inLanguage\":\"fr-FR\"}]}<\/script>\n<!-- \/ Yoast SEO plugin. -->","yoast_head_json":{"title":"Astro d\u00e9butants - L&#039;observatoire est ouvert aux visiteurs tous les vendredis soirs \u00e0 21 heures, jusqu&#039;au 3 juillet 2026 inclus, sans r\u00e9servation.","robots":{"index":"index","follow":"follow","max-snippet":"max-snippet:-1","max-image-preview":"max-image-preview:large","max-video-preview":"max-video-preview:-1"},"canonical":"https:\/\/gap47.astrosurf.com\/index.php\/astro-debutants\/","og_locale":"fr_FR","og_type":"article","og_title":"Astro d\u00e9butants - L&#039;observatoire est ouvert aux visiteurs tous les vendredis soirs \u00e0 21 heures, jusqu&#039;au 3 juillet 2026 inclus, sans r\u00e9servation.","og_description":"Vous d\u00e9butez en astronomie, vous avez besoins de quelques informations de base ?&nbsp; Le GAP47 esp\u00e8re par ce qui suit apporter une modeste contribution. Rappelons que le GAP47 organise des sessions d&rsquo;initiation pour les groupes scolaires (observation et th\u00e9orie) en journ\u00e9e et\/ou en soir\u00e9e. Pour tout renseignement contactez le club par courriel \u00e0 : gap47@laposte.net &hellip; Continuer la lecture de &laquo;&nbsp;Astro d\u00e9butants&nbsp;&raquo;","og_url":"https:\/\/gap47.astrosurf.com\/index.php\/astro-debutants\/","og_site_name":"L&#039;observatoire est ouvert aux visiteurs tous les vendredis soirs \u00e0 21 heures, jusqu&#039;au 3 juillet 2026 inclus, sans r\u00e9servation.","article_publisher":"https:\/\/www.facebook.com\/astrogap47\/","article_modified_time":"2017-08-01T00:08:09+00:00","og_image":[{"url":"http:\/\/gap47.astrosurf.com\/wp-content\/uploads\/2017\/03\/LogoGAPtransparentBleu-283x300.png","type":"","width":"","height":""}],"twitter_card":"summary_large_image","twitter_misc":{"Dur\u00e9e de lecture estim\u00e9e":"1 minute"},"schema":{"@context":"https:\/\/schema.org","@graph":[{"@type":"WebPage","@id":"https:\/\/gap47.astrosurf.com\/index.php\/astro-debutants\/","url":"https:\/\/gap47.astrosurf.com\/index.php\/astro-debutants\/","name":"Astro d\u00e9butants - L&#039;observatoire est ouvert aux visiteurs tous les vendredis soirs \u00e0 21 heures, jusqu&#039;au 3 juillet 2026 inclus, sans r\u00e9servation.","isPartOf":{"@id":"https:\/\/gap47.astrosurf.com\/#website"},"primaryImageOfPage":{"@id":"https:\/\/gap47.astrosurf.com\/index.php\/astro-debutants\/#primaryimage"},"image":{"@id":"https:\/\/gap47.astrosurf.com\/index.php\/astro-debutants\/#primaryimage"},"thumbnailUrl":"http:\/\/gap47.astrosurf.com\/wp-content\/uploads\/2017\/03\/LogoGAPtransparentBleu-283x300.png","datePublished":"2017-03-31T21:47:39+00:00","dateModified":"2017-08-01T00:08:09+00:00","breadcrumb":{"@id":"https:\/\/gap47.astrosurf.com\/index.php\/astro-debutants\/#breadcrumb"},"inLanguage":"fr-FR","potentialAction":[{"@type":"ReadAction","target":["https:\/\/gap47.astrosurf.com\/index.php\/astro-debutants\/"]}]},{"@type":"ImageObject","inLanguage":"fr-FR","@id":"https:\/\/gap47.astrosurf.com\/index.php\/astro-debutants\/#primaryimage","url":"https:\/\/gap47.astrosurf.com\/wp-content\/uploads\/2017\/03\/LogoGAPtransparentBleu.png","contentUrl":"https:\/\/gap47.astrosurf.com\/wp-content\/uploads\/2017\/03\/LogoGAPtransparentBleu.png","width":327,"height":347},{"@type":"BreadcrumbList","@id":"https:\/\/gap47.astrosurf.com\/index.php\/astro-debutants\/#breadcrumb","itemListElement":[{"@type":"ListItem","position":1,"name":"Accueil","item":"https:\/\/gap47.astrosurf.com\/"},{"@type":"ListItem","position":2,"name":"Astro d\u00e9butants"}]},{"@type":"WebSite","@id":"https:\/\/gap47.astrosurf.com\/#website","url":"https:\/\/gap47.astrosurf.com\/","name":"De janvier \u00e0 fin juin 2024, le GAP47 sera ouvert aux visiteurs tous les vendredis \u00e0 21h sans r\u00e9servation, \u00e0 l'exception du vendredi 26 janvier o\u00f9 l'observatoire sera ferm\u00e9 au public.","description":"Groupe d&#039;Astronomie Populaire du Lot-et-Garonne, \u00e0 Montayral","potentialAction":[{"@type":"SearchAction","target":{"@type":"EntryPoint","urlTemplate":"https:\/\/gap47.astrosurf.com\/?s={search_term_string}"},"query-input":{"@type":"PropertyValueSpecification","valueRequired":true,"valueName":"search_term_string"}}],"inLanguage":"fr-FR"}]}},"_links":{"self":[{"href":"https:\/\/gap47.astrosurf.com\/index.php\/wp-json\/wp\/v2\/pages\/76","targetHints":{"allow":["GET"]}}],"collection":[{"href":"https:\/\/gap47.astrosurf.com\/index.php\/wp-json\/wp\/v2\/pages"}],"about":[{"href":"https:\/\/gap47.astrosurf.com\/index.php\/wp-json\/wp\/v2\/types\/page"}],"author":[{"embeddable":true,"href":"https:\/\/gap47.astrosurf.com\/index.php\/wp-json\/wp\/v2\/users\/5"}],"replies":[{"embeddable":true,"href":"https:\/\/gap47.astrosurf.com\/index.php\/wp-json\/wp\/v2\/comments?post=76"}],"version-history":[{"count":15,"href":"https:\/\/gap47.astrosurf.com\/index.php\/wp-json\/wp\/v2\/pages\/76\/revisions"}],"predecessor-version":[{"id":3937,"href":"https:\/\/gap47.astrosurf.com\/index.php\/wp-json\/wp\/v2\/pages\/76\/revisions\/3937"}],"wp:attachment":[{"href":"https:\/\/gap47.astrosurf.com\/index.php\/wp-json\/wp\/v2\/media?parent=76"}],"curies":[{"name":"wp","href":"https:\/\/api.w.org\/{rel}","templated":true}]}}