 {"id":73,"date":"2017-03-31T23:47:03","date_gmt":"2017-03-31T21:47:03","guid":{"rendered":"http:\/\/gap47.astrosurf.com\/?page_id=73"},"modified":"2025-12-06T18:21:25","modified_gmt":"2025-12-06T16:21:25","slug":"accueil","status":"publish","type":"page","link":"https:\/\/gap47.astrosurf.com\/index.php\/accueil\/","title":{"rendered":"Accueil"},"content":{"rendered":"<p style=\"text-align: center;\"><span style=\"font-size: 48px; font-family: impact,sans-serif; color: #999999;\">Bienvenue sur le site du GAP47<\/span><\/p>\n<p style=\"text-align: center;\"><span style=\"font-size: 28px; font-family: arial,helvetica,sans-serif; color: #008000;\">Groupe d&rsquo;Astronomie Populaire, \u00e0 Montayral<br \/>\nen Lot-et-Garonne &#8211; <\/span><span style=\"font-size: 28px; font-family: arial,helvetica,sans-serif; color: #008000;\">Nouvelle Aquitaine<\/span><\/p>\n<p><img loading=\"lazy\" decoding=\"async\" class=\"aligncenter wp-image-678\" src=\"http:\/\/gap47.astrosurf.com\/wp-content\/uploads\/2017\/05\/GAP47_2013_Final2-283x300.jpg\" alt=\"\" width=\"200\" height=\"212\"><\/p>\n<p>&nbsp;<\/p>\n<p style=\"text-align: justify;\"><span style=\"font-size: 20px;\"><strong><span style=\"font-family: arial,helvetica,sans-serif;\">Dans les sous-menus de ce menu Accueil vous trouverez des informations sur l&rsquo;actualit\u00e9 de l&rsquo;astronomie dans notre r\u00e9gion, des informations m\u00e9t\u00e9o sur six sites distincts, une carte du ciel en temps r\u00e9el, une autre page vous donnera les phases de la Lune pour les deux ann\u00e9es 2025 et 2026, vous pourrez aussi aller voir le Soleil (montr\u00e9 de plusieurs mani\u00e8res diff\u00e9rentes) avec un d\u00e9calage de moins de 24 heures et, enfin, vous pourrez quotidiennement voir \u00ab\u00a0l&rsquo;image du jour\u00a0\u00bb, publi\u00e9e par la NASA (APOD).<\/span> <\/strong><\/span><\/p>\n<hr>\n<p style=\"text-align: justify;\"><span style=\"color: #800000; font-family: arial, helvetica, sans-serif;\"><strong><span style=\"font-size: 20px;\">Sur notre site vous trouverez des quantit\u00e9s d&rsquo;informations sur beaucoup de sujets concernant&#8230; l&rsquo;astronomie \u00e9videmment ! Ne pouvant&nbsp; pas citer sur chacune des pages du site les sources de ces informations, ou des images et illustrations, nous globalisons ici les remerciements en citant nos principales sources :<\/span><\/strong><\/span><\/p>\n<p style=\"text-align: justify;\"><span style=\"font-family: arial, helvetica, sans-serif;\"><strong><span style=\"font-size: 20px; color: #333399;\">L&rsquo;ESO (European Southern Observatory), l&rsquo;ESA (European Space Agency), Wikip\u00e9dia (fran\u00e7ais et anglais), la NASA, le JPL (Jet Propulsion Laboratory), Astrosurf, Ciel et Espace, Science Magazine, Sciences et avenir, Futura sciences, Le Monde des sciences, et bien s\u00fbr des membres du GAP47, dont certains sont cit\u00e9s ci-dessous, etc&#8230; nous oublions certainement des dizaines d&rsquo;autres sources, qu&rsquo;elles nous pardonnent !<\/span><\/strong><\/span><\/p>\n<p style=\"text-align: justify;\"><span style=\"color: #993366; font-size: 20px;\"><strong><span style=\"font-family: arial, helvetica, sans-serif;\">Dans l&rsquo;ensemble du site qui comprend de tr\u00e8s nombreuses illustrations (photos, dessins, sch\u00e9mas, vid\u00e9os, time-lapses, etc.), certains de ces \u00e9l\u00e9ments sont \u00ab cliquables \u00bb, c\u2019est \u00e0 dire qu\u2019en cliquant sur eux cela fera appara\u00eetre l&rsquo;illustration en plus grande taille. Pour distinguer ceux qui sont cliquables de ceux qui ne le sont <span style=\"color: #993366;\">pas, quand vous surv<\/span>olez une image, un dessin, etc. avec votre curseur (g\u00e9n\u00e9ralement en forme de fl\u00e8che) celui-ci prend alors la forme d\u2019une main. Pour quitter cet agrandissement cliquez sur la fl\u00e8che <span style=\"color: #993366;\">retour en arri\u00e8re de<\/span> votre navigateur ou, selon les cas, sur la touche \u00c9CHAP <em>(ou ESCAPE)<\/em> de votre clavier.<\/span><\/strong><\/span><\/p>\n<p style=\"text-align: justify;\"><strong><span style=\"font-family: arial, helvetica, sans-serif; font-size: 20px; color: #333333;\">Tous les textes ont \u00e9t\u00e9 revus, corrig\u00e9s, actualis\u00e9s et en grande partie \u00e9crits par Olivier Sabbagh. De nombreux textes, de ou vers l&rsquo;anglais, ont \u00e9t\u00e9 traduits par Pierre Valat et Olivier Sabbagh. Quant \u00e0 Daniel Palazy, nous lui devons toute la partie technique. Dans ce site, il reste certainement quelques erreurs ici ou l\u00e0, et certainement des fautes de frappe qui ont \u00e9chapp\u00e9 \u00e0 de tr\u00e8s nombreuses relectures. A l&rsquo;occasion, merci de nous les signaler pour que nous puissions les corriger.<\/span><\/strong><\/p>\n<hr>\n<p style=\"text-align: center;\"><span style=\"color: #999999; font-family: arial, helvetica, sans-serif; font-size: 20px;\"><strong>Copyright GAP47 \u00a9 2017-2025 \u2014 <\/strong>H\u00e9bergement du site : <a style=\"color: #999999;\" href=\"http:\/\/www.astrosurf.com\/\" target=\"_blank\" rel=\"noopener noreferrer\"><strong>Astrosurf<\/strong><\/a><\/span><\/p>\n<p style=\"text-align: center;\"><span style=\"font-size: 20px; font-family: arial, helvetica, sans-serif; color: #808080;\"><strong>Webmaster : Olivier Sabbagh<\/strong><\/span><\/p>\n<p style=\"text-align: center;\"><span style=\"font-family: 'times new roman', times, serif; font-size: 20px;\"><em>avec l&rsquo;aide de Pierre Valat, Daniel Palazy, Jean-Luc Chevallier<span style=\"font-size: 16px;\"><sup>\u2020<\/sup><\/span>, Philippe Lain\u00e9, Gilbert Da Costa Lima, David Pineda, G\u00e9rard Thirot, Micha\u00ebl Civet<\/em><\/span><strong><span style=\"color: #999999; font-family: arial,helvetica,sans-serif;\"><br \/>\n<\/span><\/strong><\/p>\n<table class=\" aligncenter\" style=\"width: 96.1052%; height: 77px;\">\n<tbody>\n<tr>\n<td style=\"width: 20.5036%;\"><img loading=\"lazy\" decoding=\"async\" class=\"aligncenter wp-image-4508\" src=\"http:\/\/gap47.astrosurf.com\/wp-content\/uploads\/2017\/03\/Montayral-300x152.jpg\" alt=\"\" width=\"120\" height=\"61\" srcset=\"https:\/\/gap47.astrosurf.com\/wp-content\/uploads\/2017\/03\/Montayral-300x152.jpg 300w, https:\/\/gap47.astrosurf.com\/wp-content\/uploads\/2017\/03\/Montayral-768x389.jpg 768w, https:\/\/gap47.astrosurf.com\/wp-content\/uploads\/2017\/03\/Montayral.jpg 1329w\" sizes=\"auto, (max-width: 120px) 100vw, 120px\" \/><\/td>\n<td style=\"width: 11.5108%;\"><img loading=\"lazy\" decoding=\"async\" class=\"aligncenter wp-image-4510\" src=\"http:\/\/gap47.astrosurf.com\/wp-content\/uploads\/2017\/03\/FumelValeeduLot_Logo-267x300.jpg\" alt=\"\" width=\"110\" height=\"124\" srcset=\"https:\/\/gap47.astrosurf.com\/wp-content\/uploads\/2017\/03\/FumelValeeduLot_Logo-267x300.jpg 267w, https:\/\/gap47.astrosurf.com\/wp-content\/uploads\/2017\/03\/FumelValeeduLot_Logo.jpg 600w\" sizes=\"auto, (max-width: 110px) 100vw, 110px\" \/><\/td>\n<td style=\"width: 29.1367%;\"><img loading=\"lazy\" decoding=\"async\" class=\"aligncenter wp-image-4509\" src=\"http:\/\/gap47.astrosurf.com\/wp-content\/uploads\/2017\/03\/47-300x85.jpg\" alt=\"\" width=\"430\" height=\"121\" srcset=\"https:\/\/gap47.astrosurf.com\/wp-content\/uploads\/2017\/03\/47-300x85.jpg 300w, https:\/\/gap47.astrosurf.com\/wp-content\/uploads\/2017\/03\/47-768x217.jpg 768w, https:\/\/gap47.astrosurf.com\/wp-content\/uploads\/2017\/03\/47-2000x565.jpg 2000w\" sizes=\"auto, (max-width: 430px) 100vw, 430px\" \/><\/td>\n<td style=\"width: 21.0432%;\"><img loading=\"lazy\" decoding=\"async\" class=\"aligncenter wp-image-4511\" src=\"http:\/\/gap47.astrosurf.com\/wp-content\/uploads\/2017\/03\/Nlle-Aquitaine-300x115.jpg\" alt=\"\" width=\"317\" height=\"122\" srcset=\"https:\/\/gap47.astrosurf.com\/wp-content\/uploads\/2017\/03\/Nlle-Aquitaine-300x115.jpg 300w, https:\/\/gap47.astrosurf.com\/wp-content\/uploads\/2017\/03\/Nlle-Aquitaine-768x295.jpg 768w, https:\/\/gap47.astrosurf.com\/wp-content\/uploads\/2017\/03\/Nlle-Aquitaine.jpg 1757w\" sizes=\"auto, (max-width: 317px) 100vw, 317px\" \/><\/td>\n<td style=\"width: 16.7266%;\"><img loading=\"lazy\" decoding=\"async\" class=\"aligncenter wp-image-4507\" src=\"http:\/\/gap47.astrosurf.com\/wp-content\/uploads\/2017\/03\/Astrosurf2-300x101.jpg\" alt=\"\" width=\"170\" height=\"57\" srcset=\"https:\/\/gap47.astrosurf.com\/wp-content\/uploads\/2017\/03\/Astrosurf2-300x101.jpg 300w, https:\/\/gap47.astrosurf.com\/wp-content\/uploads\/2017\/03\/Astrosurf2-768x259.jpg 768w, https:\/\/gap47.astrosurf.com\/wp-content\/uploads\/2017\/03\/Astrosurf2.jpg 1997w\" sizes=\"auto, (max-width: 170px) 100vw, 170px\" \/><\/td>\n<\/tr>\n<\/tbody>\n<\/table>\n<hr>\n<p style=\"text-align: center;\">&nbsp;<\/p>\n","protected":false},"excerpt":{"rendered":"<p>Bienvenue sur le site du GAP47 Groupe d&rsquo;Astronomie Populaire, \u00e0 Montayral en Lot-et-Garonne &#8211; Nouvelle Aquitaine &nbsp; Dans les sous-menus de ce menu Accueil vous trouverez des informations sur l&rsquo;actualit\u00e9 de l&rsquo;astronomie dans notre r\u00e9gion, des informations m\u00e9t\u00e9o sur six sites distincts, une carte du ciel en temps r\u00e9el, une autre page vous donnera les &hellip; <\/p>\n<p class=\"link-more\"><a href=\"https:\/\/gap47.astrosurf.com\/index.php\/accueil\/\" class=\"more-link\">Continuer la lecture<span class=\"screen-reader-text\"> de &laquo;&nbsp;Accueil&nbsp;&raquo;<\/span><\/a><\/p>\n","protected":false},"author":5,"featured_media":0,"parent":0,"menu_order":0,"comment_status":"closed","ping_status":"closed","template":"","meta":{"_exactmetrics_skip_tracking":false,"_exactmetrics_sitenote_active":false,"_exactmetrics_sitenote_note":"","_exactmetrics_sitenote_category":0,"ngg_post_thumbnail":0,"footnotes":""},"class_list":["post-73","page","type-page","status-publish","hentry"],"yoast_head":"<!-- This site is optimized with the Yoast SEO plugin v24.8.1 - https:\/\/yoast.com\/wordpress\/plugins\/seo\/ -->\n<title>Accueil - L&#039;observatoire est ouvert aux visiteurs tous les vendredis soirs \u00e0 21 heures, jusqu&#039;au 3 juillet 2026 inclus, sans r\u00e9servation.<\/title>\n<meta name=\"robots\" content=\"index, follow, max-snippet:-1, max-image-preview:large, max-video-preview:-1\" \/>\n<link rel=\"canonical\" href=\"https:\/\/gap47.astrosurf.com\/index.php\/accueil\/\" \/>\n<meta property=\"og:locale\" content=\"fr_FR\" \/>\n<meta property=\"og:type\" content=\"article\" \/>\n<meta property=\"og:title\" content=\"Accueil - L&#039;observatoire est ouvert aux visiteurs tous les vendredis soirs \u00e0 21 heures, jusqu&#039;au 3 juillet 2026 inclus, sans r\u00e9servation.\" \/>\n<meta property=\"og:description\" content=\"Bienvenue sur le site du GAP47 Groupe d&rsquo;Astronomie Populaire, \u00e0 Montayral en Lot-et-Garonne &#8211; Nouvelle Aquitaine &nbsp; Dans les sous-menus de ce menu Accueil vous trouverez des informations sur l&rsquo;actualit\u00e9 de l&rsquo;astronomie dans notre r\u00e9gion, des informations m\u00e9t\u00e9o sur six sites distincts, une carte du ciel en temps r\u00e9el, une autre page vous donnera les &hellip; Continuer la lecture de &laquo;&nbsp;Accueil&nbsp;&raquo;\" \/>\n<meta property=\"og:url\" content=\"https:\/\/gap47.astrosurf.com\/index.php\/accueil\/\" \/>\n<meta property=\"og:site_name\" content=\"L&#039;observatoire est ouvert aux visiteurs tous les vendredis soirs \u00e0 21 heures, jusqu&#039;au 3 juillet 2026 inclus, sans r\u00e9servation.\" \/>\n<meta property=\"article:publisher\" content=\"https:\/\/www.facebook.com\/astrogap47\/\" \/>\n<meta property=\"article:modified_time\" content=\"2025-12-06T16:21:25+00:00\" \/>\n<meta property=\"og:image\" content=\"https:\/\/gap47.astrosurf.com\/wp-content\/uploads\/2017\/05\/GAP47_2013_Final2-e1495464354923.jpg\" \/>\n\t<meta property=\"og:image:width\" content=\"500\" \/>\n\t<meta property=\"og:image:height\" content=\"531\" \/>\n\t<meta property=\"og:image:type\" content=\"image\/jpeg\" \/>\n<meta name=\"twitter:card\" content=\"summary_large_image\" \/>\n<meta name=\"twitter:label1\" content=\"Dur\u00e9e de lecture estim\u00e9e\" \/>\n\t<meta name=\"twitter:data1\" content=\"4 minutes\" \/>\n<script type=\"application\/ld+json\" class=\"yoast-schema-graph\">{\"@context\":\"https:\/\/schema.org\",\"@graph\":[{\"@type\":\"WebPage\",\"@id\":\"https:\/\/gap47.astrosurf.com\/index.php\/accueil\/\",\"url\":\"https:\/\/gap47.astrosurf.com\/index.php\/accueil\/\",\"name\":\"Accueil - L&#039;observatoire est ouvert aux visiteurs tous les vendredis soirs \u00e0 21 heures, jusqu&#039;au 3 juillet 2026 inclus, sans r\u00e9servation.\",\"isPartOf\":{\"@id\":\"https:\/\/gap47.astrosurf.com\/#website\"},\"primaryImageOfPage\":{\"@id\":\"https:\/\/gap47.astrosurf.com\/index.php\/accueil\/#primaryimage\"},\"image\":{\"@id\":\"https:\/\/gap47.astrosurf.com\/index.php\/accueil\/#primaryimage\"},\"thumbnailUrl\":\"http:\/\/gap47.astrosurf.com\/wp-content\/uploads\/2017\/05\/GAP47_2013_Final2-283x300.jpg\",\"datePublished\":\"2017-03-31T21:47:03+00:00\",\"dateModified\":\"2025-12-06T16:21:25+00:00\",\"breadcrumb\":{\"@id\":\"https:\/\/gap47.astrosurf.com\/index.php\/accueil\/#breadcrumb\"},\"inLanguage\":\"fr-FR\",\"potentialAction\":[{\"@type\":\"ReadAction\",\"target\":[\"https:\/\/gap47.astrosurf.com\/index.php\/accueil\/\"]}]},{\"@type\":\"ImageObject\",\"inLanguage\":\"fr-FR\",\"@id\":\"https:\/\/gap47.astrosurf.com\/index.php\/accueil\/#primaryimage\",\"url\":\"http:\/\/gap47.astrosurf.com\/wp-content\/uploads\/2017\/05\/GAP47_2013_Final2-283x300.jpg\",\"contentUrl\":\"http:\/\/gap47.astrosurf.com\/wp-content\/uploads\/2017\/05\/GAP47_2013_Final2-283x300.jpg\"},{\"@type\":\"BreadcrumbList\",\"@id\":\"https:\/\/gap47.astrosurf.com\/index.php\/accueil\/#breadcrumb\",\"itemListElement\":[{\"@type\":\"ListItem\",\"position\":1,\"name\":\"Accueil\",\"item\":\"https:\/\/gap47.astrosurf.com\/\"},{\"@type\":\"ListItem\",\"position\":2,\"name\":\"Accueil\"}]},{\"@type\":\"WebSite\",\"@id\":\"https:\/\/gap47.astrosurf.com\/#website\",\"url\":\"https:\/\/gap47.astrosurf.com\/\",\"name\":\"De janvier \u00e0 fin juin 2024, le GAP47 sera ouvert aux visiteurs tous les vendredis \u00e0 21h sans r\u00e9servation, \u00e0 l'exception du vendredi 26 janvier o\u00f9 l'observatoire sera ferm\u00e9 au public.\",\"description\":\"Groupe d&#039;Astronomie Populaire du Lot-et-Garonne, \u00e0 Montayral\",\"potentialAction\":[{\"@type\":\"SearchAction\",\"target\":{\"@type\":\"EntryPoint\",\"urlTemplate\":\"https:\/\/gap47.astrosurf.com\/?s={search_term_string}\"},\"query-input\":{\"@type\":\"PropertyValueSpecification\",\"valueRequired\":true,\"valueName\":\"search_term_string\"}}],\"inLanguage\":\"fr-FR\"}]}<\/script>\n<!-- \/ Yoast SEO plugin. -->","yoast_head_json":{"title":"Accueil - L&#039;observatoire est ouvert aux visiteurs tous les vendredis soirs \u00e0 21 heures, jusqu&#039;au 3 juillet 2026 inclus, sans r\u00e9servation.","robots":{"index":"index","follow":"follow","max-snippet":"max-snippet:-1","max-image-preview":"max-image-preview:large","max-video-preview":"max-video-preview:-1"},"canonical":"https:\/\/gap47.astrosurf.com\/index.php\/accueil\/","og_locale":"fr_FR","og_type":"article","og_title":"Accueil - L&#039;observatoire est ouvert aux visiteurs tous les vendredis soirs \u00e0 21 heures, jusqu&#039;au 3 juillet 2026 inclus, sans r\u00e9servation.","og_description":"Bienvenue sur le site du GAP47 Groupe d&rsquo;Astronomie Populaire, \u00e0 Montayral en Lot-et-Garonne &#8211; Nouvelle Aquitaine &nbsp; Dans les sous-menus de ce menu Accueil vous trouverez des informations sur l&rsquo;actualit\u00e9 de l&rsquo;astronomie dans notre r\u00e9gion, des informations m\u00e9t\u00e9o sur six sites distincts, une carte du ciel en temps r\u00e9el, une autre page vous donnera les &hellip; Continuer la lecture de &laquo;&nbsp;Accueil&nbsp;&raquo;","og_url":"https:\/\/gap47.astrosurf.com\/index.php\/accueil\/","og_site_name":"L&#039;observatoire est ouvert aux visiteurs tous les vendredis soirs \u00e0 21 heures, jusqu&#039;au 3 juillet 2026 inclus, sans r\u00e9servation.","article_publisher":"https:\/\/www.facebook.com\/astrogap47\/","article_modified_time":"2025-12-06T16:21:25+00:00","og_image":[{"width":500,"height":531,"url":"https:\/\/gap47.astrosurf.com\/wp-content\/uploads\/2017\/05\/GAP47_2013_Final2-e1495464354923.jpg","type":"image\/jpeg"}],"twitter_card":"summary_large_image","twitter_misc":{"Dur\u00e9e de lecture estim\u00e9e":"4 minutes"},"schema":{"@context":"https:\/\/schema.org","@graph":[{"@type":"WebPage","@id":"https:\/\/gap47.astrosurf.com\/index.php\/accueil\/","url":"https:\/\/gap47.astrosurf.com\/index.php\/accueil\/","name":"Accueil - L&#039;observatoire est ouvert aux visiteurs tous les vendredis soirs \u00e0 21 heures, jusqu&#039;au 3 juillet 2026 inclus, sans r\u00e9servation.","isPartOf":{"@id":"https:\/\/gap47.astrosurf.com\/#website"},"primaryImageOfPage":{"@id":"https:\/\/gap47.astrosurf.com\/index.php\/accueil\/#primaryimage"},"image":{"@id":"https:\/\/gap47.astrosurf.com\/index.php\/accueil\/#primaryimage"},"thumbnailUrl":"http:\/\/gap47.astrosurf.com\/wp-content\/uploads\/2017\/05\/GAP47_2013_Final2-283x300.jpg","datePublished":"2017-03-31T21:47:03+00:00","dateModified":"2025-12-06T16:21:25+00:00","breadcrumb":{"@id":"https:\/\/gap47.astrosurf.com\/index.php\/accueil\/#breadcrumb"},"inLanguage":"fr-FR","potentialAction":[{"@type":"ReadAction","target":["https:\/\/gap47.astrosurf.com\/index.php\/accueil\/"]}]},{"@type":"ImageObject","inLanguage":"fr-FR","@id":"https:\/\/gap47.astrosurf.com\/index.php\/accueil\/#primaryimage","url":"http:\/\/gap47.astrosurf.com\/wp-content\/uploads\/2017\/05\/GAP47_2013_Final2-283x300.jpg","contentUrl":"http:\/\/gap47.astrosurf.com\/wp-content\/uploads\/2017\/05\/GAP47_2013_Final2-283x300.jpg"},{"@type":"BreadcrumbList","@id":"https:\/\/gap47.astrosurf.com\/index.php\/accueil\/#breadcrumb","itemListElement":[{"@type":"ListItem","position":1,"name":"Accueil","item":"https:\/\/gap47.astrosurf.com\/"},{"@type":"ListItem","position":2,"name":"Accueil"}]},{"@type":"WebSite","@id":"https:\/\/gap47.astrosurf.com\/#website","url":"https:\/\/gap47.astrosurf.com\/","name":"De janvier \u00e0 fin juin 2024, le GAP47 sera ouvert aux visiteurs tous les vendredis \u00e0 21h sans r\u00e9servation, \u00e0 l'exception du vendredi 26 janvier o\u00f9 l'observatoire sera ferm\u00e9 au public.","description":"Groupe d&#039;Astronomie Populaire du Lot-et-Garonne, \u00e0 Montayral","potentialAction":[{"@type":"SearchAction","target":{"@type":"EntryPoint","urlTemplate":"https:\/\/gap47.astrosurf.com\/?s={search_term_string}"},"query-input":{"@type":"PropertyValueSpecification","valueRequired":true,"valueName":"search_term_string"}}],"inLanguage":"fr-FR"}]}},"_links":{"self":[{"href":"https:\/\/gap47.astrosurf.com\/index.php\/wp-json\/wp\/v2\/pages\/73","targetHints":{"allow":["GET"]}}],"collection":[{"href":"https:\/\/gap47.astrosurf.com\/index.php\/wp-json\/wp\/v2\/pages"}],"about":[{"href":"https:\/\/gap47.astrosurf.com\/index.php\/wp-json\/wp\/v2\/types\/page"}],"author":[{"embeddable":true,"href":"https:\/\/gap47.astrosurf.com\/index.php\/wp-json\/wp\/v2\/users\/5"}],"replies":[{"embeddable":true,"href":"https:\/\/gap47.astrosurf.com\/index.php\/wp-json\/wp\/v2\/comments?post=73"}],"version-history":[{"count":155,"href":"https:\/\/gap47.astrosurf.com\/index.php\/wp-json\/wp\/v2\/pages\/73\/revisions"}],"predecessor-version":[{"id":13766,"href":"https:\/\/gap47.astrosurf.com\/index.php\/wp-json\/wp\/v2\/pages\/73\/revisions\/13766"}],"wp:attachment":[{"href":"https:\/\/gap47.astrosurf.com\/index.php\/wp-json\/wp\/v2\/media?parent=73"}],"curies":[{"name":"wp","href":"https:\/\/api.w.org\/{rel}","templated":true}]}}