 {"id":7245,"date":"2018-06-25T02:42:24","date_gmt":"2018-06-25T00:42:24","guid":{"rendered":"http:\/\/gap47.astrosurf.com\/?page_id=7245"},"modified":"2019-05-20T20:48:16","modified_gmt":"2019-05-20T18:48:16","slug":"astrophoto-generalites","status":"publish","type":"page","link":"https:\/\/gap47.astrosurf.com\/index.php\/technique\/lastrophotographie\/astrophoto-generalites\/","title":{"rendered":"Astrophotographie G\u00e9n\u00e9ralit\u00e9s"},"content":{"rendered":"<p><span style=\"font-size: 24px;\"><strong><span style=\"font-family: times new roman, times, serif;\">Qu&rsquo;est-ce que l&rsquo;astrophotographie ?<\/span><\/strong><\/span><\/p>\n<p><span style=\"font-family: times new roman, times, serif; font-size: 20px;\">Litt\u00e9ralement, c&rsquo;est la photographie des astres&#8230; et les astres sont, sans discernement, tout ce qui se trouve dans le ciel : le Soleil, la Lune, les plan\u00e8tes, les com\u00e8tes, les n\u00e9buleuses, les amas, les galaxies, etc.<\/span><\/p>\n<p><span style=\"font-family: times new roman, times, serif; font-size: 20px;\">Au d\u00e9but de cette sp\u00e9cialit\u00e9, toutes les photos du ciel et de ses composants ont \u00e9t\u00e9 r\u00e9alis\u00e9es au XIX\u00b0 et au XX\u00b0 si\u00e8cles sur des plaques photosensibles puis sur des films de diff\u00e9rents formats, que ce soit en noir et blanc ou en couleurs. On \u00e9tait alors oblig\u00e9s de faire de tr\u00e8s longues poses sur un support unique pour prendre des clich\u00e9s d&rsquo;objets lointains ou faiblement lumineux. C&rsquo;\u00e9tait l&rsquo;\u00e8re de la photo <strong><em>\u00ab&nbsp;argentique<\/em><\/strong>&nbsp;\u00bb, qui n\u00e9cessitait des traitements ult\u00e9rieurs de d\u00e9veloppement, de bains de r\u00e9v\u00e9lateur et de fixateur, de s\u00e9chage, etc.<\/span><\/p>\n<p><span style=\"font-family: times new roman, times, serif; font-size: 20px;\">L&rsquo;arriv\u00e9e de la photo \u00ab\u00a0<em><strong>num\u00e9rique<\/strong><\/em>\u00a0\u00bb \u00e0 l&rsquo;extr\u00eame fin du XX\u00b0 si\u00e8cle a balay\u00e9 toute cette technique en la rempla\u00e7ant tr\u00e8s rapidement par quelque chose de beaucoup plus souple et plus performant, qui s&rsquo;est g\u00e9n\u00e9ralis\u00e9 et est devenu en quelques ann\u00e9es accessible aux amateurs. <\/span><\/p>\n<p><span style=\"font-family: times new roman, times, serif; font-size: 20px;\">Par contre, il faut savoir que les anciennes obligations fastidieuses de traitement des films argentiques ont \u00e9t\u00e9 remplac\u00e9es par d&rsquo;autres contraintes inh\u00e9rentes \u00e0 la photo num\u00e9rique, que sont tous les post-traitements r\u00e9alis\u00e9s avec des ordinateurs, pour qu&rsquo;une s\u00e9rie de clich\u00e9s (g\u00e9n\u00e9ralement nombreux) arrivent \u00e0 former une image finale satisfaisante. Mais il faut bien admettre que les r\u00e9sultats sont l\u00e0 et que l&rsquo;astrophotographie \u00e0 fait des progr\u00e8s foudroyants par rapport \u00e0 son anc\u00eatre argentique. <\/span><\/p>\n<p><span style=\"font-family: times new roman, times, serif; font-size: 20px;\">On peut comparer cette r\u00e9volution \u00e0 celle de la t\u00e9l\u00e9vision o\u00f9, dans les ann\u00e9es 1945-1980\/90, on avait des \u00e9missions et des r\u00e9cepteurs analogiques, d&rsquo;abord en N&amp;B, puis en couleurs, avec un son pitoyable jusqu&rsquo;\u00e0 ce que la t\u00e9l\u00e9vision num\u00e9rique fasse son apparition avec des \u00e9missions et des r\u00e9cepteurs en haute d\u00e9finition, puis en 4K avec le choix parmi plusieurs langues, tout \u00e7a avec une sonorisation Dolby st\u00e9r\u00e9o multicanaux.<br \/>\n<\/span><\/p>\n<p><span style=\"font-family: times new roman, times, serif; font-size: 20px;\">Nous ne parlerons donc par la suite que de la photo num\u00e9rique, sachant que peut-\u00eatre d\u00e9sormais, seuls quelques rarissimes nostalgiques d&rsquo;un pass\u00e9 archa\u00efque, feraient encore de l&rsquo;astrophotographie argentique. Il n&rsquo;est m\u00eame pas certain qu&rsquo;il en existe encore !<br \/>\n<\/span><\/p>\n<hr>\n<p>&nbsp;<\/p>\n","protected":false},"excerpt":{"rendered":"<p>Qu&rsquo;est-ce que l&rsquo;astrophotographie ? Litt\u00e9ralement, c&rsquo;est la photographie des astres&#8230; et les astres sont, sans discernement, tout ce qui se trouve dans le ciel : le Soleil, la Lune, les plan\u00e8tes, les com\u00e8tes, les n\u00e9buleuses, les amas, les galaxies, etc. Au d\u00e9but de cette sp\u00e9cialit\u00e9, toutes les photos du ciel et de ses composants ont &hellip; <\/p>\n<p class=\"link-more\"><a href=\"https:\/\/gap47.astrosurf.com\/index.php\/technique\/lastrophotographie\/astrophoto-generalites\/\" class=\"more-link\">Continuer la lecture<span class=\"screen-reader-text\"> de &laquo;&nbsp;Astrophotographie G\u00e9n\u00e9ralit\u00e9s&nbsp;&raquo;<\/span><\/a><\/p>\n","protected":false},"author":5,"featured_media":0,"parent":6279,"menu_order":0,"comment_status":"closed","ping_status":"closed","template":"","meta":{"_exactmetrics_skip_tracking":false,"_exactmetrics_sitenote_active":false,"_exactmetrics_sitenote_note":"","_exactmetrics_sitenote_category":0,"ngg_post_thumbnail":0,"footnotes":""},"class_list":["post-7245","page","type-page","status-publish","hentry"],"yoast_head":"<!-- This site is optimized with the Yoast SEO plugin v24.8.1 - https:\/\/yoast.com\/wordpress\/plugins\/seo\/ -->\n<title>Astrophotographie G\u00e9n\u00e9ralit\u00e9s - L&#039;observatoire est ouvert aux visiteurs tous les vendredis soirs \u00e0 21 heures, jusqu&#039;au 3 juillet 2026 inclus, sans r\u00e9servation.<\/title>\n<meta name=\"robots\" content=\"index, follow, max-snippet:-1, max-image-preview:large, max-video-preview:-1\" \/>\n<link rel=\"canonical\" href=\"https:\/\/gap47.astrosurf.com\/index.php\/technique\/lastrophotographie\/astrophoto-generalites\/\" \/>\n<meta property=\"og:locale\" content=\"fr_FR\" \/>\n<meta property=\"og:type\" content=\"article\" \/>\n<meta property=\"og:title\" content=\"Astrophotographie G\u00e9n\u00e9ralit\u00e9s - L&#039;observatoire est ouvert aux visiteurs tous les vendredis soirs \u00e0 21 heures, jusqu&#039;au 3 juillet 2026 inclus, sans r\u00e9servation.\" \/>\n<meta property=\"og:description\" content=\"Qu&rsquo;est-ce que l&rsquo;astrophotographie ? Litt\u00e9ralement, c&rsquo;est la photographie des astres&#8230; et les astres sont, sans discernement, tout ce qui se trouve dans le ciel : le Soleil, la Lune, les plan\u00e8tes, les com\u00e8tes, les n\u00e9buleuses, les amas, les galaxies, etc. Au d\u00e9but de cette sp\u00e9cialit\u00e9, toutes les photos du ciel et de ses composants ont &hellip; Continuer la lecture de &laquo;&nbsp;Astrophotographie G\u00e9n\u00e9ralit\u00e9s&nbsp;&raquo;\" \/>\n<meta property=\"og:url\" content=\"https:\/\/gap47.astrosurf.com\/index.php\/technique\/lastrophotographie\/astrophoto-generalites\/\" \/>\n<meta property=\"og:site_name\" content=\"L&#039;observatoire est ouvert aux visiteurs tous les vendredis soirs \u00e0 21 heures, jusqu&#039;au 3 juillet 2026 inclus, sans r\u00e9servation.\" \/>\n<meta property=\"article:publisher\" content=\"https:\/\/www.facebook.com\/astrogap47\/\" \/>\n<meta property=\"article:modified_time\" content=\"2019-05-20T18:48:16+00:00\" \/>\n<meta name=\"twitter:card\" content=\"summary_large_image\" \/>\n<meta name=\"twitter:label1\" content=\"Dur\u00e9e de lecture estim\u00e9e\" \/>\n\t<meta name=\"twitter:data1\" content=\"2 minutes\" \/>\n<script type=\"application\/ld+json\" class=\"yoast-schema-graph\">{\"@context\":\"https:\/\/schema.org\",\"@graph\":[{\"@type\":\"WebPage\",\"@id\":\"https:\/\/gap47.astrosurf.com\/index.php\/technique\/lastrophotographie\/astrophoto-generalites\/\",\"url\":\"https:\/\/gap47.astrosurf.com\/index.php\/technique\/lastrophotographie\/astrophoto-generalites\/\",\"name\":\"Astrophotographie G\u00e9n\u00e9ralit\u00e9s - L&#039;observatoire est ouvert aux visiteurs tous les vendredis soirs \u00e0 21 heures, jusqu&#039;au 3 juillet 2026 inclus, sans r\u00e9servation.\",\"isPartOf\":{\"@id\":\"https:\/\/gap47.astrosurf.com\/#website\"},\"datePublished\":\"2018-06-25T00:42:24+00:00\",\"dateModified\":\"2019-05-20T18:48:16+00:00\",\"breadcrumb\":{\"@id\":\"https:\/\/gap47.astrosurf.com\/index.php\/technique\/lastrophotographie\/astrophoto-generalites\/#breadcrumb\"},\"inLanguage\":\"fr-FR\",\"potentialAction\":[{\"@type\":\"ReadAction\",\"target\":[\"https:\/\/gap47.astrosurf.com\/index.php\/technique\/lastrophotographie\/astrophoto-generalites\/\"]}]},{\"@type\":\"BreadcrumbList\",\"@id\":\"https:\/\/gap47.astrosurf.com\/index.php\/technique\/lastrophotographie\/astrophoto-generalites\/#breadcrumb\",\"itemListElement\":[{\"@type\":\"ListItem\",\"position\":1,\"name\":\"Accueil\",\"item\":\"https:\/\/gap47.astrosurf.com\/\"},{\"@type\":\"ListItem\",\"position\":2,\"name\":\"Technique\",\"item\":\"https:\/\/gap47.astrosurf.com\/index.php\/technique\/\"},{\"@type\":\"ListItem\",\"position\":3,\"name\":\"Astrophotographie\",\"item\":\"https:\/\/gap47.astrosurf.com\/index.php\/technique\/lastrophotographie\/\"},{\"@type\":\"ListItem\",\"position\":4,\"name\":\"Astrophotographie G\u00e9n\u00e9ralit\u00e9s\"}]},{\"@type\":\"WebSite\",\"@id\":\"https:\/\/gap47.astrosurf.com\/#website\",\"url\":\"https:\/\/gap47.astrosurf.com\/\",\"name\":\"De janvier \u00e0 fin juin 2024, le GAP47 sera ouvert aux visiteurs tous les vendredis \u00e0 21h sans r\u00e9servation, \u00e0 l'exception du vendredi 26 janvier o\u00f9 l'observatoire sera ferm\u00e9 au public.\",\"description\":\"Groupe d&#039;Astronomie Populaire du Lot-et-Garonne, \u00e0 Montayral\",\"potentialAction\":[{\"@type\":\"SearchAction\",\"target\":{\"@type\":\"EntryPoint\",\"urlTemplate\":\"https:\/\/gap47.astrosurf.com\/?s={search_term_string}\"},\"query-input\":{\"@type\":\"PropertyValueSpecification\",\"valueRequired\":true,\"valueName\":\"search_term_string\"}}],\"inLanguage\":\"fr-FR\"}]}<\/script>\n<!-- \/ Yoast SEO plugin. -->","yoast_head_json":{"title":"Astrophotographie G\u00e9n\u00e9ralit\u00e9s - L&#039;observatoire est ouvert aux visiteurs tous les vendredis soirs \u00e0 21 heures, jusqu&#039;au 3 juillet 2026 inclus, sans r\u00e9servation.","robots":{"index":"index","follow":"follow","max-snippet":"max-snippet:-1","max-image-preview":"max-image-preview:large","max-video-preview":"max-video-preview:-1"},"canonical":"https:\/\/gap47.astrosurf.com\/index.php\/technique\/lastrophotographie\/astrophoto-generalites\/","og_locale":"fr_FR","og_type":"article","og_title":"Astrophotographie G\u00e9n\u00e9ralit\u00e9s - L&#039;observatoire est ouvert aux visiteurs tous les vendredis soirs \u00e0 21 heures, jusqu&#039;au 3 juillet 2026 inclus, sans r\u00e9servation.","og_description":"Qu&rsquo;est-ce que l&rsquo;astrophotographie ? Litt\u00e9ralement, c&rsquo;est la photographie des astres&#8230; et les astres sont, sans discernement, tout ce qui se trouve dans le ciel : le Soleil, la Lune, les plan\u00e8tes, les com\u00e8tes, les n\u00e9buleuses, les amas, les galaxies, etc. Au d\u00e9but de cette sp\u00e9cialit\u00e9, toutes les photos du ciel et de ses composants ont &hellip; Continuer la lecture de &laquo;&nbsp;Astrophotographie G\u00e9n\u00e9ralit\u00e9s&nbsp;&raquo;","og_url":"https:\/\/gap47.astrosurf.com\/index.php\/technique\/lastrophotographie\/astrophoto-generalites\/","og_site_name":"L&#039;observatoire est ouvert aux visiteurs tous les vendredis soirs \u00e0 21 heures, jusqu&#039;au 3 juillet 2026 inclus, sans r\u00e9servation.","article_publisher":"https:\/\/www.facebook.com\/astrogap47\/","article_modified_time":"2019-05-20T18:48:16+00:00","twitter_card":"summary_large_image","twitter_misc":{"Dur\u00e9e de lecture estim\u00e9e":"2 minutes"},"schema":{"@context":"https:\/\/schema.org","@graph":[{"@type":"WebPage","@id":"https:\/\/gap47.astrosurf.com\/index.php\/technique\/lastrophotographie\/astrophoto-generalites\/","url":"https:\/\/gap47.astrosurf.com\/index.php\/technique\/lastrophotographie\/astrophoto-generalites\/","name":"Astrophotographie G\u00e9n\u00e9ralit\u00e9s - L&#039;observatoire est ouvert aux visiteurs tous les vendredis soirs \u00e0 21 heures, jusqu&#039;au 3 juillet 2026 inclus, sans r\u00e9servation.","isPartOf":{"@id":"https:\/\/gap47.astrosurf.com\/#website"},"datePublished":"2018-06-25T00:42:24+00:00","dateModified":"2019-05-20T18:48:16+00:00","breadcrumb":{"@id":"https:\/\/gap47.astrosurf.com\/index.php\/technique\/lastrophotographie\/astrophoto-generalites\/#breadcrumb"},"inLanguage":"fr-FR","potentialAction":[{"@type":"ReadAction","target":["https:\/\/gap47.astrosurf.com\/index.php\/technique\/lastrophotographie\/astrophoto-generalites\/"]}]},{"@type":"BreadcrumbList","@id":"https:\/\/gap47.astrosurf.com\/index.php\/technique\/lastrophotographie\/astrophoto-generalites\/#breadcrumb","itemListElement":[{"@type":"ListItem","position":1,"name":"Accueil","item":"https:\/\/gap47.astrosurf.com\/"},{"@type":"ListItem","position":2,"name":"Technique","item":"https:\/\/gap47.astrosurf.com\/index.php\/technique\/"},{"@type":"ListItem","position":3,"name":"Astrophotographie","item":"https:\/\/gap47.astrosurf.com\/index.php\/technique\/lastrophotographie\/"},{"@type":"ListItem","position":4,"name":"Astrophotographie G\u00e9n\u00e9ralit\u00e9s"}]},{"@type":"WebSite","@id":"https:\/\/gap47.astrosurf.com\/#website","url":"https:\/\/gap47.astrosurf.com\/","name":"De janvier \u00e0 fin juin 2024, le GAP47 sera ouvert aux visiteurs tous les vendredis \u00e0 21h sans r\u00e9servation, \u00e0 l'exception du vendredi 26 janvier o\u00f9 l'observatoire sera ferm\u00e9 au public.","description":"Groupe d&#039;Astronomie Populaire du Lot-et-Garonne, \u00e0 Montayral","potentialAction":[{"@type":"SearchAction","target":{"@type":"EntryPoint","urlTemplate":"https:\/\/gap47.astrosurf.com\/?s={search_term_string}"},"query-input":{"@type":"PropertyValueSpecification","valueRequired":true,"valueName":"search_term_string"}}],"inLanguage":"fr-FR"}]}},"_links":{"self":[{"href":"https:\/\/gap47.astrosurf.com\/index.php\/wp-json\/wp\/v2\/pages\/7245","targetHints":{"allow":["GET"]}}],"collection":[{"href":"https:\/\/gap47.astrosurf.com\/index.php\/wp-json\/wp\/v2\/pages"}],"about":[{"href":"https:\/\/gap47.astrosurf.com\/index.php\/wp-json\/wp\/v2\/types\/page"}],"author":[{"embeddable":true,"href":"https:\/\/gap47.astrosurf.com\/index.php\/wp-json\/wp\/v2\/users\/5"}],"replies":[{"embeddable":true,"href":"https:\/\/gap47.astrosurf.com\/index.php\/wp-json\/wp\/v2\/comments?post=7245"}],"version-history":[{"count":13,"href":"https:\/\/gap47.astrosurf.com\/index.php\/wp-json\/wp\/v2\/pages\/7245\/revisions"}],"predecessor-version":[{"id":8592,"href":"https:\/\/gap47.astrosurf.com\/index.php\/wp-json\/wp\/v2\/pages\/7245\/revisions\/8592"}],"up":[{"embeddable":true,"href":"https:\/\/gap47.astrosurf.com\/index.php\/wp-json\/wp\/v2\/pages\/6279"}],"wp:attachment":[{"href":"https:\/\/gap47.astrosurf.com\/index.php\/wp-json\/wp\/v2\/media?parent=7245"}],"curies":[{"name":"wp","href":"https:\/\/api.w.org\/{rel}","templated":true}]}}