 {"id":6417,"date":"2018-01-25T17:56:28","date_gmt":"2018-01-25T15:56:28","guid":{"rendered":"http:\/\/gap47.astrosurf.com\/?page_id=6417"},"modified":"2018-01-27T05:17:46","modified_gmt":"2018-01-27T03:17:46","slug":"liste-des-constellations","status":"publish","type":"page","link":"https:\/\/gap47.astrosurf.com\/index.php\/liste-des-constellations\/","title":{"rendered":"Liste des Constellations"},"content":{"rendered":"<p><span style=\"font-family: times new roman, times, serif; font-size: 20px;\">En 1930 l&rsquo;Union Astronomique Internationale a \u00e9tabli la liste finale et limitative des constellations de notre ciel. Elles sont au nombre de 88 : 44 dans l&rsquo;h\u00e9misph\u00e8re Nord (ciel bor\u00e9al) et 44 dans l&rsquo;h\u00e9misph\u00e8re Sud (ciel austral).<\/span><\/p>\n<p><span style=\"font-family: times new roman, times, serif; font-size: 20px;\"><strong>Les noms officiels des constellations sont en latin.<\/strong> Selon la d\u00e9nomination de Bayer, les noms des \u00e9toiles sont codifi\u00e9s par une lettre grecque (puis latine, puis m\u00eame \u00e9ventuellement num\u00e9rique si besoin est), <strong>suivie du nom de la constellation au g\u00e9nitif.<\/strong> G\u00e9n\u00e9ralement l&rsquo;\u00e9toile dot\u00e9e de la magnitude la plus importante de la constellation re\u00e7oit le nom de \u00ab\u00a0\u03b1\u00a0\u00bb (alpha), puis \u00ab\u00a0\u03b2\u00a0\u00bb (b\u00eata) et ainsi de suite.<\/span><\/p>\n<p><span style=\"font-family: times new roman, times, serif; font-size: 20px;\">Par exemple, l&rsquo;\u00e9toile la plus importante de la constellation du Cygne (Cygnus) sera \u00ab<strong>\u03b1&nbsp;cygni<\/strong>\u00bb.<br \/>\n<\/span><\/p>\n<p><span style=\"font-size: 20px;\"><strong><span style=\"font-family: arial, helvetica, sans-serif;\">Liste des constellations :<\/span> <\/strong><\/span><\/p>\n<p><span style=\"font-family: times new roman, times, serif; font-size: 20px;\"><img loading=\"lazy\" decoding=\"async\" class=\"alignnone size-full wp-image-6430\" src=\"http:\/\/gap47.astrosurf.com\/wp-content\/uploads\/2018\/01\/Liste-constellations-2.png\" alt=\"\" height=\"1722\" width=\"800\" srcset=\"https:\/\/gap47.astrosurf.com\/wp-content\/uploads\/2018\/01\/Liste-constellations-2.png 800w, https:\/\/gap47.astrosurf.com\/wp-content\/uploads\/2018\/01\/Liste-constellations-2-139x300.png 139w, https:\/\/gap47.astrosurf.com\/wp-content\/uploads\/2018\/01\/Liste-constellations-2-768x1653.png 768w, https:\/\/gap47.astrosurf.com\/wp-content\/uploads\/2018\/01\/Liste-constellations-2-557x1200.png 557w\" sizes=\"auto, (max-width: 767px) 89vw, (max-width: 1000px) 54vw, (max-width: 1071px) 543px, 580px\" \/><\/span><\/p>\n<p><span style=\"color: #008000;\"><strong><span style=\"font-family: arial, helvetica, sans-serif;\">Cliquez ci-dessous pour t\u00e9l\u00e9charger le fichier Zip qui contient les dessins des 88 constellations. Une fois d\u00e9compact\u00e9, vous aurez les dessins de chacune des constellations, au format gif :<\/span><\/strong><\/span><\/p>\n<p><span style=\"font-family: times new roman, times, serif; font-size: 20px;\"><a href=\"http:\/\/gap47.astrosurf.com\/wp-content\/uploads\/2018\/01\/Les-Constellations.zip\"><strong>Les dessins des 88 constellations<\/strong><\/a><\/span><\/p>\n<hr>\n<p>&nbsp;<\/p>\n","protected":false},"excerpt":{"rendered":"<p>En 1930 l&rsquo;Union Astronomique Internationale a \u00e9tabli la liste finale et limitative des constellations de notre ciel. Elles sont au nombre de 88 : 44 dans l&rsquo;h\u00e9misph\u00e8re Nord (ciel bor\u00e9al) et 44 dans l&rsquo;h\u00e9misph\u00e8re Sud (ciel austral). Les noms officiels des constellations sont en latin. Selon la d\u00e9nomination de Bayer, les noms des \u00e9toiles sont &hellip; <\/p>\n<p class=\"link-more\"><a href=\"https:\/\/gap47.astrosurf.com\/index.php\/liste-des-constellations\/\" class=\"more-link\">Continuer la lecture<span class=\"screen-reader-text\"> de &laquo;&nbsp;Liste des Constellations&nbsp;&raquo;<\/span><\/a><\/p>\n","protected":false},"author":5,"featured_media":0,"parent":0,"menu_order":0,"comment_status":"closed","ping_status":"closed","template":"","meta":{"_exactmetrics_skip_tracking":false,"_exactmetrics_sitenote_active":false,"_exactmetrics_sitenote_note":"","_exactmetrics_sitenote_category":0,"ngg_post_thumbnail":0,"footnotes":""},"class_list":["post-6417","page","type-page","status-publish","hentry"],"yoast_head":"<!-- This site is optimized with the Yoast SEO plugin v24.8.1 - https:\/\/yoast.com\/wordpress\/plugins\/seo\/ -->\n<title>Liste des Constellations - L&#039;observatoire est ouvert aux visiteurs tous les vendredis soirs \u00e0 21 heures, jusqu&#039;au 3 juillet 2026 inclus, sans r\u00e9servation.<\/title>\n<meta name=\"robots\" content=\"index, follow, max-snippet:-1, max-image-preview:large, max-video-preview:-1\" \/>\n<link rel=\"canonical\" href=\"https:\/\/gap47.astrosurf.com\/index.php\/liste-des-constellations\/\" \/>\n<meta property=\"og:locale\" content=\"fr_FR\" \/>\n<meta property=\"og:type\" content=\"article\" \/>\n<meta property=\"og:title\" content=\"Liste des Constellations - L&#039;observatoire est ouvert aux visiteurs tous les vendredis soirs \u00e0 21 heures, jusqu&#039;au 3 juillet 2026 inclus, sans r\u00e9servation.\" \/>\n<meta property=\"og:description\" content=\"En 1930 l&rsquo;Union Astronomique Internationale a \u00e9tabli la liste finale et limitative des constellations de notre ciel. Elles sont au nombre de 88 : 44 dans l&rsquo;h\u00e9misph\u00e8re Nord (ciel bor\u00e9al) et 44 dans l&rsquo;h\u00e9misph\u00e8re Sud (ciel austral). Les noms officiels des constellations sont en latin. Selon la d\u00e9nomination de Bayer, les noms des \u00e9toiles sont &hellip; Continuer la lecture de &laquo;&nbsp;Liste des Constellations&nbsp;&raquo;\" \/>\n<meta property=\"og:url\" content=\"https:\/\/gap47.astrosurf.com\/index.php\/liste-des-constellations\/\" \/>\n<meta property=\"og:site_name\" content=\"L&#039;observatoire est ouvert aux visiteurs tous les vendredis soirs \u00e0 21 heures, jusqu&#039;au 3 juillet 2026 inclus, sans r\u00e9servation.\" \/>\n<meta property=\"article:publisher\" content=\"https:\/\/www.facebook.com\/astrogap47\/\" \/>\n<meta property=\"article:modified_time\" content=\"2018-01-27T03:17:46+00:00\" \/>\n<meta property=\"og:image\" content=\"http:\/\/gap47.astrosurf.com\/wp-content\/uploads\/2018\/01\/Liste-constellations-2.png\" \/>\n<meta name=\"twitter:card\" content=\"summary_large_image\" \/>\n<meta name=\"twitter:label1\" content=\"Dur\u00e9e de lecture estim\u00e9e\" \/>\n\t<meta name=\"twitter:data1\" content=\"1 minute\" \/>\n<script type=\"application\/ld+json\" class=\"yoast-schema-graph\">{\"@context\":\"https:\/\/schema.org\",\"@graph\":[{\"@type\":\"WebPage\",\"@id\":\"https:\/\/gap47.astrosurf.com\/index.php\/liste-des-constellations\/\",\"url\":\"https:\/\/gap47.astrosurf.com\/index.php\/liste-des-constellations\/\",\"name\":\"Liste des Constellations - L&#039;observatoire est ouvert aux visiteurs tous les vendredis soirs \u00e0 21 heures, jusqu&#039;au 3 juillet 2026 inclus, sans r\u00e9servation.\",\"isPartOf\":{\"@id\":\"https:\/\/gap47.astrosurf.com\/#website\"},\"primaryImageOfPage\":{\"@id\":\"https:\/\/gap47.astrosurf.com\/index.php\/liste-des-constellations\/#primaryimage\"},\"image\":{\"@id\":\"https:\/\/gap47.astrosurf.com\/index.php\/liste-des-constellations\/#primaryimage\"},\"thumbnailUrl\":\"http:\/\/gap47.astrosurf.com\/wp-content\/uploads\/2018\/01\/Liste-constellations-2.png\",\"datePublished\":\"2018-01-25T15:56:28+00:00\",\"dateModified\":\"2018-01-27T03:17:46+00:00\",\"breadcrumb\":{\"@id\":\"https:\/\/gap47.astrosurf.com\/index.php\/liste-des-constellations\/#breadcrumb\"},\"inLanguage\":\"fr-FR\",\"potentialAction\":[{\"@type\":\"ReadAction\",\"target\":[\"https:\/\/gap47.astrosurf.com\/index.php\/liste-des-constellations\/\"]}]},{\"@type\":\"ImageObject\",\"inLanguage\":\"fr-FR\",\"@id\":\"https:\/\/gap47.astrosurf.com\/index.php\/liste-des-constellations\/#primaryimage\",\"url\":\"https:\/\/gap47.astrosurf.com\/wp-content\/uploads\/2018\/01\/Liste-constellations-2.png\",\"contentUrl\":\"https:\/\/gap47.astrosurf.com\/wp-content\/uploads\/2018\/01\/Liste-constellations-2.png\",\"width\":800,\"height\":1722},{\"@type\":\"BreadcrumbList\",\"@id\":\"https:\/\/gap47.astrosurf.com\/index.php\/liste-des-constellations\/#breadcrumb\",\"itemListElement\":[{\"@type\":\"ListItem\",\"position\":1,\"name\":\"Accueil\",\"item\":\"https:\/\/gap47.astrosurf.com\/\"},{\"@type\":\"ListItem\",\"position\":2,\"name\":\"Liste des Constellations\"}]},{\"@type\":\"WebSite\",\"@id\":\"https:\/\/gap47.astrosurf.com\/#website\",\"url\":\"https:\/\/gap47.astrosurf.com\/\",\"name\":\"De janvier \u00e0 fin juin 2024, le GAP47 sera ouvert aux visiteurs tous les vendredis \u00e0 21h sans r\u00e9servation, \u00e0 l'exception du vendredi 26 janvier o\u00f9 l'observatoire sera ferm\u00e9 au public.\",\"description\":\"Groupe d&#039;Astronomie Populaire du Lot-et-Garonne, \u00e0 Montayral\",\"potentialAction\":[{\"@type\":\"SearchAction\",\"target\":{\"@type\":\"EntryPoint\",\"urlTemplate\":\"https:\/\/gap47.astrosurf.com\/?s={search_term_string}\"},\"query-input\":{\"@type\":\"PropertyValueSpecification\",\"valueRequired\":true,\"valueName\":\"search_term_string\"}}],\"inLanguage\":\"fr-FR\"}]}<\/script>\n<!-- \/ Yoast SEO plugin. -->","yoast_head_json":{"title":"Liste des Constellations - L&#039;observatoire est ouvert aux visiteurs tous les vendredis soirs \u00e0 21 heures, jusqu&#039;au 3 juillet 2026 inclus, sans r\u00e9servation.","robots":{"index":"index","follow":"follow","max-snippet":"max-snippet:-1","max-image-preview":"max-image-preview:large","max-video-preview":"max-video-preview:-1"},"canonical":"https:\/\/gap47.astrosurf.com\/index.php\/liste-des-constellations\/","og_locale":"fr_FR","og_type":"article","og_title":"Liste des Constellations - L&#039;observatoire est ouvert aux visiteurs tous les vendredis soirs \u00e0 21 heures, jusqu&#039;au 3 juillet 2026 inclus, sans r\u00e9servation.","og_description":"En 1930 l&rsquo;Union Astronomique Internationale a \u00e9tabli la liste finale et limitative des constellations de notre ciel. Elles sont au nombre de 88 : 44 dans l&rsquo;h\u00e9misph\u00e8re Nord (ciel bor\u00e9al) et 44 dans l&rsquo;h\u00e9misph\u00e8re Sud (ciel austral). Les noms officiels des constellations sont en latin. Selon la d\u00e9nomination de Bayer, les noms des \u00e9toiles sont &hellip; Continuer la lecture de &laquo;&nbsp;Liste des Constellations&nbsp;&raquo;","og_url":"https:\/\/gap47.astrosurf.com\/index.php\/liste-des-constellations\/","og_site_name":"L&#039;observatoire est ouvert aux visiteurs tous les vendredis soirs \u00e0 21 heures, jusqu&#039;au 3 juillet 2026 inclus, sans r\u00e9servation.","article_publisher":"https:\/\/www.facebook.com\/astrogap47\/","article_modified_time":"2018-01-27T03:17:46+00:00","og_image":[{"url":"http:\/\/gap47.astrosurf.com\/wp-content\/uploads\/2018\/01\/Liste-constellations-2.png","type":"","width":"","height":""}],"twitter_card":"summary_large_image","twitter_misc":{"Dur\u00e9e de lecture estim\u00e9e":"1 minute"},"schema":{"@context":"https:\/\/schema.org","@graph":[{"@type":"WebPage","@id":"https:\/\/gap47.astrosurf.com\/index.php\/liste-des-constellations\/","url":"https:\/\/gap47.astrosurf.com\/index.php\/liste-des-constellations\/","name":"Liste des Constellations - L&#039;observatoire est ouvert aux visiteurs tous les vendredis soirs \u00e0 21 heures, jusqu&#039;au 3 juillet 2026 inclus, sans r\u00e9servation.","isPartOf":{"@id":"https:\/\/gap47.astrosurf.com\/#website"},"primaryImageOfPage":{"@id":"https:\/\/gap47.astrosurf.com\/index.php\/liste-des-constellations\/#primaryimage"},"image":{"@id":"https:\/\/gap47.astrosurf.com\/index.php\/liste-des-constellations\/#primaryimage"},"thumbnailUrl":"http:\/\/gap47.astrosurf.com\/wp-content\/uploads\/2018\/01\/Liste-constellations-2.png","datePublished":"2018-01-25T15:56:28+00:00","dateModified":"2018-01-27T03:17:46+00:00","breadcrumb":{"@id":"https:\/\/gap47.astrosurf.com\/index.php\/liste-des-constellations\/#breadcrumb"},"inLanguage":"fr-FR","potentialAction":[{"@type":"ReadAction","target":["https:\/\/gap47.astrosurf.com\/index.php\/liste-des-constellations\/"]}]},{"@type":"ImageObject","inLanguage":"fr-FR","@id":"https:\/\/gap47.astrosurf.com\/index.php\/liste-des-constellations\/#primaryimage","url":"https:\/\/gap47.astrosurf.com\/wp-content\/uploads\/2018\/01\/Liste-constellations-2.png","contentUrl":"https:\/\/gap47.astrosurf.com\/wp-content\/uploads\/2018\/01\/Liste-constellations-2.png","width":800,"height":1722},{"@type":"BreadcrumbList","@id":"https:\/\/gap47.astrosurf.com\/index.php\/liste-des-constellations\/#breadcrumb","itemListElement":[{"@type":"ListItem","position":1,"name":"Accueil","item":"https:\/\/gap47.astrosurf.com\/"},{"@type":"ListItem","position":2,"name":"Liste des Constellations"}]},{"@type":"WebSite","@id":"https:\/\/gap47.astrosurf.com\/#website","url":"https:\/\/gap47.astrosurf.com\/","name":"De janvier \u00e0 fin juin 2024, le GAP47 sera ouvert aux visiteurs tous les vendredis \u00e0 21h sans r\u00e9servation, \u00e0 l'exception du vendredi 26 janvier o\u00f9 l'observatoire sera ferm\u00e9 au public.","description":"Groupe d&#039;Astronomie Populaire du Lot-et-Garonne, \u00e0 Montayral","potentialAction":[{"@type":"SearchAction","target":{"@type":"EntryPoint","urlTemplate":"https:\/\/gap47.astrosurf.com\/?s={search_term_string}"},"query-input":{"@type":"PropertyValueSpecification","valueRequired":true,"valueName":"search_term_string"}}],"inLanguage":"fr-FR"}]}},"_links":{"self":[{"href":"https:\/\/gap47.astrosurf.com\/index.php\/wp-json\/wp\/v2\/pages\/6417","targetHints":{"allow":["GET"]}}],"collection":[{"href":"https:\/\/gap47.astrosurf.com\/index.php\/wp-json\/wp\/v2\/pages"}],"about":[{"href":"https:\/\/gap47.astrosurf.com\/index.php\/wp-json\/wp\/v2\/types\/page"}],"author":[{"embeddable":true,"href":"https:\/\/gap47.astrosurf.com\/index.php\/wp-json\/wp\/v2\/users\/5"}],"replies":[{"embeddable":true,"href":"https:\/\/gap47.astrosurf.com\/index.php\/wp-json\/wp\/v2\/comments?post=6417"}],"version-history":[{"count":8,"href":"https:\/\/gap47.astrosurf.com\/index.php\/wp-json\/wp\/v2\/pages\/6417\/revisions"}],"predecessor-version":[{"id":6432,"href":"https:\/\/gap47.astrosurf.com\/index.php\/wp-json\/wp\/v2\/pages\/6417\/revisions\/6432"}],"wp:attachment":[{"href":"https:\/\/gap47.astrosurf.com\/index.php\/wp-json\/wp\/v2\/media?parent=6417"}],"curies":[{"name":"wp","href":"https:\/\/api.w.org\/{rel}","templated":true}]}}