 {"id":6279,"date":"2017-12-20T02:54:46","date_gmt":"2017-12-20T00:54:46","guid":{"rendered":"http:\/\/gap47.astrosurf.com\/?page_id=6279"},"modified":"2018-06-25T03:22:55","modified_gmt":"2018-06-25T01:22:55","slug":"lastrophotographie","status":"publish","type":"page","link":"https:\/\/gap47.astrosurf.com\/index.php\/technique\/lastrophotographie\/","title":{"rendered":"Astrophotographie"},"content":{"rendered":"<p><span style=\"font-family: arial, helvetica, sans-serif; font-size: 24px;\"><strong>Dans ce chapitre vous pourrez d\u00e9couvrir :<\/strong><\/span><\/p>\n<p><a href=\"http:\/\/gap47.astrosurf.com\/index.php\/technique\/lastrophotographie\/astrophoto-generalites\/\" target=\"_blank\" rel=\"noopener\"><strong><span style=\"font-family: times new roman, times, serif; font-size: 20px;\">Les g\u00e9n\u00e9ralit\u00e9s de l&rsquo;astrophotographie<\/span><\/strong><\/a><br \/>\n<a href=\"http:\/\/gap47.astrosurf.com\/index.php\/technique\/lastrophotographie\/la-photo-sans-instrument\/\" target=\"_blank\" rel=\"noopener\"><strong><span style=\"font-family: times new roman, times, serif; font-size: 20px;\">L&rsquo;astrophotographie sans instrument<\/span><\/strong><\/a><br \/>\n<a href=\"http:\/\/gap47.astrosurf.com\/index.php\/technique\/lastrophotographie\/quels-appareils\/\" target=\"_blank\" rel=\"noopener\"><strong><span style=\"font-family: times new roman, times, serif; font-size: 20px;\">Quels appareils utiliser ?<\/span><\/strong><\/a><br \/>\n<a href=\"http:\/\/gap47.astrosurf.com\/index.php\/technique\/lastrophotographie\/les-corrections\/\" target=\"_blank\" rel=\"noopener\"><strong><span style=\"font-family: times new roman, times, serif; font-size: 20px;\">Les corrections en astrophotographie<\/span><\/strong><\/a><br \/>\n<a href=\"http:\/\/gap47.astrosurf.com\/index.php\/technique\/lastrophotographie\/les-instruments\/\" target=\"_blank\" rel=\"noopener\"><strong><span style=\"font-family: times new roman, times, serif; font-size: 20px;\">L&rsquo;astrophotographie avec des instruments<\/span><\/strong><\/a><br \/>\n<a href=\"http:\/\/gap47.astrosurf.com\/index.php\/technique\/lastrophotographie\/le-systeme-solaire\/\" target=\"_blank\" rel=\"noopener\"><strong><span style=\"font-family: times new roman, times, serif; font-size: 20px;\">L&rsquo;astrophotographie du syst\u00e8me solaire<\/span><\/strong><\/a><br \/>\n<a href=\"http:\/\/gap47.astrosurf.com\/index.php\/technique\/lastrophotographie\/le-ciel-profond\/\" target=\"_blank\" rel=\"noopener\"><strong><span style=\"font-family: times new roman, times, serif; font-size: 20px;\">L&rsquo;astrophotographie du ciel profond<\/span><\/strong><\/a><\/p>\n<hr>\n<p><strong><span style=\"font-family: times new roman, times, serif; font-size: 20px; color: #993366;\">BIENT\u00d4T&#8230;<\/span><\/strong><\/p>\n","protected":false},"excerpt":{"rendered":"<p>Dans ce chapitre vous pourrez d\u00e9couvrir : Les g\u00e9n\u00e9ralit\u00e9s de l&rsquo;astrophotographie L&rsquo;astrophotographie sans instrument Quels appareils utiliser ? Les corrections en astrophotographie L&rsquo;astrophotographie avec des instruments L&rsquo;astrophotographie du syst\u00e8me solaire L&rsquo;astrophotographie du ciel profond BIENT\u00d4T&#8230;<\/p>\n","protected":false},"author":5,"featured_media":0,"parent":79,"menu_order":1,"comment_status":"closed","ping_status":"closed","template":"","meta":{"_exactmetrics_skip_tracking":false,"_exactmetrics_sitenote_active":false,"_exactmetrics_sitenote_note":"","_exactmetrics_sitenote_category":0,"ngg_post_thumbnail":0,"footnotes":""},"class_list":["post-6279","page","type-page","status-publish","hentry"],"yoast_head":"<!-- This site is optimized with the Yoast SEO plugin v24.8.1 - https:\/\/yoast.com\/wordpress\/plugins\/seo\/ -->\n<title>Astrophotographie - L&#039;observatoire est ouvert aux visiteurs tous les vendredis soirs \u00e0 21 heures, jusqu&#039;au 3 juillet 2026 inclus, sans r\u00e9servation.<\/title>\n<meta name=\"robots\" content=\"index, follow, max-snippet:-1, max-image-preview:large, max-video-preview:-1\" \/>\n<link rel=\"canonical\" href=\"https:\/\/gap47.astrosurf.com\/index.php\/technique\/lastrophotographie\/\" \/>\n<meta property=\"og:locale\" content=\"fr_FR\" \/>\n<meta property=\"og:type\" content=\"article\" \/>\n<meta property=\"og:title\" content=\"Astrophotographie - L&#039;observatoire est ouvert aux visiteurs tous les vendredis soirs \u00e0 21 heures, jusqu&#039;au 3 juillet 2026 inclus, sans r\u00e9servation.\" \/>\n<meta property=\"og:description\" content=\"Dans ce chapitre vous pourrez d\u00e9couvrir : Les g\u00e9n\u00e9ralit\u00e9s de l&rsquo;astrophotographie L&rsquo;astrophotographie sans instrument Quels appareils utiliser ? Les corrections en astrophotographie L&rsquo;astrophotographie avec des instruments L&rsquo;astrophotographie du syst\u00e8me solaire L&rsquo;astrophotographie du ciel profond BIENT\u00d4T&#8230;\" \/>\n<meta property=\"og:url\" content=\"https:\/\/gap47.astrosurf.com\/index.php\/technique\/lastrophotographie\/\" \/>\n<meta property=\"og:site_name\" content=\"L&#039;observatoire est ouvert aux visiteurs tous les vendredis soirs \u00e0 21 heures, jusqu&#039;au 3 juillet 2026 inclus, sans r\u00e9servation.\" \/>\n<meta property=\"article:publisher\" content=\"https:\/\/www.facebook.com\/astrogap47\/\" \/>\n<meta property=\"article:modified_time\" content=\"2018-06-25T01:22:55+00:00\" \/>\n<meta name=\"twitter:card\" content=\"summary_large_image\" \/>\n<script type=\"application\/ld+json\" class=\"yoast-schema-graph\">{\"@context\":\"https:\/\/schema.org\",\"@graph\":[{\"@type\":\"WebPage\",\"@id\":\"https:\/\/gap47.astrosurf.com\/index.php\/technique\/lastrophotographie\/\",\"url\":\"https:\/\/gap47.astrosurf.com\/index.php\/technique\/lastrophotographie\/\",\"name\":\"Astrophotographie - L&#039;observatoire est ouvert aux visiteurs tous les vendredis soirs \u00e0 21 heures, jusqu&#039;au 3 juillet 2026 inclus, sans r\u00e9servation.\",\"isPartOf\":{\"@id\":\"https:\/\/gap47.astrosurf.com\/#website\"},\"datePublished\":\"2017-12-20T00:54:46+00:00\",\"dateModified\":\"2018-06-25T01:22:55+00:00\",\"breadcrumb\":{\"@id\":\"https:\/\/gap47.astrosurf.com\/index.php\/technique\/lastrophotographie\/#breadcrumb\"},\"inLanguage\":\"fr-FR\",\"potentialAction\":[{\"@type\":\"ReadAction\",\"target\":[\"https:\/\/gap47.astrosurf.com\/index.php\/technique\/lastrophotographie\/\"]}]},{\"@type\":\"BreadcrumbList\",\"@id\":\"https:\/\/gap47.astrosurf.com\/index.php\/technique\/lastrophotographie\/#breadcrumb\",\"itemListElement\":[{\"@type\":\"ListItem\",\"position\":1,\"name\":\"Accueil\",\"item\":\"https:\/\/gap47.astrosurf.com\/\"},{\"@type\":\"ListItem\",\"position\":2,\"name\":\"Technique\",\"item\":\"https:\/\/gap47.astrosurf.com\/index.php\/technique\/\"},{\"@type\":\"ListItem\",\"position\":3,\"name\":\"Astrophotographie\"}]},{\"@type\":\"WebSite\",\"@id\":\"https:\/\/gap47.astrosurf.com\/#website\",\"url\":\"https:\/\/gap47.astrosurf.com\/\",\"name\":\"De janvier \u00e0 fin juin 2024, le GAP47 sera ouvert aux visiteurs tous les vendredis \u00e0 21h sans r\u00e9servation, \u00e0 l'exception du vendredi 26 janvier o\u00f9 l'observatoire sera ferm\u00e9 au public.\",\"description\":\"Groupe d&#039;Astronomie Populaire du Lot-et-Garonne, \u00e0 Montayral\",\"potentialAction\":[{\"@type\":\"SearchAction\",\"target\":{\"@type\":\"EntryPoint\",\"urlTemplate\":\"https:\/\/gap47.astrosurf.com\/?s={search_term_string}\"},\"query-input\":{\"@type\":\"PropertyValueSpecification\",\"valueRequired\":true,\"valueName\":\"search_term_string\"}}],\"inLanguage\":\"fr-FR\"}]}<\/script>\n<!-- \/ Yoast SEO plugin. -->","yoast_head_json":{"title":"Astrophotographie - L&#039;observatoire est ouvert aux visiteurs tous les vendredis soirs \u00e0 21 heures, jusqu&#039;au 3 juillet 2026 inclus, sans r\u00e9servation.","robots":{"index":"index","follow":"follow","max-snippet":"max-snippet:-1","max-image-preview":"max-image-preview:large","max-video-preview":"max-video-preview:-1"},"canonical":"https:\/\/gap47.astrosurf.com\/index.php\/technique\/lastrophotographie\/","og_locale":"fr_FR","og_type":"article","og_title":"Astrophotographie - L&#039;observatoire est ouvert aux visiteurs tous les vendredis soirs \u00e0 21 heures, jusqu&#039;au 3 juillet 2026 inclus, sans r\u00e9servation.","og_description":"Dans ce chapitre vous pourrez d\u00e9couvrir : Les g\u00e9n\u00e9ralit\u00e9s de l&rsquo;astrophotographie L&rsquo;astrophotographie sans instrument Quels appareils utiliser ? Les corrections en astrophotographie L&rsquo;astrophotographie avec des instruments L&rsquo;astrophotographie du syst\u00e8me solaire L&rsquo;astrophotographie du ciel profond BIENT\u00d4T&#8230;","og_url":"https:\/\/gap47.astrosurf.com\/index.php\/technique\/lastrophotographie\/","og_site_name":"L&#039;observatoire est ouvert aux visiteurs tous les vendredis soirs \u00e0 21 heures, jusqu&#039;au 3 juillet 2026 inclus, sans r\u00e9servation.","article_publisher":"https:\/\/www.facebook.com\/astrogap47\/","article_modified_time":"2018-06-25T01:22:55+00:00","twitter_card":"summary_large_image","schema":{"@context":"https:\/\/schema.org","@graph":[{"@type":"WebPage","@id":"https:\/\/gap47.astrosurf.com\/index.php\/technique\/lastrophotographie\/","url":"https:\/\/gap47.astrosurf.com\/index.php\/technique\/lastrophotographie\/","name":"Astrophotographie - L&#039;observatoire est ouvert aux visiteurs tous les vendredis soirs \u00e0 21 heures, jusqu&#039;au 3 juillet 2026 inclus, sans r\u00e9servation.","isPartOf":{"@id":"https:\/\/gap47.astrosurf.com\/#website"},"datePublished":"2017-12-20T00:54:46+00:00","dateModified":"2018-06-25T01:22:55+00:00","breadcrumb":{"@id":"https:\/\/gap47.astrosurf.com\/index.php\/technique\/lastrophotographie\/#breadcrumb"},"inLanguage":"fr-FR","potentialAction":[{"@type":"ReadAction","target":["https:\/\/gap47.astrosurf.com\/index.php\/technique\/lastrophotographie\/"]}]},{"@type":"BreadcrumbList","@id":"https:\/\/gap47.astrosurf.com\/index.php\/technique\/lastrophotographie\/#breadcrumb","itemListElement":[{"@type":"ListItem","position":1,"name":"Accueil","item":"https:\/\/gap47.astrosurf.com\/"},{"@type":"ListItem","position":2,"name":"Technique","item":"https:\/\/gap47.astrosurf.com\/index.php\/technique\/"},{"@type":"ListItem","position":3,"name":"Astrophotographie"}]},{"@type":"WebSite","@id":"https:\/\/gap47.astrosurf.com\/#website","url":"https:\/\/gap47.astrosurf.com\/","name":"De janvier \u00e0 fin juin 2024, le GAP47 sera ouvert aux visiteurs tous les vendredis \u00e0 21h sans r\u00e9servation, \u00e0 l'exception du vendredi 26 janvier o\u00f9 l'observatoire sera ferm\u00e9 au public.","description":"Groupe d&#039;Astronomie Populaire du Lot-et-Garonne, \u00e0 Montayral","potentialAction":[{"@type":"SearchAction","target":{"@type":"EntryPoint","urlTemplate":"https:\/\/gap47.astrosurf.com\/?s={search_term_string}"},"query-input":{"@type":"PropertyValueSpecification","valueRequired":true,"valueName":"search_term_string"}}],"inLanguage":"fr-FR"}]}},"_links":{"self":[{"href":"https:\/\/gap47.astrosurf.com\/index.php\/wp-json\/wp\/v2\/pages\/6279","targetHints":{"allow":["GET"]}}],"collection":[{"href":"https:\/\/gap47.astrosurf.com\/index.php\/wp-json\/wp\/v2\/pages"}],"about":[{"href":"https:\/\/gap47.astrosurf.com\/index.php\/wp-json\/wp\/v2\/types\/page"}],"author":[{"embeddable":true,"href":"https:\/\/gap47.astrosurf.com\/index.php\/wp-json\/wp\/v2\/users\/5"}],"replies":[{"embeddable":true,"href":"https:\/\/gap47.astrosurf.com\/index.php\/wp-json\/wp\/v2\/comments?post=6279"}],"version-history":[{"count":8,"href":"https:\/\/gap47.astrosurf.com\/index.php\/wp-json\/wp\/v2\/pages\/6279\/revisions"}],"predecessor-version":[{"id":7271,"href":"https:\/\/gap47.astrosurf.com\/index.php\/wp-json\/wp\/v2\/pages\/6279\/revisions\/7271"}],"up":[{"embeddable":true,"href":"https:\/\/gap47.astrosurf.com\/index.php\/wp-json\/wp\/v2\/pages\/79"}],"wp:attachment":[{"href":"https:\/\/gap47.astrosurf.com\/index.php\/wp-json\/wp\/v2\/media?parent=6279"}],"curies":[{"name":"wp","href":"https:\/\/api.w.org\/{rel}","templated":true}]}}