 {"id":5679,"date":"2017-11-03T00:11:40","date_gmt":"2017-11-02T22:11:40","guid":{"rendered":"http:\/\/gap47.astrosurf.com\/?page_id=5679"},"modified":"2021-04-09T17:08:44","modified_gmt":"2021-04-09T15:08:44","slug":"quest-ce-que-leso","status":"publish","type":"page","link":"https:\/\/gap47.astrosurf.com\/index.php\/ressources\/telescopes-exceptionnels\/telescopes-de-leso\/quest-ce-que-leso\/","title":{"rendered":"Qu&rsquo;est-ce que l&rsquo;ESO ?"},"content":{"rendered":"<p><span style=\"font-size: 24px; font-family: arial,helvetica,sans-serif;\"><strong>L&rsquo;ESO <\/strong>(<strong>E<\/strong>uropean <strong>S<\/strong>outhern <strong>O<\/strong>bservatory)<strong> est l&rsquo;Observatoire Europ\u00e9en Austral, au Chili.<br \/>\n<\/strong><\/span><\/p>\n<p>&nbsp;<\/p>\n<p><span style=\"font-family: times new roman,times,serif; font-size: 20px;\">L&rsquo;astronomie est souvent d\u00e9crite comme la plus ancienne des sciences et il ne fait aucun doute qu&rsquo;un regard vers la majestueuse Voie Lact\u00e9e \u2013 lorsque par une nuit claire on la voit s&rsquo;\u00e9tendre dans le ciel \u2013 a d\u00fb \u00eatre de tout temps une source d&rsquo;inspiration pour les peuples de toutes les cultures. Aujourd&rsquo;hui, l&rsquo;astronomie s&rsquo;impose comme l&rsquo;une des sciences les plus modernes et les plus dynamiques, pour laquelle les technologies les plus avanc\u00e9es et les techniques les plus sophistiqu\u00e9es sont mises \u00e0 disposition des scientifiques. Aujourd&rsquo;hui l&rsquo;astronomie est dans une p\u00e9riode tr\u00e8s excitante&nbsp;: gr\u00e2ce au progr\u00e8s technologique, nous pouvons \u00e9tudier des objets situ\u00e9s aux limites lointaines de notre Univers et d\u00e9tecter des plan\u00e8tes en orbite autour d&rsquo;\u00e9toiles autres que notre Soleil. Nous pouvons commencer \u00e0 r\u00e9pondre \u00e0 une question fondamentale qui nous fascine tous&nbsp;: sommes-nous seuls dans l&rsquo;Univers&nbsp;?<\/span><\/p>\n<p><span style=\"font-family: times new roman,times,serif; font-size: 20px;\"><strong>L&rsquo;Observatoire Europ\u00e9en Austral<\/strong> (<strong>ESO<\/strong>) est la plus importante organisation scientifique et technique intergouvernementale. Il conduit un ambitieux programme bas\u00e9 sur la conception, la construction et la gestion d&rsquo;\u00e9quipements d&rsquo;observation au sol pour l&rsquo;astronomie permettant d&rsquo;importantes d\u00e9couvertes scientifiques. L&rsquo;ESO joue \u00e9galement un r\u00f4le moteur dans la promotion et l&rsquo;organisation de la coop\u00e9ration de la recherche en astronomie.<\/span><\/p>\n<p><span style=\"font-family: times new roman,times,serif; font-size: 20px;\">L&rsquo;ESO g\u00e8re trois sites uniques d&rsquo;observation de classe internationale r\u00e9partis dans la r\u00e9gion chilienne du d\u00e9sert d&rsquo;Atacama&nbsp;:&nbsp;La Silla,&nbsp;Paranal et Chajnantor et bient\u00f4t (2024) un quatri\u00e8me au Cerro Armazones <\/span><\/p>\n<p>&nbsp;<\/p>\n<p><span style=\"font-family: times new roman,times,serif; font-size: 20px;\"><strong>1 &#8211; Le premier site de l&rsquo;ESO est celui de La Silla<\/strong>, situ\u00e9 \u00e0 2 400 m\u00e8tres d&rsquo;altitude \u00e0 600 km au nord de Santiago du Chili. Ce site est \u00e9quip\u00e9 de plusieurs t\u00e9lescopes observant dans le visible et dont le diam\u00e8tre des miroirs va jusqu&rsquo;\u00e0 3,60 m\u00e8tres. Le t\u00e9lescope NTT (New Technology Telescope) de 3,50 m\u00e8tres a \u00e9t\u00e9 une v\u00e9ritable innovation en mati\u00e8re de conception et d&rsquo;ing\u00e9nierie pour les t\u00e9lescopes. Ce fut le premier t\u00e9lescope au monde \u00e0 avoir un miroir primaire contr\u00f4l\u00e9 par ordinateur (optique active), une technologie d\u00e9velopp\u00e9e par l&rsquo;ESO et maintenant utilis\u00e9e sur la plupart des autres grands t\u00e9lescopes au monde. Le t\u00e9lescope de 3,60 m\u00e8tres de l&rsquo;ESO est actuellement \u00e9quip\u00e9 de l&rsquo;instrument le plus performant au monde pour d\u00e9tecter des plan\u00e8tes extrasolaires : HARPS (High Accuracy Radial Velocity Planet Searcher), un spectrographe d&rsquo;une pr\u00e9cision in\u00e9gal\u00e9e.<\/span><\/p>\n<p>&nbsp;<\/p>\n<p><span style=\"font-family: times new roman,times,serif; font-size: 20px;\"><strong>2 &#8211; Le deuxi\u00e8me site de l&rsquo;ESO est celui du Cerro Parnal. <\/strong>Alors que La Silla reste au premier plan de l&rsquo;astronomie et occupe toujours la seconde place des observatoires astronomiques au sol en termes de production scientifique, le site de Paranal, \u00e0 2 600 m\u00e8tres d&rsquo;altitude, avec le VLT, un ensemble de 8 t\u00e9lescopes, qui est l&rsquo;installation maitresse de l&rsquo;astronomie europ\u00e9enne. Paranal est situ\u00e9 \u00e0 environ 130 km au sud d&rsquo;Antofagasta au Chili, \u00e0 12 km de la c\u00f4te pacifique, dans une des zones les plus arides sur Terre. Les activit\u00e9s scientifiques y ont d\u00e9but\u00e9 en 1999 et ont d\u00e9bouch\u00e9 sur de nombreux programmes de recherche couronn\u00e9s de succ\u00e8s.<\/span><\/p>\n<figure id=\"attachment_5702\" aria-describedby=\"caption-attachment-5702\" style=\"width: 1280px\" class=\"wp-caption alignleft\"><img loading=\"lazy\" decoding=\"async\" class=\"size-full wp-image-5702\" src=\"http:\/\/gap47.astrosurf.com\/wp-content\/uploads\/2017\/11\/esopia00079sites.jpg\" alt=\"\" width=\"1280\" height=\"879\" srcset=\"https:\/\/gap47.astrosurf.com\/wp-content\/uploads\/2017\/11\/esopia00079sites.jpg 1280w, https:\/\/gap47.astrosurf.com\/wp-content\/uploads\/2017\/11\/esopia00079sites-300x206.jpg 300w, https:\/\/gap47.astrosurf.com\/wp-content\/uploads\/2017\/11\/esopia00079sites-768x527.jpg 768w\" sizes=\"auto, (max-width: 767px) 89vw, (max-width: 1000px) 54vw, (max-width: 1071px) 543px, 580px\" \/><figcaption id=\"caption-attachment-5702\" class=\"wp-caption-text\"><span style=\"font-family: 'times new roman', times, serif; font-size: 20px; color: #000000;\">\u2191&nbsp; La plateforme du Cerro Paranal photographi\u00e9e en Janvier 2007. On peut y voir les 4 grands t\u00e9lescopes du VLT (Very Large Telescope) ainsi que les 4 t\u00e9lescopes auxiliaires.<\/span><\/figcaption><\/figure>\n<p><span style=\"font-family: times new roman,times,serif; font-size: 20px;\">Le VLT est un groupe de t\u00e9lescopes des plus originaux bas\u00e9 sur les derni\u00e8res technologies. En fait, il ne s&rsquo;agit pas d&rsquo;un t\u00e9lescope, mais d&rsquo;un r\u00e9seau de quatre T\u00e9lescopes, chacun \u00e9quip\u00e9 d&rsquo;un miroir primaire de 8,20 m\u00e8tres de diam\u00e8tre. Avec un seul de ces t\u00e9lescopes, il est possible d&rsquo;obtenir avec une pose d&rsquo;une heure, des images d&rsquo;objets c\u00e9lestes tr\u00e8s peu lumineux, jusqu&rsquo;\u00e0 la magnitude 30. Cela correspond \u00e0 des objets qui sont quatre milliards de fois moins lumineux que ce qui peut \u00eatre vu \u00e0 l&rsquo;\u0153il nu.<\/span><\/p>\n<p><span style=\"font-family: times new roman,times,serif; font-size: 20px;\">Le VLT a \u00e9galement quatre T\u00e9lescopes Auxiliaires (AT) mobiles compl\u00e9mentaires de 1,8 m\u00e8tre. La possibilit\u00e9 d&rsquo;utiliser le VLT comme un interf\u00e9rom\u00e8tre g\u00e9ant (VLT Interferometer ou VLTI) en combinant la lumi\u00e8re de plusieurs de ses T\u00e9lescopes ou des T\u00e9lescopes Auxiliaires, est une des caract\u00e9ristiques les plus sensationnelles du VLT. Dans une telle configuration, le t\u00e9lescope a une vision aussi pr\u00e9cise qu&rsquo;un t\u00e9lescope dont la taille correspondrait \u00e0 la distance entre les miroirs les plus \u00e9loign\u00e9s, soit jusqu&rsquo;\u00e0 200 m\u00e8tres dans le cas du VLTI avec les T\u00e9lescopes Auxiliaires.<\/span><\/p>\n<p><span style=\"font-family: times new roman,times,serif; font-size: 20px;\">Chaque ann\u00e9e, environ 2000 demandes sont d\u00e9pos\u00e9es pour utiliser les t\u00e9lescopes de l&rsquo;ESO, ce qui impliquerait de pouvoir disposer de quatre \u00e0 six fois plus de nuits que ce qui est disponible actuellement. L&rsquo;ESO est l&rsquo;observatoire astronomique le plus productif au monde et permet chaque ann\u00e9e des publications scientifiques de haut niveau (dans des revues \u00e0 r\u00e9f\u00e9r\u00e9s) : sur la seule ann\u00e9e 2013, plus de 840 articles r\u00e9f\u00e9renc\u00e9s, r\u00e9alis\u00e9s \u00e0 partir des donn\u00e9es de l&rsquo;ESO, ont \u00e9t\u00e9 publi\u00e9s. De plus, les articles de recherche r\u00e9alis\u00e9s \u00e0 partir de donn\u00e9es du VLT sont globalement cit\u00e9s deux fois plus souvent que la moyenne. La tr\u00e8s grande efficacit\u00e9 des \u00ab machines scientifiques \u00bb de l&rsquo;ESO g\u00e9n\u00e8re d\u00e9sormais d&rsquo;\u00e9normes quantit\u00e9s de donn\u00e9es \u00e0 une vitesse tr\u00e8s \u00e9lev\u00e9e. Elles sont stock\u00e9es dans les archives permanentes au si\u00e8ge de l&rsquo;ESO. Les archives contiennent maintenant plus de 10 millions d&rsquo;images ou spectres avec un volume total d&rsquo;environ 200 t\u00e9raoctets (200.000.000.000.000 octets) de donn\u00e9es. Cela correspond \u00e0 un volume d&rsquo;environ 90 millions de livres de 1.000 pages chacun, qui occuperaient plus de 3.000 kilom\u00e8tres de rayonnages !<\/span><\/p>\n<p>&nbsp;<\/p>\n<p><span style=\"font-family: times new roman,times,serif; font-size: 20px;\"><strong>3 &#8211; Le troisi\u00e8me site de l&rsquo;ESO est celui du Llano&nbsp;Chajnantor.<\/strong><\/span><\/p>\n<p><span style=\"font-family: times new roman,times,serif; font-size: 20px;\"><strong> ALMA <\/strong>(<strong>A<\/strong>tacama <strong>L<\/strong>arge <strong>M<\/strong>illimeter\/submillimeter <strong>A<\/strong>rray), le plus grand projet d&rsquo;observatoire astronomique terrestre existant actuellement, est un \u00e9quipement r\u00e9volutionnaire pour le monde de l&rsquo;astronomie. ALMA&nbsp;est compos\u00e9 d&rsquo;un r\u00e9seau de 66 antennes g\u00e9antes de 12 et 7 m\u00e8tres de diam\u00e8tre observant dans les longueurs d&rsquo;ondes millim\u00e9trique et submillim\u00e9trique. ALMA a commenc\u00e9 les observations scientifiques en 2011 et a \u00e9t\u00e9 inaugur\u00e9 en 2013.&nbsp;ALMA est install\u00e9 sur le haut plateau de Chajnantor, \u00e0 5.000 m\u00e8tres d&rsquo;altitude, l&rsquo;un des sites les plus hauts du monde pour un observatoire astronomique. ALMA est un partenariat entre l&rsquo;ESO (repr\u00e9sentant ses Etats Membres), le NSF (USA) et le NINS (Japon) avec le NRC (Canada) et le NSC et l&rsquo;ASIAA (Taiwana) et le KASI (Cor\u00e9e du Sud) en collaboration avec la R\u00e9publique du Chili. L\u2019Observatoire commun ALMA (JAO pour Joint ALMA Observatory) est g\u00e9r\u00e9 par l&rsquo;ESO l&rsquo;AUI\/NRAO et le NAOJ. <\/span><\/p>\n<p><span style=\"font-family: times new roman,times,serif; font-size: 20px;\"><strong>APEX<\/strong> (<strong>A<\/strong>tacama <strong>P<\/strong>athfinder <strong>EX<\/strong>periment). Chajnantor accueille \u00e9galement le t\u00e9lescope millim\u00e9trique et submillim\u00e9trique de 12 m\u00e8tres de diam\u00e8tre APEX exploit\u00e9 par l&rsquo;ESO pour le compte de l&rsquo;Observatoire Spatial d&rsquo;Onsala (OSO), de l&rsquo;Institut Max Plank pour la radioastronomie et de l&rsquo;ESO lui-m\u00eame.<\/span><\/p>\n<p>&nbsp;<\/p>\n<p><span style=\"font-family: times new roman,times,serif; font-size: 20px;\"><strong>4 &#8211; Le quatri\u00e8me site de l&rsquo;ESO sera celui du Cerro Armazones.<\/strong><\/span><\/p>\n<p><span style=\"font-family: times new roman,times,serif; font-size: 20px;\">La prochaine \u00e9tape apr\u00e8s le VLT est de construire le t\u00e9lescope g\u00e9ant (ELT) observant dans le visible et l&rsquo;infrarouge avec un miroir primaire de 39 m\u00e8tres de diam\u00e8tre. L&rsquo;ELT sera \u00ab&nbsp;l&rsquo;\u0153il le plus grand&nbsp;du monde&nbsp;tourn\u00e9 vers le ciel&nbsp;\u00bb &#8211; le plus grand t\u00e9lescope dans le visible et le proche infrarouge au monde. L&rsquo;ELT tentera de r\u00e9pondre aux questions les plus br\u00fblantes de l&rsquo;astronomie actuellement sans r\u00e9ponse. Il r\u00e9volutionnera peut-\u00eatre m\u00eame notre perception de l&rsquo;Univers, comme l&rsquo;a fait la lunette de Galil\u00e9e il y a 400 ans. Le feu vert pour la construction de l&rsquo;ELT a \u00e9t\u00e9 donn\u00e9 fin 2014 avec une premi\u00e8re lumi\u00e8re pr\u00e9vue pour 2024.<\/span><\/p>\n<p>&nbsp;<\/p>\n<p><span style=\"font-family: times new roman,times,serif; font-size: 20px;\">Le Si\u00e8ge de l&rsquo;ESO est bas\u00e9 \u00e0 Garching, en Allemagne, pr\u00e8s de Munich. C&rsquo;est le centre scientifique, technique et administratif de l&rsquo;ESO o\u00f9 les programmes de d\u00e9veloppement technologique de l&rsquo;ESO sont mis en \u0153uvre afin de fournir aux observatoires les \u00e9quipements les plus \u00e9volu\u00e9s.<\/span><\/p>\n<hr>\n<p>&nbsp;<\/p>\n","protected":false},"excerpt":{"rendered":"<p>L&rsquo;ESO (European Southern Observatory) est l&rsquo;Observatoire Europ\u00e9en Austral, au Chili. &nbsp; L&rsquo;astronomie est souvent d\u00e9crite comme la plus ancienne des sciences et il ne fait aucun doute qu&rsquo;un regard vers la majestueuse Voie Lact\u00e9e \u2013 lorsque par une nuit claire on la voit s&rsquo;\u00e9tendre dans le ciel \u2013 a d\u00fb \u00eatre de tout temps une &hellip; <\/p>\n<p class=\"link-more\"><a href=\"https:\/\/gap47.astrosurf.com\/index.php\/ressources\/telescopes-exceptionnels\/telescopes-de-leso\/quest-ce-que-leso\/\" class=\"more-link\">Continuer la lecture<span class=\"screen-reader-text\"> de &laquo;&nbsp;Qu&rsquo;est-ce que l&rsquo;ESO ?&nbsp;&raquo;<\/span><\/a><\/p>\n","protected":false},"author":5,"featured_media":0,"parent":5665,"menu_order":0,"comment_status":"closed","ping_status":"closed","template":"","meta":{"_exactmetrics_skip_tracking":false,"_exactmetrics_sitenote_active":false,"_exactmetrics_sitenote_note":"","_exactmetrics_sitenote_category":0,"ngg_post_thumbnail":0,"footnotes":""},"class_list":["post-5679","page","type-page","status-publish","hentry"],"yoast_head":"<!-- This site is optimized with the Yoast SEO plugin v24.8.1 - https:\/\/yoast.com\/wordpress\/plugins\/seo\/ -->\n<title>Qu&#039;est-ce que l&#039;ESO ? - L&#039;observatoire est ouvert aux visiteurs tous les vendredis soirs \u00e0 21 heures, jusqu&#039;au 3 juillet 2026 inclus, sans r\u00e9servation.<\/title>\n<meta name=\"robots\" content=\"index, follow, max-snippet:-1, max-image-preview:large, max-video-preview:-1\" \/>\n<link rel=\"canonical\" href=\"https:\/\/gap47.astrosurf.com\/index.php\/ressources\/telescopes-exceptionnels\/telescopes-de-leso\/quest-ce-que-leso\/\" \/>\n<meta property=\"og:locale\" content=\"fr_FR\" \/>\n<meta property=\"og:type\" content=\"article\" \/>\n<meta property=\"og:title\" content=\"Qu&#039;est-ce que l&#039;ESO ? - L&#039;observatoire est ouvert aux visiteurs tous les vendredis soirs \u00e0 21 heures, jusqu&#039;au 3 juillet 2026 inclus, sans r\u00e9servation.\" \/>\n<meta property=\"og:description\" content=\"L&rsquo;ESO (European Southern Observatory) est l&rsquo;Observatoire Europ\u00e9en Austral, au Chili. &nbsp; L&rsquo;astronomie est souvent d\u00e9crite comme la plus ancienne des sciences et il ne fait aucun doute qu&rsquo;un regard vers la majestueuse Voie Lact\u00e9e \u2013 lorsque par une nuit claire on la voit s&rsquo;\u00e9tendre dans le ciel \u2013 a d\u00fb \u00eatre de tout temps une &hellip; Continuer la lecture de &laquo;&nbsp;Qu&rsquo;est-ce que l&rsquo;ESO ?&nbsp;&raquo;\" \/>\n<meta property=\"og:url\" content=\"https:\/\/gap47.astrosurf.com\/index.php\/ressources\/telescopes-exceptionnels\/telescopes-de-leso\/quest-ce-que-leso\/\" \/>\n<meta property=\"og:site_name\" content=\"L&#039;observatoire est ouvert aux visiteurs tous les vendredis soirs \u00e0 21 heures, jusqu&#039;au 3 juillet 2026 inclus, sans r\u00e9servation.\" \/>\n<meta property=\"article:publisher\" content=\"https:\/\/www.facebook.com\/astrogap47\/\" \/>\n<meta property=\"article:modified_time\" content=\"2021-04-09T15:08:44+00:00\" \/>\n<meta property=\"og:image\" content=\"http:\/\/gap47.astrosurf.com\/wp-content\/uploads\/2017\/11\/esopia00079sites.jpg\" \/>\n<meta name=\"twitter:card\" content=\"summary_large_image\" \/>\n<meta name=\"twitter:label1\" content=\"Dur\u00e9e de lecture estim\u00e9e\" \/>\n\t<meta name=\"twitter:data1\" content=\"6 minutes\" \/>\n<script type=\"application\/ld+json\" class=\"yoast-schema-graph\">{\"@context\":\"https:\/\/schema.org\",\"@graph\":[{\"@type\":\"WebPage\",\"@id\":\"https:\/\/gap47.astrosurf.com\/index.php\/ressources\/telescopes-exceptionnels\/telescopes-de-leso\/quest-ce-que-leso\/\",\"url\":\"https:\/\/gap47.astrosurf.com\/index.php\/ressources\/telescopes-exceptionnels\/telescopes-de-leso\/quest-ce-que-leso\/\",\"name\":\"Qu'est-ce que l'ESO ? - L&#039;observatoire est ouvert aux visiteurs tous les vendredis soirs \u00e0 21 heures, jusqu&#039;au 3 juillet 2026 inclus, sans r\u00e9servation.\",\"isPartOf\":{\"@id\":\"https:\/\/gap47.astrosurf.com\/#website\"},\"primaryImageOfPage\":{\"@id\":\"https:\/\/gap47.astrosurf.com\/index.php\/ressources\/telescopes-exceptionnels\/telescopes-de-leso\/quest-ce-que-leso\/#primaryimage\"},\"image\":{\"@id\":\"https:\/\/gap47.astrosurf.com\/index.php\/ressources\/telescopes-exceptionnels\/telescopes-de-leso\/quest-ce-que-leso\/#primaryimage\"},\"thumbnailUrl\":\"http:\/\/gap47.astrosurf.com\/wp-content\/uploads\/2017\/11\/esopia00079sites.jpg\",\"datePublished\":\"2017-11-02T22:11:40+00:00\",\"dateModified\":\"2021-04-09T15:08:44+00:00\",\"breadcrumb\":{\"@id\":\"https:\/\/gap47.astrosurf.com\/index.php\/ressources\/telescopes-exceptionnels\/telescopes-de-leso\/quest-ce-que-leso\/#breadcrumb\"},\"inLanguage\":\"fr-FR\",\"potentialAction\":[{\"@type\":\"ReadAction\",\"target\":[\"https:\/\/gap47.astrosurf.com\/index.php\/ressources\/telescopes-exceptionnels\/telescopes-de-leso\/quest-ce-que-leso\/\"]}]},{\"@type\":\"ImageObject\",\"inLanguage\":\"fr-FR\",\"@id\":\"https:\/\/gap47.astrosurf.com\/index.php\/ressources\/telescopes-exceptionnels\/telescopes-de-leso\/quest-ce-que-leso\/#primaryimage\",\"url\":\"https:\/\/gap47.astrosurf.com\/wp-content\/uploads\/2017\/11\/esopia00079sites.jpg\",\"contentUrl\":\"https:\/\/gap47.astrosurf.com\/wp-content\/uploads\/2017\/11\/esopia00079sites.jpg\",\"width\":1280,\"height\":879,\"caption\":\"The Paranal platform photographed in January 2007. The four main Very Large Telescope (VLT) units can be seen, as well the four auxiliary telescopes.\"},{\"@type\":\"BreadcrumbList\",\"@id\":\"https:\/\/gap47.astrosurf.com\/index.php\/ressources\/telescopes-exceptionnels\/telescopes-de-leso\/quest-ce-que-leso\/#breadcrumb\",\"itemListElement\":[{\"@type\":\"ListItem\",\"position\":1,\"name\":\"Accueil\",\"item\":\"https:\/\/gap47.astrosurf.com\/\"},{\"@type\":\"ListItem\",\"position\":2,\"name\":\"Ressources\",\"item\":\"https:\/\/gap47.astrosurf.com\/index.php\/ressources\/\"},{\"@type\":\"ListItem\",\"position\":3,\"name\":\"T\u00e9lescopes exceptionnels\",\"item\":\"https:\/\/gap47.astrosurf.com\/index.php\/ressources\/telescopes-exceptionnels\/\"},{\"@type\":\"ListItem\",\"position\":4,\"name\":\"T\u00e9lescopes de l&#8217;ESO\",\"item\":\"https:\/\/gap47.astrosurf.com\/index.php\/ressources\/telescopes-exceptionnels\/telescopes-de-leso\/\"},{\"@type\":\"ListItem\",\"position\":5,\"name\":\"Qu&#8217;est-ce que l&#8217;ESO ?\"}]},{\"@type\":\"WebSite\",\"@id\":\"https:\/\/gap47.astrosurf.com\/#website\",\"url\":\"https:\/\/gap47.astrosurf.com\/\",\"name\":\"De janvier \u00e0 fin juin 2024, le GAP47 sera ouvert aux visiteurs tous les vendredis \u00e0 21h sans r\u00e9servation, \u00e0 l'exception du vendredi 26 janvier o\u00f9 l'observatoire sera ferm\u00e9 au public.\",\"description\":\"Groupe d&#039;Astronomie Populaire du Lot-et-Garonne, \u00e0 Montayral\",\"potentialAction\":[{\"@type\":\"SearchAction\",\"target\":{\"@type\":\"EntryPoint\",\"urlTemplate\":\"https:\/\/gap47.astrosurf.com\/?s={search_term_string}\"},\"query-input\":{\"@type\":\"PropertyValueSpecification\",\"valueRequired\":true,\"valueName\":\"search_term_string\"}}],\"inLanguage\":\"fr-FR\"}]}<\/script>\n<!-- \/ Yoast SEO plugin. -->","yoast_head_json":{"title":"Qu'est-ce que l'ESO ? - L&#039;observatoire est ouvert aux visiteurs tous les vendredis soirs \u00e0 21 heures, jusqu&#039;au 3 juillet 2026 inclus, sans r\u00e9servation.","robots":{"index":"index","follow":"follow","max-snippet":"max-snippet:-1","max-image-preview":"max-image-preview:large","max-video-preview":"max-video-preview:-1"},"canonical":"https:\/\/gap47.astrosurf.com\/index.php\/ressources\/telescopes-exceptionnels\/telescopes-de-leso\/quest-ce-que-leso\/","og_locale":"fr_FR","og_type":"article","og_title":"Qu'est-ce que l'ESO ? - L&#039;observatoire est ouvert aux visiteurs tous les vendredis soirs \u00e0 21 heures, jusqu&#039;au 3 juillet 2026 inclus, sans r\u00e9servation.","og_description":"L&rsquo;ESO (European Southern Observatory) est l&rsquo;Observatoire Europ\u00e9en Austral, au Chili. &nbsp; L&rsquo;astronomie est souvent d\u00e9crite comme la plus ancienne des sciences et il ne fait aucun doute qu&rsquo;un regard vers la majestueuse Voie Lact\u00e9e \u2013 lorsque par une nuit claire on la voit s&rsquo;\u00e9tendre dans le ciel \u2013 a d\u00fb \u00eatre de tout temps une &hellip; Continuer la lecture de &laquo;&nbsp;Qu&rsquo;est-ce que l&rsquo;ESO ?&nbsp;&raquo;","og_url":"https:\/\/gap47.astrosurf.com\/index.php\/ressources\/telescopes-exceptionnels\/telescopes-de-leso\/quest-ce-que-leso\/","og_site_name":"L&#039;observatoire est ouvert aux visiteurs tous les vendredis soirs \u00e0 21 heures, jusqu&#039;au 3 juillet 2026 inclus, sans r\u00e9servation.","article_publisher":"https:\/\/www.facebook.com\/astrogap47\/","article_modified_time":"2021-04-09T15:08:44+00:00","og_image":[{"url":"http:\/\/gap47.astrosurf.com\/wp-content\/uploads\/2017\/11\/esopia00079sites.jpg","type":"","width":"","height":""}],"twitter_card":"summary_large_image","twitter_misc":{"Dur\u00e9e de lecture estim\u00e9e":"6 minutes"},"schema":{"@context":"https:\/\/schema.org","@graph":[{"@type":"WebPage","@id":"https:\/\/gap47.astrosurf.com\/index.php\/ressources\/telescopes-exceptionnels\/telescopes-de-leso\/quest-ce-que-leso\/","url":"https:\/\/gap47.astrosurf.com\/index.php\/ressources\/telescopes-exceptionnels\/telescopes-de-leso\/quest-ce-que-leso\/","name":"Qu'est-ce que l'ESO ? - L&#039;observatoire est ouvert aux visiteurs tous les vendredis soirs \u00e0 21 heures, jusqu&#039;au 3 juillet 2026 inclus, sans r\u00e9servation.","isPartOf":{"@id":"https:\/\/gap47.astrosurf.com\/#website"},"primaryImageOfPage":{"@id":"https:\/\/gap47.astrosurf.com\/index.php\/ressources\/telescopes-exceptionnels\/telescopes-de-leso\/quest-ce-que-leso\/#primaryimage"},"image":{"@id":"https:\/\/gap47.astrosurf.com\/index.php\/ressources\/telescopes-exceptionnels\/telescopes-de-leso\/quest-ce-que-leso\/#primaryimage"},"thumbnailUrl":"http:\/\/gap47.astrosurf.com\/wp-content\/uploads\/2017\/11\/esopia00079sites.jpg","datePublished":"2017-11-02T22:11:40+00:00","dateModified":"2021-04-09T15:08:44+00:00","breadcrumb":{"@id":"https:\/\/gap47.astrosurf.com\/index.php\/ressources\/telescopes-exceptionnels\/telescopes-de-leso\/quest-ce-que-leso\/#breadcrumb"},"inLanguage":"fr-FR","potentialAction":[{"@type":"ReadAction","target":["https:\/\/gap47.astrosurf.com\/index.php\/ressources\/telescopes-exceptionnels\/telescopes-de-leso\/quest-ce-que-leso\/"]}]},{"@type":"ImageObject","inLanguage":"fr-FR","@id":"https:\/\/gap47.astrosurf.com\/index.php\/ressources\/telescopes-exceptionnels\/telescopes-de-leso\/quest-ce-que-leso\/#primaryimage","url":"https:\/\/gap47.astrosurf.com\/wp-content\/uploads\/2017\/11\/esopia00079sites.jpg","contentUrl":"https:\/\/gap47.astrosurf.com\/wp-content\/uploads\/2017\/11\/esopia00079sites.jpg","width":1280,"height":879,"caption":"The Paranal platform photographed in January 2007. The four main Very Large Telescope (VLT) units can be seen, as well the four auxiliary telescopes."},{"@type":"BreadcrumbList","@id":"https:\/\/gap47.astrosurf.com\/index.php\/ressources\/telescopes-exceptionnels\/telescopes-de-leso\/quest-ce-que-leso\/#breadcrumb","itemListElement":[{"@type":"ListItem","position":1,"name":"Accueil","item":"https:\/\/gap47.astrosurf.com\/"},{"@type":"ListItem","position":2,"name":"Ressources","item":"https:\/\/gap47.astrosurf.com\/index.php\/ressources\/"},{"@type":"ListItem","position":3,"name":"T\u00e9lescopes exceptionnels","item":"https:\/\/gap47.astrosurf.com\/index.php\/ressources\/telescopes-exceptionnels\/"},{"@type":"ListItem","position":4,"name":"T\u00e9lescopes de l&#8217;ESO","item":"https:\/\/gap47.astrosurf.com\/index.php\/ressources\/telescopes-exceptionnels\/telescopes-de-leso\/"},{"@type":"ListItem","position":5,"name":"Qu&#8217;est-ce que l&#8217;ESO ?"}]},{"@type":"WebSite","@id":"https:\/\/gap47.astrosurf.com\/#website","url":"https:\/\/gap47.astrosurf.com\/","name":"De janvier \u00e0 fin juin 2024, le GAP47 sera ouvert aux visiteurs tous les vendredis \u00e0 21h sans r\u00e9servation, \u00e0 l'exception du vendredi 26 janvier o\u00f9 l'observatoire sera ferm\u00e9 au public.","description":"Groupe d&#039;Astronomie Populaire du Lot-et-Garonne, \u00e0 Montayral","potentialAction":[{"@type":"SearchAction","target":{"@type":"EntryPoint","urlTemplate":"https:\/\/gap47.astrosurf.com\/?s={search_term_string}"},"query-input":{"@type":"PropertyValueSpecification","valueRequired":true,"valueName":"search_term_string"}}],"inLanguage":"fr-FR"}]}},"_links":{"self":[{"href":"https:\/\/gap47.astrosurf.com\/index.php\/wp-json\/wp\/v2\/pages\/5679","targetHints":{"allow":["GET"]}}],"collection":[{"href":"https:\/\/gap47.astrosurf.com\/index.php\/wp-json\/wp\/v2\/pages"}],"about":[{"href":"https:\/\/gap47.astrosurf.com\/index.php\/wp-json\/wp\/v2\/types\/page"}],"author":[{"embeddable":true,"href":"https:\/\/gap47.astrosurf.com\/index.php\/wp-json\/wp\/v2\/users\/5"}],"replies":[{"embeddable":true,"href":"https:\/\/gap47.astrosurf.com\/index.php\/wp-json\/wp\/v2\/comments?post=5679"}],"version-history":[{"count":11,"href":"https:\/\/gap47.astrosurf.com\/index.php\/wp-json\/wp\/v2\/pages\/5679\/revisions"}],"predecessor-version":[{"id":10572,"href":"https:\/\/gap47.astrosurf.com\/index.php\/wp-json\/wp\/v2\/pages\/5679\/revisions\/10572"}],"up":[{"embeddable":true,"href":"https:\/\/gap47.astrosurf.com\/index.php\/wp-json\/wp\/v2\/pages\/5665"}],"wp:attachment":[{"href":"https:\/\/gap47.astrosurf.com\/index.php\/wp-json\/wp\/v2\/media?parent=5679"}],"curies":[{"name":"wp","href":"https:\/\/api.w.org\/{rel}","templated":true}]}}