 {"id":5671,"date":"2017-11-03T00:06:39","date_gmt":"2017-11-02T22:06:39","guid":{"rendered":"http:\/\/gap47.astrosurf.com\/?page_id=5671"},"modified":"2019-03-29T18:59:07","modified_gmt":"2019-03-29T16:59:07","slug":"la-silla","status":"publish","type":"page","link":"https:\/\/gap47.astrosurf.com\/index.php\/ressources\/telescopes-exceptionnels\/telescopes-de-leso\/la-silla\/","title":{"rendered":"La Silla"},"content":{"rendered":"<p><strong><span style=\"font-family: arial,helvetica,sans-serif; font-size: 24px;\">\u00c9quipements de l&rsquo;ESO au Chili : La Silla<\/span><br \/>\n<\/strong><\/p>\n<p>&nbsp;<\/p>\n<p><span style=\"font-family: arial,helvetica,sans-serif; font-size: 20px;\"><strong>Le premier observatoire de l&rsquo;ESO<\/strong><\/span><\/p>\n<p><span style=\"font-family: times new roman,times,serif; font-size: 20px;\">L&rsquo;observatoire de La Silla, est situ\u00e9 \u00e0 la p\u00e9riph\u00e9rie du d\u00e9sert chilien de l&rsquo;Atacama, \u00e0 600 km au nord de Santiago du Chili \u00e0 une altitude de 2400 m\u00e8tres. Comme beaucoup d&rsquo;observatoires dans cette zone g\u00e9ographique, La Silla se trouve loin des sources de pollution lumineuses et, comme pour l&rsquo;Observatoire de Paranal qui h\u00e9berge de VLT, il b\u00e9n\u00e9ficie des ciels nocturnes les plus sombres de la plan\u00e8te. La Silla a \u00e9t\u00e9 depuis les ann\u00e9es 1960, une place forte de l&rsquo;ESO. L&rsquo;ESO y exploite&nbsp;deux t\u00e9lescopes de la classe des 4 m\u00e8tres parmi les plus productifs au monde.<\/span><\/p>\n<p><a href=\"http:\/\/gap47.astrosurf.com\/wp-content\/uploads\/2017\/08\/lasilla-1.jpg\"><img loading=\"lazy\" decoding=\"async\" class=\"aligncenter wp-image-5618\" src=\"http:\/\/gap47.astrosurf.com\/wp-content\/uploads\/2017\/08\/lasilla-1.jpg\" alt=\"\" width=\"1200\" height=\"327\" srcset=\"https:\/\/gap47.astrosurf.com\/wp-content\/uploads\/2017\/08\/lasilla-1.jpg 970w, https:\/\/gap47.astrosurf.com\/wp-content\/uploads\/2017\/08\/lasilla-1-300x82.jpg 300w, https:\/\/gap47.astrosurf.com\/wp-content\/uploads\/2017\/08\/lasilla-1-768x209.jpg 768w\" sizes=\"auto, (max-width: 767px) 89vw, (max-width: 1000px) 54vw, (max-width: 1071px) 543px, 580px\" \/><\/a><\/p>\n<p><span style=\"font-family: times new roman,times,serif; font-size: 20px;\">Le t\u00e9lescope NTT (New Technology Telescope) de 3,58 m\u00e8tres a \u00e9t\u00e9 une v\u00e9ritable innovation en mati\u00e8re de conception et d&rsquo;ing\u00e9nierie pour les t\u00e9lescopes. Ce fut le premier t\u00e9lescope au monde \u00e0 avoir un miroir primaire contr\u00f4l\u00e9 par ordinateur (optique active), une technologie d\u00e9velopp\u00e9e par l&rsquo;ESO et maintenant utilis\u00e9e sur la plupart des grands t\u00e9lescopes actuels.<\/span><\/p>\n<p><span style=\"font-family: times new roman,times,serif; font-size: 20px;\">Le t\u00e9lescope de 3,60 m\u00e8tres de l&rsquo;ESO&nbsp;est actuellement \u00e9quip\u00e9 du \u00ab&nbsp;chasseur&nbsp;d&rsquo;exoplan\u00e8tes&nbsp;\u00bb le plus performant du monde&nbsp;: High Accuracy Radial Velocity Planet Searcher (HARPS), un spectrographe d&rsquo;une pr\u00e9cision in\u00e9gal\u00e9e.<\/span><\/p>\n<p><span style=\"font-family: times new roman,times,serif; font-size: 20px;\">L&rsquo;Observatoire de La Silla est le premier observatoire de classe internationale \u00e0 avoir re\u00e7u la certification \u00ab&nbsp;ISO 9001&nbsp;\u00bb de l&rsquo;organisation internationale de normalisation (ISO \u2013 International Organization for Standardization) des syst\u00e8mes de management de la qualit\u00e9.<\/span><\/p>\n<p><span style=\"font-family: times new roman,times,serif; font-size: 20px;\">Les infrastructures de La Silla sont \u00e9galement utilis\u00e9es par de nombreux Etats Membres de l&rsquo;ESO pour des projets sp\u00e9cifiques. On peut notamment citer les \u00e9quipements suivants&nbsp;: le t\u00e9lescope Suisse Leonhard Euler de 1,20 m\u00e8tre, les t\u00e9lescopes \u00ab&nbsp;chasseurs de sursauts gamma&nbsp;\u00bb Tarot et REM (Rapid-Eye Mount) ainsi que des \u00e9quipements pour des utilisations plus courantes&nbsp;comme le t\u00e9lescope&nbsp;MPG\/ESO de 2,20 m\u00e8tres&nbsp;et le t\u00e9lescope danois de 1,5 m\u00e8tre. La cam\u00e9ra WFI (Wide Field Imager) de 67 millions de pixel sur le T\u00e9lescope MPG\/ESO de 2,20 m\u00e8tres a pris de nombreuses images extraordinaires d&rsquo;objets c\u00e9lestes dont certaines sont aujourd&rsquo;hui devenues de v\u00e9ritables ic\u00f4nes.<\/span><\/p>\n<p>&nbsp;<\/p>\n<p><span style=\"font-family: times new roman,times,serif; font-size: 20px;\"><strong>La science avec les t\u00e9lescopes de La Silla<\/strong><\/span><br \/>\n<span style=\"font-family: times new roman,times,serif; font-size: 20px;\"> Avec environ 300 articles d&rsquo;excellence par an, attribuables au travail de l&rsquo;observatoire, La Silla reste au premier plan de l&rsquo;astronomie. La Silla a en effet permis de faire un nombre faramineux de d\u00e9couvertes dont certaines furent de grandes premi\u00e8res. Le spectrographe HARPS est le champion in\u00e9gal\u00e9 pour d\u00e9tecter des plan\u00e8tes extrasolaires de faible masse. Il a notamment d\u00e9tect\u00e9 un syst\u00e8me exoplan\u00e9taire autour de l&rsquo;\u00e9toile Gliese 581 o\u00f9 se trouve ce qui est tr\u00e8s probablement la premi\u00e8re plan\u00e8te rocheuse situ\u00e9e dans la \u00ab&nbsp;zone habitable&nbsp;\u00bb de son \u00e9toile (eso0722). Il s&rsquo;agit l\u00e0 de la premi\u00e8re plan\u00e8te de ce type connue hors du syst\u00e8me solaire. Plusieurs t\u00e9lescopes de l&rsquo;ESO ont \u00e9galement jou\u00e9 un r\u00f4le essentiel dans la mise en \u00e9vidence du lien entre les sursauts gamma (ces explosions les plus \u00e9nerg\u00e9tiques de l&rsquo;Univers depuis le Big Bang) et les explosions des \u00e9toiles massives. Depuis 1987, l&rsquo;Observatoire de La Silla de l&rsquo;ESO a \u00e9galement jou\u00e9 un r\u00f4le important dans l&rsquo;\u00e9tude et le suivi de la plus proche des supernov\u00e6 r\u00e9centes (SN 1987A).<\/span><\/p>\n<p><span style=\"font-family: times new roman,times,serif; font-size: 20px;\">Deux t\u00e9lescopes principaux de 3,60 m sont actifs \u00e0 La Silla&nbsp;: le NTT (New Technology Telescope) et le t\u00e9lescope de 3,60 de l\u2019ESO. Mais 8 autres t\u00e9lescopes (avec des miroirs de 2,20 m et moins) sont \u00e9galement actifs dans plusieurs diff\u00e9rents domaines de la recherche astronomique. 13 autres t\u00e9lescopes ayant \u00e9t\u00e9 utilis\u00e9s dans le pass\u00e9 sont d\u00e9sormais \u00ab&nbsp;d\u00e9class\u00e9s&nbsp;\u00bb.<\/span><\/p>\n<p><img loading=\"lazy\" decoding=\"async\" class=\"alignnone size-full wp-image-5622\" src=\"http:\/\/gap47.astrosurf.com\/wp-content\/uploads\/2017\/08\/NTT-Data.png\" alt=\"\" width=\"952\" height=\"562\" srcset=\"https:\/\/gap47.astrosurf.com\/wp-content\/uploads\/2017\/08\/NTT-Data.png 952w, https:\/\/gap47.astrosurf.com\/wp-content\/uploads\/2017\/08\/NTT-Data-300x177.png 300w, https:\/\/gap47.astrosurf.com\/wp-content\/uploads\/2017\/08\/NTT-Data-768x453.png 768w\" sizes=\"auto, (max-width: 767px) 89vw, (max-width: 1000px) 54vw, (max-width: 1071px) 543px, 580px\" \/> <img loading=\"lazy\" decoding=\"async\" class=\"size-full wp-image-5623 aligncenter\" src=\"http:\/\/gap47.astrosurf.com\/wp-content\/uploads\/2017\/08\/ESO-36-data.png\" alt=\"\" width=\"958\" height=\"564\" srcset=\"https:\/\/gap47.astrosurf.com\/wp-content\/uploads\/2017\/08\/ESO-36-data.png 958w, https:\/\/gap47.astrosurf.com\/wp-content\/uploads\/2017\/08\/ESO-36-data-300x177.png 300w, https:\/\/gap47.astrosurf.com\/wp-content\/uploads\/2017\/08\/ESO-36-data-768x452.png 768w\" sizes=\"auto, (max-width: 767px) 89vw, (max-width: 1000px) 54vw, (max-width: 1071px) 543px, 580px\" \/><\/p>\n<p><span style=\"font-family: 'times new roman', times, serif; font-size: 20px;\">L&rsquo;ESO f\u00eate cette ann\u00e9e (2019) les 50 ans de l&rsquo;inauguration de son premier observatoire austral \u00e0 la Silla, au Chili. <a href=\"http:\/\/gap47.astrosurf.com\/wp-content\/uploads\/2019\/03\/eso1906fr-29-mars-2019.pdf\" target=\"_blank\" rel=\"noopener noreferrer\">L&rsquo;ESO a publi\u00e9 \u00e0 cette occasion un article explicatif sur les apports de cet observatoire \u00e0 la connaissance astronomique<\/a>.<\/span><\/p>\n<hr>\n<p>&nbsp;<\/p>\n","protected":false},"excerpt":{"rendered":"<p>\u00c9quipements de l&rsquo;ESO au Chili : La Silla &nbsp; Le premier observatoire de l&rsquo;ESO L&rsquo;observatoire de La Silla, est situ\u00e9 \u00e0 la p\u00e9riph\u00e9rie du d\u00e9sert chilien de l&rsquo;Atacama, \u00e0 600 km au nord de Santiago du Chili \u00e0 une altitude de 2400 m\u00e8tres. Comme beaucoup d&rsquo;observatoires dans cette zone g\u00e9ographique, La Silla se trouve loin &hellip; <\/p>\n<p class=\"link-more\"><a href=\"https:\/\/gap47.astrosurf.com\/index.php\/ressources\/telescopes-exceptionnels\/telescopes-de-leso\/la-silla\/\" class=\"more-link\">Continuer la lecture<span class=\"screen-reader-text\"> de &laquo;&nbsp;La Silla&nbsp;&raquo;<\/span><\/a><\/p>\n","protected":false},"author":5,"featured_media":0,"parent":5665,"menu_order":1,"comment_status":"closed","ping_status":"closed","template":"","meta":{"_exactmetrics_skip_tracking":false,"_exactmetrics_sitenote_active":false,"_exactmetrics_sitenote_note":"","_exactmetrics_sitenote_category":0,"ngg_post_thumbnail":0,"footnotes":""},"class_list":["post-5671","page","type-page","status-publish","hentry"],"yoast_head":"<!-- This site is optimized with the Yoast SEO plugin v24.8.1 - https:\/\/yoast.com\/wordpress\/plugins\/seo\/ -->\n<title>La Silla - L&#039;observatoire est ouvert aux visiteurs tous les vendredis soirs \u00e0 21 heures, jusqu&#039;au 3 juillet 2026 inclus, sans r\u00e9servation.<\/title>\n<meta name=\"robots\" content=\"index, follow, max-snippet:-1, max-image-preview:large, max-video-preview:-1\" \/>\n<link rel=\"canonical\" href=\"https:\/\/gap47.astrosurf.com\/index.php\/ressources\/telescopes-exceptionnels\/telescopes-de-leso\/la-silla\/\" \/>\n<meta property=\"og:locale\" content=\"fr_FR\" \/>\n<meta property=\"og:type\" content=\"article\" \/>\n<meta property=\"og:title\" content=\"La Silla - L&#039;observatoire est ouvert aux visiteurs tous les vendredis soirs \u00e0 21 heures, jusqu&#039;au 3 juillet 2026 inclus, sans r\u00e9servation.\" \/>\n<meta property=\"og:description\" content=\"\u00c9quipements de l&rsquo;ESO au Chili : La Silla &nbsp; Le premier observatoire de l&rsquo;ESO L&rsquo;observatoire de La Silla, est situ\u00e9 \u00e0 la p\u00e9riph\u00e9rie du d\u00e9sert chilien de l&rsquo;Atacama, \u00e0 600 km au nord de Santiago du Chili \u00e0 une altitude de 2400 m\u00e8tres. Comme beaucoup d&rsquo;observatoires dans cette zone g\u00e9ographique, La Silla se trouve loin &hellip; Continuer la lecture de &laquo;&nbsp;La Silla&nbsp;&raquo;\" \/>\n<meta property=\"og:url\" content=\"https:\/\/gap47.astrosurf.com\/index.php\/ressources\/telescopes-exceptionnels\/telescopes-de-leso\/la-silla\/\" \/>\n<meta property=\"og:site_name\" content=\"L&#039;observatoire est ouvert aux visiteurs tous les vendredis soirs \u00e0 21 heures, jusqu&#039;au 3 juillet 2026 inclus, sans r\u00e9servation.\" \/>\n<meta property=\"article:publisher\" content=\"https:\/\/www.facebook.com\/astrogap47\/\" \/>\n<meta property=\"article:modified_time\" content=\"2019-03-29T16:59:07+00:00\" \/>\n<meta property=\"og:image\" content=\"http:\/\/gap47.astrosurf.com\/wp-content\/uploads\/2017\/08\/lasilla-1.jpg\" \/>\n<meta name=\"twitter:card\" content=\"summary_large_image\" \/>\n<meta name=\"twitter:label1\" content=\"Dur\u00e9e de lecture estim\u00e9e\" \/>\n\t<meta name=\"twitter:data1\" content=\"3 minutes\" \/>\n<script type=\"application\/ld+json\" class=\"yoast-schema-graph\">{\"@context\":\"https:\/\/schema.org\",\"@graph\":[{\"@type\":\"WebPage\",\"@id\":\"https:\/\/gap47.astrosurf.com\/index.php\/ressources\/telescopes-exceptionnels\/telescopes-de-leso\/la-silla\/\",\"url\":\"https:\/\/gap47.astrosurf.com\/index.php\/ressources\/telescopes-exceptionnels\/telescopes-de-leso\/la-silla\/\",\"name\":\"La Silla - L&#039;observatoire est ouvert aux visiteurs tous les vendredis soirs \u00e0 21 heures, jusqu&#039;au 3 juillet 2026 inclus, sans r\u00e9servation.\",\"isPartOf\":{\"@id\":\"https:\/\/gap47.astrosurf.com\/#website\"},\"primaryImageOfPage\":{\"@id\":\"https:\/\/gap47.astrosurf.com\/index.php\/ressources\/telescopes-exceptionnels\/telescopes-de-leso\/la-silla\/#primaryimage\"},\"image\":{\"@id\":\"https:\/\/gap47.astrosurf.com\/index.php\/ressources\/telescopes-exceptionnels\/telescopes-de-leso\/la-silla\/#primaryimage\"},\"thumbnailUrl\":\"http:\/\/gap47.astrosurf.com\/wp-content\/uploads\/2017\/08\/lasilla-1.jpg\",\"datePublished\":\"2017-11-02T22:06:39+00:00\",\"dateModified\":\"2019-03-29T16:59:07+00:00\",\"breadcrumb\":{\"@id\":\"https:\/\/gap47.astrosurf.com\/index.php\/ressources\/telescopes-exceptionnels\/telescopes-de-leso\/la-silla\/#breadcrumb\"},\"inLanguage\":\"fr-FR\",\"potentialAction\":[{\"@type\":\"ReadAction\",\"target\":[\"https:\/\/gap47.astrosurf.com\/index.php\/ressources\/telescopes-exceptionnels\/telescopes-de-leso\/la-silla\/\"]}]},{\"@type\":\"ImageObject\",\"inLanguage\":\"fr-FR\",\"@id\":\"https:\/\/gap47.astrosurf.com\/index.php\/ressources\/telescopes-exceptionnels\/telescopes-de-leso\/la-silla\/#primaryimage\",\"url\":\"http:\/\/gap47.astrosurf.com\/wp-content\/uploads\/2017\/08\/lasilla-1.jpg\",\"contentUrl\":\"http:\/\/gap47.astrosurf.com\/wp-content\/uploads\/2017\/08\/lasilla-1.jpg\"},{\"@type\":\"BreadcrumbList\",\"@id\":\"https:\/\/gap47.astrosurf.com\/index.php\/ressources\/telescopes-exceptionnels\/telescopes-de-leso\/la-silla\/#breadcrumb\",\"itemListElement\":[{\"@type\":\"ListItem\",\"position\":1,\"name\":\"Accueil\",\"item\":\"https:\/\/gap47.astrosurf.com\/\"},{\"@type\":\"ListItem\",\"position\":2,\"name\":\"Ressources\",\"item\":\"https:\/\/gap47.astrosurf.com\/index.php\/ressources\/\"},{\"@type\":\"ListItem\",\"position\":3,\"name\":\"T\u00e9lescopes exceptionnels\",\"item\":\"https:\/\/gap47.astrosurf.com\/index.php\/ressources\/telescopes-exceptionnels\/\"},{\"@type\":\"ListItem\",\"position\":4,\"name\":\"T\u00e9lescopes de l&#8217;ESO\",\"item\":\"https:\/\/gap47.astrosurf.com\/index.php\/ressources\/telescopes-exceptionnels\/telescopes-de-leso\/\"},{\"@type\":\"ListItem\",\"position\":5,\"name\":\"La Silla\"}]},{\"@type\":\"WebSite\",\"@id\":\"https:\/\/gap47.astrosurf.com\/#website\",\"url\":\"https:\/\/gap47.astrosurf.com\/\",\"name\":\"De janvier \u00e0 fin juin 2024, le GAP47 sera ouvert aux visiteurs tous les vendredis \u00e0 21h sans r\u00e9servation, \u00e0 l'exception du vendredi 26 janvier o\u00f9 l'observatoire sera ferm\u00e9 au public.\",\"description\":\"Groupe d&#039;Astronomie Populaire du Lot-et-Garonne, \u00e0 Montayral\",\"potentialAction\":[{\"@type\":\"SearchAction\",\"target\":{\"@type\":\"EntryPoint\",\"urlTemplate\":\"https:\/\/gap47.astrosurf.com\/?s={search_term_string}\"},\"query-input\":{\"@type\":\"PropertyValueSpecification\",\"valueRequired\":true,\"valueName\":\"search_term_string\"}}],\"inLanguage\":\"fr-FR\"}]}<\/script>\n<!-- \/ Yoast SEO plugin. -->","yoast_head_json":{"title":"La Silla - L&#039;observatoire est ouvert aux visiteurs tous les vendredis soirs \u00e0 21 heures, jusqu&#039;au 3 juillet 2026 inclus, sans r\u00e9servation.","robots":{"index":"index","follow":"follow","max-snippet":"max-snippet:-1","max-image-preview":"max-image-preview:large","max-video-preview":"max-video-preview:-1"},"canonical":"https:\/\/gap47.astrosurf.com\/index.php\/ressources\/telescopes-exceptionnels\/telescopes-de-leso\/la-silla\/","og_locale":"fr_FR","og_type":"article","og_title":"La Silla - L&#039;observatoire est ouvert aux visiteurs tous les vendredis soirs \u00e0 21 heures, jusqu&#039;au 3 juillet 2026 inclus, sans r\u00e9servation.","og_description":"\u00c9quipements de l&rsquo;ESO au Chili : La Silla &nbsp; Le premier observatoire de l&rsquo;ESO L&rsquo;observatoire de La Silla, est situ\u00e9 \u00e0 la p\u00e9riph\u00e9rie du d\u00e9sert chilien de l&rsquo;Atacama, \u00e0 600 km au nord de Santiago du Chili \u00e0 une altitude de 2400 m\u00e8tres. Comme beaucoup d&rsquo;observatoires dans cette zone g\u00e9ographique, La Silla se trouve loin &hellip; Continuer la lecture de &laquo;&nbsp;La Silla&nbsp;&raquo;","og_url":"https:\/\/gap47.astrosurf.com\/index.php\/ressources\/telescopes-exceptionnels\/telescopes-de-leso\/la-silla\/","og_site_name":"L&#039;observatoire est ouvert aux visiteurs tous les vendredis soirs \u00e0 21 heures, jusqu&#039;au 3 juillet 2026 inclus, sans r\u00e9servation.","article_publisher":"https:\/\/www.facebook.com\/astrogap47\/","article_modified_time":"2019-03-29T16:59:07+00:00","og_image":[{"url":"http:\/\/gap47.astrosurf.com\/wp-content\/uploads\/2017\/08\/lasilla-1.jpg","type":"","width":"","height":""}],"twitter_card":"summary_large_image","twitter_misc":{"Dur\u00e9e de lecture estim\u00e9e":"3 minutes"},"schema":{"@context":"https:\/\/schema.org","@graph":[{"@type":"WebPage","@id":"https:\/\/gap47.astrosurf.com\/index.php\/ressources\/telescopes-exceptionnels\/telescopes-de-leso\/la-silla\/","url":"https:\/\/gap47.astrosurf.com\/index.php\/ressources\/telescopes-exceptionnels\/telescopes-de-leso\/la-silla\/","name":"La Silla - L&#039;observatoire est ouvert aux visiteurs tous les vendredis soirs \u00e0 21 heures, jusqu&#039;au 3 juillet 2026 inclus, sans r\u00e9servation.","isPartOf":{"@id":"https:\/\/gap47.astrosurf.com\/#website"},"primaryImageOfPage":{"@id":"https:\/\/gap47.astrosurf.com\/index.php\/ressources\/telescopes-exceptionnels\/telescopes-de-leso\/la-silla\/#primaryimage"},"image":{"@id":"https:\/\/gap47.astrosurf.com\/index.php\/ressources\/telescopes-exceptionnels\/telescopes-de-leso\/la-silla\/#primaryimage"},"thumbnailUrl":"http:\/\/gap47.astrosurf.com\/wp-content\/uploads\/2017\/08\/lasilla-1.jpg","datePublished":"2017-11-02T22:06:39+00:00","dateModified":"2019-03-29T16:59:07+00:00","breadcrumb":{"@id":"https:\/\/gap47.astrosurf.com\/index.php\/ressources\/telescopes-exceptionnels\/telescopes-de-leso\/la-silla\/#breadcrumb"},"inLanguage":"fr-FR","potentialAction":[{"@type":"ReadAction","target":["https:\/\/gap47.astrosurf.com\/index.php\/ressources\/telescopes-exceptionnels\/telescopes-de-leso\/la-silla\/"]}]},{"@type":"ImageObject","inLanguage":"fr-FR","@id":"https:\/\/gap47.astrosurf.com\/index.php\/ressources\/telescopes-exceptionnels\/telescopes-de-leso\/la-silla\/#primaryimage","url":"http:\/\/gap47.astrosurf.com\/wp-content\/uploads\/2017\/08\/lasilla-1.jpg","contentUrl":"http:\/\/gap47.astrosurf.com\/wp-content\/uploads\/2017\/08\/lasilla-1.jpg"},{"@type":"BreadcrumbList","@id":"https:\/\/gap47.astrosurf.com\/index.php\/ressources\/telescopes-exceptionnels\/telescopes-de-leso\/la-silla\/#breadcrumb","itemListElement":[{"@type":"ListItem","position":1,"name":"Accueil","item":"https:\/\/gap47.astrosurf.com\/"},{"@type":"ListItem","position":2,"name":"Ressources","item":"https:\/\/gap47.astrosurf.com\/index.php\/ressources\/"},{"@type":"ListItem","position":3,"name":"T\u00e9lescopes exceptionnels","item":"https:\/\/gap47.astrosurf.com\/index.php\/ressources\/telescopes-exceptionnels\/"},{"@type":"ListItem","position":4,"name":"T\u00e9lescopes de l&#8217;ESO","item":"https:\/\/gap47.astrosurf.com\/index.php\/ressources\/telescopes-exceptionnels\/telescopes-de-leso\/"},{"@type":"ListItem","position":5,"name":"La Silla"}]},{"@type":"WebSite","@id":"https:\/\/gap47.astrosurf.com\/#website","url":"https:\/\/gap47.astrosurf.com\/","name":"De janvier \u00e0 fin juin 2024, le GAP47 sera ouvert aux visiteurs tous les vendredis \u00e0 21h sans r\u00e9servation, \u00e0 l'exception du vendredi 26 janvier o\u00f9 l'observatoire sera ferm\u00e9 au public.","description":"Groupe d&#039;Astronomie Populaire du Lot-et-Garonne, \u00e0 Montayral","potentialAction":[{"@type":"SearchAction","target":{"@type":"EntryPoint","urlTemplate":"https:\/\/gap47.astrosurf.com\/?s={search_term_string}"},"query-input":{"@type":"PropertyValueSpecification","valueRequired":true,"valueName":"search_term_string"}}],"inLanguage":"fr-FR"}]}},"_links":{"self":[{"href":"https:\/\/gap47.astrosurf.com\/index.php\/wp-json\/wp\/v2\/pages\/5671","targetHints":{"allow":["GET"]}}],"collection":[{"href":"https:\/\/gap47.astrosurf.com\/index.php\/wp-json\/wp\/v2\/pages"}],"about":[{"href":"https:\/\/gap47.astrosurf.com\/index.php\/wp-json\/wp\/v2\/types\/page"}],"author":[{"embeddable":true,"href":"https:\/\/gap47.astrosurf.com\/index.php\/wp-json\/wp\/v2\/users\/5"}],"replies":[{"embeddable":true,"href":"https:\/\/gap47.astrosurf.com\/index.php\/wp-json\/wp\/v2\/comments?post=5671"}],"version-history":[{"count":6,"href":"https:\/\/gap47.astrosurf.com\/index.php\/wp-json\/wp\/v2\/pages\/5671\/revisions"}],"predecessor-version":[{"id":8355,"href":"https:\/\/gap47.astrosurf.com\/index.php\/wp-json\/wp\/v2\/pages\/5671\/revisions\/8355"}],"up":[{"embeddable":true,"href":"https:\/\/gap47.astrosurf.com\/index.php\/wp-json\/wp\/v2\/pages\/5665"}],"wp:attachment":[{"href":"https:\/\/gap47.astrosurf.com\/index.php\/wp-json\/wp\/v2\/media?parent=5671"}],"curies":[{"name":"wp","href":"https:\/\/api.w.org\/{rel}","templated":true}]}}