 {"id":5665,"date":"2017-11-02T23:52:18","date_gmt":"2017-11-02T21:52:18","guid":{"rendered":"http:\/\/gap47.astrosurf.com\/?page_id=5665"},"modified":"2022-09-18T17:06:41","modified_gmt":"2022-09-18T15:06:41","slug":"telescopes-de-leso","status":"publish","type":"page","link":"https:\/\/gap47.astrosurf.com\/index.php\/ressources\/telescopes-exceptionnels\/telescopes-de-leso\/","title":{"rendered":"T\u00e9lescopes de l&rsquo;ESO"},"content":{"rendered":"<p><span style=\"font-size: 20px;\"><strong><span style=\"font-family: 'times new roman', times, serif;\">1 &#8211; <a href=\"http:\/\/gap47.astrosurf.com\/index.php\/ressources\/telescopes-exceptionnels\/telescopes-de-leso\/quest-ce-que-leso\/\" target=\"_blank\" rel=\"noopener\">Qu&rsquo;est-ce que l&rsquo;ESO<\/a> ?<\/span><\/strong><\/span><br \/>\n<span style=\"font-size: 20px;\"><strong><span style=\"font-family: 'times new roman', times, serif;\">2 &#8211; <a href=\"http:\/\/gap47.astrosurf.com\/index.php\/ressources\/telescopes-exceptionnels\/telescopes-de-leso\/la-silla\/\" target=\"_blank\" rel=\"noopener\">La Silla<\/a><\/span><\/strong><\/span><br \/>\n<span style=\"font-size: 20px;\"><strong><span style=\"font-family: 'times new roman', times, serif;\">3 &#8211; <a href=\"http:\/\/gap47.astrosurf.com\/index.php\/ressources\/telescopes-exceptionnels\/telescopes-de-leso\/cerro-paranal\/\" target=\"_blank\" rel=\"noopener\">Cerro Paranal<\/a><\/span><\/strong><\/span><br \/>\n<span style=\"font-size: 20px;\"><strong><span style=\"font-family: 'times new roman', times, serif;\">4 &#8211; <a href=\"http:\/\/gap47.astrosurf.com\/index.php\/ressources\/telescopes-exceptionnels\/telescopes-de-leso\/llano-de-chajnantor\/\" target=\"_blank\" rel=\"noopener\">Llano de Chajnantor<\/a><\/span><\/strong><\/span><br \/>\n<span style=\"font-size: 20px;\"><strong><span style=\"font-family: 'times new roman', times, serif;\">5 &#8211; <a href=\"http:\/\/gap47.astrosurf.com\/index.php\/ressources\/telescopes-exceptionnels\/telescopes-de-leso\/cerro-armazones\/\" target=\"_blank\" rel=\"noopener\">Cerro Armazones<\/a><\/span><\/strong><\/span><\/p>\n<hr>\n","protected":false},"excerpt":{"rendered":"<p>1 &#8211; Qu&rsquo;est-ce que l&rsquo;ESO ? 2 &#8211; La Silla 3 &#8211; Cerro Paranal 4 &#8211; Llano de Chajnantor 5 &#8211; Cerro Armazones<\/p>\n","protected":false},"author":5,"featured_media":0,"parent":5663,"menu_order":0,"comment_status":"closed","ping_status":"closed","template":"","meta":{"_exactmetrics_skip_tracking":false,"_exactmetrics_sitenote_active":false,"_exactmetrics_sitenote_note":"","_exactmetrics_sitenote_category":0,"ngg_post_thumbnail":0,"footnotes":""},"class_list":["post-5665","page","type-page","status-publish","hentry"],"yoast_head":"<!-- This site is optimized with the Yoast SEO plugin v24.8.1 - https:\/\/yoast.com\/wordpress\/plugins\/seo\/ -->\n<title>T\u00e9lescopes de l&#039;ESO - L&#039;observatoire est ouvert aux visiteurs tous les vendredis soirs \u00e0 21 heures, jusqu&#039;au 3 juillet 2026 inclus, sans r\u00e9servation.<\/title>\n<meta name=\"robots\" content=\"index, follow, max-snippet:-1, max-image-preview:large, max-video-preview:-1\" \/>\n<link rel=\"canonical\" href=\"https:\/\/gap47.astrosurf.com\/index.php\/ressources\/telescopes-exceptionnels\/telescopes-de-leso\/\" \/>\n<meta property=\"og:locale\" content=\"fr_FR\" \/>\n<meta property=\"og:type\" content=\"article\" \/>\n<meta property=\"og:title\" content=\"T\u00e9lescopes de l&#039;ESO - L&#039;observatoire est ouvert aux visiteurs tous les vendredis soirs \u00e0 21 heures, jusqu&#039;au 3 juillet 2026 inclus, sans r\u00e9servation.\" \/>\n<meta property=\"og:description\" content=\"1 &#8211; Qu&rsquo;est-ce que l&rsquo;ESO ? 2 &#8211; La Silla 3 &#8211; Cerro Paranal 4 &#8211; Llano de Chajnantor 5 &#8211; Cerro Armazones\" \/>\n<meta property=\"og:url\" content=\"https:\/\/gap47.astrosurf.com\/index.php\/ressources\/telescopes-exceptionnels\/telescopes-de-leso\/\" \/>\n<meta property=\"og:site_name\" content=\"L&#039;observatoire est ouvert aux visiteurs tous les vendredis soirs \u00e0 21 heures, jusqu&#039;au 3 juillet 2026 inclus, sans r\u00e9servation.\" \/>\n<meta property=\"article:publisher\" content=\"https:\/\/www.facebook.com\/astrogap47\/\" \/>\n<meta property=\"article:modified_time\" content=\"2022-09-18T15:06:41+00:00\" \/>\n<meta name=\"twitter:card\" content=\"summary_large_image\" \/>\n<meta name=\"twitter:label1\" content=\"Dur\u00e9e de lecture estim\u00e9e\" \/>\n\t<meta name=\"twitter:data1\" content=\"1 minute\" \/>\n<script type=\"application\/ld+json\" class=\"yoast-schema-graph\">{\"@context\":\"https:\/\/schema.org\",\"@graph\":[{\"@type\":\"WebPage\",\"@id\":\"https:\/\/gap47.astrosurf.com\/index.php\/ressources\/telescopes-exceptionnels\/telescopes-de-leso\/\",\"url\":\"https:\/\/gap47.astrosurf.com\/index.php\/ressources\/telescopes-exceptionnels\/telescopes-de-leso\/\",\"name\":\"T\u00e9lescopes de l'ESO - L&#039;observatoire est ouvert aux visiteurs tous les vendredis soirs \u00e0 21 heures, jusqu&#039;au 3 juillet 2026 inclus, sans r\u00e9servation.\",\"isPartOf\":{\"@id\":\"https:\/\/gap47.astrosurf.com\/#website\"},\"datePublished\":\"2017-11-02T21:52:18+00:00\",\"dateModified\":\"2022-09-18T15:06:41+00:00\",\"breadcrumb\":{\"@id\":\"https:\/\/gap47.astrosurf.com\/index.php\/ressources\/telescopes-exceptionnels\/telescopes-de-leso\/#breadcrumb\"},\"inLanguage\":\"fr-FR\",\"potentialAction\":[{\"@type\":\"ReadAction\",\"target\":[\"https:\/\/gap47.astrosurf.com\/index.php\/ressources\/telescopes-exceptionnels\/telescopes-de-leso\/\"]}]},{\"@type\":\"BreadcrumbList\",\"@id\":\"https:\/\/gap47.astrosurf.com\/index.php\/ressources\/telescopes-exceptionnels\/telescopes-de-leso\/#breadcrumb\",\"itemListElement\":[{\"@type\":\"ListItem\",\"position\":1,\"name\":\"Accueil\",\"item\":\"https:\/\/gap47.astrosurf.com\/\"},{\"@type\":\"ListItem\",\"position\":2,\"name\":\"Ressources\",\"item\":\"https:\/\/gap47.astrosurf.com\/index.php\/ressources\/\"},{\"@type\":\"ListItem\",\"position\":3,\"name\":\"T\u00e9lescopes exceptionnels\",\"item\":\"https:\/\/gap47.astrosurf.com\/index.php\/ressources\/telescopes-exceptionnels\/\"},{\"@type\":\"ListItem\",\"position\":4,\"name\":\"T\u00e9lescopes de l&#8217;ESO\"}]},{\"@type\":\"WebSite\",\"@id\":\"https:\/\/gap47.astrosurf.com\/#website\",\"url\":\"https:\/\/gap47.astrosurf.com\/\",\"name\":\"De janvier \u00e0 fin juin 2024, le GAP47 sera ouvert aux visiteurs tous les vendredis \u00e0 21h sans r\u00e9servation, \u00e0 l'exception du vendredi 26 janvier o\u00f9 l'observatoire sera ferm\u00e9 au public.\",\"description\":\"Groupe d&#039;Astronomie Populaire du Lot-et-Garonne, \u00e0 Montayral\",\"potentialAction\":[{\"@type\":\"SearchAction\",\"target\":{\"@type\":\"EntryPoint\",\"urlTemplate\":\"https:\/\/gap47.astrosurf.com\/?s={search_term_string}\"},\"query-input\":{\"@type\":\"PropertyValueSpecification\",\"valueRequired\":true,\"valueName\":\"search_term_string\"}}],\"inLanguage\":\"fr-FR\"}]}<\/script>\n<!-- \/ Yoast SEO plugin. -->","yoast_head_json":{"title":"T\u00e9lescopes de l'ESO - L&#039;observatoire est ouvert aux visiteurs tous les vendredis soirs \u00e0 21 heures, jusqu&#039;au 3 juillet 2026 inclus, sans r\u00e9servation.","robots":{"index":"index","follow":"follow","max-snippet":"max-snippet:-1","max-image-preview":"max-image-preview:large","max-video-preview":"max-video-preview:-1"},"canonical":"https:\/\/gap47.astrosurf.com\/index.php\/ressources\/telescopes-exceptionnels\/telescopes-de-leso\/","og_locale":"fr_FR","og_type":"article","og_title":"T\u00e9lescopes de l'ESO - L&#039;observatoire est ouvert aux visiteurs tous les vendredis soirs \u00e0 21 heures, jusqu&#039;au 3 juillet 2026 inclus, sans r\u00e9servation.","og_description":"1 &#8211; Qu&rsquo;est-ce que l&rsquo;ESO ? 2 &#8211; La Silla 3 &#8211; Cerro Paranal 4 &#8211; Llano de Chajnantor 5 &#8211; Cerro Armazones","og_url":"https:\/\/gap47.astrosurf.com\/index.php\/ressources\/telescopes-exceptionnels\/telescopes-de-leso\/","og_site_name":"L&#039;observatoire est ouvert aux visiteurs tous les vendredis soirs \u00e0 21 heures, jusqu&#039;au 3 juillet 2026 inclus, sans r\u00e9servation.","article_publisher":"https:\/\/www.facebook.com\/astrogap47\/","article_modified_time":"2022-09-18T15:06:41+00:00","twitter_card":"summary_large_image","twitter_misc":{"Dur\u00e9e de lecture estim\u00e9e":"1 minute"},"schema":{"@context":"https:\/\/schema.org","@graph":[{"@type":"WebPage","@id":"https:\/\/gap47.astrosurf.com\/index.php\/ressources\/telescopes-exceptionnels\/telescopes-de-leso\/","url":"https:\/\/gap47.astrosurf.com\/index.php\/ressources\/telescopes-exceptionnels\/telescopes-de-leso\/","name":"T\u00e9lescopes de l'ESO - L&#039;observatoire est ouvert aux visiteurs tous les vendredis soirs \u00e0 21 heures, jusqu&#039;au 3 juillet 2026 inclus, sans r\u00e9servation.","isPartOf":{"@id":"https:\/\/gap47.astrosurf.com\/#website"},"datePublished":"2017-11-02T21:52:18+00:00","dateModified":"2022-09-18T15:06:41+00:00","breadcrumb":{"@id":"https:\/\/gap47.astrosurf.com\/index.php\/ressources\/telescopes-exceptionnels\/telescopes-de-leso\/#breadcrumb"},"inLanguage":"fr-FR","potentialAction":[{"@type":"ReadAction","target":["https:\/\/gap47.astrosurf.com\/index.php\/ressources\/telescopes-exceptionnels\/telescopes-de-leso\/"]}]},{"@type":"BreadcrumbList","@id":"https:\/\/gap47.astrosurf.com\/index.php\/ressources\/telescopes-exceptionnels\/telescopes-de-leso\/#breadcrumb","itemListElement":[{"@type":"ListItem","position":1,"name":"Accueil","item":"https:\/\/gap47.astrosurf.com\/"},{"@type":"ListItem","position":2,"name":"Ressources","item":"https:\/\/gap47.astrosurf.com\/index.php\/ressources\/"},{"@type":"ListItem","position":3,"name":"T\u00e9lescopes exceptionnels","item":"https:\/\/gap47.astrosurf.com\/index.php\/ressources\/telescopes-exceptionnels\/"},{"@type":"ListItem","position":4,"name":"T\u00e9lescopes de l&#8217;ESO"}]},{"@type":"WebSite","@id":"https:\/\/gap47.astrosurf.com\/#website","url":"https:\/\/gap47.astrosurf.com\/","name":"De janvier \u00e0 fin juin 2024, le GAP47 sera ouvert aux visiteurs tous les vendredis \u00e0 21h sans r\u00e9servation, \u00e0 l'exception du vendredi 26 janvier o\u00f9 l'observatoire sera ferm\u00e9 au public.","description":"Groupe d&#039;Astronomie Populaire du Lot-et-Garonne, \u00e0 Montayral","potentialAction":[{"@type":"SearchAction","target":{"@type":"EntryPoint","urlTemplate":"https:\/\/gap47.astrosurf.com\/?s={search_term_string}"},"query-input":{"@type":"PropertyValueSpecification","valueRequired":true,"valueName":"search_term_string"}}],"inLanguage":"fr-FR"}]}},"_links":{"self":[{"href":"https:\/\/gap47.astrosurf.com\/index.php\/wp-json\/wp\/v2\/pages\/5665","targetHints":{"allow":["GET"]}}],"collection":[{"href":"https:\/\/gap47.astrosurf.com\/index.php\/wp-json\/wp\/v2\/pages"}],"about":[{"href":"https:\/\/gap47.astrosurf.com\/index.php\/wp-json\/wp\/v2\/types\/page"}],"author":[{"embeddable":true,"href":"https:\/\/gap47.astrosurf.com\/index.php\/wp-json\/wp\/v2\/users\/5"}],"replies":[{"embeddable":true,"href":"https:\/\/gap47.astrosurf.com\/index.php\/wp-json\/wp\/v2\/comments?post=5665"}],"version-history":[{"count":6,"href":"https:\/\/gap47.astrosurf.com\/index.php\/wp-json\/wp\/v2\/pages\/5665\/revisions"}],"predecessor-version":[{"id":11756,"href":"https:\/\/gap47.astrosurf.com\/index.php\/wp-json\/wp\/v2\/pages\/5665\/revisions\/11756"}],"up":[{"embeddable":true,"href":"https:\/\/gap47.astrosurf.com\/index.php\/wp-json\/wp\/v2\/pages\/5663"}],"wp:attachment":[{"href":"https:\/\/gap47.astrosurf.com\/index.php\/wp-json\/wp\/v2\/media?parent=5665"}],"curies":[{"name":"wp","href":"https:\/\/api.w.org\/{rel}","templated":true}]}}