 {"id":5011,"date":"2017-09-06T18:44:37","date_gmt":"2017-09-06T16:44:37","guid":{"rendered":"http:\/\/gap47.astrosurf.com\/?page_id=5011"},"modified":"2022-09-14T02:16:30","modified_gmt":"2022-09-14T00:16:30","slug":"apod","status":"publish","type":"page","link":"https:\/\/gap47.astrosurf.com\/index.php\/accueil\/apod\/","title":{"rendered":"L&rsquo;image du jour"},"content":{"rendered":"<p style=\"text-align: left;\"><span style=\"font-family: arial,helvetica,sans-serif; font-size: 20px;\"><span style=\"color: #0000ff;\"><strong>APOD<\/strong><\/span> = <span style=\"color: #0000ff;\"><strong>A<\/strong><\/span>stronomy <span style=\"color: #0000ff;\"><strong>P<\/strong><\/span>icture <span style=\"color: #0000ff;\"><strong>O<\/strong><\/span>f the <span style=\"color: #0000ff;\"><strong>D<\/strong><\/span>ay <\/span><span style=\"color: #000000;\">(L&rsquo;image astronomique du jour)<\/span><\/p>\n<p style=\"text-align: center;\"><span style=\"font-family: times new roman,times,serif; font-size: 20px;\"><a href=\"https:\/\/apod.nasa.gov\/apod\/\" target=\"_blank\" rel=\"noopener noreferrer\"><img loading=\"lazy\" decoding=\"async\" class=\"wp-image-5014 size-thumbnail alignleft\" src=\"http:\/\/gap47.astrosurf.com\/wp-content\/uploads\/2017\/09\/13921008_1042525725782888_3286016077468914773_n-150x150.png\" alt=\"\" width=\"150\" height=\"150\" srcset=\"https:\/\/gap47.astrosurf.com\/wp-content\/uploads\/2017\/09\/13921008_1042525725782888_3286016077468914773_n-150x150.png 150w, https:\/\/gap47.astrosurf.com\/wp-content\/uploads\/2017\/09\/13921008_1042525725782888_3286016077468914773_n-300x300.png 300w, https:\/\/gap47.astrosurf.com\/wp-content\/uploads\/2017\/09\/13921008_1042525725782888_3286016077468914773_n-100x100.png 100w, https:\/\/gap47.astrosurf.com\/wp-content\/uploads\/2017\/09\/13921008_1042525725782888_3286016077468914773_n.png 500w\" sizes=\"auto, (max-width: 150px) 100vw, 150px\" \/><\/a><\/span><\/p>\n<p style=\"text-align: left;\"><span style=\"font-size: 20px;\"><em><strong><span style=\"font-family: 'times new roman', times, serif;\">\u2190 <\/span><span style=\"font-family: 'times new roman', times, serif;\">Cliquez<\/span><\/strong><\/em><\/span><\/p>\n<p><img loading=\"lazy\" decoding=\"async\" class=\"wp-image-5016 alignright\" src=\"http:\/\/gap47.astrosurf.com\/wp-content\/uploads\/2017\/09\/ddf50e1451baf41d1aa01947fe9452bd-150x150.jpg\" alt=\"\" width=\"100\" height=\"83\" srcset=\"https:\/\/gap47.astrosurf.com\/wp-content\/uploads\/2017\/09\/ddf50e1451baf41d1aa01947fe9452bd-300x249.jpg 300w, https:\/\/gap47.astrosurf.com\/wp-content\/uploads\/2017\/09\/ddf50e1451baf41d1aa01947fe9452bd-768x639.jpg 768w, https:\/\/gap47.astrosurf.com\/wp-content\/uploads\/2017\/09\/ddf50e1451baf41d1aa01947fe9452bd-1443x1200.jpg 1443w, https:\/\/gap47.astrosurf.com\/wp-content\/uploads\/2017\/09\/ddf50e1451baf41d1aa01947fe9452bd.jpg 1638w\" sizes=\"auto, (max-width: 100px) 100vw, 100px\" \/><\/p>\n<p style=\"text-align: center;\"><span style=\"font-family: times new roman,times,serif; font-size: 20px;\">La NASA publie, chaque jour, une <\/span><span style=\"font-family: times new roman,times,serif; font-size: 20px;\">pho<\/span><span style=\"font-family: 'times new roman', times, serif; font-size: 20px;\">to d&rsquo;astronomie pr\u00e9sentant un int\u00e9r\u00eat particulier. Les choix de la NASA peuvent \u00eatre d&rsquo;ordre scientifique, esth\u00e9tique ou autre et peuvent aussi concerner une nouveaut\u00e9 ou une d\u00e9couverte.<\/span><\/p>\n<p><span style=\"font-family: times new roman,times,serif; font-size: 20px;\">\u00c9videmment vous allez arriver sur une page du site de la NASA, donc avec des commentaires et\/ou des explications en anglais. N\u00e9anmoins la seule vision <\/span><span style=\"font-family: 'times new roman', times, serif; font-size: 20px;\">de la \u00ab\u00a0photo du jour\u00a0\u00bb choisie est souvent satisfaisante par elle-m\u00eame. A vous de juger&#8230;<\/span><\/p>\n<hr>\n<p>&nbsp;<\/p>\n","protected":false},"excerpt":{"rendered":"<p>APOD = Astronomy Picture Of the Day (L&rsquo;image astronomique du jour) \u2190 Cliquez La NASA publie, chaque jour, une photo d&rsquo;astronomie pr\u00e9sentant un int\u00e9r\u00eat particulier. Les choix de la NASA peuvent \u00eatre d&rsquo;ordre scientifique, esth\u00e9tique ou autre et peuvent aussi concerner une nouveaut\u00e9 ou une d\u00e9couverte. \u00c9videmment vous allez arriver sur une page du site &hellip; <\/p>\n<p class=\"link-more\"><a href=\"https:\/\/gap47.astrosurf.com\/index.php\/accueil\/apod\/\" class=\"more-link\">Continuer la lecture<span class=\"screen-reader-text\"> de &laquo;&nbsp;L&rsquo;image du jour&nbsp;&raquo;<\/span><\/a><\/p>\n","protected":false},"author":5,"featured_media":0,"parent":73,"menu_order":5,"comment_status":"closed","ping_status":"closed","template":"","meta":{"_exactmetrics_skip_tracking":false,"_exactmetrics_sitenote_active":false,"_exactmetrics_sitenote_note":"","_exactmetrics_sitenote_category":0,"ngg_post_thumbnail":0,"footnotes":""},"class_list":["post-5011","page","type-page","status-publish","hentry"],"yoast_head":"<!-- This site is optimized with the Yoast SEO plugin v24.8.1 - https:\/\/yoast.com\/wordpress\/plugins\/seo\/ -->\n<title>L&#039;image du jour - L&#039;observatoire est ouvert aux visiteurs tous les vendredis soirs \u00e0 21 heures, jusqu&#039;au 3 juillet 2026 inclus, sans r\u00e9servation.<\/title>\n<meta name=\"robots\" content=\"index, follow, max-snippet:-1, max-image-preview:large, max-video-preview:-1\" \/>\n<link rel=\"canonical\" href=\"https:\/\/gap47.astrosurf.com\/index.php\/accueil\/apod\/\" \/>\n<meta property=\"og:locale\" content=\"fr_FR\" \/>\n<meta property=\"og:type\" content=\"article\" \/>\n<meta property=\"og:title\" content=\"L&#039;image du jour - L&#039;observatoire est ouvert aux visiteurs tous les vendredis soirs \u00e0 21 heures, jusqu&#039;au 3 juillet 2026 inclus, sans r\u00e9servation.\" \/>\n<meta property=\"og:description\" content=\"APOD = Astronomy Picture Of the Day (L&rsquo;image astronomique du jour) \u2190 Cliquez La NASA publie, chaque jour, une photo d&rsquo;astronomie pr\u00e9sentant un int\u00e9r\u00eat particulier. Les choix de la NASA peuvent \u00eatre d&rsquo;ordre scientifique, esth\u00e9tique ou autre et peuvent aussi concerner une nouveaut\u00e9 ou une d\u00e9couverte. \u00c9videmment vous allez arriver sur une page du site &hellip; Continuer la lecture de &laquo;&nbsp;L&rsquo;image du jour&nbsp;&raquo;\" \/>\n<meta property=\"og:url\" content=\"https:\/\/gap47.astrosurf.com\/index.php\/accueil\/apod\/\" \/>\n<meta property=\"og:site_name\" content=\"L&#039;observatoire est ouvert aux visiteurs tous les vendredis soirs \u00e0 21 heures, jusqu&#039;au 3 juillet 2026 inclus, sans r\u00e9servation.\" \/>\n<meta property=\"article:publisher\" content=\"https:\/\/www.facebook.com\/astrogap47\/\" \/>\n<meta property=\"article:modified_time\" content=\"2022-09-14T00:16:30+00:00\" \/>\n<meta property=\"og:image\" content=\"http:\/\/gap47.astrosurf.com\/wp-content\/uploads\/2017\/09\/13921008_1042525725782888_3286016077468914773_n-150x150.png\" \/>\n<meta name=\"twitter:card\" content=\"summary_large_image\" \/>\n<meta name=\"twitter:label1\" content=\"Dur\u00e9e de lecture estim\u00e9e\" \/>\n\t<meta name=\"twitter:data1\" content=\"1 minute\" \/>\n<script type=\"application\/ld+json\" class=\"yoast-schema-graph\">{\"@context\":\"https:\/\/schema.org\",\"@graph\":[{\"@type\":\"WebPage\",\"@id\":\"https:\/\/gap47.astrosurf.com\/index.php\/accueil\/apod\/\",\"url\":\"https:\/\/gap47.astrosurf.com\/index.php\/accueil\/apod\/\",\"name\":\"L'image du jour - L&#039;observatoire est ouvert aux visiteurs tous les vendredis soirs \u00e0 21 heures, jusqu&#039;au 3 juillet 2026 inclus, sans r\u00e9servation.\",\"isPartOf\":{\"@id\":\"https:\/\/gap47.astrosurf.com\/#website\"},\"primaryImageOfPage\":{\"@id\":\"https:\/\/gap47.astrosurf.com\/index.php\/accueil\/apod\/#primaryimage\"},\"image\":{\"@id\":\"https:\/\/gap47.astrosurf.com\/index.php\/accueil\/apod\/#primaryimage\"},\"thumbnailUrl\":\"http:\/\/gap47.astrosurf.com\/wp-content\/uploads\/2017\/09\/13921008_1042525725782888_3286016077468914773_n-150x150.png\",\"datePublished\":\"2017-09-06T16:44:37+00:00\",\"dateModified\":\"2022-09-14T00:16:30+00:00\",\"breadcrumb\":{\"@id\":\"https:\/\/gap47.astrosurf.com\/index.php\/accueil\/apod\/#breadcrumb\"},\"inLanguage\":\"fr-FR\",\"potentialAction\":[{\"@type\":\"ReadAction\",\"target\":[\"https:\/\/gap47.astrosurf.com\/index.php\/accueil\/apod\/\"]}]},{\"@type\":\"ImageObject\",\"inLanguage\":\"fr-FR\",\"@id\":\"https:\/\/gap47.astrosurf.com\/index.php\/accueil\/apod\/#primaryimage\",\"url\":\"https:\/\/gap47.astrosurf.com\/wp-content\/uploads\/2017\/09\/13921008_1042525725782888_3286016077468914773_n.png\",\"contentUrl\":\"https:\/\/gap47.astrosurf.com\/wp-content\/uploads\/2017\/09\/13921008_1042525725782888_3286016077468914773_n.png\",\"width\":500,\"height\":500},{\"@type\":\"BreadcrumbList\",\"@id\":\"https:\/\/gap47.astrosurf.com\/index.php\/accueil\/apod\/#breadcrumb\",\"itemListElement\":[{\"@type\":\"ListItem\",\"position\":1,\"name\":\"Accueil\",\"item\":\"https:\/\/gap47.astrosurf.com\/\"},{\"@type\":\"ListItem\",\"position\":2,\"name\":\"Accueil\",\"item\":\"https:\/\/gap47.astrosurf.com\/index.php\/accueil\/\"},{\"@type\":\"ListItem\",\"position\":3,\"name\":\"L&#8217;image du jour\"}]},{\"@type\":\"WebSite\",\"@id\":\"https:\/\/gap47.astrosurf.com\/#website\",\"url\":\"https:\/\/gap47.astrosurf.com\/\",\"name\":\"De janvier \u00e0 fin juin 2024, le GAP47 sera ouvert aux visiteurs tous les vendredis \u00e0 21h sans r\u00e9servation, \u00e0 l'exception du vendredi 26 janvier o\u00f9 l'observatoire sera ferm\u00e9 au public.\",\"description\":\"Groupe d&#039;Astronomie Populaire du Lot-et-Garonne, \u00e0 Montayral\",\"potentialAction\":[{\"@type\":\"SearchAction\",\"target\":{\"@type\":\"EntryPoint\",\"urlTemplate\":\"https:\/\/gap47.astrosurf.com\/?s={search_term_string}\"},\"query-input\":{\"@type\":\"PropertyValueSpecification\",\"valueRequired\":true,\"valueName\":\"search_term_string\"}}],\"inLanguage\":\"fr-FR\"}]}<\/script>\n<!-- \/ Yoast SEO plugin. -->","yoast_head_json":{"title":"L'image du jour - L&#039;observatoire est ouvert aux visiteurs tous les vendredis soirs \u00e0 21 heures, jusqu&#039;au 3 juillet 2026 inclus, sans r\u00e9servation.","robots":{"index":"index","follow":"follow","max-snippet":"max-snippet:-1","max-image-preview":"max-image-preview:large","max-video-preview":"max-video-preview:-1"},"canonical":"https:\/\/gap47.astrosurf.com\/index.php\/accueil\/apod\/","og_locale":"fr_FR","og_type":"article","og_title":"L'image du jour - L&#039;observatoire est ouvert aux visiteurs tous les vendredis soirs \u00e0 21 heures, jusqu&#039;au 3 juillet 2026 inclus, sans r\u00e9servation.","og_description":"APOD = Astronomy Picture Of the Day (L&rsquo;image astronomique du jour) \u2190 Cliquez La NASA publie, chaque jour, une photo d&rsquo;astronomie pr\u00e9sentant un int\u00e9r\u00eat particulier. Les choix de la NASA peuvent \u00eatre d&rsquo;ordre scientifique, esth\u00e9tique ou autre et peuvent aussi concerner une nouveaut\u00e9 ou une d\u00e9couverte. \u00c9videmment vous allez arriver sur une page du site &hellip; Continuer la lecture de &laquo;&nbsp;L&rsquo;image du jour&nbsp;&raquo;","og_url":"https:\/\/gap47.astrosurf.com\/index.php\/accueil\/apod\/","og_site_name":"L&#039;observatoire est ouvert aux visiteurs tous les vendredis soirs \u00e0 21 heures, jusqu&#039;au 3 juillet 2026 inclus, sans r\u00e9servation.","article_publisher":"https:\/\/www.facebook.com\/astrogap47\/","article_modified_time":"2022-09-14T00:16:30+00:00","og_image":[{"url":"http:\/\/gap47.astrosurf.com\/wp-content\/uploads\/2017\/09\/13921008_1042525725782888_3286016077468914773_n-150x150.png","type":"","width":"","height":""}],"twitter_card":"summary_large_image","twitter_misc":{"Dur\u00e9e de lecture estim\u00e9e":"1 minute"},"schema":{"@context":"https:\/\/schema.org","@graph":[{"@type":"WebPage","@id":"https:\/\/gap47.astrosurf.com\/index.php\/accueil\/apod\/","url":"https:\/\/gap47.astrosurf.com\/index.php\/accueil\/apod\/","name":"L'image du jour - L&#039;observatoire est ouvert aux visiteurs tous les vendredis soirs \u00e0 21 heures, jusqu&#039;au 3 juillet 2026 inclus, sans r\u00e9servation.","isPartOf":{"@id":"https:\/\/gap47.astrosurf.com\/#website"},"primaryImageOfPage":{"@id":"https:\/\/gap47.astrosurf.com\/index.php\/accueil\/apod\/#primaryimage"},"image":{"@id":"https:\/\/gap47.astrosurf.com\/index.php\/accueil\/apod\/#primaryimage"},"thumbnailUrl":"http:\/\/gap47.astrosurf.com\/wp-content\/uploads\/2017\/09\/13921008_1042525725782888_3286016077468914773_n-150x150.png","datePublished":"2017-09-06T16:44:37+00:00","dateModified":"2022-09-14T00:16:30+00:00","breadcrumb":{"@id":"https:\/\/gap47.astrosurf.com\/index.php\/accueil\/apod\/#breadcrumb"},"inLanguage":"fr-FR","potentialAction":[{"@type":"ReadAction","target":["https:\/\/gap47.astrosurf.com\/index.php\/accueil\/apod\/"]}]},{"@type":"ImageObject","inLanguage":"fr-FR","@id":"https:\/\/gap47.astrosurf.com\/index.php\/accueil\/apod\/#primaryimage","url":"https:\/\/gap47.astrosurf.com\/wp-content\/uploads\/2017\/09\/13921008_1042525725782888_3286016077468914773_n.png","contentUrl":"https:\/\/gap47.astrosurf.com\/wp-content\/uploads\/2017\/09\/13921008_1042525725782888_3286016077468914773_n.png","width":500,"height":500},{"@type":"BreadcrumbList","@id":"https:\/\/gap47.astrosurf.com\/index.php\/accueil\/apod\/#breadcrumb","itemListElement":[{"@type":"ListItem","position":1,"name":"Accueil","item":"https:\/\/gap47.astrosurf.com\/"},{"@type":"ListItem","position":2,"name":"Accueil","item":"https:\/\/gap47.astrosurf.com\/index.php\/accueil\/"},{"@type":"ListItem","position":3,"name":"L&#8217;image du jour"}]},{"@type":"WebSite","@id":"https:\/\/gap47.astrosurf.com\/#website","url":"https:\/\/gap47.astrosurf.com\/","name":"De janvier \u00e0 fin juin 2024, le GAP47 sera ouvert aux visiteurs tous les vendredis \u00e0 21h sans r\u00e9servation, \u00e0 l'exception du vendredi 26 janvier o\u00f9 l'observatoire sera ferm\u00e9 au public.","description":"Groupe d&#039;Astronomie Populaire du Lot-et-Garonne, \u00e0 Montayral","potentialAction":[{"@type":"SearchAction","target":{"@type":"EntryPoint","urlTemplate":"https:\/\/gap47.astrosurf.com\/?s={search_term_string}"},"query-input":{"@type":"PropertyValueSpecification","valueRequired":true,"valueName":"search_term_string"}}],"inLanguage":"fr-FR"}]}},"_links":{"self":[{"href":"https:\/\/gap47.astrosurf.com\/index.php\/wp-json\/wp\/v2\/pages\/5011","targetHints":{"allow":["GET"]}}],"collection":[{"href":"https:\/\/gap47.astrosurf.com\/index.php\/wp-json\/wp\/v2\/pages"}],"about":[{"href":"https:\/\/gap47.astrosurf.com\/index.php\/wp-json\/wp\/v2\/types\/page"}],"author":[{"embeddable":true,"href":"https:\/\/gap47.astrosurf.com\/index.php\/wp-json\/wp\/v2\/users\/5"}],"replies":[{"embeddable":true,"href":"https:\/\/gap47.astrosurf.com\/index.php\/wp-json\/wp\/v2\/comments?post=5011"}],"version-history":[{"count":31,"href":"https:\/\/gap47.astrosurf.com\/index.php\/wp-json\/wp\/v2\/pages\/5011\/revisions"}],"predecessor-version":[{"id":9474,"href":"https:\/\/gap47.astrosurf.com\/index.php\/wp-json\/wp\/v2\/pages\/5011\/revisions\/9474"}],"up":[{"embeddable":true,"href":"https:\/\/gap47.astrosurf.com\/index.php\/wp-json\/wp\/v2\/pages\/73"}],"wp:attachment":[{"href":"https:\/\/gap47.astrosurf.com\/index.php\/wp-json\/wp\/v2\/media?parent=5011"}],"curies":[{"name":"wp","href":"https:\/\/api.w.org\/{rel}","templated":true}]}}