 {"id":49,"date":"2017-03-31T21:09:16","date_gmt":"2017-03-31T21:09:16","guid":{"rendered":"http:\/\/gap47.astrosurf.com\/?page_id=49"},"modified":"2024-11-26T12:28:31","modified_gmt":"2024-11-26T10:28:31","slug":"planetarium","status":"publish","type":"page","link":"https:\/\/gap47.astrosurf.com\/index.php\/le-gap47\/locaux\/planetarium\/","title":{"rendered":"Le plan\u00e9tarium"},"content":{"rendered":"<p style=\"text-align: left;\"><span style=\"font-family: times new roman,times,serif; font-size: 20px;\">Notre plan\u00e9tarium est un plan\u00e9tarium num\u00e9rique climatis\u00e9 dot\u00e9 de 15 places assises. <\/span><\/p>\n<p style=\"text-align: left;\"><span style=\"font-family: times new roman,times,serif; font-size: 20px;\">Il fonctionne avec le logiciel SpaceCrafter (logiciel \u00ab\u00a0scriptable\u00a0\u00bb), [<em>h\u00e9ritier du logiciel Stellarium360 que nous utilisions jusqu&rsquo;en 2018<\/em>], qui peut fonctionner selon les besoins en pilotage improvis\u00e9 au clavier ou gr\u00e2ce \u00e0 des spectacles, des sc\u00e9narios con\u00e7us par les membres du GAP47, expliquant la m\u00e9canique c\u00e9leste ou pr\u00e9sentant diff\u00e9rentes repr\u00e9sentations du ciel. Sonoris\u00e9, il permet \u00e9galement la projection de films de type \u201cd\u00f4me\u201d \u00e0 360\u00b0.<\/span><\/p>\n<p style=\"text-align: left;\"><span style=\"font-family: 'times new roman', times, serif; font-size: 20px;\">La nouveaut\u00e9 de 2022 a \u00e9t\u00e9 l&rsquo;acquisition d&rsquo;un nouveau vid\u00e9oprojecteur pour le plan\u00e9tarium, avec une superbe d\u00e9finition en 4K, qui nous permet de projeter des donn\u00e9es d&rsquo;une qualit\u00e9 exceptionnelle par rapport \u00e0 l&rsquo;ancien \u00e9quipement.<\/span><\/p>\n<p style=\"text-align: left;\"><span style=\"font-family: times new roman,times,serif; font-size: 20px;\">Nous conseillons vivement \u00e0 toute personne s&rsquo;int\u00e9ressant \u00e0 l&rsquo;astronomie de se procurer le logiciel <a href=\"http:\/\/www.stellarium.org\/fr\/\" target=\"_blank\" rel=\"noopener noreferrer\"><span style=\"font-family: arial,helvetica,sans-serif;\"><strong>Stellarium<\/strong><\/span><\/a> (version \u00e9cran d&rsquo;ordinateur ou tablette), qui peut \u00eatre t\u00e9l\u00e9charg\u00e9 gratuitement pour apprendre \u00e0 conna\u00eetre et comprendre le ciel.<br \/>\n<\/span><\/p>\n<p style=\"text-align: left;\"><span style=\"font-family: times new roman,times,serif; font-size: 20px;\"><strong><a href=\"http:\/\/gap47.astrosurf.com\/wp-content\/uploads\/2017\/03\/GAP47-planetarium2.jpg\"><img loading=\"lazy\" decoding=\"async\" class=\"aligncenter wp-image-944 size-full\" src=\"http:\/\/gap47.astrosurf.com\/wp-content\/uploads\/2017\/03\/GAP47-planetarium2.jpg\" alt=\"\" width=\"1500\" height=\"899\" srcset=\"https:\/\/gap47.astrosurf.com\/wp-content\/uploads\/2017\/03\/GAP47-planetarium2.jpg 1500w, https:\/\/gap47.astrosurf.com\/wp-content\/uploads\/2017\/03\/GAP47-planetarium2-300x180.jpg 300w, https:\/\/gap47.astrosurf.com\/wp-content\/uploads\/2017\/03\/GAP47-planetarium2-768x460.jpg 768w\" sizes=\"auto, (max-width: 767px) 89vw, (max-width: 1000px) 54vw, (max-width: 1071px) 543px, 580px\" \/><\/a><\/strong><\/span><\/p>\n<p><a href=\"http:\/\/gap47.astrosurf.com\/wp-content\/uploads\/2017\/03\/DSC_0038-3.jpg\"><img loading=\"lazy\" decoding=\"async\" class=\"aligncenter wp-image-945 size-full\" src=\"http:\/\/gap47.astrosurf.com\/wp-content\/uploads\/2017\/03\/DSC_0038-3.jpg\" alt=\"\" width=\"1500\" height=\"1000\" srcset=\"https:\/\/gap47.astrosurf.com\/wp-content\/uploads\/2017\/03\/DSC_0038-3.jpg 1500w, https:\/\/gap47.astrosurf.com\/wp-content\/uploads\/2017\/03\/DSC_0038-3-300x200.jpg 300w, https:\/\/gap47.astrosurf.com\/wp-content\/uploads\/2017\/03\/DSC_0038-3-768x512.jpg 768w\" sizes=\"auto, (max-width: 767px) 89vw, (max-width: 1000px) 54vw, (max-width: 1071px) 543px, 580px\" \/><\/a><\/p>\n<hr>\n<p>&nbsp;<\/p>\n","protected":false},"excerpt":{"rendered":"<p>Notre plan\u00e9tarium est un plan\u00e9tarium num\u00e9rique climatis\u00e9 dot\u00e9 de 15 places assises. Il fonctionne avec le logiciel SpaceCrafter (logiciel \u00ab\u00a0scriptable\u00a0\u00bb), [h\u00e9ritier du logiciel Stellarium360 que nous utilisions jusqu&rsquo;en 2018], qui peut fonctionner selon les besoins en pilotage improvis\u00e9 au clavier ou gr\u00e2ce \u00e0 des spectacles, des sc\u00e9narios con\u00e7us par les membres du GAP47, expliquant la &hellip; <\/p>\n<p class=\"link-more\"><a href=\"https:\/\/gap47.astrosurf.com\/index.php\/le-gap47\/locaux\/planetarium\/\" class=\"more-link\">Continuer la lecture<span class=\"screen-reader-text\"> de &laquo;&nbsp;Le plan\u00e9tarium&nbsp;&raquo;<\/span><\/a><\/p>\n","protected":false},"author":5,"featured_media":0,"parent":45,"menu_order":1,"comment_status":"closed","ping_status":"closed","template":"","meta":{"_exactmetrics_skip_tracking":false,"_exactmetrics_sitenote_active":false,"_exactmetrics_sitenote_note":"","_exactmetrics_sitenote_category":0,"ngg_post_thumbnail":0,"footnotes":""},"class_list":["post-49","page","type-page","status-publish","hentry"],"yoast_head":"<!-- This site is optimized with the Yoast SEO plugin v24.8.1 - https:\/\/yoast.com\/wordpress\/plugins\/seo\/ -->\n<title>Le plan\u00e9tarium - L&#039;observatoire est ouvert aux visiteurs tous les vendredis soirs \u00e0 21 heures, jusqu&#039;au 3 juillet 2026 inclus, sans r\u00e9servation.<\/title>\n<meta name=\"robots\" content=\"index, follow, max-snippet:-1, max-image-preview:large, max-video-preview:-1\" \/>\n<link rel=\"canonical\" href=\"https:\/\/gap47.astrosurf.com\/index.php\/le-gap47\/locaux\/planetarium\/\" \/>\n<meta property=\"og:locale\" content=\"fr_FR\" \/>\n<meta property=\"og:type\" content=\"article\" \/>\n<meta property=\"og:title\" content=\"Le plan\u00e9tarium - L&#039;observatoire est ouvert aux visiteurs tous les vendredis soirs \u00e0 21 heures, jusqu&#039;au 3 juillet 2026 inclus, sans r\u00e9servation.\" \/>\n<meta property=\"og:description\" content=\"Notre plan\u00e9tarium est un plan\u00e9tarium num\u00e9rique climatis\u00e9 dot\u00e9 de 15 places assises. Il fonctionne avec le logiciel SpaceCrafter (logiciel \u00ab\u00a0scriptable\u00a0\u00bb), [h\u00e9ritier du logiciel Stellarium360 que nous utilisions jusqu&rsquo;en 2018], qui peut fonctionner selon les besoins en pilotage improvis\u00e9 au clavier ou gr\u00e2ce \u00e0 des spectacles, des sc\u00e9narios con\u00e7us par les membres du GAP47, expliquant la &hellip; Continuer la lecture de &laquo;&nbsp;Le plan\u00e9tarium&nbsp;&raquo;\" \/>\n<meta property=\"og:url\" content=\"https:\/\/gap47.astrosurf.com\/index.php\/le-gap47\/locaux\/planetarium\/\" \/>\n<meta property=\"og:site_name\" content=\"L&#039;observatoire est ouvert aux visiteurs tous les vendredis soirs \u00e0 21 heures, jusqu&#039;au 3 juillet 2026 inclus, sans r\u00e9servation.\" \/>\n<meta property=\"article:publisher\" content=\"https:\/\/www.facebook.com\/astrogap47\/\" \/>\n<meta property=\"article:modified_time\" content=\"2024-11-26T10:28:31+00:00\" \/>\n<meta property=\"og:image\" content=\"http:\/\/gap47.astrosurf.com\/wp-content\/uploads\/2017\/03\/GAP47-planetarium2.jpg\" \/>\n<meta name=\"twitter:card\" content=\"summary_large_image\" \/>\n<meta name=\"twitter:label1\" content=\"Dur\u00e9e de lecture estim\u00e9e\" \/>\n\t<meta name=\"twitter:data1\" content=\"2 minutes\" \/>\n<script type=\"application\/ld+json\" class=\"yoast-schema-graph\">{\"@context\":\"https:\/\/schema.org\",\"@graph\":[{\"@type\":\"WebPage\",\"@id\":\"https:\/\/gap47.astrosurf.com\/index.php\/le-gap47\/locaux\/planetarium\/\",\"url\":\"https:\/\/gap47.astrosurf.com\/index.php\/le-gap47\/locaux\/planetarium\/\",\"name\":\"Le plan\u00e9tarium - L&#039;observatoire est ouvert aux visiteurs tous les vendredis soirs \u00e0 21 heures, jusqu&#039;au 3 juillet 2026 inclus, sans r\u00e9servation.\",\"isPartOf\":{\"@id\":\"https:\/\/gap47.astrosurf.com\/#website\"},\"primaryImageOfPage\":{\"@id\":\"https:\/\/gap47.astrosurf.com\/index.php\/le-gap47\/locaux\/planetarium\/#primaryimage\"},\"image\":{\"@id\":\"https:\/\/gap47.astrosurf.com\/index.php\/le-gap47\/locaux\/planetarium\/#primaryimage\"},\"thumbnailUrl\":\"http:\/\/gap47.astrosurf.com\/wp-content\/uploads\/2017\/03\/GAP47-planetarium2.jpg\",\"datePublished\":\"2017-03-31T21:09:16+00:00\",\"dateModified\":\"2024-11-26T10:28:31+00:00\",\"breadcrumb\":{\"@id\":\"https:\/\/gap47.astrosurf.com\/index.php\/le-gap47\/locaux\/planetarium\/#breadcrumb\"},\"inLanguage\":\"fr-FR\",\"potentialAction\":[{\"@type\":\"ReadAction\",\"target\":[\"https:\/\/gap47.astrosurf.com\/index.php\/le-gap47\/locaux\/planetarium\/\"]}]},{\"@type\":\"ImageObject\",\"inLanguage\":\"fr-FR\",\"@id\":\"https:\/\/gap47.astrosurf.com\/index.php\/le-gap47\/locaux\/planetarium\/#primaryimage\",\"url\":\"https:\/\/gap47.astrosurf.com\/wp-content\/uploads\/2017\/03\/GAP47-planetarium2.jpg\",\"contentUrl\":\"https:\/\/gap47.astrosurf.com\/wp-content\/uploads\/2017\/03\/GAP47-planetarium2.jpg\",\"width\":1500,\"height\":899},{\"@type\":\"BreadcrumbList\",\"@id\":\"https:\/\/gap47.astrosurf.com\/index.php\/le-gap47\/locaux\/planetarium\/#breadcrumb\",\"itemListElement\":[{\"@type\":\"ListItem\",\"position\":1,\"name\":\"Accueil\",\"item\":\"https:\/\/gap47.astrosurf.com\/\"},{\"@type\":\"ListItem\",\"position\":2,\"name\":\"Le GAP47\",\"item\":\"https:\/\/gap47.astrosurf.com\/index.php\/le-gap47\/\"},{\"@type\":\"ListItem\",\"position\":3,\"name\":\"Nos locaux\",\"item\":\"https:\/\/gap47.astrosurf.com\/index.php\/le-gap47\/locaux\/\"},{\"@type\":\"ListItem\",\"position\":4,\"name\":\"Le plan\u00e9tarium\"}]},{\"@type\":\"WebSite\",\"@id\":\"https:\/\/gap47.astrosurf.com\/#website\",\"url\":\"https:\/\/gap47.astrosurf.com\/\",\"name\":\"De janvier \u00e0 fin juin 2024, le GAP47 sera ouvert aux visiteurs tous les vendredis \u00e0 21h sans r\u00e9servation, \u00e0 l'exception du vendredi 26 janvier o\u00f9 l'observatoire sera ferm\u00e9 au public.\",\"description\":\"Groupe d&#039;Astronomie Populaire du Lot-et-Garonne, \u00e0 Montayral\",\"potentialAction\":[{\"@type\":\"SearchAction\",\"target\":{\"@type\":\"EntryPoint\",\"urlTemplate\":\"https:\/\/gap47.astrosurf.com\/?s={search_term_string}\"},\"query-input\":{\"@type\":\"PropertyValueSpecification\",\"valueRequired\":true,\"valueName\":\"search_term_string\"}}],\"inLanguage\":\"fr-FR\"}]}<\/script>\n<!-- \/ Yoast SEO plugin. -->","yoast_head_json":{"title":"Le plan\u00e9tarium - L&#039;observatoire est ouvert aux visiteurs tous les vendredis soirs \u00e0 21 heures, jusqu&#039;au 3 juillet 2026 inclus, sans r\u00e9servation.","robots":{"index":"index","follow":"follow","max-snippet":"max-snippet:-1","max-image-preview":"max-image-preview:large","max-video-preview":"max-video-preview:-1"},"canonical":"https:\/\/gap47.astrosurf.com\/index.php\/le-gap47\/locaux\/planetarium\/","og_locale":"fr_FR","og_type":"article","og_title":"Le plan\u00e9tarium - L&#039;observatoire est ouvert aux visiteurs tous les vendredis soirs \u00e0 21 heures, jusqu&#039;au 3 juillet 2026 inclus, sans r\u00e9servation.","og_description":"Notre plan\u00e9tarium est un plan\u00e9tarium num\u00e9rique climatis\u00e9 dot\u00e9 de 15 places assises. Il fonctionne avec le logiciel SpaceCrafter (logiciel \u00ab\u00a0scriptable\u00a0\u00bb), [h\u00e9ritier du logiciel Stellarium360 que nous utilisions jusqu&rsquo;en 2018], qui peut fonctionner selon les besoins en pilotage improvis\u00e9 au clavier ou gr\u00e2ce \u00e0 des spectacles, des sc\u00e9narios con\u00e7us par les membres du GAP47, expliquant la &hellip; Continuer la lecture de &laquo;&nbsp;Le plan\u00e9tarium&nbsp;&raquo;","og_url":"https:\/\/gap47.astrosurf.com\/index.php\/le-gap47\/locaux\/planetarium\/","og_site_name":"L&#039;observatoire est ouvert aux visiteurs tous les vendredis soirs \u00e0 21 heures, jusqu&#039;au 3 juillet 2026 inclus, sans r\u00e9servation.","article_publisher":"https:\/\/www.facebook.com\/astrogap47\/","article_modified_time":"2024-11-26T10:28:31+00:00","og_image":[{"url":"http:\/\/gap47.astrosurf.com\/wp-content\/uploads\/2017\/03\/GAP47-planetarium2.jpg","type":"","width":"","height":""}],"twitter_card":"summary_large_image","twitter_misc":{"Dur\u00e9e de lecture estim\u00e9e":"2 minutes"},"schema":{"@context":"https:\/\/schema.org","@graph":[{"@type":"WebPage","@id":"https:\/\/gap47.astrosurf.com\/index.php\/le-gap47\/locaux\/planetarium\/","url":"https:\/\/gap47.astrosurf.com\/index.php\/le-gap47\/locaux\/planetarium\/","name":"Le plan\u00e9tarium - L&#039;observatoire est ouvert aux visiteurs tous les vendredis soirs \u00e0 21 heures, jusqu&#039;au 3 juillet 2026 inclus, sans r\u00e9servation.","isPartOf":{"@id":"https:\/\/gap47.astrosurf.com\/#website"},"primaryImageOfPage":{"@id":"https:\/\/gap47.astrosurf.com\/index.php\/le-gap47\/locaux\/planetarium\/#primaryimage"},"image":{"@id":"https:\/\/gap47.astrosurf.com\/index.php\/le-gap47\/locaux\/planetarium\/#primaryimage"},"thumbnailUrl":"http:\/\/gap47.astrosurf.com\/wp-content\/uploads\/2017\/03\/GAP47-planetarium2.jpg","datePublished":"2017-03-31T21:09:16+00:00","dateModified":"2024-11-26T10:28:31+00:00","breadcrumb":{"@id":"https:\/\/gap47.astrosurf.com\/index.php\/le-gap47\/locaux\/planetarium\/#breadcrumb"},"inLanguage":"fr-FR","potentialAction":[{"@type":"ReadAction","target":["https:\/\/gap47.astrosurf.com\/index.php\/le-gap47\/locaux\/planetarium\/"]}]},{"@type":"ImageObject","inLanguage":"fr-FR","@id":"https:\/\/gap47.astrosurf.com\/index.php\/le-gap47\/locaux\/planetarium\/#primaryimage","url":"https:\/\/gap47.astrosurf.com\/wp-content\/uploads\/2017\/03\/GAP47-planetarium2.jpg","contentUrl":"https:\/\/gap47.astrosurf.com\/wp-content\/uploads\/2017\/03\/GAP47-planetarium2.jpg","width":1500,"height":899},{"@type":"BreadcrumbList","@id":"https:\/\/gap47.astrosurf.com\/index.php\/le-gap47\/locaux\/planetarium\/#breadcrumb","itemListElement":[{"@type":"ListItem","position":1,"name":"Accueil","item":"https:\/\/gap47.astrosurf.com\/"},{"@type":"ListItem","position":2,"name":"Le GAP47","item":"https:\/\/gap47.astrosurf.com\/index.php\/le-gap47\/"},{"@type":"ListItem","position":3,"name":"Nos locaux","item":"https:\/\/gap47.astrosurf.com\/index.php\/le-gap47\/locaux\/"},{"@type":"ListItem","position":4,"name":"Le plan\u00e9tarium"}]},{"@type":"WebSite","@id":"https:\/\/gap47.astrosurf.com\/#website","url":"https:\/\/gap47.astrosurf.com\/","name":"De janvier \u00e0 fin juin 2024, le GAP47 sera ouvert aux visiteurs tous les vendredis \u00e0 21h sans r\u00e9servation, \u00e0 l'exception du vendredi 26 janvier o\u00f9 l'observatoire sera ferm\u00e9 au public.","description":"Groupe d&#039;Astronomie Populaire du Lot-et-Garonne, \u00e0 Montayral","potentialAction":[{"@type":"SearchAction","target":{"@type":"EntryPoint","urlTemplate":"https:\/\/gap47.astrosurf.com\/?s={search_term_string}"},"query-input":{"@type":"PropertyValueSpecification","valueRequired":true,"valueName":"search_term_string"}}],"inLanguage":"fr-FR"}]}},"_links":{"self":[{"href":"https:\/\/gap47.astrosurf.com\/index.php\/wp-json\/wp\/v2\/pages\/49","targetHints":{"allow":["GET"]}}],"collection":[{"href":"https:\/\/gap47.astrosurf.com\/index.php\/wp-json\/wp\/v2\/pages"}],"about":[{"href":"https:\/\/gap47.astrosurf.com\/index.php\/wp-json\/wp\/v2\/types\/page"}],"author":[{"embeddable":true,"href":"https:\/\/gap47.astrosurf.com\/index.php\/wp-json\/wp\/v2\/users\/5"}],"replies":[{"embeddable":true,"href":"https:\/\/gap47.astrosurf.com\/index.php\/wp-json\/wp\/v2\/comments?post=49"}],"version-history":[{"count":23,"href":"https:\/\/gap47.astrosurf.com\/index.php\/wp-json\/wp\/v2\/pages\/49\/revisions"}],"predecessor-version":[{"id":13089,"href":"https:\/\/gap47.astrosurf.com\/index.php\/wp-json\/wp\/v2\/pages\/49\/revisions\/13089"}],"up":[{"embeddable":true,"href":"https:\/\/gap47.astrosurf.com\/index.php\/wp-json\/wp\/v2\/pages\/45"}],"wp:attachment":[{"href":"https:\/\/gap47.astrosurf.com\/index.php\/wp-json\/wp\/v2\/media?parent=49"}],"curies":[{"name":"wp","href":"https:\/\/api.w.org\/{rel}","templated":true}]}}