 {"id":47,"date":"2017-03-31T21:08:40","date_gmt":"2017-03-31T21:08:40","guid":{"rendered":"http:\/\/gap47.astrosurf.com\/?page_id=47"},"modified":"2024-10-18T17:36:54","modified_gmt":"2024-10-18T15:36:54","slug":"coupoles","status":"publish","type":"page","link":"https:\/\/gap47.astrosurf.com\/index.php\/le-gap47\/locaux\/coupoles\/","title":{"rendered":"Les coupoles"},"content":{"rendered":"<p style=\"text-align: left;\"><span style=\"font-family: times new roman,times,serif; font-size: 20px;\">Les deux coupoles abritent chacune un t\u00e9lescope de type \u201cNewton\u201d (un 300 mm et un 510 mm) avec montures \u00e9quatoriales motoris\u00e9es (suivi) et pilot\u00e9es par ordinateur (GoTo) via le logiciel \u00ab Prism \u00bb. <\/span><\/p>\n<p style=\"text-align: left;\"><span style=\"font-family: times new roman,times,serif; font-size: 20px;\">Le 510 mm est en outre \u00e9quip\u00e9 d\u2019une collimation motoris\u00e9e. Ces deux t\u00e9lescopes ont \u00e9t\u00e9 enti\u00e8rement fabriqu\u00e9s par les membres du GAP 47 (miroirs, tubes, montures, etc.). <\/span><\/p>\n<p style=\"text-align: left;\"><span style=\"font-family: times new roman,times,serif; font-size: 20px;\">Voir dans le menu \u201cTechnique\u201d les diff\u00e9rents aspects de la fabrication des miroirs et des t\u00e9lescopes.<\/span><\/p>\n<p style=\"text-align: left;\"><a href=\"http:\/\/gap47.astrosurf.com\/wp-content\/uploads\/2017\/03\/GAP47-coupoles2.jpg\"><img loading=\"lazy\" decoding=\"async\" class=\"aligncenter wp-image-947 size-full\" src=\"http:\/\/gap47.astrosurf.com\/wp-content\/uploads\/2017\/03\/GAP47-coupoles2.jpg\" alt=\"\" width=\"1500\" height=\"899\" srcset=\"https:\/\/gap47.astrosurf.com\/wp-content\/uploads\/2017\/03\/GAP47-coupoles2.jpg 1500w, https:\/\/gap47.astrosurf.com\/wp-content\/uploads\/2017\/03\/GAP47-coupoles2-300x180.jpg 300w, https:\/\/gap47.astrosurf.com\/wp-content\/uploads\/2017\/03\/GAP47-coupoles2-768x460.jpg 768w\" sizes=\"auto, (max-width: 767px) 89vw, (max-width: 1000px) 54vw, (max-width: 1071px) 543px, 580px\" \/><\/a><\/p>\n<p><a href=\"http:\/\/gap47.astrosurf.com\/wp-content\/uploads\/2017\/03\/Coupoles-de-nuit.jpg\"><img loading=\"lazy\" decoding=\"async\" class=\"aligncenter wp-image-949 size-full\" src=\"http:\/\/gap47.astrosurf.com\/wp-content\/uploads\/2017\/03\/Coupoles-de-nuit.jpg\" alt=\"\" width=\"1500\" height=\"1000\" srcset=\"https:\/\/gap47.astrosurf.com\/wp-content\/uploads\/2017\/03\/Coupoles-de-nuit.jpg 1500w, https:\/\/gap47.astrosurf.com\/wp-content\/uploads\/2017\/03\/Coupoles-de-nuit-300x200.jpg 300w, https:\/\/gap47.astrosurf.com\/wp-content\/uploads\/2017\/03\/Coupoles-de-nuit-768x512.jpg 768w\" sizes=\"auto, (max-width: 767px) 89vw, (max-width: 1000px) 54vw, (max-width: 1071px) 543px, 580px\" \/><\/a><\/p>\n<hr>\n<p>&nbsp;<\/p>\n","protected":false},"excerpt":{"rendered":"<p>Les deux coupoles abritent chacune un t\u00e9lescope de type \u201cNewton\u201d (un 300 mm et un 510 mm) avec montures \u00e9quatoriales motoris\u00e9es (suivi) et pilot\u00e9es par ordinateur (GoTo) via le logiciel \u00ab Prism \u00bb. Le 510 mm est en outre \u00e9quip\u00e9 d\u2019une collimation motoris\u00e9e. Ces deux t\u00e9lescopes ont \u00e9t\u00e9 enti\u00e8rement fabriqu\u00e9s par les membres du GAP &hellip; <\/p>\n<p class=\"link-more\"><a href=\"https:\/\/gap47.astrosurf.com\/index.php\/le-gap47\/locaux\/coupoles\/\" class=\"more-link\">Continuer la lecture<span class=\"screen-reader-text\"> de &laquo;&nbsp;Les coupoles&nbsp;&raquo;<\/span><\/a><\/p>\n","protected":false},"author":5,"featured_media":0,"parent":45,"menu_order":0,"comment_status":"closed","ping_status":"closed","template":"","meta":{"_exactmetrics_skip_tracking":false,"_exactmetrics_sitenote_active":false,"_exactmetrics_sitenote_note":"","_exactmetrics_sitenote_category":0,"ngg_post_thumbnail":0,"footnotes":""},"class_list":["post-47","page","type-page","status-publish","hentry"],"yoast_head":"<!-- This site is optimized with the Yoast SEO plugin v24.8.1 - https:\/\/yoast.com\/wordpress\/plugins\/seo\/ -->\n<title>Les coupoles - L&#039;observatoire est ouvert aux visiteurs tous les vendredis soirs \u00e0 21 heures, jusqu&#039;au 3 juillet 2026 inclus, sans r\u00e9servation.<\/title>\n<meta name=\"robots\" content=\"index, follow, max-snippet:-1, max-image-preview:large, max-video-preview:-1\" \/>\n<link rel=\"canonical\" href=\"https:\/\/gap47.astrosurf.com\/index.php\/le-gap47\/locaux\/coupoles\/\" \/>\n<meta property=\"og:locale\" content=\"fr_FR\" \/>\n<meta property=\"og:type\" content=\"article\" \/>\n<meta property=\"og:title\" content=\"Les coupoles - L&#039;observatoire est ouvert aux visiteurs tous les vendredis soirs \u00e0 21 heures, jusqu&#039;au 3 juillet 2026 inclus, sans r\u00e9servation.\" \/>\n<meta property=\"og:description\" content=\"Les deux coupoles abritent chacune un t\u00e9lescope de type \u201cNewton\u201d (un 300 mm et un 510 mm) avec montures \u00e9quatoriales motoris\u00e9es (suivi) et pilot\u00e9es par ordinateur (GoTo) via le logiciel \u00ab Prism \u00bb. Le 510 mm est en outre \u00e9quip\u00e9 d\u2019une collimation motoris\u00e9e. Ces deux t\u00e9lescopes ont \u00e9t\u00e9 enti\u00e8rement fabriqu\u00e9s par les membres du GAP &hellip; Continuer la lecture de &laquo;&nbsp;Les coupoles&nbsp;&raquo;\" \/>\n<meta property=\"og:url\" content=\"https:\/\/gap47.astrosurf.com\/index.php\/le-gap47\/locaux\/coupoles\/\" \/>\n<meta property=\"og:site_name\" content=\"L&#039;observatoire est ouvert aux visiteurs tous les vendredis soirs \u00e0 21 heures, jusqu&#039;au 3 juillet 2026 inclus, sans r\u00e9servation.\" \/>\n<meta property=\"article:publisher\" content=\"https:\/\/www.facebook.com\/astrogap47\/\" \/>\n<meta property=\"article:modified_time\" content=\"2024-10-18T15:36:54+00:00\" \/>\n<meta property=\"og:image\" content=\"http:\/\/gap47.astrosurf.com\/wp-content\/uploads\/2017\/03\/GAP47-coupoles2.jpg\" \/>\n<meta name=\"twitter:card\" content=\"summary_large_image\" \/>\n<meta name=\"twitter:label1\" content=\"Dur\u00e9e de lecture estim\u00e9e\" \/>\n\t<meta name=\"twitter:data1\" content=\"1 minute\" \/>\n<script type=\"application\/ld+json\" class=\"yoast-schema-graph\">{\"@context\":\"https:\/\/schema.org\",\"@graph\":[{\"@type\":\"WebPage\",\"@id\":\"https:\/\/gap47.astrosurf.com\/index.php\/le-gap47\/locaux\/coupoles\/\",\"url\":\"https:\/\/gap47.astrosurf.com\/index.php\/le-gap47\/locaux\/coupoles\/\",\"name\":\"Les coupoles - L&#039;observatoire est ouvert aux visiteurs tous les vendredis soirs \u00e0 21 heures, jusqu&#039;au 3 juillet 2026 inclus, sans r\u00e9servation.\",\"isPartOf\":{\"@id\":\"https:\/\/gap47.astrosurf.com\/#website\"},\"primaryImageOfPage\":{\"@id\":\"https:\/\/gap47.astrosurf.com\/index.php\/le-gap47\/locaux\/coupoles\/#primaryimage\"},\"image\":{\"@id\":\"https:\/\/gap47.astrosurf.com\/index.php\/le-gap47\/locaux\/coupoles\/#primaryimage\"},\"thumbnailUrl\":\"http:\/\/gap47.astrosurf.com\/wp-content\/uploads\/2017\/03\/GAP47-coupoles2.jpg\",\"datePublished\":\"2017-03-31T21:08:40+00:00\",\"dateModified\":\"2024-10-18T15:36:54+00:00\",\"breadcrumb\":{\"@id\":\"https:\/\/gap47.astrosurf.com\/index.php\/le-gap47\/locaux\/coupoles\/#breadcrumb\"},\"inLanguage\":\"fr-FR\",\"potentialAction\":[{\"@type\":\"ReadAction\",\"target\":[\"https:\/\/gap47.astrosurf.com\/index.php\/le-gap47\/locaux\/coupoles\/\"]}]},{\"@type\":\"ImageObject\",\"inLanguage\":\"fr-FR\",\"@id\":\"https:\/\/gap47.astrosurf.com\/index.php\/le-gap47\/locaux\/coupoles\/#primaryimage\",\"url\":\"http:\/\/gap47.astrosurf.com\/wp-content\/uploads\/2017\/03\/GAP47-coupoles2.jpg\",\"contentUrl\":\"http:\/\/gap47.astrosurf.com\/wp-content\/uploads\/2017\/03\/GAP47-coupoles2.jpg\"},{\"@type\":\"BreadcrumbList\",\"@id\":\"https:\/\/gap47.astrosurf.com\/index.php\/le-gap47\/locaux\/coupoles\/#breadcrumb\",\"itemListElement\":[{\"@type\":\"ListItem\",\"position\":1,\"name\":\"Accueil\",\"item\":\"https:\/\/gap47.astrosurf.com\/\"},{\"@type\":\"ListItem\",\"position\":2,\"name\":\"Le GAP47\",\"item\":\"https:\/\/gap47.astrosurf.com\/index.php\/le-gap47\/\"},{\"@type\":\"ListItem\",\"position\":3,\"name\":\"Nos locaux\",\"item\":\"https:\/\/gap47.astrosurf.com\/index.php\/le-gap47\/locaux\/\"},{\"@type\":\"ListItem\",\"position\":4,\"name\":\"Les coupoles\"}]},{\"@type\":\"WebSite\",\"@id\":\"https:\/\/gap47.astrosurf.com\/#website\",\"url\":\"https:\/\/gap47.astrosurf.com\/\",\"name\":\"De janvier \u00e0 fin juin 2024, le GAP47 sera ouvert aux visiteurs tous les vendredis \u00e0 21h sans r\u00e9servation, \u00e0 l'exception du vendredi 26 janvier o\u00f9 l'observatoire sera ferm\u00e9 au public.\",\"description\":\"Groupe d&#039;Astronomie Populaire du Lot-et-Garonne, \u00e0 Montayral\",\"potentialAction\":[{\"@type\":\"SearchAction\",\"target\":{\"@type\":\"EntryPoint\",\"urlTemplate\":\"https:\/\/gap47.astrosurf.com\/?s={search_term_string}\"},\"query-input\":{\"@type\":\"PropertyValueSpecification\",\"valueRequired\":true,\"valueName\":\"search_term_string\"}}],\"inLanguage\":\"fr-FR\"}]}<\/script>\n<!-- \/ Yoast SEO plugin. -->","yoast_head_json":{"title":"Les coupoles - L&#039;observatoire est ouvert aux visiteurs tous les vendredis soirs \u00e0 21 heures, jusqu&#039;au 3 juillet 2026 inclus, sans r\u00e9servation.","robots":{"index":"index","follow":"follow","max-snippet":"max-snippet:-1","max-image-preview":"max-image-preview:large","max-video-preview":"max-video-preview:-1"},"canonical":"https:\/\/gap47.astrosurf.com\/index.php\/le-gap47\/locaux\/coupoles\/","og_locale":"fr_FR","og_type":"article","og_title":"Les coupoles - L&#039;observatoire est ouvert aux visiteurs tous les vendredis soirs \u00e0 21 heures, jusqu&#039;au 3 juillet 2026 inclus, sans r\u00e9servation.","og_description":"Les deux coupoles abritent chacune un t\u00e9lescope de type \u201cNewton\u201d (un 300 mm et un 510 mm) avec montures \u00e9quatoriales motoris\u00e9es (suivi) et pilot\u00e9es par ordinateur (GoTo) via le logiciel \u00ab Prism \u00bb. Le 510 mm est en outre \u00e9quip\u00e9 d\u2019une collimation motoris\u00e9e. Ces deux t\u00e9lescopes ont \u00e9t\u00e9 enti\u00e8rement fabriqu\u00e9s par les membres du GAP &hellip; Continuer la lecture de &laquo;&nbsp;Les coupoles&nbsp;&raquo;","og_url":"https:\/\/gap47.astrosurf.com\/index.php\/le-gap47\/locaux\/coupoles\/","og_site_name":"L&#039;observatoire est ouvert aux visiteurs tous les vendredis soirs \u00e0 21 heures, jusqu&#039;au 3 juillet 2026 inclus, sans r\u00e9servation.","article_publisher":"https:\/\/www.facebook.com\/astrogap47\/","article_modified_time":"2024-10-18T15:36:54+00:00","og_image":[{"url":"http:\/\/gap47.astrosurf.com\/wp-content\/uploads\/2017\/03\/GAP47-coupoles2.jpg","type":"","width":"","height":""}],"twitter_card":"summary_large_image","twitter_misc":{"Dur\u00e9e de lecture estim\u00e9e":"1 minute"},"schema":{"@context":"https:\/\/schema.org","@graph":[{"@type":"WebPage","@id":"https:\/\/gap47.astrosurf.com\/index.php\/le-gap47\/locaux\/coupoles\/","url":"https:\/\/gap47.astrosurf.com\/index.php\/le-gap47\/locaux\/coupoles\/","name":"Les coupoles - L&#039;observatoire est ouvert aux visiteurs tous les vendredis soirs \u00e0 21 heures, jusqu&#039;au 3 juillet 2026 inclus, sans r\u00e9servation.","isPartOf":{"@id":"https:\/\/gap47.astrosurf.com\/#website"},"primaryImageOfPage":{"@id":"https:\/\/gap47.astrosurf.com\/index.php\/le-gap47\/locaux\/coupoles\/#primaryimage"},"image":{"@id":"https:\/\/gap47.astrosurf.com\/index.php\/le-gap47\/locaux\/coupoles\/#primaryimage"},"thumbnailUrl":"http:\/\/gap47.astrosurf.com\/wp-content\/uploads\/2017\/03\/GAP47-coupoles2.jpg","datePublished":"2017-03-31T21:08:40+00:00","dateModified":"2024-10-18T15:36:54+00:00","breadcrumb":{"@id":"https:\/\/gap47.astrosurf.com\/index.php\/le-gap47\/locaux\/coupoles\/#breadcrumb"},"inLanguage":"fr-FR","potentialAction":[{"@type":"ReadAction","target":["https:\/\/gap47.astrosurf.com\/index.php\/le-gap47\/locaux\/coupoles\/"]}]},{"@type":"ImageObject","inLanguage":"fr-FR","@id":"https:\/\/gap47.astrosurf.com\/index.php\/le-gap47\/locaux\/coupoles\/#primaryimage","url":"http:\/\/gap47.astrosurf.com\/wp-content\/uploads\/2017\/03\/GAP47-coupoles2.jpg","contentUrl":"http:\/\/gap47.astrosurf.com\/wp-content\/uploads\/2017\/03\/GAP47-coupoles2.jpg"},{"@type":"BreadcrumbList","@id":"https:\/\/gap47.astrosurf.com\/index.php\/le-gap47\/locaux\/coupoles\/#breadcrumb","itemListElement":[{"@type":"ListItem","position":1,"name":"Accueil","item":"https:\/\/gap47.astrosurf.com\/"},{"@type":"ListItem","position":2,"name":"Le GAP47","item":"https:\/\/gap47.astrosurf.com\/index.php\/le-gap47\/"},{"@type":"ListItem","position":3,"name":"Nos locaux","item":"https:\/\/gap47.astrosurf.com\/index.php\/le-gap47\/locaux\/"},{"@type":"ListItem","position":4,"name":"Les coupoles"}]},{"@type":"WebSite","@id":"https:\/\/gap47.astrosurf.com\/#website","url":"https:\/\/gap47.astrosurf.com\/","name":"De janvier \u00e0 fin juin 2024, le GAP47 sera ouvert aux visiteurs tous les vendredis \u00e0 21h sans r\u00e9servation, \u00e0 l'exception du vendredi 26 janvier o\u00f9 l'observatoire sera ferm\u00e9 au public.","description":"Groupe d&#039;Astronomie Populaire du Lot-et-Garonne, \u00e0 Montayral","potentialAction":[{"@type":"SearchAction","target":{"@type":"EntryPoint","urlTemplate":"https:\/\/gap47.astrosurf.com\/?s={search_term_string}"},"query-input":{"@type":"PropertyValueSpecification","valueRequired":true,"valueName":"search_term_string"}}],"inLanguage":"fr-FR"}]}},"_links":{"self":[{"href":"https:\/\/gap47.astrosurf.com\/index.php\/wp-json\/wp\/v2\/pages\/47","targetHints":{"allow":["GET"]}}],"collection":[{"href":"https:\/\/gap47.astrosurf.com\/index.php\/wp-json\/wp\/v2\/pages"}],"about":[{"href":"https:\/\/gap47.astrosurf.com\/index.php\/wp-json\/wp\/v2\/types\/page"}],"author":[{"embeddable":true,"href":"https:\/\/gap47.astrosurf.com\/index.php\/wp-json\/wp\/v2\/users\/5"}],"replies":[{"embeddable":true,"href":"https:\/\/gap47.astrosurf.com\/index.php\/wp-json\/wp\/v2\/comments?post=47"}],"version-history":[{"count":24,"href":"https:\/\/gap47.astrosurf.com\/index.php\/wp-json\/wp\/v2\/pages\/47\/revisions"}],"predecessor-version":[{"id":13034,"href":"https:\/\/gap47.astrosurf.com\/index.php\/wp-json\/wp\/v2\/pages\/47\/revisions\/13034"}],"up":[{"embeddable":true,"href":"https:\/\/gap47.astrosurf.com\/index.php\/wp-json\/wp\/v2\/pages\/45"}],"wp:attachment":[{"href":"https:\/\/gap47.astrosurf.com\/index.php\/wp-json\/wp\/v2\/media?parent=47"}],"curies":[{"name":"wp","href":"https:\/\/api.w.org\/{rel}","templated":true}]}}