 {"id":4547,"date":"2017-08-22T03:52:41","date_gmt":"2017-08-22T01:52:41","guid":{"rendered":"http:\/\/gap47.astrosurf.com\/?page_id=4547"},"modified":"2018-05-08T20:25:59","modified_gmt":"2018-05-08T18:25:59","slug":"avant-propos-400","status":"publish","type":"page","link":"https:\/\/gap47.astrosurf.com\/index.php\/technique\/optique-instruments\/construction-du-dobson-t-400\/avant-propos-400\/","title":{"rendered":"Avant-propos"},"content":{"rendered":"<p align=\"justify\"><span style=\"font-size: 20px;\"><strong><span style=\"font-family: arial,helvetica,sans-serif;\"><br \/>\n<\/span> <\/strong><\/span><\/p>\n<p align=\"justify\"><img loading=\"lazy\" decoding=\"async\" class=\"alignright wp-image-1900\" src=\"http:\/\/gap47.astrosurf.com\/wp-content\/uploads\/2017\/04\/T400_intro_01.jpg\" alt=\"\" width=\"250\" height=\"391\"><span style=\"font-family: times new roman,times,serif; font-size: 20px;\">R\u00e9aliser soi-m\u00eame un miroir de t\u00e9lescope constitue une aventure passionnante \u00e0 plusieurs \u00e9gards. En effet, un tel projet met en \u0153uvre une grande diversit\u00e9 d\u2019activit\u00e9s quelles soient th\u00e9oriques ou pratiques (optique, m\u00e9canique, bricolage, \u2026) toutes aussi enrichissantes les unes que les autres. A l\u2019heure de la mondialisation et des optiques asiatiques \u00e0 bon march\u00e9, l\u2019int\u00e9r\u00eat \u00e9conomique d\u2019une telle entreprise reste toutefois discutable. Malgr\u00e9 tout la qualit\u00e9 finale des optiques, si fondamentale pour la richesse des observations, reste un atout ind\u00e9niable \u00e0 mettre au cr\u00e9dit d\u2019une r\u00e9alisation personnelle pour peu que les conditions de la r\u00e9ussite soient r\u00e9unies.<\/span><\/p>\n<p align=\"justify\"><span style=\"font-family: times new roman,times,serif; font-size: 20px;\">Mais le v\u00e9ritable moteur d\u2019un tel projet est peut-\u00eatre \u00e0 chercher ailleurs&nbsp;: la part de l\u2019\u00e9motion et du r\u00eave. Celui qui a eu l\u2019occasion de mettre l\u2019\u0153il \u00e0 l\u2019oculaire d\u2019un instrument r\u00e9alis\u00e9 par ses propres soins apr\u00e8s des mois d\u2019efforts comprendra s\u00fbrement la port\u00e9e de ces propos. Au sein d\u2019un club, cet aspect prend encore une dimension suppl\u00e9mentaire. La mise en synergie des diff\u00e9rentes comp\u00e9tences et motivations des membres permet de venir \u00e0 bout de bien des d\u00e9fis difficilement relevables par l\u2019amateur solitaire et de souder une \u00e9quipe autour d\u2019un projet collectif.<\/span><\/p>\n<p align=\"justify\"><span style=\"font-family: times new roman,times,serif; font-size: 20px;\"><img loading=\"lazy\" decoding=\"async\" class=\"alignright wp-image-1902\" src=\"http:\/\/gap47.astrosurf.com\/wp-content\/uploads\/2017\/04\/T400_intro_02.jpg\" alt=\"\" width=\"250\" height=\"332\">Le GAP 47 a une longue tradition de fabrication d\u2019optiques&nbsp;astronomiques. Depuis sa cr\u00e9ation, il s\u2019est lanc\u00e9 dans la r\u00e9alisation de miroirs de 200 \u00e0 500 mm pour les besoins du club ou de ses membres. Ce nouveau projet s\u2019inscrivait donc dans la continuit\u00e9. Cependant, il a \u00e9t\u00e9 l\u2019occasion d\u2019investir des techniques innovantes jamais explor\u00e9es par les membres du GAP 47&nbsp;: outils segment\u00e9s, machine \u00e0 polir y compris pour la parabolisation et les retouches, m\u00e9thodes de contr\u00f4le plus compl\u00e8tes, \u2026<\/span><\/p>\n<p align=\"justify\"><span style=\"font-family: times new roman,times,serif; font-size: 20px;\">Au travers de cette nouvelle aventure, le GAP 47 a \u00e9galement l\u2019ambition de capitaliser le savoir acquis et de le faire largement partager \u00e0 la communaut\u00e9 des astronomes amateurs constructeurs d\u2019instruments en esp\u00e9rant susciter \u00e9changes et d\u00e9bats. Pour cela, quel meilleur outil qu\u2019Internet&nbsp;?<\/span><\/p>\n<p align=\"justify\"><span style=\"font-family: times new roman,times,serif; font-size: 20px;\">Voil\u00e0 l\u2019objectif bien concret assign\u00e9 \u00e0 ces quelques pages virtuelles.<\/span><\/p>\n<hr>\n<p align=\"justify\">&nbsp;<\/p>\n","protected":false},"excerpt":{"rendered":"<p>R\u00e9aliser soi-m\u00eame un miroir de t\u00e9lescope constitue une aventure passionnante \u00e0 plusieurs \u00e9gards. En effet, un tel projet met en \u0153uvre une grande diversit\u00e9 d\u2019activit\u00e9s quelles soient th\u00e9oriques ou pratiques (optique, m\u00e9canique, bricolage, \u2026) toutes aussi enrichissantes les unes que les autres. A l\u2019heure de la mondialisation et des optiques asiatiques \u00e0 bon march\u00e9, l\u2019int\u00e9r\u00eat &hellip; <\/p>\n<p class=\"link-more\"><a href=\"https:\/\/gap47.astrosurf.com\/index.php\/technique\/optique-instruments\/construction-du-dobson-t-400\/avant-propos-400\/\" class=\"more-link\">Continuer la lecture<span class=\"screen-reader-text\"> de &laquo;&nbsp;Avant-propos&nbsp;&raquo;<\/span><\/a><\/p>\n","protected":false},"author":5,"featured_media":0,"parent":198,"menu_order":0,"comment_status":"closed","ping_status":"closed","template":"","meta":{"_exactmetrics_skip_tracking":false,"_exactmetrics_sitenote_active":false,"_exactmetrics_sitenote_note":"","_exactmetrics_sitenote_category":0,"ngg_post_thumbnail":0,"footnotes":""},"class_list":["post-4547","page","type-page","status-publish","hentry"],"yoast_head":"<!-- This site is optimized with the Yoast SEO plugin v24.8.1 - https:\/\/yoast.com\/wordpress\/plugins\/seo\/ -->\n<title>Avant-propos - L&#039;observatoire est ouvert aux visiteurs tous les vendredis soirs \u00e0 21 heures, jusqu&#039;au 3 juillet 2026 inclus, sans r\u00e9servation.<\/title>\n<meta name=\"robots\" content=\"index, follow, max-snippet:-1, max-image-preview:large, max-video-preview:-1\" \/>\n<link rel=\"canonical\" href=\"https:\/\/gap47.astrosurf.com\/index.php\/technique\/optique-instruments\/construction-du-dobson-t-400\/avant-propos-400\/\" \/>\n<meta property=\"og:locale\" content=\"fr_FR\" \/>\n<meta property=\"og:type\" content=\"article\" \/>\n<meta property=\"og:title\" content=\"Avant-propos - L&#039;observatoire est ouvert aux visiteurs tous les vendredis soirs \u00e0 21 heures, jusqu&#039;au 3 juillet 2026 inclus, sans r\u00e9servation.\" \/>\n<meta property=\"og:description\" content=\"R\u00e9aliser soi-m\u00eame un miroir de t\u00e9lescope constitue une aventure passionnante \u00e0 plusieurs \u00e9gards. En effet, un tel projet met en \u0153uvre une grande diversit\u00e9 d\u2019activit\u00e9s quelles soient th\u00e9oriques ou pratiques (optique, m\u00e9canique, bricolage, \u2026) toutes aussi enrichissantes les unes que les autres. A l\u2019heure de la mondialisation et des optiques asiatiques \u00e0 bon march\u00e9, l\u2019int\u00e9r\u00eat &hellip; Continuer la lecture de &laquo;&nbsp;Avant-propos&nbsp;&raquo;\" \/>\n<meta property=\"og:url\" content=\"https:\/\/gap47.astrosurf.com\/index.php\/technique\/optique-instruments\/construction-du-dobson-t-400\/avant-propos-400\/\" \/>\n<meta property=\"og:site_name\" content=\"L&#039;observatoire est ouvert aux visiteurs tous les vendredis soirs \u00e0 21 heures, jusqu&#039;au 3 juillet 2026 inclus, sans r\u00e9servation.\" \/>\n<meta property=\"article:publisher\" content=\"https:\/\/www.facebook.com\/astrogap47\/\" \/>\n<meta property=\"article:modified_time\" content=\"2018-05-08T18:25:59+00:00\" \/>\n<meta property=\"og:image\" content=\"http:\/\/gap47.astrosurf.com\/wp-content\/uploads\/2017\/04\/T400_intro_01.jpg\" \/>\n<meta name=\"twitter:card\" content=\"summary_large_image\" \/>\n<meta name=\"twitter:label1\" content=\"Dur\u00e9e de lecture estim\u00e9e\" \/>\n\t<meta name=\"twitter:data1\" content=\"2 minutes\" \/>\n<script type=\"application\/ld+json\" class=\"yoast-schema-graph\">{\"@context\":\"https:\/\/schema.org\",\"@graph\":[{\"@type\":\"WebPage\",\"@id\":\"https:\/\/gap47.astrosurf.com\/index.php\/technique\/optique-instruments\/construction-du-dobson-t-400\/avant-propos-400\/\",\"url\":\"https:\/\/gap47.astrosurf.com\/index.php\/technique\/optique-instruments\/construction-du-dobson-t-400\/avant-propos-400\/\",\"name\":\"Avant-propos - L&#039;observatoire est ouvert aux visiteurs tous les vendredis soirs \u00e0 21 heures, jusqu&#039;au 3 juillet 2026 inclus, sans r\u00e9servation.\",\"isPartOf\":{\"@id\":\"https:\/\/gap47.astrosurf.com\/#website\"},\"primaryImageOfPage\":{\"@id\":\"https:\/\/gap47.astrosurf.com\/index.php\/technique\/optique-instruments\/construction-du-dobson-t-400\/avant-propos-400\/#primaryimage\"},\"image\":{\"@id\":\"https:\/\/gap47.astrosurf.com\/index.php\/technique\/optique-instruments\/construction-du-dobson-t-400\/avant-propos-400\/#primaryimage\"},\"thumbnailUrl\":\"http:\/\/gap47.astrosurf.com\/wp-content\/uploads\/2017\/04\/T400_intro_01.jpg\",\"datePublished\":\"2017-08-22T01:52:41+00:00\",\"dateModified\":\"2018-05-08T18:25:59+00:00\",\"breadcrumb\":{\"@id\":\"https:\/\/gap47.astrosurf.com\/index.php\/technique\/optique-instruments\/construction-du-dobson-t-400\/avant-propos-400\/#breadcrumb\"},\"inLanguage\":\"fr-FR\",\"potentialAction\":[{\"@type\":\"ReadAction\",\"target\":[\"https:\/\/gap47.astrosurf.com\/index.php\/technique\/optique-instruments\/construction-du-dobson-t-400\/avant-propos-400\/\"]}]},{\"@type\":\"ImageObject\",\"inLanguage\":\"fr-FR\",\"@id\":\"https:\/\/gap47.astrosurf.com\/index.php\/technique\/optique-instruments\/construction-du-dobson-t-400\/avant-propos-400\/#primaryimage\",\"url\":\"https:\/\/gap47.astrosurf.com\/wp-content\/uploads\/2017\/04\/T400_intro_01.jpg\",\"contentUrl\":\"https:\/\/gap47.astrosurf.com\/wp-content\/uploads\/2017\/04\/T400_intro_01.jpg\",\"width\":175,\"height\":274},{\"@type\":\"BreadcrumbList\",\"@id\":\"https:\/\/gap47.astrosurf.com\/index.php\/technique\/optique-instruments\/construction-du-dobson-t-400\/avant-propos-400\/#breadcrumb\",\"itemListElement\":[{\"@type\":\"ListItem\",\"position\":1,\"name\":\"Accueil\",\"item\":\"https:\/\/gap47.astrosurf.com\/\"},{\"@type\":\"ListItem\",\"position\":2,\"name\":\"Technique\",\"item\":\"https:\/\/gap47.astrosurf.com\/index.php\/technique\/\"},{\"@type\":\"ListItem\",\"position\":3,\"name\":\"Optique \u2014 Instruments\",\"item\":\"https:\/\/gap47.astrosurf.com\/index.php\/technique\/optique-instruments\/\"},{\"@type\":\"ListItem\",\"position\":4,\"name\":\"Construction du Dobson T400\",\"item\":\"https:\/\/gap47.astrosurf.com\/index.php\/technique\/optique-instruments\/construction-du-dobson-t-400\/\"},{\"@type\":\"ListItem\",\"position\":5,\"name\":\"Avant-propos\"}]},{\"@type\":\"WebSite\",\"@id\":\"https:\/\/gap47.astrosurf.com\/#website\",\"url\":\"https:\/\/gap47.astrosurf.com\/\",\"name\":\"De janvier \u00e0 fin juin 2024, le GAP47 sera ouvert aux visiteurs tous les vendredis \u00e0 21h sans r\u00e9servation, \u00e0 l'exception du vendredi 26 janvier o\u00f9 l'observatoire sera ferm\u00e9 au public.\",\"description\":\"Groupe d&#039;Astronomie Populaire du Lot-et-Garonne, \u00e0 Montayral\",\"potentialAction\":[{\"@type\":\"SearchAction\",\"target\":{\"@type\":\"EntryPoint\",\"urlTemplate\":\"https:\/\/gap47.astrosurf.com\/?s={search_term_string}\"},\"query-input\":{\"@type\":\"PropertyValueSpecification\",\"valueRequired\":true,\"valueName\":\"search_term_string\"}}],\"inLanguage\":\"fr-FR\"}]}<\/script>\n<!-- \/ Yoast SEO plugin. -->","yoast_head_json":{"title":"Avant-propos - L&#039;observatoire est ouvert aux visiteurs tous les vendredis soirs \u00e0 21 heures, jusqu&#039;au 3 juillet 2026 inclus, sans r\u00e9servation.","robots":{"index":"index","follow":"follow","max-snippet":"max-snippet:-1","max-image-preview":"max-image-preview:large","max-video-preview":"max-video-preview:-1"},"canonical":"https:\/\/gap47.astrosurf.com\/index.php\/technique\/optique-instruments\/construction-du-dobson-t-400\/avant-propos-400\/","og_locale":"fr_FR","og_type":"article","og_title":"Avant-propos - L&#039;observatoire est ouvert aux visiteurs tous les vendredis soirs \u00e0 21 heures, jusqu&#039;au 3 juillet 2026 inclus, sans r\u00e9servation.","og_description":"R\u00e9aliser soi-m\u00eame un miroir de t\u00e9lescope constitue une aventure passionnante \u00e0 plusieurs \u00e9gards. En effet, un tel projet met en \u0153uvre une grande diversit\u00e9 d\u2019activit\u00e9s quelles soient th\u00e9oriques ou pratiques (optique, m\u00e9canique, bricolage, \u2026) toutes aussi enrichissantes les unes que les autres. A l\u2019heure de la mondialisation et des optiques asiatiques \u00e0 bon march\u00e9, l\u2019int\u00e9r\u00eat &hellip; Continuer la lecture de &laquo;&nbsp;Avant-propos&nbsp;&raquo;","og_url":"https:\/\/gap47.astrosurf.com\/index.php\/technique\/optique-instruments\/construction-du-dobson-t-400\/avant-propos-400\/","og_site_name":"L&#039;observatoire est ouvert aux visiteurs tous les vendredis soirs \u00e0 21 heures, jusqu&#039;au 3 juillet 2026 inclus, sans r\u00e9servation.","article_publisher":"https:\/\/www.facebook.com\/astrogap47\/","article_modified_time":"2018-05-08T18:25:59+00:00","og_image":[{"url":"http:\/\/gap47.astrosurf.com\/wp-content\/uploads\/2017\/04\/T400_intro_01.jpg","type":"","width":"","height":""}],"twitter_card":"summary_large_image","twitter_misc":{"Dur\u00e9e de lecture estim\u00e9e":"2 minutes"},"schema":{"@context":"https:\/\/schema.org","@graph":[{"@type":"WebPage","@id":"https:\/\/gap47.astrosurf.com\/index.php\/technique\/optique-instruments\/construction-du-dobson-t-400\/avant-propos-400\/","url":"https:\/\/gap47.astrosurf.com\/index.php\/technique\/optique-instruments\/construction-du-dobson-t-400\/avant-propos-400\/","name":"Avant-propos - L&#039;observatoire est ouvert aux visiteurs tous les vendredis soirs \u00e0 21 heures, jusqu&#039;au 3 juillet 2026 inclus, sans r\u00e9servation.","isPartOf":{"@id":"https:\/\/gap47.astrosurf.com\/#website"},"primaryImageOfPage":{"@id":"https:\/\/gap47.astrosurf.com\/index.php\/technique\/optique-instruments\/construction-du-dobson-t-400\/avant-propos-400\/#primaryimage"},"image":{"@id":"https:\/\/gap47.astrosurf.com\/index.php\/technique\/optique-instruments\/construction-du-dobson-t-400\/avant-propos-400\/#primaryimage"},"thumbnailUrl":"http:\/\/gap47.astrosurf.com\/wp-content\/uploads\/2017\/04\/T400_intro_01.jpg","datePublished":"2017-08-22T01:52:41+00:00","dateModified":"2018-05-08T18:25:59+00:00","breadcrumb":{"@id":"https:\/\/gap47.astrosurf.com\/index.php\/technique\/optique-instruments\/construction-du-dobson-t-400\/avant-propos-400\/#breadcrumb"},"inLanguage":"fr-FR","potentialAction":[{"@type":"ReadAction","target":["https:\/\/gap47.astrosurf.com\/index.php\/technique\/optique-instruments\/construction-du-dobson-t-400\/avant-propos-400\/"]}]},{"@type":"ImageObject","inLanguage":"fr-FR","@id":"https:\/\/gap47.astrosurf.com\/index.php\/technique\/optique-instruments\/construction-du-dobson-t-400\/avant-propos-400\/#primaryimage","url":"https:\/\/gap47.astrosurf.com\/wp-content\/uploads\/2017\/04\/T400_intro_01.jpg","contentUrl":"https:\/\/gap47.astrosurf.com\/wp-content\/uploads\/2017\/04\/T400_intro_01.jpg","width":175,"height":274},{"@type":"BreadcrumbList","@id":"https:\/\/gap47.astrosurf.com\/index.php\/technique\/optique-instruments\/construction-du-dobson-t-400\/avant-propos-400\/#breadcrumb","itemListElement":[{"@type":"ListItem","position":1,"name":"Accueil","item":"https:\/\/gap47.astrosurf.com\/"},{"@type":"ListItem","position":2,"name":"Technique","item":"https:\/\/gap47.astrosurf.com\/index.php\/technique\/"},{"@type":"ListItem","position":3,"name":"Optique \u2014 Instruments","item":"https:\/\/gap47.astrosurf.com\/index.php\/technique\/optique-instruments\/"},{"@type":"ListItem","position":4,"name":"Construction du Dobson T400","item":"https:\/\/gap47.astrosurf.com\/index.php\/technique\/optique-instruments\/construction-du-dobson-t-400\/"},{"@type":"ListItem","position":5,"name":"Avant-propos"}]},{"@type":"WebSite","@id":"https:\/\/gap47.astrosurf.com\/#website","url":"https:\/\/gap47.astrosurf.com\/","name":"De janvier \u00e0 fin juin 2024, le GAP47 sera ouvert aux visiteurs tous les vendredis \u00e0 21h sans r\u00e9servation, \u00e0 l'exception du vendredi 26 janvier o\u00f9 l'observatoire sera ferm\u00e9 au public.","description":"Groupe d&#039;Astronomie Populaire du Lot-et-Garonne, \u00e0 Montayral","potentialAction":[{"@type":"SearchAction","target":{"@type":"EntryPoint","urlTemplate":"https:\/\/gap47.astrosurf.com\/?s={search_term_string}"},"query-input":{"@type":"PropertyValueSpecification","valueRequired":true,"valueName":"search_term_string"}}],"inLanguage":"fr-FR"}]}},"_links":{"self":[{"href":"https:\/\/gap47.astrosurf.com\/index.php\/wp-json\/wp\/v2\/pages\/4547","targetHints":{"allow":["GET"]}}],"collection":[{"href":"https:\/\/gap47.astrosurf.com\/index.php\/wp-json\/wp\/v2\/pages"}],"about":[{"href":"https:\/\/gap47.astrosurf.com\/index.php\/wp-json\/wp\/v2\/types\/page"}],"author":[{"embeddable":true,"href":"https:\/\/gap47.astrosurf.com\/index.php\/wp-json\/wp\/v2\/users\/5"}],"replies":[{"embeddable":true,"href":"https:\/\/gap47.astrosurf.com\/index.php\/wp-json\/wp\/v2\/comments?post=4547"}],"version-history":[{"count":7,"href":"https:\/\/gap47.astrosurf.com\/index.php\/wp-json\/wp\/v2\/pages\/4547\/revisions"}],"predecessor-version":[{"id":7185,"href":"https:\/\/gap47.astrosurf.com\/index.php\/wp-json\/wp\/v2\/pages\/4547\/revisions\/7185"}],"up":[{"embeddable":true,"href":"https:\/\/gap47.astrosurf.com\/index.php\/wp-json\/wp\/v2\/pages\/198"}],"wp:attachment":[{"href":"https:\/\/gap47.astrosurf.com\/index.php\/wp-json\/wp\/v2\/media?parent=4547"}],"curies":[{"name":"wp","href":"https:\/\/api.w.org\/{rel}","templated":true}]}}