 {"id":33,"date":"2017-03-31T20:58:57","date_gmt":"2017-03-31T20:58:57","guid":{"rendered":"http:\/\/gap47.astrosurf.com\/?page_id=33"},"modified":"2026-01-08T19:08:42","modified_gmt":"2026-01-08T17:08:42","slug":"autres-groupes","status":"publish","type":"page","link":"https:\/\/gap47.astrosurf.com\/index.php\/accueil-visiteurs\/autres-groupes\/","title":{"rendered":"Autres groupes"},"content":{"rendered":"<p><span style=\"font-family: arial, helvetica, sans-serif; font-size: 24px;\"><strong>1) Les centres de loisirs ou a\u00e9r\u00e9s, les colonies de vacances, les ALSH et autres associations g\u00e9rant des groupes d&rsquo;enfants<\/strong><\/span><\/p>\n<p><span style=\"font-family: times new roman,times,serif; font-size: 20px;\">Pendant les p\u00e9riodes des cong\u00e9s scolaires, le GAP47 peut accueillir \u00e0 l&rsquo;observatoire des groupes d&rsquo;enfants.<\/span><\/p>\n<p><span style=\"font-family: times new roman,times,serif; font-size: 20px;\">Ces accueils peuvent \u00eatre organis\u00e9s en journ\u00e9e et\/ou pour des veill\u00e9es en soir\u00e9e.<\/span><\/p>\n<p><span style=\"font-family: arial, helvetica, sans-serif; font-size: 20px; color: #ff0000;\"><em><strong>Pour des raisons de logistique, nous ne pouvons pas accueillir, en soir\u00e9e, des groupes de plus de 30 personnes.<\/strong><\/em><\/span><\/p>\n<p><span style=\"font-family: times new roman,times,serif; font-size: 20px;\">Nous proposons des programmes d&rsquo;initiation \u00e0 l&rsquo;astronomie (randonn\u00e9e syst\u00e8me solaire, plan\u00e9tarium, observation du Soleil, observation du ciel nocturne aux instruments ou \u00e0 l&rsquo;\u0153il nu&#8230;).<\/span><\/p>\n<p><span style=\"font-family: times new roman,times,serif; font-size: 20px;\"><strong>Tarif GAP47<\/strong> <strong>:<\/strong> Forfait journalier d&rsquo;ouverture de l&rsquo;observatoire 55 \u20ac (ce qui comprend un forfait de 10 enfants) + 3 \u20ac par enfant au-del\u00e0 du dixi\u00e8me et par plage horaire (matin\/apr\u00e8s-midi\/soir) gratuit\u00e9 pour les accompagnants. <strong>Voir conditions ci-dessous 1.<\/strong><\/span><\/p>\n<p><em><span style=\"font-family: 'times new roman', times, serif; font-size: 20px;\">Le GAP47 n&rsquo;assure pas d&rsquo;h\u00e9bergement, mais la mairie de Fumel propose les services de son <strong><a href=\"https:\/\/www.tourisme-lotetgaronne.com\/hebergements-collectifs\/centre-d-accueil-municipal-de-moncany\/\" target=\"_blank\" rel=\"noopener\">centre d&rsquo;accueil de Moncany<\/a><\/strong>, situ\u00e9 en ville, \u00e0 environ 5 km de l&rsquo;observatoire.<\/span><\/em><\/p>\n<p><span style=\"font-family: times new roman,times,serif; font-size: 20px;\">Avant de r\u00e9server, v\u00e9rifiez sur notre <a href=\"https:\/\/calendar.google.com\/calendar\/embed?src=gap47@aliceadsl.fr&amp;ctz=Europe\/Paris\" target=\"_blank\" rel=\"noopener noreferrer\"><span style=\"color: #0000ff;\">calendrier<\/span><\/a> que vos dates pr\u00e9f\u00e9r\u00e9es sont bien disponibles. Si vous r\u00e9servez par courriel, nous vous demandons de t\u00e9l\u00e9charger les deux documents au format pdf ci-dessous : le premier contient nos conditions g\u00e9n\u00e9rales et le second est un document de r\u00e9servation. C&rsquo;est un pdf \u00ab\u00a0\u00e9ditable\u00a0\u00bb, qu&rsquo;on peut remplir directement via le clavier. Il faut le t\u00e9l\u00e9charger sur votre ordinateur, le sauvegarder, le remplir ensuite et le sauvegarder \u00e0 nouveau (de pr\u00e9f\u00e9rence sous un autre nom) sur votre ordinateur,&nbsp; puis<\/span><span style=\"font-family: times new roman,times,serif; font-size: 20px;\"> nous retourner ce dernier par mail \u00e0 : <strong>gap47@laposte.net<\/strong>. Vous pouvez aussi le t\u00e9l\u00e9charger, l&rsquo;imprimer, le remplir \u00e0 la main, scanner le formulaire ainsi rempli, puis nous envoyer ce fichier \u00e0 la m\u00eame adresse mail.<\/span><\/p>\n<p><span style=\"font-family: arial, helvetica, sans-serif; font-size: 20px; color: #0000ff;\"><strong><em>1 &#8211; <a style=\"color: #0000ff;\" href=\"http:\/\/gap47.astrosurf.com\/wp-content\/uploads\/2026\/01\/Conditions-de-re\u0301servations-groupes-denfants.pdf\">Conditions de re\u0301servations groupes d&rsquo;enfants<\/a><\/em><\/strong><\/span><br \/>\n<span style=\"font-family: arial, helvetica, sans-serif; font-size: 20px; color: #0000ff;\"><em><strong>2 &#8211; <a href=\"http:\/\/gap47.astrosurf.com\/wp-content\/uploads\/2026\/01\/Formulaire-de-re\u0301servation-groupes-denfants.pdf\"><span style=\"color: #0000ff;\">F<\/span><span style=\"color: #0000ff;\">ormulaire de r\u00e9servation<\/span><\/a><\/strong><\/em><\/span><\/p>\n<p><span style=\"font-family: times new roman, times, serif; font-size: 20px;\">Dans tous les cas, nous vous contacterons par mail \u00e0 la r\u00e9ception de votre formulaire pour vous confirmer votre r\u00e9servation.<\/span><\/p>\n<p>&nbsp;<\/p>\n<p><span style=\"font-family: arial, helvetica, sans-serif; font-size: 24px;\"><strong>2) S\u00e9jours \u00e0 th\u00e8mes multiples<\/strong><\/span><\/p>\n<p><span style=\"font-size: 20px;\"><span style=\"font-family: times new roman,times,serif;\">Les possibilit\u00e9s \u00e9ducatives offertes par la r\u00e9gion fum\u00e9loise sont multiples. Des s\u00e9jours de plusieurs jours, avec nuit\u00e9es en centre d\u2019accueil sont donc possibles. <\/span><span style=\"font-family: times new roman,times,serif;\">Outre l\u2019astronomie, les th\u00e8mes les plus notables sont la pr\u00e9histoire (Mus\u00e9e de Sauveterre-la-L\u00e9mance), le Moyen-\u00e2ge (ch\u00e2teau de Bonaguil), l\u2019industrie (machine de Watt)\u2026<\/span><\/span><br \/>\n<span style=\"font-family: times new roman,times,serif; font-size: 20px;\"> Le site <a href=\"https:\/\/www.facebook.com\/terredexploration\/\" target=\"_blank\" rel=\"noopener\"><strong>Terre d\u2019Exploration<\/strong><\/a>, d\u00e9pendant du p\u00f4le culturel de Fumel-Communaut\u00e9 peut vous aider \u00e0 mettre votre projet en forme et \u00e0 faire vos r\u00e9servations.<\/span><\/p>\n<p>&nbsp;<\/p>\n<p><span style=\"font-family: arial, helvetica, sans-serif; font-size: 24px;\"><strong>3) Groupes adultes-enfants<\/strong><\/span><\/p>\n<p><span style=\"font-family: times new roman,times,serif; font-size: 20px;\">Le GAP47 peut accueillir le soir ou en journ\u00e9e des groupes priv\u00e9s (associations autres, groupes familiaux&#8230;) : voir le sous-menu \u00ab\u00a0Visiteurs libres\u00a0\u00bb, paragraphe B : Groupes priv\u00e9s.<\/span><\/p>\n<hr>\n<p>&nbsp;<\/p>\n","protected":false},"excerpt":{"rendered":"<p>1) Les centres de loisirs ou a\u00e9r\u00e9s, les colonies de vacances, les ALSH et autres associations g\u00e9rant des groupes d&rsquo;enfants Pendant les p\u00e9riodes des cong\u00e9s scolaires, le GAP47 peut accueillir \u00e0 l&rsquo;observatoire des groupes d&rsquo;enfants. Ces accueils peuvent \u00eatre organis\u00e9s en journ\u00e9e et\/ou pour des veill\u00e9es en soir\u00e9e. Pour des raisons de logistique, nous ne &hellip; <\/p>\n<p class=\"link-more\"><a href=\"https:\/\/gap47.astrosurf.com\/index.php\/accueil-visiteurs\/autres-groupes\/\" class=\"more-link\">Continuer la lecture<span class=\"screen-reader-text\"> de &laquo;&nbsp;Autres groupes&nbsp;&raquo;<\/span><\/a><\/p>\n","protected":false},"author":5,"featured_media":0,"parent":29,"menu_order":2,"comment_status":"closed","ping_status":"closed","template":"","meta":{"_exactmetrics_skip_tracking":false,"_exactmetrics_sitenote_active":false,"_exactmetrics_sitenote_note":"","_exactmetrics_sitenote_category":0,"ngg_post_thumbnail":0,"footnotes":""},"class_list":["post-33","page","type-page","status-publish","hentry"],"yoast_head":"<!-- This site is optimized with the Yoast SEO plugin v24.8.1 - https:\/\/yoast.com\/wordpress\/plugins\/seo\/ -->\n<title>Autres groupes - L&#039;observatoire est ouvert aux visiteurs tous les vendredis soirs \u00e0 21 heures, jusqu&#039;au 3 juillet 2026 inclus, sans r\u00e9servation.<\/title>\n<meta name=\"robots\" content=\"index, follow, max-snippet:-1, max-image-preview:large, max-video-preview:-1\" \/>\n<link rel=\"canonical\" href=\"https:\/\/gap47.astrosurf.com\/index.php\/accueil-visiteurs\/autres-groupes\/\" \/>\n<meta property=\"og:locale\" content=\"fr_FR\" \/>\n<meta property=\"og:type\" content=\"article\" \/>\n<meta property=\"og:title\" content=\"Autres groupes - L&#039;observatoire est ouvert aux visiteurs tous les vendredis soirs \u00e0 21 heures, jusqu&#039;au 3 juillet 2026 inclus, sans r\u00e9servation.\" \/>\n<meta property=\"og:description\" content=\"1) Les centres de loisirs ou a\u00e9r\u00e9s, les colonies de vacances, les ALSH et autres associations g\u00e9rant des groupes d&rsquo;enfants Pendant les p\u00e9riodes des cong\u00e9s scolaires, le GAP47 peut accueillir \u00e0 l&rsquo;observatoire des groupes d&rsquo;enfants. Ces accueils peuvent \u00eatre organis\u00e9s en journ\u00e9e et\/ou pour des veill\u00e9es en soir\u00e9e. Pour des raisons de logistique, nous ne &hellip; Continuer la lecture de &laquo;&nbsp;Autres groupes&nbsp;&raquo;\" \/>\n<meta property=\"og:url\" content=\"https:\/\/gap47.astrosurf.com\/index.php\/accueil-visiteurs\/autres-groupes\/\" \/>\n<meta property=\"og:site_name\" content=\"L&#039;observatoire est ouvert aux visiteurs tous les vendredis soirs \u00e0 21 heures, jusqu&#039;au 3 juillet 2026 inclus, sans r\u00e9servation.\" \/>\n<meta property=\"article:publisher\" content=\"https:\/\/www.facebook.com\/astrogap47\/\" \/>\n<meta property=\"article:modified_time\" content=\"2026-01-08T17:08:42+00:00\" \/>\n<meta name=\"twitter:card\" content=\"summary_large_image\" \/>\n<meta name=\"twitter:label1\" content=\"Dur\u00e9e de lecture estim\u00e9e\" \/>\n\t<meta name=\"twitter:data1\" content=\"3 minutes\" \/>\n<script type=\"application\/ld+json\" class=\"yoast-schema-graph\">{\"@context\":\"https:\/\/schema.org\",\"@graph\":[{\"@type\":\"WebPage\",\"@id\":\"https:\/\/gap47.astrosurf.com\/index.php\/accueil-visiteurs\/autres-groupes\/\",\"url\":\"https:\/\/gap47.astrosurf.com\/index.php\/accueil-visiteurs\/autres-groupes\/\",\"name\":\"Autres groupes - L&#039;observatoire est ouvert aux visiteurs tous les vendredis soirs \u00e0 21 heures, jusqu&#039;au 3 juillet 2026 inclus, sans r\u00e9servation.\",\"isPartOf\":{\"@id\":\"https:\/\/gap47.astrosurf.com\/#website\"},\"datePublished\":\"2017-03-31T20:58:57+00:00\",\"dateModified\":\"2026-01-08T17:08:42+00:00\",\"breadcrumb\":{\"@id\":\"https:\/\/gap47.astrosurf.com\/index.php\/accueil-visiteurs\/autres-groupes\/#breadcrumb\"},\"inLanguage\":\"fr-FR\",\"potentialAction\":[{\"@type\":\"ReadAction\",\"target\":[\"https:\/\/gap47.astrosurf.com\/index.php\/accueil-visiteurs\/autres-groupes\/\"]}]},{\"@type\":\"BreadcrumbList\",\"@id\":\"https:\/\/gap47.astrosurf.com\/index.php\/accueil-visiteurs\/autres-groupes\/#breadcrumb\",\"itemListElement\":[{\"@type\":\"ListItem\",\"position\":1,\"name\":\"Accueil\",\"item\":\"https:\/\/gap47.astrosurf.com\/\"},{\"@type\":\"ListItem\",\"position\":2,\"name\":\"Accueil visiteurs\",\"item\":\"https:\/\/gap47.astrosurf.com\/index.php\/accueil-visiteurs\/\"},{\"@type\":\"ListItem\",\"position\":3,\"name\":\"Autres groupes\"}]},{\"@type\":\"WebSite\",\"@id\":\"https:\/\/gap47.astrosurf.com\/#website\",\"url\":\"https:\/\/gap47.astrosurf.com\/\",\"name\":\"De janvier \u00e0 fin juin 2024, le GAP47 sera ouvert aux visiteurs tous les vendredis \u00e0 21h sans r\u00e9servation, \u00e0 l'exception du vendredi 26 janvier o\u00f9 l'observatoire sera ferm\u00e9 au public.\",\"description\":\"Groupe d&#039;Astronomie Populaire du Lot-et-Garonne, \u00e0 Montayral\",\"potentialAction\":[{\"@type\":\"SearchAction\",\"target\":{\"@type\":\"EntryPoint\",\"urlTemplate\":\"https:\/\/gap47.astrosurf.com\/?s={search_term_string}\"},\"query-input\":{\"@type\":\"PropertyValueSpecification\",\"valueRequired\":true,\"valueName\":\"search_term_string\"}}],\"inLanguage\":\"fr-FR\"}]}<\/script>\n<!-- \/ Yoast SEO plugin. -->","yoast_head_json":{"title":"Autres groupes - L&#039;observatoire est ouvert aux visiteurs tous les vendredis soirs \u00e0 21 heures, jusqu&#039;au 3 juillet 2026 inclus, sans r\u00e9servation.","robots":{"index":"index","follow":"follow","max-snippet":"max-snippet:-1","max-image-preview":"max-image-preview:large","max-video-preview":"max-video-preview:-1"},"canonical":"https:\/\/gap47.astrosurf.com\/index.php\/accueil-visiteurs\/autres-groupes\/","og_locale":"fr_FR","og_type":"article","og_title":"Autres groupes - L&#039;observatoire est ouvert aux visiteurs tous les vendredis soirs \u00e0 21 heures, jusqu&#039;au 3 juillet 2026 inclus, sans r\u00e9servation.","og_description":"1) Les centres de loisirs ou a\u00e9r\u00e9s, les colonies de vacances, les ALSH et autres associations g\u00e9rant des groupes d&rsquo;enfants Pendant les p\u00e9riodes des cong\u00e9s scolaires, le GAP47 peut accueillir \u00e0 l&rsquo;observatoire des groupes d&rsquo;enfants. Ces accueils peuvent \u00eatre organis\u00e9s en journ\u00e9e et\/ou pour des veill\u00e9es en soir\u00e9e. Pour des raisons de logistique, nous ne &hellip; Continuer la lecture de &laquo;&nbsp;Autres groupes&nbsp;&raquo;","og_url":"https:\/\/gap47.astrosurf.com\/index.php\/accueil-visiteurs\/autres-groupes\/","og_site_name":"L&#039;observatoire est ouvert aux visiteurs tous les vendredis soirs \u00e0 21 heures, jusqu&#039;au 3 juillet 2026 inclus, sans r\u00e9servation.","article_publisher":"https:\/\/www.facebook.com\/astrogap47\/","article_modified_time":"2026-01-08T17:08:42+00:00","twitter_card":"summary_large_image","twitter_misc":{"Dur\u00e9e de lecture estim\u00e9e":"3 minutes"},"schema":{"@context":"https:\/\/schema.org","@graph":[{"@type":"WebPage","@id":"https:\/\/gap47.astrosurf.com\/index.php\/accueil-visiteurs\/autres-groupes\/","url":"https:\/\/gap47.astrosurf.com\/index.php\/accueil-visiteurs\/autres-groupes\/","name":"Autres groupes - L&#039;observatoire est ouvert aux visiteurs tous les vendredis soirs \u00e0 21 heures, jusqu&#039;au 3 juillet 2026 inclus, sans r\u00e9servation.","isPartOf":{"@id":"https:\/\/gap47.astrosurf.com\/#website"},"datePublished":"2017-03-31T20:58:57+00:00","dateModified":"2026-01-08T17:08:42+00:00","breadcrumb":{"@id":"https:\/\/gap47.astrosurf.com\/index.php\/accueil-visiteurs\/autres-groupes\/#breadcrumb"},"inLanguage":"fr-FR","potentialAction":[{"@type":"ReadAction","target":["https:\/\/gap47.astrosurf.com\/index.php\/accueil-visiteurs\/autres-groupes\/"]}]},{"@type":"BreadcrumbList","@id":"https:\/\/gap47.astrosurf.com\/index.php\/accueil-visiteurs\/autres-groupes\/#breadcrumb","itemListElement":[{"@type":"ListItem","position":1,"name":"Accueil","item":"https:\/\/gap47.astrosurf.com\/"},{"@type":"ListItem","position":2,"name":"Accueil visiteurs","item":"https:\/\/gap47.astrosurf.com\/index.php\/accueil-visiteurs\/"},{"@type":"ListItem","position":3,"name":"Autres groupes"}]},{"@type":"WebSite","@id":"https:\/\/gap47.astrosurf.com\/#website","url":"https:\/\/gap47.astrosurf.com\/","name":"De janvier \u00e0 fin juin 2024, le GAP47 sera ouvert aux visiteurs tous les vendredis \u00e0 21h sans r\u00e9servation, \u00e0 l'exception du vendredi 26 janvier o\u00f9 l'observatoire sera ferm\u00e9 au public.","description":"Groupe d&#039;Astronomie Populaire du Lot-et-Garonne, \u00e0 Montayral","potentialAction":[{"@type":"SearchAction","target":{"@type":"EntryPoint","urlTemplate":"https:\/\/gap47.astrosurf.com\/?s={search_term_string}"},"query-input":{"@type":"PropertyValueSpecification","valueRequired":true,"valueName":"search_term_string"}}],"inLanguage":"fr-FR"}]}},"_links":{"self":[{"href":"https:\/\/gap47.astrosurf.com\/index.php\/wp-json\/wp\/v2\/pages\/33","targetHints":{"allow":["GET"]}}],"collection":[{"href":"https:\/\/gap47.astrosurf.com\/index.php\/wp-json\/wp\/v2\/pages"}],"about":[{"href":"https:\/\/gap47.astrosurf.com\/index.php\/wp-json\/wp\/v2\/types\/page"}],"author":[{"embeddable":true,"href":"https:\/\/gap47.astrosurf.com\/index.php\/wp-json\/wp\/v2\/users\/5"}],"replies":[{"embeddable":true,"href":"https:\/\/gap47.astrosurf.com\/index.php\/wp-json\/wp\/v2\/comments?post=33"}],"version-history":[{"count":89,"href":"https:\/\/gap47.astrosurf.com\/index.php\/wp-json\/wp\/v2\/pages\/33\/revisions"}],"predecessor-version":[{"id":13803,"href":"https:\/\/gap47.astrosurf.com\/index.php\/wp-json\/wp\/v2\/pages\/33\/revisions\/13803"}],"up":[{"embeddable":true,"href":"https:\/\/gap47.astrosurf.com\/index.php\/wp-json\/wp\/v2\/pages\/29"}],"wp:attachment":[{"href":"https:\/\/gap47.astrosurf.com\/index.php\/wp-json\/wp\/v2\/media?parent=33"}],"curies":[{"name":"wp","href":"https:\/\/api.w.org\/{rel}","templated":true}]}}