 {"id":31,"date":"2017-03-31T20:58:07","date_gmt":"2017-03-31T20:58:07","guid":{"rendered":"http:\/\/gap47.astrosurf.com\/?page_id=31"},"modified":"2026-01-12T22:49:34","modified_gmt":"2026-01-12T20:49:34","slug":"groupes-scolaires","status":"publish","type":"page","link":"https:\/\/gap47.astrosurf.com\/index.php\/accueil-visiteurs\/groupes-scolaires\/","title":{"rendered":"Groupes scolaires"},"content":{"rendered":"<p><span style=\"font-family: arial,helvetica,sans-serif; font-size: 24px;\"><strong>R\u00e9ception des groupes scolaires et assimil\u00e9s<\/strong><\/span><\/p>\n<p style=\"text-align: center;\"><a href=\"http:\/\/gap47.astrosurf.com\/wp-content\/uploads\/2017\/03\/AccueilClasse.jpg\"><img loading=\"lazy\" decoding=\"async\" class=\"alignnone wp-image-994 size-full\" src=\"http:\/\/gap47.astrosurf.com\/wp-content\/uploads\/2017\/03\/AccueilClasse.jpg\" alt=\"\" width=\"1500\" height=\"1060\" srcset=\"https:\/\/gap47.astrosurf.com\/wp-content\/uploads\/2017\/03\/AccueilClasse.jpg 1500w, https:\/\/gap47.astrosurf.com\/wp-content\/uploads\/2017\/03\/AccueilClasse-300x212.jpg 300w, https:\/\/gap47.astrosurf.com\/wp-content\/uploads\/2017\/03\/AccueilClasse-768x543.jpg 768w\" sizes=\"auto, (max-width: 767px) 89vw, (max-width: 1000px) 54vw, (max-width: 1071px) 543px, 580px\" \/><\/a><span style=\"font-size: 20px;\"><em><span style=\"font-family: times new roman,times,serif;\">Nous recevons de nombreuses classes et groupes d&rsquo;enfants&#8230;<\/span><\/em><\/span><\/p>\n<p>&nbsp;<\/p>\n<p><span style=\"font-family: arial,helvetica,sans-serif; font-size: 20px;\"><strong>1) Principes g\u00e9n\u00e9raux<\/strong><\/span><\/p>\n<p><span style=\"font-size: 20px; font-family: times new roman,times,serif;\">Le GAP47 fonctionnant gr\u00e2ce \u00e0 des membres b\u00e9n\u00e9voles, nous ne pouvons pas assurer la r\u00e9ception d&rsquo;une cinquantaine (ou plus) de classes par an ! Il est donc indispensable de d\u00e9poser son projet et sa r\u00e9servation le plus t\u00f4t possible. Sauf cas particuliers, demandant une organisation particuli\u00e8re ne d\u00e9passant pas les disponibilit\u00e9s de nos b\u00e9n\u00e9voles, les classes sont re\u00e7ues individuellement. Une int\u00e9gration de la sortie astronomie \u00e0 un projet p\u00e9dagogique est souhait\u00e9e.<\/span><\/p>\n<p><span style=\"font-size: 20px; font-family: times new roman,times,serif;\"><span style=\"color: #ff0000; font-family: arial, helvetica, sans-serif;\"><em><strong>Pour des raisons de logistique, nous ne pouvons pas accueillir, en soir\u00e9e, des groupes de plus de 30 personnes.<\/strong><\/em><\/span><br \/>\n<\/span><\/p>\n<p><span style=\"font-size: 20px; font-family: times new roman,times,serif;\"><strong>a) pr\u00e9cautions :<\/strong><strong><br \/>\n<\/strong><\/span><\/p>\n<p><span style=\"font-family: times new roman,times,serif; font-size: 20px;\">Il est indispensable de r\u00e9server aussi longtemps \u00e0 l\u2019avance que possible. L&rsquo;automne et l&rsquo;hiver sont des p\u00e9riodes g\u00e9n\u00e9ralement peu charg\u00e9es en rendez-vous et propices aux observations, la nuit arrivant t\u00f4t dans la soir\u00e9e. Pr\u00e9voir une ou plusieurs dates de secours dans l\u2019\u00e9ventualit\u00e9 de mauvais temps. En soir\u00e9e, pr\u00e9voir des v\u00eatements et chaussures chauds, m\u00eame \u00e0 la belle saison.<\/span><\/p>\n<p><span style=\"font-family: times new roman,times,serif; font-size: 20px;\"><strong>b) tarif<\/strong><\/span><\/p>\n<p><span style=\"font-family: times new roman,times,serif; font-size: 20px;\">Le forfait journalier d&rsquo;ouverture de l&rsquo;observatoire est de 25 \u20ac + 3 \u20ac par enfant et par plage horaire (matin\/apr\u00e8s-midi\/soir), gratuit\u00e9 pour les accompagnants.<\/span><\/p>\n<p><span style=\"font-family: times new roman,times,serif; font-size: 20px;\"><strong>c) proc\u00e9dures<\/strong><\/span><\/p>\n<p><span style=\"font-family: times new roman,times,serif; font-size: 20px;\">Choisir une p\u00e9riode pour la visite projet\u00e9e (pour les visites en soir\u00e9e, \u00e9viter les jours allant de 4 jours avant la pleine Lune jusqu&rsquo;\u00e0 4 jours apr\u00e8s la Pleine Lune). Envisager aussi une date de \u00ab\u00a0secours\u00a0\u00bb (risque de mauvais temps).<\/span><\/p>\n<p><span style=\"font-family: times new roman,times,serif; font-size: 20px;\">Prendre contact avec le GAP47 :<\/span><br \/>\n<span style=\"font-family: 'times new roman', times, serif; font-size: 20px; color: #008000;\"><span style=\"color: #008000;\"><strong>surtout et de pr\u00e9f\u00e9rence par courriel<\/strong><\/span><span style=\"color: #008000;\"> : <\/span><a style=\"color: #008000;\" href=\"mailto:gap47@laposte.net\">gap47@laposte.net<\/a><\/span><\/p>\n<p><span style=\"font-family: times new roman,times,serif; font-size: 20px;\">Avant de r\u00e9server, v\u00e9rifiez sur notre <a href=\"https:\/\/calendar.google.com\/calendar\/embed?src=gap47@aliceadsl.fr&amp;ctz=Europe\/Paris\" target=\"_blank\" rel=\"noopener noreferrer\"><span style=\"color: #0000ff;\">calendrier<\/span><\/a> que vos dates pr\u00e9f\u00e9r\u00e9es so<\/span><span style=\"font-family: times new roman,times,serif; font-size: 20px;\">nt bien disponibles. Si vous r\u00e9servez par courriel, nous vous demandons de t\u00e9l\u00e9charger les deux documents au format pdf ci-dessous : le premier contient nos conditions g\u00e9n\u00e9rales et le second est un document de r\u00e9servation. C&rsquo;est un pdf \u00ab\u00a0\u00e9ditable\u00a0\u00bb, qu&rsquo;on peut remplir directement via le clavier. Il faut le t\u00e9l\u00e9charger sur votre ordinateur, le sauvegarder, le remplir ensuite et le sauvegarder \u00e0 nouveau (de pr\u00e9f\u00e9rence sous un autre nom) sur votre ordinateur,&nbsp; puis<\/span><span style=\"font-family: times new roman,times,serif; font-size: 20px;\"> nous retourner ce dernier par mail \u00e0 : <strong>gap47@laposte.net<\/strong>. Vous pouvez aussi le t\u00e9l\u00e9charger, l&rsquo;imprimer, le remplir \u00e0 la main, scanner le formulaire ainsi rempli, puis nous envoyer ce fichier \u00e0 la m\u00eame adresse mail.<br \/>\n<\/span><\/p>\n<p><span style=\"font-size: 20px; color: #0000ff;\"><strong><em><span style=\"font-family: arial,helvetica,sans-serif;\">1 &#8211;<a href=\"http:\/\/gap47.astrosurf.com\/wp-content\/uploads\/2026\/01\/Conditions-Groupes-Scolaires.pdf\"><span style=\"color: #0000ff;\"> Conditions de r\u00e9servation des groupes scolaires<\/span><\/a><\/span><\/em><\/strong><\/span><br \/>\n<span style=\"color: #0000ff;\"><em><span style=\"font-size: 20px;\"><strong><span style=\"font-family: arial, helvetica, sans-serif;\">2 &#8211;<a href=\"http:\/\/gap47.astrosurf.com\/wp-content\/uploads\/2026\/01\/Formulaire-de-re\u0301servations-Groupes-Scolaires.pdf\"><span style=\"color: #0000ff;\"> Formulaire de r\u00e9servation<\/span><\/a><\/span><\/strong><\/span><\/em><\/span><br \/>\n<span style=\"font-family: arial, helvetica, sans-serif;\"><strong><span style=\"color: #0000ff;\"><em><span style=\"font-size: 20px;\">3 &#8211; <a style=\"color: #0000ff;\" href=\"http:\/\/gap47.astrosurf.com\/wp-content\/uploads\/2026\/01\/Formulaire-de-re\u0301servations-Groupes-Scolaires-1.pdf\">Formulaire de r\u00e9servation (sans pass culture)<\/a><\/span><\/em><\/span><\/strong><\/span><\/p>\n<p><span style=\"font-family: times new roman, times, serif; font-size: 20px;\">Dans tous les cas, nous vous contacterons par mail \u00e0 la r\u00e9ception de votre formulaire pour vous confirmer votre r\u00e9servation.<\/span><\/p>\n<p><span style=\"color: #ff0000; font-size: 20px; font-family: times new roman,times,serif;\"><strong><span style=\"color: #000000;\">d) h\u00e9bergement :<\/span><\/strong> <strong>Le GAP47 n\u2019assure pas d\u2019h\u00e9bergement<\/strong><\/span><\/p>\n<p><span style=\"font-family: 'times new roman', times, serif; font-size: 20px;\">La mairie de Fumel propose les services de son <a href=\"https:\/\/www.tourisme-lotetgaronne.com\/hebergements-collectifs\/centre-d-accueil-municipal-de-moncany\/\" target=\"_blank\" rel=\"noopener\">centre d&rsquo;accueil de Moncany<\/a>, situ\u00e9 en ville, \u00e0 environ 5 km de l&rsquo;observatoire. Tarif scolaire sp\u00e9cifique. Le petit-d\u00e9jeuner peut y \u00eatre propos\u00e9.<\/span><\/p>\n<p>&nbsp;<\/p>\n<p><span style=\"font-family: arial,helvetica,sans-serif; font-size: 20px;\"><strong>2) \u00c9tablissements scolaires de la Communaut\u00e9 Fumel-Vall\u00e9e du Lot<\/strong><\/span><\/p>\n<p style=\"text-align: center;\"><a href=\"http:\/\/gap47.astrosurf.com\/wp-content\/uploads\/2017\/03\/Maternelle.jpg\"><img loading=\"lazy\" decoding=\"async\" class=\"aligncenter wp-image-996 size-full\" src=\"http:\/\/gap47.astrosurf.com\/wp-content\/uploads\/2017\/03\/Maternelle.jpg\" alt=\"\" width=\"1500\" height=\"1125\" srcset=\"https:\/\/gap47.astrosurf.com\/wp-content\/uploads\/2017\/03\/Maternelle.jpg 1500w, https:\/\/gap47.astrosurf.com\/wp-content\/uploads\/2017\/03\/Maternelle-300x225.jpg 300w, https:\/\/gap47.astrosurf.com\/wp-content\/uploads\/2017\/03\/Maternelle-768x576.jpg 768w\" sizes=\"auto, (max-width: 767px) 89vw, (max-width: 1000px) 54vw, (max-width: 1071px) 543px, 580px\" \/><\/a><span style=\"font-size: 20px;\"><em><span style=\"font-family: times new roman,times,serif;\">&#8230;et m\u00eame des tout petits&#8230;<\/span><\/em><\/span><\/p>\n<p><span style=\"font-family: times new roman,times,serif; font-size: 20px;\">Dans le cadre de la Convention \u00c9ducative sign\u00e9e entre la Communaut\u00e9 des Communes et le GAP47, afin de favoriser l\u2019acc\u00e8s des \u00e9coles, coll\u00e8ges et lyc\u00e9es du Fum\u00e9lois \u00e0 l\u2019astronomie, un acc\u00e8s privil\u00e9gi\u00e9 est r\u00e9serv\u00e9 aux classes de la Communaut\u00e9 des Communes du Fum\u00e9lois.<\/span><\/p>\n<p><span style=\"font-family: times new roman,times,serif;\"><strong><span style=\"font-size: 20px;\">a)<\/span> <span style=\"font-size: 20px;\">la Communaut\u00e9 de communes<\/span><\/strong><span style=\"font-size: 20px;\"> prend en charge les frais de billetterie. Les frais de transport restent \u00e0 la charge des \u00e9tablissements.<\/span><\/span><\/p>\n<p><span style=\"font-family: times new roman,times,serif;\"><strong><span style=\"font-size: 20px;\">b) chaque ann\u00e9e, dans les limites d&rsquo;une enveloppe d\u00e9di\u00e9e<\/span><\/strong><span style=\"font-size: 20px;\">, des classes peuvent b\u00e9n\u00e9ficier de ces conditions pour profiter de l\u2019observatoire et de ses ressources, sous la conduite des membres du GAP47.<\/span><\/span><\/p>\n<p><span style=\"font-family: times new roman,times,serif; font-size: 20px;\"><strong>c) proc\u00e9dure \u00e0 suivre<\/strong><\/span><br \/>\n<span style=\"font-family: times new roman,times,serif; font-size: 20px;\"> La demande doit \u00eatre d\u00e9pos\u00e9e aupr\u00e8s du GAP47 qui se chargera d\u2019en informer le service culturel de Fumel-Communaut\u00e9. Il est indispensable de proc\u00e9der aux r\u00e9servations le plus t\u00f4t possible dans l\u2019ann\u00e9e. Cette prise en charge est r\u00e9serv\u00e9e \u00e0 des classes ou groupes dans le cadre d&rsquo;un travail sp\u00e9cifique correspondant \u00e0 leur programme p\u00e9dagogique.<\/span><\/p>\n<hr>\n<p>&nbsp;<\/p>\n","protected":false},"excerpt":{"rendered":"<p>R\u00e9ception des groupes scolaires et assimil\u00e9s Nous recevons de nombreuses classes et groupes d&rsquo;enfants&#8230; &nbsp; 1) Principes g\u00e9n\u00e9raux Le GAP47 fonctionnant gr\u00e2ce \u00e0 des membres b\u00e9n\u00e9voles, nous ne pouvons pas assurer la r\u00e9ception d&rsquo;une cinquantaine (ou plus) de classes par an ! Il est donc indispensable de d\u00e9poser son projet et sa r\u00e9servation le plus &hellip; <\/p>\n<p class=\"link-more\"><a href=\"https:\/\/gap47.astrosurf.com\/index.php\/accueil-visiteurs\/groupes-scolaires\/\" class=\"more-link\">Continuer la lecture<span class=\"screen-reader-text\"> de &laquo;&nbsp;Groupes scolaires&nbsp;&raquo;<\/span><\/a><\/p>\n","protected":false},"author":5,"featured_media":0,"parent":29,"menu_order":1,"comment_status":"closed","ping_status":"closed","template":"","meta":{"_exactmetrics_skip_tracking":false,"_exactmetrics_sitenote_active":false,"_exactmetrics_sitenote_note":"","_exactmetrics_sitenote_category":0,"ngg_post_thumbnail":0,"footnotes":""},"class_list":["post-31","page","type-page","status-publish","hentry"],"yoast_head":"<!-- This site is optimized with the Yoast SEO plugin v24.8.1 - https:\/\/yoast.com\/wordpress\/plugins\/seo\/ -->\n<title>Groupes scolaires - L&#039;observatoire est ouvert aux visiteurs tous les vendredis soirs \u00e0 21 heures, jusqu&#039;au 3 juillet 2026 inclus, sans r\u00e9servation.<\/title>\n<meta name=\"robots\" content=\"index, follow, max-snippet:-1, max-image-preview:large, max-video-preview:-1\" \/>\n<link rel=\"canonical\" href=\"https:\/\/gap47.astrosurf.com\/index.php\/accueil-visiteurs\/groupes-scolaires\/\" \/>\n<meta property=\"og:locale\" content=\"fr_FR\" \/>\n<meta property=\"og:type\" content=\"article\" \/>\n<meta property=\"og:title\" content=\"Groupes scolaires - L&#039;observatoire est ouvert aux visiteurs tous les vendredis soirs \u00e0 21 heures, jusqu&#039;au 3 juillet 2026 inclus, sans r\u00e9servation.\" \/>\n<meta property=\"og:description\" content=\"R\u00e9ception des groupes scolaires et assimil\u00e9s Nous recevons de nombreuses classes et groupes d&rsquo;enfants&#8230; &nbsp; 1) Principes g\u00e9n\u00e9raux Le GAP47 fonctionnant gr\u00e2ce \u00e0 des membres b\u00e9n\u00e9voles, nous ne pouvons pas assurer la r\u00e9ception d&rsquo;une cinquantaine (ou plus) de classes par an ! Il est donc indispensable de d\u00e9poser son projet et sa r\u00e9servation le plus &hellip; Continuer la lecture de &laquo;&nbsp;Groupes scolaires&nbsp;&raquo;\" \/>\n<meta property=\"og:url\" content=\"https:\/\/gap47.astrosurf.com\/index.php\/accueil-visiteurs\/groupes-scolaires\/\" \/>\n<meta property=\"og:site_name\" content=\"L&#039;observatoire est ouvert aux visiteurs tous les vendredis soirs \u00e0 21 heures, jusqu&#039;au 3 juillet 2026 inclus, sans r\u00e9servation.\" \/>\n<meta property=\"article:publisher\" content=\"https:\/\/www.facebook.com\/astrogap47\/\" \/>\n<meta property=\"article:modified_time\" content=\"2026-01-12T20:49:34+00:00\" \/>\n<meta property=\"og:image\" content=\"https:\/\/gap47.astrosurf.com\/wp-content\/uploads\/2017\/03\/AccueilClasse.jpg\" \/>\n\t<meta property=\"og:image:width\" content=\"1500\" \/>\n\t<meta property=\"og:image:height\" content=\"1060\" \/>\n\t<meta property=\"og:image:type\" content=\"image\/jpeg\" \/>\n<meta name=\"twitter:card\" content=\"summary_large_image\" \/>\n<meta name=\"twitter:label1\" content=\"Dur\u00e9e de lecture estim\u00e9e\" \/>\n\t<meta name=\"twitter:data1\" content=\"4 minutes\" \/>\n<script type=\"application\/ld+json\" class=\"yoast-schema-graph\">{\"@context\":\"https:\/\/schema.org\",\"@graph\":[{\"@type\":\"WebPage\",\"@id\":\"https:\/\/gap47.astrosurf.com\/index.php\/accueil-visiteurs\/groupes-scolaires\/\",\"url\":\"https:\/\/gap47.astrosurf.com\/index.php\/accueil-visiteurs\/groupes-scolaires\/\",\"name\":\"Groupes scolaires - L&#039;observatoire est ouvert aux visiteurs tous les vendredis soirs \u00e0 21 heures, jusqu&#039;au 3 juillet 2026 inclus, sans r\u00e9servation.\",\"isPartOf\":{\"@id\":\"https:\/\/gap47.astrosurf.com\/#website\"},\"primaryImageOfPage\":{\"@id\":\"https:\/\/gap47.astrosurf.com\/index.php\/accueil-visiteurs\/groupes-scolaires\/#primaryimage\"},\"image\":{\"@id\":\"https:\/\/gap47.astrosurf.com\/index.php\/accueil-visiteurs\/groupes-scolaires\/#primaryimage\"},\"thumbnailUrl\":\"http:\/\/gap47.astrosurf.com\/wp-content\/uploads\/2017\/03\/AccueilClasse.jpg\",\"datePublished\":\"2017-03-31T20:58:07+00:00\",\"dateModified\":\"2026-01-12T20:49:34+00:00\",\"breadcrumb\":{\"@id\":\"https:\/\/gap47.astrosurf.com\/index.php\/accueil-visiteurs\/groupes-scolaires\/#breadcrumb\"},\"inLanguage\":\"fr-FR\",\"potentialAction\":[{\"@type\":\"ReadAction\",\"target\":[\"https:\/\/gap47.astrosurf.com\/index.php\/accueil-visiteurs\/groupes-scolaires\/\"]}]},{\"@type\":\"ImageObject\",\"inLanguage\":\"fr-FR\",\"@id\":\"https:\/\/gap47.astrosurf.com\/index.php\/accueil-visiteurs\/groupes-scolaires\/#primaryimage\",\"url\":\"https:\/\/gap47.astrosurf.com\/wp-content\/uploads\/2017\/03\/AccueilClasse.jpg\",\"contentUrl\":\"https:\/\/gap47.astrosurf.com\/wp-content\/uploads\/2017\/03\/AccueilClasse.jpg\",\"width\":1500,\"height\":1060},{\"@type\":\"BreadcrumbList\",\"@id\":\"https:\/\/gap47.astrosurf.com\/index.php\/accueil-visiteurs\/groupes-scolaires\/#breadcrumb\",\"itemListElement\":[{\"@type\":\"ListItem\",\"position\":1,\"name\":\"Accueil\",\"item\":\"https:\/\/gap47.astrosurf.com\/\"},{\"@type\":\"ListItem\",\"position\":2,\"name\":\"Accueil visiteurs\",\"item\":\"https:\/\/gap47.astrosurf.com\/index.php\/accueil-visiteurs\/\"},{\"@type\":\"ListItem\",\"position\":3,\"name\":\"Groupes scolaires\"}]},{\"@type\":\"WebSite\",\"@id\":\"https:\/\/gap47.astrosurf.com\/#website\",\"url\":\"https:\/\/gap47.astrosurf.com\/\",\"name\":\"De janvier \u00e0 fin juin 2024, le GAP47 sera ouvert aux visiteurs tous les vendredis \u00e0 21h sans r\u00e9servation, \u00e0 l'exception du vendredi 26 janvier o\u00f9 l'observatoire sera ferm\u00e9 au public.\",\"description\":\"Groupe d&#039;Astronomie Populaire du Lot-et-Garonne, \u00e0 Montayral\",\"potentialAction\":[{\"@type\":\"SearchAction\",\"target\":{\"@type\":\"EntryPoint\",\"urlTemplate\":\"https:\/\/gap47.astrosurf.com\/?s={search_term_string}\"},\"query-input\":{\"@type\":\"PropertyValueSpecification\",\"valueRequired\":true,\"valueName\":\"search_term_string\"}}],\"inLanguage\":\"fr-FR\"}]}<\/script>\n<!-- \/ Yoast SEO plugin. -->","yoast_head_json":{"title":"Groupes scolaires - L&#039;observatoire est ouvert aux visiteurs tous les vendredis soirs \u00e0 21 heures, jusqu&#039;au 3 juillet 2026 inclus, sans r\u00e9servation.","robots":{"index":"index","follow":"follow","max-snippet":"max-snippet:-1","max-image-preview":"max-image-preview:large","max-video-preview":"max-video-preview:-1"},"canonical":"https:\/\/gap47.astrosurf.com\/index.php\/accueil-visiteurs\/groupes-scolaires\/","og_locale":"fr_FR","og_type":"article","og_title":"Groupes scolaires - L&#039;observatoire est ouvert aux visiteurs tous les vendredis soirs \u00e0 21 heures, jusqu&#039;au 3 juillet 2026 inclus, sans r\u00e9servation.","og_description":"R\u00e9ception des groupes scolaires et assimil\u00e9s Nous recevons de nombreuses classes et groupes d&rsquo;enfants&#8230; &nbsp; 1) Principes g\u00e9n\u00e9raux Le GAP47 fonctionnant gr\u00e2ce \u00e0 des membres b\u00e9n\u00e9voles, nous ne pouvons pas assurer la r\u00e9ception d&rsquo;une cinquantaine (ou plus) de classes par an ! Il est donc indispensable de d\u00e9poser son projet et sa r\u00e9servation le plus &hellip; Continuer la lecture de &laquo;&nbsp;Groupes scolaires&nbsp;&raquo;","og_url":"https:\/\/gap47.astrosurf.com\/index.php\/accueil-visiteurs\/groupes-scolaires\/","og_site_name":"L&#039;observatoire est ouvert aux visiteurs tous les vendredis soirs \u00e0 21 heures, jusqu&#039;au 3 juillet 2026 inclus, sans r\u00e9servation.","article_publisher":"https:\/\/www.facebook.com\/astrogap47\/","article_modified_time":"2026-01-12T20:49:34+00:00","og_image":[{"width":1500,"height":1060,"url":"https:\/\/gap47.astrosurf.com\/wp-content\/uploads\/2017\/03\/AccueilClasse.jpg","type":"image\/jpeg"}],"twitter_card":"summary_large_image","twitter_misc":{"Dur\u00e9e de lecture estim\u00e9e":"4 minutes"},"schema":{"@context":"https:\/\/schema.org","@graph":[{"@type":"WebPage","@id":"https:\/\/gap47.astrosurf.com\/index.php\/accueil-visiteurs\/groupes-scolaires\/","url":"https:\/\/gap47.astrosurf.com\/index.php\/accueil-visiteurs\/groupes-scolaires\/","name":"Groupes scolaires - L&#039;observatoire est ouvert aux visiteurs tous les vendredis soirs \u00e0 21 heures, jusqu&#039;au 3 juillet 2026 inclus, sans r\u00e9servation.","isPartOf":{"@id":"https:\/\/gap47.astrosurf.com\/#website"},"primaryImageOfPage":{"@id":"https:\/\/gap47.astrosurf.com\/index.php\/accueil-visiteurs\/groupes-scolaires\/#primaryimage"},"image":{"@id":"https:\/\/gap47.astrosurf.com\/index.php\/accueil-visiteurs\/groupes-scolaires\/#primaryimage"},"thumbnailUrl":"http:\/\/gap47.astrosurf.com\/wp-content\/uploads\/2017\/03\/AccueilClasse.jpg","datePublished":"2017-03-31T20:58:07+00:00","dateModified":"2026-01-12T20:49:34+00:00","breadcrumb":{"@id":"https:\/\/gap47.astrosurf.com\/index.php\/accueil-visiteurs\/groupes-scolaires\/#breadcrumb"},"inLanguage":"fr-FR","potentialAction":[{"@type":"ReadAction","target":["https:\/\/gap47.astrosurf.com\/index.php\/accueil-visiteurs\/groupes-scolaires\/"]}]},{"@type":"ImageObject","inLanguage":"fr-FR","@id":"https:\/\/gap47.astrosurf.com\/index.php\/accueil-visiteurs\/groupes-scolaires\/#primaryimage","url":"https:\/\/gap47.astrosurf.com\/wp-content\/uploads\/2017\/03\/AccueilClasse.jpg","contentUrl":"https:\/\/gap47.astrosurf.com\/wp-content\/uploads\/2017\/03\/AccueilClasse.jpg","width":1500,"height":1060},{"@type":"BreadcrumbList","@id":"https:\/\/gap47.astrosurf.com\/index.php\/accueil-visiteurs\/groupes-scolaires\/#breadcrumb","itemListElement":[{"@type":"ListItem","position":1,"name":"Accueil","item":"https:\/\/gap47.astrosurf.com\/"},{"@type":"ListItem","position":2,"name":"Accueil visiteurs","item":"https:\/\/gap47.astrosurf.com\/index.php\/accueil-visiteurs\/"},{"@type":"ListItem","position":3,"name":"Groupes scolaires"}]},{"@type":"WebSite","@id":"https:\/\/gap47.astrosurf.com\/#website","url":"https:\/\/gap47.astrosurf.com\/","name":"De janvier \u00e0 fin juin 2024, le GAP47 sera ouvert aux visiteurs tous les vendredis \u00e0 21h sans r\u00e9servation, \u00e0 l'exception du vendredi 26 janvier o\u00f9 l'observatoire sera ferm\u00e9 au public.","description":"Groupe d&#039;Astronomie Populaire du Lot-et-Garonne, \u00e0 Montayral","potentialAction":[{"@type":"SearchAction","target":{"@type":"EntryPoint","urlTemplate":"https:\/\/gap47.astrosurf.com\/?s={search_term_string}"},"query-input":{"@type":"PropertyValueSpecification","valueRequired":true,"valueName":"search_term_string"}}],"inLanguage":"fr-FR"}]}},"_links":{"self":[{"href":"https:\/\/gap47.astrosurf.com\/index.php\/wp-json\/wp\/v2\/pages\/31","targetHints":{"allow":["GET"]}}],"collection":[{"href":"https:\/\/gap47.astrosurf.com\/index.php\/wp-json\/wp\/v2\/pages"}],"about":[{"href":"https:\/\/gap47.astrosurf.com\/index.php\/wp-json\/wp\/v2\/types\/page"}],"author":[{"embeddable":true,"href":"https:\/\/gap47.astrosurf.com\/index.php\/wp-json\/wp\/v2\/users\/5"}],"replies":[{"embeddable":true,"href":"https:\/\/gap47.astrosurf.com\/index.php\/wp-json\/wp\/v2\/comments?post=31"}],"version-history":[{"count":107,"href":"https:\/\/gap47.astrosurf.com\/index.php\/wp-json\/wp\/v2\/pages\/31\/revisions"}],"predecessor-version":[{"id":13812,"href":"https:\/\/gap47.astrosurf.com\/index.php\/wp-json\/wp\/v2\/pages\/31\/revisions\/13812"}],"up":[{"embeddable":true,"href":"https:\/\/gap47.astrosurf.com\/index.php\/wp-json\/wp\/v2\/pages\/29"}],"wp:attachment":[{"href":"https:\/\/gap47.astrosurf.com\/index.php\/wp-json\/wp\/v2\/media?parent=31"}],"curies":[{"name":"wp","href":"https:\/\/api.w.org\/{rel}","templated":true}]}}