 {"id":2585,"date":"2017-06-20T10:49:22","date_gmt":"2017-06-20T08:49:22","guid":{"rendered":"http:\/\/gap47.astrosurf.com\/?page_id=2585"},"modified":"2019-12-19T16:40:24","modified_gmt":"2019-12-19T14:40:24","slug":"the-main-types-of-machines","status":"publish","type":"page","link":"https:\/\/gap47.astrosurf.com\/index.php\/the-main-types-of-machines\/","title":{"rendered":"The main types of machines"},"content":{"rendered":"<p style=\"text-align: center;\"><span style=\"font-family: arial,helvetica,sans-serif; font-size: 24px;\"><strong>They may be classified into three main groups :<\/strong><\/span><\/p>\n<p>&nbsp;<\/p>\n<table style=\"width: 798px;\">\n<tbody>\n<tr>\n<td style=\"width: 484.2px;\">\n<p class=\"Style17\" align=\"left\"><span style=\"font-size: 20px; font-family: arial,helvetica,sans-serif;\"><strong> Draper\/Hindle-type machines :<\/strong><\/span><\/p>\n<p><span style=\"font-family: times new roman,times,serif; font-size: 20px;\">This is the mother of all machines. Its principle seems to have been elaborated by Huygens, about 1738, and improved by Lord Rosse, and more recently by Henry Draper, an American astronomer. Here are the different parts which compose this machine <em>(see drawing A)&nbsp;<\/em>:<\/span><\/p>\n<ul>\n<li><span style=\"font-family: times new roman,times,serif; font-size: 20px;\">a rotating plate (1) supporting the mirror. This plate is usually above a table (2), and may be surrounded by a container which will collect the excess polishing product dripping from the plate<\/span><\/li>\n<li><span style=\"font-family: times new roman,times,serif; font-size: 20px;\">a rotating stroke crank (3)<\/span><\/li>\n<li><span style=\"font-family: times new roman,times,serif; font-size: 20px;\">an arm (4) (square metal tubing) aligned with the center of the mirror (5) and put in motion by the crank<\/span><\/li>\n<li><span style=\"font-family: times new roman,times,serif; font-size: 20px;\">drive pin connecting the lap to the arm \u2026<\/span><\/li>\n<li><span style=\"font-family: times new roman,times,serif; font-size: 20px;\">a fixed guide (6) that lets the other end of the arm move back and forth when the crank is in action<\/span><\/li>\n<li><span style=\"font-family: times new roman,times,serif; font-size: 20px;\">one or two motors activating the crank and the plate separately<\/span><\/li>\n<li><span style=\"font-family: times new roman,times,serif; font-size: 20px;\">a device to regulate the rotating speed of the crank and the plate (pulleys or electronic variator&#8230;)<\/span><\/li>\n<\/ul>\n<\/td>\n<td style=\"width: 307.8px;\">\n<p style=\"text-align: center;\"><span style=\"font-size: 20px;\"><strong><em><span style=\"font-family: arial,helvetica,sans-serif; color: #008000;\">Place your mouse on some of the pictures to set them in motion :<\/span><\/em><\/strong><\/span><\/p>\n<p>&nbsp;<\/p>\n<p><img loading=\"lazy\" decoding=\"async\" class=\"size-full wp-image-2168 aligncenter\" src=\"http:\/\/gap47.astrosurf.com\/wp-content\/uploads\/2017\/06\/draper-simple01.gif\" alt=\"\" width=\"350\" height=\"190\"><\/p>\n<p style=\"text-align: center;\"><span style=\"font-size: 20px;\"><em><span style=\"font-family: times new roman,times,serif;\">Figure A : Draper-type machine (single crank)<\/span> <\/em><\/span><\/p>\n<\/td>\n<\/tr>\n<tr>\n<td style=\"width: 484.2px; text-align: center;\" colspan=\"2\"><span style=\"font-size: 20px;\"><em><strong><span style=\"font-family: times new roman,times,serif;\">That general concept has been progressively modified and improved :<\/span><\/strong><\/em><\/span><\/td>\n<\/tr>\n<tr>\n<td style=\"width: 484.2px; text-align: left;\"><span style=\"font-family: times new roman,times,serif; font-size: 20px;\">Ritchey added a side control (1) of the sliding arm, thus enabling an off-axis position of the arm and of the strokes <em>(see B drawing).<\/em><\/span><\/td>\n<td style=\"width: 307.8px;\"><span style=\"font-size: 20px;\"><img loading=\"lazy\" decoding=\"async\" class=\"alignnone size-full wp-image-2171\" src=\"http:\/\/gap47.astrosurf.com\/wp-content\/uploads\/2017\/06\/image02.jpg\" alt=\"\" width=\"350\" height=\"156\" srcset=\"https:\/\/gap47.astrosurf.com\/wp-content\/uploads\/2017\/06\/image02.jpg 350w, https:\/\/gap47.astrosurf.com\/wp-content\/uploads\/2017\/06\/image02-300x134.jpg 300w\" sizes=\"auto, (max-width: 350px) 100vw, 350px\" \/><\/span><\/p>\n<p style=\"text-align: center;\"><span style=\"font-size: 20px;\"><em><span style=\"font-family: times new roman,times,serif;\">Figure B&nbsp;: off-axis positioning on a Draper machine <\/span><\/em><\/span><\/p>\n<\/td>\n<\/tr>\n<tr>\n<td style=\"width: 484.2px;\"><span style=\"font-family: times new roman,times,serif; font-size: 20px;\">A second crank (or reciprocating system) was added in place of the fixed sliding guide, permitting a wider variety of strokes <em>(see figure C).<\/em><\/span><\/td>\n<td style=\"width: 307.8px;\"><span style=\"font-size: 20px;\"><img loading=\"lazy\" decoding=\"async\" class=\"alignnone size-full wp-image-2172\" src=\"http:\/\/gap47.astrosurf.com\/wp-content\/uploads\/2017\/06\/draper-double03.gif\" alt=\"\" width=\"350\" height=\"127\"><\/span><\/p>\n<p style=\"text-align: center;\"><span style=\"font-size: 20px;\"><em><span style=\"font-family: times new roman,times,serif;\">Figure C&nbsp;: Draper machine with a double crank system<\/span> <\/em><\/span><\/p>\n<\/td>\n<\/tr>\n<tr>\n<td style=\"width: 484.2px;\"><span style=\"font-size: 20px; font-family: arial,helvetica,sans-serif;\"><strong>Hindle alternative:<\/strong><\/span><\/p>\n<p><span style=\"font-family: times new roman,times,serif; font-size: 20px;\">In his turn, Hindle replaced the drive pin by a frame (1), called alligator, that holds the disk by its side. This device makes it possible to place the mirror on top, which is impossible with the Draper machine. Removing the top disk thus becomes easier, as well as adding pressure onto it with weights whenever necessary <em>(see figure D)<\/em>.<\/span><\/td>\n<td style=\"width: 307.8px; text-align: center;\"><span style=\"font-size: 20px;\"><img loading=\"lazy\" decoding=\"async\" class=\"size-full wp-image-2169 aligncenter\" src=\"http:\/\/gap47.astrosurf.com\/wp-content\/uploads\/2017\/06\/image04.jpg\" alt=\"\" width=\"350\" height=\"208\" srcset=\"https:\/\/gap47.astrosurf.com\/wp-content\/uploads\/2017\/06\/image04.jpg 350w, https:\/\/gap47.astrosurf.com\/wp-content\/uploads\/2017\/06\/image04-300x178.jpg 300w\" sizes=\"auto, (max-width: 350px) 100vw, 350px\" \/><em><span style=\"font-family: times new roman,times,serif;\">Figure D&nbsp;: double-cranked Hindle-type machine<\/span> <\/em><\/span><\/td>\n<\/tr>\n<tr>\n<td style=\"width: 484.2px;\"><span style=\"font-size: 20px; font-family: arial,helvetica,sans-serif;\"><strong>Draper-type machine with offset arm :<\/strong><\/span><\/p>\n<p><span style=\"font-family: times new roman,times,serif; font-size: 20px;\">The main stroke arm (1) has been placed alongside the table. A second arm that can be lifted (2), connected to the first arm, moves the top disk. Its length is usually adjustable.<\/span><\/td>\n<td style=\"width: 307.8px; text-align: center;\"><span style=\"font-size: 20px;\"><img loading=\"lazy\" decoding=\"async\" class=\"alignnone size-full wp-image-2170\" src=\"http:\/\/gap47.astrosurf.com\/wp-content\/uploads\/2017\/06\/draper05.gif\" alt=\"\" width=\"300\" height=\"208\"><em><span style=\"font-family: times new roman,times,serif;\">Figure E&nbsp;: double-cranked Draper machine with off-set arm<\/span> <\/em><\/span><\/td>\n<\/tr>\n<tr>\n<td style=\"width: 484.2px;\">&nbsp;<span style=\"font-size: 20px;\"><strong><span style=\"font-family: arial,helvetica,sans-serif;\">Elgin-Waineo machines <\/span><em><span style=\"font-family: arial,helvetica,sans-serif;\">:<\/span> <\/em><\/strong><\/span><\/p>\n<p><span style=\"font-family: times new roman,times,serif; font-size: 20px;\">This is the most common type of machine at the moment, in industry as well as with amateurs, chiefly on the American continent <em>(see figure F)<\/em>. The main difference from the previous model lies in its single off-set arm (1) that oscillates around an axis (2) and is connected to a crank (4) and spindle (3) system which makes it work. This crank is of adjustable length. One famous variation about this design was proposed by an American amateur, optician <a href=\"http:\/\/telescopemaking.org\/waineo.html\" target=\"_blank\" rel=\"noopener noreferrer\"><em>Tom Waineo<\/em><\/a> in the November 1995 issue of Sky and Telescope.<\/span><\/p>\n<p><span style=\"font-family: times new roman,times,serif; font-size: 20px;\">The major drawback of this machine is the limited variety of its movements due to the single eccentric sheave. Yet, some of its most experienced users manage to compensate for this handicap by frequently changing the machine settings. Of course this requires extreme dexterity. Among such users we find <a href=\"http:\/\/tech.groups.yahoo.com\/group\/zambutomirrorgroup\/\" target=\"_blank\" rel=\"noopener noreferrer\"><em>Carl Zambuto<\/em><\/a> who has become an expert in the matter.<\/span><\/p>\n<p>&nbsp;<\/td>\n<td style=\"width: 307.8px; text-align: center;\">&nbsp;<img loading=\"lazy\" decoding=\"async\" class=\"alignnone size-full wp-image-2173\" src=\"http:\/\/gap47.astrosurf.com\/wp-content\/uploads\/2017\/06\/elgin06.gif\" alt=\"\" width=\"350\" height=\"350\"><span style=\"font-family: 'times new roman', times, serif; font-size: 20px;\"><em>Figure F&nbsp;: Elgin-Waineo machine <\/em><\/span><\/td>\n<\/tr>\n<tr>\n<td style=\"width: 484.2px;\">&nbsp;<span style=\"font-family: arial,helvetica,sans-serif; font-size: 20px;\"><strong>Zeiss-type machines :<\/strong> <\/span><\/p>\n<p><span style=\"font-family: times new roman,times,serif; font-size: 20px;\">A production of the famous ex-East-German firm, this machine looks very much like the off-set Draper-type machine <em>(see figure G).<\/em> It too has two eccentric sheaves but each arm (1 and 2) is directly connected to the drive pin of the lap, creating strokes that are slightly different from the other machine. One of these arms (1) is usually adjustable.<\/span><\/td>\n<td style=\"width: 307.8px; text-align: center;\"><span style=\"font-family: times new roman,times,serif;\"><img loading=\"lazy\" decoding=\"async\" class=\"alignnone size-full wp-image-2174\" src=\"http:\/\/gap47.astrosurf.com\/wp-content\/uploads\/2017\/06\/Anim-zeiss-07.gif\" alt=\"\" width=\"330\" height=\"244\">&nbsp;<span style=\"font-size: 20px;\"><em>Figure G&nbsp;: Zeiss machine with a pair of eccentric sheaves <\/em><\/span><\/span><\/td>\n<\/tr>\n<\/tbody>\n<\/table>\n<p style=\"text-align: center;\"><span style=\"font-size: 20px;\"><strong>Here is a concentrated view of the advantages and drawbacks of each type of machine :<\/strong><\/span><\/p>\n<p>&nbsp;<\/p>\n<table style=\"width: 726px;\" border=\"1\" cellspacing=\"0\" cellpadding=\"0\">\n<tbody>\n<tr style=\"height: 30.5334px;\" bgcolor=\"#336699\">\n<td style=\"width: 269px; height: 30.5334px;\" valign=\"top\">\n<p class=\"Style8\" align=\"center\"><span style=\"font-size: 20px;\"><strong><span style=\"color: #ffffff; font-family: arial,helvetica,sans-serif;\">Criteria<\/span><\/strong><\/span><\/p>\n<\/td>\n<td style=\"width: 328px; height: 30.5334px;\" valign=\"top\">\n<p class=\"Style8\" align=\"center\"><span style=\"font-size: 20px;\"><strong><span style=\"color: #ffffff; font-family: arial,helvetica,sans-serif;\">Machine types<\/span><\/strong><\/span><\/p>\n<\/td>\n<td style=\"width: 95px; height: 30.5334px;\" valign=\"top\">\n<p class=\"Style8\" align=\"center\"><span style=\"font-size: 20px;\"><strong><span style=\"color: #ffffff; font-family: arial,helvetica,sans-serif;\">Mark<\/span><\/strong><\/span><\/p>\n<\/td>\n<\/tr>\n<tr style=\"height: 202px;\">\n<td style=\"width: 269px; height: 202px;\" valign=\"middle\">\n<p align=\"center\"><span style=\"font-family: arial, helvetica, sans-serif; font-size: 20px;\">Compactness<\/span><\/p>\n<\/td>\n<td style=\"width: 328px; height: 202px;\" valign=\"top\"><span style=\"font-family: arial, helvetica, sans-serif; font-size: 20px;\">Elgin \/ Waineo<\/span><\/p>\n<p><span style=\"font-family: arial, helvetica, sans-serif; font-size: 20px;\">Off-set Draper \/ Hindle<\/span><\/p>\n<p><span style=\"font-family: arial, helvetica, sans-serif; font-size: 20px;\">Zeiss<\/span><\/p>\n<p><span style=\"font-family: arial, helvetica, sans-serif; font-size: 20px;\">Root Draper \/ Hindle<\/span><\/td>\n<td style=\"width: 95px; height: 202px;\" valign=\"top\">\n<p align=\"center\"><span style=\"font-family: arial, helvetica, sans-serif; font-size: 20px;\"><strong>+ <\/strong><\/span><\/p>\n<p align=\"center\"><span style=\"font-family: arial, helvetica, sans-serif; font-size: 20px;\"><strong>= <\/strong><\/span><\/p>\n<p align=\"center\"><span style=\"font-family: arial, helvetica, sans-serif; font-size: 20px;\"><strong>= <\/strong><\/span><\/p>\n<p align=\"center\"><span style=\"font-family: arial, helvetica, sans-serif; font-size: 20px;\"><strong>&#8211; <\/strong><\/span><\/p>\n<\/td>\n<\/tr>\n<tr style=\"height: 154px;\">\n<td style=\"width: 269px; height: 154px;\" valign=\"middle\">\n<p align=\"center\"><span style=\"font-family: arial, helvetica, sans-serif; font-size: 20px;\">Stroke variety<\/span><\/p>\n<\/td>\n<td style=\"width: 328px; height: 154px;\" valign=\"top\"><span style=\"font-family: arial, helvetica, sans-serif; font-size: 20px;\">Zeiss ou Draper \/ Hindle with double off-set crank<\/span><\/p>\n<p><span style=\"font-family: arial, helvetica, sans-serif; font-size: 20px;\">Draper \/ Hindle or Elgin \/ Waineo with simple off-set crank<\/span><\/td>\n<td style=\"width: 95px; height: 154px;\" valign=\"top\">\n<p align=\"center\"><span style=\"font-family: arial, helvetica, sans-serif; font-size: 20px;\"><strong>+ <\/strong><\/span><\/p>\n<p align=\"center\"><span style=\"font-family: arial, helvetica, sans-serif; font-size: 20px;\"><strong> &nbsp;<\/strong><\/span><\/p>\n<p align=\"center\"><span style=\"font-family: arial, helvetica, sans-serif; font-size: 20px;\"><strong>= <\/strong><\/span><\/p>\n<\/td>\n<\/tr>\n<tr style=\"height: 101px;\">\n<td style=\"width: 269px; height: 101px;\" valign=\"middle\">\n<p align=\"center\"><span style=\"font-family: arial, helvetica, sans-serif; font-size: 20px;\">Upper or lower position of mirror<\/span><\/p>\n<\/td>\n<td style=\"width: 328px; height: 101px;\" valign=\"top\"><span style=\"font-family: arial, helvetica, sans-serif; font-size: 20px;\">Hindle<\/span><\/p>\n<p><span style=\"font-family: arial, helvetica, sans-serif; font-size: 20px;\">Other types<\/span><\/td>\n<td style=\"width: 95px; height: 101px;\" valign=\"top\">\n<p align=\"center\"><span style=\"font-family: arial, helvetica, sans-serif; font-size: 20px;\"><strong>+ <\/strong><\/span><\/p>\n<p align=\"center\"><span style=\"font-family: arial, helvetica, sans-serif; font-size: 20px;\"><strong>= <\/strong><\/span><\/p>\n<\/td>\n<\/tr>\n<tr style=\"height: 50px;\">\n<td style=\"width: 597px; height: 50px;\" colspan=\"2\" valign=\"top\">\n<p align=\"center\"><span style=\"font-family: arial, helvetica, sans-serif; font-size: 20px;\">Key : <strong> +<\/strong> &nbsp;: good \/ <strong>=<\/strong>&nbsp;: fair \/ <strong>&#8211;<\/strong>&nbsp;: bad<\/span><\/p>\n<\/td>\n<td style=\"width: 95px; height: 50px;\" valign=\"top\">\n<p align=\"center\"><span style=\"font-family: arial, helvetica, sans-serif; font-size: 20px;\"><strong> &nbsp;<\/strong><\/span><\/p>\n<\/td>\n<\/tr>\n<\/tbody>\n<\/table>\n<hr>\n<p>&nbsp;<\/p>\n","protected":false},"excerpt":{"rendered":"<p>They may be classified into three main groups : &nbsp; Draper\/Hindle-type machines : This is the mother of all machines. Its principle seems to have been elaborated by Huygens, about 1738, and improved by Lord Rosse, and more recently by Henry Draper, an American astronomer. Here are the different parts which compose this machine (see &hellip; <\/p>\n<p class=\"link-more\"><a href=\"https:\/\/gap47.astrosurf.com\/index.php\/the-main-types-of-machines\/\" class=\"more-link\">Continuer la lecture<span class=\"screen-reader-text\"> de &laquo;&nbsp;The main types of machines&nbsp;&raquo;<\/span><\/a><\/p>\n","protected":false},"author":5,"featured_media":0,"parent":0,"menu_order":0,"comment_status":"closed","ping_status":"closed","template":"","meta":{"_exactmetrics_skip_tracking":false,"_exactmetrics_sitenote_active":false,"_exactmetrics_sitenote_note":"","_exactmetrics_sitenote_category":0,"ngg_post_thumbnail":0,"footnotes":""},"class_list":["post-2585","page","type-page","status-publish","hentry"],"yoast_head":"<!-- This site is optimized with the Yoast SEO plugin v24.8.1 - https:\/\/yoast.com\/wordpress\/plugins\/seo\/ -->\n<title>The main types of machines - L&#039;observatoire est ouvert aux visiteurs tous les vendredis soirs \u00e0 21 heures, jusqu&#039;au 3 juillet 2026 inclus, sans r\u00e9servation.<\/title>\n<meta name=\"robots\" content=\"index, follow, max-snippet:-1, max-image-preview:large, max-video-preview:-1\" \/>\n<link rel=\"canonical\" href=\"https:\/\/gap47.astrosurf.com\/index.php\/the-main-types-of-machines\/\" \/>\n<meta property=\"og:locale\" content=\"fr_FR\" \/>\n<meta property=\"og:type\" content=\"article\" \/>\n<meta property=\"og:title\" content=\"The main types of machines - L&#039;observatoire est ouvert aux visiteurs tous les vendredis soirs \u00e0 21 heures, jusqu&#039;au 3 juillet 2026 inclus, sans r\u00e9servation.\" \/>\n<meta property=\"og:description\" content=\"They may be classified into three main groups : &nbsp; Draper\/Hindle-type machines : This is the mother of all machines. Its principle seems to have been elaborated by Huygens, about 1738, and improved by Lord Rosse, and more recently by Henry Draper, an American astronomer. Here are the different parts which compose this machine (see &hellip; Continuer la lecture de &laquo;&nbsp;The main types of machines&nbsp;&raquo;\" \/>\n<meta property=\"og:url\" content=\"https:\/\/gap47.astrosurf.com\/index.php\/the-main-types-of-machines\/\" \/>\n<meta property=\"og:site_name\" content=\"L&#039;observatoire est ouvert aux visiteurs tous les vendredis soirs \u00e0 21 heures, jusqu&#039;au 3 juillet 2026 inclus, sans r\u00e9servation.\" \/>\n<meta property=\"article:publisher\" content=\"https:\/\/www.facebook.com\/astrogap47\/\" \/>\n<meta property=\"article:modified_time\" content=\"2019-12-19T14:40:24+00:00\" \/>\n<meta property=\"og:image\" content=\"http:\/\/gap47.astrosurf.com\/wp-content\/uploads\/2017\/06\/draper-simple01.gif\" \/>\n<meta name=\"twitter:card\" content=\"summary_large_image\" \/>\n<meta name=\"twitter:label1\" content=\"Dur\u00e9e de lecture estim\u00e9e\" \/>\n\t<meta name=\"twitter:data1\" content=\"3 minutes\" \/>\n<script type=\"application\/ld+json\" class=\"yoast-schema-graph\">{\"@context\":\"https:\/\/schema.org\",\"@graph\":[{\"@type\":\"WebPage\",\"@id\":\"https:\/\/gap47.astrosurf.com\/index.php\/the-main-types-of-machines\/\",\"url\":\"https:\/\/gap47.astrosurf.com\/index.php\/the-main-types-of-machines\/\",\"name\":\"The main types of machines - L&#039;observatoire est ouvert aux visiteurs tous les vendredis soirs \u00e0 21 heures, jusqu&#039;au 3 juillet 2026 inclus, sans r\u00e9servation.\",\"isPartOf\":{\"@id\":\"https:\/\/gap47.astrosurf.com\/#website\"},\"primaryImageOfPage\":{\"@id\":\"https:\/\/gap47.astrosurf.com\/index.php\/the-main-types-of-machines\/#primaryimage\"},\"image\":{\"@id\":\"https:\/\/gap47.astrosurf.com\/index.php\/the-main-types-of-machines\/#primaryimage\"},\"thumbnailUrl\":\"http:\/\/gap47.astrosurf.com\/wp-content\/uploads\/2017\/06\/draper-simple01.gif\",\"datePublished\":\"2017-06-20T08:49:22+00:00\",\"dateModified\":\"2019-12-19T14:40:24+00:00\",\"breadcrumb\":{\"@id\":\"https:\/\/gap47.astrosurf.com\/index.php\/the-main-types-of-machines\/#breadcrumb\"},\"inLanguage\":\"fr-FR\",\"potentialAction\":[{\"@type\":\"ReadAction\",\"target\":[\"https:\/\/gap47.astrosurf.com\/index.php\/the-main-types-of-machines\/\"]}]},{\"@type\":\"ImageObject\",\"inLanguage\":\"fr-FR\",\"@id\":\"https:\/\/gap47.astrosurf.com\/index.php\/the-main-types-of-machines\/#primaryimage\",\"url\":\"https:\/\/gap47.astrosurf.com\/wp-content\/uploads\/2017\/06\/draper-simple01.gif\",\"contentUrl\":\"https:\/\/gap47.astrosurf.com\/wp-content\/uploads\/2017\/06\/draper-simple01.gif\",\"width\":350,\"height\":190},{\"@type\":\"BreadcrumbList\",\"@id\":\"https:\/\/gap47.astrosurf.com\/index.php\/the-main-types-of-machines\/#breadcrumb\",\"itemListElement\":[{\"@type\":\"ListItem\",\"position\":1,\"name\":\"Accueil\",\"item\":\"https:\/\/gap47.astrosurf.com\/\"},{\"@type\":\"ListItem\",\"position\":2,\"name\":\"The main types of machines\"}]},{\"@type\":\"WebSite\",\"@id\":\"https:\/\/gap47.astrosurf.com\/#website\",\"url\":\"https:\/\/gap47.astrosurf.com\/\",\"name\":\"De janvier \u00e0 fin juin 2024, le GAP47 sera ouvert aux visiteurs tous les vendredis \u00e0 21h sans r\u00e9servation, \u00e0 l'exception du vendredi 26 janvier o\u00f9 l'observatoire sera ferm\u00e9 au public.\",\"description\":\"Groupe d&#039;Astronomie Populaire du Lot-et-Garonne, \u00e0 Montayral\",\"potentialAction\":[{\"@type\":\"SearchAction\",\"target\":{\"@type\":\"EntryPoint\",\"urlTemplate\":\"https:\/\/gap47.astrosurf.com\/?s={search_term_string}\"},\"query-input\":{\"@type\":\"PropertyValueSpecification\",\"valueRequired\":true,\"valueName\":\"search_term_string\"}}],\"inLanguage\":\"fr-FR\"}]}<\/script>\n<!-- \/ Yoast SEO plugin. -->","yoast_head_json":{"title":"The main types of machines - L&#039;observatoire est ouvert aux visiteurs tous les vendredis soirs \u00e0 21 heures, jusqu&#039;au 3 juillet 2026 inclus, sans r\u00e9servation.","robots":{"index":"index","follow":"follow","max-snippet":"max-snippet:-1","max-image-preview":"max-image-preview:large","max-video-preview":"max-video-preview:-1"},"canonical":"https:\/\/gap47.astrosurf.com\/index.php\/the-main-types-of-machines\/","og_locale":"fr_FR","og_type":"article","og_title":"The main types of machines - L&#039;observatoire est ouvert aux visiteurs tous les vendredis soirs \u00e0 21 heures, jusqu&#039;au 3 juillet 2026 inclus, sans r\u00e9servation.","og_description":"They may be classified into three main groups : &nbsp; Draper\/Hindle-type machines : This is the mother of all machines. Its principle seems to have been elaborated by Huygens, about 1738, and improved by Lord Rosse, and more recently by Henry Draper, an American astronomer. Here are the different parts which compose this machine (see &hellip; Continuer la lecture de &laquo;&nbsp;The main types of machines&nbsp;&raquo;","og_url":"https:\/\/gap47.astrosurf.com\/index.php\/the-main-types-of-machines\/","og_site_name":"L&#039;observatoire est ouvert aux visiteurs tous les vendredis soirs \u00e0 21 heures, jusqu&#039;au 3 juillet 2026 inclus, sans r\u00e9servation.","article_publisher":"https:\/\/www.facebook.com\/astrogap47\/","article_modified_time":"2019-12-19T14:40:24+00:00","og_image":[{"url":"http:\/\/gap47.astrosurf.com\/wp-content\/uploads\/2017\/06\/draper-simple01.gif","type":"","width":"","height":""}],"twitter_card":"summary_large_image","twitter_misc":{"Dur\u00e9e de lecture estim\u00e9e":"3 minutes"},"schema":{"@context":"https:\/\/schema.org","@graph":[{"@type":"WebPage","@id":"https:\/\/gap47.astrosurf.com\/index.php\/the-main-types-of-machines\/","url":"https:\/\/gap47.astrosurf.com\/index.php\/the-main-types-of-machines\/","name":"The main types of machines - L&#039;observatoire est ouvert aux visiteurs tous les vendredis soirs \u00e0 21 heures, jusqu&#039;au 3 juillet 2026 inclus, sans r\u00e9servation.","isPartOf":{"@id":"https:\/\/gap47.astrosurf.com\/#website"},"primaryImageOfPage":{"@id":"https:\/\/gap47.astrosurf.com\/index.php\/the-main-types-of-machines\/#primaryimage"},"image":{"@id":"https:\/\/gap47.astrosurf.com\/index.php\/the-main-types-of-machines\/#primaryimage"},"thumbnailUrl":"http:\/\/gap47.astrosurf.com\/wp-content\/uploads\/2017\/06\/draper-simple01.gif","datePublished":"2017-06-20T08:49:22+00:00","dateModified":"2019-12-19T14:40:24+00:00","breadcrumb":{"@id":"https:\/\/gap47.astrosurf.com\/index.php\/the-main-types-of-machines\/#breadcrumb"},"inLanguage":"fr-FR","potentialAction":[{"@type":"ReadAction","target":["https:\/\/gap47.astrosurf.com\/index.php\/the-main-types-of-machines\/"]}]},{"@type":"ImageObject","inLanguage":"fr-FR","@id":"https:\/\/gap47.astrosurf.com\/index.php\/the-main-types-of-machines\/#primaryimage","url":"https:\/\/gap47.astrosurf.com\/wp-content\/uploads\/2017\/06\/draper-simple01.gif","contentUrl":"https:\/\/gap47.astrosurf.com\/wp-content\/uploads\/2017\/06\/draper-simple01.gif","width":350,"height":190},{"@type":"BreadcrumbList","@id":"https:\/\/gap47.astrosurf.com\/index.php\/the-main-types-of-machines\/#breadcrumb","itemListElement":[{"@type":"ListItem","position":1,"name":"Accueil","item":"https:\/\/gap47.astrosurf.com\/"},{"@type":"ListItem","position":2,"name":"The main types of machines"}]},{"@type":"WebSite","@id":"https:\/\/gap47.astrosurf.com\/#website","url":"https:\/\/gap47.astrosurf.com\/","name":"De janvier \u00e0 fin juin 2024, le GAP47 sera ouvert aux visiteurs tous les vendredis \u00e0 21h sans r\u00e9servation, \u00e0 l'exception du vendredi 26 janvier o\u00f9 l'observatoire sera ferm\u00e9 au public.","description":"Groupe d&#039;Astronomie Populaire du Lot-et-Garonne, \u00e0 Montayral","potentialAction":[{"@type":"SearchAction","target":{"@type":"EntryPoint","urlTemplate":"https:\/\/gap47.astrosurf.com\/?s={search_term_string}"},"query-input":{"@type":"PropertyValueSpecification","valueRequired":true,"valueName":"search_term_string"}}],"inLanguage":"fr-FR"}]}},"_links":{"self":[{"href":"https:\/\/gap47.astrosurf.com\/index.php\/wp-json\/wp\/v2\/pages\/2585","targetHints":{"allow":["GET"]}}],"collection":[{"href":"https:\/\/gap47.astrosurf.com\/index.php\/wp-json\/wp\/v2\/pages"}],"about":[{"href":"https:\/\/gap47.astrosurf.com\/index.php\/wp-json\/wp\/v2\/types\/page"}],"author":[{"embeddable":true,"href":"https:\/\/gap47.astrosurf.com\/index.php\/wp-json\/wp\/v2\/users\/5"}],"replies":[{"embeddable":true,"href":"https:\/\/gap47.astrosurf.com\/index.php\/wp-json\/wp\/v2\/comments?post=2585"}],"version-history":[{"count":9,"href":"https:\/\/gap47.astrosurf.com\/index.php\/wp-json\/wp\/v2\/pages\/2585\/revisions"}],"predecessor-version":[{"id":9024,"href":"https:\/\/gap47.astrosurf.com\/index.php\/wp-json\/wp\/v2\/pages\/2585\/revisions\/9024"}],"wp:attachment":[{"href":"https:\/\/gap47.astrosurf.com\/index.php\/wp-json\/wp\/v2\/media?parent=2585"}],"curies":[{"name":"wp","href":"https:\/\/api.w.org\/{rel}","templated":true}]}}