 {"id":256,"date":"2017-04-19T01:10:38","date_gmt":"2017-04-18T23:10:38","guid":{"rendered":"http:\/\/gap47.astrosurf.com\/?page_id=256"},"modified":"2023-04-01T23:00:45","modified_gmt":"2023-04-01T21:00:45","slug":"3-mercure","status":"publish","type":"page","link":"https:\/\/gap47.astrosurf.com\/index.php\/3-mercure\/","title":{"rendered":"3 &#8211; Mercure"},"content":{"rendered":"<p style=\"text-align: center;\"><a href=\"http:\/\/gap47.astrosurf.com\/wp-content\/uploads\/2017\/12\/03_PanneauMercure.pdf\" target=\"_blank\" rel=\"noopener noreferrer\"><img loading=\"lazy\" decoding=\"async\" class=\"alignnone size-full wp-image-6149\" src=\"http:\/\/gap47.astrosurf.com\/wp-content\/uploads\/2017\/12\/03_PanneauMercure.jpg\" alt=\"\" width=\"1512\" height=\"2646\"><\/a><span style=\"font-family: times new roman,times,serif; font-size: 20px;\"><em>Vous pouvez, en cliquant sur l&rsquo;image ci-dessus \u2191, ouvrir le fichier pdf grand format de ce panneau, que vous pourrez enregistrer (ou non) et sur lequel vous pourrez zoomer.<\/em><\/span><\/p>\n<p>&nbsp;<\/p>\n<p><span style=\"font-family: times new roman,times,serif; font-size: 20px;\">Mercure est la premi\u00e8re plan\u00e8te du syst\u00e8me solaire en partant du Soleil.<\/span><\/p>\n<p>&nbsp;<\/p>\n<p>&nbsp;<\/p>\n<p style=\"text-align: center;\"><span style=\"font-size: 24px;\"><strong><span style=\"font-family: arial,helvetica,sans-serif;\">1) Informations compl\u00e9mentaires :<\/span><\/strong><\/span><\/p>\n<p><span style=\"font-family: times new roman,times,serif; font-size: 20px;\"><strong>Mercure<\/strong> est la plan\u00e8te la plus proche du Soleil. C&rsquo;est aussi la plus petite en taille et la moins massive du syst\u00e8me solaire. Son \u00e9loignement au Soleil est compris entre 0,3075 et 0,4667&nbsp;UA, ce qui correspond \u00e0 une excentricit\u00e9 orbitale de 0,2056 (plus de douze fois sup\u00e9rieure \u00e0 celle de la Terre) et de loin la plus \u00e9lev\u00e9e pour une plan\u00e8te du syst\u00e8me solaire. Elle est visible \u00e0 l&rsquo;\u0153il nu depuis la Terre avec un diam\u00e8tre apparent de 4,5 \u00e0 13&nbsp;secondes d&rsquo;arc, et une magnitude apparente de 5,7 \u00e0 -2,3. Comme elle est tr\u00e8s proche du Soleil dans la r\u00e9alit\u00e9 elle est aussi tr\u00e8s proche de lui dans notre ciel. Donc son observation est rendue difficile par son \u00e9longation toujours inf\u00e9rieure \u00e0 28,3\u00b0 qui la noie le plus souvent dans l&rsquo;\u00e9clat du Soleil.<\/span><\/p>\n<p><span style=\"font-family: times new roman,times,serif; font-size: 20px;\">Mercure a la particularit\u00e9 d&rsquo;\u00eatre en r\u00e9sonance 3:2 sur son orbite, sa p\u00e9riode de r\u00e9volution (87,969&nbsp;jours) valant exactement 1,5&nbsp;fois sa p\u00e9riode de rotation sur elle-m\u00eame (58,646&nbsp;jours). L&rsquo;inclinaison de l&rsquo;axe de rotation de Mercure sur son plan orbital est la plus faible du syst\u00e8me solaire, \u00e0 peine 2&nbsp;minutes d&rsquo;arc. <span style=\"color: #000000;\">Son p\u00e9rih\u00e9lie conna\u00eet une pr\u00e9cession autour du Soleil plus rapide que celle pr\u00e9dite par la m\u00e9canique newtonienne, une avance de 42,98&nbsp;secondes d&rsquo;arc par si\u00e8cle. On avait essay\u00e9, au XIX\u00b0 si\u00e8cle d&rsquo;expliquer ces aberrations par la pr\u00e9sence d&rsquo;une \u00e9ventuelle plan\u00e8te situ\u00e9e entre le Soleil et Mercure (on l&rsquo;avait m\u00eame nomm\u00e9e \u00ab\u00a0Vulcain\u00a0\u00bb). On n&rsquo;a pu compl\u00e8tement expliquer ces mesures que dans le cadre de la relativit\u00e9 g\u00e9n\u00e9rale d&rsquo;Einstein (publi\u00e9e en 1915).<\/span><\/span><\/p>\n<p>&nbsp;<\/p>\n<p><img loading=\"lazy\" decoding=\"async\" class=\"size-full wp-image-4028 aligncenter\" src=\"http:\/\/gap47.astrosurf.com\/wp-content\/uploads\/2017\/04\/Pre\u0301cession-Mercure.png\" alt=\"\" width=\"521\" height=\"542\" srcset=\"https:\/\/gap47.astrosurf.com\/wp-content\/uploads\/2017\/04\/Pre\u0301cession-Mercure.png 521w, https:\/\/gap47.astrosurf.com\/wp-content\/uploads\/2017\/04\/Pre\u0301cession-Mercure-288x300.png 288w\" sizes=\"auto, (max-width: 521px) 100vw, 521px\" \/><\/p>\n<p style=\"text-align: center;\"><span style=\"font-family: 'times new roman', times, serif; font-size: 20px;\"><em>L&rsquo;orbite de Mercure tourne tr\u00e8s lentement autour du Soleil (ici, l&rsquo;excentricit\u00e9 est exag\u00e9r\u00e9e)<\/em><\/span><\/p>\n<p><span style=\"font-family: times new roman,times,serif; font-size: 20px;\">Mercure est une plan\u00e8te tellurique, comme le sont \u00e9galement V\u00e9nus, la Terre et Mars. Elle est pr\u00e8s de trois fois plus petite et presque vingt fois moins massive que la Terre mais presque aussi dense qu&rsquo;elle, avec une gravit\u00e9 de surface pratiquement \u00e9gale \u00e0 celle de Mars, qui est pourtant pr\u00e8s de deux fois plus massive. Sa densit\u00e9 remarquable, d\u00e9pass\u00e9e seulement par celle de la Terre, qui lui serait d&rsquo;ailleurs inf\u00e9rieure sans l&rsquo;effet de la compression gravitationnelle, est due \u00e0 l&rsquo;importance de son noyau m\u00e9tallique, qui occuperait plus de 40&nbsp;% de son volume, contre seulement 17&nbsp;% pour la Terre.<\/span><\/p>\n<p><span style=\"font-family: times new roman,times,serif; font-size: 20px;\">Comme V\u00e9nus, Mercure est quasiment sph\u00e9rique (son aplatissement pouvant \u00eatre consid\u00e9r\u00e9 comme nul) en raison de sa rotation tr\u00e8s lente. D\u00e9pourvue de v\u00e9ritable atmosph\u00e8re, sa surface est tr\u00e8s fortement crat\u00e9ris\u00e9e et globalement assez similaire \u00e0 la face cach\u00e9e de la Lune. Seules deux sondes spatiales ont \u00e9tudi\u00e9 Mercure. \u00ab\u00a0Mariner 10\u00a0\u00bb, qui a survol\u00e9 \u00e0 trois reprises la plan\u00e8te en 1974\/1975, qui a cartographi\u00e9 45&nbsp;% de sa surface et d\u00e9couvert son champ magn\u00e9tique. La sonde \u00ab\u00a0Messenger\u00a0\u00bb, apr\u00e8s trois survols en 2008\/2009, s&rsquo;est mise en orbite autour de Mercure en mars 2011 et a entam\u00e9 une \u00e9tude d\u00e9taill\u00e9e notamment de sa topographie, son histoire g\u00e9ologique, son champ magn\u00e9tique et son exosph\u00e8re. Messenger a aussi cartographi\u00e9 plus de 95&nbsp;% de la surface de Mercure.<br \/>\n<\/span><\/p>\n<p><span style=\"font-family: times new roman,times,serif; font-size: 20px;\">La quasi-absence d&rsquo;atmosph\u00e8re combin\u00e9e \u00e0 la proximit\u00e9 du Soleil engendre des temp\u00e9ratures en surface allant de 90&nbsp;K (-183&nbsp;\u00b0C) au fond des crat\u00e8res polaires (l\u00e0 o\u00f9 les rayons du Soleil ne parviennent jamais) jusqu&rsquo;\u00e0 700&nbsp;K (427&nbsp;\u00b0C) au point subsolaire au p\u00e9rih\u00e9lie.<\/span><\/p>\n<p><span style=\"font-family: times new roman,times,serif; font-size: 20px;\">Cette plan\u00e8te doit son nom \u00e0 Mercure, dieu du commerce et des voyages, \u00e9galement messager des autres dieux dans la mythologie romaine. Le dieu correspondant dans l&rsquo;Antiquit\u00e9 grecque \u00e9tait <strong>Herm\u00e8s<\/strong>, qui \u00e9tait aussi le messager des dieux, principalement de Zeus, l&rsquo;inventeur des poids et des mesures, le gardien des routes et carrefours, le dieu des voyageurs, des commer\u00e7ants, des voleurs et des orateurs. La plan\u00e8te a \u00e9t\u00e9 nomm\u00e9e ainsi par les Romains \u00e0 cause de la vitesse \u00e0 laquelle elle se d\u00e9pla\u00e7ait dans le ciel. Mercure laissa \u00e9galement son nom au troisi\u00e8me jour de la semaine, mercredi (\u00ab Mercurii dies \u00bb).<\/span><\/p>\n<p><span style=\"font-family: times new roman,times,serif; font-size: 20px;\">Mercure n&rsquo;a pas de satellite, une atmosph\u00e8re quasi-inexistante et un magn\u00e9tisme tr\u00e8s faible. Elle a eu une activit\u00e9 volcanique, \u00e9teinte depuis tr\u00e8s longtemps.<\/span><\/p>\n<p><span style=\"font-family: times new roman,times,serif; font-size: 20px;\">Quand on arrive \u00e0 voir Mercure dans un t\u00e9lescope (c&rsquo;est difficile car le Soleil n&rsquo;est jamais loin) on la voit avec des \u00ab\u00a0phases\u00a0\u00bb, comparables au phases de V\u00e9nus ou de la Lune.<\/span><\/p>\n<p><a href=\"http:\/\/gap47.astrosurf.com\/wp-content\/uploads\/2017\/04\/phasesvenus.jpg\"><img loading=\"lazy\" decoding=\"async\" class=\"aligncenter wp-image-4030 size-full\" src=\"http:\/\/gap47.astrosurf.com\/wp-content\/uploads\/2017\/04\/phasesvenus.jpg\" alt=\"\" width=\"1413\" height=\"663\" srcset=\"https:\/\/gap47.astrosurf.com\/wp-content\/uploads\/2017\/04\/phasesvenus.jpg 1413w, https:\/\/gap47.astrosurf.com\/wp-content\/uploads\/2017\/04\/phasesvenus-300x141.jpg 300w, https:\/\/gap47.astrosurf.com\/wp-content\/uploads\/2017\/04\/phasesvenus-768x360.jpg 768w\" sizes=\"auto, (max-width: 767px) 89vw, (max-width: 1000px) 54vw, (max-width: 1071px) 543px, 580px\" \/><\/a><\/p>\n<p>&nbsp;<\/p>\n<p><span style=\"font-family: times new roman,times,serif; font-size: 20px; color: #008000;\"><strong>Vous pouvez aussi consulter notre document pdf :<\/strong><\/span><br \/>\n<span style=\"font-family: times new roman,times,serif; font-size: 20px;\"> <strong>\u2022 <a href=\"http:\/\/gap47.astrosurf.com\/wp-content\/uploads\/2023\/03\/Mercure-2023-red-prot.pdf\" target=\"_blank\" rel=\"noopener\">Mercure<\/a><\/strong> (65 pages)<\/span><\/p>\n<p>&nbsp;<\/p>\n<p>&nbsp;<\/p>\n<p style=\"text-align: center;\"><span style=\"font-size: 24px;\"><strong><span style=\"font-family: arial,helvetica,sans-serif;\">2) Localisation :<\/span><\/strong><\/span><\/p>\n<p><span style=\"font-family: times new roman,times,serif; font-size: 20px;\"><strong>Maquette parcours<\/strong> : Vous \u00eates \u00e0 20,68 m\u00e8tres de notre Soleil de 50 cm de diam\u00e8tre. La plan\u00e8te Mercure a un diam\u00e8tre de 1,74 mm.<\/span><\/p>\n<p><span style=\"font-family: times new roman,times,serif; font-size: 20px;\"><strong>R\u00e9alit\u00e9 cosmique<\/strong> : Vous \u00eates \u00e0 57,91 millions de km (0,387 UA) du Soleil de 1.392.684 km de diam\u00e8tre. La plan\u00e8te Mercure a un diam\u00e8tre de 4.878 km.<\/span><\/p>\n<p><span style=\"font-family: times new roman,times,serif; font-size: 20px;\">Allez vers la deuxi\u00e8me plan\u00e8te&#8230;<\/span><\/p>\n<p>&nbsp;<\/p>\n<p>&nbsp;<\/p>\n<p style=\"text-align: center;\"><span style=\"font-size: 24px;\"><strong><span style=\"font-family: arial,helvetica,sans-serif;\">3) Illustrations :<\/span><\/strong><\/span><\/p>\n<p style=\"text-align: center;\"><a href=\"http:\/\/gap47.astrosurf.com\/wp-content\/uploads\/2017\/04\/PIA15162.jpg\"><img loading=\"lazy\" decoding=\"async\" class=\"aligncenter wp-image-3772 size-full\" src=\"http:\/\/gap47.astrosurf.com\/wp-content\/uploads\/2017\/04\/PIA15162.jpg\" alt=\"\" width=\"1600\" height=\"1600\" srcset=\"https:\/\/gap47.astrosurf.com\/wp-content\/uploads\/2017\/04\/PIA15162.jpg 1600w, https:\/\/gap47.astrosurf.com\/wp-content\/uploads\/2017\/04\/PIA15162-150x150.jpg 150w, https:\/\/gap47.astrosurf.com\/wp-content\/uploads\/2017\/04\/PIA15162-300x300.jpg 300w, https:\/\/gap47.astrosurf.com\/wp-content\/uploads\/2017\/04\/PIA15162-768x768.jpg 768w, https:\/\/gap47.astrosurf.com\/wp-content\/uploads\/2017\/04\/PIA15162-1200x1200.jpg 1200w, https:\/\/gap47.astrosurf.com\/wp-content\/uploads\/2017\/04\/PIA15162-100x100.jpg 100w\" sizes=\"auto, (max-width: 767px) 89vw, (max-width: 1000px) 54vw, (max-width: 1071px) 543px, 580px\" \/><\/a><span style=\"font-family: times new roman,times,serif;\"><span style=\"font-size: 20px;\">\u2191 Mercure, photographi\u00e9e par la sonde am\u00e9ricaine \u00ab\u00a0Messenger\u00a0\u00bb \u2193<\/span><br \/>\n<\/span><\/p>\n<p style=\"text-align: center;\"><img loading=\"lazy\" decoding=\"async\" class=\"aligncenter wp-image-4029 size-full\" src=\"http:\/\/gap47.astrosurf.com\/wp-content\/uploads\/2017\/04\/Mercure.png\" alt=\"\" width=\"721\" height=\"721\" srcset=\"https:\/\/gap47.astrosurf.com\/wp-content\/uploads\/2017\/04\/Mercure.png 721w, https:\/\/gap47.astrosurf.com\/wp-content\/uploads\/2017\/04\/Mercure-150x150.png 150w, https:\/\/gap47.astrosurf.com\/wp-content\/uploads\/2017\/04\/Mercure-300x300.png 300w, https:\/\/gap47.astrosurf.com\/wp-content\/uploads\/2017\/04\/Mercure-100x100.png 100w\" sizes=\"auto, (max-width: 721px) 100vw, 721px\" \/><\/p>\nhttps:\/\/www.youtube.com\/watch?time_continue=50&#038;v=g-sk_cH6MXc\n<p style=\"text-align: center;\"><span style=\"font-family: times new roman, times, serif;\"><span style=\"font-size: 20px;\">\u2191&nbsp;&nbsp; Quelle impression aurions-nous si l\u2019on survolait la plan\u00e8te Mercure&nbsp;? Les images et les donn\u00e9es collect\u00e9es par la sonde \u00ab&nbsp;<strong>Messenger<\/strong>&nbsp;\u00bb qui a \u00e9t\u00e9 en orbite autour de cette plan\u00e8te de 2011 \u00e0 2015 ont \u00e9t\u00e9 combin\u00e9es pour figurer ce survol virtuel qui met en valeur une grande partie de Mercure. La plan\u00e8te la plus proche de notre Soleil appara\u00eet assez similaire \u00e0 notre Lune, avec une surface grise parsem\u00e9e de nombreux crat\u00e8res. On peut m\u00eame y voir des ombres pr\u00e8s des p\u00f4les qui abritent de la glace d\u2019eau. La rotation de Mercure est si lente qu\u2019elle ne fait que trois tours sur elle-m\u00eame pendant qu\u2019elle fait deux fois le tour du Soleil. L\u2019Europe et le Japon devraient lancer la sonde BepiColombo en 2018 pour encore mieux cartographier la surface de cette petite plan\u00e8te et analyser son champ magn\u00e9tique. <span style=\"font-family: arial, helvetica, sans-serif;\">\u00a9 NASA APOD 11 d\u00e9cembre 2017<\/span><\/span><br \/>\n<\/span><\/p>\n<p style=\"text-align: center;\">&nbsp;<\/p>\n<div style=\"width: 525px;\" class=\"wp-video\"><video class=\"wp-video-shortcode\" id=\"video-256-1\" width=\"525\" height=\"525\" preload=\"metadata\" controls=\"controls\"><source type=\"video\/mp4\" src=\"http:\/\/gap47.astrosurf.com\/wp-content\/uploads\/2019\/04\/MESSENGER-False-Color-Mercury-Globe-Spin.mp4?_=1\" \/><a href=\"http:\/\/gap47.astrosurf.com\/wp-content\/uploads\/2019\/04\/MESSENGER-False-Color-Mercury-Globe-Spin.mp4\">http:\/\/gap47.astrosurf.com\/wp-content\/uploads\/2019\/04\/MESSENGER-False-Color-Mercury-Globe-Spin.mp4<\/a><\/video><\/div>\n<p style=\"text-align: center;\"><span style=\"font-family: 'times new roman', times, serif; font-size: 20px;\"><span style=\"font-family: times new roman, times, serif;\">\u2191&nbsp;&nbsp; <\/span>Il n\u2019y a que six ans que la surface enti\u00e8re de Mercure a finalement \u00e9t\u00e9 cartographi\u00e9e. Des observations d\u00e9taill\u00e9es de la surprenante cro\u00fbte de la plan\u00e8te la plus proche du Soleil, quand la sonde Messenger a commenc\u00e9 \u00e0 tourner autour de Mercure en 2008 et a continu\u00e9 jusqu\u2019\u00e0 son \u00e9crasement programm\u00e9 en 2015. Auparavant, la majeure partie de la surface de la plan\u00e8te \u00e9tait inconnue dans la mesure o\u00f9 elle est trop loin de la Terre pour \u00eatre observ\u00e9e correctement par des t\u00e9lescopes terrestres. &nbsp;Les survols de Mariner 10 dans les ann\u00e9es 1970 n\u2019ont montr\u00e9 que la moiti\u00e9 de la surface de Mercure. La vid\u00e9o ci-dessus est une compilation de milliers d\u2019images de la plan\u00e8te montrant des couleurs exag\u00e9r\u00e9es pour mieux voir le contraste entre les diff\u00e9rentes caract\u00e9ristiques de la surface. Visible comme un monde en rotation, on voit des raies \u00e9manant d\u2019un impact au Nord, qui s\u2019\u00e9tendent sur une bonne partie de la plan\u00e8te, tandis que, vers le milieu de la vid\u00e9o, la lumi\u00e8re color\u00e9e du \u00ab Bassin Carolis \u00bb tourne; c&rsquo;est un impact bor\u00e9al rempli de lave. Des r\u00e9centes analyses des donn\u00e9es de Messenger montrent que Mercure dispose d\u2019un c\u0153ur solide et dense. <span style=\"font-family: times new roman, times, serif;\"><span style=\"font-family: arial, helvetica, sans-serif;\">\u00a9&nbsp;NASA&nbsp;APOD 28 avril 2019<\/span><\/span><\/span><\/p>\n<p>&nbsp;<\/p>\n<p style=\"text-align: center;\"><span style=\"font-family: arial,helvetica,sans-serif; font-size: 24px;\"><strong>4) Donn\u00e9s chiffr\u00e9es concernant Mercure :<\/strong><\/span><\/p>\n<p style=\"text-align: center;\"><img loading=\"lazy\" decoding=\"async\" class=\"alignnone size-full wp-image-3300\" src=\"http:\/\/gap47.astrosurf.com\/wp-content\/uploads\/2017\/04\/Mercure-data-1.png\" alt=\"\" width=\"798\" height=\"1574\" srcset=\"https:\/\/gap47.astrosurf.com\/wp-content\/uploads\/2017\/04\/Mercure-data-1.png 798w, https:\/\/gap47.astrosurf.com\/wp-content\/uploads\/2017\/04\/Mercure-data-1-152x300.png 152w, https:\/\/gap47.astrosurf.com\/wp-content\/uploads\/2017\/04\/Mercure-data-1-768x1515.png 768w, https:\/\/gap47.astrosurf.com\/wp-content\/uploads\/2017\/04\/Mercure-data-1-608x1200.png 608w\" sizes=\"auto, (max-width: 767px) 89vw, (max-width: 1000px) 54vw, (max-width: 1071px) 543px, 580px\" \/><\/p>\n<hr>\n<p>&nbsp;<\/p>\n","protected":false},"excerpt":{"rendered":"<p>Vous pouvez, en cliquant sur l&rsquo;image ci-dessus \u2191, ouvrir le fichier pdf grand format de ce panneau, que vous pourrez enregistrer (ou non) et sur lequel vous pourrez zoomer. &nbsp; Mercure est la premi\u00e8re plan\u00e8te du syst\u00e8me solaire en partant du Soleil. &nbsp; &nbsp; 1) Informations compl\u00e9mentaires : Mercure est la plan\u00e8te la plus proche &hellip; <\/p>\n<p class=\"link-more\"><a href=\"https:\/\/gap47.astrosurf.com\/index.php\/3-mercure\/\" class=\"more-link\">Continuer la lecture<span class=\"screen-reader-text\"> de &laquo;&nbsp;3 &#8211; Mercure&nbsp;&raquo;<\/span><\/a><\/p>\n","protected":false},"author":5,"featured_media":0,"parent":0,"menu_order":0,"comment_status":"closed","ping_status":"closed","template":"","meta":{"_exactmetrics_skip_tracking":false,"_exactmetrics_sitenote_active":false,"_exactmetrics_sitenote_note":"","_exactmetrics_sitenote_category":0,"ngg_post_thumbnail":0,"footnotes":""},"class_list":["post-256","page","type-page","status-publish","hentry"],"yoast_head":"<!-- This site is optimized with the Yoast SEO plugin v24.8.1 - https:\/\/yoast.com\/wordpress\/plugins\/seo\/ -->\n<title>3 - Mercure - L&#039;observatoire est ouvert aux visiteurs tous les vendredis soirs \u00e0 21 heures, jusqu&#039;au 3 juillet 2026 inclus, sans r\u00e9servation.<\/title>\n<meta name=\"robots\" content=\"index, follow, max-snippet:-1, max-image-preview:large, max-video-preview:-1\" \/>\n<link rel=\"canonical\" href=\"https:\/\/gap47.astrosurf.com\/index.php\/3-mercure\/\" \/>\n<meta property=\"og:locale\" content=\"fr_FR\" \/>\n<meta property=\"og:type\" content=\"article\" \/>\n<meta property=\"og:title\" content=\"3 - Mercure - L&#039;observatoire est ouvert aux visiteurs tous les vendredis soirs \u00e0 21 heures, jusqu&#039;au 3 juillet 2026 inclus, sans r\u00e9servation.\" \/>\n<meta property=\"og:description\" content=\"Vous pouvez, en cliquant sur l&rsquo;image ci-dessus \u2191, ouvrir le fichier pdf grand format de ce panneau, que vous pourrez enregistrer (ou non) et sur lequel vous pourrez zoomer. &nbsp; Mercure est la premi\u00e8re plan\u00e8te du syst\u00e8me solaire en partant du Soleil. &nbsp; &nbsp; 1) Informations compl\u00e9mentaires : Mercure est la plan\u00e8te la plus proche &hellip; Continuer la lecture de &laquo;&nbsp;3 &#8211; Mercure&nbsp;&raquo;\" \/>\n<meta property=\"og:url\" content=\"https:\/\/gap47.astrosurf.com\/index.php\/3-mercure\/\" \/>\n<meta property=\"og:site_name\" content=\"L&#039;observatoire est ouvert aux visiteurs tous les vendredis soirs \u00e0 21 heures, jusqu&#039;au 3 juillet 2026 inclus, sans r\u00e9servation.\" \/>\n<meta property=\"article:publisher\" content=\"https:\/\/www.facebook.com\/astrogap47\/\" \/>\n<meta property=\"article:modified_time\" content=\"2023-04-01T21:00:45+00:00\" \/>\n<meta property=\"og:image\" content=\"http:\/\/gap47.astrosurf.com\/wp-content\/uploads\/2017\/12\/03_PanneauMercure.jpg\" \/>\n<meta name=\"twitter:card\" content=\"summary_large_image\" \/>\n<meta name=\"twitter:label1\" content=\"Dur\u00e9e de lecture estim\u00e9e\" \/>\n\t<meta name=\"twitter:data1\" content=\"8 minutes\" \/>\n<script type=\"application\/ld+json\" class=\"yoast-schema-graph\">{\"@context\":\"https:\/\/schema.org\",\"@graph\":[{\"@type\":\"WebPage\",\"@id\":\"https:\/\/gap47.astrosurf.com\/index.php\/3-mercure\/\",\"url\":\"https:\/\/gap47.astrosurf.com\/index.php\/3-mercure\/\",\"name\":\"3 - Mercure - L&#039;observatoire est ouvert aux visiteurs tous les vendredis soirs \u00e0 21 heures, jusqu&#039;au 3 juillet 2026 inclus, sans r\u00e9servation.\",\"isPartOf\":{\"@id\":\"https:\/\/gap47.astrosurf.com\/#website\"},\"primaryImageOfPage\":{\"@id\":\"https:\/\/gap47.astrosurf.com\/index.php\/3-mercure\/#primaryimage\"},\"image\":{\"@id\":\"https:\/\/gap47.astrosurf.com\/index.php\/3-mercure\/#primaryimage\"},\"thumbnailUrl\":\"http:\/\/gap47.astrosurf.com\/wp-content\/uploads\/2017\/12\/03_PanneauMercure.jpg\",\"datePublished\":\"2017-04-18T23:10:38+00:00\",\"dateModified\":\"2023-04-01T21:00:45+00:00\",\"breadcrumb\":{\"@id\":\"https:\/\/gap47.astrosurf.com\/index.php\/3-mercure\/#breadcrumb\"},\"inLanguage\":\"fr-FR\",\"potentialAction\":[{\"@type\":\"ReadAction\",\"target\":[\"https:\/\/gap47.astrosurf.com\/index.php\/3-mercure\/\"]}]},{\"@type\":\"ImageObject\",\"inLanguage\":\"fr-FR\",\"@id\":\"https:\/\/gap47.astrosurf.com\/index.php\/3-mercure\/#primaryimage\",\"url\":\"https:\/\/gap47.astrosurf.com\/wp-content\/uploads\/2017\/12\/03_PanneauMercure.jpg\",\"contentUrl\":\"https:\/\/gap47.astrosurf.com\/wp-content\/uploads\/2017\/12\/03_PanneauMercure.jpg\",\"width\":1512,\"height\":2646},{\"@type\":\"BreadcrumbList\",\"@id\":\"https:\/\/gap47.astrosurf.com\/index.php\/3-mercure\/#breadcrumb\",\"itemListElement\":[{\"@type\":\"ListItem\",\"position\":1,\"name\":\"Accueil\",\"item\":\"https:\/\/gap47.astrosurf.com\/\"},{\"@type\":\"ListItem\",\"position\":2,\"name\":\"3 &#8211; Mercure\"}]},{\"@type\":\"WebSite\",\"@id\":\"https:\/\/gap47.astrosurf.com\/#website\",\"url\":\"https:\/\/gap47.astrosurf.com\/\",\"name\":\"De janvier \u00e0 fin juin 2024, le GAP47 sera ouvert aux visiteurs tous les vendredis \u00e0 21h sans r\u00e9servation, \u00e0 l'exception du vendredi 26 janvier o\u00f9 l'observatoire sera ferm\u00e9 au public.\",\"description\":\"Groupe d&#039;Astronomie Populaire du Lot-et-Garonne, \u00e0 Montayral\",\"potentialAction\":[{\"@type\":\"SearchAction\",\"target\":{\"@type\":\"EntryPoint\",\"urlTemplate\":\"https:\/\/gap47.astrosurf.com\/?s={search_term_string}\"},\"query-input\":{\"@type\":\"PropertyValueSpecification\",\"valueRequired\":true,\"valueName\":\"search_term_string\"}}],\"inLanguage\":\"fr-FR\"}]}<\/script>\n<!-- \/ Yoast SEO plugin. -->","yoast_head_json":{"title":"3 - Mercure - L&#039;observatoire est ouvert aux visiteurs tous les vendredis soirs \u00e0 21 heures, jusqu&#039;au 3 juillet 2026 inclus, sans r\u00e9servation.","robots":{"index":"index","follow":"follow","max-snippet":"max-snippet:-1","max-image-preview":"max-image-preview:large","max-video-preview":"max-video-preview:-1"},"canonical":"https:\/\/gap47.astrosurf.com\/index.php\/3-mercure\/","og_locale":"fr_FR","og_type":"article","og_title":"3 - Mercure - L&#039;observatoire est ouvert aux visiteurs tous les vendredis soirs \u00e0 21 heures, jusqu&#039;au 3 juillet 2026 inclus, sans r\u00e9servation.","og_description":"Vous pouvez, en cliquant sur l&rsquo;image ci-dessus \u2191, ouvrir le fichier pdf grand format de ce panneau, que vous pourrez enregistrer (ou non) et sur lequel vous pourrez zoomer. &nbsp; Mercure est la premi\u00e8re plan\u00e8te du syst\u00e8me solaire en partant du Soleil. &nbsp; &nbsp; 1) Informations compl\u00e9mentaires : Mercure est la plan\u00e8te la plus proche &hellip; Continuer la lecture de &laquo;&nbsp;3 &#8211; Mercure&nbsp;&raquo;","og_url":"https:\/\/gap47.astrosurf.com\/index.php\/3-mercure\/","og_site_name":"L&#039;observatoire est ouvert aux visiteurs tous les vendredis soirs \u00e0 21 heures, jusqu&#039;au 3 juillet 2026 inclus, sans r\u00e9servation.","article_publisher":"https:\/\/www.facebook.com\/astrogap47\/","article_modified_time":"2023-04-01T21:00:45+00:00","og_image":[{"url":"http:\/\/gap47.astrosurf.com\/wp-content\/uploads\/2017\/12\/03_PanneauMercure.jpg","type":"","width":"","height":""}],"twitter_card":"summary_large_image","twitter_misc":{"Dur\u00e9e de lecture estim\u00e9e":"8 minutes"},"schema":{"@context":"https:\/\/schema.org","@graph":[{"@type":"WebPage","@id":"https:\/\/gap47.astrosurf.com\/index.php\/3-mercure\/","url":"https:\/\/gap47.astrosurf.com\/index.php\/3-mercure\/","name":"3 - Mercure - L&#039;observatoire est ouvert aux visiteurs tous les vendredis soirs \u00e0 21 heures, jusqu&#039;au 3 juillet 2026 inclus, sans r\u00e9servation.","isPartOf":{"@id":"https:\/\/gap47.astrosurf.com\/#website"},"primaryImageOfPage":{"@id":"https:\/\/gap47.astrosurf.com\/index.php\/3-mercure\/#primaryimage"},"image":{"@id":"https:\/\/gap47.astrosurf.com\/index.php\/3-mercure\/#primaryimage"},"thumbnailUrl":"http:\/\/gap47.astrosurf.com\/wp-content\/uploads\/2017\/12\/03_PanneauMercure.jpg","datePublished":"2017-04-18T23:10:38+00:00","dateModified":"2023-04-01T21:00:45+00:00","breadcrumb":{"@id":"https:\/\/gap47.astrosurf.com\/index.php\/3-mercure\/#breadcrumb"},"inLanguage":"fr-FR","potentialAction":[{"@type":"ReadAction","target":["https:\/\/gap47.astrosurf.com\/index.php\/3-mercure\/"]}]},{"@type":"ImageObject","inLanguage":"fr-FR","@id":"https:\/\/gap47.astrosurf.com\/index.php\/3-mercure\/#primaryimage","url":"https:\/\/gap47.astrosurf.com\/wp-content\/uploads\/2017\/12\/03_PanneauMercure.jpg","contentUrl":"https:\/\/gap47.astrosurf.com\/wp-content\/uploads\/2017\/12\/03_PanneauMercure.jpg","width":1512,"height":2646},{"@type":"BreadcrumbList","@id":"https:\/\/gap47.astrosurf.com\/index.php\/3-mercure\/#breadcrumb","itemListElement":[{"@type":"ListItem","position":1,"name":"Accueil","item":"https:\/\/gap47.astrosurf.com\/"},{"@type":"ListItem","position":2,"name":"3 &#8211; Mercure"}]},{"@type":"WebSite","@id":"https:\/\/gap47.astrosurf.com\/#website","url":"https:\/\/gap47.astrosurf.com\/","name":"De janvier \u00e0 fin juin 2024, le GAP47 sera ouvert aux visiteurs tous les vendredis \u00e0 21h sans r\u00e9servation, \u00e0 l'exception du vendredi 26 janvier o\u00f9 l'observatoire sera ferm\u00e9 au public.","description":"Groupe d&#039;Astronomie Populaire du Lot-et-Garonne, \u00e0 Montayral","potentialAction":[{"@type":"SearchAction","target":{"@type":"EntryPoint","urlTemplate":"https:\/\/gap47.astrosurf.com\/?s={search_term_string}"},"query-input":{"@type":"PropertyValueSpecification","valueRequired":true,"valueName":"search_term_string"}}],"inLanguage":"fr-FR"}]}},"_links":{"self":[{"href":"https:\/\/gap47.astrosurf.com\/index.php\/wp-json\/wp\/v2\/pages\/256","targetHints":{"allow":["GET"]}}],"collection":[{"href":"https:\/\/gap47.astrosurf.com\/index.php\/wp-json\/wp\/v2\/pages"}],"about":[{"href":"https:\/\/gap47.astrosurf.com\/index.php\/wp-json\/wp\/v2\/types\/page"}],"author":[{"embeddable":true,"href":"https:\/\/gap47.astrosurf.com\/index.php\/wp-json\/wp\/v2\/users\/5"}],"replies":[{"embeddable":true,"href":"https:\/\/gap47.astrosurf.com\/index.php\/wp-json\/wp\/v2\/comments?post=256"}],"version-history":[{"count":44,"href":"https:\/\/gap47.astrosurf.com\/index.php\/wp-json\/wp\/v2\/pages\/256\/revisions"}],"predecessor-version":[{"id":12227,"href":"https:\/\/gap47.astrosurf.com\/index.php\/wp-json\/wp\/v2\/pages\/256\/revisions\/12227"}],"wp:attachment":[{"href":"https:\/\/gap47.astrosurf.com\/index.php\/wp-json\/wp\/v2\/media?parent=256"}],"curies":[{"name":"wp","href":"https:\/\/api.w.org\/{rel}","templated":true}]}}