 {"id":216,"date":"2017-04-01T17:46:29","date_gmt":"2017-04-01T15:46:29","guid":{"rendered":"http:\/\/gap47.astrosurf.com\/?page_id=216"},"modified":"2023-07-22T21:59:10","modified_gmt":"2023-07-22T19:59:10","slug":"autres-documents","status":"publish","type":"page","link":"https:\/\/gap47.astrosurf.com\/index.php\/ressources\/telechargements\/autres-documents\/","title":{"rendered":"Autres documents"},"content":{"rendered":"<p><span style=\"font-size: 20px;\"><strong><span style=\"font-family: arial,helvetica,sans-serif;\">Venant souvent de l&rsquo;ESA, de l&rsquo;ESO ou de la NASA (et de quelques autres sources), ces documents (g\u00e9n\u00e9ralement des fichiers pdf), d&rsquo;actualit\u00e9 r\u00e9cente, sont assez courts et sont class\u00e9s en 2 cat\u00e9gories : (cliquez sur le sujet de votre choix)<br \/>\n<\/span><\/strong><\/span><\/p>\n<p><span style=\"font-family: times new roman,times,serif; font-size: 20px;\"><strong>a) <a href=\"http:\/\/gap47.astrosurf.com\/index.php\/ressources\/telechargements\/autres-documents\/systeme-solaire\/\" target=\"_blank\" rel=\"noopener\">Syst\u00e8me Solaire, Plan\u00e8tes, Satellites, Com\u00e8tes, &#8230;<\/a><\/strong><\/span><\/p>\n<p><span style=\"font-family: times new roman,times,serif; font-size: 20px;\"><strong>b) <a href=\"http:\/\/gap47.astrosurf.com\/index.php\/ressources\/telechargements\/autres-documents\/etoiles-galaxies-univers-astrophysique\/\" target=\"_blank\" rel=\"noopener\">\u00c9toiles, Exoplan\u00e8tes, Galaxies, Univers, Astrophysique, &#8230;<\/a><\/strong><\/span><\/p>\n<hr>\n<p style=\"text-align: left;\">&nbsp;<\/p>\n","protected":false},"excerpt":{"rendered":"<p>Venant souvent de l&rsquo;ESA, de l&rsquo;ESO ou de la NASA (et de quelques autres sources), ces documents (g\u00e9n\u00e9ralement des fichiers pdf), d&rsquo;actualit\u00e9 r\u00e9cente, sont assez courts et sont class\u00e9s en 2 cat\u00e9gories : (cliquez sur le sujet de votre choix) a) Syst\u00e8me Solaire, Plan\u00e8tes, Satellites, Com\u00e8tes, &#8230; b) \u00c9toiles, Exoplan\u00e8tes, Galaxies, Univers, Astrophysique, &#8230; &nbsp;<\/p>\n","protected":false},"author":5,"featured_media":0,"parent":206,"menu_order":2,"comment_status":"closed","ping_status":"closed","template":"","meta":{"_exactmetrics_skip_tracking":false,"_exactmetrics_sitenote_active":false,"_exactmetrics_sitenote_note":"","_exactmetrics_sitenote_category":0,"ngg_post_thumbnail":0,"footnotes":""},"class_list":["post-216","page","type-page","status-publish","hentry"],"yoast_head":"<!-- This site is optimized with the Yoast SEO plugin v24.8.1 - https:\/\/yoast.com\/wordpress\/plugins\/seo\/ -->\n<title>Autres documents - L&#039;observatoire est ouvert aux visiteurs tous les vendredis soirs \u00e0 21 heures, jusqu&#039;au 3 juillet 2026 inclus, sans r\u00e9servation.<\/title>\n<meta name=\"robots\" content=\"index, follow, max-snippet:-1, max-image-preview:large, max-video-preview:-1\" \/>\n<link rel=\"canonical\" href=\"https:\/\/gap47.astrosurf.com\/index.php\/ressources\/telechargements\/autres-documents\/\" \/>\n<meta property=\"og:locale\" content=\"fr_FR\" \/>\n<meta property=\"og:type\" content=\"article\" \/>\n<meta property=\"og:title\" content=\"Autres documents - L&#039;observatoire est ouvert aux visiteurs tous les vendredis soirs \u00e0 21 heures, jusqu&#039;au 3 juillet 2026 inclus, sans r\u00e9servation.\" \/>\n<meta property=\"og:description\" content=\"Venant souvent de l&rsquo;ESA, de l&rsquo;ESO ou de la NASA (et de quelques autres sources), ces documents (g\u00e9n\u00e9ralement des fichiers pdf), d&rsquo;actualit\u00e9 r\u00e9cente, sont assez courts et sont class\u00e9s en 2 cat\u00e9gories : (cliquez sur le sujet de votre choix) a) Syst\u00e8me Solaire, Plan\u00e8tes, Satellites, Com\u00e8tes, &#8230; b) \u00c9toiles, Exoplan\u00e8tes, Galaxies, Univers, Astrophysique, &#8230; &nbsp;\" \/>\n<meta property=\"og:url\" content=\"https:\/\/gap47.astrosurf.com\/index.php\/ressources\/telechargements\/autres-documents\/\" \/>\n<meta property=\"og:site_name\" content=\"L&#039;observatoire est ouvert aux visiteurs tous les vendredis soirs \u00e0 21 heures, jusqu&#039;au 3 juillet 2026 inclus, sans r\u00e9servation.\" \/>\n<meta property=\"article:publisher\" content=\"https:\/\/www.facebook.com\/astrogap47\/\" \/>\n<meta property=\"article:modified_time\" content=\"2023-07-22T19:59:10+00:00\" \/>\n<meta name=\"twitter:card\" content=\"summary_large_image\" \/>\n<meta name=\"twitter:label1\" content=\"Dur\u00e9e de lecture estim\u00e9e\" \/>\n\t<meta name=\"twitter:data1\" content=\"1 minute\" \/>\n<script type=\"application\/ld+json\" class=\"yoast-schema-graph\">{\"@context\":\"https:\/\/schema.org\",\"@graph\":[{\"@type\":\"WebPage\",\"@id\":\"https:\/\/gap47.astrosurf.com\/index.php\/ressources\/telechargements\/autres-documents\/\",\"url\":\"https:\/\/gap47.astrosurf.com\/index.php\/ressources\/telechargements\/autres-documents\/\",\"name\":\"Autres documents - L&#039;observatoire est ouvert aux visiteurs tous les vendredis soirs \u00e0 21 heures, jusqu&#039;au 3 juillet 2026 inclus, sans r\u00e9servation.\",\"isPartOf\":{\"@id\":\"https:\/\/gap47.astrosurf.com\/#website\"},\"datePublished\":\"2017-04-01T15:46:29+00:00\",\"dateModified\":\"2023-07-22T19:59:10+00:00\",\"breadcrumb\":{\"@id\":\"https:\/\/gap47.astrosurf.com\/index.php\/ressources\/telechargements\/autres-documents\/#breadcrumb\"},\"inLanguage\":\"fr-FR\",\"potentialAction\":[{\"@type\":\"ReadAction\",\"target\":[\"https:\/\/gap47.astrosurf.com\/index.php\/ressources\/telechargements\/autres-documents\/\"]}]},{\"@type\":\"BreadcrumbList\",\"@id\":\"https:\/\/gap47.astrosurf.com\/index.php\/ressources\/telechargements\/autres-documents\/#breadcrumb\",\"itemListElement\":[{\"@type\":\"ListItem\",\"position\":1,\"name\":\"Accueil\",\"item\":\"https:\/\/gap47.astrosurf.com\/\"},{\"@type\":\"ListItem\",\"position\":2,\"name\":\"Ressources\",\"item\":\"https:\/\/gap47.astrosurf.com\/index.php\/ressources\/\"},{\"@type\":\"ListItem\",\"position\":3,\"name\":\"T\u00e9l\u00e9chargements\",\"item\":\"https:\/\/gap47.astrosurf.com\/index.php\/ressources\/telechargements\/\"},{\"@type\":\"ListItem\",\"position\":4,\"name\":\"Autres documents\"}]},{\"@type\":\"WebSite\",\"@id\":\"https:\/\/gap47.astrosurf.com\/#website\",\"url\":\"https:\/\/gap47.astrosurf.com\/\",\"name\":\"De janvier \u00e0 fin juin 2024, le GAP47 sera ouvert aux visiteurs tous les vendredis \u00e0 21h sans r\u00e9servation, \u00e0 l'exception du vendredi 26 janvier o\u00f9 l'observatoire sera ferm\u00e9 au public.\",\"description\":\"Groupe d&#039;Astronomie Populaire du Lot-et-Garonne, \u00e0 Montayral\",\"potentialAction\":[{\"@type\":\"SearchAction\",\"target\":{\"@type\":\"EntryPoint\",\"urlTemplate\":\"https:\/\/gap47.astrosurf.com\/?s={search_term_string}\"},\"query-input\":{\"@type\":\"PropertyValueSpecification\",\"valueRequired\":true,\"valueName\":\"search_term_string\"}}],\"inLanguage\":\"fr-FR\"}]}<\/script>\n<!-- \/ Yoast SEO plugin. -->","yoast_head_json":{"title":"Autres documents - L&#039;observatoire est ouvert aux visiteurs tous les vendredis soirs \u00e0 21 heures, jusqu&#039;au 3 juillet 2026 inclus, sans r\u00e9servation.","robots":{"index":"index","follow":"follow","max-snippet":"max-snippet:-1","max-image-preview":"max-image-preview:large","max-video-preview":"max-video-preview:-1"},"canonical":"https:\/\/gap47.astrosurf.com\/index.php\/ressources\/telechargements\/autres-documents\/","og_locale":"fr_FR","og_type":"article","og_title":"Autres documents - L&#039;observatoire est ouvert aux visiteurs tous les vendredis soirs \u00e0 21 heures, jusqu&#039;au 3 juillet 2026 inclus, sans r\u00e9servation.","og_description":"Venant souvent de l&rsquo;ESA, de l&rsquo;ESO ou de la NASA (et de quelques autres sources), ces documents (g\u00e9n\u00e9ralement des fichiers pdf), d&rsquo;actualit\u00e9 r\u00e9cente, sont assez courts et sont class\u00e9s en 2 cat\u00e9gories : (cliquez sur le sujet de votre choix) a) Syst\u00e8me Solaire, Plan\u00e8tes, Satellites, Com\u00e8tes, &#8230; b) \u00c9toiles, Exoplan\u00e8tes, Galaxies, Univers, Astrophysique, &#8230; &nbsp;","og_url":"https:\/\/gap47.astrosurf.com\/index.php\/ressources\/telechargements\/autres-documents\/","og_site_name":"L&#039;observatoire est ouvert aux visiteurs tous les vendredis soirs \u00e0 21 heures, jusqu&#039;au 3 juillet 2026 inclus, sans r\u00e9servation.","article_publisher":"https:\/\/www.facebook.com\/astrogap47\/","article_modified_time":"2023-07-22T19:59:10+00:00","twitter_card":"summary_large_image","twitter_misc":{"Dur\u00e9e de lecture estim\u00e9e":"1 minute"},"schema":{"@context":"https:\/\/schema.org","@graph":[{"@type":"WebPage","@id":"https:\/\/gap47.astrosurf.com\/index.php\/ressources\/telechargements\/autres-documents\/","url":"https:\/\/gap47.astrosurf.com\/index.php\/ressources\/telechargements\/autres-documents\/","name":"Autres documents - L&#039;observatoire est ouvert aux visiteurs tous les vendredis soirs \u00e0 21 heures, jusqu&#039;au 3 juillet 2026 inclus, sans r\u00e9servation.","isPartOf":{"@id":"https:\/\/gap47.astrosurf.com\/#website"},"datePublished":"2017-04-01T15:46:29+00:00","dateModified":"2023-07-22T19:59:10+00:00","breadcrumb":{"@id":"https:\/\/gap47.astrosurf.com\/index.php\/ressources\/telechargements\/autres-documents\/#breadcrumb"},"inLanguage":"fr-FR","potentialAction":[{"@type":"ReadAction","target":["https:\/\/gap47.astrosurf.com\/index.php\/ressources\/telechargements\/autres-documents\/"]}]},{"@type":"BreadcrumbList","@id":"https:\/\/gap47.astrosurf.com\/index.php\/ressources\/telechargements\/autres-documents\/#breadcrumb","itemListElement":[{"@type":"ListItem","position":1,"name":"Accueil","item":"https:\/\/gap47.astrosurf.com\/"},{"@type":"ListItem","position":2,"name":"Ressources","item":"https:\/\/gap47.astrosurf.com\/index.php\/ressources\/"},{"@type":"ListItem","position":3,"name":"T\u00e9l\u00e9chargements","item":"https:\/\/gap47.astrosurf.com\/index.php\/ressources\/telechargements\/"},{"@type":"ListItem","position":4,"name":"Autres documents"}]},{"@type":"WebSite","@id":"https:\/\/gap47.astrosurf.com\/#website","url":"https:\/\/gap47.astrosurf.com\/","name":"De janvier \u00e0 fin juin 2024, le GAP47 sera ouvert aux visiteurs tous les vendredis \u00e0 21h sans r\u00e9servation, \u00e0 l'exception du vendredi 26 janvier o\u00f9 l'observatoire sera ferm\u00e9 au public.","description":"Groupe d&#039;Astronomie Populaire du Lot-et-Garonne, \u00e0 Montayral","potentialAction":[{"@type":"SearchAction","target":{"@type":"EntryPoint","urlTemplate":"https:\/\/gap47.astrosurf.com\/?s={search_term_string}"},"query-input":{"@type":"PropertyValueSpecification","valueRequired":true,"valueName":"search_term_string"}}],"inLanguage":"fr-FR"}]}},"_links":{"self":[{"href":"https:\/\/gap47.astrosurf.com\/index.php\/wp-json\/wp\/v2\/pages\/216","targetHints":{"allow":["GET"]}}],"collection":[{"href":"https:\/\/gap47.astrosurf.com\/index.php\/wp-json\/wp\/v2\/pages"}],"about":[{"href":"https:\/\/gap47.astrosurf.com\/index.php\/wp-json\/wp\/v2\/types\/page"}],"author":[{"embeddable":true,"href":"https:\/\/gap47.astrosurf.com\/index.php\/wp-json\/wp\/v2\/users\/5"}],"replies":[{"embeddable":true,"href":"https:\/\/gap47.astrosurf.com\/index.php\/wp-json\/wp\/v2\/comments?post=216"}],"version-history":[{"count":24,"href":"https:\/\/gap47.astrosurf.com\/index.php\/wp-json\/wp\/v2\/pages\/216\/revisions"}],"predecessor-version":[{"id":12386,"href":"https:\/\/gap47.astrosurf.com\/index.php\/wp-json\/wp\/v2\/pages\/216\/revisions\/12386"}],"up":[{"embeddable":true,"href":"https:\/\/gap47.astrosurf.com\/index.php\/wp-json\/wp\/v2\/pages\/206"}],"wp:attachment":[{"href":"https:\/\/gap47.astrosurf.com\/index.php\/wp-json\/wp\/v2\/media?parent=216"}],"curies":[{"name":"wp","href":"https:\/\/api.w.org\/{rel}","templated":true}]}}