 {"id":214,"date":"2017-04-01T17:46:01","date_gmt":"2017-04-01T15:46:01","guid":{"rendered":"http:\/\/gap47.astrosurf.com\/?page_id=214"},"modified":"2018-12-01T20:59:36","modified_gmt":"2018-12-01T18:59:36","slug":"nos-documents-powerpoint","status":"publish","type":"page","link":"https:\/\/gap47.astrosurf.com\/index.php\/ressources\/telechargements\/nos-documents-powerpoint\/","title":{"rendered":"Nos documents PowerPoint"},"content":{"rendered":"<p><span style=\"font-size: 20px; color: #000080;\"><strong><span style=\"font-family: arial,helvetica,sans-serif;\">Vous trouverez ci-dessous des fichiers \u00ab\u00a0PowerPoint\u00a0\u00bb r\u00e9alis\u00e9s par le GAP47<\/span><\/strong><\/span><\/p>\n<p><span style=\"font-family: times new roman,times,serif; font-size: 20px;\">Ces fichiers de type \u00ab\u00a0diaporama\u00a0\u00bb ne sont pas directement ex\u00e9cutables par un navigateur Internet (Firefox, Google Chrome, Internet Explorer, Safari, etc.). Vous devrez donc, apr\u00e8s avoir cliqu\u00e9 sur le fichier de votre choix, choisir de l&rsquo;enregistrer sur votre ordinateur (pour une lecture ult\u00e9rieure). Quand vous ouvrez un fichier, depuis l&rsquo;application \u00ab\u00a0PowerPoint\u00a0\u00bb ou la \u00ab\u00a0Visionneuse PowerPoint\u00a0\u00bb si l&rsquo;un de ces logiciels est pr\u00e9sent sur votre ordinateur (ou les deux), il vous sera demand\u00e9 un mot de passe (uniquement indispensable pour <em><strong>modifier<\/strong><\/em> le fichier), donc choisissez l&rsquo;option \u00ab\u00a0read only\u00a0\u00bb (ou lecture seule) qui vous permettra toutes les autres fonctions.&nbsp;<\/span><\/p>\n<p><span style=\"font-size: 20px; color: #e6601e;\"><strong><span style=\"font-family: arial,helvetica,sans-serif;\"><a href=\"http:\/\/gap47.astrosurf.com\/wp-content\/uploads\/2017\/04\/Syste\u0300me-Solaire.ppt\" rel=\"noopener noreferrer\">\u2022 Le Syst\u00e8me Solaire<\/a><\/span><\/strong><\/span><br \/>\n<span style=\"font-size: 20px; color: #e6601e;\"> <strong><span style=\"font-family: arial,helvetica,sans-serif;\"><a href=\"http:\/\/gap47.astrosurf.com\/wp-content\/uploads\/2017\/04\/Rencontres-galactiques.ppt\" rel=\"noopener noreferrer\">\u2022 Rencontres galactiques<\/a><\/span><\/strong><\/span><br \/>\n<a href=\"http:\/\/gap47.astrosurf.com\/wp-content\/uploads\/2018\/12\/Jupiter.ppt\"><span style=\"font-size: 20px;\"><strong><span style=\"font-family: arial, helvetica, sans-serif;\">\u2022 Jupiter <\/span><\/strong><\/span><span style=\"font-family: arial, helvetica, sans-serif;\">(Nuits de l&rsquo;Astro 2018)<\/span><\/a><br \/>\n<span style=\"font-size: 20px;\"><a href=\"http:\/\/gap47.astrosurf.com\/wp-content\/uploads\/2017\/08\/Saturne-2017.ppt\" rel=\"noopener\"><strong><span style=\"font-family: arial,helvetica,sans-serif;\">\u2022 Saturne et la complexit\u00e9 du syst\u00e8me saturnien<\/span><\/strong><span style=\"font-family: arial, helvetica, sans-serif; font-size: 16px;\"> (Nuits de l&rsquo;Astro 2017)<\/span><\/a><\/span><br \/>\n<span style=\"font-size: 20px;\"><a href=\"http:\/\/gap47.astrosurf.com\/wp-content\/uploads\/2017\/08\/Mars-2016.ppt\"><strong><span style=\"font-family: arial,helvetica,sans-serif;\">\u2022 Mars<\/span><\/strong><span style=\"font-family: arial, helvetica, sans-serif; font-size: 16px;\"> (Nuits de l&rsquo;Astro 2016)<\/span><\/a><\/span><br \/>\n<span style=\"font-size: 20px;\"><a href=\"http:\/\/gap47.astrosurf.com\/wp-content\/uploads\/2017\/08\/Final.ppt\"><strong><span style=\"font-family: arial,helvetica,sans-serif;\"> \u2022 Messenger, Dawn, Rosetta, New Horizons<\/span><\/strong><span style=\"font-family: arial, helvetica, sans-serif; font-size: 16px;\"> (Nuits de l&rsquo;Astro 2015)<\/span><\/a><\/span><br \/>\n<span style=\"font-size: 20px; color: #e6601e;\"> <strong><span style=\"font-family: arial,helvetica,sans-serif;\"><a href=\"http:\/\/gap47.astrosurf.com\/wp-content\/uploads\/2017\/04\/Les-instruments-de-lastronomie.ppt\" rel=\"noopener noreferrer\">\u2022 Les instruments de l&rsquo;astronomie<\/a><\/span><\/strong><\/span><br \/>\n<span style=\"font-size: 20px; color: #e6601e;\"> <strong><span style=\"font-family: arial,helvetica,sans-serif;\"><a href=\"http:\/\/gap47.astrosurf.com\/wp-content\/uploads\/2017\/04\/Les-exoplane\u0300tes.pptx\" rel=\"noopener noreferrer\">\u2022 Les exoplane\u0300tes<\/a><\/span><\/strong><\/span><br \/>\n<span style=\"font-size: 20px; color: #e6601e;\"> <strong><span style=\"font-family: arial,helvetica,sans-serif;\"><a href=\"http:\/\/gap47.astrosurf.com\/wp-content\/uploads\/2017\/04\/Astronautique-Astronomie.ppt\" rel=\"noopener noreferrer\">\u2022 Astronautique &amp; Astronomie<\/a><\/span><\/strong><\/span><br \/>\n<span style=\"font-size: 20px; color: #e6601e;\"> <strong><span style=\"font-family: arial,helvetica,sans-serif;\"><a href=\"http:\/\/gap47.astrosurf.com\/wp-content\/uploads\/2017\/04\/Ciel-et-mythologies.ppt\" rel=\"noopener noreferrer\">\u2022 Ciel et mythologies<\/a><\/span><\/strong><\/span><br \/>\n<span style=\"font-size: 20px; color: #e6601e;\"> <strong><span style=\"font-family: arial,helvetica,sans-serif;\"><a href=\"http:\/\/gap47.astrosurf.com\/wp-content\/uploads\/2017\/04\/La-structure-de-l\u2019Univers.ppt\" rel=\"noopener noreferrer\">\u2022 La structure de l\u2019Univers<\/a><\/span><\/strong><\/span><br \/>\n<span style=\"font-size: 20px;\"><a href=\"http:\/\/gap47.astrosurf.com\/wp-content\/uploads\/2017\/09\/telescope-hubble.pptx\"><strong><span style=\"font-family: arial,helvetica,sans-serif;\">\u2022 Le t\u00e9lescope spatial Hubble<\/span><\/strong><\/a><\/span><br \/>\n<span style=\"font-size: 20px; color: #e6601e;\"> <strong><span style=\"font-family: arial,helvetica,sans-serif;\"><a href=\"http:\/\/gap47.astrosurf.com\/wp-content\/uploads\/2017\/04\/La-pollution-lumineuse.ppt\" rel=\"noopener noreferrer\">\u2022 La pollution lumineuse<\/a><\/span><\/strong><\/span><br \/>\n<span style=\"font-size: 20px;\"><a href=\"http:\/\/gap47.astrosurf.com\/wp-content\/uploads\/2017\/07\/Crate\u0300res-dimpacts.ppsx\" rel=\"noopener\"><strong><span style=\"font-family: arial,helvetica,sans-serif;\">\u2022 Crat\u00e8res d&rsquo;impacts<\/span><\/strong><\/a><\/span><br \/>\n<span style=\"font-size: 20px;\"><strong><span style=\"font-family: arial,helvetica,sans-serif;\">\u2022<\/span> <\/strong><a href=\"http:\/\/gap47.astrosurf.com\/wp-content\/uploads\/2017\/08\/Jeux-de-Lune.ppsx\"><strong><span style=\"font-family: arial,helvetica,sans-serif;\">Jeux de Lune<\/span><\/strong><\/a><\/span><br \/>\n<span style=\"font-size: 20px;\"><strong><span style=\"font-family: arial,helvetica,sans-serif;\"> \u2022 <a href=\"http:\/\/gap47.astrosurf.com\/wp-content\/uploads\/2017\/08\/clair-de-lune.pptx\">Clair de Lune<\/a><\/span><\/strong><\/span><br \/>\n<span style=\"font-size: 20px;\"><a href=\"http:\/\/gap47.astrosurf.com\/wp-content\/uploads\/2017\/08\/Science-et-Espace.ppsx\"><strong><span style=\"font-family: arial,helvetica,sans-serif;\">\u2022 Science et Espace<\/span><\/strong><\/a><\/span><\/p>\n<hr>\n<p>&nbsp;<\/p>\n","protected":false},"excerpt":{"rendered":"<p>Vous trouverez ci-dessous des fichiers \u00ab\u00a0PowerPoint\u00a0\u00bb r\u00e9alis\u00e9s par le GAP47 Ces fichiers de type \u00ab\u00a0diaporama\u00a0\u00bb ne sont pas directement ex\u00e9cutables par un navigateur Internet (Firefox, Google Chrome, Internet Explorer, Safari, etc.). Vous devrez donc, apr\u00e8s avoir cliqu\u00e9 sur le fichier de votre choix, choisir de l&rsquo;enregistrer sur votre ordinateur (pour une lecture ult\u00e9rieure). Quand vous &hellip; <\/p>\n<p class=\"link-more\"><a href=\"https:\/\/gap47.astrosurf.com\/index.php\/ressources\/telechargements\/nos-documents-powerpoint\/\" class=\"more-link\">Continuer la lecture<span class=\"screen-reader-text\"> de &laquo;&nbsp;Nos documents PowerPoint&nbsp;&raquo;<\/span><\/a><\/p>\n","protected":false},"author":5,"featured_media":0,"parent":206,"menu_order":1,"comment_status":"closed","ping_status":"closed","template":"","meta":{"_exactmetrics_skip_tracking":false,"_exactmetrics_sitenote_active":false,"_exactmetrics_sitenote_note":"","_exactmetrics_sitenote_category":0,"ngg_post_thumbnail":0,"footnotes":""},"class_list":["post-214","page","type-page","status-publish","hentry"],"yoast_head":"<!-- This site is optimized with the Yoast SEO plugin v24.8.1 - https:\/\/yoast.com\/wordpress\/plugins\/seo\/ -->\n<title>Nos documents PowerPoint - L&#039;observatoire est ouvert aux visiteurs tous les vendredis soirs \u00e0 21 heures, jusqu&#039;au 3 juillet 2026 inclus, sans r\u00e9servation.<\/title>\n<meta name=\"robots\" content=\"index, follow, max-snippet:-1, max-image-preview:large, max-video-preview:-1\" \/>\n<link rel=\"canonical\" href=\"https:\/\/gap47.astrosurf.com\/index.php\/ressources\/telechargements\/nos-documents-powerpoint\/\" \/>\n<meta property=\"og:locale\" content=\"fr_FR\" \/>\n<meta property=\"og:type\" content=\"article\" \/>\n<meta property=\"og:title\" content=\"Nos documents PowerPoint - L&#039;observatoire est ouvert aux visiteurs tous les vendredis soirs \u00e0 21 heures, jusqu&#039;au 3 juillet 2026 inclus, sans r\u00e9servation.\" \/>\n<meta property=\"og:description\" content=\"Vous trouverez ci-dessous des fichiers \u00ab\u00a0PowerPoint\u00a0\u00bb r\u00e9alis\u00e9s par le GAP47 Ces fichiers de type \u00ab\u00a0diaporama\u00a0\u00bb ne sont pas directement ex\u00e9cutables par un navigateur Internet (Firefox, Google Chrome, Internet Explorer, Safari, etc.). Vous devrez donc, apr\u00e8s avoir cliqu\u00e9 sur le fichier de votre choix, choisir de l&rsquo;enregistrer sur votre ordinateur (pour une lecture ult\u00e9rieure). Quand vous &hellip; Continuer la lecture de &laquo;&nbsp;Nos documents PowerPoint&nbsp;&raquo;\" \/>\n<meta property=\"og:url\" content=\"https:\/\/gap47.astrosurf.com\/index.php\/ressources\/telechargements\/nos-documents-powerpoint\/\" \/>\n<meta property=\"og:site_name\" content=\"L&#039;observatoire est ouvert aux visiteurs tous les vendredis soirs \u00e0 21 heures, jusqu&#039;au 3 juillet 2026 inclus, sans r\u00e9servation.\" \/>\n<meta property=\"article:publisher\" content=\"https:\/\/www.facebook.com\/astrogap47\/\" \/>\n<meta property=\"article:modified_time\" content=\"2018-12-01T18:59:36+00:00\" \/>\n<meta name=\"twitter:card\" content=\"summary_large_image\" \/>\n<meta name=\"twitter:label1\" content=\"Dur\u00e9e de lecture estim\u00e9e\" \/>\n\t<meta name=\"twitter:data1\" content=\"1 minute\" \/>\n<script type=\"application\/ld+json\" class=\"yoast-schema-graph\">{\"@context\":\"https:\/\/schema.org\",\"@graph\":[{\"@type\":\"WebPage\",\"@id\":\"https:\/\/gap47.astrosurf.com\/index.php\/ressources\/telechargements\/nos-documents-powerpoint\/\",\"url\":\"https:\/\/gap47.astrosurf.com\/index.php\/ressources\/telechargements\/nos-documents-powerpoint\/\",\"name\":\"Nos documents PowerPoint - L&#039;observatoire est ouvert aux visiteurs tous les vendredis soirs \u00e0 21 heures, jusqu&#039;au 3 juillet 2026 inclus, sans r\u00e9servation.\",\"isPartOf\":{\"@id\":\"https:\/\/gap47.astrosurf.com\/#website\"},\"datePublished\":\"2017-04-01T15:46:01+00:00\",\"dateModified\":\"2018-12-01T18:59:36+00:00\",\"breadcrumb\":{\"@id\":\"https:\/\/gap47.astrosurf.com\/index.php\/ressources\/telechargements\/nos-documents-powerpoint\/#breadcrumb\"},\"inLanguage\":\"fr-FR\",\"potentialAction\":[{\"@type\":\"ReadAction\",\"target\":[\"https:\/\/gap47.astrosurf.com\/index.php\/ressources\/telechargements\/nos-documents-powerpoint\/\"]}]},{\"@type\":\"BreadcrumbList\",\"@id\":\"https:\/\/gap47.astrosurf.com\/index.php\/ressources\/telechargements\/nos-documents-powerpoint\/#breadcrumb\",\"itemListElement\":[{\"@type\":\"ListItem\",\"position\":1,\"name\":\"Accueil\",\"item\":\"https:\/\/gap47.astrosurf.com\/\"},{\"@type\":\"ListItem\",\"position\":2,\"name\":\"Ressources\",\"item\":\"https:\/\/gap47.astrosurf.com\/index.php\/ressources\/\"},{\"@type\":\"ListItem\",\"position\":3,\"name\":\"T\u00e9l\u00e9chargements\",\"item\":\"https:\/\/gap47.astrosurf.com\/index.php\/ressources\/telechargements\/\"},{\"@type\":\"ListItem\",\"position\":4,\"name\":\"Nos documents PowerPoint\"}]},{\"@type\":\"WebSite\",\"@id\":\"https:\/\/gap47.astrosurf.com\/#website\",\"url\":\"https:\/\/gap47.astrosurf.com\/\",\"name\":\"De janvier \u00e0 fin juin 2024, le GAP47 sera ouvert aux visiteurs tous les vendredis \u00e0 21h sans r\u00e9servation, \u00e0 l'exception du vendredi 26 janvier o\u00f9 l'observatoire sera ferm\u00e9 au public.\",\"description\":\"Groupe d&#039;Astronomie Populaire du Lot-et-Garonne, \u00e0 Montayral\",\"potentialAction\":[{\"@type\":\"SearchAction\",\"target\":{\"@type\":\"EntryPoint\",\"urlTemplate\":\"https:\/\/gap47.astrosurf.com\/?s={search_term_string}\"},\"query-input\":{\"@type\":\"PropertyValueSpecification\",\"valueRequired\":true,\"valueName\":\"search_term_string\"}}],\"inLanguage\":\"fr-FR\"}]}<\/script>\n<!-- \/ Yoast SEO plugin. -->","yoast_head_json":{"title":"Nos documents PowerPoint - L&#039;observatoire est ouvert aux visiteurs tous les vendredis soirs \u00e0 21 heures, jusqu&#039;au 3 juillet 2026 inclus, sans r\u00e9servation.","robots":{"index":"index","follow":"follow","max-snippet":"max-snippet:-1","max-image-preview":"max-image-preview:large","max-video-preview":"max-video-preview:-1"},"canonical":"https:\/\/gap47.astrosurf.com\/index.php\/ressources\/telechargements\/nos-documents-powerpoint\/","og_locale":"fr_FR","og_type":"article","og_title":"Nos documents PowerPoint - L&#039;observatoire est ouvert aux visiteurs tous les vendredis soirs \u00e0 21 heures, jusqu&#039;au 3 juillet 2026 inclus, sans r\u00e9servation.","og_description":"Vous trouverez ci-dessous des fichiers \u00ab\u00a0PowerPoint\u00a0\u00bb r\u00e9alis\u00e9s par le GAP47 Ces fichiers de type \u00ab\u00a0diaporama\u00a0\u00bb ne sont pas directement ex\u00e9cutables par un navigateur Internet (Firefox, Google Chrome, Internet Explorer, Safari, etc.). Vous devrez donc, apr\u00e8s avoir cliqu\u00e9 sur le fichier de votre choix, choisir de l&rsquo;enregistrer sur votre ordinateur (pour une lecture ult\u00e9rieure). Quand vous &hellip; Continuer la lecture de &laquo;&nbsp;Nos documents PowerPoint&nbsp;&raquo;","og_url":"https:\/\/gap47.astrosurf.com\/index.php\/ressources\/telechargements\/nos-documents-powerpoint\/","og_site_name":"L&#039;observatoire est ouvert aux visiteurs tous les vendredis soirs \u00e0 21 heures, jusqu&#039;au 3 juillet 2026 inclus, sans r\u00e9servation.","article_publisher":"https:\/\/www.facebook.com\/astrogap47\/","article_modified_time":"2018-12-01T18:59:36+00:00","twitter_card":"summary_large_image","twitter_misc":{"Dur\u00e9e de lecture estim\u00e9e":"1 minute"},"schema":{"@context":"https:\/\/schema.org","@graph":[{"@type":"WebPage","@id":"https:\/\/gap47.astrosurf.com\/index.php\/ressources\/telechargements\/nos-documents-powerpoint\/","url":"https:\/\/gap47.astrosurf.com\/index.php\/ressources\/telechargements\/nos-documents-powerpoint\/","name":"Nos documents PowerPoint - L&#039;observatoire est ouvert aux visiteurs tous les vendredis soirs \u00e0 21 heures, jusqu&#039;au 3 juillet 2026 inclus, sans r\u00e9servation.","isPartOf":{"@id":"https:\/\/gap47.astrosurf.com\/#website"},"datePublished":"2017-04-01T15:46:01+00:00","dateModified":"2018-12-01T18:59:36+00:00","breadcrumb":{"@id":"https:\/\/gap47.astrosurf.com\/index.php\/ressources\/telechargements\/nos-documents-powerpoint\/#breadcrumb"},"inLanguage":"fr-FR","potentialAction":[{"@type":"ReadAction","target":["https:\/\/gap47.astrosurf.com\/index.php\/ressources\/telechargements\/nos-documents-powerpoint\/"]}]},{"@type":"BreadcrumbList","@id":"https:\/\/gap47.astrosurf.com\/index.php\/ressources\/telechargements\/nos-documents-powerpoint\/#breadcrumb","itemListElement":[{"@type":"ListItem","position":1,"name":"Accueil","item":"https:\/\/gap47.astrosurf.com\/"},{"@type":"ListItem","position":2,"name":"Ressources","item":"https:\/\/gap47.astrosurf.com\/index.php\/ressources\/"},{"@type":"ListItem","position":3,"name":"T\u00e9l\u00e9chargements","item":"https:\/\/gap47.astrosurf.com\/index.php\/ressources\/telechargements\/"},{"@type":"ListItem","position":4,"name":"Nos documents PowerPoint"}]},{"@type":"WebSite","@id":"https:\/\/gap47.astrosurf.com\/#website","url":"https:\/\/gap47.astrosurf.com\/","name":"De janvier \u00e0 fin juin 2024, le GAP47 sera ouvert aux visiteurs tous les vendredis \u00e0 21h sans r\u00e9servation, \u00e0 l'exception du vendredi 26 janvier o\u00f9 l'observatoire sera ferm\u00e9 au public.","description":"Groupe d&#039;Astronomie Populaire du Lot-et-Garonne, \u00e0 Montayral","potentialAction":[{"@type":"SearchAction","target":{"@type":"EntryPoint","urlTemplate":"https:\/\/gap47.astrosurf.com\/?s={search_term_string}"},"query-input":{"@type":"PropertyValueSpecification","valueRequired":true,"valueName":"search_term_string"}}],"inLanguage":"fr-FR"}]}},"_links":{"self":[{"href":"https:\/\/gap47.astrosurf.com\/index.php\/wp-json\/wp\/v2\/pages\/214","targetHints":{"allow":["GET"]}}],"collection":[{"href":"https:\/\/gap47.astrosurf.com\/index.php\/wp-json\/wp\/v2\/pages"}],"about":[{"href":"https:\/\/gap47.astrosurf.com\/index.php\/wp-json\/wp\/v2\/types\/page"}],"author":[{"embeddable":true,"href":"https:\/\/gap47.astrosurf.com\/index.php\/wp-json\/wp\/v2\/users\/5"}],"replies":[{"embeddable":true,"href":"https:\/\/gap47.astrosurf.com\/index.php\/wp-json\/wp\/v2\/comments?post=214"}],"version-history":[{"count":37,"href":"https:\/\/gap47.astrosurf.com\/index.php\/wp-json\/wp\/v2\/pages\/214\/revisions"}],"predecessor-version":[{"id":8082,"href":"https:\/\/gap47.astrosurf.com\/index.php\/wp-json\/wp\/v2\/pages\/214\/revisions\/8082"}],"up":[{"embeddable":true,"href":"https:\/\/gap47.astrosurf.com\/index.php\/wp-json\/wp\/v2\/pages\/206"}],"wp:attachment":[{"href":"https:\/\/gap47.astrosurf.com\/index.php\/wp-json\/wp\/v2\/media?parent=214"}],"curies":[{"name":"wp","href":"https:\/\/api.w.org\/{rel}","templated":true}]}}