 {"id":2042,"date":"2017-06-08T08:42:49","date_gmt":"2017-06-08T06:42:49","guid":{"rendered":"http:\/\/gap47.astrosurf.com\/?page_id=2042"},"modified":"2017-09-21T11:40:03","modified_gmt":"2017-09-21T09:40:03","slug":"interet-des-machines-pour-lamateur","status":"publish","type":"page","link":"https:\/\/gap47.astrosurf.com\/index.php\/interet-des-machines-pour-lamateur\/","title":{"rendered":"Int\u00e9r\u00eat des machines pour l&rsquo;amateur"},"content":{"rendered":"<p style=\"text-align: left;\" align=\"justify\"><span style=\"font-family: times new roman,times,serif; font-size: 20px;\">Pour l&rsquo;amateur, dont la production de pi\u00e8ces d&rsquo;optiques est rarement importante, l&rsquo;int\u00e9r\u00eat d&rsquo;une machine est tout relatif en comparaison des besoins de l&rsquo;industrie. Toutefois, on peut y trouver de r\u00e9els avantages qu&rsquo;il convient toutefois de moduler en fonction des phases du travail&nbsp;:<\/span><\/p>\n<p style=\"text-align: left;\" align=\"justify\"><span style=\"font-family: times new roman,times,serif; font-size: 20px;\">L&rsquo;utilisation d&rsquo;une machine r\u00e9duira significativement le temps de doucissage en augmentant le rendement du travail des abrasifs essentiellement du fait de la vitesse des mouvements. Ce seul avantage limite ainsi l&rsquo;attrait de ces machines pour l&rsquo;amateur moins soucieux du rendement.<\/span><\/p>\n<p style=\"text-align: left;\" align=\"justify\"><span style=\"font-family: times new roman,times,serif; font-size: 20px;\">Lors du polissage, par contre, la machine offre de nombreux avantages, notamment pour les grands miroirs&nbsp;:<\/span><\/p>\n<p style=\"text-align: left;\" align=\"justify\"><span style=\"font-family: times new roman,times,serif; font-size: 20px;\">\u2022&nbsp; <strong>R\u00e9duction des efforts&nbsp;<\/strong>: La machine permet de dispenser l&rsquo;amateur constructeur des efforts importants caus\u00e9s par l&rsquo;adh\u00e9rence significative du polissoir sur le miroir. Cet avantage est d\u00e9terminant car il permet d&rsquo;envisager de longues s\u00e9ances d&rsquo;un seul trait souvent gages d&rsquo;efficacit\u00e9.<\/span><\/p>\n<p style=\"text-align: left;\" align=\"justify\"><span style=\"font-family: times new roman,times,serif; font-size: 20px;\">\u2022&nbsp; <strong>Rendement accru<\/strong>&nbsp;: Les vitesses de d\u00e9placements (polissoir et plateau) ainsi que les efforts d\u00e9ploy\u00e9s par les machines permettent un meilleur rendement que celui d&rsquo;un travail manuel. Cet avantage alli\u00e9 au pr\u00e9c\u00e9dent contribue ainsi \u00e0 la r\u00e9duction des d\u00e9lais de fabrication. Sachant que la poix ne conserve pas longtemps ses qualit\u00e9s plastiques, ce param\u00e8tre n&rsquo;est pas n\u00e9gligeable pour l&rsquo;amateur qui ne peut consacrer beaucoup de temps au polissage dans une p\u00e9riode donn\u00e9e.<\/span><\/p>\n<p style=\"text-align: left;\" align=\"justify\"><span style=\"font-family: times new roman,times,serif; font-size: 20px;\">\u2022&nbsp; <strong>Qualit\u00e9 de l&rsquo;\u00e9tat de surface<\/strong>&nbsp;: C&rsquo;est un fait que l&rsquo;exp\u00e9rience semble d\u00e9montrer. La surface d&rsquo;un miroir poli \u00e0 la machine, dans des conditions normales d&rsquo;utilisation, est souvent de tr\u00e8s bonne qualit\u00e9&nbsp;: absence de mamelonnage et micomamelonnage r\u00e9duit. Ce constat peut s&rsquo;expliquer par la fluidit\u00e9 des courses engendr\u00e9es par les machines (vitesses contr\u00f4lables, mouvements sans \u00e0-coups et arrondis).<\/span><\/p>\n<p style=\"text-align: left;\" align=\"justify\"><span style=\"font-family: times new roman,times,serif; font-size: 20px;\">\u2022<strong>&nbsp; Egalisation thermique<\/strong>&nbsp;: La chaleur des mains pos\u00e9es sur le miroir lors du polissage g\u00e9n\u00e8re des dilatations diff\u00e9rentielles susceptibles d&rsquo;entra\u00eener des variations de forme et par voie de cons\u00e9quence une difficult\u00e9 \u00e0 la ma\u00eetriser. La machine permet ainsi de s&rsquo;affranchir des effets ind\u00e9sirables li\u00e9s \u00e0 ce ph\u00e9nom\u00e8ne.<\/span><\/p>\n<p style=\"text-align: left;\" align=\"justify\"><span style=\"font-family: times new roman,times,serif; font-size: 20px;\">\u2022&nbsp; <strong>Ma\u00eetrise des pressions<\/strong>&nbsp;: La machine permet d&rsquo;appliquer une pression constante du polissoir sur le miroir successible d&rsquo;engendrer une forme plus homog\u00e8ne et moins sujette aux al\u00e9as du travail manuel (notamment avec de petits outils). Il est \u00e9galement possible d&rsquo;imposer une pression donn\u00e9e par l&rsquo;ajout de masses en fonction des effets souhait\u00e9s.<\/span><\/p>\n<p style=\"text-align: left;\" align=\"justify\"><span style=\"font-family: times new roman,times,serif; font-size: 20px;\">Pour \u00eatre tout \u00e0 fait honn\u00eate, il convient \u00e9galement de signaler quelques inconv\u00e9nients li\u00e9s \u00e0 l&rsquo;utilisation des machines&nbsp;:<\/span><\/p>\n<p style=\"text-align: left;\" align=\"justify\"><span style=\"font-family: times new roman,times,serif; font-size: 20px;\">\u2022&nbsp; <strong>D\u00e9fauts zonaux<\/strong>&nbsp;: Par nature, la machine a tendance \u00e0 produire des mouvements plus ou moins p\u00e9riodiques. De ce fait, certaines zones sont plus volontiers touch\u00e9es par rapport \u00e0 d&rsquo;autres entra\u00eenant ainsi des d\u00e9fauts zonaux. Cet inconv\u00e9nient est souvent mis en avant, \u00e0 juste titre, par ceux qui pr\u00f4nent les seules vertus du travail manuel. On verra plus loin que la conception et les m\u00e9thodes l&rsquo;utilisation des machines peuvent toutefois \u00ab&nbsp;effacer&nbsp;\u00bb cet inconv\u00e9nient. Des d\u00e9fauts zonaux ne sont pas pour autant syst\u00e9matiquement absents mais ils ne sont pas plus fr\u00e9quents qu&rsquo;\u00e0 la main.<\/span><\/p>\n<p style=\"text-align: left;\" align=\"justify\"><span style=\"font-family: times new roman,times,serif; font-size: 20px;\">\u2022&nbsp; <strong>Co\u00fbt de r\u00e9alisation<\/strong>&nbsp;: Bien qu&rsquo;elles ne n\u00e9cessitent pas de pi\u00e8ces tr\u00e8s co\u00fbteuses, les machines constituent de fait une d\u00e9pense suppl\u00e9mentaire qu&rsquo;il est parfois difficile d&rsquo;amortir dans le cadre d&rsquo;un projet unique de fabrication de pi\u00e8ce d&rsquo;optique. Ce co\u00fbt peut toutefois \u00eatre r\u00e9duit si l&rsquo;amateur a la possibilit\u00e9 de r\u00e9cup\u00e9rer des pi\u00e8ces.<\/span><\/p>\n<p style=\"text-align: left;\" align=\"justify\"><span style=\"font-family: times new roman,times,serif; font-size: 20px;\">\u2022&nbsp; <strong>D\u00e9lai de fabrication<\/strong>&nbsp;: La construction d&rsquo;une machine engendre un retard dans le planning du projet de taille d&rsquo;un miroir. Celui-ci peut toutefois \u00eatre en partie ou totalement compens\u00e9 par le rendement qu&rsquo;offre ce type d&rsquo;outil. De plus, certains montages rudimentaires et rapidement assembl\u00e9s peuvent parfaitement atteindre leurs objectifs.<\/span><\/p>\n<p style=\"text-align: left;\" align=\"justify\"><span style=\"font-family: times new roman,times,serif; font-size: 20px;\">\u2022&nbsp; <strong>Encombrement&nbsp;<\/strong>: Les dimensions d&rsquo;une machine peuvent rebuter certains amateurs s&rsquo;ils ne disposent pas de l&rsquo;espace n\u00e9cessaire. La possibilit\u00e9 de d\u00e9monter certains organes peut limiter cet inconv\u00e9nient.<\/span><\/p>\n<p style=\"text-align: left;\" align=\"justify\"><span style=\"font-family: times new roman,times,serif; font-size: 20px;\">\u2022&nbsp; <strong>Manque de sensibilit\u00e9<\/strong>&nbsp;: A la main, on sent la fluidit\u00e9 de l&rsquo;adh\u00e9rence entre le polissoir et le miroir (points durs, d\u00e9rapages) ce qui permet \u00e0 l&rsquo;op\u00e9rateur d&rsquo;adapter ses courses (vitesse, efforts) afin de ne pas g\u00e9n\u00e9rer trop de mamelonnage ou dans les cas extr\u00eames de d\u00e9cider de refaire un polissoir d\u00e9faillant. Avec un travail \u00e0 la machine, on perd ce contact \u00ab&nbsp;sensoriel&nbsp;\u00bb. D&rsquo;ailleurs, c&rsquo;est le principal reproche de ce type de m\u00e9thode selon Bernhard Schmidt&nbsp;: <em> \u00ab Si la main \u00e9prouve des r\u00e9sistances, vous devez aussit\u00f4t arr\u00eater le travail jusqu&rsquo;\u00e0 ce que la temp\u00e9rature redevienne normale, mais votre machine ne peut agir ainsi&nbsp;: elle continuera \u00e0 polir, en chauffant l&rsquo;endroit des frottements&nbsp;; \u00e0 la suite de quoi, le d\u00e9faut s&rsquo;aggravera&nbsp;\u00bb <\/em>. Ainsi, m\u00eame \u00e0 la machine, il est bon de r\u00e9aliser de temps en temps des courses manuelles pour s&rsquo;assurer des bonnes conditions de polissage.<\/span><\/p>\n<p style=\"text-align: left;\" align=\"justify\"><span style=\"font-family: times new roman,times,serif; font-size: 20px;\">L&rsquo;utilisation des machines lors de la mise en forme d&rsquo;un miroir (parabolisation et retouches) est g\u00e9n\u00e9ralement moins connue. L&rsquo;exp\u00e9rience de certains amateurs ou artisans en la mati\u00e8re semble pourtant r\u00e9v\u00e9ler des avantages notables&nbsp;:<\/span><\/p>\n<p style=\"text-align: left;\" align=\"justify\"><span style=\"font-family: times new roman,times,serif; font-size: 20px;\">\u2022&nbsp; <strong>Certain d\u00e9terminisme<\/strong>&nbsp;: Le ph\u00e9nom\u00e8ne relativement reproductible des courses g\u00e9n\u00e9r\u00e9es \u00e0 la machine (amplitudes, vitesses, \u2026) permet un certain d\u00e9terminisme dans la conduite du polissage ou des retouches. Tel r\u00e9glage de machine avec telle dimension de polissoir aura ainsi tendance \u00e0 reproduire telle d\u00e9formation de surface optique (m\u00eames causes, m\u00eames effets). Mais insistons bien&nbsp;: il s&rsquo;agit bien d&rsquo;une tendance car d&rsquo;autres ph\u00e9nom\u00e8nes entrent en jeu et introduisent une part d&rsquo;al\u00e9atoire (temp\u00e9rature, humidit\u00e9, qualit\u00e9 de la poix, \u2026). Malgr\u00e9 tout, cette relation de cause \u00e0 effet reste plus marqu\u00e9e que pour le travail manuel dont la r\u00e9gularit\u00e9 et la reproductibilit\u00e9 sont plus difficiles \u00e0 ma\u00eetriser.<\/span><\/p>\n<p style=\"text-align: left;\" align=\"justify\"><span style=\"font-family: times new roman,times,serif; font-size: 20px;\">\u2022&nbsp; <strong>Temps d&rsquo;action plus long<\/strong>&nbsp;: Les d\u00e9formations de surface \u00e0 l&rsquo;aide de machines sont plus longues \u00e0 engendrer que lors d&rsquo;un travail \u00e0 la main. Ce constat pourrait appara\u00eetre seulement comme un inconv\u00e9nient. En fait, la possibilit\u00e9 de lentement \u00ab&nbsp;voir venir&nbsp;\u00bb la forme permet des corrections en temps r\u00e9els et contribue \u00e0 pr\u00e9venir certains d\u00e9fauts difficiles \u00e0 r\u00e9cup\u00e9rer lorsqu&rsquo;ils sont trop marqu\u00e9s (bord rabattu, trou central).<\/span><\/p>\n<p style=\"text-align: left;\" align=\"justify\"><span style=\"font-family: times new roman,times,serif; font-size: 20px;\">\u2022&nbsp;<strong> Limitation des retouches locales<\/strong>&nbsp;: Le travail \u00e0 la machine permet de limiter, voire de supprimer le recours aux retouches locales par surpressions dont la ma\u00eetrise est d\u00e9licate si l&rsquo;on veut obtenir une belle forme. Dans ces conditions, la machine contribuera \u00e0 un meilleur raccordement des zones et \u00e0 la limitation du mamelonnage. Cependant, des retouches locales ne sont pas \u00e0 exclure pour corriger un petit d\u00e9faut et pourront m\u00eame s&rsquo;av\u00e9rer n\u00e9cessaires dans bien des cas (grands miroirs ouverts).<\/span><\/p>\n<p style=\"text-align: left;\" align=\"justify\"><span style=\"font-family: times new roman,times,serif; font-size: 20px;\">Ces avantages ne doivent toutefois pas laisser croire \u00e0 l&rsquo;amateur opticien que la machine est la solution miracle pour obtenir un miroir de qualit\u00e9 \u00e0 la forme parfaite . Si cette m\u00e9thode pr\u00e9sente des avantages ind\u00e9niables, il n&rsquo;en demeure pas moins qu&rsquo;elle exige de l&rsquo;op\u00e9rateur, comme pour le travail manuel, une certaine expertise que seul l&rsquo;apprentissage direct pourra garantir. La capitalisation issue de ses propres modes op\u00e9ratoires et outils employ\u00e9s tout au long des heures de travail sera s\u00fbrement le meilleur guide pour le d\u00e9butant. Toutefois, nous tenterons dans les paragraphes de donner quelques rep\u00e8res sur les principes g\u00e9n\u00e9raux encadrant la conduite du travail d&rsquo;un miroir \u00e0 la machine en nous appuyant sur notre propre exp\u00e9rience et les conseils re\u00e7us par certains praticiens confirm\u00e9s.<\/span><\/p>\n<hr>\n<p align=\"justify\">&nbsp;<\/p>\n","protected":false},"excerpt":{"rendered":"<p>Pour l&rsquo;amateur, dont la production de pi\u00e8ces d&rsquo;optiques est rarement importante, l&rsquo;int\u00e9r\u00eat d&rsquo;une machine est tout relatif en comparaison des besoins de l&rsquo;industrie. Toutefois, on peut y trouver de r\u00e9els avantages qu&rsquo;il convient toutefois de moduler en fonction des phases du travail&nbsp;: L&rsquo;utilisation d&rsquo;une machine r\u00e9duira significativement le temps de doucissage en augmentant le rendement &hellip; <\/p>\n<p class=\"link-more\"><a href=\"https:\/\/gap47.astrosurf.com\/index.php\/interet-des-machines-pour-lamateur\/\" class=\"more-link\">Continuer la lecture<span class=\"screen-reader-text\"> de &laquo;&nbsp;Int\u00e9r\u00eat des machines pour l&rsquo;amateur&nbsp;&raquo;<\/span><\/a><\/p>\n","protected":false},"author":5,"featured_media":0,"parent":0,"menu_order":0,"comment_status":"closed","ping_status":"closed","template":"","meta":{"_exactmetrics_skip_tracking":false,"_exactmetrics_sitenote_active":false,"_exactmetrics_sitenote_note":"","_exactmetrics_sitenote_category":0,"ngg_post_thumbnail":0,"footnotes":""},"class_list":["post-2042","page","type-page","status-publish","hentry"],"yoast_head":"<!-- This site is optimized with the Yoast SEO plugin v24.8.1 - https:\/\/yoast.com\/wordpress\/plugins\/seo\/ -->\n<title>Int\u00e9r\u00eat des machines pour l&#039;amateur - L&#039;observatoire est ouvert aux visiteurs tous les vendredis soirs \u00e0 21 heures, jusqu&#039;au 3 juillet 2026 inclus, sans r\u00e9servation.<\/title>\n<meta name=\"robots\" content=\"index, follow, max-snippet:-1, max-image-preview:large, max-video-preview:-1\" \/>\n<link rel=\"canonical\" href=\"https:\/\/gap47.astrosurf.com\/index.php\/interet-des-machines-pour-lamateur\/\" \/>\n<meta property=\"og:locale\" content=\"fr_FR\" \/>\n<meta property=\"og:type\" content=\"article\" \/>\n<meta property=\"og:title\" content=\"Int\u00e9r\u00eat des machines pour l&#039;amateur - L&#039;observatoire est ouvert aux visiteurs tous les vendredis soirs \u00e0 21 heures, jusqu&#039;au 3 juillet 2026 inclus, sans r\u00e9servation.\" \/>\n<meta property=\"og:description\" content=\"Pour l&rsquo;amateur, dont la production de pi\u00e8ces d&rsquo;optiques est rarement importante, l&rsquo;int\u00e9r\u00eat d&rsquo;une machine est tout relatif en comparaison des besoins de l&rsquo;industrie. Toutefois, on peut y trouver de r\u00e9els avantages qu&rsquo;il convient toutefois de moduler en fonction des phases du travail&nbsp;: L&rsquo;utilisation d&rsquo;une machine r\u00e9duira significativement le temps de doucissage en augmentant le rendement &hellip; Continuer la lecture de &laquo;&nbsp;Int\u00e9r\u00eat des machines pour l&rsquo;amateur&nbsp;&raquo;\" \/>\n<meta property=\"og:url\" content=\"https:\/\/gap47.astrosurf.com\/index.php\/interet-des-machines-pour-lamateur\/\" \/>\n<meta property=\"og:site_name\" content=\"L&#039;observatoire est ouvert aux visiteurs tous les vendredis soirs \u00e0 21 heures, jusqu&#039;au 3 juillet 2026 inclus, sans r\u00e9servation.\" \/>\n<meta property=\"article:publisher\" content=\"https:\/\/www.facebook.com\/astrogap47\/\" \/>\n<meta property=\"article:modified_time\" content=\"2017-09-21T09:40:03+00:00\" \/>\n<meta name=\"twitter:card\" content=\"summary_large_image\" \/>\n<meta name=\"twitter:label1\" content=\"Dur\u00e9e de lecture estim\u00e9e\" \/>\n\t<meta name=\"twitter:data1\" content=\"7 minutes\" \/>\n<script type=\"application\/ld+json\" class=\"yoast-schema-graph\">{\"@context\":\"https:\/\/schema.org\",\"@graph\":[{\"@type\":\"WebPage\",\"@id\":\"https:\/\/gap47.astrosurf.com\/index.php\/interet-des-machines-pour-lamateur\/\",\"url\":\"https:\/\/gap47.astrosurf.com\/index.php\/interet-des-machines-pour-lamateur\/\",\"name\":\"Int\u00e9r\u00eat des machines pour l'amateur - L&#039;observatoire est ouvert aux visiteurs tous les vendredis soirs \u00e0 21 heures, jusqu&#039;au 3 juillet 2026 inclus, sans r\u00e9servation.\",\"isPartOf\":{\"@id\":\"https:\/\/gap47.astrosurf.com\/#website\"},\"datePublished\":\"2017-06-08T06:42:49+00:00\",\"dateModified\":\"2017-09-21T09:40:03+00:00\",\"breadcrumb\":{\"@id\":\"https:\/\/gap47.astrosurf.com\/index.php\/interet-des-machines-pour-lamateur\/#breadcrumb\"},\"inLanguage\":\"fr-FR\",\"potentialAction\":[{\"@type\":\"ReadAction\",\"target\":[\"https:\/\/gap47.astrosurf.com\/index.php\/interet-des-machines-pour-lamateur\/\"]}]},{\"@type\":\"BreadcrumbList\",\"@id\":\"https:\/\/gap47.astrosurf.com\/index.php\/interet-des-machines-pour-lamateur\/#breadcrumb\",\"itemListElement\":[{\"@type\":\"ListItem\",\"position\":1,\"name\":\"Accueil\",\"item\":\"https:\/\/gap47.astrosurf.com\/\"},{\"@type\":\"ListItem\",\"position\":2,\"name\":\"Int\u00e9r\u00eat des machines pour l&#8217;amateur\"}]},{\"@type\":\"WebSite\",\"@id\":\"https:\/\/gap47.astrosurf.com\/#website\",\"url\":\"https:\/\/gap47.astrosurf.com\/\",\"name\":\"De janvier \u00e0 fin juin 2024, le GAP47 sera ouvert aux visiteurs tous les vendredis \u00e0 21h sans r\u00e9servation, \u00e0 l'exception du vendredi 26 janvier o\u00f9 l'observatoire sera ferm\u00e9 au public.\",\"description\":\"Groupe d&#039;Astronomie Populaire du Lot-et-Garonne, \u00e0 Montayral\",\"potentialAction\":[{\"@type\":\"SearchAction\",\"target\":{\"@type\":\"EntryPoint\",\"urlTemplate\":\"https:\/\/gap47.astrosurf.com\/?s={search_term_string}\"},\"query-input\":{\"@type\":\"PropertyValueSpecification\",\"valueRequired\":true,\"valueName\":\"search_term_string\"}}],\"inLanguage\":\"fr-FR\"}]}<\/script>\n<!-- \/ Yoast SEO plugin. -->","yoast_head_json":{"title":"Int\u00e9r\u00eat des machines pour l'amateur - L&#039;observatoire est ouvert aux visiteurs tous les vendredis soirs \u00e0 21 heures, jusqu&#039;au 3 juillet 2026 inclus, sans r\u00e9servation.","robots":{"index":"index","follow":"follow","max-snippet":"max-snippet:-1","max-image-preview":"max-image-preview:large","max-video-preview":"max-video-preview:-1"},"canonical":"https:\/\/gap47.astrosurf.com\/index.php\/interet-des-machines-pour-lamateur\/","og_locale":"fr_FR","og_type":"article","og_title":"Int\u00e9r\u00eat des machines pour l'amateur - L&#039;observatoire est ouvert aux visiteurs tous les vendredis soirs \u00e0 21 heures, jusqu&#039;au 3 juillet 2026 inclus, sans r\u00e9servation.","og_description":"Pour l&rsquo;amateur, dont la production de pi\u00e8ces d&rsquo;optiques est rarement importante, l&rsquo;int\u00e9r\u00eat d&rsquo;une machine est tout relatif en comparaison des besoins de l&rsquo;industrie. Toutefois, on peut y trouver de r\u00e9els avantages qu&rsquo;il convient toutefois de moduler en fonction des phases du travail&nbsp;: L&rsquo;utilisation d&rsquo;une machine r\u00e9duira significativement le temps de doucissage en augmentant le rendement &hellip; Continuer la lecture de &laquo;&nbsp;Int\u00e9r\u00eat des machines pour l&rsquo;amateur&nbsp;&raquo;","og_url":"https:\/\/gap47.astrosurf.com\/index.php\/interet-des-machines-pour-lamateur\/","og_site_name":"L&#039;observatoire est ouvert aux visiteurs tous les vendredis soirs \u00e0 21 heures, jusqu&#039;au 3 juillet 2026 inclus, sans r\u00e9servation.","article_publisher":"https:\/\/www.facebook.com\/astrogap47\/","article_modified_time":"2017-09-21T09:40:03+00:00","twitter_card":"summary_large_image","twitter_misc":{"Dur\u00e9e de lecture estim\u00e9e":"7 minutes"},"schema":{"@context":"https:\/\/schema.org","@graph":[{"@type":"WebPage","@id":"https:\/\/gap47.astrosurf.com\/index.php\/interet-des-machines-pour-lamateur\/","url":"https:\/\/gap47.astrosurf.com\/index.php\/interet-des-machines-pour-lamateur\/","name":"Int\u00e9r\u00eat des machines pour l'amateur - L&#039;observatoire est ouvert aux visiteurs tous les vendredis soirs \u00e0 21 heures, jusqu&#039;au 3 juillet 2026 inclus, sans r\u00e9servation.","isPartOf":{"@id":"https:\/\/gap47.astrosurf.com\/#website"},"datePublished":"2017-06-08T06:42:49+00:00","dateModified":"2017-09-21T09:40:03+00:00","breadcrumb":{"@id":"https:\/\/gap47.astrosurf.com\/index.php\/interet-des-machines-pour-lamateur\/#breadcrumb"},"inLanguage":"fr-FR","potentialAction":[{"@type":"ReadAction","target":["https:\/\/gap47.astrosurf.com\/index.php\/interet-des-machines-pour-lamateur\/"]}]},{"@type":"BreadcrumbList","@id":"https:\/\/gap47.astrosurf.com\/index.php\/interet-des-machines-pour-lamateur\/#breadcrumb","itemListElement":[{"@type":"ListItem","position":1,"name":"Accueil","item":"https:\/\/gap47.astrosurf.com\/"},{"@type":"ListItem","position":2,"name":"Int\u00e9r\u00eat des machines pour l&#8217;amateur"}]},{"@type":"WebSite","@id":"https:\/\/gap47.astrosurf.com\/#website","url":"https:\/\/gap47.astrosurf.com\/","name":"De janvier \u00e0 fin juin 2024, le GAP47 sera ouvert aux visiteurs tous les vendredis \u00e0 21h sans r\u00e9servation, \u00e0 l'exception du vendredi 26 janvier o\u00f9 l'observatoire sera ferm\u00e9 au public.","description":"Groupe d&#039;Astronomie Populaire du Lot-et-Garonne, \u00e0 Montayral","potentialAction":[{"@type":"SearchAction","target":{"@type":"EntryPoint","urlTemplate":"https:\/\/gap47.astrosurf.com\/?s={search_term_string}"},"query-input":{"@type":"PropertyValueSpecification","valueRequired":true,"valueName":"search_term_string"}}],"inLanguage":"fr-FR"}]}},"_links":{"self":[{"href":"https:\/\/gap47.astrosurf.com\/index.php\/wp-json\/wp\/v2\/pages\/2042","targetHints":{"allow":["GET"]}}],"collection":[{"href":"https:\/\/gap47.astrosurf.com\/index.php\/wp-json\/wp\/v2\/pages"}],"about":[{"href":"https:\/\/gap47.astrosurf.com\/index.php\/wp-json\/wp\/v2\/types\/page"}],"author":[{"embeddable":true,"href":"https:\/\/gap47.astrosurf.com\/index.php\/wp-json\/wp\/v2\/users\/5"}],"replies":[{"embeddable":true,"href":"https:\/\/gap47.astrosurf.com\/index.php\/wp-json\/wp\/v2\/comments?post=2042"}],"version-history":[{"count":4,"href":"https:\/\/gap47.astrosurf.com\/index.php\/wp-json\/wp\/v2\/pages\/2042\/revisions"}],"predecessor-version":[{"id":5339,"href":"https:\/\/gap47.astrosurf.com\/index.php\/wp-json\/wp\/v2\/pages\/2042\/revisions\/5339"}],"wp:attachment":[{"href":"https:\/\/gap47.astrosurf.com\/index.php\/wp-json\/wp\/v2\/media?parent=2042"}],"curies":[{"name":"wp","href":"https:\/\/api.w.org\/{rel}","templated":true}]}}