 {"id":202,"date":"2017-04-01T17:42:38","date_gmt":"2017-04-01T15:42:38","guid":{"rendered":"http:\/\/gap47.astrosurf.com\/?page_id=202"},"modified":"2025-06-16T23:59:08","modified_gmt":"2025-06-16T21:59:08","slug":"la-vie-du-club","status":"publish","type":"page","link":"https:\/\/gap47.astrosurf.com\/index.php\/le-gap47\/qui-sommes-nous\/la-vie-du-club\/","title":{"rendered":"La vie du Club"},"content":{"rendered":"<p><span style=\"font-family: times new roman,times,serif; font-size: 20px;\">Les <strong>r\u00e9unions du<\/strong> <strong>GAP47<\/strong> ont lieu chaque vendredi \u00e0 partir de 21h, tout au long de l&rsquo;ann\u00e9e. Elles sont l&rsquo;occasion de faire avancer nos projets, d&rsquo;\u00e9changer entre nous et de pratiquer, pour peu que la m\u00e9t\u00e9o le permette.<\/span><\/p>\n<p><span style=\"font-family: times new roman,times,serif; font-size: 20px;\">Ces ouvertures sont aussi l&rsquo;occasion d&rsquo;<strong>accueillir le public<\/strong>, compos\u00e9 de visiteurs locaux ou de vacanciers. Les visites se font en petits groupes qui circulent d&rsquo;un atelier \u00e0 l&rsquo;autre (salle des maquettes, plan\u00e9tarium, instruments et, bien entendu, observations.<\/span><\/p>\n<p><span style=\"font-family: times new roman,times,serif; font-size: 20px;\">En semaine il nous arrive de recevoir des groupes pour des <strong>soir\u00e9es personnalis\u00e9es <\/strong>: Groupes familiaux, associations, etc. Ceci se fait sur rendez-vous et peut aussi se faire enti\u00e8rement en anglais.<\/span><\/p>\n<p><span style=\"font-family: times new roman,times,serif; font-size: 20px;\">L&rsquo;<strong>accueil du public scolaire<\/strong> a lieu en semaine, durant la journ\u00e9e (avec, en particulier, l&rsquo;observation du Soleil et la visite de notre parcours \u00ab\u00a0Syst\u00e8me solaire\u00a0\u00bb) et\/ou en soir\u00e9e. Il nous arrive d&rsquo;accueillir aussi bien des lyc\u00e9ens, des coll\u00e9giens, des \u00e9l\u00e8ves de primaire que des enfants de maternelle. Quel que soit l&rsquo;\u00e2ge, c&rsquo;est essentiellement leur pr\u00e9paration avec les enseignants qui conditionne le succ\u00e8s de leur visite \u00e0 l&rsquo;observatoire.<\/span><\/p>\n<p><a href=\"http:\/\/gap47.astrosurf.com\/wp-content\/uploads\/2017\/04\/P1350545.jpg\"><img loading=\"lazy\" decoding=\"async\" class=\"alignnone wp-image-3376\" src=\"http:\/\/gap47.astrosurf.com\/wp-content\/uploads\/2017\/04\/P1350545.jpg\" alt=\"\" width=\"1632\" height=\"1224\" srcset=\"https:\/\/gap47.astrosurf.com\/wp-content\/uploads\/2017\/04\/P1350545.jpg 3264w, https:\/\/gap47.astrosurf.com\/wp-content\/uploads\/2017\/04\/P1350545-300x225.jpg 300w, https:\/\/gap47.astrosurf.com\/wp-content\/uploads\/2017\/04\/P1350545-768x576.jpg 768w, https:\/\/gap47.astrosurf.com\/wp-content\/uploads\/2017\/04\/P1350545-1600x1200.jpg 1600w\" sizes=\"auto, (max-width: 767px) 89vw, (max-width: 1000px) 54vw, (max-width: 1071px) 543px, 580px\" \/><\/a><\/p>\n<p><span style=\"font-family: times new roman,times,serif; font-size: 20px;\">Enfin, durant les p\u00e9riodes de vacances, nous animons des <strong>visites de centres de loisirs<\/strong>.<\/span><\/p>\n<p><span style=\"font-family: times new roman,times,serif; font-size: 20px;\"><a href=\"http:\/\/gap47.astrosurf.com\/wp-content\/uploads\/2017\/04\/P1100821.jpg\"><img loading=\"lazy\" decoding=\"async\" class=\"alignnone wp-image-3374\" src=\"http:\/\/gap47.astrosurf.com\/wp-content\/uploads\/2017\/04\/P1100821.jpg\" alt=\"\" width=\"1632\" height=\"1224\" srcset=\"https:\/\/gap47.astrosurf.com\/wp-content\/uploads\/2017\/04\/P1100821.jpg 3264w, https:\/\/gap47.astrosurf.com\/wp-content\/uploads\/2017\/04\/P1100821-300x225.jpg 300w, https:\/\/gap47.astrosurf.com\/wp-content\/uploads\/2017\/04\/P1100821-768x576.jpg 768w, https:\/\/gap47.astrosurf.com\/wp-content\/uploads\/2017\/04\/P1100821-1600x1200.jpg 1600w\" sizes=\"auto, (max-width: 767px) 89vw, (max-width: 1000px) 54vw, (max-width: 1071px) 543px, 580px\" \/><\/a><\/span><\/p>\n<p><span style=\"font-family: times new roman,times,serif; font-size: 20px;\">Chaque fois que nous le pouvons, nous participons \u00e0 des rencontres r\u00e9gionales d&rsquo;amateurs.<\/span><\/p>\n<p>&nbsp;<\/p>\n<p><span style=\"color: #0000ff;\"><strong><span style=\"font-family: times\\ new\\ roman, times, serif; font-size: 20px;\">Quelques dates m\u00e9morables dans la vie du club ces derni\u00e8res ann\u00e9es : <\/span><\/strong><\/span><\/p>\n<p><span style=\"font-size: 20px; color: #ff6600;\">&nbsp;<a href=\"http:\/\/gap47.astrosurf.com\/index.php\/les-30-ans\/\" target=\"_blank\" rel=\"noopener noreferrer\"><strong><span style=\"font-family: arial,helvetica,sans-serif;\">Les 30 ans du club, les 20 et 21 avril 2013<\/span><\/strong><\/a><\/span><\/p>\n<p><a href=\"http:\/\/gap47.astrosurf.com\/index.php\/les-35-ans\/\" target=\"_blank\" rel=\"noopener noreferrer\"><span style=\"font-size: 20px;\"><strong><span style=\"font-family: arial, helvetica, sans-serif;\">Les 35 ans du club, du 6 au 8 avril 2018 <\/span><\/strong><\/span><\/a><\/p>\n<p><a href=\"http:\/\/gap47.astrosurf.com\/index.php\/visite-sous-prefet-de-villeneuve\/\" target=\"_blank\" rel=\"noopener noreferrer\"><strong><span style=\"font-family: arial, helvetica, sans-serif; font-size: 20px;\">La visite de Mme le sous-pr\u00e9fet de Villeneuve-sur-Lot (6 juin 2018)<\/span><\/strong><\/a><\/p>\n<p><a href=\"http:\/\/gap47.astrosurf.com\/index.php\/nuits-de-lastro-2018\/\" target=\"_blank\" rel=\"noopener noreferrer\"><strong><span style=\"font-family: arial, helvetica, sans-serif; font-size: 20px;\">Nos Nuits de l&rsquo;Astronomie 2018<\/span><\/strong><\/a><\/p>\n<p><a href=\"http:\/\/gap47.astrosurf.com\/index.php\/visite-de-2-astrophysiciens\/\" target=\"_blank\" rel=\"noopener\"><span style=\"font-size: 20px; font-family: arial, helvetica, sans-serif;\"><strong>La visite de deux astrophysiciens \u00e9m\u00e9rites au GAP47 (16 octobre 2021)<\/strong><\/span><\/a><\/p>\n<p><a style=\"font-size: 1rem;\" href=\"https:\/\/gap47.astrosurf.com\/index.php\/benoit-reeves\/\" target=\"_blank\" rel=\"noopener\"><strong><span style=\"font-family: arial, helvetica, sans-serif; font-size: 20px;\">La venue de Beno\u00eet Reeves \u00e0 Montayral (2 mai 2024)<\/span><\/strong><\/a><\/p>\n<p><a href=\"https:\/\/gap47.astrosurf.com\/index.php\/eclipse-partielle\/\" target=\"_blank\" rel=\"noopener\"><strong><span style=\"font-family: arial, helvetica, sans-serif; font-size: 20px;\">L&rsquo;\u00e9clipse partielle du Soleil par la Lune au GAP47 (29 mars 2025)<\/span><\/strong><\/a><\/p>\n<hr>\n<p>&nbsp;<\/p>\n","protected":false},"excerpt":{"rendered":"<p>Les r\u00e9unions du GAP47 ont lieu chaque vendredi \u00e0 partir de 21h, tout au long de l&rsquo;ann\u00e9e. Elles sont l&rsquo;occasion de faire avancer nos projets, d&rsquo;\u00e9changer entre nous et de pratiquer, pour peu que la m\u00e9t\u00e9o le permette. Ces ouvertures sont aussi l&rsquo;occasion d&rsquo;accueillir le public, compos\u00e9 de visiteurs locaux ou de vacanciers. Les visites &hellip; <\/p>\n<p class=\"link-more\"><a href=\"https:\/\/gap47.astrosurf.com\/index.php\/le-gap47\/qui-sommes-nous\/la-vie-du-club\/\" class=\"more-link\">Continuer la lecture<span class=\"screen-reader-text\"> de &laquo;&nbsp;La vie du Club&nbsp;&raquo;<\/span><\/a><\/p>\n","protected":false},"author":5,"featured_media":0,"parent":92,"menu_order":4,"comment_status":"closed","ping_status":"closed","template":"","meta":{"_exactmetrics_skip_tracking":false,"_exactmetrics_sitenote_active":false,"_exactmetrics_sitenote_note":"","_exactmetrics_sitenote_category":0,"ngg_post_thumbnail":0,"footnotes":""},"class_list":["post-202","page","type-page","status-publish","hentry"],"yoast_head":"<!-- This site is optimized with the Yoast SEO plugin v24.8.1 - https:\/\/yoast.com\/wordpress\/plugins\/seo\/ -->\n<title>La vie du Club - L&#039;observatoire est ouvert aux visiteurs tous les vendredis soirs \u00e0 21 heures, jusqu&#039;au 3 juillet 2026 inclus, sans r\u00e9servation.<\/title>\n<meta name=\"robots\" content=\"index, follow, max-snippet:-1, max-image-preview:large, max-video-preview:-1\" \/>\n<link rel=\"canonical\" href=\"https:\/\/gap47.astrosurf.com\/index.php\/le-gap47\/qui-sommes-nous\/la-vie-du-club\/\" \/>\n<meta property=\"og:locale\" content=\"fr_FR\" \/>\n<meta property=\"og:type\" content=\"article\" \/>\n<meta property=\"og:title\" content=\"La vie du Club - L&#039;observatoire est ouvert aux visiteurs tous les vendredis soirs \u00e0 21 heures, jusqu&#039;au 3 juillet 2026 inclus, sans r\u00e9servation.\" \/>\n<meta property=\"og:description\" content=\"Les r\u00e9unions du GAP47 ont lieu chaque vendredi \u00e0 partir de 21h, tout au long de l&rsquo;ann\u00e9e. Elles sont l&rsquo;occasion de faire avancer nos projets, d&rsquo;\u00e9changer entre nous et de pratiquer, pour peu que la m\u00e9t\u00e9o le permette. Ces ouvertures sont aussi l&rsquo;occasion d&rsquo;accueillir le public, compos\u00e9 de visiteurs locaux ou de vacanciers. Les visites &hellip; Continuer la lecture de &laquo;&nbsp;La vie du Club&nbsp;&raquo;\" \/>\n<meta property=\"og:url\" content=\"https:\/\/gap47.astrosurf.com\/index.php\/le-gap47\/qui-sommes-nous\/la-vie-du-club\/\" \/>\n<meta property=\"og:site_name\" content=\"L&#039;observatoire est ouvert aux visiteurs tous les vendredis soirs \u00e0 21 heures, jusqu&#039;au 3 juillet 2026 inclus, sans r\u00e9servation.\" \/>\n<meta property=\"article:publisher\" content=\"https:\/\/www.facebook.com\/astrogap47\/\" \/>\n<meta property=\"article:modified_time\" content=\"2025-06-16T21:59:08+00:00\" \/>\n<meta property=\"og:image\" content=\"https:\/\/gap47.astrosurf.com\/wp-content\/uploads\/2017\/04\/P1350545-1600x1200.jpg\" \/>\n\t<meta property=\"og:image:width\" content=\"1600\" \/>\n\t<meta property=\"og:image:height\" content=\"1200\" \/>\n\t<meta property=\"og:image:type\" content=\"image\/jpeg\" \/>\n<meta name=\"twitter:card\" content=\"summary_large_image\" \/>\n<meta name=\"twitter:label1\" content=\"Dur\u00e9e de lecture estim\u00e9e\" \/>\n\t<meta name=\"twitter:data1\" content=\"2 minutes\" \/>\n<script type=\"application\/ld+json\" class=\"yoast-schema-graph\">{\"@context\":\"https:\/\/schema.org\",\"@graph\":[{\"@type\":\"WebPage\",\"@id\":\"https:\/\/gap47.astrosurf.com\/index.php\/le-gap47\/qui-sommes-nous\/la-vie-du-club\/\",\"url\":\"https:\/\/gap47.astrosurf.com\/index.php\/le-gap47\/qui-sommes-nous\/la-vie-du-club\/\",\"name\":\"La vie du Club - L&#039;observatoire est ouvert aux visiteurs tous les vendredis soirs \u00e0 21 heures, jusqu&#039;au 3 juillet 2026 inclus, sans r\u00e9servation.\",\"isPartOf\":{\"@id\":\"https:\/\/gap47.astrosurf.com\/#website\"},\"primaryImageOfPage\":{\"@id\":\"https:\/\/gap47.astrosurf.com\/index.php\/le-gap47\/qui-sommes-nous\/la-vie-du-club\/#primaryimage\"},\"image\":{\"@id\":\"https:\/\/gap47.astrosurf.com\/index.php\/le-gap47\/qui-sommes-nous\/la-vie-du-club\/#primaryimage\"},\"thumbnailUrl\":\"http:\/\/gap47.astrosurf.com\/wp-content\/uploads\/2017\/04\/P1350545.jpg\",\"datePublished\":\"2017-04-01T15:42:38+00:00\",\"dateModified\":\"2025-06-16T21:59:08+00:00\",\"breadcrumb\":{\"@id\":\"https:\/\/gap47.astrosurf.com\/index.php\/le-gap47\/qui-sommes-nous\/la-vie-du-club\/#breadcrumb\"},\"inLanguage\":\"fr-FR\",\"potentialAction\":[{\"@type\":\"ReadAction\",\"target\":[\"https:\/\/gap47.astrosurf.com\/index.php\/le-gap47\/qui-sommes-nous\/la-vie-du-club\/\"]}]},{\"@type\":\"ImageObject\",\"inLanguage\":\"fr-FR\",\"@id\":\"https:\/\/gap47.astrosurf.com\/index.php\/le-gap47\/qui-sommes-nous\/la-vie-du-club\/#primaryimage\",\"url\":\"https:\/\/gap47.astrosurf.com\/wp-content\/uploads\/2017\/04\/P1350545.jpg\",\"contentUrl\":\"https:\/\/gap47.astrosurf.com\/wp-content\/uploads\/2017\/04\/P1350545.jpg\",\"width\":3264,\"height\":2448},{\"@type\":\"BreadcrumbList\",\"@id\":\"https:\/\/gap47.astrosurf.com\/index.php\/le-gap47\/qui-sommes-nous\/la-vie-du-club\/#breadcrumb\",\"itemListElement\":[{\"@type\":\"ListItem\",\"position\":1,\"name\":\"Accueil\",\"item\":\"https:\/\/gap47.astrosurf.com\/\"},{\"@type\":\"ListItem\",\"position\":2,\"name\":\"Le GAP47\",\"item\":\"https:\/\/gap47.astrosurf.com\/index.php\/le-gap47\/\"},{\"@type\":\"ListItem\",\"position\":3,\"name\":\"Qui sommes-nous ?\",\"item\":\"https:\/\/gap47.astrosurf.com\/index.php\/le-gap47\/qui-sommes-nous\/\"},{\"@type\":\"ListItem\",\"position\":4,\"name\":\"La vie du Club\"}]},{\"@type\":\"WebSite\",\"@id\":\"https:\/\/gap47.astrosurf.com\/#website\",\"url\":\"https:\/\/gap47.astrosurf.com\/\",\"name\":\"De janvier \u00e0 fin juin 2024, le GAP47 sera ouvert aux visiteurs tous les vendredis \u00e0 21h sans r\u00e9servation, \u00e0 l'exception du vendredi 26 janvier o\u00f9 l'observatoire sera ferm\u00e9 au public.\",\"description\":\"Groupe d&#039;Astronomie Populaire du Lot-et-Garonne, \u00e0 Montayral\",\"potentialAction\":[{\"@type\":\"SearchAction\",\"target\":{\"@type\":\"EntryPoint\",\"urlTemplate\":\"https:\/\/gap47.astrosurf.com\/?s={search_term_string}\"},\"query-input\":{\"@type\":\"PropertyValueSpecification\",\"valueRequired\":true,\"valueName\":\"search_term_string\"}}],\"inLanguage\":\"fr-FR\"}]}<\/script>\n<!-- \/ Yoast SEO plugin. -->","yoast_head_json":{"title":"La vie du Club - L&#039;observatoire est ouvert aux visiteurs tous les vendredis soirs \u00e0 21 heures, jusqu&#039;au 3 juillet 2026 inclus, sans r\u00e9servation.","robots":{"index":"index","follow":"follow","max-snippet":"max-snippet:-1","max-image-preview":"max-image-preview:large","max-video-preview":"max-video-preview:-1"},"canonical":"https:\/\/gap47.astrosurf.com\/index.php\/le-gap47\/qui-sommes-nous\/la-vie-du-club\/","og_locale":"fr_FR","og_type":"article","og_title":"La vie du Club - L&#039;observatoire est ouvert aux visiteurs tous les vendredis soirs \u00e0 21 heures, jusqu&#039;au 3 juillet 2026 inclus, sans r\u00e9servation.","og_description":"Les r\u00e9unions du GAP47 ont lieu chaque vendredi \u00e0 partir de 21h, tout au long de l&rsquo;ann\u00e9e. Elles sont l&rsquo;occasion de faire avancer nos projets, d&rsquo;\u00e9changer entre nous et de pratiquer, pour peu que la m\u00e9t\u00e9o le permette. Ces ouvertures sont aussi l&rsquo;occasion d&rsquo;accueillir le public, compos\u00e9 de visiteurs locaux ou de vacanciers. Les visites &hellip; Continuer la lecture de &laquo;&nbsp;La vie du Club&nbsp;&raquo;","og_url":"https:\/\/gap47.astrosurf.com\/index.php\/le-gap47\/qui-sommes-nous\/la-vie-du-club\/","og_site_name":"L&#039;observatoire est ouvert aux visiteurs tous les vendredis soirs \u00e0 21 heures, jusqu&#039;au 3 juillet 2026 inclus, sans r\u00e9servation.","article_publisher":"https:\/\/www.facebook.com\/astrogap47\/","article_modified_time":"2025-06-16T21:59:08+00:00","og_image":[{"width":1600,"height":1200,"url":"https:\/\/gap47.astrosurf.com\/wp-content\/uploads\/2017\/04\/P1350545-1600x1200.jpg","type":"image\/jpeg"}],"twitter_card":"summary_large_image","twitter_misc":{"Dur\u00e9e de lecture estim\u00e9e":"2 minutes"},"schema":{"@context":"https:\/\/schema.org","@graph":[{"@type":"WebPage","@id":"https:\/\/gap47.astrosurf.com\/index.php\/le-gap47\/qui-sommes-nous\/la-vie-du-club\/","url":"https:\/\/gap47.astrosurf.com\/index.php\/le-gap47\/qui-sommes-nous\/la-vie-du-club\/","name":"La vie du Club - L&#039;observatoire est ouvert aux visiteurs tous les vendredis soirs \u00e0 21 heures, jusqu&#039;au 3 juillet 2026 inclus, sans r\u00e9servation.","isPartOf":{"@id":"https:\/\/gap47.astrosurf.com\/#website"},"primaryImageOfPage":{"@id":"https:\/\/gap47.astrosurf.com\/index.php\/le-gap47\/qui-sommes-nous\/la-vie-du-club\/#primaryimage"},"image":{"@id":"https:\/\/gap47.astrosurf.com\/index.php\/le-gap47\/qui-sommes-nous\/la-vie-du-club\/#primaryimage"},"thumbnailUrl":"http:\/\/gap47.astrosurf.com\/wp-content\/uploads\/2017\/04\/P1350545.jpg","datePublished":"2017-04-01T15:42:38+00:00","dateModified":"2025-06-16T21:59:08+00:00","breadcrumb":{"@id":"https:\/\/gap47.astrosurf.com\/index.php\/le-gap47\/qui-sommes-nous\/la-vie-du-club\/#breadcrumb"},"inLanguage":"fr-FR","potentialAction":[{"@type":"ReadAction","target":["https:\/\/gap47.astrosurf.com\/index.php\/le-gap47\/qui-sommes-nous\/la-vie-du-club\/"]}]},{"@type":"ImageObject","inLanguage":"fr-FR","@id":"https:\/\/gap47.astrosurf.com\/index.php\/le-gap47\/qui-sommes-nous\/la-vie-du-club\/#primaryimage","url":"https:\/\/gap47.astrosurf.com\/wp-content\/uploads\/2017\/04\/P1350545.jpg","contentUrl":"https:\/\/gap47.astrosurf.com\/wp-content\/uploads\/2017\/04\/P1350545.jpg","width":3264,"height":2448},{"@type":"BreadcrumbList","@id":"https:\/\/gap47.astrosurf.com\/index.php\/le-gap47\/qui-sommes-nous\/la-vie-du-club\/#breadcrumb","itemListElement":[{"@type":"ListItem","position":1,"name":"Accueil","item":"https:\/\/gap47.astrosurf.com\/"},{"@type":"ListItem","position":2,"name":"Le GAP47","item":"https:\/\/gap47.astrosurf.com\/index.php\/le-gap47\/"},{"@type":"ListItem","position":3,"name":"Qui sommes-nous ?","item":"https:\/\/gap47.astrosurf.com\/index.php\/le-gap47\/qui-sommes-nous\/"},{"@type":"ListItem","position":4,"name":"La vie du Club"}]},{"@type":"WebSite","@id":"https:\/\/gap47.astrosurf.com\/#website","url":"https:\/\/gap47.astrosurf.com\/","name":"De janvier \u00e0 fin juin 2024, le GAP47 sera ouvert aux visiteurs tous les vendredis \u00e0 21h sans r\u00e9servation, \u00e0 l'exception du vendredi 26 janvier o\u00f9 l'observatoire sera ferm\u00e9 au public.","description":"Groupe d&#039;Astronomie Populaire du Lot-et-Garonne, \u00e0 Montayral","potentialAction":[{"@type":"SearchAction","target":{"@type":"EntryPoint","urlTemplate":"https:\/\/gap47.astrosurf.com\/?s={search_term_string}"},"query-input":{"@type":"PropertyValueSpecification","valueRequired":true,"valueName":"search_term_string"}}],"inLanguage":"fr-FR"}]}},"_links":{"self":[{"href":"https:\/\/gap47.astrosurf.com\/index.php\/wp-json\/wp\/v2\/pages\/202","targetHints":{"allow":["GET"]}}],"collection":[{"href":"https:\/\/gap47.astrosurf.com\/index.php\/wp-json\/wp\/v2\/pages"}],"about":[{"href":"https:\/\/gap47.astrosurf.com\/index.php\/wp-json\/wp\/v2\/types\/page"}],"author":[{"embeddable":true,"href":"https:\/\/gap47.astrosurf.com\/index.php\/wp-json\/wp\/v2\/users\/5"}],"replies":[{"embeddable":true,"href":"https:\/\/gap47.astrosurf.com\/index.php\/wp-json\/wp\/v2\/comments?post=202"}],"version-history":[{"count":40,"href":"https:\/\/gap47.astrosurf.com\/index.php\/wp-json\/wp\/v2\/pages\/202\/revisions"}],"predecessor-version":[{"id":13581,"href":"https:\/\/gap47.astrosurf.com\/index.php\/wp-json\/wp\/v2\/pages\/202\/revisions\/13581"}],"up":[{"embeddable":true,"href":"https:\/\/gap47.astrosurf.com\/index.php\/wp-json\/wp\/v2\/pages\/92"}],"wp:attachment":[{"href":"https:\/\/gap47.astrosurf.com\/index.php\/wp-json\/wp\/v2\/media?parent=202"}],"curies":[{"name":"wp","href":"https:\/\/api.w.org\/{rel}","templated":true}]}}