 {"id":192,"date":"2017-04-01T17:39:30","date_gmt":"2017-04-01T15:39:30","guid":{"rendered":"http:\/\/gap47.astrosurf.com\/?page_id=192"},"modified":"2018-07-26T01:27:14","modified_gmt":"2018-07-25T23:27:14","slug":"optique","status":"publish","type":"page","link":"https:\/\/gap47.astrosurf.com\/index.php\/technique\/optique-instruments\/optique\/","title":{"rendered":"R\u00e9alisation de grands miroirs d&rsquo;amateur"},"content":{"rendered":"<p style=\"text-align: center;\"><span style=\"font-size: 20px;\"><strong><span style=\"font-family: arial,helvetica,sans-serif;\"><a href=\"http:\/\/gap47.astrosurf.com\/index.php\/technique\/optique\/realisation-de-grands-miroirs\/\" target=\"_blank\" rel=\"noopener noreferrer\">Sp\u00e9cificit\u00e9s de la r\u00e9alisation de \u00ab&nbsp;grands&nbsp;\u00bb miroirs<\/a><\/span><\/strong><\/span><\/p>\n<p style=\"text-align: center;\"><span style=\"font-size: 20px;\"><strong><span style=\"font-family: arial,helvetica,sans-serif;\"><a href=\"http:\/\/gap47.astrosurf.com\/index.php\/technique\/optique\/fournitures\/\" target=\"_blank\" rel=\"noopener noreferrer\">Principales fournitures et mat\u00e9riaux<\/a><\/span><\/strong><\/span><\/p>\n<p style=\"text-align: center;\"><span style=\"font-size: 20px;\"><strong><span style=\"font-family: arial,helvetica,sans-serif;\"><a href=\"http:\/\/gap47.astrosurf.com\/index.php\/technique\/optique\/poste-de-travail\/\" target=\"_blank\" rel=\"noopener noreferrer\">Am\u00e9nagement des locaux \/ poste de travail<\/a><\/span><\/strong><\/span><\/p>\n<p style=\"text-align: center;\"><span style=\"font-size: 20px;\"><strong><span style=\"font-family: arial,helvetica,sans-serif;\"><a href=\"http:\/\/gap47.astrosurf.com\/index.php\/technique\/optique\/travaux-preparatifs\/\" target=\"_blank\" rel=\"noopener noreferrer\">Travaux pr\u00e9paratifs<\/a><\/span><\/strong><\/span><\/p>\n<p style=\"text-align: center;\"><span style=\"font-size: 20px;\"><strong><span style=\"font-family: arial,helvetica,sans-serif;\"><a href=\"http:\/\/gap47.astrosurf.com\/index.php\/technique\/optique\/ebauchage\/\" target=\"_blank\" rel=\"noopener noreferrer\">\u00c9bauchage<\/a><\/span><\/strong><\/span><\/p>\n<p style=\"text-align: center;\"><span style=\"font-size: 20px;\"><strong><span style=\"font-family: arial,helvetica,sans-serif;\"><a href=\"http:\/\/gap47.astrosurf.com\/index.php\/technique\/optique\/reunissage\/\" target=\"_blank\" rel=\"noopener noreferrer\">R\u00e9unissage<\/a><\/span><\/strong><\/span><\/p>\n<p style=\"text-align: center;\"><span style=\"font-size: 20px;\"><strong><span style=\"font-family: arial,helvetica,sans-serif;\"><a href=\"http:\/\/gap47.astrosurf.com\/index.php\/technique\/optique\/doucissage\/\" target=\"_blank\" rel=\"noopener noreferrer\">Doucissage<\/a><\/span><\/strong><\/span><\/p>\n<p style=\"text-align: center;\"><a href=\"http:\/\/gap47.astrosurf.com\/index.php\/technique\/optique-instruments\/construction-du-dobson-t-400\/realisation-miroir-400\/#o4\" target=\"_blank\" rel=\"noopener\"><span style=\"font-size: 20px;\"><strong><span style=\"font-family: arial,helvetica,sans-serif;\">Polissage<\/span><\/strong><span style=\"font-family: arial,helvetica,sans-serif;\"> (renvoie \u00e0 la page optique\/polissage du Dobson T400)<\/span><\/span><\/a><\/p>\n<p style=\"text-align: center;\"><span style=\"font-size: 20px;\"><strong><span style=\"font-family: arial,helvetica,sans-serif;\"><a href=\"http:\/\/gap47.astrosurf.com\/index.php\/technique\/optique\/machines-a-polir\/\" target=\"_blank\" rel=\"noopener noreferrer\">Les machines \u00e0 polir les miroirs<\/a><\/span><\/strong><\/span><\/p>\n<p style=\"text-align: center;\"><img loading=\"lazy\" decoding=\"async\" class=\"alignnone wp-image-2712\" src=\"http:\/\/gap47.astrosurf.com\/wp-content\/uploads\/2017\/04\/anglais-destines-drapeau-anglais-haute-resolution.jpg\" alt=\"\" width=\"50\" height=\"25\" srcset=\"https:\/\/gap47.astrosurf.com\/wp-content\/uploads\/2017\/04\/anglais-destines-drapeau-anglais-haute-resolution.jpg 2176w, https:\/\/gap47.astrosurf.com\/wp-content\/uploads\/2017\/04\/anglais-destines-drapeau-anglais-haute-resolution-300x150.jpg 300w, https:\/\/gap47.astrosurf.com\/wp-content\/uploads\/2017\/04\/anglais-destines-drapeau-anglais-haute-resolution-768x384.jpg 768w, https:\/\/gap47.astrosurf.com\/wp-content\/uploads\/2017\/04\/anglais-destines-drapeau-anglais-haute-resolution-2000x1000.jpg 2000w\" sizes=\"auto, (max-width: 50px) 100vw, 50px\" \/> <span style=\"font-size: 20px;\"><strong><span style=\"font-family: arial,helvetica,sans-serif;\"><a href=\"http:\/\/gap47.astrosurf.com\/index.php\/technique\/optique\/machines-to-polish-mirrors\/\" target=\"_blank\" rel=\"noopener noreferrer\">Machines to polish mirrors&nbsp;<\/a><\/span><\/strong><\/span><img loading=\"lazy\" decoding=\"async\" class=\"alignnone wp-image-2711\" src=\"http:\/\/gap47.astrosurf.com\/wp-content\/uploads\/2017\/04\/latest.jpg\" alt=\"\" width=\"50\" height=\"30\" srcset=\"https:\/\/gap47.astrosurf.com\/wp-content\/uploads\/2017\/04\/latest.jpg 734w, https:\/\/gap47.astrosurf.com\/wp-content\/uploads\/2017\/04\/latest-300x180.jpg 300w\" sizes=\"auto, (max-width: 50px) 100vw, 50px\" \/><\/p>\n<hr>\n<p style=\"text-align: center;\">&nbsp;<\/p>\n","protected":false},"excerpt":{"rendered":"<p>Sp\u00e9cificit\u00e9s de la r\u00e9alisation de \u00ab&nbsp;grands&nbsp;\u00bb miroirs Principales fournitures et mat\u00e9riaux Am\u00e9nagement des locaux \/ poste de travail Travaux pr\u00e9paratifs \u00c9bauchage R\u00e9unissage Doucissage Polissage (renvoie \u00e0 la page optique\/polissage du Dobson T400) Les machines \u00e0 polir les miroirs Machines to polish mirrors&nbsp; &nbsp;<\/p>\n","protected":false},"author":5,"featured_media":0,"parent":4631,"menu_order":1,"comment_status":"closed","ping_status":"closed","template":"","meta":{"_exactmetrics_skip_tracking":false,"_exactmetrics_sitenote_active":false,"_exactmetrics_sitenote_note":"","_exactmetrics_sitenote_category":0,"ngg_post_thumbnail":0,"footnotes":""},"class_list":["post-192","page","type-page","status-publish","hentry"],"yoast_head":"<!-- This site is optimized with the Yoast SEO plugin v24.8.1 - https:\/\/yoast.com\/wordpress\/plugins\/seo\/ -->\n<title>R\u00e9alisation de grands miroirs d&#039;amateur - L&#039;observatoire est ouvert aux visiteurs tous les vendredis soirs \u00e0 21 heures, jusqu&#039;au 3 juillet 2026 inclus, sans r\u00e9servation.<\/title>\n<meta name=\"robots\" content=\"index, follow, max-snippet:-1, max-image-preview:large, max-video-preview:-1\" \/>\n<link rel=\"canonical\" href=\"https:\/\/gap47.astrosurf.com\/index.php\/technique\/optique-instruments\/optique\/\" \/>\n<meta property=\"og:locale\" content=\"fr_FR\" \/>\n<meta property=\"og:type\" content=\"article\" \/>\n<meta property=\"og:title\" content=\"R\u00e9alisation de grands miroirs d&#039;amateur - L&#039;observatoire est ouvert aux visiteurs tous les vendredis soirs \u00e0 21 heures, jusqu&#039;au 3 juillet 2026 inclus, sans r\u00e9servation.\" \/>\n<meta property=\"og:description\" content=\"Sp\u00e9cificit\u00e9s de la r\u00e9alisation de \u00ab&nbsp;grands&nbsp;\u00bb miroirs Principales fournitures et mat\u00e9riaux Am\u00e9nagement des locaux \/ poste de travail Travaux pr\u00e9paratifs \u00c9bauchage R\u00e9unissage Doucissage Polissage (renvoie \u00e0 la page optique\/polissage du Dobson T400) Les machines \u00e0 polir les miroirs Machines to polish mirrors&nbsp; &nbsp;\" \/>\n<meta property=\"og:url\" content=\"https:\/\/gap47.astrosurf.com\/index.php\/technique\/optique-instruments\/optique\/\" \/>\n<meta property=\"og:site_name\" content=\"L&#039;observatoire est ouvert aux visiteurs tous les vendredis soirs \u00e0 21 heures, jusqu&#039;au 3 juillet 2026 inclus, sans r\u00e9servation.\" \/>\n<meta property=\"article:publisher\" content=\"https:\/\/www.facebook.com\/astrogap47\/\" \/>\n<meta property=\"article:modified_time\" content=\"2018-07-25T23:27:14+00:00\" \/>\n<meta property=\"og:image\" content=\"http:\/\/gap47.astrosurf.com\/wp-content\/uploads\/2017\/04\/anglais-destines-drapeau-anglais-haute-resolution.jpg\" \/>\n<meta name=\"twitter:card\" content=\"summary_large_image\" \/>\n<script type=\"application\/ld+json\" class=\"yoast-schema-graph\">{\"@context\":\"https:\/\/schema.org\",\"@graph\":[{\"@type\":\"WebPage\",\"@id\":\"https:\/\/gap47.astrosurf.com\/index.php\/technique\/optique-instruments\/optique\/\",\"url\":\"https:\/\/gap47.astrosurf.com\/index.php\/technique\/optique-instruments\/optique\/\",\"name\":\"R\u00e9alisation de grands miroirs d'amateur - L&#039;observatoire est ouvert aux visiteurs tous les vendredis soirs \u00e0 21 heures, jusqu&#039;au 3 juillet 2026 inclus, sans r\u00e9servation.\",\"isPartOf\":{\"@id\":\"https:\/\/gap47.astrosurf.com\/#website\"},\"primaryImageOfPage\":{\"@id\":\"https:\/\/gap47.astrosurf.com\/index.php\/technique\/optique-instruments\/optique\/#primaryimage\"},\"image\":{\"@id\":\"https:\/\/gap47.astrosurf.com\/index.php\/technique\/optique-instruments\/optique\/#primaryimage\"},\"thumbnailUrl\":\"http:\/\/gap47.astrosurf.com\/wp-content\/uploads\/2017\/04\/anglais-destines-drapeau-anglais-haute-resolution.jpg\",\"datePublished\":\"2017-04-01T15:39:30+00:00\",\"dateModified\":\"2018-07-25T23:27:14+00:00\",\"breadcrumb\":{\"@id\":\"https:\/\/gap47.astrosurf.com\/index.php\/technique\/optique-instruments\/optique\/#breadcrumb\"},\"inLanguage\":\"fr-FR\",\"potentialAction\":[{\"@type\":\"ReadAction\",\"target\":[\"https:\/\/gap47.astrosurf.com\/index.php\/technique\/optique-instruments\/optique\/\"]}]},{\"@type\":\"ImageObject\",\"inLanguage\":\"fr-FR\",\"@id\":\"https:\/\/gap47.astrosurf.com\/index.php\/technique\/optique-instruments\/optique\/#primaryimage\",\"url\":\"https:\/\/gap47.astrosurf.com\/wp-content\/uploads\/2017\/04\/anglais-destines-drapeau-anglais-haute-resolution.jpg\",\"contentUrl\":\"https:\/\/gap47.astrosurf.com\/wp-content\/uploads\/2017\/04\/anglais-destines-drapeau-anglais-haute-resolution.jpg\",\"width\":2176,\"height\":1088},{\"@type\":\"BreadcrumbList\",\"@id\":\"https:\/\/gap47.astrosurf.com\/index.php\/technique\/optique-instruments\/optique\/#breadcrumb\",\"itemListElement\":[{\"@type\":\"ListItem\",\"position\":1,\"name\":\"Accueil\",\"item\":\"https:\/\/gap47.astrosurf.com\/\"},{\"@type\":\"ListItem\",\"position\":2,\"name\":\"Technique\",\"item\":\"https:\/\/gap47.astrosurf.com\/index.php\/technique\/\"},{\"@type\":\"ListItem\",\"position\":3,\"name\":\"Optique \u2014 Instruments\",\"item\":\"https:\/\/gap47.astrosurf.com\/index.php\/technique\/optique-instruments\/\"},{\"@type\":\"ListItem\",\"position\":4,\"name\":\"R\u00e9alisation de grands miroirs d&#8217;amateur\"}]},{\"@type\":\"WebSite\",\"@id\":\"https:\/\/gap47.astrosurf.com\/#website\",\"url\":\"https:\/\/gap47.astrosurf.com\/\",\"name\":\"De janvier \u00e0 fin juin 2024, le GAP47 sera ouvert aux visiteurs tous les vendredis \u00e0 21h sans r\u00e9servation, \u00e0 l'exception du vendredi 26 janvier o\u00f9 l'observatoire sera ferm\u00e9 au public.\",\"description\":\"Groupe d&#039;Astronomie Populaire du Lot-et-Garonne, \u00e0 Montayral\",\"potentialAction\":[{\"@type\":\"SearchAction\",\"target\":{\"@type\":\"EntryPoint\",\"urlTemplate\":\"https:\/\/gap47.astrosurf.com\/?s={search_term_string}\"},\"query-input\":{\"@type\":\"PropertyValueSpecification\",\"valueRequired\":true,\"valueName\":\"search_term_string\"}}],\"inLanguage\":\"fr-FR\"}]}<\/script>\n<!-- \/ Yoast SEO plugin. -->","yoast_head_json":{"title":"R\u00e9alisation de grands miroirs d'amateur - L&#039;observatoire est ouvert aux visiteurs tous les vendredis soirs \u00e0 21 heures, jusqu&#039;au 3 juillet 2026 inclus, sans r\u00e9servation.","robots":{"index":"index","follow":"follow","max-snippet":"max-snippet:-1","max-image-preview":"max-image-preview:large","max-video-preview":"max-video-preview:-1"},"canonical":"https:\/\/gap47.astrosurf.com\/index.php\/technique\/optique-instruments\/optique\/","og_locale":"fr_FR","og_type":"article","og_title":"R\u00e9alisation de grands miroirs d'amateur - L&#039;observatoire est ouvert aux visiteurs tous les vendredis soirs \u00e0 21 heures, jusqu&#039;au 3 juillet 2026 inclus, sans r\u00e9servation.","og_description":"Sp\u00e9cificit\u00e9s de la r\u00e9alisation de \u00ab&nbsp;grands&nbsp;\u00bb miroirs Principales fournitures et mat\u00e9riaux Am\u00e9nagement des locaux \/ poste de travail Travaux pr\u00e9paratifs \u00c9bauchage R\u00e9unissage Doucissage Polissage (renvoie \u00e0 la page optique\/polissage du Dobson T400) Les machines \u00e0 polir les miroirs Machines to polish mirrors&nbsp; &nbsp;","og_url":"https:\/\/gap47.astrosurf.com\/index.php\/technique\/optique-instruments\/optique\/","og_site_name":"L&#039;observatoire est ouvert aux visiteurs tous les vendredis soirs \u00e0 21 heures, jusqu&#039;au 3 juillet 2026 inclus, sans r\u00e9servation.","article_publisher":"https:\/\/www.facebook.com\/astrogap47\/","article_modified_time":"2018-07-25T23:27:14+00:00","og_image":[{"url":"http:\/\/gap47.astrosurf.com\/wp-content\/uploads\/2017\/04\/anglais-destines-drapeau-anglais-haute-resolution.jpg","type":"","width":"","height":""}],"twitter_card":"summary_large_image","schema":{"@context":"https:\/\/schema.org","@graph":[{"@type":"WebPage","@id":"https:\/\/gap47.astrosurf.com\/index.php\/technique\/optique-instruments\/optique\/","url":"https:\/\/gap47.astrosurf.com\/index.php\/technique\/optique-instruments\/optique\/","name":"R\u00e9alisation de grands miroirs d'amateur - L&#039;observatoire est ouvert aux visiteurs tous les vendredis soirs \u00e0 21 heures, jusqu&#039;au 3 juillet 2026 inclus, sans r\u00e9servation.","isPartOf":{"@id":"https:\/\/gap47.astrosurf.com\/#website"},"primaryImageOfPage":{"@id":"https:\/\/gap47.astrosurf.com\/index.php\/technique\/optique-instruments\/optique\/#primaryimage"},"image":{"@id":"https:\/\/gap47.astrosurf.com\/index.php\/technique\/optique-instruments\/optique\/#primaryimage"},"thumbnailUrl":"http:\/\/gap47.astrosurf.com\/wp-content\/uploads\/2017\/04\/anglais-destines-drapeau-anglais-haute-resolution.jpg","datePublished":"2017-04-01T15:39:30+00:00","dateModified":"2018-07-25T23:27:14+00:00","breadcrumb":{"@id":"https:\/\/gap47.astrosurf.com\/index.php\/technique\/optique-instruments\/optique\/#breadcrumb"},"inLanguage":"fr-FR","potentialAction":[{"@type":"ReadAction","target":["https:\/\/gap47.astrosurf.com\/index.php\/technique\/optique-instruments\/optique\/"]}]},{"@type":"ImageObject","inLanguage":"fr-FR","@id":"https:\/\/gap47.astrosurf.com\/index.php\/technique\/optique-instruments\/optique\/#primaryimage","url":"https:\/\/gap47.astrosurf.com\/wp-content\/uploads\/2017\/04\/anglais-destines-drapeau-anglais-haute-resolution.jpg","contentUrl":"https:\/\/gap47.astrosurf.com\/wp-content\/uploads\/2017\/04\/anglais-destines-drapeau-anglais-haute-resolution.jpg","width":2176,"height":1088},{"@type":"BreadcrumbList","@id":"https:\/\/gap47.astrosurf.com\/index.php\/technique\/optique-instruments\/optique\/#breadcrumb","itemListElement":[{"@type":"ListItem","position":1,"name":"Accueil","item":"https:\/\/gap47.astrosurf.com\/"},{"@type":"ListItem","position":2,"name":"Technique","item":"https:\/\/gap47.astrosurf.com\/index.php\/technique\/"},{"@type":"ListItem","position":3,"name":"Optique \u2014 Instruments","item":"https:\/\/gap47.astrosurf.com\/index.php\/technique\/optique-instruments\/"},{"@type":"ListItem","position":4,"name":"R\u00e9alisation de grands miroirs d&#8217;amateur"}]},{"@type":"WebSite","@id":"https:\/\/gap47.astrosurf.com\/#website","url":"https:\/\/gap47.astrosurf.com\/","name":"De janvier \u00e0 fin juin 2024, le GAP47 sera ouvert aux visiteurs tous les vendredis \u00e0 21h sans r\u00e9servation, \u00e0 l'exception du vendredi 26 janvier o\u00f9 l'observatoire sera ferm\u00e9 au public.","description":"Groupe d&#039;Astronomie Populaire du Lot-et-Garonne, \u00e0 Montayral","potentialAction":[{"@type":"SearchAction","target":{"@type":"EntryPoint","urlTemplate":"https:\/\/gap47.astrosurf.com\/?s={search_term_string}"},"query-input":{"@type":"PropertyValueSpecification","valueRequired":true,"valueName":"search_term_string"}}],"inLanguage":"fr-FR"}]}},"_links":{"self":[{"href":"https:\/\/gap47.astrosurf.com\/index.php\/wp-json\/wp\/v2\/pages\/192","targetHints":{"allow":["GET"]}}],"collection":[{"href":"https:\/\/gap47.astrosurf.com\/index.php\/wp-json\/wp\/v2\/pages"}],"about":[{"href":"https:\/\/gap47.astrosurf.com\/index.php\/wp-json\/wp\/v2\/types\/page"}],"author":[{"embeddable":true,"href":"https:\/\/gap47.astrosurf.com\/index.php\/wp-json\/wp\/v2\/users\/5"}],"replies":[{"embeddable":true,"href":"https:\/\/gap47.astrosurf.com\/index.php\/wp-json\/wp\/v2\/comments?post=192"}],"version-history":[{"count":42,"href":"https:\/\/gap47.astrosurf.com\/index.php\/wp-json\/wp\/v2\/pages\/192\/revisions"}],"predecessor-version":[{"id":7584,"href":"https:\/\/gap47.astrosurf.com\/index.php\/wp-json\/wp\/v2\/pages\/192\/revisions\/7584"}],"up":[{"embeddable":true,"href":"https:\/\/gap47.astrosurf.com\/index.php\/wp-json\/wp\/v2\/pages\/4631"}],"wp:attachment":[{"href":"https:\/\/gap47.astrosurf.com\/index.php\/wp-json\/wp\/v2\/media?parent=192"}],"curies":[{"name":"wp","href":"https:\/\/api.w.org\/{rel}","templated":true}]}}