 {"id":186,"date":"2017-04-01T17:36:04","date_gmt":"2017-04-01T15:36:04","guid":{"rendered":"http:\/\/gap47.astrosurf.com\/?page_id=186"},"modified":"2025-06-16T23:17:39","modified_gmt":"2025-06-16T21:17:39","slug":"plan-dacces","status":"publish","type":"page","link":"https:\/\/gap47.astrosurf.com\/index.php\/le-gap47\/ou-sommes-nous\/plan-dacces\/","title":{"rendered":"Plan d&rsquo;acc\u00e8s (vue satellite)"},"content":{"rendered":"<p style=\"text-align: center;\"><span style=\"font-size: 24px; font-family: arial,helvetica,sans-serif;\"><strong>Plan d&rsquo;acc\u00e8s pour arriver \u00e0 l&rsquo;observatoire du GAP47<\/strong><\/span><\/p>\n<p><img loading=\"lazy\" decoding=\"async\" class=\" wp-image-13576 aligncenter\" src=\"http:\/\/gap47.astrosurf.com\/wp-content\/uploads\/2025\/06\/localisation-GAP-final-2-300x268.jpg\" alt=\"\" width=\"628\" height=\"561\" srcset=\"https:\/\/gap47.astrosurf.com\/wp-content\/uploads\/2025\/06\/localisation-GAP-final-2-300x268.jpg 300w, https:\/\/gap47.astrosurf.com\/wp-content\/uploads\/2025\/06\/localisation-GAP-final-2-768x686.jpg 768w, https:\/\/gap47.astrosurf.com\/wp-content\/uploads\/2025\/06\/localisation-GAP-final-2.jpg 786w\" sizes=\"auto, (max-width: 628px) 100vw, 628px\" \/><\/p>\n<p style=\"text-align: center;\"><span style=\"font-family: 'trebuchet ms', geneva, sans-serif;\"><strong>Venant de Cahors ou de Villeneuve-sur-Lot, sur la voie rapide, vous devez d\u2019abord arriver \u00e0 l\u2019intersection entre la D911 et l\u2019Avenue de Fumel (D139), rond-point du C.C. Leclerc.<\/strong><\/span><\/p>\n<p style=\"text-align: center;\"><span style=\"font-family: 'trebuchet ms', geneva, sans-serif;\"><strong>Prenez la direction de Montayral jusqu\u2019au village que vous traversez tout droit en direction de Mauroux et S\u00e9rignac.<\/strong><\/span><\/p>\n<p style=\"text-align: center;\"><span style=\"font-family: 'trebuchet ms', geneva, sans-serif;\"><strong>Environ 2 km apr\u00e8s la sortie de Montayral (le Caillou), prenez la route \u00e0 droite (de couleur verte) vers l\u2019a\u00e9rodrome. Passez devant les hangars de l\u2019a\u00e9roclub en les laissant sur votre gauche.<\/strong><\/span><\/p>\n<p style=\"text-align: center;\"><span style=\"font-family: 'trebuchet ms', geneva, sans-serif;\"><strong>L\u2019observatoire est 300 m\u00e8tres plus loin en bordure de la route : vous verrez les coupoles de nos t\u00e9lescopes !<\/strong><\/span><\/p>\n<p style=\"text-align: center;\"><a href=\"http:\/\/gap47.astrosurf.com\/wp-content\/uploads\/2025\/06\/localisation-GAP-final-2.jpg\" target=\"_blank\" rel=\"noopener\"><span style=\"font-size: 24px;\"><strong><em><span style=\"font-family: times new roman,times,serif;\">Carte GAP47 t\u00e9l\u00e9chargeable<\/span><\/em><\/strong><\/span><\/a><\/p>\n<hr>\n<p>&nbsp;<\/p>\n","protected":false},"excerpt":{"rendered":"<p>Plan d&rsquo;acc\u00e8s pour arriver \u00e0 l&rsquo;observatoire du GAP47 Venant de Cahors ou de Villeneuve-sur-Lot, sur la voie rapide, vous devez d\u2019abord arriver \u00e0 l\u2019intersection entre la D911 et l\u2019Avenue de Fumel (D139), rond-point du C.C. Leclerc. Prenez la direction de Montayral jusqu\u2019au village que vous traversez tout droit en direction de Mauroux et S\u00e9rignac. Environ &hellip; <\/p>\n<p class=\"link-more\"><a href=\"https:\/\/gap47.astrosurf.com\/index.php\/le-gap47\/ou-sommes-nous\/plan-dacces\/\" class=\"more-link\">Continuer la lecture<span class=\"screen-reader-text\"> de &laquo;&nbsp;Plan d&rsquo;acc\u00e8s (vue satellite)&nbsp;&raquo;<\/span><\/a><\/p>\n","protected":false},"author":5,"featured_media":0,"parent":42,"menu_order":2,"comment_status":"closed","ping_status":"closed","template":"","meta":{"_exactmetrics_skip_tracking":false,"_exactmetrics_sitenote_active":false,"_exactmetrics_sitenote_note":"","_exactmetrics_sitenote_category":0,"ngg_post_thumbnail":0,"footnotes":""},"class_list":["post-186","page","type-page","status-publish","hentry"],"yoast_head":"<!-- This site is optimized with the Yoast SEO plugin v24.8.1 - https:\/\/yoast.com\/wordpress\/plugins\/seo\/ -->\n<title>Plan d&#039;acc\u00e8s (vue satellite) - L&#039;observatoire est ouvert aux visiteurs tous les vendredis soirs \u00e0 21 heures, jusqu&#039;au 3 juillet 2026 inclus, sans r\u00e9servation.<\/title>\n<meta name=\"robots\" content=\"index, follow, max-snippet:-1, max-image-preview:large, max-video-preview:-1\" \/>\n<link rel=\"canonical\" href=\"https:\/\/gap47.astrosurf.com\/index.php\/le-gap47\/ou-sommes-nous\/plan-dacces\/\" \/>\n<meta property=\"og:locale\" content=\"fr_FR\" \/>\n<meta property=\"og:type\" content=\"article\" \/>\n<meta property=\"og:title\" content=\"Plan d&#039;acc\u00e8s (vue satellite) - L&#039;observatoire est ouvert aux visiteurs tous les vendredis soirs \u00e0 21 heures, jusqu&#039;au 3 juillet 2026 inclus, sans r\u00e9servation.\" \/>\n<meta property=\"og:description\" content=\"Plan d&rsquo;acc\u00e8s pour arriver \u00e0 l&rsquo;observatoire du GAP47 Venant de Cahors ou de Villeneuve-sur-Lot, sur la voie rapide, vous devez d\u2019abord arriver \u00e0 l\u2019intersection entre la D911 et l\u2019Avenue de Fumel (D139), rond-point du C.C. Leclerc. Prenez la direction de Montayral jusqu\u2019au village que vous traversez tout droit en direction de Mauroux et S\u00e9rignac. Environ &hellip; Continuer la lecture de &laquo;&nbsp;Plan d&rsquo;acc\u00e8s (vue satellite)&nbsp;&raquo;\" \/>\n<meta property=\"og:url\" content=\"https:\/\/gap47.astrosurf.com\/index.php\/le-gap47\/ou-sommes-nous\/plan-dacces\/\" \/>\n<meta property=\"og:site_name\" content=\"L&#039;observatoire est ouvert aux visiteurs tous les vendredis soirs \u00e0 21 heures, jusqu&#039;au 3 juillet 2026 inclus, sans r\u00e9servation.\" \/>\n<meta property=\"article:publisher\" content=\"https:\/\/www.facebook.com\/astrogap47\/\" \/>\n<meta property=\"article:modified_time\" content=\"2025-06-16T21:17:39+00:00\" \/>\n<meta property=\"og:image\" content=\"https:\/\/gap47.astrosurf.com\/wp-content\/uploads\/2025\/06\/localisation-GAP-final-2.jpg\" \/>\n\t<meta property=\"og:image:width\" content=\"786\" \/>\n\t<meta property=\"og:image:height\" content=\"702\" \/>\n\t<meta property=\"og:image:type\" content=\"image\/jpeg\" \/>\n<meta name=\"twitter:card\" content=\"summary_large_image\" \/>\n<meta name=\"twitter:label1\" content=\"Dur\u00e9e de lecture estim\u00e9e\" \/>\n\t<meta name=\"twitter:data1\" content=\"1 minute\" \/>\n<script type=\"application\/ld+json\" class=\"yoast-schema-graph\">{\"@context\":\"https:\/\/schema.org\",\"@graph\":[{\"@type\":\"WebPage\",\"@id\":\"https:\/\/gap47.astrosurf.com\/index.php\/le-gap47\/ou-sommes-nous\/plan-dacces\/\",\"url\":\"https:\/\/gap47.astrosurf.com\/index.php\/le-gap47\/ou-sommes-nous\/plan-dacces\/\",\"name\":\"Plan d'acc\u00e8s (vue satellite) - L&#039;observatoire est ouvert aux visiteurs tous les vendredis soirs \u00e0 21 heures, jusqu&#039;au 3 juillet 2026 inclus, sans r\u00e9servation.\",\"isPartOf\":{\"@id\":\"https:\/\/gap47.astrosurf.com\/#website\"},\"primaryImageOfPage\":{\"@id\":\"https:\/\/gap47.astrosurf.com\/index.php\/le-gap47\/ou-sommes-nous\/plan-dacces\/#primaryimage\"},\"image\":{\"@id\":\"https:\/\/gap47.astrosurf.com\/index.php\/le-gap47\/ou-sommes-nous\/plan-dacces\/#primaryimage\"},\"thumbnailUrl\":\"http:\/\/gap47.astrosurf.com\/wp-content\/uploads\/2025\/06\/localisation-GAP-final-2-300x268.jpg\",\"datePublished\":\"2017-04-01T15:36:04+00:00\",\"dateModified\":\"2025-06-16T21:17:39+00:00\",\"breadcrumb\":{\"@id\":\"https:\/\/gap47.astrosurf.com\/index.php\/le-gap47\/ou-sommes-nous\/plan-dacces\/#breadcrumb\"},\"inLanguage\":\"fr-FR\",\"potentialAction\":[{\"@type\":\"ReadAction\",\"target\":[\"https:\/\/gap47.astrosurf.com\/index.php\/le-gap47\/ou-sommes-nous\/plan-dacces\/\"]}]},{\"@type\":\"ImageObject\",\"inLanguage\":\"fr-FR\",\"@id\":\"https:\/\/gap47.astrosurf.com\/index.php\/le-gap47\/ou-sommes-nous\/plan-dacces\/#primaryimage\",\"url\":\"https:\/\/gap47.astrosurf.com\/wp-content\/uploads\/2025\/06\/localisation-GAP-final-2.jpg\",\"contentUrl\":\"https:\/\/gap47.astrosurf.com\/wp-content\/uploads\/2025\/06\/localisation-GAP-final-2.jpg\",\"width\":786,\"height\":702},{\"@type\":\"BreadcrumbList\",\"@id\":\"https:\/\/gap47.astrosurf.com\/index.php\/le-gap47\/ou-sommes-nous\/plan-dacces\/#breadcrumb\",\"itemListElement\":[{\"@type\":\"ListItem\",\"position\":1,\"name\":\"Accueil\",\"item\":\"https:\/\/gap47.astrosurf.com\/\"},{\"@type\":\"ListItem\",\"position\":2,\"name\":\"Le GAP47\",\"item\":\"https:\/\/gap47.astrosurf.com\/index.php\/le-gap47\/\"},{\"@type\":\"ListItem\",\"position\":3,\"name\":\"O\u00f9 sommes-nous ?\",\"item\":\"https:\/\/gap47.astrosurf.com\/index.php\/le-gap47\/ou-sommes-nous\/\"},{\"@type\":\"ListItem\",\"position\":4,\"name\":\"Plan d&#8217;acc\u00e8s (vue satellite)\"}]},{\"@type\":\"WebSite\",\"@id\":\"https:\/\/gap47.astrosurf.com\/#website\",\"url\":\"https:\/\/gap47.astrosurf.com\/\",\"name\":\"De janvier \u00e0 fin juin 2024, le GAP47 sera ouvert aux visiteurs tous les vendredis \u00e0 21h sans r\u00e9servation, \u00e0 l'exception du vendredi 26 janvier o\u00f9 l'observatoire sera ferm\u00e9 au public.\",\"description\":\"Groupe d&#039;Astronomie Populaire du Lot-et-Garonne, \u00e0 Montayral\",\"potentialAction\":[{\"@type\":\"SearchAction\",\"target\":{\"@type\":\"EntryPoint\",\"urlTemplate\":\"https:\/\/gap47.astrosurf.com\/?s={search_term_string}\"},\"query-input\":{\"@type\":\"PropertyValueSpecification\",\"valueRequired\":true,\"valueName\":\"search_term_string\"}}],\"inLanguage\":\"fr-FR\"}]}<\/script>\n<!-- \/ Yoast SEO plugin. -->","yoast_head_json":{"title":"Plan d'acc\u00e8s (vue satellite) - L&#039;observatoire est ouvert aux visiteurs tous les vendredis soirs \u00e0 21 heures, jusqu&#039;au 3 juillet 2026 inclus, sans r\u00e9servation.","robots":{"index":"index","follow":"follow","max-snippet":"max-snippet:-1","max-image-preview":"max-image-preview:large","max-video-preview":"max-video-preview:-1"},"canonical":"https:\/\/gap47.astrosurf.com\/index.php\/le-gap47\/ou-sommes-nous\/plan-dacces\/","og_locale":"fr_FR","og_type":"article","og_title":"Plan d'acc\u00e8s (vue satellite) - L&#039;observatoire est ouvert aux visiteurs tous les vendredis soirs \u00e0 21 heures, jusqu&#039;au 3 juillet 2026 inclus, sans r\u00e9servation.","og_description":"Plan d&rsquo;acc\u00e8s pour arriver \u00e0 l&rsquo;observatoire du GAP47 Venant de Cahors ou de Villeneuve-sur-Lot, sur la voie rapide, vous devez d\u2019abord arriver \u00e0 l\u2019intersection entre la D911 et l\u2019Avenue de Fumel (D139), rond-point du C.C. Leclerc. Prenez la direction de Montayral jusqu\u2019au village que vous traversez tout droit en direction de Mauroux et S\u00e9rignac. Environ &hellip; Continuer la lecture de &laquo;&nbsp;Plan d&rsquo;acc\u00e8s (vue satellite)&nbsp;&raquo;","og_url":"https:\/\/gap47.astrosurf.com\/index.php\/le-gap47\/ou-sommes-nous\/plan-dacces\/","og_site_name":"L&#039;observatoire est ouvert aux visiteurs tous les vendredis soirs \u00e0 21 heures, jusqu&#039;au 3 juillet 2026 inclus, sans r\u00e9servation.","article_publisher":"https:\/\/www.facebook.com\/astrogap47\/","article_modified_time":"2025-06-16T21:17:39+00:00","og_image":[{"width":786,"height":702,"url":"https:\/\/gap47.astrosurf.com\/wp-content\/uploads\/2025\/06\/localisation-GAP-final-2.jpg","type":"image\/jpeg"}],"twitter_card":"summary_large_image","twitter_misc":{"Dur\u00e9e de lecture estim\u00e9e":"1 minute"},"schema":{"@context":"https:\/\/schema.org","@graph":[{"@type":"WebPage","@id":"https:\/\/gap47.astrosurf.com\/index.php\/le-gap47\/ou-sommes-nous\/plan-dacces\/","url":"https:\/\/gap47.astrosurf.com\/index.php\/le-gap47\/ou-sommes-nous\/plan-dacces\/","name":"Plan d'acc\u00e8s (vue satellite) - L&#039;observatoire est ouvert aux visiteurs tous les vendredis soirs \u00e0 21 heures, jusqu&#039;au 3 juillet 2026 inclus, sans r\u00e9servation.","isPartOf":{"@id":"https:\/\/gap47.astrosurf.com\/#website"},"primaryImageOfPage":{"@id":"https:\/\/gap47.astrosurf.com\/index.php\/le-gap47\/ou-sommes-nous\/plan-dacces\/#primaryimage"},"image":{"@id":"https:\/\/gap47.astrosurf.com\/index.php\/le-gap47\/ou-sommes-nous\/plan-dacces\/#primaryimage"},"thumbnailUrl":"http:\/\/gap47.astrosurf.com\/wp-content\/uploads\/2025\/06\/localisation-GAP-final-2-300x268.jpg","datePublished":"2017-04-01T15:36:04+00:00","dateModified":"2025-06-16T21:17:39+00:00","breadcrumb":{"@id":"https:\/\/gap47.astrosurf.com\/index.php\/le-gap47\/ou-sommes-nous\/plan-dacces\/#breadcrumb"},"inLanguage":"fr-FR","potentialAction":[{"@type":"ReadAction","target":["https:\/\/gap47.astrosurf.com\/index.php\/le-gap47\/ou-sommes-nous\/plan-dacces\/"]}]},{"@type":"ImageObject","inLanguage":"fr-FR","@id":"https:\/\/gap47.astrosurf.com\/index.php\/le-gap47\/ou-sommes-nous\/plan-dacces\/#primaryimage","url":"https:\/\/gap47.astrosurf.com\/wp-content\/uploads\/2025\/06\/localisation-GAP-final-2.jpg","contentUrl":"https:\/\/gap47.astrosurf.com\/wp-content\/uploads\/2025\/06\/localisation-GAP-final-2.jpg","width":786,"height":702},{"@type":"BreadcrumbList","@id":"https:\/\/gap47.astrosurf.com\/index.php\/le-gap47\/ou-sommes-nous\/plan-dacces\/#breadcrumb","itemListElement":[{"@type":"ListItem","position":1,"name":"Accueil","item":"https:\/\/gap47.astrosurf.com\/"},{"@type":"ListItem","position":2,"name":"Le GAP47","item":"https:\/\/gap47.astrosurf.com\/index.php\/le-gap47\/"},{"@type":"ListItem","position":3,"name":"O\u00f9 sommes-nous ?","item":"https:\/\/gap47.astrosurf.com\/index.php\/le-gap47\/ou-sommes-nous\/"},{"@type":"ListItem","position":4,"name":"Plan d&#8217;acc\u00e8s (vue satellite)"}]},{"@type":"WebSite","@id":"https:\/\/gap47.astrosurf.com\/#website","url":"https:\/\/gap47.astrosurf.com\/","name":"De janvier \u00e0 fin juin 2024, le GAP47 sera ouvert aux visiteurs tous les vendredis \u00e0 21h sans r\u00e9servation, \u00e0 l'exception du vendredi 26 janvier o\u00f9 l'observatoire sera ferm\u00e9 au public.","description":"Groupe d&#039;Astronomie Populaire du Lot-et-Garonne, \u00e0 Montayral","potentialAction":[{"@type":"SearchAction","target":{"@type":"EntryPoint","urlTemplate":"https:\/\/gap47.astrosurf.com\/?s={search_term_string}"},"query-input":{"@type":"PropertyValueSpecification","valueRequired":true,"valueName":"search_term_string"}}],"inLanguage":"fr-FR"}]}},"_links":{"self":[{"href":"https:\/\/gap47.astrosurf.com\/index.php\/wp-json\/wp\/v2\/pages\/186","targetHints":{"allow":["GET"]}}],"collection":[{"href":"https:\/\/gap47.astrosurf.com\/index.php\/wp-json\/wp\/v2\/pages"}],"about":[{"href":"https:\/\/gap47.astrosurf.com\/index.php\/wp-json\/wp\/v2\/types\/page"}],"author":[{"embeddable":true,"href":"https:\/\/gap47.astrosurf.com\/index.php\/wp-json\/wp\/v2\/users\/5"}],"replies":[{"embeddable":true,"href":"https:\/\/gap47.astrosurf.com\/index.php\/wp-json\/wp\/v2\/comments?post=186"}],"version-history":[{"count":35,"href":"https:\/\/gap47.astrosurf.com\/index.php\/wp-json\/wp\/v2\/pages\/186\/revisions"}],"predecessor-version":[{"id":13578,"href":"https:\/\/gap47.astrosurf.com\/index.php\/wp-json\/wp\/v2\/pages\/186\/revisions\/13578"}],"up":[{"embeddable":true,"href":"https:\/\/gap47.astrosurf.com\/index.php\/wp-json\/wp\/v2\/pages\/42"}],"wp:attachment":[{"href":"https:\/\/gap47.astrosurf.com\/index.php\/wp-json\/wp\/v2\/media?parent=186"}],"curies":[{"name":"wp","href":"https:\/\/api.w.org\/{rel}","templated":true}]}}