 {"id":184,"date":"2017-04-01T17:35:02","date_gmt":"2017-04-01T15:35:02","guid":{"rendered":"http:\/\/gap47.astrosurf.com\/?page_id=184"},"modified":"2025-10-11T14:34:58","modified_gmt":"2025-10-11T12:34:58","slug":"formations","status":"publish","type":"page","link":"https:\/\/gap47.astrosurf.com\/index.php\/accueil-visiteurs\/formations\/","title":{"rendered":"Formations"},"content":{"rendered":"<p><span style=\"font-family: arial,helvetica,sans-serif; font-size: 24px;\"><strong>1) La formation d\u2019enseignants<\/strong><\/span><\/p>\n<p><span style=\"font-family: times new roman,times,serif; font-size: 20px;\">Gr\u00e2ce \u00e0 ses installations et ses pratiques, le GAP47 peut prendre en charge des formations ou accueillir des stages externes. Au fil des ans, le GAP47 s&rsquo;est forg\u00e9 une exp\u00e9rience dans ce domaine, que ce soit dans le cadre institutionnel ou de mani\u00e8re autonome.<\/span><\/p>\n<p><span style=\"font-size: 20px;\"><strong><span style=\"font-family: times new roman,times,serif;\"><em>Les objectifs<\/em><\/span><\/strong><\/span><br \/>\n<span style=\"font-family: times new roman,times,serif; font-size: 20px;\"> &#8211; Aider les enseignants \u00e0 aborder de fa\u00e7on plus concr\u00e8te certaines parties de leurs programmes p\u00e9dagogiques.<\/span><\/p>\n<p><span style=\"font-family: times new roman,times,serif; font-size: 20px;\">&#8211; Apporter une aide th\u00e9orique ou pratique \u00e0 la cr\u00e9ation de club d&rsquo;astronomie d&rsquo;\u00e9tablissement, \u00e0 la mise en place de projets ou au fonctionnement d&rsquo;ateliers scientifiques.<\/span><\/p>\n<p><span style=\"font-family: times new roman,times,serif; font-size: 20px;\">&#8211; Pr\u00e9ciser des notions fondamentales<\/span><br \/>\n<span style=\"font-family: times new roman,times,serif; font-size: 20px;\">* Savoir se rep\u00e9rer dans le ciel.<\/span><br \/>\n<span style=\"font-family: times new roman,times,serif; font-size: 20px;\">* D\u00e9couvrir et ma\u00eetriser les notions de base de la m\u00e9canique c\u00e9leste et de la structure de l\u2019univers.<\/span><\/p>\n<p><span style=\"font-family: times new roman,times,serif; font-size: 20px;\">&#8211; Revisiter, autour de divers types d&rsquo;instruments, les principes d&rsquo;optique mis en \u0153uvre en astronomie. D\u00e9couvrir leurs techniques de fabrication.<\/span><\/p>\n<p><span style=\"font-family: times new roman,times,serif; font-size: 20px;\">&#8211; R\u00e9aliser des bricolages et manipulations permettant de \u201cfaire passer\u201d les notions mises en jeu dans le cours.<\/span><\/p>\n<p><img loading=\"lazy\" decoding=\"async\" class=\"wp-image-1262 size-full aligncenter\" src=\"http:\/\/gap47.astrosurf.com\/wp-content\/uploads\/2017\/04\/Formation-enseignants-2010_1260935.jpg\" alt=\"\" width=\"800\" height=\"529\" srcset=\"https:\/\/gap47.astrosurf.com\/wp-content\/uploads\/2017\/04\/Formation-enseignants-2010_1260935.jpg 800w, https:\/\/gap47.astrosurf.com\/wp-content\/uploads\/2017\/04\/Formation-enseignants-2010_1260935-300x198.jpg 300w, https:\/\/gap47.astrosurf.com\/wp-content\/uploads\/2017\/04\/Formation-enseignants-2010_1260935-768x508.jpg 768w\" sizes=\"auto, (max-width: 767px) 89vw, (max-width: 1000px) 54vw, (max-width: 1071px) 543px, 580px\" \/>&nbsp; <img loading=\"lazy\" decoding=\"async\" class=\"wp-image-1263 size-full aligncenter\" src=\"http:\/\/gap47.astrosurf.com\/wp-content\/uploads\/2017\/04\/Formation-enseignants-2014_290708.jpg\" alt=\"\" width=\"800\" height=\"600\" srcset=\"https:\/\/gap47.astrosurf.com\/wp-content\/uploads\/2017\/04\/Formation-enseignants-2014_290708.jpg 800w, https:\/\/gap47.astrosurf.com\/wp-content\/uploads\/2017\/04\/Formation-enseignants-2014_290708-300x225.jpg 300w, https:\/\/gap47.astrosurf.com\/wp-content\/uploads\/2017\/04\/Formation-enseignants-2014_290708-768x576.jpg 768w\" sizes=\"auto, (max-width: 767px) 89vw, (max-width: 1000px) 54vw, (max-width: 1071px) 543px, 580px\" \/><\/p>\n<p><span style=\"font-size: 20px;\"><strong><span style=\"font-family: times new roman,times,serif;\"><em>Les contenus<\/em><\/span><\/strong><\/span><br \/>\n<span style=\"font-family: times new roman,times,serif; font-size: 20px;\"> Le syst\u00e8me solaire : les plan\u00e8tes, la m\u00e9canique, l\u2019histoire de son exploration.<\/span><br \/>\n<span style=\"font-family: times new roman,times,serif; font-size: 20px;\"> La Terre (mar\u00e9es, saisons, dur\u00e9es des jours, structure).<\/span><br \/>\n<span style=\"font-family: times new roman,times,serif; font-size: 20px;\"> La Lune.<\/span><br \/>\n<span style=\"font-family: times new roman,times,serif; font-size: 20px;\"> Galaxies et objets lointains.<\/span><br \/>\n<span style=\"font-family: 'times new roman', times, serif; font-size: 20px;\">Constellations et mythologies.<\/span><br \/>\n<span style=\"font-family: times new roman,times,serif; font-size: 20px;\">Distances et chronologies.<\/span><br \/>\n<span style=\"font-family: times new roman,times,serif; font-size: 20px;\"> Ma\u00eetriser le rep\u00e9rage \u00e0 l\u2019\u0153il nu.<\/span><br \/>\n<span style=\"font-family: times new roman,times,serif; font-size: 20px;\"> Utilisation d\u2019un plan\u00e9tarium.<\/span><br \/>\n<span style=\"font-family: times new roman,times,serif; font-size: 20px;\"> Manipulation d\u2019instruments divers (jumelles, petit t\u00e9lescope, lunette).<\/span><\/p>\n<p><span style=\"font-family: times new roman,times,serif; font-size: 20px;\"><em><strong>Conditions pratiques<\/strong><\/em><\/span><\/p>\n<p><span style=\"font-family: times new roman,times,serif; font-size: 20px;\">Ces cycles de formation peuvent \u00eatre r\u00e9partis sur plusieurs journ\u00e9es cons\u00e9cutives ou \u00e0 raison d&rsquo;une journ\u00e9e r\u00e9currente sur une p\u00e9riode \u00e0 d\u00e9terminer.<\/span><br \/>\n<span style=\"font-family: times new roman,times,serif; font-size: 20px;\">Des soir\u00e9es avec observations peuvent \u00eatre incluses dans le programme.<\/span><\/p>\n<p>&nbsp;<\/p>\n<p><strong><span style=\"font-family: arial,helvetica,sans-serif; font-size: 24px;\">2) Convention \u00e9ducative de Lot-et-Garonne 2025-2026<\/span><br \/>\n<\/strong><\/p>\n<p><span style=\"font-family: times new roman,times,serif; font-size: 20px;\">Depuis quelques ann\u00e9es, nous somme r\u00e9f\u00e9renc\u00e9s dans la Convention \u00c9ducative de Lot-et-Garonne qui parait tous les ans, fruit d&rsquo;un partenariat entre le Conseil D\u00e9partemental et l&rsquo;Inspection Acad\u00e9mique. Cette convention a pour but d&rsquo;apporter un soutien aux actions \u00e9ducatives et culturelles conduites par les enseignants pour am\u00e9liorer les connaissances des \u00e9l\u00e8ves de notre d\u00e9partement.<\/span><\/p>\n<p><span style=\"font-family: times new roman,times,serif; font-size: 20px;\">Vous trouverez, en cliquant sur le lien ci-dessous, les deux pages concernant les apports du GAP47 \u00e0 cet effort \u00e9ducatif (format pdf).<\/span><\/p>\n<p>[<a href=\"http:\/\/gap47.astrosurf.com\/wp-content\/uploads\/2025\/10\/2025-2026-mini.pdf\" target=\"_blank\" rel=\"noopener\">http:\/\/gap47.astrosurf.com\/wp-content\/uploads\/2025\/10\/2025-2026-mini.pdf<\/a>]<\/p>\n<p><span style=\"font-family: arial,helvetica,sans-serif; font-size: 24px;\"><strong>&nbsp; &nbsp; &nbsp; &nbsp; &nbsp; &nbsp; &nbsp; &nbsp; &nbsp; &nbsp;&nbsp;<\/strong><\/span><\/p>\n<p><span style=\"font-family: arial,helvetica,sans-serif; font-size: 24px;\"><strong>3) Formation d\u2019animateurs de centres de loisirs<\/strong><\/span><\/p>\n<p><span style=\"font-family: times new roman,times,serif; font-size: 20px;\">Le GAP47, recevant r\u00e9guli\u00e8rement des groupes de centres de loisirs, peut organiser, \u00e0 la demande, des stages de formation pour des animateurs.<\/span><\/p>\n<p><img loading=\"lazy\" decoding=\"async\" class=\"wp-image-1264 size-full aligncenter\" src=\"http:\/\/gap47.astrosurf.com\/wp-content\/uploads\/2017\/04\/Formation-enseignants-CLEA-2017_DSCN1856.jpg\" alt=\"\" width=\"800\" height=\"600\" srcset=\"https:\/\/gap47.astrosurf.com\/wp-content\/uploads\/2017\/04\/Formation-enseignants-CLEA-2017_DSCN1856.jpg 800w, https:\/\/gap47.astrosurf.com\/wp-content\/uploads\/2017\/04\/Formation-enseignants-CLEA-2017_DSCN1856-300x225.jpg 300w, https:\/\/gap47.astrosurf.com\/wp-content\/uploads\/2017\/04\/Formation-enseignants-CLEA-2017_DSCN1856-768x576.jpg 768w\" sizes=\"auto, (max-width: 767px) 89vw, (max-width: 1000px) 54vw, (max-width: 1071px) 543px, 580px\" \/> <img loading=\"lazy\" decoding=\"async\" class=\"wp-image-1265 size-full aligncenter\" src=\"http:\/\/gap47.astrosurf.com\/wp-content\/uploads\/2017\/04\/Formation-enseignants-CLEA-2017_DSCN1899.jpg\" alt=\"\" width=\"800\" height=\"600\" srcset=\"https:\/\/gap47.astrosurf.com\/wp-content\/uploads\/2017\/04\/Formation-enseignants-CLEA-2017_DSCN1899.jpg 800w, https:\/\/gap47.astrosurf.com\/wp-content\/uploads\/2017\/04\/Formation-enseignants-CLEA-2017_DSCN1899-300x225.jpg 300w, https:\/\/gap47.astrosurf.com\/wp-content\/uploads\/2017\/04\/Formation-enseignants-CLEA-2017_DSCN1899-768x576.jpg 768w\" sizes=\"auto, (max-width: 767px) 89vw, (max-width: 1000px) 54vw, (max-width: 1071px) 543px, 580px\" \/><\/p>\n<p><span style=\"font-family: times new roman,times,serif; font-size: 20px;\"><em><strong>Les objectifs<\/strong><br \/>\n<\/em>Aider les animateurs \u00e0 parvenir \u00e0 un degr\u00e9 d&rsquo;autonomie suffisant pour :<\/span><br \/>\n<span style=\"font-family: times new roman,times,serif; font-size: 20px;\">&#8211; d\u00e9velopper une activit\u00e9 autour de l&rsquo;astronomie,<\/span><br \/>\n<span style=\"font-family: times new roman,times,serif; font-size: 20px;\">&#8211; pouvoir assurer des veill\u00e9es sous les \u00e9toiles,<\/span><br \/>\n<span style=\"font-family: times new roman,times,serif; font-size: 20px;\">&#8211; ma\u00eetriser quelques techniques d&rsquo;animation autour de la d\u00e9couverte de notre univers proche,<\/span><br \/>\n<span style=\"font-family: times new roman,times,serif; font-size: 20px;\">&#8211; pouvoir proposer aux enfants des bricolages d&rsquo;aide \u00e0 l&rsquo;observation et \u00e0 la compr\u00e9hension des ph\u00e9nom\u00e8nes.<\/span><\/p>\n<p><span style=\"font-size: 20px;\"><strong><span style=\"font-family: times new roman,times,serif;\"><em>Les contenus<\/em><\/span><\/strong><\/span><br \/>\n<span style=\"font-family: times new roman,times,serif; font-size: 20px;\"> Le syst\u00e8me solaire : fabrication d&rsquo;une maquette,<\/span><br \/>\n<span style=\"font-family: times new roman,times,serif; font-size: 20px;\"> La Terre : observation des saisons, de la dur\u00e9e du jour, de l&rsquo;\u00e9clairement,<\/span><br \/>\n<span style=\"font-family: times new roman,times,serif; font-size: 20px;\"> La Lune : jeu de reproduction de ses phases, de sa rotation,<\/span><br \/>\n<span style=\"font-family: times new roman,times,serif; font-size: 20px;\"> Distances et chronologies.<\/span><br \/>\n<span style=\"font-family: times new roman,times,serif; font-size: 20px;\"> Ma\u00eetriser le rep\u00e9rage \u00e0 l\u2019\u0153il nu, dessiner les constellations,<\/span><br \/>\n<span style=\"font-family: times new roman,times,serif; font-size: 20px;\"> Manipulation d\u2019instruments divers (jumelles, petit t\u00e9lescope, lunette).<\/span><\/p>\n<p><span style=\"font-family: times new roman,times,serif; font-size: 20px;\"><em><strong>Conditions pratiques<\/strong><br \/>\n<\/em><\/span><\/p>\n<p><span style=\"font-family: times new roman,times,serif; font-size: 20px;\">Ces cycles de formation peuvent \u00eatre r\u00e9partis sur plusieurs journ\u00e9es cons\u00e9cutives ou \u00e0 raison d&rsquo;une journ\u00e9e r\u00e9currente sur une p\u00e9riode \u00e0 d\u00e9terminer.<\/span><\/p>\n<p><span style=\"font-family: times new roman,times,serif; font-size: 20px;\">Des soir\u00e9es avec observations peuvent \u00eatre incluses dans le programme.<\/span><\/p>\n<hr>\n<p>&nbsp;<\/p>\n","protected":false},"excerpt":{"rendered":"<p>1) La formation d\u2019enseignants Gr\u00e2ce \u00e0 ses installations et ses pratiques, le GAP47 peut prendre en charge des formations ou accueillir des stages externes. Au fil des ans, le GAP47 s&rsquo;est forg\u00e9 une exp\u00e9rience dans ce domaine, que ce soit dans le cadre institutionnel ou de mani\u00e8re autonome. Les objectifs &#8211; Aider les enseignants \u00e0 &hellip; <\/p>\n<p class=\"link-more\"><a href=\"https:\/\/gap47.astrosurf.com\/index.php\/accueil-visiteurs\/formations\/\" class=\"more-link\">Continuer la lecture<span class=\"screen-reader-text\"> de &laquo;&nbsp;Formations&nbsp;&raquo;<\/span><\/a><\/p>\n","protected":false},"author":5,"featured_media":0,"parent":29,"menu_order":6,"comment_status":"closed","ping_status":"closed","template":"","meta":{"_exactmetrics_skip_tracking":false,"_exactmetrics_sitenote_active":false,"_exactmetrics_sitenote_note":"","_exactmetrics_sitenote_category":0,"ngg_post_thumbnail":0,"footnotes":""},"class_list":["post-184","page","type-page","status-publish","hentry"],"yoast_head":"<!-- This site is optimized with the Yoast SEO plugin v24.8.1 - https:\/\/yoast.com\/wordpress\/plugins\/seo\/ -->\n<title>Formations - L&#039;observatoire est ouvert aux visiteurs tous les vendredis soirs \u00e0 21 heures, jusqu&#039;au 3 juillet 2026 inclus, sans r\u00e9servation.<\/title>\n<meta name=\"robots\" content=\"index, follow, max-snippet:-1, max-image-preview:large, max-video-preview:-1\" \/>\n<link rel=\"canonical\" href=\"https:\/\/gap47.astrosurf.com\/index.php\/accueil-visiteurs\/formations\/\" \/>\n<meta property=\"og:locale\" content=\"fr_FR\" \/>\n<meta property=\"og:type\" content=\"article\" \/>\n<meta property=\"og:title\" content=\"Formations - L&#039;observatoire est ouvert aux visiteurs tous les vendredis soirs \u00e0 21 heures, jusqu&#039;au 3 juillet 2026 inclus, sans r\u00e9servation.\" \/>\n<meta property=\"og:description\" content=\"1) La formation d\u2019enseignants Gr\u00e2ce \u00e0 ses installations et ses pratiques, le GAP47 peut prendre en charge des formations ou accueillir des stages externes. Au fil des ans, le GAP47 s&rsquo;est forg\u00e9 une exp\u00e9rience dans ce domaine, que ce soit dans le cadre institutionnel ou de mani\u00e8re autonome. Les objectifs &#8211; Aider les enseignants \u00e0 &hellip; Continuer la lecture de &laquo;&nbsp;Formations&nbsp;&raquo;\" \/>\n<meta property=\"og:url\" content=\"https:\/\/gap47.astrosurf.com\/index.php\/accueil-visiteurs\/formations\/\" \/>\n<meta property=\"og:site_name\" content=\"L&#039;observatoire est ouvert aux visiteurs tous les vendredis soirs \u00e0 21 heures, jusqu&#039;au 3 juillet 2026 inclus, sans r\u00e9servation.\" \/>\n<meta property=\"article:publisher\" content=\"https:\/\/www.facebook.com\/astrogap47\/\" \/>\n<meta property=\"article:modified_time\" content=\"2025-10-11T12:34:58+00:00\" \/>\n<meta property=\"og:image\" content=\"https:\/\/gap47.astrosurf.com\/wp-content\/uploads\/2017\/04\/Formation-enseignants-2010_1260935.jpg\" \/>\n\t<meta property=\"og:image:width\" content=\"800\" \/>\n\t<meta property=\"og:image:height\" content=\"529\" \/>\n\t<meta property=\"og:image:type\" content=\"image\/jpeg\" \/>\n<meta name=\"twitter:card\" content=\"summary_large_image\" \/>\n<meta name=\"twitter:label1\" content=\"Dur\u00e9e de lecture estim\u00e9e\" \/>\n\t<meta name=\"twitter:data1\" content=\"4 minutes\" \/>\n<script type=\"application\/ld+json\" class=\"yoast-schema-graph\">{\"@context\":\"https:\/\/schema.org\",\"@graph\":[{\"@type\":\"WebPage\",\"@id\":\"https:\/\/gap47.astrosurf.com\/index.php\/accueil-visiteurs\/formations\/\",\"url\":\"https:\/\/gap47.astrosurf.com\/index.php\/accueil-visiteurs\/formations\/\",\"name\":\"Formations - L&#039;observatoire est ouvert aux visiteurs tous les vendredis soirs \u00e0 21 heures, jusqu&#039;au 3 juillet 2026 inclus, sans r\u00e9servation.\",\"isPartOf\":{\"@id\":\"https:\/\/gap47.astrosurf.com\/#website\"},\"primaryImageOfPage\":{\"@id\":\"https:\/\/gap47.astrosurf.com\/index.php\/accueil-visiteurs\/formations\/#primaryimage\"},\"image\":{\"@id\":\"https:\/\/gap47.astrosurf.com\/index.php\/accueil-visiteurs\/formations\/#primaryimage\"},\"thumbnailUrl\":\"http:\/\/gap47.astrosurf.com\/wp-content\/uploads\/2017\/04\/Formation-enseignants-2010_1260935.jpg\",\"datePublished\":\"2017-04-01T15:35:02+00:00\",\"dateModified\":\"2025-10-11T12:34:58+00:00\",\"breadcrumb\":{\"@id\":\"https:\/\/gap47.astrosurf.com\/index.php\/accueil-visiteurs\/formations\/#breadcrumb\"},\"inLanguage\":\"fr-FR\",\"potentialAction\":[{\"@type\":\"ReadAction\",\"target\":[\"https:\/\/gap47.astrosurf.com\/index.php\/accueil-visiteurs\/formations\/\"]}]},{\"@type\":\"ImageObject\",\"inLanguage\":\"fr-FR\",\"@id\":\"https:\/\/gap47.astrosurf.com\/index.php\/accueil-visiteurs\/formations\/#primaryimage\",\"url\":\"https:\/\/gap47.astrosurf.com\/wp-content\/uploads\/2017\/04\/Formation-enseignants-2010_1260935.jpg\",\"contentUrl\":\"https:\/\/gap47.astrosurf.com\/wp-content\/uploads\/2017\/04\/Formation-enseignants-2010_1260935.jpg\",\"width\":800,\"height\":529},{\"@type\":\"BreadcrumbList\",\"@id\":\"https:\/\/gap47.astrosurf.com\/index.php\/accueil-visiteurs\/formations\/#breadcrumb\",\"itemListElement\":[{\"@type\":\"ListItem\",\"position\":1,\"name\":\"Accueil\",\"item\":\"https:\/\/gap47.astrosurf.com\/\"},{\"@type\":\"ListItem\",\"position\":2,\"name\":\"Accueil visiteurs\",\"item\":\"https:\/\/gap47.astrosurf.com\/index.php\/accueil-visiteurs\/\"},{\"@type\":\"ListItem\",\"position\":3,\"name\":\"Formations\"}]},{\"@type\":\"WebSite\",\"@id\":\"https:\/\/gap47.astrosurf.com\/#website\",\"url\":\"https:\/\/gap47.astrosurf.com\/\",\"name\":\"De janvier \u00e0 fin juin 2024, le GAP47 sera ouvert aux visiteurs tous les vendredis \u00e0 21h sans r\u00e9servation, \u00e0 l'exception du vendredi 26 janvier o\u00f9 l'observatoire sera ferm\u00e9 au public.\",\"description\":\"Groupe d&#039;Astronomie Populaire du Lot-et-Garonne, \u00e0 Montayral\",\"potentialAction\":[{\"@type\":\"SearchAction\",\"target\":{\"@type\":\"EntryPoint\",\"urlTemplate\":\"https:\/\/gap47.astrosurf.com\/?s={search_term_string}\"},\"query-input\":{\"@type\":\"PropertyValueSpecification\",\"valueRequired\":true,\"valueName\":\"search_term_string\"}}],\"inLanguage\":\"fr-FR\"}]}<\/script>\n<!-- \/ Yoast SEO plugin. -->","yoast_head_json":{"title":"Formations - L&#039;observatoire est ouvert aux visiteurs tous les vendredis soirs \u00e0 21 heures, jusqu&#039;au 3 juillet 2026 inclus, sans r\u00e9servation.","robots":{"index":"index","follow":"follow","max-snippet":"max-snippet:-1","max-image-preview":"max-image-preview:large","max-video-preview":"max-video-preview:-1"},"canonical":"https:\/\/gap47.astrosurf.com\/index.php\/accueil-visiteurs\/formations\/","og_locale":"fr_FR","og_type":"article","og_title":"Formations - L&#039;observatoire est ouvert aux visiteurs tous les vendredis soirs \u00e0 21 heures, jusqu&#039;au 3 juillet 2026 inclus, sans r\u00e9servation.","og_description":"1) La formation d\u2019enseignants Gr\u00e2ce \u00e0 ses installations et ses pratiques, le GAP47 peut prendre en charge des formations ou accueillir des stages externes. Au fil des ans, le GAP47 s&rsquo;est forg\u00e9 une exp\u00e9rience dans ce domaine, que ce soit dans le cadre institutionnel ou de mani\u00e8re autonome. Les objectifs &#8211; Aider les enseignants \u00e0 &hellip; Continuer la lecture de &laquo;&nbsp;Formations&nbsp;&raquo;","og_url":"https:\/\/gap47.astrosurf.com\/index.php\/accueil-visiteurs\/formations\/","og_site_name":"L&#039;observatoire est ouvert aux visiteurs tous les vendredis soirs \u00e0 21 heures, jusqu&#039;au 3 juillet 2026 inclus, sans r\u00e9servation.","article_publisher":"https:\/\/www.facebook.com\/astrogap47\/","article_modified_time":"2025-10-11T12:34:58+00:00","og_image":[{"width":800,"height":529,"url":"https:\/\/gap47.astrosurf.com\/wp-content\/uploads\/2017\/04\/Formation-enseignants-2010_1260935.jpg","type":"image\/jpeg"}],"twitter_card":"summary_large_image","twitter_misc":{"Dur\u00e9e de lecture estim\u00e9e":"4 minutes"},"schema":{"@context":"https:\/\/schema.org","@graph":[{"@type":"WebPage","@id":"https:\/\/gap47.astrosurf.com\/index.php\/accueil-visiteurs\/formations\/","url":"https:\/\/gap47.astrosurf.com\/index.php\/accueil-visiteurs\/formations\/","name":"Formations - L&#039;observatoire est ouvert aux visiteurs tous les vendredis soirs \u00e0 21 heures, jusqu&#039;au 3 juillet 2026 inclus, sans r\u00e9servation.","isPartOf":{"@id":"https:\/\/gap47.astrosurf.com\/#website"},"primaryImageOfPage":{"@id":"https:\/\/gap47.astrosurf.com\/index.php\/accueil-visiteurs\/formations\/#primaryimage"},"image":{"@id":"https:\/\/gap47.astrosurf.com\/index.php\/accueil-visiteurs\/formations\/#primaryimage"},"thumbnailUrl":"http:\/\/gap47.astrosurf.com\/wp-content\/uploads\/2017\/04\/Formation-enseignants-2010_1260935.jpg","datePublished":"2017-04-01T15:35:02+00:00","dateModified":"2025-10-11T12:34:58+00:00","breadcrumb":{"@id":"https:\/\/gap47.astrosurf.com\/index.php\/accueil-visiteurs\/formations\/#breadcrumb"},"inLanguage":"fr-FR","potentialAction":[{"@type":"ReadAction","target":["https:\/\/gap47.astrosurf.com\/index.php\/accueil-visiteurs\/formations\/"]}]},{"@type":"ImageObject","inLanguage":"fr-FR","@id":"https:\/\/gap47.astrosurf.com\/index.php\/accueil-visiteurs\/formations\/#primaryimage","url":"https:\/\/gap47.astrosurf.com\/wp-content\/uploads\/2017\/04\/Formation-enseignants-2010_1260935.jpg","contentUrl":"https:\/\/gap47.astrosurf.com\/wp-content\/uploads\/2017\/04\/Formation-enseignants-2010_1260935.jpg","width":800,"height":529},{"@type":"BreadcrumbList","@id":"https:\/\/gap47.astrosurf.com\/index.php\/accueil-visiteurs\/formations\/#breadcrumb","itemListElement":[{"@type":"ListItem","position":1,"name":"Accueil","item":"https:\/\/gap47.astrosurf.com\/"},{"@type":"ListItem","position":2,"name":"Accueil visiteurs","item":"https:\/\/gap47.astrosurf.com\/index.php\/accueil-visiteurs\/"},{"@type":"ListItem","position":3,"name":"Formations"}]},{"@type":"WebSite","@id":"https:\/\/gap47.astrosurf.com\/#website","url":"https:\/\/gap47.astrosurf.com\/","name":"De janvier \u00e0 fin juin 2024, le GAP47 sera ouvert aux visiteurs tous les vendredis \u00e0 21h sans r\u00e9servation, \u00e0 l'exception du vendredi 26 janvier o\u00f9 l'observatoire sera ferm\u00e9 au public.","description":"Groupe d&#039;Astronomie Populaire du Lot-et-Garonne, \u00e0 Montayral","potentialAction":[{"@type":"SearchAction","target":{"@type":"EntryPoint","urlTemplate":"https:\/\/gap47.astrosurf.com\/?s={search_term_string}"},"query-input":{"@type":"PropertyValueSpecification","valueRequired":true,"valueName":"search_term_string"}}],"inLanguage":"fr-FR"}]}},"_links":{"self":[{"href":"https:\/\/gap47.astrosurf.com\/index.php\/wp-json\/wp\/v2\/pages\/184","targetHints":{"allow":["GET"]}}],"collection":[{"href":"https:\/\/gap47.astrosurf.com\/index.php\/wp-json\/wp\/v2\/pages"}],"about":[{"href":"https:\/\/gap47.astrosurf.com\/index.php\/wp-json\/wp\/v2\/types\/page"}],"author":[{"embeddable":true,"href":"https:\/\/gap47.astrosurf.com\/index.php\/wp-json\/wp\/v2\/users\/5"}],"replies":[{"embeddable":true,"href":"https:\/\/gap47.astrosurf.com\/index.php\/wp-json\/wp\/v2\/comments?post=184"}],"version-history":[{"count":42,"href":"https:\/\/gap47.astrosurf.com\/index.php\/wp-json\/wp\/v2\/pages\/184\/revisions"}],"predecessor-version":[{"id":13686,"href":"https:\/\/gap47.astrosurf.com\/index.php\/wp-json\/wp\/v2\/pages\/184\/revisions\/13686"}],"up":[{"embeddable":true,"href":"https:\/\/gap47.astrosurf.com\/index.php\/wp-json\/wp\/v2\/pages\/29"}],"wp:attachment":[{"href":"https:\/\/gap47.astrosurf.com\/index.php\/wp-json\/wp\/v2\/media?parent=184"}],"curies":[{"name":"wp","href":"https:\/\/api.w.org\/{rel}","templated":true}]}}