 {"id":1759,"date":"2017-06-03T16:51:10","date_gmt":"2017-06-03T14:51:10","guid":{"rendered":"http:\/\/gap47.astrosurf.com\/?page_id=1759"},"modified":"2017-06-20T13:42:08","modified_gmt":"2017-06-20T11:42:08","slug":"machines-to-polish-mirrors","status":"publish","type":"page","link":"https:\/\/gap47.astrosurf.com\/index.php\/machines-to-polish-mirrors\/","title":{"rendered":"Machines to polish mirrors"},"content":{"rendered":"<p class=\"Style19\" style=\"text-align: left;\" align=\"center\"><span style=\"font-size: 20px;\"><a href=\"http:\/\/gap47.astrosurf.com\/index.php\/a-history-of-polishing-machines\/\" target=\"_blank\" rel=\"noopener\"><strong><span style=\"color: #000000;\"><span style=\"font-family: arial,helvetica,sans-serif;\">A history of polishing machines <\/span><\/span><\/strong><\/a><\/span><\/p>\n<p style=\"text-align: left;\" align=\"center\"><span style=\"font-size: 20px;\"><a href=\"http:\/\/gap47.astrosurf.com\/index.php\/how-amateurs\/\" target=\"_blank\" rel=\"noopener\"><span style=\"font-family: arial,helvetica,sans-serif;\"><strong>How amateurs can benefit from the use of machines<\/strong><\/span><\/a><\/span><\/p>\n<p style=\"text-align: left;\" align=\"center\"><span style=\"font-size: 20px; font-family: arial,helvetica,sans-serif;\"><a href=\"http:\/\/gap47.astrosurf.com\/index.php\/the-main-types-of-machines\/\" target=\"_blank\" rel=\"noopener\"><strong>The main types of machines<\/strong><\/a><\/span><\/p>\n<p style=\"text-align: left;\" align=\"center\"><span style=\"font-size: 20px;\"><a href=\"http:\/\/gap47.astrosurf.com\/index.php\/fundamental-principles\/\" target=\"_blank\" rel=\"noopener\"><strong><span style=\"font-family: arial,helvetica,sans-serif;\">Fundamental principles of fabrication<\/span><\/strong><\/a><\/span><\/p>\n<p style=\"text-align: left;\" align=\"center\"><span style=\"font-size: 20px; font-family: arial,helvetica,sans-serif;\"><a href=\"http:\/\/gap47.astrosurf.com\/index.php\/our-machines-at-gap-47\/\" target=\"_blank\" rel=\"noopener\"><strong>Our machines at GAP47<\/strong><\/a><\/span><\/p>\n<p style=\"text-align: left;\" align=\"center\"><span style=\"font-size: 20px; font-family: arial,helvetica,sans-serif;\"><a href=\"http:\/\/gap47.astrosurf.com\/index.php\/how-to-use-polishing-machines\/\" target=\"_blank\" rel=\"noopener\"><strong>How to use polishing machines<\/strong><\/a><\/span><\/p>\n","protected":false},"excerpt":{"rendered":"<p>A history of polishing machines How amateurs can benefit from the use of machines The main types of machines Fundamental principles of fabrication Our machines at GAP47 How to use polishing machines<\/p>\n","protected":false},"author":5,"featured_media":0,"parent":0,"menu_order":0,"comment_status":"closed","ping_status":"closed","template":"","meta":{"_exactmetrics_skip_tracking":false,"_exactmetrics_sitenote_active":false,"_exactmetrics_sitenote_note":"","_exactmetrics_sitenote_category":0,"ngg_post_thumbnail":0,"footnotes":""},"class_list":["post-1759","page","type-page","status-publish","hentry"],"yoast_head":"<!-- This site is optimized with the Yoast SEO plugin v24.8.1 - https:\/\/yoast.com\/wordpress\/plugins\/seo\/ -->\n<title>Machines to polish mirrors - L&#039;observatoire est ouvert aux visiteurs tous les vendredis soirs \u00e0 21 heures, jusqu&#039;au 3 juillet 2026 inclus, sans r\u00e9servation.<\/title>\n<meta name=\"robots\" content=\"index, follow, max-snippet:-1, max-image-preview:large, max-video-preview:-1\" \/>\n<link rel=\"canonical\" href=\"https:\/\/gap47.astrosurf.com\/index.php\/machines-to-polish-mirrors\/\" \/>\n<meta property=\"og:locale\" content=\"fr_FR\" \/>\n<meta property=\"og:type\" content=\"article\" \/>\n<meta property=\"og:title\" content=\"Machines to polish mirrors - L&#039;observatoire est ouvert aux visiteurs tous les vendredis soirs \u00e0 21 heures, jusqu&#039;au 3 juillet 2026 inclus, sans r\u00e9servation.\" \/>\n<meta property=\"og:description\" content=\"A history of polishing machines How amateurs can benefit from the use of machines The main types of machines Fundamental principles of fabrication Our machines at GAP47 How to use polishing machines\" \/>\n<meta property=\"og:url\" content=\"https:\/\/gap47.astrosurf.com\/index.php\/machines-to-polish-mirrors\/\" \/>\n<meta property=\"og:site_name\" content=\"L&#039;observatoire est ouvert aux visiteurs tous les vendredis soirs \u00e0 21 heures, jusqu&#039;au 3 juillet 2026 inclus, sans r\u00e9servation.\" \/>\n<meta property=\"article:publisher\" content=\"https:\/\/www.facebook.com\/astrogap47\/\" \/>\n<meta property=\"article:modified_time\" content=\"2017-06-20T11:42:08+00:00\" \/>\n<meta name=\"twitter:card\" content=\"summary_large_image\" \/>\n<script type=\"application\/ld+json\" class=\"yoast-schema-graph\">{\"@context\":\"https:\/\/schema.org\",\"@graph\":[{\"@type\":\"WebPage\",\"@id\":\"https:\/\/gap47.astrosurf.com\/index.php\/machines-to-polish-mirrors\/\",\"url\":\"https:\/\/gap47.astrosurf.com\/index.php\/machines-to-polish-mirrors\/\",\"name\":\"Machines to polish mirrors - L&#039;observatoire est ouvert aux visiteurs tous les vendredis soirs \u00e0 21 heures, jusqu&#039;au 3 juillet 2026 inclus, sans r\u00e9servation.\",\"isPartOf\":{\"@id\":\"https:\/\/gap47.astrosurf.com\/#website\"},\"datePublished\":\"2017-06-03T14:51:10+00:00\",\"dateModified\":\"2017-06-20T11:42:08+00:00\",\"breadcrumb\":{\"@id\":\"https:\/\/gap47.astrosurf.com\/index.php\/machines-to-polish-mirrors\/#breadcrumb\"},\"inLanguage\":\"fr-FR\",\"potentialAction\":[{\"@type\":\"ReadAction\",\"target\":[\"https:\/\/gap47.astrosurf.com\/index.php\/machines-to-polish-mirrors\/\"]}]},{\"@type\":\"BreadcrumbList\",\"@id\":\"https:\/\/gap47.astrosurf.com\/index.php\/machines-to-polish-mirrors\/#breadcrumb\",\"itemListElement\":[{\"@type\":\"ListItem\",\"position\":1,\"name\":\"Accueil\",\"item\":\"https:\/\/gap47.astrosurf.com\/\"},{\"@type\":\"ListItem\",\"position\":2,\"name\":\"Machines to polish mirrors\"}]},{\"@type\":\"WebSite\",\"@id\":\"https:\/\/gap47.astrosurf.com\/#website\",\"url\":\"https:\/\/gap47.astrosurf.com\/\",\"name\":\"De janvier \u00e0 fin juin 2024, le GAP47 sera ouvert aux visiteurs tous les vendredis \u00e0 21h sans r\u00e9servation, \u00e0 l'exception du vendredi 26 janvier o\u00f9 l'observatoire sera ferm\u00e9 au public.\",\"description\":\"Groupe d&#039;Astronomie Populaire du Lot-et-Garonne, \u00e0 Montayral\",\"potentialAction\":[{\"@type\":\"SearchAction\",\"target\":{\"@type\":\"EntryPoint\",\"urlTemplate\":\"https:\/\/gap47.astrosurf.com\/?s={search_term_string}\"},\"query-input\":{\"@type\":\"PropertyValueSpecification\",\"valueRequired\":true,\"valueName\":\"search_term_string\"}}],\"inLanguage\":\"fr-FR\"}]}<\/script>\n<!-- \/ Yoast SEO plugin. -->","yoast_head_json":{"title":"Machines to polish mirrors - L&#039;observatoire est ouvert aux visiteurs tous les vendredis soirs \u00e0 21 heures, jusqu&#039;au 3 juillet 2026 inclus, sans r\u00e9servation.","robots":{"index":"index","follow":"follow","max-snippet":"max-snippet:-1","max-image-preview":"max-image-preview:large","max-video-preview":"max-video-preview:-1"},"canonical":"https:\/\/gap47.astrosurf.com\/index.php\/machines-to-polish-mirrors\/","og_locale":"fr_FR","og_type":"article","og_title":"Machines to polish mirrors - L&#039;observatoire est ouvert aux visiteurs tous les vendredis soirs \u00e0 21 heures, jusqu&#039;au 3 juillet 2026 inclus, sans r\u00e9servation.","og_description":"A history of polishing machines How amateurs can benefit from the use of machines The main types of machines Fundamental principles of fabrication Our machines at GAP47 How to use polishing machines","og_url":"https:\/\/gap47.astrosurf.com\/index.php\/machines-to-polish-mirrors\/","og_site_name":"L&#039;observatoire est ouvert aux visiteurs tous les vendredis soirs \u00e0 21 heures, jusqu&#039;au 3 juillet 2026 inclus, sans r\u00e9servation.","article_publisher":"https:\/\/www.facebook.com\/astrogap47\/","article_modified_time":"2017-06-20T11:42:08+00:00","twitter_card":"summary_large_image","schema":{"@context":"https:\/\/schema.org","@graph":[{"@type":"WebPage","@id":"https:\/\/gap47.astrosurf.com\/index.php\/machines-to-polish-mirrors\/","url":"https:\/\/gap47.astrosurf.com\/index.php\/machines-to-polish-mirrors\/","name":"Machines to polish mirrors - L&#039;observatoire est ouvert aux visiteurs tous les vendredis soirs \u00e0 21 heures, jusqu&#039;au 3 juillet 2026 inclus, sans r\u00e9servation.","isPartOf":{"@id":"https:\/\/gap47.astrosurf.com\/#website"},"datePublished":"2017-06-03T14:51:10+00:00","dateModified":"2017-06-20T11:42:08+00:00","breadcrumb":{"@id":"https:\/\/gap47.astrosurf.com\/index.php\/machines-to-polish-mirrors\/#breadcrumb"},"inLanguage":"fr-FR","potentialAction":[{"@type":"ReadAction","target":["https:\/\/gap47.astrosurf.com\/index.php\/machines-to-polish-mirrors\/"]}]},{"@type":"BreadcrumbList","@id":"https:\/\/gap47.astrosurf.com\/index.php\/machines-to-polish-mirrors\/#breadcrumb","itemListElement":[{"@type":"ListItem","position":1,"name":"Accueil","item":"https:\/\/gap47.astrosurf.com\/"},{"@type":"ListItem","position":2,"name":"Machines to polish mirrors"}]},{"@type":"WebSite","@id":"https:\/\/gap47.astrosurf.com\/#website","url":"https:\/\/gap47.astrosurf.com\/","name":"De janvier \u00e0 fin juin 2024, le GAP47 sera ouvert aux visiteurs tous les vendredis \u00e0 21h sans r\u00e9servation, \u00e0 l'exception du vendredi 26 janvier o\u00f9 l'observatoire sera ferm\u00e9 au public.","description":"Groupe d&#039;Astronomie Populaire du Lot-et-Garonne, \u00e0 Montayral","potentialAction":[{"@type":"SearchAction","target":{"@type":"EntryPoint","urlTemplate":"https:\/\/gap47.astrosurf.com\/?s={search_term_string}"},"query-input":{"@type":"PropertyValueSpecification","valueRequired":true,"valueName":"search_term_string"}}],"inLanguage":"fr-FR"}]}},"_links":{"self":[{"href":"https:\/\/gap47.astrosurf.com\/index.php\/wp-json\/wp\/v2\/pages\/1759","targetHints":{"allow":["GET"]}}],"collection":[{"href":"https:\/\/gap47.astrosurf.com\/index.php\/wp-json\/wp\/v2\/pages"}],"about":[{"href":"https:\/\/gap47.astrosurf.com\/index.php\/wp-json\/wp\/v2\/types\/page"}],"author":[{"embeddable":true,"href":"https:\/\/gap47.astrosurf.com\/index.php\/wp-json\/wp\/v2\/users\/5"}],"replies":[{"embeddable":true,"href":"https:\/\/gap47.astrosurf.com\/index.php\/wp-json\/wp\/v2\/comments?post=1759"}],"version-history":[{"count":20,"href":"https:\/\/gap47.astrosurf.com\/index.php\/wp-json\/wp\/v2\/pages\/1759\/revisions"}],"predecessor-version":[{"id":2637,"href":"https:\/\/gap47.astrosurf.com\/index.php\/wp-json\/wp\/v2\/pages\/1759\/revisions\/2637"}],"wp:attachment":[{"href":"https:\/\/gap47.astrosurf.com\/index.php\/wp-json\/wp\/v2\/media?parent=1759"}],"curies":[{"name":"wp","href":"https:\/\/api.w.org\/{rel}","templated":true}]}}