 {"id":1748,"date":"2017-06-03T17:26:01","date_gmt":"2017-06-03T15:26:01","guid":{"rendered":"http:\/\/gap47.astrosurf.com\/?page_id=1748"},"modified":"2019-12-17T18:17:17","modified_gmt":"2019-12-17T16:17:17","slug":"ebauchage","status":"publish","type":"page","link":"https:\/\/gap47.astrosurf.com\/index.php\/technique\/optique-instruments\/optique\/ebauchage\/","title":{"rendered":"Ebauchage"},"content":{"rendered":"<p><span style=\"font-size: 20px; font-family: times new roman,times,serif;\">\u00c9baucher un grand miroir constitue une op\u00e9ration quelque peu laborieuse et ingrate. Pour ce faire, l\u2019amateur a le choix entre plusieurs techniques&nbsp;:<\/span><\/p>\n<p><span style=\"font-family: times new roman,times,serif; font-size: 20px;\"><strong>1)<\/strong> R\u00e9aliser l\u2019\u00e9bauchage avec un outil pleine taille selon la m\u00e9thode <img loading=\"lazy\" decoding=\"async\" class=\"size-full wp-image-1848 alignright\" src=\"http:\/\/gap47.astrosurf.com\/wp-content\/uploads\/2017\/06\/course8.gif\" alt=\"\" width=\"200\" height=\"190\">classique utilis\u00e9e pour les \u00ab&nbsp;petits&nbsp;\u00bb miroirs (courses selon les cordes). M\u00eame si elle aboutit au r\u00e9sultat escompt\u00e9, cette m\u00e9thode est tr\u00e8s longue dans le cas des \u00ab&nbsp;grands&nbsp;\u00bb miroirs. Il est donc fortement conseill\u00e9 de s\u2019orienter vers d\u2019autres options&nbsp;:<\/span><\/p>\n<div style=\"width: 525px;\" class=\"wp-video\"><video class=\"wp-video-shortcode\" id=\"video-1748-1\" width=\"525\" height=\"394\" loop autoplay preload=\"metadata\" controls=\"controls\"><source type=\"video\/mp4\" src=\"http:\/\/gap47.astrosurf.com\/wp-content\/uploads\/2017\/06\/course-debauchage.mp4?_=1\" \/><a href=\"http:\/\/gap47.astrosurf.com\/wp-content\/uploads\/2017\/06\/course-debauchage.mp4\">http:\/\/gap47.astrosurf.com\/wp-content\/uploads\/2017\/06\/course-debauchage.mp4<\/a><\/video><\/div>\n<p><span style=\"font-family: times new roman,times,serif; font-size: 20px;\"><strong>2)<\/strong> Fabriquer un outil 1\/2 ou 1\/3 de taille garni de carreaux de c\u00e9ramique (ou de m\u00e9tal). L\u2019\u00e9bauchage est r\u00e9alis\u00e9 miroir dessous en imprimant \u00e0 l\u2019outil lourdement lest\u00e9 (10 \u00e0 15 kg par exemple) des courses en W de grande amplitude (voir figure ci-contre) et en tournant r\u00e9guli\u00e8rement autour du poste de travail. On utilisera d\u2019abord un abrasif mordant comme le carbo 36 pour acc\u00e9l\u00e9rer le creusage puis un abrasif plus \u00ab&nbsp;fin&nbsp;\u00bb comme le carbo 80 pour \u00ab&nbsp;effacer&nbsp;\u00bb les \u00e9cailles profondes cr\u00e9\u00e9es par le grain pr\u00e9c\u00e9dent. On contr\u00f4lera \u00e0 l\u2019avancement la r\u00e9gularit\u00e9 de la courbure au sph\u00e9rom\u00e8tre ou \u00e0 l\u2019aide d\u2019un gabarit. En cas d\u2019\u00e9cart zonal (centre trop creux, bord rabattu, \u2026), on modifiera la forme des courses <\/span><span style=\"font-family: times new roman,times,serif; font-size: 20px;\">pour corriger le d\u00e9faut en s\u2019inspirant de la m\u00e9thode de parabolisation n\u00b01 de l\u2019ouvrage de Jean Texereau ou des retouches par surpressions.<\/span><\/p>\n<p>&nbsp;<\/p>\n<p><span style=\"font-family: times new roman,times,serif; font-size: 20px;\"><img loading=\"lazy\" decoding=\"async\" class=\"size-full wp-image-1849 alignright\" src=\"http:\/\/gap47.astrosurf.com\/wp-content\/uploads\/2017\/06\/eboche2.gif\" alt=\"\" width=\"220\" height=\"207\"><\/span><\/p>\n<p><span style=\"font-family: times new roman,times,serif; font-size: 20px;\"><strong>3)<\/strong> Creuser le miroir avec une meule diamant\u00e9e. Le disque en verre est pos\u00e9 sur un plateau tournant et arros\u00e9 r\u00e9guli\u00e8rement d\u2019un filet d\u2019eau. <\/span><\/p>\n<p>&nbsp;<\/p>\n<p>&nbsp;<\/p>\n<p><span style=\"font-family: times new roman,times,serif; font-size: 20px;\">Quant \u00e0 la meuleuse, on peut envisager diverses solutions&nbsp;:<\/span><\/p>\n<p><span style=\"font-family: times new roman,times,serif; font-size: 20px;\"><img loading=\"lazy\" decoding=\"async\" class=\"size-full wp-image-1851 alignleft\" src=\"http:\/\/gap47.astrosurf.com\/wp-content\/uploads\/2017\/06\/meule-c01.gif\" alt=\"\" width=\"230\" height=\"173\"><strong>a)<\/strong> soit elle se d\u00e9place le long d\u2019un rail incurv\u00e9 et taill\u00e9 au rayon de courbure pr\u00e9vu pour le miroir alors que la meule est tout juste en contact avec le verre. Voir animation ci-contre et exemples de r\u00e9alisations amateurs <em> <a href=\"http:\/\/www.astrosurf.com\/gap47\/T400\/Optique\/ebauchage\/ebauchage_images\/Machine_ebauch_rail.JPG\">(ici)<\/a>.<\/em><\/span><\/p>\n<p>&nbsp;<\/p>\n<p><span style=\"font-family: times new roman,times,serif; font-size: 20px;\"><img loading=\"lazy\" decoding=\"async\" class=\"size-full wp-image-1852 alignleft\" src=\"http:\/\/gap47.astrosurf.com\/wp-content\/uploads\/2017\/06\/meule-d02.gif\" alt=\"\" width=\"125\" height=\"230\"><strong>b)<\/strong> soit elle est fix\u00e9e \u00e0 un bras pendulaire dont l\u2019axe de la rotule est situ\u00e9 \u00e0 une distance de la g\u00e9n\u00e9ratrice de la meule \u00e9gale au rayon de courbure souhait\u00e9. Ce proc\u00e9d\u00e9 est plus contraignant en terme d\u2019espace n\u00e9cessaire (hauteur). Par contre il est plus facile d\u2019ajuster \u00e0 la demande le rayon du bras pendulaire que de r\u00e9aliser une s\u00e9rie de rails incurv\u00e9s.<\/span><\/p>\n<p>&nbsp;<\/p>\n<p><span style=\"font-family: times new roman,times,serif; font-size: 20px;\"><strong>c)<\/strong> soit elle est tenue \u00e0 la main. Ce proc\u00e9d\u00e9 n\u00e9cessite une v\u00e9rification p\u00e9riodique de la r\u00e9gularit\u00e9 de la sph\u00e9risation \u00e0 l\u2019aide d\u2019un gabarit. Un r\u00e9unissage au gros abrasif s\u2019impose (Carbo 36 ou 80) pour finir l\u2019op\u00e9ration.<\/span><\/p>\n<div style=\"width: 525px;\" class=\"wp-video\"><video class=\"wp-video-shortcode\" id=\"video-1748-2\" width=\"525\" height=\"394\" loop autoplay preload=\"metadata\" controls=\"controls\"><source type=\"video\/mp4\" src=\"http:\/\/gap47.astrosurf.com\/wp-content\/uploads\/2017\/06\/meule001.mp4?_=2\" \/><a href=\"http:\/\/gap47.astrosurf.com\/wp-content\/uploads\/2017\/06\/meule001.mp4\">http:\/\/gap47.astrosurf.com\/wp-content\/uploads\/2017\/06\/meule001.mp4<\/a><\/video><\/div>\n<p><span style=\"font-family: times new roman,times,serif; font-size: 20px;\">Afin d\u2019\u00e9viter les \u00e9clats accidentels, on proc\u00e9dera par passes peu profondes ou avec une avance tr\u00e8s mod\u00e9r\u00e9e. \u00c9tant donn\u00e9s les risques associ\u00e9s \u00e0 cette technique pour les voies respiratoires et les yeux, il est <strong> imp\u00e9ratif<\/strong> de s\u2019\u00e9quiper d\u2019un masque anti-poussi\u00e8re et de lunettes de s\u00e9curit\u00e9.<\/span><\/p>\n<p><span style=\"font-family: times new roman,times,serif; font-size: 20px;\">Se procurer un disque pr\u00e9-\u00e9bauch\u00e9 \u00e0 la courbure souhait\u00e9e. Certains fournisseurs proposent ce service \u00e0 un co\u00fbt qui est parfois \u00e0 peine sup\u00e9rieur \u00e0 celui de la quantit\u00e9 d\u2019abrasif qu\u2019il est n\u00e9cessaire d\u2019employer lors de cette op\u00e9ration. Il est ainsi possible de gagner un temps pr\u00e9cieux sur une phase un peu ingrate et qui ne pr\u00e9sente pas un grand int\u00e9r\u00eat p\u00e9dagogique.<br \/>\n<\/span><\/p>\n<p><img loading=\"lazy\" decoding=\"async\" class=\"wp-image-1850 aligncenter\" src=\"http:\/\/gap47.astrosurf.com\/wp-content\/uploads\/2017\/06\/ebauch_vinci_mini.jpg\" alt=\"\" width=\"330\" height=\"474\" srcset=\"https:\/\/gap47.astrosurf.com\/wp-content\/uploads\/2017\/06\/ebauch_vinci_mini.jpg 220w, https:\/\/gap47.astrosurf.com\/wp-content\/uploads\/2017\/06\/ebauch_vinci_mini-209x300.jpg 209w\" sizes=\"auto, (max-width: 330px) 100vw, 330px\" \/><\/p>\n<p style=\"text-align: center;\"><span style=\"font-size: 20px;\"><em><span style=\"font-family: times new roman,times,serif;\">En 1513, L\u00e9onard de Vinci avait d\u00e9j\u00e0 invent\u00e9 une machine \u00e0 creuser les miroirs utilisant une grande meule.<\/span><\/em><\/span><\/p>\n<hr>\n<p>&nbsp;<\/p>\n","protected":false},"excerpt":{"rendered":"<p>\u00c9baucher un grand miroir constitue une op\u00e9ration quelque peu laborieuse et ingrate. Pour ce faire, l\u2019amateur a le choix entre plusieurs techniques&nbsp;: 1) R\u00e9aliser l\u2019\u00e9bauchage avec un outil pleine taille selon la m\u00e9thode classique utilis\u00e9e pour les \u00ab&nbsp;petits&nbsp;\u00bb miroirs (courses selon les cordes). M\u00eame si elle aboutit au r\u00e9sultat escompt\u00e9, cette m\u00e9thode est tr\u00e8s longue &hellip; <\/p>\n<p class=\"link-more\"><a href=\"https:\/\/gap47.astrosurf.com\/index.php\/technique\/optique-instruments\/optique\/ebauchage\/\" class=\"more-link\">Continuer la lecture<span class=\"screen-reader-text\"> de &laquo;&nbsp;Ebauchage&nbsp;&raquo;<\/span><\/a><\/p>\n","protected":false},"author":5,"featured_media":0,"parent":192,"menu_order":4,"comment_status":"closed","ping_status":"closed","template":"","meta":{"_exactmetrics_skip_tracking":false,"_exactmetrics_sitenote_active":false,"_exactmetrics_sitenote_note":"","_exactmetrics_sitenote_category":0,"ngg_post_thumbnail":0,"footnotes":""},"class_list":["post-1748","page","type-page","status-publish","hentry"],"yoast_head":"<!-- This site is optimized with the Yoast SEO plugin v24.8.1 - https:\/\/yoast.com\/wordpress\/plugins\/seo\/ -->\n<title>Ebauchage - L&#039;observatoire est ouvert aux visiteurs tous les vendredis soirs \u00e0 21 heures, jusqu&#039;au 3 juillet 2026 inclus, sans r\u00e9servation.<\/title>\n<meta name=\"robots\" content=\"index, follow, max-snippet:-1, max-image-preview:large, max-video-preview:-1\" \/>\n<link rel=\"canonical\" href=\"https:\/\/gap47.astrosurf.com\/index.php\/technique\/optique-instruments\/optique\/ebauchage\/\" \/>\n<meta property=\"og:locale\" content=\"fr_FR\" \/>\n<meta property=\"og:type\" content=\"article\" \/>\n<meta property=\"og:title\" content=\"Ebauchage - L&#039;observatoire est ouvert aux visiteurs tous les vendredis soirs \u00e0 21 heures, jusqu&#039;au 3 juillet 2026 inclus, sans r\u00e9servation.\" \/>\n<meta property=\"og:description\" content=\"\u00c9baucher un grand miroir constitue une op\u00e9ration quelque peu laborieuse et ingrate. Pour ce faire, l\u2019amateur a le choix entre plusieurs techniques&nbsp;: 1) R\u00e9aliser l\u2019\u00e9bauchage avec un outil pleine taille selon la m\u00e9thode classique utilis\u00e9e pour les \u00ab&nbsp;petits&nbsp;\u00bb miroirs (courses selon les cordes). M\u00eame si elle aboutit au r\u00e9sultat escompt\u00e9, cette m\u00e9thode est tr\u00e8s longue &hellip; Continuer la lecture de &laquo;&nbsp;Ebauchage&nbsp;&raquo;\" \/>\n<meta property=\"og:url\" content=\"https:\/\/gap47.astrosurf.com\/index.php\/technique\/optique-instruments\/optique\/ebauchage\/\" \/>\n<meta property=\"og:site_name\" content=\"L&#039;observatoire est ouvert aux visiteurs tous les vendredis soirs \u00e0 21 heures, jusqu&#039;au 3 juillet 2026 inclus, sans r\u00e9servation.\" \/>\n<meta property=\"article:publisher\" content=\"https:\/\/www.facebook.com\/astrogap47\/\" \/>\n<meta property=\"article:modified_time\" content=\"2019-12-17T16:17:17+00:00\" \/>\n<meta property=\"og:image\" content=\"http:\/\/gap47.astrosurf.com\/wp-content\/uploads\/2017\/06\/course8.gif\" \/>\n<meta name=\"twitter:card\" content=\"summary_large_image\" \/>\n<meta name=\"twitter:label1\" content=\"Dur\u00e9e de lecture estim\u00e9e\" \/>\n\t<meta name=\"twitter:data1\" content=\"3 minutes\" \/>\n<script type=\"application\/ld+json\" class=\"yoast-schema-graph\">{\"@context\":\"https:\/\/schema.org\",\"@graph\":[{\"@type\":\"WebPage\",\"@id\":\"https:\/\/gap47.astrosurf.com\/index.php\/technique\/optique-instruments\/optique\/ebauchage\/\",\"url\":\"https:\/\/gap47.astrosurf.com\/index.php\/technique\/optique-instruments\/optique\/ebauchage\/\",\"name\":\"Ebauchage - L&#039;observatoire est ouvert aux visiteurs tous les vendredis soirs \u00e0 21 heures, jusqu&#039;au 3 juillet 2026 inclus, sans r\u00e9servation.\",\"isPartOf\":{\"@id\":\"https:\/\/gap47.astrosurf.com\/#website\"},\"primaryImageOfPage\":{\"@id\":\"https:\/\/gap47.astrosurf.com\/index.php\/technique\/optique-instruments\/optique\/ebauchage\/#primaryimage\"},\"image\":{\"@id\":\"https:\/\/gap47.astrosurf.com\/index.php\/technique\/optique-instruments\/optique\/ebauchage\/#primaryimage\"},\"thumbnailUrl\":\"http:\/\/gap47.astrosurf.com\/wp-content\/uploads\/2017\/06\/course8.gif\",\"datePublished\":\"2017-06-03T15:26:01+00:00\",\"dateModified\":\"2019-12-17T16:17:17+00:00\",\"breadcrumb\":{\"@id\":\"https:\/\/gap47.astrosurf.com\/index.php\/technique\/optique-instruments\/optique\/ebauchage\/#breadcrumb\"},\"inLanguage\":\"fr-FR\",\"potentialAction\":[{\"@type\":\"ReadAction\",\"target\":[\"https:\/\/gap47.astrosurf.com\/index.php\/technique\/optique-instruments\/optique\/ebauchage\/\"]}]},{\"@type\":\"ImageObject\",\"inLanguage\":\"fr-FR\",\"@id\":\"https:\/\/gap47.astrosurf.com\/index.php\/technique\/optique-instruments\/optique\/ebauchage\/#primaryimage\",\"url\":\"https:\/\/gap47.astrosurf.com\/wp-content\/uploads\/2017\/06\/course8.gif\",\"contentUrl\":\"https:\/\/gap47.astrosurf.com\/wp-content\/uploads\/2017\/06\/course8.gif\",\"width\":200,\"height\":190},{\"@type\":\"BreadcrumbList\",\"@id\":\"https:\/\/gap47.astrosurf.com\/index.php\/technique\/optique-instruments\/optique\/ebauchage\/#breadcrumb\",\"itemListElement\":[{\"@type\":\"ListItem\",\"position\":1,\"name\":\"Accueil\",\"item\":\"https:\/\/gap47.astrosurf.com\/\"},{\"@type\":\"ListItem\",\"position\":2,\"name\":\"Technique\",\"item\":\"https:\/\/gap47.astrosurf.com\/index.php\/technique\/\"},{\"@type\":\"ListItem\",\"position\":3,\"name\":\"Optique \u2014 Instruments\",\"item\":\"https:\/\/gap47.astrosurf.com\/index.php\/technique\/optique-instruments\/\"},{\"@type\":\"ListItem\",\"position\":4,\"name\":\"R\u00e9alisation de grands miroirs d&#8217;amateur\",\"item\":\"https:\/\/gap47.astrosurf.com\/index.php\/technique\/optique-instruments\/optique\/\"},{\"@type\":\"ListItem\",\"position\":5,\"name\":\"Ebauchage\"}]},{\"@type\":\"WebSite\",\"@id\":\"https:\/\/gap47.astrosurf.com\/#website\",\"url\":\"https:\/\/gap47.astrosurf.com\/\",\"name\":\"De janvier \u00e0 fin juin 2024, le GAP47 sera ouvert aux visiteurs tous les vendredis \u00e0 21h sans r\u00e9servation, \u00e0 l'exception du vendredi 26 janvier o\u00f9 l'observatoire sera ferm\u00e9 au public.\",\"description\":\"Groupe d&#039;Astronomie Populaire du Lot-et-Garonne, \u00e0 Montayral\",\"potentialAction\":[{\"@type\":\"SearchAction\",\"target\":{\"@type\":\"EntryPoint\",\"urlTemplate\":\"https:\/\/gap47.astrosurf.com\/?s={search_term_string}\"},\"query-input\":{\"@type\":\"PropertyValueSpecification\",\"valueRequired\":true,\"valueName\":\"search_term_string\"}}],\"inLanguage\":\"fr-FR\"}]}<\/script>\n<!-- \/ Yoast SEO plugin. -->","yoast_head_json":{"title":"Ebauchage - L&#039;observatoire est ouvert aux visiteurs tous les vendredis soirs \u00e0 21 heures, jusqu&#039;au 3 juillet 2026 inclus, sans r\u00e9servation.","robots":{"index":"index","follow":"follow","max-snippet":"max-snippet:-1","max-image-preview":"max-image-preview:large","max-video-preview":"max-video-preview:-1"},"canonical":"https:\/\/gap47.astrosurf.com\/index.php\/technique\/optique-instruments\/optique\/ebauchage\/","og_locale":"fr_FR","og_type":"article","og_title":"Ebauchage - L&#039;observatoire est ouvert aux visiteurs tous les vendredis soirs \u00e0 21 heures, jusqu&#039;au 3 juillet 2026 inclus, sans r\u00e9servation.","og_description":"\u00c9baucher un grand miroir constitue une op\u00e9ration quelque peu laborieuse et ingrate. Pour ce faire, l\u2019amateur a le choix entre plusieurs techniques&nbsp;: 1) R\u00e9aliser l\u2019\u00e9bauchage avec un outil pleine taille selon la m\u00e9thode classique utilis\u00e9e pour les \u00ab&nbsp;petits&nbsp;\u00bb miroirs (courses selon les cordes). M\u00eame si elle aboutit au r\u00e9sultat escompt\u00e9, cette m\u00e9thode est tr\u00e8s longue &hellip; Continuer la lecture de &laquo;&nbsp;Ebauchage&nbsp;&raquo;","og_url":"https:\/\/gap47.astrosurf.com\/index.php\/technique\/optique-instruments\/optique\/ebauchage\/","og_site_name":"L&#039;observatoire est ouvert aux visiteurs tous les vendredis soirs \u00e0 21 heures, jusqu&#039;au 3 juillet 2026 inclus, sans r\u00e9servation.","article_publisher":"https:\/\/www.facebook.com\/astrogap47\/","article_modified_time":"2019-12-17T16:17:17+00:00","og_image":[{"url":"http:\/\/gap47.astrosurf.com\/wp-content\/uploads\/2017\/06\/course8.gif","type":"","width":"","height":""}],"twitter_card":"summary_large_image","twitter_misc":{"Dur\u00e9e de lecture estim\u00e9e":"3 minutes"},"schema":{"@context":"https:\/\/schema.org","@graph":[{"@type":"WebPage","@id":"https:\/\/gap47.astrosurf.com\/index.php\/technique\/optique-instruments\/optique\/ebauchage\/","url":"https:\/\/gap47.astrosurf.com\/index.php\/technique\/optique-instruments\/optique\/ebauchage\/","name":"Ebauchage - L&#039;observatoire est ouvert aux visiteurs tous les vendredis soirs \u00e0 21 heures, jusqu&#039;au 3 juillet 2026 inclus, sans r\u00e9servation.","isPartOf":{"@id":"https:\/\/gap47.astrosurf.com\/#website"},"primaryImageOfPage":{"@id":"https:\/\/gap47.astrosurf.com\/index.php\/technique\/optique-instruments\/optique\/ebauchage\/#primaryimage"},"image":{"@id":"https:\/\/gap47.astrosurf.com\/index.php\/technique\/optique-instruments\/optique\/ebauchage\/#primaryimage"},"thumbnailUrl":"http:\/\/gap47.astrosurf.com\/wp-content\/uploads\/2017\/06\/course8.gif","datePublished":"2017-06-03T15:26:01+00:00","dateModified":"2019-12-17T16:17:17+00:00","breadcrumb":{"@id":"https:\/\/gap47.astrosurf.com\/index.php\/technique\/optique-instruments\/optique\/ebauchage\/#breadcrumb"},"inLanguage":"fr-FR","potentialAction":[{"@type":"ReadAction","target":["https:\/\/gap47.astrosurf.com\/index.php\/technique\/optique-instruments\/optique\/ebauchage\/"]}]},{"@type":"ImageObject","inLanguage":"fr-FR","@id":"https:\/\/gap47.astrosurf.com\/index.php\/technique\/optique-instruments\/optique\/ebauchage\/#primaryimage","url":"https:\/\/gap47.astrosurf.com\/wp-content\/uploads\/2017\/06\/course8.gif","contentUrl":"https:\/\/gap47.astrosurf.com\/wp-content\/uploads\/2017\/06\/course8.gif","width":200,"height":190},{"@type":"BreadcrumbList","@id":"https:\/\/gap47.astrosurf.com\/index.php\/technique\/optique-instruments\/optique\/ebauchage\/#breadcrumb","itemListElement":[{"@type":"ListItem","position":1,"name":"Accueil","item":"https:\/\/gap47.astrosurf.com\/"},{"@type":"ListItem","position":2,"name":"Technique","item":"https:\/\/gap47.astrosurf.com\/index.php\/technique\/"},{"@type":"ListItem","position":3,"name":"Optique \u2014 Instruments","item":"https:\/\/gap47.astrosurf.com\/index.php\/technique\/optique-instruments\/"},{"@type":"ListItem","position":4,"name":"R\u00e9alisation de grands miroirs d&#8217;amateur","item":"https:\/\/gap47.astrosurf.com\/index.php\/technique\/optique-instruments\/optique\/"},{"@type":"ListItem","position":5,"name":"Ebauchage"}]},{"@type":"WebSite","@id":"https:\/\/gap47.astrosurf.com\/#website","url":"https:\/\/gap47.astrosurf.com\/","name":"De janvier \u00e0 fin juin 2024, le GAP47 sera ouvert aux visiteurs tous les vendredis \u00e0 21h sans r\u00e9servation, \u00e0 l'exception du vendredi 26 janvier o\u00f9 l'observatoire sera ferm\u00e9 au public.","description":"Groupe d&#039;Astronomie Populaire du Lot-et-Garonne, \u00e0 Montayral","potentialAction":[{"@type":"SearchAction","target":{"@type":"EntryPoint","urlTemplate":"https:\/\/gap47.astrosurf.com\/?s={search_term_string}"},"query-input":{"@type":"PropertyValueSpecification","valueRequired":true,"valueName":"search_term_string"}}],"inLanguage":"fr-FR"}]}},"_links":{"self":[{"href":"https:\/\/gap47.astrosurf.com\/index.php\/wp-json\/wp\/v2\/pages\/1748","targetHints":{"allow":["GET"]}}],"collection":[{"href":"https:\/\/gap47.astrosurf.com\/index.php\/wp-json\/wp\/v2\/pages"}],"about":[{"href":"https:\/\/gap47.astrosurf.com\/index.php\/wp-json\/wp\/v2\/types\/page"}],"author":[{"embeddable":true,"href":"https:\/\/gap47.astrosurf.com\/index.php\/wp-json\/wp\/v2\/users\/5"}],"replies":[{"embeddable":true,"href":"https:\/\/gap47.astrosurf.com\/index.php\/wp-json\/wp\/v2\/comments?post=1748"}],"version-history":[{"count":13,"href":"https:\/\/gap47.astrosurf.com\/index.php\/wp-json\/wp\/v2\/pages\/1748\/revisions"}],"predecessor-version":[{"id":9008,"href":"https:\/\/gap47.astrosurf.com\/index.php\/wp-json\/wp\/v2\/pages\/1748\/revisions\/9008"}],"up":[{"embeddable":true,"href":"https:\/\/gap47.astrosurf.com\/index.php\/wp-json\/wp\/v2\/pages\/192"}],"wp:attachment":[{"href":"https:\/\/gap47.astrosurf.com\/index.php\/wp-json\/wp\/v2\/media?parent=1748"}],"curies":[{"name":"wp","href":"https:\/\/api.w.org\/{rel}","templated":true}]}}