 {"id":1744,"date":"2017-06-03T17:25:23","date_gmt":"2017-06-03T15:25:23","guid":{"rendered":"http:\/\/gap47.astrosurf.com\/?page_id=1744"},"modified":"2019-12-17T18:11:08","modified_gmt":"2019-12-17T16:11:08","slug":"poste-de-travail","status":"publish","type":"page","link":"https:\/\/gap47.astrosurf.com\/index.php\/technique\/optique-instruments\/optique\/poste-de-travail\/","title":{"rendered":"Poste de travail"},"content":{"rendered":"<p align=\"justify\"><span style=\"font-size: 24px; font-family: arial,helvetica,sans-serif;\"><strong>Am\u00e9nagement des locaux<\/strong><\/span><\/p>\n<p align=\"justify\"><span style=\"font-family: times new roman,times,serif; font-size: 20px;\">L\u2019id\u00e9al est de disposer d\u2019au moins deux locaux s\u00e9par\u00e9s pour l\u2019ensemble de l\u2019entreprise afin de limiter les risques de contamination des grains d\u2019abrasifs&nbsp;:<\/span><\/p>\n<p align=\"justify\">&nbsp;<\/p>\n<p class=\"Style2\" align=\"justify\"><span style=\"font-size: 20px;\"><strong><span style=\"font-family: times new roman,times,serif;\">1) Un local pour l\u2019\u00e9bauchage et le doucissage&nbsp;:<\/span><\/strong><\/span><\/p>\n<p style=\"text-align: left;\" align=\"justify\"><span style=\"font-family: times new roman,times,serif; font-size: 20px;\">Quand c&rsquo;est possible effectuer l\u2019\u00e9bauchage dans un local particulier (garage, cellier, voire \u00e0 l\u2019ext\u00e9rieur). Pas de contrainte particuli\u00e8re li\u00e9e \u00e0 la thermique et l\u2019hygrom\u00e9trie. Bon \u00e9clairage.<\/span><\/p>\n<p style=\"text-align: left;\" align=\"justify\"><span style=\"font-family: times new roman,times,serif; font-size: 20px;\">Les diff\u00e9rentes zones du local seront regroup\u00e9es au maximum pour \u00e9viter les manutentions et les risques de chute des disques&nbsp;:<\/span><\/p>\n<p style=\"text-align: center;\" align=\"justify\"><span style=\"font-size: 20px;\"><em><span style=\"font-family: times new roman,times,serif;\">Exemple : l&rsquo;espace de travail du GAP47&nbsp; \u2193&nbsp; <\/span><span style=\"font-family: times new roman,times,serif;\">cliquez pour agrandir l&rsquo;image<\/span> <\/em><\/span><\/p>\n<p style=\"text-align: left;\" align=\"justify\"><span style=\"font-size: 20px;\"><a href=\"http:\/\/gap47.astrosurf.com\/index.php\/poste-de-travail\/\" target=\"_blank\" rel=\"noopener noreferrer\"><span style=\"font-family: times new roman,times,serif;\"><img loading=\"lazy\" decoding=\"async\" class=\"size-full wp-image-1821 aligncenter\" src=\"http:\/\/gap47.astrosurf.com\/wp-content\/uploads\/2017\/06\/espace-de-travail-02.jpg\" alt=\"\" width=\"380\" height=\"265\" srcset=\"https:\/\/gap47.astrosurf.com\/wp-content\/uploads\/2017\/06\/espace-de-travail-02.jpg 380w, https:\/\/gap47.astrosurf.com\/wp-content\/uploads\/2017\/06\/espace-de-travail-02-300x209.jpg 300w\" sizes=\"auto, (max-width: 380px) 100vw, 380px\" \/><\/span><\/a><\/span><\/p>\n<p style=\"text-align: left;\" align=\"justify\"><span style=\"font-family: times new roman,times,serif; font-size: 20px;\">Le poste de travail avec possibilit\u00e9 de tourner facilement autour. Le point d\u2019eau (\u00e9vier, bac \u00e0 douche, \u2026). Pour limiter les chocs, on pr\u00e9f\u00e8rera les vasques ou receveurs en mat\u00e9riaux synth\u00e9tiques. \u00c0 d\u00e9faut, on prot\u00e8gera les angles saillants avec des mat\u00e9riaux antichoc (mousse, caoutchouc, \u2026). Un support y sera install\u00e9 pour recevoir les disques \u00e0 nettoyer. Une douchette \u00e0 jet r\u00e9glable sera pratique pour le rin\u00e7age des disques. On peut aussi envisager de rincer les disques en les immergeant dans une bassine d\u2019eau (\u00e0 condition que l\u2019outil soit \u00e9tanche). Une table de desserte pour poser les disques, les abrasifs, les accessoires, \u2026 Elle devra \u00eatre particuli\u00e8rement stable et solide. On la recouvrira d\u2019une nappe \u00e0 changer \u00e0 chaque abrasif.&nbsp;<\/span><\/p>\n<p align=\"justify\">&nbsp;<\/p>\n<p class=\"Style2\"><span style=\"font-size: 20px;\"><strong><span style=\"font-family: times new roman,times,serif;\">2) Un local pour le polissage :<\/span><\/strong><\/span><\/p>\n<p><span style=\"font-family: times new roman,times,serif; font-size: 20px;\">M\u00eames contraintes fonctionnelles d&rsquo;agencement que pour le local pr\u00e9c\u00e9dent. Privil\u00e9gier les locaux \u00e0 forte inertie thermique (murs \u00e9pais, ouvertures limit\u00e9s, bonne isolation).<\/span><\/p>\n<p><span style=\"font-family: times new roman,times,serif; font-size: 20px;\">R\u00e9gulation thermique vers 19 \/ 20\u00b0C. \u00c9viter les syst\u00e8mes qui dess\u00e8chent l&rsquo;air ambiant (convecteurs \u00e9lectriques, climatisation) ou compenser en humidifiant l&rsquo;atmosph\u00e8re. Privil\u00e9giez un local facilement nettoyable (\u00e9ventuellement \u00e0 grande eau) et peu poussi\u00e9reux.<\/span><\/p>\n<p><span style=\"font-family: times new roman,times,serif; font-size: 20px;\">La zone affect\u00e9e aux contr\u00f4les aura avantage \u00e0 se trouver dans le m\u00eame local&nbsp;: manutentions limit\u00e9es, pas de gradient de temp\u00e9rature d&rsquo;un espace \u00e0 l&rsquo;autre, \u2026 Cela implique toutefois des contraintes&nbsp;: recul suffisant (support du miroir, rayon de courbure, appareil de contr\u00f4le, op\u00e9rateur), limitation des courants d&rsquo;air et des mouvements de convection (notamment li\u00e9s \u00e0 la temp\u00e9rature de certaines parois ou au syst\u00e8me de chauffage). Dans le cas o\u00f9 l&rsquo;air ambiant est trop instable, on pourra r\u00e9aliser un banc de contr\u00f4le \u00e0 l&rsquo;int\u00e9rieur d&rsquo;un tunnel constitu\u00e9 de parois thermiquement isolantes.<\/span><\/p>\n<p><span style=\"font-family: times new roman,times,serif; font-size: 20px;\">Pour ceux qui manquent de place, l&rsquo;utilisation d&rsquo;un local unique pour l&rsquo;\u00e9bauchage, le doucissage et le polissage est incontournable. Il faudra alors redoubler de vigilance dans le nettoyage (notamment avant de passer au polissage).<\/span><\/p>\n<p>&nbsp;<\/p>\n<p><span style=\"font-family: times new roman,times,serif; font-size: 20px;\"><strong>Poste de travail&nbsp;:<\/strong><\/span><\/p>\n<p><img loading=\"lazy\" decoding=\"async\" class=\"size-full wp-image-1822 alignright\" src=\"http:\/\/gap47.astrosurf.com\/wp-content\/uploads\/2017\/06\/poste-travail00.gif\" alt=\"\" width=\"184\" height=\"300\"><\/p>\n<p style=\"text-align: left;\" align=\"justify\"><span style=\"font-family: times new roman,times,serif; font-size: 20px;\">Quelque soit le type de poste choisi, il devra r\u00e9pondre aux exigences suivantes&nbsp;:<\/span><\/p>\n<div align=\"justify\">\n<ul>\n<li style=\"text-align: left;\"><span style=\"font-family: times new roman,times,serif; font-size: 20px;\">Stabilit\u00e9 (notamment par rapport aux risques de chute).<\/span><\/li>\n<li style=\"text-align: left;\"><span style=\"font-family: times new roman,times,serif; font-size: 20px;\">Solidit\u00e9 et parfaite plan\u00e9it\u00e9 du plateau.<\/span><\/li>\n<li style=\"text-align: left;\"><span style=\"font-family: times new roman,times,serif; font-size: 20px;\">Encombrement limit\u00e9 (en particulier s\u2019il est implant\u00e9 dans un petit local).<\/span><\/li>\n<li style=\"text-align: left;\"><span style=\"font-family: times new roman,times,serif; font-size: 20px;\">Facilit\u00e9 de nettoyage entre chaque abrasif.<\/span><\/li>\n<li style=\"text-align: left;\"><span style=\"font-family: times new roman,times,serif; font-size: 20px;\">Ergonomique (plateau \u00e0 la hauteur maxi du coude).<\/span><\/li>\n<\/ul>\n<div align=\"justify\"><span style=\"font-family: times new roman,times,serif; font-size: 20px;\">Sur le plateau, un molleton sera dispos\u00e9 pour r\u00e9partir la charge du disque pos\u00e9 dessus et limiter ses flexions. Pour cela, on peut utiliser diff\u00e9rents mat\u00e9riaux&nbsp;: moquette, mousse (type tapis bleu de camping), film \u00e0 bulles (attention \u00e0 ce qu\u2019elles ne soient pas crev\u00e9es), \u2026 Une nappe ou un sac poubelle d\u00e9coup\u00e9 recouvrira le tout pour limiter les nettoyages. Des cales en bois seront clou\u00e9es ou viss\u00e9es sur le plateau en laissant un petit jeu lat\u00e9ral pour les disques et chang\u00e9es apr\u00e8s chaque abrasif.<\/span><\/div>\n<div align=\"justify\">\n<hr>\n<\/div>\n<\/div>\n","protected":false},"excerpt":{"rendered":"<p>Am\u00e9nagement des locaux L\u2019id\u00e9al est de disposer d\u2019au moins deux locaux s\u00e9par\u00e9s pour l\u2019ensemble de l\u2019entreprise afin de limiter les risques de contamination des grains d\u2019abrasifs&nbsp;: &nbsp; 1) Un local pour l\u2019\u00e9bauchage et le doucissage&nbsp;: Quand c&rsquo;est possible effectuer l\u2019\u00e9bauchage dans un local particulier (garage, cellier, voire \u00e0 l\u2019ext\u00e9rieur). Pas de contrainte particuli\u00e8re li\u00e9e \u00e0 &hellip; <\/p>\n<p class=\"link-more\"><a href=\"https:\/\/gap47.astrosurf.com\/index.php\/technique\/optique-instruments\/optique\/poste-de-travail\/\" class=\"more-link\">Continuer la lecture<span class=\"screen-reader-text\"> de &laquo;&nbsp;Poste de travail&nbsp;&raquo;<\/span><\/a><\/p>\n","protected":false},"author":5,"featured_media":0,"parent":192,"menu_order":2,"comment_status":"closed","ping_status":"closed","template":"","meta":{"_exactmetrics_skip_tracking":false,"_exactmetrics_sitenote_active":false,"_exactmetrics_sitenote_note":"","_exactmetrics_sitenote_category":0,"ngg_post_thumbnail":0,"footnotes":""},"class_list":["post-1744","page","type-page","status-publish","hentry"],"yoast_head":"<!-- This site is optimized with the Yoast SEO plugin v24.8.1 - https:\/\/yoast.com\/wordpress\/plugins\/seo\/ -->\n<title>Poste de travail - L&#039;observatoire est ouvert aux visiteurs tous les vendredis soirs \u00e0 21 heures, jusqu&#039;au 3 juillet 2026 inclus, sans r\u00e9servation.<\/title>\n<meta name=\"robots\" content=\"index, follow, max-snippet:-1, max-image-preview:large, max-video-preview:-1\" \/>\n<link rel=\"canonical\" href=\"https:\/\/gap47.astrosurf.com\/index.php\/technique\/optique-instruments\/optique\/poste-de-travail\/\" \/>\n<meta property=\"og:locale\" content=\"fr_FR\" \/>\n<meta property=\"og:type\" content=\"article\" \/>\n<meta property=\"og:title\" content=\"Poste de travail - L&#039;observatoire est ouvert aux visiteurs tous les vendredis soirs \u00e0 21 heures, jusqu&#039;au 3 juillet 2026 inclus, sans r\u00e9servation.\" \/>\n<meta property=\"og:description\" content=\"Am\u00e9nagement des locaux L\u2019id\u00e9al est de disposer d\u2019au moins deux locaux s\u00e9par\u00e9s pour l\u2019ensemble de l\u2019entreprise afin de limiter les risques de contamination des grains d\u2019abrasifs&nbsp;: &nbsp; 1) Un local pour l\u2019\u00e9bauchage et le doucissage&nbsp;: Quand c&rsquo;est possible effectuer l\u2019\u00e9bauchage dans un local particulier (garage, cellier, voire \u00e0 l\u2019ext\u00e9rieur). Pas de contrainte particuli\u00e8re li\u00e9e \u00e0 &hellip; Continuer la lecture de &laquo;&nbsp;Poste de travail&nbsp;&raquo;\" \/>\n<meta property=\"og:url\" content=\"https:\/\/gap47.astrosurf.com\/index.php\/technique\/optique-instruments\/optique\/poste-de-travail\/\" \/>\n<meta property=\"og:site_name\" content=\"L&#039;observatoire est ouvert aux visiteurs tous les vendredis soirs \u00e0 21 heures, jusqu&#039;au 3 juillet 2026 inclus, sans r\u00e9servation.\" \/>\n<meta property=\"article:publisher\" content=\"https:\/\/www.facebook.com\/astrogap47\/\" \/>\n<meta property=\"article:modified_time\" content=\"2019-12-17T16:11:08+00:00\" \/>\n<meta property=\"og:image\" content=\"http:\/\/gap47.astrosurf.com\/wp-content\/uploads\/2017\/06\/espace-de-travail-02.jpg\" \/>\n<meta name=\"twitter:card\" content=\"summary_large_image\" \/>\n<meta name=\"twitter:label1\" content=\"Dur\u00e9e de lecture estim\u00e9e\" \/>\n\t<meta name=\"twitter:data1\" content=\"3 minutes\" \/>\n<script type=\"application\/ld+json\" class=\"yoast-schema-graph\">{\"@context\":\"https:\/\/schema.org\",\"@graph\":[{\"@type\":\"WebPage\",\"@id\":\"https:\/\/gap47.astrosurf.com\/index.php\/technique\/optique-instruments\/optique\/poste-de-travail\/\",\"url\":\"https:\/\/gap47.astrosurf.com\/index.php\/technique\/optique-instruments\/optique\/poste-de-travail\/\",\"name\":\"Poste de travail - L&#039;observatoire est ouvert aux visiteurs tous les vendredis soirs \u00e0 21 heures, jusqu&#039;au 3 juillet 2026 inclus, sans r\u00e9servation.\",\"isPartOf\":{\"@id\":\"https:\/\/gap47.astrosurf.com\/#website\"},\"primaryImageOfPage\":{\"@id\":\"https:\/\/gap47.astrosurf.com\/index.php\/technique\/optique-instruments\/optique\/poste-de-travail\/#primaryimage\"},\"image\":{\"@id\":\"https:\/\/gap47.astrosurf.com\/index.php\/technique\/optique-instruments\/optique\/poste-de-travail\/#primaryimage\"},\"thumbnailUrl\":\"http:\/\/gap47.astrosurf.com\/wp-content\/uploads\/2017\/06\/espace-de-travail-02.jpg\",\"datePublished\":\"2017-06-03T15:25:23+00:00\",\"dateModified\":\"2019-12-17T16:11:08+00:00\",\"breadcrumb\":{\"@id\":\"https:\/\/gap47.astrosurf.com\/index.php\/technique\/optique-instruments\/optique\/poste-de-travail\/#breadcrumb\"},\"inLanguage\":\"fr-FR\",\"potentialAction\":[{\"@type\":\"ReadAction\",\"target\":[\"https:\/\/gap47.astrosurf.com\/index.php\/technique\/optique-instruments\/optique\/poste-de-travail\/\"]}]},{\"@type\":\"ImageObject\",\"inLanguage\":\"fr-FR\",\"@id\":\"https:\/\/gap47.astrosurf.com\/index.php\/technique\/optique-instruments\/optique\/poste-de-travail\/#primaryimage\",\"url\":\"https:\/\/gap47.astrosurf.com\/wp-content\/uploads\/2017\/06\/espace-de-travail-02.jpg\",\"contentUrl\":\"https:\/\/gap47.astrosurf.com\/wp-content\/uploads\/2017\/06\/espace-de-travail-02.jpg\",\"width\":380,\"height\":265},{\"@type\":\"BreadcrumbList\",\"@id\":\"https:\/\/gap47.astrosurf.com\/index.php\/technique\/optique-instruments\/optique\/poste-de-travail\/#breadcrumb\",\"itemListElement\":[{\"@type\":\"ListItem\",\"position\":1,\"name\":\"Accueil\",\"item\":\"https:\/\/gap47.astrosurf.com\/\"},{\"@type\":\"ListItem\",\"position\":2,\"name\":\"Technique\",\"item\":\"https:\/\/gap47.astrosurf.com\/index.php\/technique\/\"},{\"@type\":\"ListItem\",\"position\":3,\"name\":\"Optique \u2014 Instruments\",\"item\":\"https:\/\/gap47.astrosurf.com\/index.php\/technique\/optique-instruments\/\"},{\"@type\":\"ListItem\",\"position\":4,\"name\":\"R\u00e9alisation de grands miroirs d&#8217;amateur\",\"item\":\"https:\/\/gap47.astrosurf.com\/index.php\/technique\/optique-instruments\/optique\/\"},{\"@type\":\"ListItem\",\"position\":5,\"name\":\"Poste de travail\"}]},{\"@type\":\"WebSite\",\"@id\":\"https:\/\/gap47.astrosurf.com\/#website\",\"url\":\"https:\/\/gap47.astrosurf.com\/\",\"name\":\"De janvier \u00e0 fin juin 2024, le GAP47 sera ouvert aux visiteurs tous les vendredis \u00e0 21h sans r\u00e9servation, \u00e0 l'exception du vendredi 26 janvier o\u00f9 l'observatoire sera ferm\u00e9 au public.\",\"description\":\"Groupe d&#039;Astronomie Populaire du Lot-et-Garonne, \u00e0 Montayral\",\"potentialAction\":[{\"@type\":\"SearchAction\",\"target\":{\"@type\":\"EntryPoint\",\"urlTemplate\":\"https:\/\/gap47.astrosurf.com\/?s={search_term_string}\"},\"query-input\":{\"@type\":\"PropertyValueSpecification\",\"valueRequired\":true,\"valueName\":\"search_term_string\"}}],\"inLanguage\":\"fr-FR\"}]}<\/script>\n<!-- \/ Yoast SEO plugin. -->","yoast_head_json":{"title":"Poste de travail - L&#039;observatoire est ouvert aux visiteurs tous les vendredis soirs \u00e0 21 heures, jusqu&#039;au 3 juillet 2026 inclus, sans r\u00e9servation.","robots":{"index":"index","follow":"follow","max-snippet":"max-snippet:-1","max-image-preview":"max-image-preview:large","max-video-preview":"max-video-preview:-1"},"canonical":"https:\/\/gap47.astrosurf.com\/index.php\/technique\/optique-instruments\/optique\/poste-de-travail\/","og_locale":"fr_FR","og_type":"article","og_title":"Poste de travail - L&#039;observatoire est ouvert aux visiteurs tous les vendredis soirs \u00e0 21 heures, jusqu&#039;au 3 juillet 2026 inclus, sans r\u00e9servation.","og_description":"Am\u00e9nagement des locaux L\u2019id\u00e9al est de disposer d\u2019au moins deux locaux s\u00e9par\u00e9s pour l\u2019ensemble de l\u2019entreprise afin de limiter les risques de contamination des grains d\u2019abrasifs&nbsp;: &nbsp; 1) Un local pour l\u2019\u00e9bauchage et le doucissage&nbsp;: Quand c&rsquo;est possible effectuer l\u2019\u00e9bauchage dans un local particulier (garage, cellier, voire \u00e0 l\u2019ext\u00e9rieur). Pas de contrainte particuli\u00e8re li\u00e9e \u00e0 &hellip; Continuer la lecture de &laquo;&nbsp;Poste de travail&nbsp;&raquo;","og_url":"https:\/\/gap47.astrosurf.com\/index.php\/technique\/optique-instruments\/optique\/poste-de-travail\/","og_site_name":"L&#039;observatoire est ouvert aux visiteurs tous les vendredis soirs \u00e0 21 heures, jusqu&#039;au 3 juillet 2026 inclus, sans r\u00e9servation.","article_publisher":"https:\/\/www.facebook.com\/astrogap47\/","article_modified_time":"2019-12-17T16:11:08+00:00","og_image":[{"url":"http:\/\/gap47.astrosurf.com\/wp-content\/uploads\/2017\/06\/espace-de-travail-02.jpg","type":"","width":"","height":""}],"twitter_card":"summary_large_image","twitter_misc":{"Dur\u00e9e de lecture estim\u00e9e":"3 minutes"},"schema":{"@context":"https:\/\/schema.org","@graph":[{"@type":"WebPage","@id":"https:\/\/gap47.astrosurf.com\/index.php\/technique\/optique-instruments\/optique\/poste-de-travail\/","url":"https:\/\/gap47.astrosurf.com\/index.php\/technique\/optique-instruments\/optique\/poste-de-travail\/","name":"Poste de travail - L&#039;observatoire est ouvert aux visiteurs tous les vendredis soirs \u00e0 21 heures, jusqu&#039;au 3 juillet 2026 inclus, sans r\u00e9servation.","isPartOf":{"@id":"https:\/\/gap47.astrosurf.com\/#website"},"primaryImageOfPage":{"@id":"https:\/\/gap47.astrosurf.com\/index.php\/technique\/optique-instruments\/optique\/poste-de-travail\/#primaryimage"},"image":{"@id":"https:\/\/gap47.astrosurf.com\/index.php\/technique\/optique-instruments\/optique\/poste-de-travail\/#primaryimage"},"thumbnailUrl":"http:\/\/gap47.astrosurf.com\/wp-content\/uploads\/2017\/06\/espace-de-travail-02.jpg","datePublished":"2017-06-03T15:25:23+00:00","dateModified":"2019-12-17T16:11:08+00:00","breadcrumb":{"@id":"https:\/\/gap47.astrosurf.com\/index.php\/technique\/optique-instruments\/optique\/poste-de-travail\/#breadcrumb"},"inLanguage":"fr-FR","potentialAction":[{"@type":"ReadAction","target":["https:\/\/gap47.astrosurf.com\/index.php\/technique\/optique-instruments\/optique\/poste-de-travail\/"]}]},{"@type":"ImageObject","inLanguage":"fr-FR","@id":"https:\/\/gap47.astrosurf.com\/index.php\/technique\/optique-instruments\/optique\/poste-de-travail\/#primaryimage","url":"https:\/\/gap47.astrosurf.com\/wp-content\/uploads\/2017\/06\/espace-de-travail-02.jpg","contentUrl":"https:\/\/gap47.astrosurf.com\/wp-content\/uploads\/2017\/06\/espace-de-travail-02.jpg","width":380,"height":265},{"@type":"BreadcrumbList","@id":"https:\/\/gap47.astrosurf.com\/index.php\/technique\/optique-instruments\/optique\/poste-de-travail\/#breadcrumb","itemListElement":[{"@type":"ListItem","position":1,"name":"Accueil","item":"https:\/\/gap47.astrosurf.com\/"},{"@type":"ListItem","position":2,"name":"Technique","item":"https:\/\/gap47.astrosurf.com\/index.php\/technique\/"},{"@type":"ListItem","position":3,"name":"Optique \u2014 Instruments","item":"https:\/\/gap47.astrosurf.com\/index.php\/technique\/optique-instruments\/"},{"@type":"ListItem","position":4,"name":"R\u00e9alisation de grands miroirs d&#8217;amateur","item":"https:\/\/gap47.astrosurf.com\/index.php\/technique\/optique-instruments\/optique\/"},{"@type":"ListItem","position":5,"name":"Poste de travail"}]},{"@type":"WebSite","@id":"https:\/\/gap47.astrosurf.com\/#website","url":"https:\/\/gap47.astrosurf.com\/","name":"De janvier \u00e0 fin juin 2024, le GAP47 sera ouvert aux visiteurs tous les vendredis \u00e0 21h sans r\u00e9servation, \u00e0 l'exception du vendredi 26 janvier o\u00f9 l'observatoire sera ferm\u00e9 au public.","description":"Groupe d&#039;Astronomie Populaire du Lot-et-Garonne, \u00e0 Montayral","potentialAction":[{"@type":"SearchAction","target":{"@type":"EntryPoint","urlTemplate":"https:\/\/gap47.astrosurf.com\/?s={search_term_string}"},"query-input":{"@type":"PropertyValueSpecification","valueRequired":true,"valueName":"search_term_string"}}],"inLanguage":"fr-FR"}]}},"_links":{"self":[{"href":"https:\/\/gap47.astrosurf.com\/index.php\/wp-json\/wp\/v2\/pages\/1744","targetHints":{"allow":["GET"]}}],"collection":[{"href":"https:\/\/gap47.astrosurf.com\/index.php\/wp-json\/wp\/v2\/pages"}],"about":[{"href":"https:\/\/gap47.astrosurf.com\/index.php\/wp-json\/wp\/v2\/types\/page"}],"author":[{"embeddable":true,"href":"https:\/\/gap47.astrosurf.com\/index.php\/wp-json\/wp\/v2\/users\/5"}],"replies":[{"embeddable":true,"href":"https:\/\/gap47.astrosurf.com\/index.php\/wp-json\/wp\/v2\/comments?post=1744"}],"version-history":[{"count":13,"href":"https:\/\/gap47.astrosurf.com\/index.php\/wp-json\/wp\/v2\/pages\/1744\/revisions"}],"predecessor-version":[{"id":9006,"href":"https:\/\/gap47.astrosurf.com\/index.php\/wp-json\/wp\/v2\/pages\/1744\/revisions\/9006"}],"up":[{"embeddable":true,"href":"https:\/\/gap47.astrosurf.com\/index.php\/wp-json\/wp\/v2\/pages\/192"}],"wp:attachment":[{"href":"https:\/\/gap47.astrosurf.com\/index.php\/wp-json\/wp\/v2\/media?parent=1744"}],"curies":[{"name":"wp","href":"https:\/\/api.w.org\/{rel}","templated":true}]}}