 {"id":1721,"date":"2017-06-03T15:54:50","date_gmt":"2017-06-03T13:54:50","guid":{"rendered":"http:\/\/gap47.astrosurf.com\/?page_id=1721"},"modified":"2019-12-17T18:04:57","modified_gmt":"2019-12-17T16:04:57","slug":"realisation-de-grands-miroirs","status":"publish","type":"page","link":"https:\/\/gap47.astrosurf.com\/index.php\/technique\/optique-instruments\/optique\/realisation-de-grands-miroirs\/","title":{"rendered":"Grands miroirs"},"content":{"rendered":"<p align=\"justify\"><span style=\"font-family: arial,helvetica,sans-serif; font-size: 24px;\"><strong>Sp\u00e9cificit\u00e9s de la r\u00e9alisation de grands miroirs<\/strong><\/span><\/p>\n<p style=\"text-align: left;\" align=\"justify\"><span style=\"font-family: times new roman,times,serif;\"><span style=\"font-size: 20px;\">Se lancer dans l\u2019aventure de la taille d\u2019un \u00ab&nbsp;grand&nbsp;\u00bb miroir suppose que l\u2019on connaisse et ma\u00eetrise au pr\u00e9alable les techniques standard de r\u00e9alisation des miroirs de \u00ab&nbsp;petite&nbsp;\u00bb taille (de 150 \u00e0 300 mm). Pour cela il est indispensable de s\u2019\u00eatre appropri\u00e9 les ressources faisant r\u00e9f\u00e9rence dans le domaine et notamment le mythique ouvrage de Jean Texereau (<a href=\"http:\/\/astrosurf.com\/texereau\/\" target=\"_blank\" rel=\"noopener noreferrer\"><em>La construction du t\u00e9lescope d\u2019amateur<\/em><\/a>) mais \u00e9galement celui de Jean-Marc Lecleire (<em>R\u00e9alisez votre t\u00e9lescope<\/em>). Ce pr\u00e9&nbsp;requis \u00e9tant pos\u00e9, nous ne reviendrons pas dans le d\u00e9tail sur ce que ces ouvrages d\u00e9veloppent parfaitement. Nous nous en tiendrons simplement \u00e0 mettre en relief ce qui est sp\u00e9cifique au travail des grosses pi\u00e8ces d\u2019optique. On se reportera \u00e9galement au reste des ressources pour se constituer une culture suffisante avant d\u2019affronter un projet plus ambitieux de taille d\u2019un miroir de 400 mm ou plus. Enfin, l\u2019exp\u00e9rience m\u00eame de la r\u00e9alisation d\u2019un ou plusieurs petits miroirs semble devoir s\u2019imposer comme un pr\u00e9alable \u00e9vident m\u00eame si certains consid\u00e8rent que ce n\u2019est pas une condition absolue.<\/span><\/span><\/p>\n<p style=\"text-align: left;\" align=\"justify\"><span style=\"font-family: times new roman,times,serif; font-size: 20px;\">Ces principes \u00e9tant acquis, on peut souligner quelques sp\u00e9cificit\u00e9s propres \u00e0 la r\u00e9alisation de grandes pi\u00e8ces optiques&nbsp;:<\/span><\/p>\n<table style=\"width: 688px;\">\n<tbody>\n<tr>\n<td style=\"width: 359.967px;\">\n<p align=\"justify\"><img loading=\"lazy\" decoding=\"async\" class=\"aligncenter wp-image-1728\" src=\"http:\/\/gap47.astrosurf.com\/wp-content\/uploads\/2017\/06\/Texereau.jpg\" alt=\"\" width=\"300\" height=\"463\"><\/p>\n<\/td>\n<td style=\"width: 305.033px;\"><img loading=\"lazy\" decoding=\"async\" class=\"wp-image-4835 aligncenter\" src=\"http:\/\/gap47.astrosurf.com\/wp-content\/uploads\/2017\/06\/Lecleire.jpg\" alt=\"\" width=\"300\" height=\"459\" srcset=\"https:\/\/gap47.astrosurf.com\/wp-content\/uploads\/2017\/06\/Lecleire.jpg 622w, https:\/\/gap47.astrosurf.com\/wp-content\/uploads\/2017\/06\/Lecleire-196x300.jpg 196w\" sizes=\"auto, (max-width: 300px) 100vw, 300px\" \/><\/td>\n<\/tr>\n<tr>\n<td style=\"width: 359.967px; text-align: center;\"><span style=\"font-size: 20px;\"><em><span style=\"font-family: times new roman,times,serif;\">Jaquette originale du c\u00e9l\u00e8bre ouvrage de Jean Texerau<\/span><\/em><\/span><\/td>\n<td style=\"width: 305.033px; text-align: center;\"><span style=\"font-size: 20px;\"><em><span style=\"font-family: times new roman,times,serif;\">R\u00e9alisez votre t\u00e9lescope de Karine et Jean-Marc Lecleire<\/span><\/em><\/span><\/td>\n<\/tr>\n<\/tbody>\n<\/table>\n<p align=\"justify\">&nbsp;<\/p>\n<p><span style=\"font-size: 20px;\"><strong><span style=\"font-family: arial,helvetica,sans-serif;\">Quantit\u00e9 importante de verre \u00e0 enlever&nbsp;:<\/span><\/strong><\/span><\/p>\n<p><span style=\"font-size: 20px;\"><span style=\"font-family: times new roman,times,serif;\"><img loading=\"lazy\" decoding=\"async\" class=\"size-medium wp-image-1729 alignleft\" src=\"http:\/\/gap47.astrosurf.com\/wp-content\/uploads\/2017\/06\/creusage.gif\" alt=\"\" width=\"200\" height=\"40\">L\u2019\u00e9bauchage des grands miroirs n\u00e9cessite de creuser une quantit\u00e9 importante de verre. Cela est d\u00fb, il va de soi, \u00e0 la grande surface des disques mais \u00e9galement \u00e0 la fl\u00e8che importante de la courbure de ces grands miroirs dont le rapport F\/D est g\u00e9n\u00e9ralement faible. Cet \u00e9tat de fait a des cons\u00e9quences sur les techniques d\u2019\u00e9bauchage de ce type de miroir&nbsp;:<\/span><\/span><\/p>\n<p><span style=\"font-size: 20px;\"><span style=\"font-family: times new roman,times,serif;\">La technique classique employ\u00e9e sur les petits miroirs (courses selon les cordes) est ici peu appropri\u00e9e du fait de son rendement trop faible. Plusieurs options s\u2019offrent alors \u00e0 l\u2019amateur constructeur qui seront expos\u00e9es plus loin.<\/span><\/span><\/p>\n<p>&nbsp;<\/p>\n<p><span style=\"font-size: 20px;\"><strong><span style=\"font-family: arial,helvetica,sans-serif;\">Grande surface \u00e0 polir&nbsp;:<\/span><\/strong><\/span><\/p>\n<p><span style=\"font-family: times new roman,times,serif; font-size: 20px;\"><img loading=\"lazy\" decoding=\"async\" class=\"size-medium wp-image-1730 alignleft\" src=\"http:\/\/gap47.astrosurf.com\/wp-content\/uploads\/2017\/06\/patinage.gif\" alt=\"\" width=\"200\" height=\"136\">Le fait d\u2019avoir \u00e0 traiter une surface importante est certes p\u00e9nalisant&nbsp;: dur\u00e9e du travail, quantit\u00e9 de produits utilis\u00e9s (abrasif, poudre \u00e0 polir, poix, \u2026) mais a \u00e9galement pour cons\u00e9quence un point positif&nbsp;: Pour une dur\u00e9e donn\u00e9e, les courses de parabolisation et de retouches produisent des effets plus mod\u00e9r\u00e9s que sur un petit miroir. Ainsi, on peut doucement \u00ab&nbsp;voir venir&nbsp;\u00bb la forme et mieux corriger en temps r\u00e9el le type de course \u00e0 employer. Les brusques accidents de parcours de type trou central ou astigmatisme zonal si couramment rencontr\u00e9s avec de petits miroirs apr\u00e8s seulement quelques minutes de retouches sont ici plus rares.<\/span><\/p>\n<p>&nbsp;<\/p>\n<p><span style=\"font-size: 20px;\"><strong><span style=\"font-family: arial,helvetica,sans-serif;\">Masse importante du miroir&nbsp;:<\/span><\/strong><\/span><\/p>\n<p><span style=\"font-family: times new roman,times,serif; font-size: 20px;\"><img loading=\"lazy\" decoding=\"async\" class=\"size-medium wp-image-1731 alignleft\" src=\"http:\/\/gap47.astrosurf.com\/wp-content\/uploads\/2017\/06\/T510-35.gif\" alt=\"\" width=\"200\" height=\"151\">Cette caract\u00e9ristique est particuli\u00e8rement p\u00e9nalisante lors de la manutention des pi\u00e8ces optiques. Il faudra donc redoubler de vigilance dans ces phases d\u00e9licates&nbsp;: mouvements lents, utiliser au maximum les mat\u00e9riaux antichoc dans l\u2019environnement du poste de travail (\u00e9vier, support de nettoyage), se faire aider lors des transports du disque ou \u00e0 d\u00e9faut utiliser des outils adapt\u00e9s notamment pour les tr\u00e8s gros miroirs (ventouses de carrossier, treuil, chariot).<\/span><\/p>\n<p>&nbsp;<\/p>\n<p><span style=\"font-size: 20px;\"><strong><span style=\"font-family: arial,helvetica,sans-serif;\">Flexibilit\u00e9 du miroir&nbsp;:<\/span><\/strong><\/span><\/p>\n<p><span style=\"font-family: times new roman,times,serif; font-size: 20px;\"><img loading=\"lazy\" decoding=\"async\" class=\"size-medium wp-image-1733 alignleft\" src=\"http:\/\/gap47.astrosurf.com\/wp-content\/uploads\/2017\/06\/deforme.gif\" alt=\"\" width=\"198\" height=\"86\">Les grands miroirs ont en g\u00e9n\u00e9ral un rapport \u00e9paisseur \/ diam\u00e8tre plus faible que les petits miroirs. Ce param\u00e8tre les rend ainsi plus flexibles et donc plus sensibles aux d\u00e9fauts d\u2019astigmatisme, notamment lors du polissage. Il convient donc de mettre en \u0153uvre tous les moyens pr\u00e9ventifs pour \u00e9viter ou \u00e0 tout le moins limiter ce d\u00e9faut tr\u00e8s courant dans les miroirs de grand diam\u00e8tre. Certains conseils seront d\u00e9velopp\u00e9s dans ce sens dans les chapitres suivants.<\/span><\/p>\n<p>&nbsp;<\/p>\n<p><span style=\"font-size: 20px;\"><strong><span style=\"font-family: arial,helvetica,sans-serif;\">Mise en temp\u00e9rature plus longue&nbsp;:<\/span><\/strong><\/span><\/p>\n<p><span style=\"font-family: times new roman,times,serif; font-size: 20px;\"><img loading=\"lazy\" decoding=\"async\" class=\"size-medium wp-image-1732 alignleft\" src=\"http:\/\/gap47.astrosurf.com\/wp-content\/uploads\/2017\/06\/T510-34bis.gif\" alt=\"\" width=\"200\" height=\"146\">Le travail de polissage produit un \u00e9chauffement d\u00fb au frottement qui se transmet au disque de verre de fa\u00e7on h\u00e9t\u00e9rog\u00e8ne et progressive. Ce ph\u00e9nom\u00e8ne entra\u00eene une instabilit\u00e9 passag\u00e8re de la forme du miroir pr\u00e9judiciable \u00e0 la bonne ma\u00eetrise du travail optique. Ce n\u2019est qu\u2019au bout d\u2019un certain temps que la temp\u00e9rature se stabilise de mani\u00e8re homog\u00e8ne dans tout le disque et permet d\u2019aboutir \u00e0 ce que Jean Texereau appelle \u00ab&nbsp;le r\u00e9gime d\u2019\u00e9coulement thermique r\u00e9gulier&nbsp;\u00bb. Il va de soit que plus la masse de verre du miroir est importante, plus le temps n\u00e9cessaire pour arriver \u00e0 ce \u00ab&nbsp;r\u00e9gime de croisi\u00e8re&nbsp;\u00bb sera long. Il faudra donc adapter la dur\u00e9e des s\u00e9ances de travail \u00e0 cette contrainte.<\/span><\/p>\n<p>&nbsp;<\/p>\n<div align=\"left\">\n<p><span style=\"font-size: 20px;\"><strong><span style=\"font-family: arial,helvetica,sans-serif;\">Efforts importants&nbsp;: <\/span><\/strong><\/span><\/p>\n<p><span style=\"font-family: times new roman,times,serif; font-size: 20px;\"><img loading=\"lazy\" decoding=\"async\" class=\"size-medium wp-image-1735 alignleft\" src=\"http:\/\/gap47.astrosurf.com\/wp-content\/uploads\/2017\/06\/T400_optique_03.gif\" alt=\"\" width=\"177\" height=\"133\">La surface optique et la masse importante des gros miroirs entra\u00eenent des efforts importants lors des courses de polissage. Le travail manuel de certains gros miroirs lors du polissage s\u2019apparente \u00e0 de v\u00e9ritables s\u00e9ances de musculation. Pour un op\u00e9rateur isol\u00e9, de tels efforts prolong\u00e9s risquent d\u2019\u00eatre rapidement insurmontables. Il est alors possible d\u2019avoir recours \u00e0 certains syst\u00e8mes et outils facilitant grandement la t\u00e2che&nbsp;: machine \u00e0 polir, support \u00e0 poign\u00e9es,<\/span><\/p>\n<p><span style=\"font-size: 20px; font-family: 'times new roman', times, serif;\"><em>Photo ci-dessus : Support r\u00e9alis\u00e9 avec un volant de b\u00e9tonni\u00e8re (r\u00e9alisation Michel Delmas).<\/em> <\/span><\/p>\n<\/div>\n<p>&nbsp;<\/p>\n<p><span style=\"font-size: 20px;\"><strong><span style=\"font-family: arial,helvetica,sans-serif;\">Difficult\u00e9s de contr\u00f4le&nbsp;:<\/span><\/strong><\/span><\/p>\n<p><span style=\"font-family: times new roman,times,serif; font-size: 20px;\"><img loading=\"lazy\" decoding=\"async\" class=\"size-medium wp-image-1734 alignleft\" src=\"http:\/\/gap47.astrosurf.com\/wp-content\/uploads\/2017\/06\/T510-36.gif\" alt=\"\" width=\"200\" height=\"264\">Le poids et la flexibilit\u00e9 des grands miroirs peuvent nuire \u00e0 la pr\u00e9cision des contr\u00f4les. Il conviendra donc d\u2019\u00eatre particuli\u00e8rement vigilant sur la qualit\u00e9 et la rigidit\u00e9 du support du miroir et du banc de contr\u00f4le. D\u2019autre part, les rayons de courbure importants des grands miroirs les rendent plus sensibles aux turbulences de l\u2019air ambiant du local de contr\u00f4le. On verra plus loin comment lutter contre ce ph\u00e9nom\u00e8ne. Enfin, le rapport F\/D souvent faible associ\u00e9 \u00e0 ce type de miroirs peut obliger \u00e0 adapter les appareils de contr\u00f4le afin de limiter les erreurs de mesures li\u00e9es au montage.<\/span><\/p>\n<p><span style=\"font-size: 20px;\"><em><span style=\"font-family: times new roman,times,serif;\">La photo ci-dessus est de J.M.Lecleire, prise lors d&rsquo;un contr\u00f4le de notre miroir de 510 <\/span><\/em><\/span><\/p>\n<hr>\n<p>&nbsp;<\/p>\n","protected":false},"excerpt":{"rendered":"<p>Sp\u00e9cificit\u00e9s de la r\u00e9alisation de grands miroirs Se lancer dans l\u2019aventure de la taille d\u2019un \u00ab&nbsp;grand&nbsp;\u00bb miroir suppose que l\u2019on connaisse et ma\u00eetrise au pr\u00e9alable les techniques standard de r\u00e9alisation des miroirs de \u00ab&nbsp;petite&nbsp;\u00bb taille (de 150 \u00e0 300 mm). Pour cela il est indispensable de s\u2019\u00eatre appropri\u00e9 les ressources faisant r\u00e9f\u00e9rence dans le domaine &hellip; <\/p>\n<p class=\"link-more\"><a href=\"https:\/\/gap47.astrosurf.com\/index.php\/technique\/optique-instruments\/optique\/realisation-de-grands-miroirs\/\" class=\"more-link\">Continuer la lecture<span class=\"screen-reader-text\"> de &laquo;&nbsp;Grands miroirs&nbsp;&raquo;<\/span><\/a><\/p>\n","protected":false},"author":5,"featured_media":0,"parent":192,"menu_order":0,"comment_status":"closed","ping_status":"closed","template":"","meta":{"_exactmetrics_skip_tracking":false,"_exactmetrics_sitenote_active":false,"_exactmetrics_sitenote_note":"","_exactmetrics_sitenote_category":0,"ngg_post_thumbnail":0,"footnotes":""},"class_list":["post-1721","page","type-page","status-publish","hentry"],"yoast_head":"<!-- This site is optimized with the Yoast SEO plugin v24.8.1 - https:\/\/yoast.com\/wordpress\/plugins\/seo\/ -->\n<title>Grands miroirs - L&#039;observatoire est ouvert aux visiteurs tous les vendredis soirs \u00e0 21 heures, jusqu&#039;au 3 juillet 2026 inclus, sans r\u00e9servation.<\/title>\n<meta name=\"robots\" content=\"index, follow, max-snippet:-1, max-image-preview:large, max-video-preview:-1\" \/>\n<link rel=\"canonical\" href=\"https:\/\/gap47.astrosurf.com\/index.php\/technique\/optique-instruments\/optique\/realisation-de-grands-miroirs\/\" \/>\n<meta property=\"og:locale\" content=\"fr_FR\" \/>\n<meta property=\"og:type\" content=\"article\" \/>\n<meta property=\"og:title\" content=\"Grands miroirs - L&#039;observatoire est ouvert aux visiteurs tous les vendredis soirs \u00e0 21 heures, jusqu&#039;au 3 juillet 2026 inclus, sans r\u00e9servation.\" \/>\n<meta property=\"og:description\" content=\"Sp\u00e9cificit\u00e9s de la r\u00e9alisation de grands miroirs Se lancer dans l\u2019aventure de la taille d\u2019un \u00ab&nbsp;grand&nbsp;\u00bb miroir suppose que l\u2019on connaisse et ma\u00eetrise au pr\u00e9alable les techniques standard de r\u00e9alisation des miroirs de \u00ab&nbsp;petite&nbsp;\u00bb taille (de 150 \u00e0 300 mm). Pour cela il est indispensable de s\u2019\u00eatre appropri\u00e9 les ressources faisant r\u00e9f\u00e9rence dans le domaine &hellip; Continuer la lecture de &laquo;&nbsp;Grands miroirs&nbsp;&raquo;\" \/>\n<meta property=\"og:url\" content=\"https:\/\/gap47.astrosurf.com\/index.php\/technique\/optique-instruments\/optique\/realisation-de-grands-miroirs\/\" \/>\n<meta property=\"og:site_name\" content=\"L&#039;observatoire est ouvert aux visiteurs tous les vendredis soirs \u00e0 21 heures, jusqu&#039;au 3 juillet 2026 inclus, sans r\u00e9servation.\" \/>\n<meta property=\"article:publisher\" content=\"https:\/\/www.facebook.com\/astrogap47\/\" \/>\n<meta property=\"article:modified_time\" content=\"2019-12-17T16:04:57+00:00\" \/>\n<meta property=\"og:image\" content=\"http:\/\/gap47.astrosurf.com\/wp-content\/uploads\/2017\/06\/Texereau.jpg\" \/>\n<meta name=\"twitter:card\" content=\"summary_large_image\" \/>\n<meta name=\"twitter:label1\" content=\"Dur\u00e9e de lecture estim\u00e9e\" \/>\n\t<meta name=\"twitter:data1\" content=\"5 minutes\" \/>\n<script type=\"application\/ld+json\" class=\"yoast-schema-graph\">{\"@context\":\"https:\/\/schema.org\",\"@graph\":[{\"@type\":\"WebPage\",\"@id\":\"https:\/\/gap47.astrosurf.com\/index.php\/technique\/optique-instruments\/optique\/realisation-de-grands-miroirs\/\",\"url\":\"https:\/\/gap47.astrosurf.com\/index.php\/technique\/optique-instruments\/optique\/realisation-de-grands-miroirs\/\",\"name\":\"Grands miroirs - L&#039;observatoire est ouvert aux visiteurs tous les vendredis soirs \u00e0 21 heures, jusqu&#039;au 3 juillet 2026 inclus, sans r\u00e9servation.\",\"isPartOf\":{\"@id\":\"https:\/\/gap47.astrosurf.com\/#website\"},\"primaryImageOfPage\":{\"@id\":\"https:\/\/gap47.astrosurf.com\/index.php\/technique\/optique-instruments\/optique\/realisation-de-grands-miroirs\/#primaryimage\"},\"image\":{\"@id\":\"https:\/\/gap47.astrosurf.com\/index.php\/technique\/optique-instruments\/optique\/realisation-de-grands-miroirs\/#primaryimage\"},\"thumbnailUrl\":\"http:\/\/gap47.astrosurf.com\/wp-content\/uploads\/2017\/06\/Texereau.jpg\",\"datePublished\":\"2017-06-03T13:54:50+00:00\",\"dateModified\":\"2019-12-17T16:04:57+00:00\",\"breadcrumb\":{\"@id\":\"https:\/\/gap47.astrosurf.com\/index.php\/technique\/optique-instruments\/optique\/realisation-de-grands-miroirs\/#breadcrumb\"},\"inLanguage\":\"fr-FR\",\"potentialAction\":[{\"@type\":\"ReadAction\",\"target\":[\"https:\/\/gap47.astrosurf.com\/index.php\/technique\/optique-instruments\/optique\/realisation-de-grands-miroirs\/\"]}]},{\"@type\":\"ImageObject\",\"inLanguage\":\"fr-FR\",\"@id\":\"https:\/\/gap47.astrosurf.com\/index.php\/technique\/optique-instruments\/optique\/realisation-de-grands-miroirs\/#primaryimage\",\"url\":\"https:\/\/gap47.astrosurf.com\/wp-content\/uploads\/2017\/06\/Texereau.jpg\",\"contentUrl\":\"https:\/\/gap47.astrosurf.com\/wp-content\/uploads\/2017\/06\/Texereau.jpg\",\"width\":180,\"height\":278},{\"@type\":\"BreadcrumbList\",\"@id\":\"https:\/\/gap47.astrosurf.com\/index.php\/technique\/optique-instruments\/optique\/realisation-de-grands-miroirs\/#breadcrumb\",\"itemListElement\":[{\"@type\":\"ListItem\",\"position\":1,\"name\":\"Accueil\",\"item\":\"https:\/\/gap47.astrosurf.com\/\"},{\"@type\":\"ListItem\",\"position\":2,\"name\":\"Technique\",\"item\":\"https:\/\/gap47.astrosurf.com\/index.php\/technique\/\"},{\"@type\":\"ListItem\",\"position\":3,\"name\":\"Optique \u2014 Instruments\",\"item\":\"https:\/\/gap47.astrosurf.com\/index.php\/technique\/optique-instruments\/\"},{\"@type\":\"ListItem\",\"position\":4,\"name\":\"R\u00e9alisation de grands miroirs d&#8217;amateur\",\"item\":\"https:\/\/gap47.astrosurf.com\/index.php\/technique\/optique-instruments\/optique\/\"},{\"@type\":\"ListItem\",\"position\":5,\"name\":\"Grands miroirs\"}]},{\"@type\":\"WebSite\",\"@id\":\"https:\/\/gap47.astrosurf.com\/#website\",\"url\":\"https:\/\/gap47.astrosurf.com\/\",\"name\":\"De janvier \u00e0 fin juin 2024, le GAP47 sera ouvert aux visiteurs tous les vendredis \u00e0 21h sans r\u00e9servation, \u00e0 l'exception du vendredi 26 janvier o\u00f9 l'observatoire sera ferm\u00e9 au public.\",\"description\":\"Groupe d&#039;Astronomie Populaire du Lot-et-Garonne, \u00e0 Montayral\",\"potentialAction\":[{\"@type\":\"SearchAction\",\"target\":{\"@type\":\"EntryPoint\",\"urlTemplate\":\"https:\/\/gap47.astrosurf.com\/?s={search_term_string}\"},\"query-input\":{\"@type\":\"PropertyValueSpecification\",\"valueRequired\":true,\"valueName\":\"search_term_string\"}}],\"inLanguage\":\"fr-FR\"}]}<\/script>\n<!-- \/ Yoast SEO plugin. -->","yoast_head_json":{"title":"Grands miroirs - L&#039;observatoire est ouvert aux visiteurs tous les vendredis soirs \u00e0 21 heures, jusqu&#039;au 3 juillet 2026 inclus, sans r\u00e9servation.","robots":{"index":"index","follow":"follow","max-snippet":"max-snippet:-1","max-image-preview":"max-image-preview:large","max-video-preview":"max-video-preview:-1"},"canonical":"https:\/\/gap47.astrosurf.com\/index.php\/technique\/optique-instruments\/optique\/realisation-de-grands-miroirs\/","og_locale":"fr_FR","og_type":"article","og_title":"Grands miroirs - L&#039;observatoire est ouvert aux visiteurs tous les vendredis soirs \u00e0 21 heures, jusqu&#039;au 3 juillet 2026 inclus, sans r\u00e9servation.","og_description":"Sp\u00e9cificit\u00e9s de la r\u00e9alisation de grands miroirs Se lancer dans l\u2019aventure de la taille d\u2019un \u00ab&nbsp;grand&nbsp;\u00bb miroir suppose que l\u2019on connaisse et ma\u00eetrise au pr\u00e9alable les techniques standard de r\u00e9alisation des miroirs de \u00ab&nbsp;petite&nbsp;\u00bb taille (de 150 \u00e0 300 mm). Pour cela il est indispensable de s\u2019\u00eatre appropri\u00e9 les ressources faisant r\u00e9f\u00e9rence dans le domaine &hellip; Continuer la lecture de &laquo;&nbsp;Grands miroirs&nbsp;&raquo;","og_url":"https:\/\/gap47.astrosurf.com\/index.php\/technique\/optique-instruments\/optique\/realisation-de-grands-miroirs\/","og_site_name":"L&#039;observatoire est ouvert aux visiteurs tous les vendredis soirs \u00e0 21 heures, jusqu&#039;au 3 juillet 2026 inclus, sans r\u00e9servation.","article_publisher":"https:\/\/www.facebook.com\/astrogap47\/","article_modified_time":"2019-12-17T16:04:57+00:00","og_image":[{"url":"http:\/\/gap47.astrosurf.com\/wp-content\/uploads\/2017\/06\/Texereau.jpg","type":"","width":"","height":""}],"twitter_card":"summary_large_image","twitter_misc":{"Dur\u00e9e de lecture estim\u00e9e":"5 minutes"},"schema":{"@context":"https:\/\/schema.org","@graph":[{"@type":"WebPage","@id":"https:\/\/gap47.astrosurf.com\/index.php\/technique\/optique-instruments\/optique\/realisation-de-grands-miroirs\/","url":"https:\/\/gap47.astrosurf.com\/index.php\/technique\/optique-instruments\/optique\/realisation-de-grands-miroirs\/","name":"Grands miroirs - L&#039;observatoire est ouvert aux visiteurs tous les vendredis soirs \u00e0 21 heures, jusqu&#039;au 3 juillet 2026 inclus, sans r\u00e9servation.","isPartOf":{"@id":"https:\/\/gap47.astrosurf.com\/#website"},"primaryImageOfPage":{"@id":"https:\/\/gap47.astrosurf.com\/index.php\/technique\/optique-instruments\/optique\/realisation-de-grands-miroirs\/#primaryimage"},"image":{"@id":"https:\/\/gap47.astrosurf.com\/index.php\/technique\/optique-instruments\/optique\/realisation-de-grands-miroirs\/#primaryimage"},"thumbnailUrl":"http:\/\/gap47.astrosurf.com\/wp-content\/uploads\/2017\/06\/Texereau.jpg","datePublished":"2017-06-03T13:54:50+00:00","dateModified":"2019-12-17T16:04:57+00:00","breadcrumb":{"@id":"https:\/\/gap47.astrosurf.com\/index.php\/technique\/optique-instruments\/optique\/realisation-de-grands-miroirs\/#breadcrumb"},"inLanguage":"fr-FR","potentialAction":[{"@type":"ReadAction","target":["https:\/\/gap47.astrosurf.com\/index.php\/technique\/optique-instruments\/optique\/realisation-de-grands-miroirs\/"]}]},{"@type":"ImageObject","inLanguage":"fr-FR","@id":"https:\/\/gap47.astrosurf.com\/index.php\/technique\/optique-instruments\/optique\/realisation-de-grands-miroirs\/#primaryimage","url":"https:\/\/gap47.astrosurf.com\/wp-content\/uploads\/2017\/06\/Texereau.jpg","contentUrl":"https:\/\/gap47.astrosurf.com\/wp-content\/uploads\/2017\/06\/Texereau.jpg","width":180,"height":278},{"@type":"BreadcrumbList","@id":"https:\/\/gap47.astrosurf.com\/index.php\/technique\/optique-instruments\/optique\/realisation-de-grands-miroirs\/#breadcrumb","itemListElement":[{"@type":"ListItem","position":1,"name":"Accueil","item":"https:\/\/gap47.astrosurf.com\/"},{"@type":"ListItem","position":2,"name":"Technique","item":"https:\/\/gap47.astrosurf.com\/index.php\/technique\/"},{"@type":"ListItem","position":3,"name":"Optique \u2014 Instruments","item":"https:\/\/gap47.astrosurf.com\/index.php\/technique\/optique-instruments\/"},{"@type":"ListItem","position":4,"name":"R\u00e9alisation de grands miroirs d&#8217;amateur","item":"https:\/\/gap47.astrosurf.com\/index.php\/technique\/optique-instruments\/optique\/"},{"@type":"ListItem","position":5,"name":"Grands miroirs"}]},{"@type":"WebSite","@id":"https:\/\/gap47.astrosurf.com\/#website","url":"https:\/\/gap47.astrosurf.com\/","name":"De janvier \u00e0 fin juin 2024, le GAP47 sera ouvert aux visiteurs tous les vendredis \u00e0 21h sans r\u00e9servation, \u00e0 l'exception du vendredi 26 janvier o\u00f9 l'observatoire sera ferm\u00e9 au public.","description":"Groupe d&#039;Astronomie Populaire du Lot-et-Garonne, \u00e0 Montayral","potentialAction":[{"@type":"SearchAction","target":{"@type":"EntryPoint","urlTemplate":"https:\/\/gap47.astrosurf.com\/?s={search_term_string}"},"query-input":{"@type":"PropertyValueSpecification","valueRequired":true,"valueName":"search_term_string"}}],"inLanguage":"fr-FR"}]}},"_links":{"self":[{"href":"https:\/\/gap47.astrosurf.com\/index.php\/wp-json\/wp\/v2\/pages\/1721","targetHints":{"allow":["GET"]}}],"collection":[{"href":"https:\/\/gap47.astrosurf.com\/index.php\/wp-json\/wp\/v2\/pages"}],"about":[{"href":"https:\/\/gap47.astrosurf.com\/index.php\/wp-json\/wp\/v2\/types\/page"}],"author":[{"embeddable":true,"href":"https:\/\/gap47.astrosurf.com\/index.php\/wp-json\/wp\/v2\/users\/5"}],"replies":[{"embeddable":true,"href":"https:\/\/gap47.astrosurf.com\/index.php\/wp-json\/wp\/v2\/comments?post=1721"}],"version-history":[{"count":20,"href":"https:\/\/gap47.astrosurf.com\/index.php\/wp-json\/wp\/v2\/pages\/1721\/revisions"}],"predecessor-version":[{"id":9004,"href":"https:\/\/gap47.astrosurf.com\/index.php\/wp-json\/wp\/v2\/pages\/1721\/revisions\/9004"}],"up":[{"embeddable":true,"href":"https:\/\/gap47.astrosurf.com\/index.php\/wp-json\/wp\/v2\/pages\/192"}],"wp:attachment":[{"href":"https:\/\/gap47.astrosurf.com\/index.php\/wp-json\/wp\/v2\/media?parent=1721"}],"curies":[{"name":"wp","href":"https:\/\/api.w.org\/{rel}","templated":true}]}}